{"id":998,"date":"2026-03-12T17:26:43","date_gmt":"2026-03-12T16:26:43","guid":{"rendered":"https:\/\/biotechlerncenter.iph-multisite.berta-bewegt.ch\/?page_id=998"},"modified":"2026-03-13T18:43:42","modified_gmt":"2026-03-13T17:43:42","slug":"4-proteger-les-inventions-devoiler-les-secrets","status":"publish","type":"page","link":"https:\/\/biotechlerncenter.interpharma.ch\/fr\/sujets\/brevets\/4-proteger-les-inventions-devoiler-les-secrets\/","title":{"rendered":"4. Prot\u00e9ger les inventions, d\u00e9voiler les secrets"},"content":{"rendered":"\n<p>Depuis l&rsquo;\u00e9poque d&rsquo;Einstein, le brevetage n&rsquo;a gu\u00e8re chang\u00e9. En voici quelques-uns des principaux principes:<\/p>\n\n\n\n<p>On ne peut obtenir un brevet que pour une invention, pas pour une d\u00e9couverte. Si vous d\u00e9couvrez par cons\u00e9quent une nouvelle vari\u00e9t\u00e9 de plante dans la for\u00eat, vous ne pouvez pas la faire tout simplement breveter. En revanche, si vous trouvez dans cette plante une substance qui agit, par exemple, contre le cancer du poumon, vous pouvez faire breveter l&rsquo;utilisation de cette substance comme m\u00e9dicament anti-canc\u00e9reux.<\/p>\n\n\n\n<p>Si l&rsquo;utilisation de l&rsquo;invention est contraire \u00e0 l&rsquo;\u00abordre public ou aux bonnes m\u0153urs\u00bb, elle ne peut pas \u00eatre brevet\u00e9e. Il n&rsquo;existe pas non plus de brevets pour des vari\u00e9t\u00e9s v\u00e9g\u00e9tales ou des esp\u00e8ces animales, non plus que &#8211; pour l&rsquo;essentiel &#8211; pour des proc\u00e9d\u00e9s biologiques visant \u00e0 l&rsquo;obtention de plantes ou d&rsquo;animaux. Il est n\u00e9anmoins possible de breveter des proc\u00e9d\u00e9s relatifs \u00e0 l&rsquo;exploitation ou \u00e0 l&rsquo;utilisation de d\u00e9couvertes; c&rsquo;est pourquoi il existe par exemple des brevets portant sur une m\u00e9thode th\u00e9rapeutique reposant sur le d\u00e9cryptage du g\u00e9nome humain.<\/p>\n\n\n\n<p>Pour qu&rsquo;une invention soit brevetable, elle doit remplir trois crit\u00e8res:<\/p>\n\n\n\n<ol class=\"wp-block-list\"><li>L&rsquo;invention doit \u00eatre nouvelle. Une invention est nouvelle d\u00e8s lors qu&rsquo;elle ne d\u00e9coule pas de l&rsquo;\u00ab\u00e9tat de la technique\u00bb. On ne peut donc pas recevoir de brevet portant sur quelque chose d&rsquo;ancien &#8211; l&rsquo;aspirine, par exemple.<\/li><li>L&rsquo;invention ne doit pas \u00eatre \u00e9vidente: Si l&rsquo;un de vos coll\u00e8gues, qui en sait tout autant que vous sur un domaine donn\u00e9, pourrait aboutir sans grande r\u00e9flexion \u00e0 cette m\u00eame invention, elle ne peut pas \u00eatre brevet\u00e9e.<\/li><li>L&rsquo;invention doit \u00eatre applicable industriellement; autrement dit, on doit pouvoir l&rsquo;utiliser et vendre le produit qui en r\u00e9sulte.<\/li><\/ol>\n\n\n\n<p>On peut alors se demander ce qu&rsquo;un brevet apporte en r\u00e9alit\u00e9. Les V\u00e9nitiens ont introduit les brevets pour prot\u00e9ger leurs propres inventions et r\u00e9compenser tous ceux qui faisaient preuve d&rsquo;une activit\u00e9 inventive. Effectivement, un brevet apporte d&rsquo;abord quelque chose \u00e0 celui qui poss\u00e8de le brevet. Il peut l&rsquo;exploiter seul et peut, s&rsquo;il le d\u00e9sire, exclure totalement des tiers de l&rsquo;exploitation de son invention. Mais il peut aussi en faire une affaire: il peut vendre son brevet ou conc\u00e9der \u00e0 d&rsquo;autres pour un certain temps les droits d&rsquo;exploitation sous forme de licence.<\/p>\n\n\n\n<p>Mais l&rsquo;opinion publique en b\u00e9n\u00e9ficie \u00e9galement: lorsque l&rsquo;invention est brevet\u00e9e, elle est aussi publi\u00e9e &#8211; autrement dit, chacun peut la consulter \u00e0 l&rsquo;Office des brevets et s&rsquo;informer sur une invention. Ainsi les nouvelles connaissances que comporte l&rsquo;invention peuvent-elles \u00eatre \u00e0 leur tour utilis\u00e9es pour de nouvelles inventions. De nouvelles inventions peuvent ainsi certainement plus facilement voir le jour que si l&rsquo;invention avait \u00e9t\u00e9 tenue secr\u00e8te.<br><br>A propos de secret: il vaut parfois mieux qu&rsquo;une invention ne soit pas publi\u00e9e. Le coca-cola en est un bon exemple. Si la recette de la boisson avait \u00e9t\u00e9 brevet\u00e9e lors de son lancement, il y a 120 ans, elle aurait \u00e9t\u00e9 connue. Et comme la protection conf\u00e9r\u00e9e par le brevet serait entre temps venue \u00e0 \u00e9ch\u00e9ance, tout le monde pourrait aujourd&rsquo;hui fabriquer et vendre cette boisson. L&rsquo;entreprise a toutefois pr\u00e9f\u00e9r\u00e9 ne pas d\u00e9poser de demande de brevet et tenir la formule secr\u00e8te. Elle en profite encore aujourd&rsquo;hui.<\/p>\n\n\n\n<figure class=\"wp-block-image size-large\"><img decoding=\"async\" src=\"http:\/\/biotechlerncenter.interpharma.ch\/wp-content\/uploads\/sites\/4\/2020\/01\/istock_coke_900.jpg\" alt=\"\" class=\"wp-image-3344\"\/><figcaption>La recette du coca-cola n&rsquo;a jamais fait l&rsquo;objet d&rsquo;une demande de brevet et demeure aujourd&rsquo;hui encore secr\u00e8te.<br>\u00a9 istockphoto<\/figcaption><\/figure>\n\n\n\n<p>Si vous poss\u00e9dez un brevet, vous n&rsquo;avez pas n\u00e9cessairement le droit d&rsquo;interdire d&rsquo;exploiter l&rsquo;invention: des chercheurs peuvent par exemple utiliser une invention, m\u00eame s&rsquo;ils ne disposent d&rsquo;aucune autorisation de l&rsquo;inventeur. Les agriculteurs, eux aussi, peuvent par exemple continuer \u00e0 cultiver une plante, m\u00eame si celle-ci comporte une invention brevet\u00e9e. A l&rsquo;heure actuelle, on compte aujourd&rsquo;hui plus de quatre millions de brevets en vigueur dans le monde et, chaque ann\u00e9e, quelque 800&rsquo;000 inventions font l&rsquo;objet d&rsquo;une demande de brevet. Toutefois, lorsqu&rsquo;un brevet est d\u00e9livr\u00e9 dans un pays, cela ne signifie pas que la protection s&rsquo;applique aussi dans d&rsquo;autres pays. C&rsquo;est pourquoi les brevets doivent \u00e9galement faire l&rsquo;objet d&rsquo;une demande pour d&rsquo;autres pays. En Suisse, on d\u00e9nombre environ 85&rsquo;000 brevets en vigueur. La plupart de ces brevets, \u00e0 savoir pr\u00e8s de 80&rsquo;000, sont des brevets europ\u00e9ens, c&rsquo;est-\u00e0-dire qu&rsquo;ils sont enregistr\u00e9s aupr\u00e8s de l&rsquo;Office europ\u00e9en des brevets, \u00e0 Munich, et qu&rsquo;ils sont valables pour plusieurs pays. Rien qu&rsquo;en provenance de Suisse, ce sont quelques 4&rsquo;000 nouveaux brevets qui sont d\u00e9pos\u00e9s chaque ann\u00e9e aupr\u00e8s des offices de brevets internationaux. Rapport\u00e9 au nombre d&rsquo;habitants, la Suisse poss\u00e8de ainsi les inventeurs les plus assidus, et elle est donc championne du monde en mati\u00e8re de brevetage. La plupart des inventions sont pr\u00e9sent\u00e9es en m\u00e9decine (environ 1 sur 10), mais des brevets sont \u00e9galement souvent d\u00e9livr\u00e9s dans les domaines de la biochimie et du g\u00e9nie g\u00e9n\u00e9tique (1 sur 30). On peut consid\u00e9rer qu&rsquo;environ une invention sur cinq porte sur les sciences de la vie. Les sciences de la vie constituent ainsi la plus grande part des d\u00e9p\u00f4ts de brevets.<\/p>\n","protected":false},"excerpt":{"rendered":"<p>Depuis l&rsquo;\u00e9poque d&rsquo;Einstein, le brevetage n&rsquo;a gu\u00e8re chang\u00e9. En voici quelques-uns des principaux principes: On ne peut obtenir un brevet que pour une invention, pas pour une d\u00e9couverte. Si vous d\u00e9couvrez par cons\u00e9quent une nouvelle vari\u00e9t\u00e9 de plante dans la for\u00eat, vous ne pouvez pas la faire tout simplement breveter. En revanche, si vous trouvez [&hellip;]<\/p>\n","protected":false},"author":1,"featured_media":0,"parent":1026,"menu_order":3,"comment_status":"closed","ping_status":"closed","template":"page-templates\/unterthema.php","meta":{"_acf_changed":false,"inline_featured_image":false,"footnotes":""},"class_list":["post-998","page","type-page","status-publish","hentry"],"acf":[],"yoast_head":"<!-- This site is optimized with the Yoast SEO Premium plugin v27.2 (Yoast SEO v27.2) - https:\/\/yoast.com\/product\/yoast-seo-premium-wordpress\/ -->\n<title>4. Prot\u00e9ger les inventions, d\u00e9voiler les secrets - biotechlerncenter<\/title>\n<meta name=\"robots\" content=\"index, follow, max-snippet:-1, max-image-preview:large, max-video-preview:-1\" \/>\n<link rel=\"canonical\" href=\"https:\/\/biotechlerncenter.interpharma.ch\/fr\/sujets\/brevets\/4-proteger-les-inventions-devoiler-les-secrets\/\" \/>\n<meta property=\"og:locale\" content=\"fr_FR\" \/>\n<meta property=\"og:type\" content=\"article\" \/>\n<meta property=\"og:title\" content=\"4. Prot\u00e9ger les inventions, d\u00e9voiler les secrets\" \/>\n<meta property=\"og:description\" content=\"Depuis l&rsquo;\u00e9poque d&rsquo;Einstein, le brevetage n&rsquo;a gu\u00e8re chang\u00e9. En voici quelques-uns des principaux principes: On ne peut obtenir un brevet que pour une invention, pas pour une d\u00e9couverte. Si vous d\u00e9couvrez par cons\u00e9quent une nouvelle vari\u00e9t\u00e9 de plante dans la for\u00eat, vous ne pouvez pas la faire tout simplement breveter. En revanche, si vous trouvez [&hellip;]\" \/>\n<meta property=\"og:url\" content=\"https:\/\/biotechlerncenter.interpharma.ch\/fr\/sujets\/brevets\/4-proteger-les-inventions-devoiler-les-secrets\/\" \/>\n<meta property=\"og:site_name\" content=\"biotechlerncenter\" \/>\n<meta property=\"article:modified_time\" content=\"2026-03-13T17:43:42+00:00\" \/>\n<meta property=\"og:image\" content=\"http:\/\/biotechlerncenter.interpharma.ch\/wp-content\/uploads\/sites\/4\/2020\/01\/istock_coke_900.jpg\" \/>\n<meta name=\"twitter:card\" content=\"summary_large_image\" \/>\n<meta name=\"twitter:label1\" content=\"Dur\u00e9e de lecture estim\u00e9e\" \/>\n\t<meta name=\"twitter:data1\" content=\"5 minutes\" \/>\n<script type=\"application\/ld+json\" class=\"yoast-schema-graph\">{\"@context\":\"https:\/\/schema.org\",\"@graph\":[{\"@type\":\"WebPage\",\"@id\":\"https:\/\/biotechlerncenter.interpharma.ch\/fr\/sujets\/brevets\/4-proteger-les-inventions-devoiler-les-secrets\/\",\"url\":\"https:\/\/biotechlerncenter.interpharma.ch\/fr\/sujets\/brevets\/4-proteger-les-inventions-devoiler-les-secrets\/\",\"name\":\"4. Prot\u00e9ger les inventions, d\u00e9voiler les secrets - biotechlerncenter\",\"isPartOf\":{\"@id\":\"https:\/\/biotechlerncenter.interpharma.ch\/#website\"},\"primaryImageOfPage\":{\"@id\":\"https:\/\/biotechlerncenter.interpharma.ch\/fr\/sujets\/brevets\/4-proteger-les-inventions-devoiler-les-secrets\/#primaryimage\"},\"image\":{\"@id\":\"https:\/\/biotechlerncenter.interpharma.ch\/fr\/sujets\/brevets\/4-proteger-les-inventions-devoiler-les-secrets\/#primaryimage\"},\"thumbnailUrl\":\"http:\/\/biotechlerncenter.interpharma.ch\/wp-content\/uploads\/sites\/4\/2020\/01\/istock_coke_900.jpg\",\"datePublished\":\"2026-03-12T16:26:43+00:00\",\"dateModified\":\"2026-03-13T17:43:42+00:00\",\"breadcrumb\":{\"@id\":\"https:\/\/biotechlerncenter.interpharma.ch\/fr\/sujets\/brevets\/4-proteger-les-inventions-devoiler-les-secrets\/#breadcrumb\"},\"inLanguage\":\"fr-FR\",\"potentialAction\":[{\"@type\":\"ReadAction\",\"target\":[\"https:\/\/biotechlerncenter.interpharma.ch\/fr\/sujets\/brevets\/4-proteger-les-inventions-devoiler-les-secrets\/\"]}]},{\"@type\":\"ImageObject\",\"inLanguage\":\"fr-FR\",\"@id\":\"https:\/\/biotechlerncenter.interpharma.ch\/fr\/sujets\/brevets\/4-proteger-les-inventions-devoiler-les-secrets\/#primaryimage\",\"url\":\"http:\/\/biotechlerncenter.interpharma.ch\/wp-content\/uploads\/sites\/4\/2020\/01\/istock_coke_900.jpg\",\"contentUrl\":\"http:\/\/biotechlerncenter.interpharma.ch\/wp-content\/uploads\/sites\/4\/2020\/01\/istock_coke_900.jpg\"},{\"@type\":\"BreadcrumbList\",\"@id\":\"https:\/\/biotechlerncenter.interpharma.ch\/fr\/sujets\/brevets\/4-proteger-les-inventions-devoiler-les-secrets\/#breadcrumb\",\"itemListElement\":[{\"@type\":\"ListItem\",\"position\":1,\"name\":\"Start\",\"item\":\"https:\/\/biotechlerncenter.interpharma.ch\/fr\/\"},{\"@type\":\"ListItem\",\"position\":2,\"name\":\"Sujets\",\"item\":\"https:\/\/biotechlerncenter.interpharma.ch\/fr\/sujets\/\"},{\"@type\":\"ListItem\",\"position\":3,\"name\":\"Brevets\",\"item\":\"https:\/\/biotechlerncenter.interpharma.ch\/fr\/sujets\/brevets\/\"},{\"@type\":\"ListItem\",\"position\":4,\"name\":\"4. Prot\u00e9ger les inventions, d\u00e9voiler les secrets\"}]},{\"@type\":\"WebSite\",\"@id\":\"https:\/\/biotechlerncenter.interpharma.ch\/#website\",\"url\":\"https:\/\/biotechlerncenter.interpharma.ch\/\",\"name\":\"biotechlerncenter\",\"description\":\"\",\"potentialAction\":[{\"@type\":\"SearchAction\",\"target\":{\"@type\":\"EntryPoint\",\"urlTemplate\":\"https:\/\/biotechlerncenter.interpharma.ch\/?s={search_term_string}\"},\"query-input\":{\"@type\":\"PropertyValueSpecification\",\"valueRequired\":true,\"valueName\":\"search_term_string\"}}],\"inLanguage\":\"fr-FR\"}]}<\/script>\n<!-- \/ Yoast SEO Premium plugin. -->","yoast_head_json":{"title":"4. Prot\u00e9ger les inventions, d\u00e9voiler les secrets - biotechlerncenter","robots":{"index":"index","follow":"follow","max-snippet":"max-snippet:-1","max-image-preview":"max-image-preview:large","max-video-preview":"max-video-preview:-1"},"canonical":"https:\/\/biotechlerncenter.interpharma.ch\/fr\/sujets\/brevets\/4-proteger-les-inventions-devoiler-les-secrets\/","og_locale":"fr_FR","og_type":"article","og_title":"4. Prot\u00e9ger les inventions, d\u00e9voiler les secrets","og_description":"Depuis l&rsquo;\u00e9poque d&rsquo;Einstein, le brevetage n&rsquo;a gu\u00e8re chang\u00e9. En voici quelques-uns des principaux principes: On ne peut obtenir un brevet que pour une invention, pas pour une d\u00e9couverte. Si vous d\u00e9couvrez par cons\u00e9quent une nouvelle vari\u00e9t\u00e9 de plante dans la for\u00eat, vous ne pouvez pas la faire tout simplement breveter. En revanche, si vous trouvez [&hellip;]","og_url":"https:\/\/biotechlerncenter.interpharma.ch\/fr\/sujets\/brevets\/4-proteger-les-inventions-devoiler-les-secrets\/","og_site_name":"biotechlerncenter","article_modified_time":"2026-03-13T17:43:42+00:00","og_image":[{"url":"http:\/\/biotechlerncenter.interpharma.ch\/wp-content\/uploads\/sites\/4\/2020\/01\/istock_coke_900.jpg","type":"","width":"","height":""}],"twitter_card":"summary_large_image","twitter_misc":{"Dur\u00e9e de lecture estim\u00e9e":"5 minutes"},"schema":{"@context":"https:\/\/schema.org","@graph":[{"@type":"WebPage","@id":"https:\/\/biotechlerncenter.interpharma.ch\/fr\/sujets\/brevets\/4-proteger-les-inventions-devoiler-les-secrets\/","url":"https:\/\/biotechlerncenter.interpharma.ch\/fr\/sujets\/brevets\/4-proteger-les-inventions-devoiler-les-secrets\/","name":"4. Prot\u00e9ger les inventions, d\u00e9voiler les secrets - biotechlerncenter","isPartOf":{"@id":"https:\/\/biotechlerncenter.interpharma.ch\/#website"},"primaryImageOfPage":{"@id":"https:\/\/biotechlerncenter.interpharma.ch\/fr\/sujets\/brevets\/4-proteger-les-inventions-devoiler-les-secrets\/#primaryimage"},"image":{"@id":"https:\/\/biotechlerncenter.interpharma.ch\/fr\/sujets\/brevets\/4-proteger-les-inventions-devoiler-les-secrets\/#primaryimage"},"thumbnailUrl":"http:\/\/biotechlerncenter.interpharma.ch\/wp-content\/uploads\/sites\/4\/2020\/01\/istock_coke_900.jpg","datePublished":"2026-03-12T16:26:43+00:00","dateModified":"2026-03-13T17:43:42+00:00","breadcrumb":{"@id":"https:\/\/biotechlerncenter.interpharma.ch\/fr\/sujets\/brevets\/4-proteger-les-inventions-devoiler-les-secrets\/#breadcrumb"},"inLanguage":"fr-FR","potentialAction":[{"@type":"ReadAction","target":["https:\/\/biotechlerncenter.interpharma.ch\/fr\/sujets\/brevets\/4-proteger-les-inventions-devoiler-les-secrets\/"]}]},{"@type":"ImageObject","inLanguage":"fr-FR","@id":"https:\/\/biotechlerncenter.interpharma.ch\/fr\/sujets\/brevets\/4-proteger-les-inventions-devoiler-les-secrets\/#primaryimage","url":"http:\/\/biotechlerncenter.interpharma.ch\/wp-content\/uploads\/sites\/4\/2020\/01\/istock_coke_900.jpg","contentUrl":"http:\/\/biotechlerncenter.interpharma.ch\/wp-content\/uploads\/sites\/4\/2020\/01\/istock_coke_900.jpg"},{"@type":"BreadcrumbList","@id":"https:\/\/biotechlerncenter.interpharma.ch\/fr\/sujets\/brevets\/4-proteger-les-inventions-devoiler-les-secrets\/#breadcrumb","itemListElement":[{"@type":"ListItem","position":1,"name":"Start","item":"https:\/\/biotechlerncenter.interpharma.ch\/fr\/"},{"@type":"ListItem","position":2,"name":"Sujets","item":"https:\/\/biotechlerncenter.interpharma.ch\/fr\/sujets\/"},{"@type":"ListItem","position":3,"name":"Brevets","item":"https:\/\/biotechlerncenter.interpharma.ch\/fr\/sujets\/brevets\/"},{"@type":"ListItem","position":4,"name":"4. Prot\u00e9ger les inventions, d\u00e9voiler les secrets"}]},{"@type":"WebSite","@id":"https:\/\/biotechlerncenter.interpharma.ch\/#website","url":"https:\/\/biotechlerncenter.interpharma.ch\/","name":"biotechlerncenter","description":"","potentialAction":[{"@type":"SearchAction","target":{"@type":"EntryPoint","urlTemplate":"https:\/\/biotechlerncenter.interpharma.ch\/?s={search_term_string}"},"query-input":{"@type":"PropertyValueSpecification","valueRequired":true,"valueName":"search_term_string"}}],"inLanguage":"fr-FR"}]}},"_links":{"self":[{"href":"https:\/\/biotechlerncenter.interpharma.ch\/fr\/wp-json\/wp\/v2\/pages\/998","targetHints":{"allow":["GET"]}}],"collection":[{"href":"https:\/\/biotechlerncenter.interpharma.ch\/fr\/wp-json\/wp\/v2\/pages"}],"about":[{"href":"https:\/\/biotechlerncenter.interpharma.ch\/fr\/wp-json\/wp\/v2\/types\/page"}],"author":[{"embeddable":true,"href":"https:\/\/biotechlerncenter.interpharma.ch\/fr\/wp-json\/wp\/v2\/users\/1"}],"replies":[{"embeddable":true,"href":"https:\/\/biotechlerncenter.interpharma.ch\/fr\/wp-json\/wp\/v2\/comments?post=998"}],"version-history":[{"count":3,"href":"https:\/\/biotechlerncenter.interpharma.ch\/fr\/wp-json\/wp\/v2\/pages\/998\/revisions"}],"predecessor-version":[{"id":3263,"href":"https:\/\/biotechlerncenter.interpharma.ch\/fr\/wp-json\/wp\/v2\/pages\/998\/revisions\/3263"}],"up":[{"embeddable":true,"href":"https:\/\/biotechlerncenter.interpharma.ch\/fr\/wp-json\/wp\/v2\/pages\/1026"}],"wp:attachment":[{"href":"https:\/\/biotechlerncenter.interpharma.ch\/fr\/wp-json\/wp\/v2\/media?parent=998"}],"curies":[{"name":"wp","href":"https:\/\/api.w.org\/{rel}","templated":true}]}}