{"id":994,"date":"2026-03-12T17:26:42","date_gmt":"2026-03-12T16:26:42","guid":{"rendered":"https:\/\/biotechlerncenter.iph-multisite.berta-bewegt.ch\/?page_id=994"},"modified":"2026-03-12T17:26:42","modified_gmt":"2026-03-12T16:26:42","slug":"3-venise-etait-la-silicon-valley-du-xve-siecle","status":"publish","type":"page","link":"https:\/\/biotechlerncenter.interpharma.ch\/fr\/sujets\/brevets\/3-venise-etait-la-silicon-valley-du-xve-siecle\/","title":{"rendered":"3. Venise \u00e9tait la Silicon Valley du XVe si\u00e8cle"},"content":{"rendered":"\n<p>L&rsquo;id\u00e9e du brevetage n&rsquo;est pas nouvelle: au XV<sup>e<\/sup>&nbsp;si\u00e8cle, Venise \u00e9tait une grande puissance europ\u00e9enne. Etant donn\u00e9 que la ville n&rsquo;avait pas d&rsquo;arri\u00e8re-pays \u00e9conomique, elle dut s&rsquo;en remettre \u00e0 des campagnes de conqu\u00eate et \u00e0 l&rsquo;habilet\u00e9 de ses habitants. Les V\u00e9nitiens exer\u00e7aient leur activit\u00e9 non seulement dans le soufflage du verre &#8211; encore c\u00e9l\u00e8bre aujourd&rsquo;hui -, mais aussi dans l&rsquo;industrie de la teinture, le tissage, le raffinage du sucre, l&rsquo;industrie de la soie et la typographie. On peut dire que Venise \u00e9tait la Silicon Valley du XV<sup>e<\/sup>&nbsp;si\u00e8cle: la survie des entreprises d\u00e9pendait des nouveaux d\u00e9veloppements, des inventions. Prenant conscience du fait que les inventions rev\u00eataient une valeur particuli\u00e8re, le gouvernement de Venise promulgua en 1474 une loi qui accordait pendant dix ans une certaine protection contre l&rsquo;imitation aux inventeurs de nouvelles machines ou de nouveaux outils et instruments. L&rsquo;id\u00e9e du brevet \u00e9tait n\u00e9e.<\/p>\n\n\n\n<p>En Grande-Bretagne, c&rsquo;est au XVII<sup>e<\/sup>&nbsp;si\u00e8cle que furent \u00e9dict\u00e9es les premi\u00e8res r\u00e8gles sur la pratique en mati\u00e8re d&rsquo;inventions. La France (1791) et les Etats-Unis (1793) adopt\u00e8rent ensuite presque simultan\u00e9ment des lois sur les brevets. Aux Etats-Unis, ce furent avant tout les c\u00e9l\u00e8bres chercheurs Thomas Jefferson et Benjamin Franklin qui voulurent que les inventions soient prot\u00e9g\u00e9es par des lois. Tous les autres pays, surtout en Europe, suivirent au cours du XIX<sup>e<\/sup>&nbsp;si\u00e8cle.<\/p>\n\n\n\n<p>En Suisse, c&rsquo;est \u00e0 la fin du XIX<sup>e<\/sup>&nbsp;si\u00e8cle qu&rsquo;il fut inscrit dans la Constitution f\u00e9d\u00e9rale que la Conf\u00e9d\u00e9ration pouvait \u00e9dicter les bases l\u00e9gales \u00absur la protection des inventions applicables \u00e0 l&rsquo;industrie\u00bb. Dans les premi\u00e8res ann\u00e9es de la loi suisse sur les brevets, de 1902 \u00e0 1909, un certain Albert Einstein travailla comme expert technique \u00e0 l&rsquo;examen des demandes de brevets aupr\u00e8s de ce qui s&rsquo;appelait \u00e0 l&rsquo;\u00e9poque l&rsquo;Office f\u00e9d\u00e9ral de la propri\u00e9t\u00e9 intellectuelle, \u00e0 Berne. Au cours de sa vie, Einstein acquit 15 brevets, dont un en Suisse. Ce brevet de 1930 d\u00e9crit une machine destin\u00e9e \u00e0 produire du froid, autrement dit un pr\u00e9curseur du r\u00e9frig\u00e9rateur.<\/p>\n","protected":false},"excerpt":{"rendered":"<p>L&rsquo;id\u00e9e du brevetage n&rsquo;est pas nouvelle: au XVe&nbsp;si\u00e8cle, Venise \u00e9tait une grande puissance europ\u00e9enne. Etant donn\u00e9 que la ville n&rsquo;avait pas d&rsquo;arri\u00e8re-pays \u00e9conomique, elle dut s&rsquo;en remettre \u00e0 des campagnes de conqu\u00eate et \u00e0 l&rsquo;habilet\u00e9 de ses habitants. Les V\u00e9nitiens exer\u00e7aient leur activit\u00e9 non seulement dans le soufflage du verre &#8211; encore c\u00e9l\u00e8bre aujourd&rsquo;hui -, [&hellip;]<\/p>\n","protected":false},"author":1,"featured_media":0,"parent":1026,"menu_order":2,"comment_status":"closed","ping_status":"closed","template":"page-templates\/unterthema.php","meta":{"_acf_changed":false,"inline_featured_image":false,"footnotes":""},"class_list":["post-994","page","type-page","status-publish","hentry"],"acf":[],"yoast_head":"<!-- This site is optimized with the Yoast SEO Premium plugin v27.2 (Yoast SEO v27.2) - https:\/\/yoast.com\/product\/yoast-seo-premium-wordpress\/ -->\n<title>3. Venise \u00e9tait la Silicon Valley du XVe si\u00e8cle - biotechlerncenter<\/title>\n<meta name=\"robots\" content=\"index, follow, max-snippet:-1, max-image-preview:large, max-video-preview:-1\" \/>\n<link rel=\"canonical\" href=\"https:\/\/biotechlerncenter.interpharma.ch\/themen\/patente-schuetzen-erfindungen\/3-venedig-war-das-silicon-valley-des-15-jahrhunderts\/\" \/>\n<meta property=\"og:locale\" content=\"fr_FR\" \/>\n<meta property=\"og:type\" content=\"article\" \/>\n<meta property=\"og:title\" content=\"3. Venise \u00e9tait la Silicon Valley du XVe si\u00e8cle\" \/>\n<meta property=\"og:description\" content=\"L&rsquo;id\u00e9e du brevetage n&rsquo;est pas nouvelle: au XVe&nbsp;si\u00e8cle, Venise \u00e9tait une grande puissance europ\u00e9enne. Etant donn\u00e9 que la ville n&rsquo;avait pas d&rsquo;arri\u00e8re-pays \u00e9conomique, elle dut s&rsquo;en remettre \u00e0 des campagnes de conqu\u00eate et \u00e0 l&rsquo;habilet\u00e9 de ses habitants. Les V\u00e9nitiens exer\u00e7aient leur activit\u00e9 non seulement dans le soufflage du verre &#8211; encore c\u00e9l\u00e8bre aujourd&rsquo;hui -, [&hellip;]\" \/>\n<meta property=\"og:url\" content=\"https:\/\/biotechlerncenter.interpharma.ch\/themen\/patente-schuetzen-erfindungen\/3-venedig-war-das-silicon-valley-des-15-jahrhunderts\/\" \/>\n<meta property=\"og:site_name\" content=\"biotechlerncenter\" \/>\n<meta name=\"twitter:card\" content=\"summary_large_image\" \/>\n<meta name=\"twitter:label1\" content=\"Dur\u00e9e de lecture estim\u00e9e\" \/>\n\t<meta name=\"twitter:data1\" content=\"2 minutes\" \/>\n<script type=\"application\/ld+json\" class=\"yoast-schema-graph\">{\"@context\":\"https:\/\/schema.org\",\"@graph\":[{\"@type\":\"WebPage\",\"@id\":\"https:\/\/biotechlerncenter.interpharma.ch\/themen\/patente-schuetzen-erfindungen\/3-venedig-war-das-silicon-valley-des-15-jahrhunderts\/\",\"url\":\"https:\/\/biotechlerncenter.interpharma.ch\/themen\/patente-schuetzen-erfindungen\/3-venedig-war-das-silicon-valley-des-15-jahrhunderts\/\",\"name\":\"3. Venise \u00e9tait la Silicon Valley du XVe si\u00e8cle - biotechlerncenter\",\"isPartOf\":{\"@id\":\"https:\/\/biotechlerncenter.interpharma.ch\/#website\"},\"datePublished\":\"2026-03-12T16:26:42+00:00\",\"breadcrumb\":{\"@id\":\"https:\/\/biotechlerncenter.interpharma.ch\/themen\/patente-schuetzen-erfindungen\/3-venedig-war-das-silicon-valley-des-15-jahrhunderts\/#breadcrumb\"},\"inLanguage\":\"fr-FR\",\"potentialAction\":[{\"@type\":\"ReadAction\",\"target\":[\"https:\/\/biotechlerncenter.interpharma.ch\/themen\/patente-schuetzen-erfindungen\/3-venedig-war-das-silicon-valley-des-15-jahrhunderts\/\"]}]},{\"@type\":\"BreadcrumbList\",\"@id\":\"https:\/\/biotechlerncenter.interpharma.ch\/themen\/patente-schuetzen-erfindungen\/3-venedig-war-das-silicon-valley-des-15-jahrhunderts\/#breadcrumb\",\"itemListElement\":[{\"@type\":\"ListItem\",\"position\":1,\"name\":\"Start\",\"item\":\"https:\/\/biotechlerncenter.interpharma.ch\/fr\/\"},{\"@type\":\"ListItem\",\"position\":2,\"name\":\"Sujets\",\"item\":\"https:\/\/biotechlerncenter.interpharma.ch\/fr\/sujets\/\"},{\"@type\":\"ListItem\",\"position\":3,\"name\":\"Brevets\",\"item\":\"https:\/\/biotechlerncenter.interpharma.ch\/fr\/sujets\/brevets\/\"},{\"@type\":\"ListItem\",\"position\":4,\"name\":\"3. Venise \u00e9tait la Silicon Valley du XVe si\u00e8cle\"}]},{\"@type\":\"WebSite\",\"@id\":\"https:\/\/biotechlerncenter.interpharma.ch\/#website\",\"url\":\"https:\/\/biotechlerncenter.interpharma.ch\/\",\"name\":\"biotechlerncenter\",\"description\":\"\",\"potentialAction\":[{\"@type\":\"SearchAction\",\"target\":{\"@type\":\"EntryPoint\",\"urlTemplate\":\"https:\/\/biotechlerncenter.interpharma.ch\/?s={search_term_string}\"},\"query-input\":{\"@type\":\"PropertyValueSpecification\",\"valueRequired\":true,\"valueName\":\"search_term_string\"}}],\"inLanguage\":\"fr-FR\"}]}<\/script>\n<!-- \/ Yoast SEO Premium plugin. -->","yoast_head_json":{"title":"3. Venise \u00e9tait la Silicon Valley du XVe si\u00e8cle - biotechlerncenter","robots":{"index":"index","follow":"follow","max-snippet":"max-snippet:-1","max-image-preview":"max-image-preview:large","max-video-preview":"max-video-preview:-1"},"canonical":"https:\/\/biotechlerncenter.interpharma.ch\/themen\/patente-schuetzen-erfindungen\/3-venedig-war-das-silicon-valley-des-15-jahrhunderts\/","og_locale":"fr_FR","og_type":"article","og_title":"3. Venise \u00e9tait la Silicon Valley du XVe si\u00e8cle","og_description":"L&rsquo;id\u00e9e du brevetage n&rsquo;est pas nouvelle: au XVe&nbsp;si\u00e8cle, Venise \u00e9tait une grande puissance europ\u00e9enne. Etant donn\u00e9 que la ville n&rsquo;avait pas d&rsquo;arri\u00e8re-pays \u00e9conomique, elle dut s&rsquo;en remettre \u00e0 des campagnes de conqu\u00eate et \u00e0 l&rsquo;habilet\u00e9 de ses habitants. Les V\u00e9nitiens exer\u00e7aient leur activit\u00e9 non seulement dans le soufflage du verre &#8211; encore c\u00e9l\u00e8bre aujourd&rsquo;hui -, [&hellip;]","og_url":"https:\/\/biotechlerncenter.interpharma.ch\/themen\/patente-schuetzen-erfindungen\/3-venedig-war-das-silicon-valley-des-15-jahrhunderts\/","og_site_name":"biotechlerncenter","twitter_card":"summary_large_image","twitter_misc":{"Dur\u00e9e de lecture estim\u00e9e":"2 minutes"},"schema":{"@context":"https:\/\/schema.org","@graph":[{"@type":"WebPage","@id":"https:\/\/biotechlerncenter.interpharma.ch\/themen\/patente-schuetzen-erfindungen\/3-venedig-war-das-silicon-valley-des-15-jahrhunderts\/","url":"https:\/\/biotechlerncenter.interpharma.ch\/themen\/patente-schuetzen-erfindungen\/3-venedig-war-das-silicon-valley-des-15-jahrhunderts\/","name":"3. Venise \u00e9tait la Silicon Valley du XVe si\u00e8cle - biotechlerncenter","isPartOf":{"@id":"https:\/\/biotechlerncenter.interpharma.ch\/#website"},"datePublished":"2026-03-12T16:26:42+00:00","breadcrumb":{"@id":"https:\/\/biotechlerncenter.interpharma.ch\/themen\/patente-schuetzen-erfindungen\/3-venedig-war-das-silicon-valley-des-15-jahrhunderts\/#breadcrumb"},"inLanguage":"fr-FR","potentialAction":[{"@type":"ReadAction","target":["https:\/\/biotechlerncenter.interpharma.ch\/themen\/patente-schuetzen-erfindungen\/3-venedig-war-das-silicon-valley-des-15-jahrhunderts\/"]}]},{"@type":"BreadcrumbList","@id":"https:\/\/biotechlerncenter.interpharma.ch\/themen\/patente-schuetzen-erfindungen\/3-venedig-war-das-silicon-valley-des-15-jahrhunderts\/#breadcrumb","itemListElement":[{"@type":"ListItem","position":1,"name":"Start","item":"https:\/\/biotechlerncenter.interpharma.ch\/fr\/"},{"@type":"ListItem","position":2,"name":"Sujets","item":"https:\/\/biotechlerncenter.interpharma.ch\/fr\/sujets\/"},{"@type":"ListItem","position":3,"name":"Brevets","item":"https:\/\/biotechlerncenter.interpharma.ch\/fr\/sujets\/brevets\/"},{"@type":"ListItem","position":4,"name":"3. Venise \u00e9tait la Silicon Valley du XVe si\u00e8cle"}]},{"@type":"WebSite","@id":"https:\/\/biotechlerncenter.interpharma.ch\/#website","url":"https:\/\/biotechlerncenter.interpharma.ch\/","name":"biotechlerncenter","description":"","potentialAction":[{"@type":"SearchAction","target":{"@type":"EntryPoint","urlTemplate":"https:\/\/biotechlerncenter.interpharma.ch\/?s={search_term_string}"},"query-input":{"@type":"PropertyValueSpecification","valueRequired":true,"valueName":"search_term_string"}}],"inLanguage":"fr-FR"}]}},"_links":{"self":[{"href":"https:\/\/biotechlerncenter.interpharma.ch\/fr\/wp-json\/wp\/v2\/pages\/994","targetHints":{"allow":["GET"]}}],"collection":[{"href":"https:\/\/biotechlerncenter.interpharma.ch\/fr\/wp-json\/wp\/v2\/pages"}],"about":[{"href":"https:\/\/biotechlerncenter.interpharma.ch\/fr\/wp-json\/wp\/v2\/types\/page"}],"author":[{"embeddable":true,"href":"https:\/\/biotechlerncenter.interpharma.ch\/fr\/wp-json\/wp\/v2\/users\/1"}],"replies":[{"embeddable":true,"href":"https:\/\/biotechlerncenter.interpharma.ch\/fr\/wp-json\/wp\/v2\/comments?post=994"}],"version-history":[{"count":1,"href":"https:\/\/biotechlerncenter.interpharma.ch\/fr\/wp-json\/wp\/v2\/pages\/994\/revisions"}],"predecessor-version":[{"id":995,"href":"https:\/\/biotechlerncenter.interpharma.ch\/fr\/wp-json\/wp\/v2\/pages\/994\/revisions\/995"}],"up":[{"embeddable":true,"href":"https:\/\/biotechlerncenter.interpharma.ch\/fr\/wp-json\/wp\/v2\/pages\/1026"}],"wp:attachment":[{"href":"https:\/\/biotechlerncenter.interpharma.ch\/fr\/wp-json\/wp\/v2\/media?parent=994"}],"curies":[{"name":"wp","href":"https:\/\/api.w.org\/{rel}","templated":true}]}}