{"id":990,"date":"2026-03-12T17:26:42","date_gmt":"2026-03-12T16:26:42","guid":{"rendered":"https:\/\/biotechlerncenter.iph-multisite.berta-bewegt.ch\/?page_id=990"},"modified":"2026-03-13T18:43:06","modified_gmt":"2026-03-13T17:43:06","slug":"2-vous-avez-deux-possibilites","status":"publish","type":"page","link":"https:\/\/biotechlerncenter.interpharma.ch\/fr\/sujets\/brevets\/2-vous-avez-deux-possibilites\/","title":{"rendered":"2. Vous avez deux possibilit\u00e9s"},"content":{"rendered":"\n<p>Premi\u00e8re possibilit\u00e9: vous ne pouvez pas rendre tout simplement votre invention publique, car, si vous pr\u00e9sentez votre moteur au Salon de l&rsquo;Auto de Gen\u00e8ve et que le monde entier en parle avec exultation, les constructeurs automobiles vont scruter en d\u00e9tail votre invention &#8211; et la \u00abpomper\u00bb. Autrement dit, commencez par garder votre invention secr\u00e8te, n&rsquo;en parlez \u00e0 personne. Prenez contact avec Porsche et essayez de lui vendre votre invention aussi cher que possible.<\/p>\n\n\n\n<p>Cela a toutefois des inconv\u00e9nients: Quelqu&rsquo;un pourrait acc\u00e9der de mani\u00e8re illicite \u00e0 votre invention. Porsche exigera la garantie que personne d&rsquo;autre n&rsquo;a l&rsquo;invention entre les mains. Dans l&rsquo;intervalle, le d\u00e9partement de recherche de Toyota pourrait toutefois arriver aussi \u00e0 la m\u00eame solution et mettre sur le march\u00e9 une voiture avec votre nouveau moteur sensationnel.<br>&nbsp;<br>Deuxi\u00e8me possibilit\u00e9: vous pourriez d\u00e9poser un brevet qui vous apporte dans le monde entier la certitude que, pendant 20 ans, personne ne pourra vendre sans votre autorisation un moteur fond\u00e9 sur votre invention. Votre brevet en poche, vous pourrez d\u00e8s lors contacter tous les groupes de constructeurs automobiles. Etant donn\u00e9 que le brevet aura \u00e9t\u00e9 publi\u00e9, ils conna\u00eetront les \u00e9normes cons\u00e9quences qui d\u00e9coulent de votre invention. Vous pourrez d\u00e9sormais soit attribuer une licence exclusive \u00e0 un groupe, soit conc\u00e9der une licence \u00e0 tous les constructeurs automobiles: pour chaque v\u00e9hicule vendu pendant ces 20 ann\u00e9es et dont le moteur repose sur votre invention, les entreprises devront vous verser un certain montant. Avec cet argent, vous pourrez non seulement rembourser vos dettes \u00e0 vos parents, mais vous pourrez aussi financer un confortable atelier employant de nombreux collaborateurs, dans lequel vous ferez de nouvelles inventions.<\/p>\n\n\n\n<figure class=\"wp-block-image size-large\"><img decoding=\"async\" src=\"http:\/\/biotechlerncenter.interpharma.ch\/wp-content\/uploads\/sites\/4\/2020\/01\/istock_pat.pend_900.jpg\" alt=\"\" class=\"wp-image-3353\"\/><figcaption>Un brevet apporte la certitude que, pendant 20 ans, personne ne pourra commercialiser une invention sans autorisation.<br>\u00a9 istockphoto<\/figcaption><\/figure>\n","protected":false},"excerpt":{"rendered":"<p>Premi\u00e8re possibilit\u00e9: vous ne pouvez pas rendre tout simplement votre invention publique, car, si vous pr\u00e9sentez votre moteur au Salon de l&rsquo;Auto de Gen\u00e8ve et que le monde entier en parle avec exultation, les constructeurs automobiles vont scruter en d\u00e9tail votre invention &#8211; et la \u00abpomper\u00bb. Autrement dit, commencez par garder votre invention secr\u00e8te, n&rsquo;en [&hellip;]<\/p>\n","protected":false},"author":1,"featured_media":0,"parent":1026,"menu_order":1,"comment_status":"closed","ping_status":"closed","template":"page-templates\/unterthema.php","meta":{"_acf_changed":false,"inline_featured_image":false,"footnotes":""},"class_list":["post-990","page","type-page","status-publish","hentry"],"acf":[],"yoast_head":"<!-- This site is optimized with the Yoast SEO Premium plugin v27.2 (Yoast SEO v27.2) - https:\/\/yoast.com\/product\/yoast-seo-premium-wordpress\/ -->\n<title>2. Vous avez deux possibilit\u00e9s - biotechlerncenter<\/title>\n<meta name=\"robots\" content=\"index, follow, max-snippet:-1, max-image-preview:large, max-video-preview:-1\" \/>\n<link rel=\"canonical\" href=\"https:\/\/biotechlerncenter.interpharma.ch\/themen\/patente-schuetzen-erfindungen\/2-sie-haben-zwei-moeglichkeiten\/\" \/>\n<meta property=\"og:locale\" content=\"fr_FR\" \/>\n<meta property=\"og:type\" content=\"article\" \/>\n<meta property=\"og:title\" content=\"2. Vous avez deux possibilit\u00e9s\" \/>\n<meta property=\"og:description\" content=\"Premi\u00e8re possibilit\u00e9: vous ne pouvez pas rendre tout simplement votre invention publique, car, si vous pr\u00e9sentez votre moteur au Salon de l&rsquo;Auto de Gen\u00e8ve et que le monde entier en parle avec exultation, les constructeurs automobiles vont scruter en d\u00e9tail votre invention &#8211; et la \u00abpomper\u00bb. Autrement dit, commencez par garder votre invention secr\u00e8te, n&rsquo;en [&hellip;]\" \/>\n<meta property=\"og:url\" content=\"https:\/\/biotechlerncenter.interpharma.ch\/themen\/patente-schuetzen-erfindungen\/2-sie-haben-zwei-moeglichkeiten\/\" \/>\n<meta property=\"og:site_name\" content=\"biotechlerncenter\" \/>\n<meta property=\"article:modified_time\" content=\"2026-03-13T17:43:06+00:00\" \/>\n<meta property=\"og:image\" content=\"http:\/\/biotechlerncenter.interpharma.ch\/wp-content\/uploads\/sites\/4\/2020\/01\/istock_pat.pend_900.jpg\" \/>\n<meta name=\"twitter:card\" content=\"summary_large_image\" \/>\n<meta name=\"twitter:label1\" content=\"Dur\u00e9e de lecture estim\u00e9e\" \/>\n\t<meta name=\"twitter:data1\" content=\"2 minutes\" \/>\n<script type=\"application\/ld+json\" class=\"yoast-schema-graph\">{\"@context\":\"https:\/\/schema.org\",\"@graph\":[{\"@type\":\"WebPage\",\"@id\":\"https:\/\/biotechlerncenter.interpharma.ch\/themen\/patente-schuetzen-erfindungen\/2-sie-haben-zwei-moeglichkeiten\/\",\"url\":\"https:\/\/biotechlerncenter.interpharma.ch\/themen\/patente-schuetzen-erfindungen\/2-sie-haben-zwei-moeglichkeiten\/\",\"name\":\"2. Vous avez deux possibilit\u00e9s - biotechlerncenter\",\"isPartOf\":{\"@id\":\"https:\/\/biotechlerncenter.interpharma.ch\/#website\"},\"primaryImageOfPage\":{\"@id\":\"https:\/\/biotechlerncenter.interpharma.ch\/themen\/patente-schuetzen-erfindungen\/2-sie-haben-zwei-moeglichkeiten\/#primaryimage\"},\"image\":{\"@id\":\"https:\/\/biotechlerncenter.interpharma.ch\/themen\/patente-schuetzen-erfindungen\/2-sie-haben-zwei-moeglichkeiten\/#primaryimage\"},\"thumbnailUrl\":\"http:\/\/biotechlerncenter.interpharma.ch\/wp-content\/uploads\/sites\/4\/2020\/01\/istock_pat.pend_900.jpg\",\"datePublished\":\"2026-03-12T16:26:42+00:00\",\"dateModified\":\"2026-03-13T17:43:06+00:00\",\"breadcrumb\":{\"@id\":\"https:\/\/biotechlerncenter.interpharma.ch\/themen\/patente-schuetzen-erfindungen\/2-sie-haben-zwei-moeglichkeiten\/#breadcrumb\"},\"inLanguage\":\"fr-FR\",\"potentialAction\":[{\"@type\":\"ReadAction\",\"target\":[\"https:\/\/biotechlerncenter.interpharma.ch\/themen\/patente-schuetzen-erfindungen\/2-sie-haben-zwei-moeglichkeiten\/\"]}]},{\"@type\":\"ImageObject\",\"inLanguage\":\"fr-FR\",\"@id\":\"https:\/\/biotechlerncenter.interpharma.ch\/themen\/patente-schuetzen-erfindungen\/2-sie-haben-zwei-moeglichkeiten\/#primaryimage\",\"url\":\"http:\/\/biotechlerncenter.interpharma.ch\/wp-content\/uploads\/sites\/4\/2020\/01\/istock_pat.pend_900.jpg\",\"contentUrl\":\"http:\/\/biotechlerncenter.interpharma.ch\/wp-content\/uploads\/sites\/4\/2020\/01\/istock_pat.pend_900.jpg\"},{\"@type\":\"BreadcrumbList\",\"@id\":\"https:\/\/biotechlerncenter.interpharma.ch\/themen\/patente-schuetzen-erfindungen\/2-sie-haben-zwei-moeglichkeiten\/#breadcrumb\",\"itemListElement\":[{\"@type\":\"ListItem\",\"position\":1,\"name\":\"Start\",\"item\":\"https:\/\/biotechlerncenter.interpharma.ch\/fr\/\"},{\"@type\":\"ListItem\",\"position\":2,\"name\":\"Sujets\",\"item\":\"https:\/\/biotechlerncenter.interpharma.ch\/fr\/sujets\/\"},{\"@type\":\"ListItem\",\"position\":3,\"name\":\"Brevets\",\"item\":\"https:\/\/biotechlerncenter.interpharma.ch\/fr\/sujets\/brevets\/\"},{\"@type\":\"ListItem\",\"position\":4,\"name\":\"2. Vous avez deux possibilit\u00e9s\"}]},{\"@type\":\"WebSite\",\"@id\":\"https:\/\/biotechlerncenter.interpharma.ch\/#website\",\"url\":\"https:\/\/biotechlerncenter.interpharma.ch\/\",\"name\":\"biotechlerncenter\",\"description\":\"\",\"potentialAction\":[{\"@type\":\"SearchAction\",\"target\":{\"@type\":\"EntryPoint\",\"urlTemplate\":\"https:\/\/biotechlerncenter.interpharma.ch\/?s={search_term_string}\"},\"query-input\":{\"@type\":\"PropertyValueSpecification\",\"valueRequired\":true,\"valueName\":\"search_term_string\"}}],\"inLanguage\":\"fr-FR\"}]}<\/script>\n<!-- \/ Yoast SEO Premium plugin. -->","yoast_head_json":{"title":"2. Vous avez deux possibilit\u00e9s - biotechlerncenter","robots":{"index":"index","follow":"follow","max-snippet":"max-snippet:-1","max-image-preview":"max-image-preview:large","max-video-preview":"max-video-preview:-1"},"canonical":"https:\/\/biotechlerncenter.interpharma.ch\/themen\/patente-schuetzen-erfindungen\/2-sie-haben-zwei-moeglichkeiten\/","og_locale":"fr_FR","og_type":"article","og_title":"2. Vous avez deux possibilit\u00e9s","og_description":"Premi\u00e8re possibilit\u00e9: vous ne pouvez pas rendre tout simplement votre invention publique, car, si vous pr\u00e9sentez votre moteur au Salon de l&rsquo;Auto de Gen\u00e8ve et que le monde entier en parle avec exultation, les constructeurs automobiles vont scruter en d\u00e9tail votre invention &#8211; et la \u00abpomper\u00bb. Autrement dit, commencez par garder votre invention secr\u00e8te, n&rsquo;en [&hellip;]","og_url":"https:\/\/biotechlerncenter.interpharma.ch\/themen\/patente-schuetzen-erfindungen\/2-sie-haben-zwei-moeglichkeiten\/","og_site_name":"biotechlerncenter","article_modified_time":"2026-03-13T17:43:06+00:00","og_image":[{"url":"http:\/\/biotechlerncenter.interpharma.ch\/wp-content\/uploads\/sites\/4\/2020\/01\/istock_pat.pend_900.jpg","type":"","width":"","height":""}],"twitter_card":"summary_large_image","twitter_misc":{"Dur\u00e9e de lecture estim\u00e9e":"2 minutes"},"schema":{"@context":"https:\/\/schema.org","@graph":[{"@type":"WebPage","@id":"https:\/\/biotechlerncenter.interpharma.ch\/themen\/patente-schuetzen-erfindungen\/2-sie-haben-zwei-moeglichkeiten\/","url":"https:\/\/biotechlerncenter.interpharma.ch\/themen\/patente-schuetzen-erfindungen\/2-sie-haben-zwei-moeglichkeiten\/","name":"2. Vous avez deux possibilit\u00e9s - biotechlerncenter","isPartOf":{"@id":"https:\/\/biotechlerncenter.interpharma.ch\/#website"},"primaryImageOfPage":{"@id":"https:\/\/biotechlerncenter.interpharma.ch\/themen\/patente-schuetzen-erfindungen\/2-sie-haben-zwei-moeglichkeiten\/#primaryimage"},"image":{"@id":"https:\/\/biotechlerncenter.interpharma.ch\/themen\/patente-schuetzen-erfindungen\/2-sie-haben-zwei-moeglichkeiten\/#primaryimage"},"thumbnailUrl":"http:\/\/biotechlerncenter.interpharma.ch\/wp-content\/uploads\/sites\/4\/2020\/01\/istock_pat.pend_900.jpg","datePublished":"2026-03-12T16:26:42+00:00","dateModified":"2026-03-13T17:43:06+00:00","breadcrumb":{"@id":"https:\/\/biotechlerncenter.interpharma.ch\/themen\/patente-schuetzen-erfindungen\/2-sie-haben-zwei-moeglichkeiten\/#breadcrumb"},"inLanguage":"fr-FR","potentialAction":[{"@type":"ReadAction","target":["https:\/\/biotechlerncenter.interpharma.ch\/themen\/patente-schuetzen-erfindungen\/2-sie-haben-zwei-moeglichkeiten\/"]}]},{"@type":"ImageObject","inLanguage":"fr-FR","@id":"https:\/\/biotechlerncenter.interpharma.ch\/themen\/patente-schuetzen-erfindungen\/2-sie-haben-zwei-moeglichkeiten\/#primaryimage","url":"http:\/\/biotechlerncenter.interpharma.ch\/wp-content\/uploads\/sites\/4\/2020\/01\/istock_pat.pend_900.jpg","contentUrl":"http:\/\/biotechlerncenter.interpharma.ch\/wp-content\/uploads\/sites\/4\/2020\/01\/istock_pat.pend_900.jpg"},{"@type":"BreadcrumbList","@id":"https:\/\/biotechlerncenter.interpharma.ch\/themen\/patente-schuetzen-erfindungen\/2-sie-haben-zwei-moeglichkeiten\/#breadcrumb","itemListElement":[{"@type":"ListItem","position":1,"name":"Start","item":"https:\/\/biotechlerncenter.interpharma.ch\/fr\/"},{"@type":"ListItem","position":2,"name":"Sujets","item":"https:\/\/biotechlerncenter.interpharma.ch\/fr\/sujets\/"},{"@type":"ListItem","position":3,"name":"Brevets","item":"https:\/\/biotechlerncenter.interpharma.ch\/fr\/sujets\/brevets\/"},{"@type":"ListItem","position":4,"name":"2. Vous avez deux possibilit\u00e9s"}]},{"@type":"WebSite","@id":"https:\/\/biotechlerncenter.interpharma.ch\/#website","url":"https:\/\/biotechlerncenter.interpharma.ch\/","name":"biotechlerncenter","description":"","potentialAction":[{"@type":"SearchAction","target":{"@type":"EntryPoint","urlTemplate":"https:\/\/biotechlerncenter.interpharma.ch\/?s={search_term_string}"},"query-input":{"@type":"PropertyValueSpecification","valueRequired":true,"valueName":"search_term_string"}}],"inLanguage":"fr-FR"}]}},"_links":{"self":[{"href":"https:\/\/biotechlerncenter.interpharma.ch\/fr\/wp-json\/wp\/v2\/pages\/990","targetHints":{"allow":["GET"]}}],"collection":[{"href":"https:\/\/biotechlerncenter.interpharma.ch\/fr\/wp-json\/wp\/v2\/pages"}],"about":[{"href":"https:\/\/biotechlerncenter.interpharma.ch\/fr\/wp-json\/wp\/v2\/types\/page"}],"author":[{"embeddable":true,"href":"https:\/\/biotechlerncenter.interpharma.ch\/fr\/wp-json\/wp\/v2\/users\/1"}],"replies":[{"embeddable":true,"href":"https:\/\/biotechlerncenter.interpharma.ch\/fr\/wp-json\/wp\/v2\/comments?post=990"}],"version-history":[{"count":3,"href":"https:\/\/biotechlerncenter.interpharma.ch\/fr\/wp-json\/wp\/v2\/pages\/990\/revisions"}],"predecessor-version":[{"id":3260,"href":"https:\/\/biotechlerncenter.interpharma.ch\/fr\/wp-json\/wp\/v2\/pages\/990\/revisions\/3260"}],"up":[{"embeddable":true,"href":"https:\/\/biotechlerncenter.interpharma.ch\/fr\/wp-json\/wp\/v2\/pages\/1026"}],"wp:attachment":[{"href":"https:\/\/biotechlerncenter.interpharma.ch\/fr\/wp-json\/wp\/v2\/media?parent=990"}],"curies":[{"name":"wp","href":"https:\/\/api.w.org\/{rel}","templated":true}]}}