{"id":986,"date":"2026-03-12T17:26:42","date_gmt":"2026-03-12T16:26:42","guid":{"rendered":"https:\/\/biotechlerncenter.iph-multisite.berta-bewegt.ch\/?page_id=986"},"modified":"2026-03-13T18:42:42","modified_gmt":"2026-03-13T17:42:42","slug":"1-brevets","status":"publish","type":"page","link":"https:\/\/biotechlerncenter.interpharma.ch\/fr\/sujets\/brevets\/1-brevets\/","title":{"rendered":"1. Brevets"},"content":{"rendered":"\n<p>Le d\u00e9bat sur les brevets tourne actuellement surtout autour des brevets sur les inventions biotechnologiques. Depuis quelques ann\u00e9es, de vives discussions portent sur le fait de savoir si, par exemple, une s\u00e9quence g\u00e9nique peut faire l&rsquo;objet d&rsquo;un d\u00e9p\u00f4t de brevet lorsqu&rsquo;un chercheur d\u00e9couvre comment on peut l&rsquo;utiliser \u00e0 des fins commerciales. Ce d\u00e9bat donne lieu \u00e0 diff\u00e9rentes r\u00e9flexions: les adversaires des brevets biotechnologiques disent que les animaux et les v\u00e9g\u00e9taux ne sont les \u00abinventions\u00bb d&rsquo;aucun groupe. On ne doit pas &#8211; disent-ils &#8211; pouvoir les breveter comme des produits chimiques ou des fours \u00e0 micro-ondes. Les g\u00e8nes sont un bien commun de l&rsquo;humanit\u00e9, auxquels chacune et chacun doit avoir libre acc\u00e8s. Les partisans r\u00e9pliquent que dans un pays pauvre en mati\u00e8res premi\u00e8res comme l&rsquo;est le n\u00f4tre, la capacit\u00e9 d&rsquo;innovation de l&rsquo;\u00e9conomie est le principal facteur de croissance et de prosp\u00e9rit\u00e9. Les investissements ne sont possibles &#8211; insistent-ils &#8211; que s&rsquo;il est possible d&rsquo;en prot\u00e9ger les r\u00e9sultats. Ajoutant que la recherche continue \u00e0 \u00eatre possible, m\u00eame sur des s\u00e9quences de g\u00e8nes brevet\u00e9es.<\/p>\n\n\n\n<p>Mais proc\u00e9dons par ordre. Pourquoi existe-t-il en fait des brevets? Supposons que vous ayez invent\u00e9 un nouveau moteur sensationnel qui fonctionne sans essence, qui tire son \u00e9nergie de l&rsquo;eau et du sucre, qui est totalement respectueux de l&rsquo;environnement, et gr\u00e2ce auquel une voiture pourrait non seulement parcourir des centaines de kilom\u00e8tres, mais \u00e9galement passer en 10 secondes de 0 \u00e0 100 km\/h. Le monde attend un tel moteur depuis d\u00e9j\u00e0 des ann\u00e9es.<\/p>\n\n\n\n<p>Il y a beaucoup de travail l\u00e0 derri\u00e8re, beaucoup de sueur et d&rsquo;argent: vous avez travaill\u00e9 pendant plus de dix ans \u00e0 cette invention et vous y avez consacr\u00e9 toutes vos \u00e9conomies et celles de vos parents. Vous savez que vous pouvez gagner beaucoup d&rsquo;argent avec cette invention. Mais d&rsquo;autres le savent aussi, et les grands groupes automobiles veulent utiliser votre invention pour pouvoir enfin annoncer l&rsquo;\u00e8re de la vie sans essence. Comment pouvez-vous prot\u00e9ger votre invention pour que ce ne soient pas d&rsquo;autres qui en tirent profit et que vous vous retrouviez sans rien? Comment pouvez-vous profiter de votre invention?<\/p>\n\n\n\n<figure class=\"wp-block-image size-large\"><img decoding=\"async\" src=\"http:\/\/biotechlerncenter.interpharma.ch\/wp-content\/uploads\/sites\/4\/2020\/01\/istock_motor_900.jpg\" alt=\"\" class=\"wp-image-3359\"\/><figcaption>Le moteur de l&rsquo;avenir? Le monde attend un tel moteur depuis des ann\u00e9es.<br>\u00a9 istockphoto<\/figcaption><\/figure>\n","protected":false},"excerpt":{"rendered":"<p>Le d\u00e9bat sur les brevets tourne actuellement surtout autour des brevets sur les inventions biotechnologiques. Depuis quelques ann\u00e9es, de vives discussions portent sur le fait de savoir si, par exemple, une s\u00e9quence g\u00e9nique peut faire l&rsquo;objet d&rsquo;un d\u00e9p\u00f4t de brevet lorsqu&rsquo;un chercheur d\u00e9couvre comment on peut l&rsquo;utiliser \u00e0 des fins commerciales. Ce d\u00e9bat donne lieu [&hellip;]<\/p>\n","protected":false},"author":1,"featured_media":0,"parent":1026,"menu_order":0,"comment_status":"closed","ping_status":"closed","template":"page-templates\/unterthema.php","meta":{"_acf_changed":false,"inline_featured_image":false,"footnotes":""},"class_list":["post-986","page","type-page","status-publish","hentry"],"acf":[],"yoast_head":"<!-- This site is optimized with the Yoast SEO Premium plugin v27.2 (Yoast SEO v27.2) - https:\/\/yoast.com\/product\/yoast-seo-premium-wordpress\/ -->\n<title>1. Brevets - biotechlerncenter<\/title>\n<meta name=\"robots\" content=\"index, follow, max-snippet:-1, max-image-preview:large, max-video-preview:-1\" \/>\n<link rel=\"canonical\" href=\"https:\/\/biotechlerncenter.interpharma.ch\/fr\/sujets\/brevets\/1-brevets\/\" \/>\n<meta property=\"og:locale\" content=\"fr_FR\" \/>\n<meta property=\"og:type\" content=\"article\" \/>\n<meta property=\"og:title\" content=\"1. Brevets\" \/>\n<meta property=\"og:description\" content=\"Le d\u00e9bat sur les brevets tourne actuellement surtout autour des brevets sur les inventions biotechnologiques. Depuis quelques ann\u00e9es, de vives discussions portent sur le fait de savoir si, par exemple, une s\u00e9quence g\u00e9nique peut faire l&rsquo;objet d&rsquo;un d\u00e9p\u00f4t de brevet lorsqu&rsquo;un chercheur d\u00e9couvre comment on peut l&rsquo;utiliser \u00e0 des fins commerciales. Ce d\u00e9bat donne lieu [&hellip;]\" \/>\n<meta property=\"og:url\" content=\"https:\/\/biotechlerncenter.interpharma.ch\/fr\/sujets\/brevets\/1-brevets\/\" \/>\n<meta property=\"og:site_name\" content=\"biotechlerncenter\" \/>\n<meta property=\"article:modified_time\" content=\"2026-03-13T17:42:42+00:00\" \/>\n<meta property=\"og:image\" content=\"http:\/\/biotechlerncenter.interpharma.ch\/wp-content\/uploads\/sites\/4\/2020\/01\/istock_motor_900.jpg\" \/>\n<meta name=\"twitter:card\" content=\"summary_large_image\" \/>\n<meta name=\"twitter:label1\" content=\"Dur\u00e9e de lecture estim\u00e9e\" \/>\n\t<meta name=\"twitter:data1\" content=\"3 minutes\" \/>\n<script type=\"application\/ld+json\" class=\"yoast-schema-graph\">{\"@context\":\"https:\/\/schema.org\",\"@graph\":[{\"@type\":\"WebPage\",\"@id\":\"https:\/\/biotechlerncenter.interpharma.ch\/fr\/sujets\/brevets\/1-brevets\/\",\"url\":\"https:\/\/biotechlerncenter.interpharma.ch\/fr\/sujets\/brevets\/1-brevets\/\",\"name\":\"1. Brevets - biotechlerncenter\",\"isPartOf\":{\"@id\":\"https:\/\/biotechlerncenter.interpharma.ch\/#website\"},\"primaryImageOfPage\":{\"@id\":\"https:\/\/biotechlerncenter.interpharma.ch\/fr\/sujets\/brevets\/1-brevets\/#primaryimage\"},\"image\":{\"@id\":\"https:\/\/biotechlerncenter.interpharma.ch\/fr\/sujets\/brevets\/1-brevets\/#primaryimage\"},\"thumbnailUrl\":\"http:\/\/biotechlerncenter.interpharma.ch\/wp-content\/uploads\/sites\/4\/2020\/01\/istock_motor_900.jpg\",\"datePublished\":\"2026-03-12T16:26:42+00:00\",\"dateModified\":\"2026-03-13T17:42:42+00:00\",\"breadcrumb\":{\"@id\":\"https:\/\/biotechlerncenter.interpharma.ch\/fr\/sujets\/brevets\/1-brevets\/#breadcrumb\"},\"inLanguage\":\"fr-FR\",\"potentialAction\":[{\"@type\":\"ReadAction\",\"target\":[\"https:\/\/biotechlerncenter.interpharma.ch\/fr\/sujets\/brevets\/1-brevets\/\"]}]},{\"@type\":\"ImageObject\",\"inLanguage\":\"fr-FR\",\"@id\":\"https:\/\/biotechlerncenter.interpharma.ch\/fr\/sujets\/brevets\/1-brevets\/#primaryimage\",\"url\":\"http:\/\/biotechlerncenter.interpharma.ch\/wp-content\/uploads\/sites\/4\/2020\/01\/istock_motor_900.jpg\",\"contentUrl\":\"http:\/\/biotechlerncenter.interpharma.ch\/wp-content\/uploads\/sites\/4\/2020\/01\/istock_motor_900.jpg\"},{\"@type\":\"BreadcrumbList\",\"@id\":\"https:\/\/biotechlerncenter.interpharma.ch\/fr\/sujets\/brevets\/1-brevets\/#breadcrumb\",\"itemListElement\":[{\"@type\":\"ListItem\",\"position\":1,\"name\":\"Start\",\"item\":\"https:\/\/biotechlerncenter.interpharma.ch\/fr\/\"},{\"@type\":\"ListItem\",\"position\":2,\"name\":\"Sujets\",\"item\":\"https:\/\/biotechlerncenter.interpharma.ch\/fr\/sujets\/\"},{\"@type\":\"ListItem\",\"position\":3,\"name\":\"Brevets\",\"item\":\"https:\/\/biotechlerncenter.interpharma.ch\/fr\/sujets\/brevets\/\"},{\"@type\":\"ListItem\",\"position\":4,\"name\":\"1. Brevets\"}]},{\"@type\":\"WebSite\",\"@id\":\"https:\/\/biotechlerncenter.interpharma.ch\/#website\",\"url\":\"https:\/\/biotechlerncenter.interpharma.ch\/\",\"name\":\"biotechlerncenter\",\"description\":\"\",\"potentialAction\":[{\"@type\":\"SearchAction\",\"target\":{\"@type\":\"EntryPoint\",\"urlTemplate\":\"https:\/\/biotechlerncenter.interpharma.ch\/?s={search_term_string}\"},\"query-input\":{\"@type\":\"PropertyValueSpecification\",\"valueRequired\":true,\"valueName\":\"search_term_string\"}}],\"inLanguage\":\"fr-FR\"}]}<\/script>\n<!-- \/ Yoast SEO Premium plugin. -->","yoast_head_json":{"title":"1. Brevets - biotechlerncenter","robots":{"index":"index","follow":"follow","max-snippet":"max-snippet:-1","max-image-preview":"max-image-preview:large","max-video-preview":"max-video-preview:-1"},"canonical":"https:\/\/biotechlerncenter.interpharma.ch\/fr\/sujets\/brevets\/1-brevets\/","og_locale":"fr_FR","og_type":"article","og_title":"1. Brevets","og_description":"Le d\u00e9bat sur les brevets tourne actuellement surtout autour des brevets sur les inventions biotechnologiques. Depuis quelques ann\u00e9es, de vives discussions portent sur le fait de savoir si, par exemple, une s\u00e9quence g\u00e9nique peut faire l&rsquo;objet d&rsquo;un d\u00e9p\u00f4t de brevet lorsqu&rsquo;un chercheur d\u00e9couvre comment on peut l&rsquo;utiliser \u00e0 des fins commerciales. Ce d\u00e9bat donne lieu [&hellip;]","og_url":"https:\/\/biotechlerncenter.interpharma.ch\/fr\/sujets\/brevets\/1-brevets\/","og_site_name":"biotechlerncenter","article_modified_time":"2026-03-13T17:42:42+00:00","og_image":[{"url":"http:\/\/biotechlerncenter.interpharma.ch\/wp-content\/uploads\/sites\/4\/2020\/01\/istock_motor_900.jpg","type":"","width":"","height":""}],"twitter_card":"summary_large_image","twitter_misc":{"Dur\u00e9e de lecture estim\u00e9e":"3 minutes"},"schema":{"@context":"https:\/\/schema.org","@graph":[{"@type":"WebPage","@id":"https:\/\/biotechlerncenter.interpharma.ch\/fr\/sujets\/brevets\/1-brevets\/","url":"https:\/\/biotechlerncenter.interpharma.ch\/fr\/sujets\/brevets\/1-brevets\/","name":"1. Brevets - biotechlerncenter","isPartOf":{"@id":"https:\/\/biotechlerncenter.interpharma.ch\/#website"},"primaryImageOfPage":{"@id":"https:\/\/biotechlerncenter.interpharma.ch\/fr\/sujets\/brevets\/1-brevets\/#primaryimage"},"image":{"@id":"https:\/\/biotechlerncenter.interpharma.ch\/fr\/sujets\/brevets\/1-brevets\/#primaryimage"},"thumbnailUrl":"http:\/\/biotechlerncenter.interpharma.ch\/wp-content\/uploads\/sites\/4\/2020\/01\/istock_motor_900.jpg","datePublished":"2026-03-12T16:26:42+00:00","dateModified":"2026-03-13T17:42:42+00:00","breadcrumb":{"@id":"https:\/\/biotechlerncenter.interpharma.ch\/fr\/sujets\/brevets\/1-brevets\/#breadcrumb"},"inLanguage":"fr-FR","potentialAction":[{"@type":"ReadAction","target":["https:\/\/biotechlerncenter.interpharma.ch\/fr\/sujets\/brevets\/1-brevets\/"]}]},{"@type":"ImageObject","inLanguage":"fr-FR","@id":"https:\/\/biotechlerncenter.interpharma.ch\/fr\/sujets\/brevets\/1-brevets\/#primaryimage","url":"http:\/\/biotechlerncenter.interpharma.ch\/wp-content\/uploads\/sites\/4\/2020\/01\/istock_motor_900.jpg","contentUrl":"http:\/\/biotechlerncenter.interpharma.ch\/wp-content\/uploads\/sites\/4\/2020\/01\/istock_motor_900.jpg"},{"@type":"BreadcrumbList","@id":"https:\/\/biotechlerncenter.interpharma.ch\/fr\/sujets\/brevets\/1-brevets\/#breadcrumb","itemListElement":[{"@type":"ListItem","position":1,"name":"Start","item":"https:\/\/biotechlerncenter.interpharma.ch\/fr\/"},{"@type":"ListItem","position":2,"name":"Sujets","item":"https:\/\/biotechlerncenter.interpharma.ch\/fr\/sujets\/"},{"@type":"ListItem","position":3,"name":"Brevets","item":"https:\/\/biotechlerncenter.interpharma.ch\/fr\/sujets\/brevets\/"},{"@type":"ListItem","position":4,"name":"1. Brevets"}]},{"@type":"WebSite","@id":"https:\/\/biotechlerncenter.interpharma.ch\/#website","url":"https:\/\/biotechlerncenter.interpharma.ch\/","name":"biotechlerncenter","description":"","potentialAction":[{"@type":"SearchAction","target":{"@type":"EntryPoint","urlTemplate":"https:\/\/biotechlerncenter.interpharma.ch\/?s={search_term_string}"},"query-input":{"@type":"PropertyValueSpecification","valueRequired":true,"valueName":"search_term_string"}}],"inLanguage":"fr-FR"}]}},"_links":{"self":[{"href":"https:\/\/biotechlerncenter.interpharma.ch\/fr\/wp-json\/wp\/v2\/pages\/986","targetHints":{"allow":["GET"]}}],"collection":[{"href":"https:\/\/biotechlerncenter.interpharma.ch\/fr\/wp-json\/wp\/v2\/pages"}],"about":[{"href":"https:\/\/biotechlerncenter.interpharma.ch\/fr\/wp-json\/wp\/v2\/types\/page"}],"author":[{"embeddable":true,"href":"https:\/\/biotechlerncenter.interpharma.ch\/fr\/wp-json\/wp\/v2\/users\/1"}],"replies":[{"embeddable":true,"href":"https:\/\/biotechlerncenter.interpharma.ch\/fr\/wp-json\/wp\/v2\/comments?post=986"}],"version-history":[{"count":3,"href":"https:\/\/biotechlerncenter.interpharma.ch\/fr\/wp-json\/wp\/v2\/pages\/986\/revisions"}],"predecessor-version":[{"id":3257,"href":"https:\/\/biotechlerncenter.interpharma.ch\/fr\/wp-json\/wp\/v2\/pages\/986\/revisions\/3257"}],"up":[{"embeddable":true,"href":"https:\/\/biotechlerncenter.interpharma.ch\/fr\/wp-json\/wp\/v2\/pages\/1026"}],"wp:attachment":[{"href":"https:\/\/biotechlerncenter.interpharma.ch\/fr\/wp-json\/wp\/v2\/media?parent=986"}],"curies":[{"name":"wp","href":"https:\/\/api.w.org\/{rel}","templated":true}]}}