{"id":950,"date":"2026-03-12T17:26:39","date_gmt":"2026-03-12T16:26:39","guid":{"rendered":"https:\/\/biotechlerncenter.iph-multisite.berta-bewegt.ch\/?page_id=950"},"modified":"2026-03-13T18:35:15","modified_gmt":"2026-03-13T17:35:15","slug":"1-anticorps-monoclonaux-attaque-des-anticorps-contre-le-cancer","status":"publish","type":"page","link":"https:\/\/biotechlerncenter.interpharma.ch\/fr\/sujets\/anticorps\/1-anticorps-monoclonaux-attaque-des-anticorps-contre-le-cancer\/","title":{"rendered":"1. Anticorps monoclonaux: attaque des anticorps contre le cancer"},"content":{"rendered":"\n<p>En mai 1975, deux chercheurs jusqu&rsquo;alors peu connus, Georges K\u00f6hler et C\u00e9sar Milstein, pr\u00e9sent\u00e8rent un rapport \u00e0 la revue scientifique \u00abNature\u00bb qui le publia presque aussit\u00f4t. Les chercheurs y d\u00e9crivaient la production des anticorps monoclonaux. Ils not\u00e8rent en conclusion que cette nouvelle sorte de cultures cellulaires \u00abpourraient \u00eatre utiles en m\u00e9decine et dans l&rsquo;industrie\u00bb. Ils minimis\u00e8rent \u00e9norm\u00e9ment l&rsquo;impact de leur d\u00e9couverte. Un grand nombre d&rsquo;individus sont en vie aujourd&rsquo;hui gr\u00e2ce aux anticorps monoclonaux. La technique de production de ces anticorps fait partie des plus importantes d\u00e9couvertes de la biotechnologie de ces 25 derni\u00e8res ann\u00e9es. Les anticorps monoclonaux sont appliqu\u00e9s dans le traitement de nombreux cancers, dans celui de maladies auto-immunes ou du psoriasis. De tels anticorps agissent en se fixant de fa\u00e7on sp\u00e9cifique sur certaines mol\u00e9cules afin de les bloquer. K\u00f6hler, qui a fait ses recherches pendant de nombreuses ann\u00e9es \u00e0 l&rsquo;Institut immunologique de B\u00e2le, re\u00e7ut en 1984, en compagnie de C\u00e9sar Milstein, le prix Nobel pour cette d\u00e9couverte.<\/p>\n\n\n\n<figure class=\"wp-block-image size-large\"><img decoding=\"async\" src=\"http:\/\/biotechlerncenter.interpharma.ch\/wp-content\/uploads\/sites\/4\/2020\/01\/mak_900.jpg\" alt=\"\" class=\"wp-image-3401\"\/><figcaption>Repr\u00e9sentation des calottes d&rsquo;un anticorps. Les atomes des deux cha\u00eenes l\u00e9g\u00e8res et lourdes sont de diff\u00e9rentes couleurs. Les petits fragments (en gris) sont des hydrates de carbone, ils sont reli\u00e9s aux zones hydrophobes des cha\u00eenes lourdes.<br>\u00a9 Interpharma<\/figcaption><\/figure>\n\n\n\n<p>Les anticorps sont des prot\u00e9ines en forme de Y et sont des \u00e9l\u00e9ments essentiels du syst\u00e8me immunitaire. Ils sont produits par les cellules B. Le corps les produit en r\u00e9ponse aux intrusions de bact\u00e9ries, de virus ou d&rsquo;autres parasites pour les marquer puis les d\u00e9truire. Ces anticorps sont compos\u00e9s de deux cha\u00eenes d&rsquo;acides amin\u00e9s lourdes et de deux l\u00e9g\u00e8res reli\u00e9es les unes aux autres. K\u00f6hler entreprit de fusionner des globules blancs (cellules B) sains avec des cellules tumorales bien d\u00e9finies dans le but de produire des anticorps monoclonaux. La cellule ainsi produite fabriquera non seulement des anticorps comme le font les cellules B mais elles se multiplieront \u00e0 l&rsquo;infini comme le font les cellules tumorales. Toutes les cellules-filles sont absolument identiques \u00e0 la cellule-m\u00e8re (monoclonal contrairement \u00e0 polyclonal). Il se forme alors une \u00abusine\u00bb qui va produire toujours le m\u00eame anticorps. Tous les anticorps monoclonaux ont le m\u00eame effet souhait\u00e9: ils peuvent tels des d\u00e9tectives reconna\u00eetre les cellules tumorales, les virus ou d&rsquo;autres substances non d\u00e9sir\u00e9es.<\/p>\n\n\n\n<p>Voici de fa\u00e7on d\u00e9taill\u00e9e le m\u00e9canisme de production des anticorps monoclonaux (illustration 6.1). Une souris sera immunis\u00e9e par un antig\u00e8ne d\u00e9termin\u00e9, autrement dit, l&rsquo;antig\u00e8ne va vacciner la souris. Un antig\u00e8ne est de fa\u00e7on g\u00e9n\u00e9rale une substance \u00e9trang\u00e8re au corps, il va donc d\u00e9clencher une r\u00e9action immunitaire (comme par ex. la production d&rsquo;anticorps). De telles r\u00e9actions peuvent \u00eatre d\u00e9clench\u00e9es par des cellules tumorales mais \u00e9galement par du pollen, des bact\u00e9ries et des virus. Antig\u00e8ne et anticorps agissent selon le principe de cl\u00e9 \u00e0 serrure.<\/p>\n\n\n\n<figure class=\"wp-block-image size-large\"><img decoding=\"async\" src=\"https:\/\/biotechlerncenter.interpharma.ch\/wp-content\/uploads\/sites\/4\/2020\/02\/grafik6-1_fr_2.jpg\" alt=\"\" class=\"wp-image-4158\"\/><figcaption>Illustration 6.1: Fabrication d\u2019anticorps monoclonaux<br>\u00a9 Interpharma<\/figcaption><\/figure>\n\n\n\n<p>A la suite de\u00a0 l&rsquo;immunisation, le syst\u00e8me immunitaire de la souris va produire des globules blancs (leucocytes, cellules B) qui eux, vont produire des anticorps contre l&rsquo;antig\u00e8ne. Ind\u00e9pendamment de cela, des cellules tumorales ne pouvant plus produire d&rsquo;anticorps vont \u00eatre fabriqu\u00e9es. Puis, les cellules B de la souris vont \u00eatre fusionn\u00e9es avec des cellules B tumorales, et enfin, les cellules ayant r\u00e9ussi leur fusion seront s\u00e9par\u00e9es des autres. Les cellules hybrides en r\u00e9sultant se nomment hybridomes, elles peuvent th\u00e9oriquement se diviser \u00e0 l&rsquo;infini et produire l&rsquo;anticorps souhait\u00e9 (illustration 6.2).<\/p>\n\n\n\n<figure class=\"wp-block-image size-large\"><img decoding=\"async\" src=\"https:\/\/biotechlerncenter.interpharma.ch\/wp-content\/uploads\/sites\/4\/2020\/02\/grafik6.2_fr-706x1024.jpg\" alt=\"\" class=\"wp-image-4161\"\/><figcaption>Illustration 6.2: Formation de cellules hybridomes capables de produire les anticorps monoclonaux<br>\u00a9 Interpharma<\/figcaption><\/figure>\n\n\n\n<p>A l&rsquo;aide de ces hybridomes, les chercheurs peuvent produire la quantit\u00e9 d\u00e9sir\u00e9e d&rsquo;anticorps agissant contre presque toutes les mol\u00e9cules imaginables: hormones, antig\u00e8nes bact\u00e9riens, r\u00e9cepteurs etc. Les avantages des anticorps monoclonaux sont surtout pr\u00e9dominants dans le traitement du cancer. Tout traitement canc\u00e9reux a pour but de d\u00e9truire la majeure partie des cellules atteintes par le cancer tout en ayant le moins d\u2019effets secondaires possibles. Les anticorps monoclonaux peuvent id\u00e9alement remplir ces deux fonctions &#8211; mieux en tout cas que les m\u00e9thodes habituelles telles que radioth\u00e9rapie, chimioth\u00e9rapie ou chirurgie. Lorsqu&rsquo;une caract\u00e9ristique particuli\u00e8re se trouve sur la cellule d&rsquo;une tumeur, un anticorps monoclonal pourra \u00eatre d\u00e9velopp\u00e9 exactement contre celle-ci. Les anticorps reconnaissent ainsi de fa\u00e7on id\u00e9ale les cellules tumorales et donnent le signal de destruction. Les anticorps ne reconnaissant que la caract\u00e9ristique de la cellule tumorale, ils ne pourront gu\u00e8re affecter d&rsquo;autres cellules. Les anticorps pourront alors atteindre les colonies de cellules tumorales du corps, les plus petites comme les invisibles, et les d\u00e9truire presque sans effets secondaires.<\/p>\n\n\n\n<figure class=\"wp-block-image size-large\"><img decoding=\"async\" src=\"http:\/\/biotechlerncenter.interpharma.ch\/wp-content\/uploads\/sites\/4\/2020\/01\/glycart-herstellungmak_900.jpg\" alt=\"\" class=\"wp-image-3413\"\/><figcaption>La production d&rsquo;anticorps monoclonaux exige un travail d&rsquo;envergure.<br>\u00a9 Interpharma<\/figcaption><\/figure>\n","protected":false},"excerpt":{"rendered":"<p>En mai 1975, deux chercheurs jusqu&rsquo;alors peu connus, Georges K\u00f6hler et C\u00e9sar Milstein, pr\u00e9sent\u00e8rent un rapport \u00e0 la revue scientifique \u00abNature\u00bb qui le publia presque aussit\u00f4t. Les chercheurs y d\u00e9crivaient la production des anticorps monoclonaux. Ils not\u00e8rent en conclusion que cette nouvelle sorte de cultures cellulaires \u00abpourraient \u00eatre utiles en m\u00e9decine et dans l&rsquo;industrie\u00bb. Ils [&hellip;]<\/p>\n","protected":false},"author":1,"featured_media":0,"parent":982,"menu_order":0,"comment_status":"closed","ping_status":"closed","template":"page-templates\/unterthema.php","meta":{"_acf_changed":false,"inline_featured_image":false,"footnotes":""},"class_list":["post-950","page","type-page","status-publish","hentry"],"acf":[],"yoast_head":"<!-- This site is optimized with the Yoast SEO Premium plugin v27.2 (Yoast SEO v27.2) - https:\/\/yoast.com\/product\/yoast-seo-premium-wordpress\/ -->\n<title>1. Anticorps monoclonaux: attaque des anticorps contre le cancer - biotechlerncenter<\/title>\n<meta name=\"robots\" content=\"index, follow, max-snippet:-1, max-image-preview:large, max-video-preview:-1\" \/>\n<link rel=\"canonical\" href=\"https:\/\/biotechlerncenter.interpharma.ch\/fr\/sujets\/anticorps\/1-anticorps-monoclonaux-attaque-des-anticorps-contre-le-cancer\/\" \/>\n<meta property=\"og:locale\" content=\"fr_FR\" \/>\n<meta property=\"og:type\" content=\"article\" \/>\n<meta property=\"og:title\" content=\"1. Anticorps monoclonaux: attaque des anticorps contre le cancer\" \/>\n<meta property=\"og:description\" content=\"En mai 1975, deux chercheurs jusqu&rsquo;alors peu connus, Georges K\u00f6hler et C\u00e9sar Milstein, pr\u00e9sent\u00e8rent un rapport \u00e0 la revue scientifique \u00abNature\u00bb qui le publia presque aussit\u00f4t. Les chercheurs y d\u00e9crivaient la production des anticorps monoclonaux. Ils not\u00e8rent en conclusion que cette nouvelle sorte de cultures cellulaires \u00abpourraient \u00eatre utiles en m\u00e9decine et dans l&rsquo;industrie\u00bb. Ils [&hellip;]\" \/>\n<meta property=\"og:url\" content=\"https:\/\/biotechlerncenter.interpharma.ch\/fr\/sujets\/anticorps\/1-anticorps-monoclonaux-attaque-des-anticorps-contre-le-cancer\/\" \/>\n<meta property=\"og:site_name\" content=\"biotechlerncenter\" \/>\n<meta property=\"article:modified_time\" content=\"2026-03-13T17:35:15+00:00\" \/>\n<meta property=\"og:image\" content=\"http:\/\/biotechlerncenter.interpharma.ch\/wp-content\/uploads\/sites\/4\/2020\/01\/mak_900.jpg\" \/>\n<meta name=\"twitter:card\" content=\"summary_large_image\" \/>\n<meta name=\"twitter:label1\" content=\"Dur\u00e9e de lecture estim\u00e9e\" \/>\n\t<meta name=\"twitter:data1\" content=\"5 minutes\" \/>\n<script type=\"application\/ld+json\" class=\"yoast-schema-graph\">{\"@context\":\"https:\/\/schema.org\",\"@graph\":[{\"@type\":\"WebPage\",\"@id\":\"https:\/\/biotechlerncenter.interpharma.ch\/fr\/sujets\/anticorps\/1-anticorps-monoclonaux-attaque-des-anticorps-contre-le-cancer\/\",\"url\":\"https:\/\/biotechlerncenter.interpharma.ch\/fr\/sujets\/anticorps\/1-anticorps-monoclonaux-attaque-des-anticorps-contre-le-cancer\/\",\"name\":\"1. Anticorps monoclonaux: attaque des anticorps contre le cancer - biotechlerncenter\",\"isPartOf\":{\"@id\":\"https:\/\/biotechlerncenter.interpharma.ch\/#website\"},\"primaryImageOfPage\":{\"@id\":\"https:\/\/biotechlerncenter.interpharma.ch\/fr\/sujets\/anticorps\/1-anticorps-monoclonaux-attaque-des-anticorps-contre-le-cancer\/#primaryimage\"},\"image\":{\"@id\":\"https:\/\/biotechlerncenter.interpharma.ch\/fr\/sujets\/anticorps\/1-anticorps-monoclonaux-attaque-des-anticorps-contre-le-cancer\/#primaryimage\"},\"thumbnailUrl\":\"http:\/\/biotechlerncenter.interpharma.ch\/wp-content\/uploads\/sites\/4\/2020\/01\/mak_900.jpg\",\"datePublished\":\"2026-03-12T16:26:39+00:00\",\"dateModified\":\"2026-03-13T17:35:15+00:00\",\"breadcrumb\":{\"@id\":\"https:\/\/biotechlerncenter.interpharma.ch\/fr\/sujets\/anticorps\/1-anticorps-monoclonaux-attaque-des-anticorps-contre-le-cancer\/#breadcrumb\"},\"inLanguage\":\"fr-FR\",\"potentialAction\":[{\"@type\":\"ReadAction\",\"target\":[\"https:\/\/biotechlerncenter.interpharma.ch\/fr\/sujets\/anticorps\/1-anticorps-monoclonaux-attaque-des-anticorps-contre-le-cancer\/\"]}]},{\"@type\":\"ImageObject\",\"inLanguage\":\"fr-FR\",\"@id\":\"https:\/\/biotechlerncenter.interpharma.ch\/fr\/sujets\/anticorps\/1-anticorps-monoclonaux-attaque-des-anticorps-contre-le-cancer\/#primaryimage\",\"url\":\"http:\/\/biotechlerncenter.interpharma.ch\/wp-content\/uploads\/sites\/4\/2020\/01\/mak_900.jpg\",\"contentUrl\":\"http:\/\/biotechlerncenter.interpharma.ch\/wp-content\/uploads\/sites\/4\/2020\/01\/mak_900.jpg\"},{\"@type\":\"BreadcrumbList\",\"@id\":\"https:\/\/biotechlerncenter.interpharma.ch\/fr\/sujets\/anticorps\/1-anticorps-monoclonaux-attaque-des-anticorps-contre-le-cancer\/#breadcrumb\",\"itemListElement\":[{\"@type\":\"ListItem\",\"position\":1,\"name\":\"Start\",\"item\":\"https:\/\/biotechlerncenter.interpharma.ch\/fr\/\"},{\"@type\":\"ListItem\",\"position\":2,\"name\":\"Sujets\",\"item\":\"https:\/\/biotechlerncenter.interpharma.ch\/fr\/sujets\/\"},{\"@type\":\"ListItem\",\"position\":3,\"name\":\"Anticorps\",\"item\":\"https:\/\/biotechlerncenter.interpharma.ch\/fr\/sujets\/anticorps\/\"},{\"@type\":\"ListItem\",\"position\":4,\"name\":\"1. Anticorps monoclonaux: attaque des anticorps contre le cancer\"}]},{\"@type\":\"WebSite\",\"@id\":\"https:\/\/biotechlerncenter.interpharma.ch\/#website\",\"url\":\"https:\/\/biotechlerncenter.interpharma.ch\/\",\"name\":\"biotechlerncenter\",\"description\":\"\",\"potentialAction\":[{\"@type\":\"SearchAction\",\"target\":{\"@type\":\"EntryPoint\",\"urlTemplate\":\"https:\/\/biotechlerncenter.interpharma.ch\/?s={search_term_string}\"},\"query-input\":{\"@type\":\"PropertyValueSpecification\",\"valueRequired\":true,\"valueName\":\"search_term_string\"}}],\"inLanguage\":\"fr-FR\"}]}<\/script>\n<!-- \/ Yoast SEO Premium plugin. -->","yoast_head_json":{"title":"1. Anticorps monoclonaux: attaque des anticorps contre le cancer - biotechlerncenter","robots":{"index":"index","follow":"follow","max-snippet":"max-snippet:-1","max-image-preview":"max-image-preview:large","max-video-preview":"max-video-preview:-1"},"canonical":"https:\/\/biotechlerncenter.interpharma.ch\/fr\/sujets\/anticorps\/1-anticorps-monoclonaux-attaque-des-anticorps-contre-le-cancer\/","og_locale":"fr_FR","og_type":"article","og_title":"1. Anticorps monoclonaux: attaque des anticorps contre le cancer","og_description":"En mai 1975, deux chercheurs jusqu&rsquo;alors peu connus, Georges K\u00f6hler et C\u00e9sar Milstein, pr\u00e9sent\u00e8rent un rapport \u00e0 la revue scientifique \u00abNature\u00bb qui le publia presque aussit\u00f4t. Les chercheurs y d\u00e9crivaient la production des anticorps monoclonaux. Ils not\u00e8rent en conclusion que cette nouvelle sorte de cultures cellulaires \u00abpourraient \u00eatre utiles en m\u00e9decine et dans l&rsquo;industrie\u00bb. Ils [&hellip;]","og_url":"https:\/\/biotechlerncenter.interpharma.ch\/fr\/sujets\/anticorps\/1-anticorps-monoclonaux-attaque-des-anticorps-contre-le-cancer\/","og_site_name":"biotechlerncenter","article_modified_time":"2026-03-13T17:35:15+00:00","og_image":[{"url":"http:\/\/biotechlerncenter.interpharma.ch\/wp-content\/uploads\/sites\/4\/2020\/01\/mak_900.jpg","type":"","width":"","height":""}],"twitter_card":"summary_large_image","twitter_misc":{"Dur\u00e9e de lecture estim\u00e9e":"5 minutes"},"schema":{"@context":"https:\/\/schema.org","@graph":[{"@type":"WebPage","@id":"https:\/\/biotechlerncenter.interpharma.ch\/fr\/sujets\/anticorps\/1-anticorps-monoclonaux-attaque-des-anticorps-contre-le-cancer\/","url":"https:\/\/biotechlerncenter.interpharma.ch\/fr\/sujets\/anticorps\/1-anticorps-monoclonaux-attaque-des-anticorps-contre-le-cancer\/","name":"1. Anticorps monoclonaux: attaque des anticorps contre le cancer - biotechlerncenter","isPartOf":{"@id":"https:\/\/biotechlerncenter.interpharma.ch\/#website"},"primaryImageOfPage":{"@id":"https:\/\/biotechlerncenter.interpharma.ch\/fr\/sujets\/anticorps\/1-anticorps-monoclonaux-attaque-des-anticorps-contre-le-cancer\/#primaryimage"},"image":{"@id":"https:\/\/biotechlerncenter.interpharma.ch\/fr\/sujets\/anticorps\/1-anticorps-monoclonaux-attaque-des-anticorps-contre-le-cancer\/#primaryimage"},"thumbnailUrl":"http:\/\/biotechlerncenter.interpharma.ch\/wp-content\/uploads\/sites\/4\/2020\/01\/mak_900.jpg","datePublished":"2026-03-12T16:26:39+00:00","dateModified":"2026-03-13T17:35:15+00:00","breadcrumb":{"@id":"https:\/\/biotechlerncenter.interpharma.ch\/fr\/sujets\/anticorps\/1-anticorps-monoclonaux-attaque-des-anticorps-contre-le-cancer\/#breadcrumb"},"inLanguage":"fr-FR","potentialAction":[{"@type":"ReadAction","target":["https:\/\/biotechlerncenter.interpharma.ch\/fr\/sujets\/anticorps\/1-anticorps-monoclonaux-attaque-des-anticorps-contre-le-cancer\/"]}]},{"@type":"ImageObject","inLanguage":"fr-FR","@id":"https:\/\/biotechlerncenter.interpharma.ch\/fr\/sujets\/anticorps\/1-anticorps-monoclonaux-attaque-des-anticorps-contre-le-cancer\/#primaryimage","url":"http:\/\/biotechlerncenter.interpharma.ch\/wp-content\/uploads\/sites\/4\/2020\/01\/mak_900.jpg","contentUrl":"http:\/\/biotechlerncenter.interpharma.ch\/wp-content\/uploads\/sites\/4\/2020\/01\/mak_900.jpg"},{"@type":"BreadcrumbList","@id":"https:\/\/biotechlerncenter.interpharma.ch\/fr\/sujets\/anticorps\/1-anticorps-monoclonaux-attaque-des-anticorps-contre-le-cancer\/#breadcrumb","itemListElement":[{"@type":"ListItem","position":1,"name":"Start","item":"https:\/\/biotechlerncenter.interpharma.ch\/fr\/"},{"@type":"ListItem","position":2,"name":"Sujets","item":"https:\/\/biotechlerncenter.interpharma.ch\/fr\/sujets\/"},{"@type":"ListItem","position":3,"name":"Anticorps","item":"https:\/\/biotechlerncenter.interpharma.ch\/fr\/sujets\/anticorps\/"},{"@type":"ListItem","position":4,"name":"1. Anticorps monoclonaux: attaque des anticorps contre le cancer"}]},{"@type":"WebSite","@id":"https:\/\/biotechlerncenter.interpharma.ch\/#website","url":"https:\/\/biotechlerncenter.interpharma.ch\/","name":"biotechlerncenter","description":"","potentialAction":[{"@type":"SearchAction","target":{"@type":"EntryPoint","urlTemplate":"https:\/\/biotechlerncenter.interpharma.ch\/?s={search_term_string}"},"query-input":{"@type":"PropertyValueSpecification","valueRequired":true,"valueName":"search_term_string"}}],"inLanguage":"fr-FR"}]}},"_links":{"self":[{"href":"https:\/\/biotechlerncenter.interpharma.ch\/fr\/wp-json\/wp\/v2\/pages\/950","targetHints":{"allow":["GET"]}}],"collection":[{"href":"https:\/\/biotechlerncenter.interpharma.ch\/fr\/wp-json\/wp\/v2\/pages"}],"about":[{"href":"https:\/\/biotechlerncenter.interpharma.ch\/fr\/wp-json\/wp\/v2\/types\/page"}],"author":[{"embeddable":true,"href":"https:\/\/biotechlerncenter.interpharma.ch\/fr\/wp-json\/wp\/v2\/users\/1"}],"replies":[{"embeddable":true,"href":"https:\/\/biotechlerncenter.interpharma.ch\/fr\/wp-json\/wp\/v2\/comments?post=950"}],"version-history":[{"count":3,"href":"https:\/\/biotechlerncenter.interpharma.ch\/fr\/wp-json\/wp\/v2\/pages\/950\/revisions"}],"predecessor-version":[{"id":3243,"href":"https:\/\/biotechlerncenter.interpharma.ch\/fr\/wp-json\/wp\/v2\/pages\/950\/revisions\/3243"}],"up":[{"embeddable":true,"href":"https:\/\/biotechlerncenter.interpharma.ch\/fr\/wp-json\/wp\/v2\/pages\/982"}],"wp:attachment":[{"href":"https:\/\/biotechlerncenter.interpharma.ch\/fr\/wp-json\/wp\/v2\/media?parent=950"}],"curies":[{"name":"wp","href":"https:\/\/api.w.org\/{rel}","templated":true}]}}