{"id":930,"date":"2026-03-12T17:26:38","date_gmt":"2026-03-12T16:26:38","guid":{"rendered":"https:\/\/biotechlerncenter.iph-multisite.berta-bewegt.ch\/?page_id=930"},"modified":"2026-03-12T17:26:38","modified_gmt":"2026-03-12T16:26:38","slug":"8-aspects-ethiques-les-medicaments-nouveaux-et-efficaces-sont-chers","status":"publish","type":"page","link":"https:\/\/biotechlerncenter.interpharma.ch\/fr\/sujets\/medicaments-anti-cancereux\/8-aspects-ethiques-les-medicaments-nouveaux-et-efficaces-sont-chers\/","title":{"rendered":"8. Aspects \u00e9thiques: les m\u00e9dicaments, nouveaux et efficaces, sont chers"},"content":{"rendered":"\n<p>Combien peuvent co\u00fbter les ann\u00e9es de vie suppl\u00e9mentaires? 10&rsquo;000 francs? 100&rsquo;000 francs? Qui doit et qui a le droit de prendre cette d\u00e9cision? Qui doit payer ces m\u00e9dicaments si chers?<\/p>\n\n\n\n<p>Les nouveaux m\u00e9dicaments anti-canc\u00e9reux ont contribu\u00e9 \u00e0 ce que la peur du diagnostic ne soit plus aussi importante. Dans le cas du cancer du sein par exemple, des am\u00e9liorations importantes ont \u00e9t\u00e9 atteintes ces derni\u00e8res ann\u00e9es. Jusqu&rsquo;\u00e0 la fin des ann\u00e9es 70, les patientes atteintes du cancer du sein n&rsquo;\u00e9taient trait\u00e9es que par chirurgie et la plupart du temps, le sein concern\u00e9 devait \u00eatre amput\u00e9. De nos jours, un traitement individuel est compos\u00e9 \u00e0 partir de diverses options th\u00e9rapeutiques. Le traitement m\u00e9dicamenteux cons\u00e9cutif peut souvent emp\u00eacher la r\u00e9apparition de la tumeur ou du moins la retarder.<\/p>\n\n\n\n<p>Les nouveaux m\u00e9dicaments ont toutefois leur prix: ils sont souvent tr\u00e8s chers en raison des co\u00fbts \u00e9lev\u00e9s pour la recherche et le d\u00e9veloppement. Dans les pays o\u00f9 l&rsquo;assurance-maladie n&rsquo;est pas obligatoire notamment, les patients non assur\u00e9s ne peuvent pas s&rsquo;offrir un tel traitement.<\/p>\n\n\n\n<p>Dans le cas de maladies mettant la vie en danger, il est important d&rsquo;avoir rapidement acc\u00e8s aux nouveaux m\u00e9dicaments. Diverses entreprises pharmaceutiques tentent de cr\u00e9er des programmes correspondants et donnent des m\u00e9dicaments \u00e0 prix r\u00e9duit. Malgr\u00e9 tout, plusieurs oncologues, diverses organisations de patients ainsi que les \u00e9conomistes de la sant\u00e9 se posent la question suivante: les co\u00fbts suppl\u00e9mentaires des nouveaux m\u00e9dicaments sont-ils encore fond\u00e9s surtout si la pr\u00e9paration ne conduit pas \u00e0 la gu\u00e9rison mais \u00e0 un sursis uniquement?<\/p>\n","protected":false},"excerpt":{"rendered":"<p>Combien peuvent co\u00fbter les ann\u00e9es de vie suppl\u00e9mentaires? 10&rsquo;000 francs? 100&rsquo;000 francs? Qui doit et qui a le droit de prendre cette d\u00e9cision? Qui doit payer ces m\u00e9dicaments si chers? Les nouveaux m\u00e9dicaments anti-canc\u00e9reux ont contribu\u00e9 \u00e0 ce que la peur du diagnostic ne soit plus aussi importante. Dans le cas du cancer du sein [&hellip;]<\/p>\n","protected":false},"author":1,"featured_media":0,"parent":946,"menu_order":7,"comment_status":"closed","ping_status":"closed","template":"page-templates\/unterthema.php","meta":{"_acf_changed":false,"inline_featured_image":false,"footnotes":""},"class_list":["post-930","page","type-page","status-publish","hentry"],"acf":[],"yoast_head":"<!-- This site is optimized with the Yoast SEO Premium plugin v27.2 (Yoast SEO v27.2) - https:\/\/yoast.com\/product\/yoast-seo-premium-wordpress\/ -->\n<title>8. Aspects \u00e9thiques: les m\u00e9dicaments, nouveaux et efficaces, sont chers - biotechlerncenter<\/title>\n<meta name=\"robots\" content=\"index, follow, max-snippet:-1, max-image-preview:large, max-video-preview:-1\" \/>\n<link rel=\"canonical\" href=\"https:\/\/biotechlerncenter.interpharma.ch\/themen\/krebs-neue-medikamente\/8-ethische-aspekte-neue-wirksame-medikamente-sind-teuer\/\" \/>\n<meta property=\"og:locale\" content=\"fr_FR\" \/>\n<meta property=\"og:type\" content=\"article\" \/>\n<meta property=\"og:title\" content=\"8. Aspects \u00e9thiques: les m\u00e9dicaments, nouveaux et efficaces, sont chers\" \/>\n<meta property=\"og:description\" content=\"Combien peuvent co\u00fbter les ann\u00e9es de vie suppl\u00e9mentaires? 10&rsquo;000 francs? 100&rsquo;000 francs? Qui doit et qui a le droit de prendre cette d\u00e9cision? Qui doit payer ces m\u00e9dicaments si chers? Les nouveaux m\u00e9dicaments anti-canc\u00e9reux ont contribu\u00e9 \u00e0 ce que la peur du diagnostic ne soit plus aussi importante. Dans le cas du cancer du sein [&hellip;]\" \/>\n<meta property=\"og:url\" content=\"https:\/\/biotechlerncenter.interpharma.ch\/themen\/krebs-neue-medikamente\/8-ethische-aspekte-neue-wirksame-medikamente-sind-teuer\/\" \/>\n<meta property=\"og:site_name\" content=\"biotechlerncenter\" \/>\n<meta name=\"twitter:card\" content=\"summary_large_image\" \/>\n<meta name=\"twitter:label1\" content=\"Dur\u00e9e de lecture estim\u00e9e\" \/>\n\t<meta name=\"twitter:data1\" content=\"1 minute\" \/>\n<script type=\"application\/ld+json\" class=\"yoast-schema-graph\">{\"@context\":\"https:\/\/schema.org\",\"@graph\":[{\"@type\":\"WebPage\",\"@id\":\"https:\/\/biotechlerncenter.interpharma.ch\/themen\/krebs-neue-medikamente\/8-ethische-aspekte-neue-wirksame-medikamente-sind-teuer\/\",\"url\":\"https:\/\/biotechlerncenter.interpharma.ch\/themen\/krebs-neue-medikamente\/8-ethische-aspekte-neue-wirksame-medikamente-sind-teuer\/\",\"name\":\"8. Aspects \u00e9thiques: les m\u00e9dicaments, nouveaux et efficaces, sont chers - biotechlerncenter\",\"isPartOf\":{\"@id\":\"https:\/\/biotechlerncenter.interpharma.ch\/#website\"},\"datePublished\":\"2026-03-12T16:26:38+00:00\",\"breadcrumb\":{\"@id\":\"https:\/\/biotechlerncenter.interpharma.ch\/themen\/krebs-neue-medikamente\/8-ethische-aspekte-neue-wirksame-medikamente-sind-teuer\/#breadcrumb\"},\"inLanguage\":\"fr-FR\",\"potentialAction\":[{\"@type\":\"ReadAction\",\"target\":[\"https:\/\/biotechlerncenter.interpharma.ch\/themen\/krebs-neue-medikamente\/8-ethische-aspekte-neue-wirksame-medikamente-sind-teuer\/\"]}]},{\"@type\":\"BreadcrumbList\",\"@id\":\"https:\/\/biotechlerncenter.interpharma.ch\/themen\/krebs-neue-medikamente\/8-ethische-aspekte-neue-wirksame-medikamente-sind-teuer\/#breadcrumb\",\"itemListElement\":[{\"@type\":\"ListItem\",\"position\":1,\"name\":\"Start\",\"item\":\"https:\/\/biotechlerncenter.interpharma.ch\/fr\/\"},{\"@type\":\"ListItem\",\"position\":2,\"name\":\"Sujets\",\"item\":\"https:\/\/biotechlerncenter.interpharma.ch\/fr\/sujets\/\"},{\"@type\":\"ListItem\",\"position\":3,\"name\":\"M\u00e9dicaments anti-canc\u00e9reux\",\"item\":\"https:\/\/biotechlerncenter.interpharma.ch\/fr\/sujets\/medicaments-anti-cancereux\/\"},{\"@type\":\"ListItem\",\"position\":4,\"name\":\"8. Aspects \u00e9thiques: les m\u00e9dicaments, nouveaux et efficaces, sont chers\"}]},{\"@type\":\"WebSite\",\"@id\":\"https:\/\/biotechlerncenter.interpharma.ch\/#website\",\"url\":\"https:\/\/biotechlerncenter.interpharma.ch\/\",\"name\":\"biotechlerncenter\",\"description\":\"\",\"potentialAction\":[{\"@type\":\"SearchAction\",\"target\":{\"@type\":\"EntryPoint\",\"urlTemplate\":\"https:\/\/biotechlerncenter.interpharma.ch\/?s={search_term_string}\"},\"query-input\":{\"@type\":\"PropertyValueSpecification\",\"valueRequired\":true,\"valueName\":\"search_term_string\"}}],\"inLanguage\":\"fr-FR\"}]}<\/script>\n<!-- \/ Yoast SEO Premium plugin. -->","yoast_head_json":{"title":"8. Aspects \u00e9thiques: les m\u00e9dicaments, nouveaux et efficaces, sont chers - biotechlerncenter","robots":{"index":"index","follow":"follow","max-snippet":"max-snippet:-1","max-image-preview":"max-image-preview:large","max-video-preview":"max-video-preview:-1"},"canonical":"https:\/\/biotechlerncenter.interpharma.ch\/themen\/krebs-neue-medikamente\/8-ethische-aspekte-neue-wirksame-medikamente-sind-teuer\/","og_locale":"fr_FR","og_type":"article","og_title":"8. Aspects \u00e9thiques: les m\u00e9dicaments, nouveaux et efficaces, sont chers","og_description":"Combien peuvent co\u00fbter les ann\u00e9es de vie suppl\u00e9mentaires? 10&rsquo;000 francs? 100&rsquo;000 francs? Qui doit et qui a le droit de prendre cette d\u00e9cision? Qui doit payer ces m\u00e9dicaments si chers? Les nouveaux m\u00e9dicaments anti-canc\u00e9reux ont contribu\u00e9 \u00e0 ce que la peur du diagnostic ne soit plus aussi importante. Dans le cas du cancer du sein [&hellip;]","og_url":"https:\/\/biotechlerncenter.interpharma.ch\/themen\/krebs-neue-medikamente\/8-ethische-aspekte-neue-wirksame-medikamente-sind-teuer\/","og_site_name":"biotechlerncenter","twitter_card":"summary_large_image","twitter_misc":{"Dur\u00e9e de lecture estim\u00e9e":"1 minute"},"schema":{"@context":"https:\/\/schema.org","@graph":[{"@type":"WebPage","@id":"https:\/\/biotechlerncenter.interpharma.ch\/themen\/krebs-neue-medikamente\/8-ethische-aspekte-neue-wirksame-medikamente-sind-teuer\/","url":"https:\/\/biotechlerncenter.interpharma.ch\/themen\/krebs-neue-medikamente\/8-ethische-aspekte-neue-wirksame-medikamente-sind-teuer\/","name":"8. Aspects \u00e9thiques: les m\u00e9dicaments, nouveaux et efficaces, sont chers - biotechlerncenter","isPartOf":{"@id":"https:\/\/biotechlerncenter.interpharma.ch\/#website"},"datePublished":"2026-03-12T16:26:38+00:00","breadcrumb":{"@id":"https:\/\/biotechlerncenter.interpharma.ch\/themen\/krebs-neue-medikamente\/8-ethische-aspekte-neue-wirksame-medikamente-sind-teuer\/#breadcrumb"},"inLanguage":"fr-FR","potentialAction":[{"@type":"ReadAction","target":["https:\/\/biotechlerncenter.interpharma.ch\/themen\/krebs-neue-medikamente\/8-ethische-aspekte-neue-wirksame-medikamente-sind-teuer\/"]}]},{"@type":"BreadcrumbList","@id":"https:\/\/biotechlerncenter.interpharma.ch\/themen\/krebs-neue-medikamente\/8-ethische-aspekte-neue-wirksame-medikamente-sind-teuer\/#breadcrumb","itemListElement":[{"@type":"ListItem","position":1,"name":"Start","item":"https:\/\/biotechlerncenter.interpharma.ch\/fr\/"},{"@type":"ListItem","position":2,"name":"Sujets","item":"https:\/\/biotechlerncenter.interpharma.ch\/fr\/sujets\/"},{"@type":"ListItem","position":3,"name":"M\u00e9dicaments anti-canc\u00e9reux","item":"https:\/\/biotechlerncenter.interpharma.ch\/fr\/sujets\/medicaments-anti-cancereux\/"},{"@type":"ListItem","position":4,"name":"8. Aspects \u00e9thiques: les m\u00e9dicaments, nouveaux et efficaces, sont chers"}]},{"@type":"WebSite","@id":"https:\/\/biotechlerncenter.interpharma.ch\/#website","url":"https:\/\/biotechlerncenter.interpharma.ch\/","name":"biotechlerncenter","description":"","potentialAction":[{"@type":"SearchAction","target":{"@type":"EntryPoint","urlTemplate":"https:\/\/biotechlerncenter.interpharma.ch\/?s={search_term_string}"},"query-input":{"@type":"PropertyValueSpecification","valueRequired":true,"valueName":"search_term_string"}}],"inLanguage":"fr-FR"}]}},"_links":{"self":[{"href":"https:\/\/biotechlerncenter.interpharma.ch\/fr\/wp-json\/wp\/v2\/pages\/930","targetHints":{"allow":["GET"]}}],"collection":[{"href":"https:\/\/biotechlerncenter.interpharma.ch\/fr\/wp-json\/wp\/v2\/pages"}],"about":[{"href":"https:\/\/biotechlerncenter.interpharma.ch\/fr\/wp-json\/wp\/v2\/types\/page"}],"author":[{"embeddable":true,"href":"https:\/\/biotechlerncenter.interpharma.ch\/fr\/wp-json\/wp\/v2\/users\/1"}],"replies":[{"embeddable":true,"href":"https:\/\/biotechlerncenter.interpharma.ch\/fr\/wp-json\/wp\/v2\/comments?post=930"}],"version-history":[{"count":1,"href":"https:\/\/biotechlerncenter.interpharma.ch\/fr\/wp-json\/wp\/v2\/pages\/930\/revisions"}],"predecessor-version":[{"id":931,"href":"https:\/\/biotechlerncenter.interpharma.ch\/fr\/wp-json\/wp\/v2\/pages\/930\/revisions\/931"}],"up":[{"embeddable":true,"href":"https:\/\/biotechlerncenter.interpharma.ch\/fr\/wp-json\/wp\/v2\/pages\/946"}],"wp:attachment":[{"href":"https:\/\/biotechlerncenter.interpharma.ch\/fr\/wp-json\/wp\/v2\/media?parent=930"}],"curies":[{"name":"wp","href":"https:\/\/api.w.org\/{rel}","templated":true}]}}