{"id":926,"date":"2026-03-12T17:26:38","date_gmt":"2026-03-12T16:26:38","guid":{"rendered":"https:\/\/biotechlerncenter.iph-multisite.berta-bewegt.ch\/?page_id=926"},"modified":"2026-03-13T18:29:23","modified_gmt":"2026-03-13T17:29:23","slug":"7-diagnostic-et-traitement-vont-de-pair","status":"publish","type":"page","link":"https:\/\/biotechlerncenter.interpharma.ch\/fr\/sujets\/medicaments-anti-cancereux\/7-diagnostic-et-traitement-vont-de-pair\/","title":{"rendered":"7. Diagnostic et traitement vont de pair"},"content":{"rendered":"\n<p>Les progr\u00e8s dans l&rsquo;\u00e9tablissement du diagnostic vont \u00e9galement de pair avec le d\u00e9veloppement d&rsquo;un nouveau m\u00e9dicament. Le m\u00e9decin doit tout d&rsquo;abord conna\u00eetre le type de cancer du patient et les mutations g\u00e9n\u00e9tiques qui ont conduit \u00e0 cette maladie. Ce n&rsquo;est qu&rsquo;\u00e0 ce moment-l\u00e0 que l&rsquo;on va entamer un traitement \u00e0 succ\u00e8s.<\/p>\n\n\n\n<p>De tels tests de diagnostic sont effectu\u00e9s de nos jours \u00e0 l&rsquo;aide de \u00abpuces g\u00e9n\u00e9tiques\u00bb. Ces \u00abpuces\u00bb savent faire deux choses importantes pour diagnostiquer le cancer. Elles peuvent d\u00e9celer les mutations dans certains g\u00e8nes et en m\u00eame temps, v\u00e9rifier l&rsquo;activit\u00e9 de milliers de g\u00e8nes \u2013 elles indiquent ainsi aux m\u00e9decins quels sont les g\u00e8nes de la tumeur qui sont plus actifs qu&rsquo;ils ne le devraient et ceux qui le sont moins. Cette information est cruciale pour la justesse du choix du traitement.<\/p>\n\n\n\n<p>Outre ces \u00abpuces\u00bb, il existe d&rsquo;autres m\u00e9thodes traditionnelles pour d\u00e9celer un cancer. Le film pr\u00e9sente les m\u00e9thodes avec lesquelles on peut diagnostiquer les cancers du sein et du col\u00f4n ainsi que le lymphome non-hodgkinien.<\/p>\n\n\n\n<figure class=\"wp-block-embed-youtube wp-block-embed is-type-video is-provider-youtube wp-embed-aspect-4-3 wp-has-aspect-ratio\"><div class=\"wp-block-embed__wrapper\">\n<iframe loading=\"lazy\" title=\"Gen-Chip - Interpharma\" width=\"500\" height=\"375\" src=\"https:\/\/www.youtube.com\/embed\/xWKiVnpUCWQ?feature=oembed\" frameborder=\"0\" allow=\"accelerometer; autoplay; clipboard-write; encrypted-media; gyroscope; picture-in-picture; web-share\" referrerpolicy=\"strict-origin-when-cross-origin\" allowfullscreen><\/iframe>\n<\/div><figcaption>Eric Lander, Professeur \u00e0 l&rsquo;Institute of Technology du Massachusetts (MIT) d\u00e9crit la mani\u00e8re de fabriquer des \u00ab puces \u00e0 g\u00e8nes \u00bb. Source : Howard Hughes Medical Institute<\/figcaption><\/figure>\n\n\n\n<figure class=\"wp-block-embed-youtube wp-block-embed is-type-video is-provider-youtube wp-embed-aspect-4-3 wp-has-aspect-ratio\"><div class=\"wp-block-embed__wrapper\">\n<iframe loading=\"lazy\" title=\"Methoden der Krebsdiagnose - Interpharma\" width=\"500\" height=\"375\" src=\"https:\/\/www.youtube.com\/embed\/eOcmNkwtxQg?feature=oembed\" frameborder=\"0\" allow=\"accelerometer; autoplay; clipboard-write; encrypted-media; gyroscope; picture-in-picture; web-share\" referrerpolicy=\"strict-origin-when-cross-origin\" allowfullscreen><\/iframe>\n<\/div><figcaption>M\u00e9thodes de diagnostic du cancer. Source : Roche, Health Kiosk, 2003<\/figcaption><\/figure>\n\n\n\n<figure class=\"wp-block-image size-large\"><img decoding=\"async\" src=\"http:\/\/biotechlerncenter.interpharma.ch\/wp-content\/uploads\/sites\/4\/2020\/01\/istock_genchips_900.jpg\" alt=\"\" class=\"wp-image-3446\"\/><figcaption>A l&rsquo;aide de \u00abpuces \u00e0 g\u00e8nes\u00bb, les scientifiques peuvent reconna\u00eetre les g\u00e8nes de la tumeur qui sont plus actifs que normalement.<\/figcaption><\/figure>\n","protected":false},"excerpt":{"rendered":"<p>Les progr\u00e8s dans l&rsquo;\u00e9tablissement du diagnostic vont \u00e9galement de pair avec le d\u00e9veloppement d&rsquo;un nouveau m\u00e9dicament. Le m\u00e9decin doit tout d&rsquo;abord conna\u00eetre le type de cancer du patient et les mutations g\u00e9n\u00e9tiques qui ont conduit \u00e0 cette maladie. Ce n&rsquo;est qu&rsquo;\u00e0 ce moment-l\u00e0 que l&rsquo;on va entamer un traitement \u00e0 succ\u00e8s. De tels tests de [&hellip;]<\/p>\n","protected":false},"author":1,"featured_media":0,"parent":946,"menu_order":6,"comment_status":"closed","ping_status":"closed","template":"page-templates\/unterthema.php","meta":{"_acf_changed":false,"inline_featured_image":false,"footnotes":""},"class_list":["post-926","page","type-page","status-publish","hentry"],"acf":[],"yoast_head":"<!-- This site is optimized with the Yoast SEO Premium plugin v27.2 (Yoast SEO v27.2) - https:\/\/yoast.com\/product\/yoast-seo-premium-wordpress\/ -->\n<title>7. Diagnostic et traitement vont de pair - biotechlerncenter<\/title>\n<meta name=\"robots\" content=\"index, follow, max-snippet:-1, max-image-preview:large, max-video-preview:-1\" \/>\n<link rel=\"canonical\" href=\"https:\/\/biotechlerncenter.interpharma.ch\/themen\/krebs-neue-medikamente\/7-diagnose-und-therapie-gehen-hand-in-hand\/\" \/>\n<meta property=\"og:locale\" content=\"fr_FR\" \/>\n<meta property=\"og:type\" content=\"article\" \/>\n<meta property=\"og:title\" content=\"7. Diagnostic et traitement vont de pair\" \/>\n<meta property=\"og:description\" content=\"Les progr\u00e8s dans l&rsquo;\u00e9tablissement du diagnostic vont \u00e9galement de pair avec le d\u00e9veloppement d&rsquo;un nouveau m\u00e9dicament. Le m\u00e9decin doit tout d&rsquo;abord conna\u00eetre le type de cancer du patient et les mutations g\u00e9n\u00e9tiques qui ont conduit \u00e0 cette maladie. Ce n&rsquo;est qu&rsquo;\u00e0 ce moment-l\u00e0 que l&rsquo;on va entamer un traitement \u00e0 succ\u00e8s. De tels tests de [&hellip;]\" \/>\n<meta property=\"og:url\" content=\"https:\/\/biotechlerncenter.interpharma.ch\/themen\/krebs-neue-medikamente\/7-diagnose-und-therapie-gehen-hand-in-hand\/\" \/>\n<meta property=\"og:site_name\" content=\"biotechlerncenter\" \/>\n<meta property=\"article:modified_time\" content=\"2026-03-13T17:29:23+00:00\" \/>\n<meta property=\"og:image\" content=\"http:\/\/biotechlerncenter.interpharma.ch\/wp-content\/uploads\/sites\/4\/2020\/01\/istock_genchips_900.jpg\" \/>\n<meta name=\"twitter:card\" content=\"summary_large_image\" \/>\n<meta name=\"twitter:label1\" content=\"Dur\u00e9e de lecture estim\u00e9e\" \/>\n\t<meta name=\"twitter:data1\" content=\"2 minutes\" \/>\n<script type=\"application\/ld+json\" class=\"yoast-schema-graph\">{\"@context\":\"https:\/\/schema.org\",\"@graph\":[{\"@type\":\"WebPage\",\"@id\":\"https:\/\/biotechlerncenter.interpharma.ch\/themen\/krebs-neue-medikamente\/7-diagnose-und-therapie-gehen-hand-in-hand\/\",\"url\":\"https:\/\/biotechlerncenter.interpharma.ch\/themen\/krebs-neue-medikamente\/7-diagnose-und-therapie-gehen-hand-in-hand\/\",\"name\":\"7. Diagnostic et traitement vont de pair - biotechlerncenter\",\"isPartOf\":{\"@id\":\"https:\/\/biotechlerncenter.interpharma.ch\/#website\"},\"primaryImageOfPage\":{\"@id\":\"https:\/\/biotechlerncenter.interpharma.ch\/themen\/krebs-neue-medikamente\/7-diagnose-und-therapie-gehen-hand-in-hand\/#primaryimage\"},\"image\":{\"@id\":\"https:\/\/biotechlerncenter.interpharma.ch\/themen\/krebs-neue-medikamente\/7-diagnose-und-therapie-gehen-hand-in-hand\/#primaryimage\"},\"thumbnailUrl\":\"http:\/\/biotechlerncenter.interpharma.ch\/wp-content\/uploads\/sites\/4\/2020\/01\/istock_genchips_900.jpg\",\"datePublished\":\"2026-03-12T16:26:38+00:00\",\"dateModified\":\"2026-03-13T17:29:23+00:00\",\"breadcrumb\":{\"@id\":\"https:\/\/biotechlerncenter.interpharma.ch\/themen\/krebs-neue-medikamente\/7-diagnose-und-therapie-gehen-hand-in-hand\/#breadcrumb\"},\"inLanguage\":\"fr-FR\",\"potentialAction\":[{\"@type\":\"ReadAction\",\"target\":[\"https:\/\/biotechlerncenter.interpharma.ch\/themen\/krebs-neue-medikamente\/7-diagnose-und-therapie-gehen-hand-in-hand\/\"]}]},{\"@type\":\"ImageObject\",\"inLanguage\":\"fr-FR\",\"@id\":\"https:\/\/biotechlerncenter.interpharma.ch\/themen\/krebs-neue-medikamente\/7-diagnose-und-therapie-gehen-hand-in-hand\/#primaryimage\",\"url\":\"http:\/\/biotechlerncenter.interpharma.ch\/wp-content\/uploads\/sites\/4\/2020\/01\/istock_genchips_900.jpg\",\"contentUrl\":\"http:\/\/biotechlerncenter.interpharma.ch\/wp-content\/uploads\/sites\/4\/2020\/01\/istock_genchips_900.jpg\"},{\"@type\":\"BreadcrumbList\",\"@id\":\"https:\/\/biotechlerncenter.interpharma.ch\/themen\/krebs-neue-medikamente\/7-diagnose-und-therapie-gehen-hand-in-hand\/#breadcrumb\",\"itemListElement\":[{\"@type\":\"ListItem\",\"position\":1,\"name\":\"Start\",\"item\":\"https:\/\/biotechlerncenter.interpharma.ch\/fr\/\"},{\"@type\":\"ListItem\",\"position\":2,\"name\":\"Sujets\",\"item\":\"https:\/\/biotechlerncenter.interpharma.ch\/fr\/sujets\/\"},{\"@type\":\"ListItem\",\"position\":3,\"name\":\"M\u00e9dicaments anti-canc\u00e9reux\",\"item\":\"https:\/\/biotechlerncenter.interpharma.ch\/fr\/sujets\/medicaments-anti-cancereux\/\"},{\"@type\":\"ListItem\",\"position\":4,\"name\":\"7. Diagnostic et traitement vont de pair\"}]},{\"@type\":\"WebSite\",\"@id\":\"https:\/\/biotechlerncenter.interpharma.ch\/#website\",\"url\":\"https:\/\/biotechlerncenter.interpharma.ch\/\",\"name\":\"biotechlerncenter\",\"description\":\"\",\"potentialAction\":[{\"@type\":\"SearchAction\",\"target\":{\"@type\":\"EntryPoint\",\"urlTemplate\":\"https:\/\/biotechlerncenter.interpharma.ch\/?s={search_term_string}\"},\"query-input\":{\"@type\":\"PropertyValueSpecification\",\"valueRequired\":true,\"valueName\":\"search_term_string\"}}],\"inLanguage\":\"fr-FR\"}]}<\/script>\n<!-- \/ Yoast SEO Premium plugin. -->","yoast_head_json":{"title":"7. Diagnostic et traitement vont de pair - biotechlerncenter","robots":{"index":"index","follow":"follow","max-snippet":"max-snippet:-1","max-image-preview":"max-image-preview:large","max-video-preview":"max-video-preview:-1"},"canonical":"https:\/\/biotechlerncenter.interpharma.ch\/themen\/krebs-neue-medikamente\/7-diagnose-und-therapie-gehen-hand-in-hand\/","og_locale":"fr_FR","og_type":"article","og_title":"7. Diagnostic et traitement vont de pair","og_description":"Les progr\u00e8s dans l&rsquo;\u00e9tablissement du diagnostic vont \u00e9galement de pair avec le d\u00e9veloppement d&rsquo;un nouveau m\u00e9dicament. Le m\u00e9decin doit tout d&rsquo;abord conna\u00eetre le type de cancer du patient et les mutations g\u00e9n\u00e9tiques qui ont conduit \u00e0 cette maladie. Ce n&rsquo;est qu&rsquo;\u00e0 ce moment-l\u00e0 que l&rsquo;on va entamer un traitement \u00e0 succ\u00e8s. De tels tests de [&hellip;]","og_url":"https:\/\/biotechlerncenter.interpharma.ch\/themen\/krebs-neue-medikamente\/7-diagnose-und-therapie-gehen-hand-in-hand\/","og_site_name":"biotechlerncenter","article_modified_time":"2026-03-13T17:29:23+00:00","og_image":[{"url":"http:\/\/biotechlerncenter.interpharma.ch\/wp-content\/uploads\/sites\/4\/2020\/01\/istock_genchips_900.jpg","type":"","width":"","height":""}],"twitter_card":"summary_large_image","twitter_misc":{"Dur\u00e9e de lecture estim\u00e9e":"2 minutes"},"schema":{"@context":"https:\/\/schema.org","@graph":[{"@type":"WebPage","@id":"https:\/\/biotechlerncenter.interpharma.ch\/themen\/krebs-neue-medikamente\/7-diagnose-und-therapie-gehen-hand-in-hand\/","url":"https:\/\/biotechlerncenter.interpharma.ch\/themen\/krebs-neue-medikamente\/7-diagnose-und-therapie-gehen-hand-in-hand\/","name":"7. Diagnostic et traitement vont de pair - biotechlerncenter","isPartOf":{"@id":"https:\/\/biotechlerncenter.interpharma.ch\/#website"},"primaryImageOfPage":{"@id":"https:\/\/biotechlerncenter.interpharma.ch\/themen\/krebs-neue-medikamente\/7-diagnose-und-therapie-gehen-hand-in-hand\/#primaryimage"},"image":{"@id":"https:\/\/biotechlerncenter.interpharma.ch\/themen\/krebs-neue-medikamente\/7-diagnose-und-therapie-gehen-hand-in-hand\/#primaryimage"},"thumbnailUrl":"http:\/\/biotechlerncenter.interpharma.ch\/wp-content\/uploads\/sites\/4\/2020\/01\/istock_genchips_900.jpg","datePublished":"2026-03-12T16:26:38+00:00","dateModified":"2026-03-13T17:29:23+00:00","breadcrumb":{"@id":"https:\/\/biotechlerncenter.interpharma.ch\/themen\/krebs-neue-medikamente\/7-diagnose-und-therapie-gehen-hand-in-hand\/#breadcrumb"},"inLanguage":"fr-FR","potentialAction":[{"@type":"ReadAction","target":["https:\/\/biotechlerncenter.interpharma.ch\/themen\/krebs-neue-medikamente\/7-diagnose-und-therapie-gehen-hand-in-hand\/"]}]},{"@type":"ImageObject","inLanguage":"fr-FR","@id":"https:\/\/biotechlerncenter.interpharma.ch\/themen\/krebs-neue-medikamente\/7-diagnose-und-therapie-gehen-hand-in-hand\/#primaryimage","url":"http:\/\/biotechlerncenter.interpharma.ch\/wp-content\/uploads\/sites\/4\/2020\/01\/istock_genchips_900.jpg","contentUrl":"http:\/\/biotechlerncenter.interpharma.ch\/wp-content\/uploads\/sites\/4\/2020\/01\/istock_genchips_900.jpg"},{"@type":"BreadcrumbList","@id":"https:\/\/biotechlerncenter.interpharma.ch\/themen\/krebs-neue-medikamente\/7-diagnose-und-therapie-gehen-hand-in-hand\/#breadcrumb","itemListElement":[{"@type":"ListItem","position":1,"name":"Start","item":"https:\/\/biotechlerncenter.interpharma.ch\/fr\/"},{"@type":"ListItem","position":2,"name":"Sujets","item":"https:\/\/biotechlerncenter.interpharma.ch\/fr\/sujets\/"},{"@type":"ListItem","position":3,"name":"M\u00e9dicaments anti-canc\u00e9reux","item":"https:\/\/biotechlerncenter.interpharma.ch\/fr\/sujets\/medicaments-anti-cancereux\/"},{"@type":"ListItem","position":4,"name":"7. Diagnostic et traitement vont de pair"}]},{"@type":"WebSite","@id":"https:\/\/biotechlerncenter.interpharma.ch\/#website","url":"https:\/\/biotechlerncenter.interpharma.ch\/","name":"biotechlerncenter","description":"","potentialAction":[{"@type":"SearchAction","target":{"@type":"EntryPoint","urlTemplate":"https:\/\/biotechlerncenter.interpharma.ch\/?s={search_term_string}"},"query-input":{"@type":"PropertyValueSpecification","valueRequired":true,"valueName":"search_term_string"}}],"inLanguage":"fr-FR"}]}},"_links":{"self":[{"href":"https:\/\/biotechlerncenter.interpharma.ch\/fr\/wp-json\/wp\/v2\/pages\/926","targetHints":{"allow":["GET"]}}],"collection":[{"href":"https:\/\/biotechlerncenter.interpharma.ch\/fr\/wp-json\/wp\/v2\/pages"}],"about":[{"href":"https:\/\/biotechlerncenter.interpharma.ch\/fr\/wp-json\/wp\/v2\/types\/page"}],"author":[{"embeddable":true,"href":"https:\/\/biotechlerncenter.interpharma.ch\/fr\/wp-json\/wp\/v2\/users\/1"}],"replies":[{"embeddable":true,"href":"https:\/\/biotechlerncenter.interpharma.ch\/fr\/wp-json\/wp\/v2\/comments?post=926"}],"version-history":[{"count":3,"href":"https:\/\/biotechlerncenter.interpharma.ch\/fr\/wp-json\/wp\/v2\/pages\/926\/revisions"}],"predecessor-version":[{"id":3231,"href":"https:\/\/biotechlerncenter.interpharma.ch\/fr\/wp-json\/wp\/v2\/pages\/926\/revisions\/3231"}],"up":[{"embeddable":true,"href":"https:\/\/biotechlerncenter.interpharma.ch\/fr\/wp-json\/wp\/v2\/pages\/946"}],"wp:attachment":[{"href":"https:\/\/biotechlerncenter.interpharma.ch\/fr\/wp-json\/wp\/v2\/media?parent=926"}],"curies":[{"name":"wp","href":"https:\/\/api.w.org\/{rel}","templated":true}]}}