{"id":922,"date":"2026-03-12T17:26:38","date_gmt":"2026-03-12T16:26:38","guid":{"rendered":"https:\/\/biotechlerncenter.iph-multisite.berta-bewegt.ch\/?page_id=922"},"modified":"2026-03-12T17:26:38","modified_gmt":"2026-03-12T16:26:38","slug":"6-40-ans-pour-le-medicament","status":"publish","type":"page","link":"https:\/\/biotechlerncenter.interpharma.ch\/fr\/sujets\/medicaments-anti-cancereux\/6-40-ans-pour-le-medicament\/","title":{"rendered":"6. 40 ans pour le m\u00e9dicament"},"content":{"rendered":"\n<p>Le d\u00e9veloppement du Glivec est \u00e0 mentionner pour deux raisons. Premi\u00e8rement, il est un exemple de la dur\u00e9e que peut avoir le d\u00e9veloppement d&rsquo;un m\u00e9dicament qui est de 40 ans dans notre cas. Deuxi\u00e8mement, le Glivec donne la preuve que la connaissance de l&rsquo;origine mol\u00e9culaire de la forme du cancer peut conduire \u00e0 la r\u00e9ussite d&rsquo;un m\u00e9dicament. Le probl\u00e8me r\u00e9side toutefois dans le fait que la plupart des formes de cancer reposent sur quatre \u00e0 cinq mutations au moins et non \u00e0 une seule comme ce fut le cas plut\u00f4t exceptionnel de la LMC. C&rsquo;est pourquoi les scientifiques jouent le tout pour le tout avec l&rsquo;association: plus ils connaissent de points d&rsquo;application, plus ils parviendront \u00e0 cibler les formes de cancer respectives.<\/p>\n\n\n\n<p>L&rsquo;id\u00e9e n&rsquo;est en fait pas nouvelle. Les traitements associ\u00e9s sont de nos jours des traitements standard pour la plupart des traitements anti-canc\u00e9reux. Mais la plupart des&nbsp; traitements conventionnels sont bas\u00e9s sur des m\u00e9dicaments conventionnels non-sp\u00e9cifiques. La t\u00e2che des chercheurs du cancer sera donc de r\u00e9ussir \u00e0 associer les nouveaux m\u00e9dicaments anti-canc\u00e9reux dans le but visionnaire des chercheurs de disposer d&rsquo;un traitement fait sur mesure pour toute forme de cancer.<\/p>\n","protected":false},"excerpt":{"rendered":"<p>Le d\u00e9veloppement du Glivec est \u00e0 mentionner pour deux raisons. Premi\u00e8rement, il est un exemple de la dur\u00e9e que peut avoir le d\u00e9veloppement d&rsquo;un m\u00e9dicament qui est de 40 ans dans notre cas. Deuxi\u00e8mement, le Glivec donne la preuve que la connaissance de l&rsquo;origine mol\u00e9culaire de la forme du cancer peut conduire \u00e0 la r\u00e9ussite [&hellip;]<\/p>\n","protected":false},"author":1,"featured_media":0,"parent":946,"menu_order":5,"comment_status":"closed","ping_status":"closed","template":"page-templates\/unterthema.php","meta":{"_acf_changed":false,"inline_featured_image":false,"footnotes":""},"class_list":["post-922","page","type-page","status-publish","hentry"],"acf":[],"yoast_head":"<!-- This site is optimized with the Yoast SEO Premium plugin v27.2 (Yoast SEO v27.2) - https:\/\/yoast.com\/product\/yoast-seo-premium-wordpress\/ -->\n<title>6. 40 ans pour le m\u00e9dicament - biotechlerncenter<\/title>\n<meta name=\"robots\" content=\"index, follow, max-snippet:-1, max-image-preview:large, max-video-preview:-1\" \/>\n<link rel=\"canonical\" href=\"https:\/\/biotechlerncenter.interpharma.ch\/themen\/krebs-neue-medikamente\/6-in-40-jahren-zum-medikament\/\" \/>\n<meta property=\"og:locale\" content=\"fr_FR\" \/>\n<meta property=\"og:type\" content=\"article\" \/>\n<meta property=\"og:title\" content=\"6. 40 ans pour le m\u00e9dicament\" \/>\n<meta property=\"og:description\" content=\"Le d\u00e9veloppement du Glivec est \u00e0 mentionner pour deux raisons. Premi\u00e8rement, il est un exemple de la dur\u00e9e que peut avoir le d\u00e9veloppement d&rsquo;un m\u00e9dicament qui est de 40 ans dans notre cas. Deuxi\u00e8mement, le Glivec donne la preuve que la connaissance de l&rsquo;origine mol\u00e9culaire de la forme du cancer peut conduire \u00e0 la r\u00e9ussite [&hellip;]\" \/>\n<meta property=\"og:url\" content=\"https:\/\/biotechlerncenter.interpharma.ch\/themen\/krebs-neue-medikamente\/6-in-40-jahren-zum-medikament\/\" \/>\n<meta property=\"og:site_name\" content=\"biotechlerncenter\" \/>\n<meta name=\"twitter:card\" content=\"summary_large_image\" \/>\n<meta name=\"twitter:label1\" content=\"Dur\u00e9e de lecture estim\u00e9e\" \/>\n\t<meta name=\"twitter:data1\" content=\"1 minute\" \/>\n<script type=\"application\/ld+json\" class=\"yoast-schema-graph\">{\"@context\":\"https:\/\/schema.org\",\"@graph\":[{\"@type\":\"WebPage\",\"@id\":\"https:\/\/biotechlerncenter.interpharma.ch\/themen\/krebs-neue-medikamente\/6-in-40-jahren-zum-medikament\/\",\"url\":\"https:\/\/biotechlerncenter.interpharma.ch\/themen\/krebs-neue-medikamente\/6-in-40-jahren-zum-medikament\/\",\"name\":\"6. 40 ans pour le m\u00e9dicament - biotechlerncenter\",\"isPartOf\":{\"@id\":\"https:\/\/biotechlerncenter.interpharma.ch\/#website\"},\"datePublished\":\"2026-03-12T16:26:38+00:00\",\"breadcrumb\":{\"@id\":\"https:\/\/biotechlerncenter.interpharma.ch\/themen\/krebs-neue-medikamente\/6-in-40-jahren-zum-medikament\/#breadcrumb\"},\"inLanguage\":\"fr-FR\",\"potentialAction\":[{\"@type\":\"ReadAction\",\"target\":[\"https:\/\/biotechlerncenter.interpharma.ch\/themen\/krebs-neue-medikamente\/6-in-40-jahren-zum-medikament\/\"]}]},{\"@type\":\"BreadcrumbList\",\"@id\":\"https:\/\/biotechlerncenter.interpharma.ch\/themen\/krebs-neue-medikamente\/6-in-40-jahren-zum-medikament\/#breadcrumb\",\"itemListElement\":[{\"@type\":\"ListItem\",\"position\":1,\"name\":\"Start\",\"item\":\"https:\/\/biotechlerncenter.interpharma.ch\/fr\/\"},{\"@type\":\"ListItem\",\"position\":2,\"name\":\"Sujets\",\"item\":\"https:\/\/biotechlerncenter.interpharma.ch\/fr\/sujets\/\"},{\"@type\":\"ListItem\",\"position\":3,\"name\":\"M\u00e9dicaments anti-canc\u00e9reux\",\"item\":\"https:\/\/biotechlerncenter.interpharma.ch\/fr\/sujets\/medicaments-anti-cancereux\/\"},{\"@type\":\"ListItem\",\"position\":4,\"name\":\"6. 40 ans pour le m\u00e9dicament\"}]},{\"@type\":\"WebSite\",\"@id\":\"https:\/\/biotechlerncenter.interpharma.ch\/#website\",\"url\":\"https:\/\/biotechlerncenter.interpharma.ch\/\",\"name\":\"biotechlerncenter\",\"description\":\"\",\"potentialAction\":[{\"@type\":\"SearchAction\",\"target\":{\"@type\":\"EntryPoint\",\"urlTemplate\":\"https:\/\/biotechlerncenter.interpharma.ch\/?s={search_term_string}\"},\"query-input\":{\"@type\":\"PropertyValueSpecification\",\"valueRequired\":true,\"valueName\":\"search_term_string\"}}],\"inLanguage\":\"fr-FR\"}]}<\/script>\n<!-- \/ Yoast SEO Premium plugin. -->","yoast_head_json":{"title":"6. 40 ans pour le m\u00e9dicament - biotechlerncenter","robots":{"index":"index","follow":"follow","max-snippet":"max-snippet:-1","max-image-preview":"max-image-preview:large","max-video-preview":"max-video-preview:-1"},"canonical":"https:\/\/biotechlerncenter.interpharma.ch\/themen\/krebs-neue-medikamente\/6-in-40-jahren-zum-medikament\/","og_locale":"fr_FR","og_type":"article","og_title":"6. 40 ans pour le m\u00e9dicament","og_description":"Le d\u00e9veloppement du Glivec est \u00e0 mentionner pour deux raisons. Premi\u00e8rement, il est un exemple de la dur\u00e9e que peut avoir le d\u00e9veloppement d&rsquo;un m\u00e9dicament qui est de 40 ans dans notre cas. Deuxi\u00e8mement, le Glivec donne la preuve que la connaissance de l&rsquo;origine mol\u00e9culaire de la forme du cancer peut conduire \u00e0 la r\u00e9ussite [&hellip;]","og_url":"https:\/\/biotechlerncenter.interpharma.ch\/themen\/krebs-neue-medikamente\/6-in-40-jahren-zum-medikament\/","og_site_name":"biotechlerncenter","twitter_card":"summary_large_image","twitter_misc":{"Dur\u00e9e de lecture estim\u00e9e":"1 minute"},"schema":{"@context":"https:\/\/schema.org","@graph":[{"@type":"WebPage","@id":"https:\/\/biotechlerncenter.interpharma.ch\/themen\/krebs-neue-medikamente\/6-in-40-jahren-zum-medikament\/","url":"https:\/\/biotechlerncenter.interpharma.ch\/themen\/krebs-neue-medikamente\/6-in-40-jahren-zum-medikament\/","name":"6. 40 ans pour le m\u00e9dicament - biotechlerncenter","isPartOf":{"@id":"https:\/\/biotechlerncenter.interpharma.ch\/#website"},"datePublished":"2026-03-12T16:26:38+00:00","breadcrumb":{"@id":"https:\/\/biotechlerncenter.interpharma.ch\/themen\/krebs-neue-medikamente\/6-in-40-jahren-zum-medikament\/#breadcrumb"},"inLanguage":"fr-FR","potentialAction":[{"@type":"ReadAction","target":["https:\/\/biotechlerncenter.interpharma.ch\/themen\/krebs-neue-medikamente\/6-in-40-jahren-zum-medikament\/"]}]},{"@type":"BreadcrumbList","@id":"https:\/\/biotechlerncenter.interpharma.ch\/themen\/krebs-neue-medikamente\/6-in-40-jahren-zum-medikament\/#breadcrumb","itemListElement":[{"@type":"ListItem","position":1,"name":"Start","item":"https:\/\/biotechlerncenter.interpharma.ch\/fr\/"},{"@type":"ListItem","position":2,"name":"Sujets","item":"https:\/\/biotechlerncenter.interpharma.ch\/fr\/sujets\/"},{"@type":"ListItem","position":3,"name":"M\u00e9dicaments anti-canc\u00e9reux","item":"https:\/\/biotechlerncenter.interpharma.ch\/fr\/sujets\/medicaments-anti-cancereux\/"},{"@type":"ListItem","position":4,"name":"6. 40 ans pour le m\u00e9dicament"}]},{"@type":"WebSite","@id":"https:\/\/biotechlerncenter.interpharma.ch\/#website","url":"https:\/\/biotechlerncenter.interpharma.ch\/","name":"biotechlerncenter","description":"","potentialAction":[{"@type":"SearchAction","target":{"@type":"EntryPoint","urlTemplate":"https:\/\/biotechlerncenter.interpharma.ch\/?s={search_term_string}"},"query-input":{"@type":"PropertyValueSpecification","valueRequired":true,"valueName":"search_term_string"}}],"inLanguage":"fr-FR"}]}},"_links":{"self":[{"href":"https:\/\/biotechlerncenter.interpharma.ch\/fr\/wp-json\/wp\/v2\/pages\/922","targetHints":{"allow":["GET"]}}],"collection":[{"href":"https:\/\/biotechlerncenter.interpharma.ch\/fr\/wp-json\/wp\/v2\/pages"}],"about":[{"href":"https:\/\/biotechlerncenter.interpharma.ch\/fr\/wp-json\/wp\/v2\/types\/page"}],"author":[{"embeddable":true,"href":"https:\/\/biotechlerncenter.interpharma.ch\/fr\/wp-json\/wp\/v2\/users\/1"}],"replies":[{"embeddable":true,"href":"https:\/\/biotechlerncenter.interpharma.ch\/fr\/wp-json\/wp\/v2\/comments?post=922"}],"version-history":[{"count":1,"href":"https:\/\/biotechlerncenter.interpharma.ch\/fr\/wp-json\/wp\/v2\/pages\/922\/revisions"}],"predecessor-version":[{"id":923,"href":"https:\/\/biotechlerncenter.interpharma.ch\/fr\/wp-json\/wp\/v2\/pages\/922\/revisions\/923"}],"up":[{"embeddable":true,"href":"https:\/\/biotechlerncenter.interpharma.ch\/fr\/wp-json\/wp\/v2\/pages\/946"}],"wp:attachment":[{"href":"https:\/\/biotechlerncenter.interpharma.ch\/fr\/wp-json\/wp\/v2\/media?parent=922"}],"curies":[{"name":"wp","href":"https:\/\/api.w.org\/{rel}","templated":true}]}}