{"id":906,"date":"2026-03-12T17:26:37","date_gmt":"2026-03-12T16:26:37","guid":{"rendered":"https:\/\/biotechlerncenter.iph-multisite.berta-bewegt.ch\/?page_id=906"},"modified":"2026-03-13T18:27:39","modified_gmt":"2026-03-13T17:27:39","slug":"2-une-ere-nouvelle-dans-la-recherche-contre-le-cancer","status":"publish","type":"page","link":"https:\/\/biotechlerncenter.interpharma.ch\/fr\/sujets\/medicaments-anti-cancereux\/2-une-ere-nouvelle-dans-la-recherche-contre-le-cancer\/","title":{"rendered":"2. Une \u00e8re nouvelle dans la recherche contre le cancer"},"content":{"rendered":"\n<p>Or les chiffres ne disent pas tout. En effet, malgr\u00e9 ces sombres perspectives, la peur du diagnostic du cancer a un peu diminu\u00e9 ces derni\u00e8res d\u00e9cennies car de nos jours un cancer sur deux en moyenne peut \u00eatre gu\u00e9ri. Les scientifiques n&rsquo;ont jamais \u00e9t\u00e9 aussi optimistes lorsqu&rsquo;il s&rsquo;agit de l&rsquo;avenir de la lutte contre le cancer. Pourtant, la gu\u00e9rison de la maladie n&rsquo;est dans la plupart des cas pas encore \u00e0 port\u00e9e de main mais l&rsquo;apport d&rsquo;un soulagement permet au patient de vivre une vie presque sans douleurs. Il n&rsquo;y aura certainement jamais de m\u00e9dicament universel contre le cancer: les m\u00e9decins consid\u00e8rent toute forme de cancer presque comme une maladie en tant que telle. La notion de cancer englobe en effet plus de 300 formes diff\u00e9rentes de cancer (cancer du sein, cancer de la peau, cancer de l&rsquo;intestin,&#8230;). Le d\u00e9veloppement de tumeurs malignes peut s&rsquo;effectuer dans presque toutes les sortes de tissus de l&rsquo;organisme humain. Il faut trouver un moyen de gu\u00e9rison pour chaque forme de cancer.<\/p>\n\n\n\n<p>Le cancer est caract\u00e9ris\u00e9 par une croissance cellulaire incontr\u00f4l\u00e9e. Les cellules saines r\u00e9gulent leur division en cellules-filles de fa\u00e7on tr\u00e8s prudente (cycle cellulaire contr\u00f4l\u00e9). L&rsquo;organisme ne peut en effet \u00eatre consid\u00e9r\u00e9 comme un tout que lorsque l&rsquo;ensemble des cellules s&rsquo;accordent entre elles. Comme l&rsquo;organisme est compos\u00e9 de billions de cellules, il est in\u00e9luctable que dans certains cas une cellule puisse perdre le contr\u00f4le de la division \u00e0 cause d&rsquo;une mutation (modification g\u00e9n\u00e9tique). Les cellules non-contr\u00f4l\u00e9es se divisent plus rapidement que les cellules contr\u00f4l\u00e9es. Un amas de cellules canc\u00e9reuses est appel\u00e9 tumeur. En cons\u00e9quence de son accroissement non-contr\u00f4l\u00e9, la tumeur va d\u00e9truire le tissu sain environnant. Elle va se propager par le circuit sanguin ou le syst\u00e8me lymphatique et former ainsi des tumeurs-filles ou m\u00e9tastases dans d&rsquo;autres organes. La dangerosit\u00e9 du cancer et l&rsquo;agressivit\u00e9 du traitement d\u00e9pendent de la sorte de tumeur ainsi que de son emplacement.<\/p>\n\n\n\n<figure class=\"wp-block-embed-youtube wp-block-embed is-type-video is-provider-youtube wp-embed-aspect-4-3 wp-has-aspect-ratio\"><div class=\"wp-block-embed__wrapper\">\n<iframe loading=\"lazy\" title=\"Definition von Krebs - Interpharma\" width=\"500\" height=\"375\" src=\"https:\/\/www.youtube.com\/embed\/f82Vc-okF9A?feature=oembed\" frameborder=\"0\" allow=\"accelerometer; autoplay; clipboard-write; encrypted-media; gyroscope; picture-in-picture; web-share\" referrerpolicy=\"strict-origin-when-cross-origin\" allowfullscreen><\/iframe>\n<\/div><figcaption>D\u00e9finition du cancer, source : Roche, Health Kiosk, 2003.<\/figcaption><\/figure>\n\n\n\n<figure class=\"wp-block-image size-large\"><img decoding=\"async\" src=\"http:\/\/biotechlerncenter.interpharma.ch\/wp-content\/uploads\/sites\/4\/2020\/01\/dna_mutation_med_900.jpg\" alt=\"\" class=\"wp-image-3467\"\/><figcaption>Mutation : un A sera constitu\u00e9 \u00e0 partir d&rsquo;un G, de ce fait la forme de la prot\u00e9ine correspondante sera modifi\u00e9e, d&rsquo;o\u00f9 formation de cancer.<\/figcaption><\/figure>\n\n\n\n<p>Trois formes de traitement sont g\u00e9n\u00e9ralement \u00e0 disposition: la chirurgie, la chimioth\u00e9rapie et la radioth\u00e9rapie. Ces formes de traitement sont souvent associ\u00e9es. La plupart des traitements qui furent \u00e9tablis dans les ann\u00e9es 1970 et qui sont encore utilis\u00e9s de nos jours attaquent les cellules qui se divisent rapidement, caract\u00e9ristique des cellules tumorales. La tumeur sera donc stopp\u00e9e; l&rsquo;inconv\u00e9nient\u00a0 de ces traitements r\u00e9side dans le fait qu&rsquo;ils n&rsquo;arrivent pas \u00e0 diff\u00e9rencier les cellules tumorales des cellules saines en train de se diviser. C&rsquo;est pourquoi les traitements traditionnels ont souvent de graves effets secondaires. Mais ils sont accept\u00e9s parce que ces m\u00e9dicaments peuvent sauver la vie.<\/p>\n","protected":false},"excerpt":{"rendered":"<p>Or les chiffres ne disent pas tout. En effet, malgr\u00e9 ces sombres perspectives, la peur du diagnostic du cancer a un peu diminu\u00e9 ces derni\u00e8res d\u00e9cennies car de nos jours un cancer sur deux en moyenne peut \u00eatre gu\u00e9ri. Les scientifiques n&rsquo;ont jamais \u00e9t\u00e9 aussi optimistes lorsqu&rsquo;il s&rsquo;agit de l&rsquo;avenir de la lutte contre le [&hellip;]<\/p>\n","protected":false},"author":1,"featured_media":0,"parent":946,"menu_order":1,"comment_status":"closed","ping_status":"closed","template":"page-templates\/unterthema.php","meta":{"_acf_changed":false,"inline_featured_image":false,"footnotes":""},"class_list":["post-906","page","type-page","status-publish","hentry"],"acf":[],"yoast_head":"<!-- This site is optimized with the Yoast SEO Premium plugin v27.2 (Yoast SEO v27.2) - https:\/\/yoast.com\/product\/yoast-seo-premium-wordpress\/ -->\n<title>2. Une \u00e8re nouvelle dans la recherche contre le cancer - biotechlerncenter<\/title>\n<meta name=\"robots\" content=\"index, follow, max-snippet:-1, max-image-preview:large, max-video-preview:-1\" \/>\n<link rel=\"canonical\" href=\"https:\/\/biotechlerncenter.interpharma.ch\/themen\/krebs-neue-medikamente\/2-neue-aera-der-krebsforschung\/\" \/>\n<meta property=\"og:locale\" content=\"fr_FR\" \/>\n<meta property=\"og:type\" content=\"article\" \/>\n<meta property=\"og:title\" content=\"2. Une \u00e8re nouvelle dans la recherche contre le cancer\" \/>\n<meta property=\"og:description\" content=\"Or les chiffres ne disent pas tout. En effet, malgr\u00e9 ces sombres perspectives, la peur du diagnostic du cancer a un peu diminu\u00e9 ces derni\u00e8res d\u00e9cennies car de nos jours un cancer sur deux en moyenne peut \u00eatre gu\u00e9ri. Les scientifiques n&rsquo;ont jamais \u00e9t\u00e9 aussi optimistes lorsqu&rsquo;il s&rsquo;agit de l&rsquo;avenir de la lutte contre le [&hellip;]\" \/>\n<meta property=\"og:url\" content=\"https:\/\/biotechlerncenter.interpharma.ch\/themen\/krebs-neue-medikamente\/2-neue-aera-der-krebsforschung\/\" \/>\n<meta property=\"og:site_name\" content=\"biotechlerncenter\" \/>\n<meta property=\"article:modified_time\" content=\"2026-03-13T17:27:39+00:00\" \/>\n<meta property=\"og:image\" content=\"http:\/\/biotechlerncenter.interpharma.ch\/wp-content\/uploads\/sites\/4\/2020\/01\/dna_mutation_med_900.jpg\" \/>\n<meta name=\"twitter:card\" content=\"summary_large_image\" \/>\n<meta name=\"twitter:label1\" content=\"Dur\u00e9e de lecture estim\u00e9e\" \/>\n\t<meta name=\"twitter:data1\" content=\"3 minutes\" \/>\n<script type=\"application\/ld+json\" class=\"yoast-schema-graph\">{\"@context\":\"https:\/\/schema.org\",\"@graph\":[{\"@type\":\"WebPage\",\"@id\":\"https:\/\/biotechlerncenter.interpharma.ch\/themen\/krebs-neue-medikamente\/2-neue-aera-der-krebsforschung\/\",\"url\":\"https:\/\/biotechlerncenter.interpharma.ch\/themen\/krebs-neue-medikamente\/2-neue-aera-der-krebsforschung\/\",\"name\":\"2. Une \u00e8re nouvelle dans la recherche contre le cancer - biotechlerncenter\",\"isPartOf\":{\"@id\":\"https:\/\/biotechlerncenter.interpharma.ch\/#website\"},\"primaryImageOfPage\":{\"@id\":\"https:\/\/biotechlerncenter.interpharma.ch\/themen\/krebs-neue-medikamente\/2-neue-aera-der-krebsforschung\/#primaryimage\"},\"image\":{\"@id\":\"https:\/\/biotechlerncenter.interpharma.ch\/themen\/krebs-neue-medikamente\/2-neue-aera-der-krebsforschung\/#primaryimage\"},\"thumbnailUrl\":\"http:\/\/biotechlerncenter.interpharma.ch\/wp-content\/uploads\/sites\/4\/2020\/01\/dna_mutation_med_900.jpg\",\"datePublished\":\"2026-03-12T16:26:37+00:00\",\"dateModified\":\"2026-03-13T17:27:39+00:00\",\"breadcrumb\":{\"@id\":\"https:\/\/biotechlerncenter.interpharma.ch\/themen\/krebs-neue-medikamente\/2-neue-aera-der-krebsforschung\/#breadcrumb\"},\"inLanguage\":\"fr-FR\",\"potentialAction\":[{\"@type\":\"ReadAction\",\"target\":[\"https:\/\/biotechlerncenter.interpharma.ch\/themen\/krebs-neue-medikamente\/2-neue-aera-der-krebsforschung\/\"]}]},{\"@type\":\"ImageObject\",\"inLanguage\":\"fr-FR\",\"@id\":\"https:\/\/biotechlerncenter.interpharma.ch\/themen\/krebs-neue-medikamente\/2-neue-aera-der-krebsforschung\/#primaryimage\",\"url\":\"http:\/\/biotechlerncenter.interpharma.ch\/wp-content\/uploads\/sites\/4\/2020\/01\/dna_mutation_med_900.jpg\",\"contentUrl\":\"http:\/\/biotechlerncenter.interpharma.ch\/wp-content\/uploads\/sites\/4\/2020\/01\/dna_mutation_med_900.jpg\"},{\"@type\":\"BreadcrumbList\",\"@id\":\"https:\/\/biotechlerncenter.interpharma.ch\/themen\/krebs-neue-medikamente\/2-neue-aera-der-krebsforschung\/#breadcrumb\",\"itemListElement\":[{\"@type\":\"ListItem\",\"position\":1,\"name\":\"Start\",\"item\":\"https:\/\/biotechlerncenter.interpharma.ch\/fr\/\"},{\"@type\":\"ListItem\",\"position\":2,\"name\":\"Sujets\",\"item\":\"https:\/\/biotechlerncenter.interpharma.ch\/fr\/sujets\/\"},{\"@type\":\"ListItem\",\"position\":3,\"name\":\"M\u00e9dicaments anti-canc\u00e9reux\",\"item\":\"https:\/\/biotechlerncenter.interpharma.ch\/fr\/sujets\/medicaments-anti-cancereux\/\"},{\"@type\":\"ListItem\",\"position\":4,\"name\":\"2. Une \u00e8re nouvelle dans la recherche contre le cancer\"}]},{\"@type\":\"WebSite\",\"@id\":\"https:\/\/biotechlerncenter.interpharma.ch\/#website\",\"url\":\"https:\/\/biotechlerncenter.interpharma.ch\/\",\"name\":\"biotechlerncenter\",\"description\":\"\",\"potentialAction\":[{\"@type\":\"SearchAction\",\"target\":{\"@type\":\"EntryPoint\",\"urlTemplate\":\"https:\/\/biotechlerncenter.interpharma.ch\/?s={search_term_string}\"},\"query-input\":{\"@type\":\"PropertyValueSpecification\",\"valueRequired\":true,\"valueName\":\"search_term_string\"}}],\"inLanguage\":\"fr-FR\"}]}<\/script>\n<!-- \/ Yoast SEO Premium plugin. -->","yoast_head_json":{"title":"2. Une \u00e8re nouvelle dans la recherche contre le cancer - biotechlerncenter","robots":{"index":"index","follow":"follow","max-snippet":"max-snippet:-1","max-image-preview":"max-image-preview:large","max-video-preview":"max-video-preview:-1"},"canonical":"https:\/\/biotechlerncenter.interpharma.ch\/themen\/krebs-neue-medikamente\/2-neue-aera-der-krebsforschung\/","og_locale":"fr_FR","og_type":"article","og_title":"2. Une \u00e8re nouvelle dans la recherche contre le cancer","og_description":"Or les chiffres ne disent pas tout. En effet, malgr\u00e9 ces sombres perspectives, la peur du diagnostic du cancer a un peu diminu\u00e9 ces derni\u00e8res d\u00e9cennies car de nos jours un cancer sur deux en moyenne peut \u00eatre gu\u00e9ri. Les scientifiques n&rsquo;ont jamais \u00e9t\u00e9 aussi optimistes lorsqu&rsquo;il s&rsquo;agit de l&rsquo;avenir de la lutte contre le [&hellip;]","og_url":"https:\/\/biotechlerncenter.interpharma.ch\/themen\/krebs-neue-medikamente\/2-neue-aera-der-krebsforschung\/","og_site_name":"biotechlerncenter","article_modified_time":"2026-03-13T17:27:39+00:00","og_image":[{"url":"http:\/\/biotechlerncenter.interpharma.ch\/wp-content\/uploads\/sites\/4\/2020\/01\/dna_mutation_med_900.jpg","type":"","width":"","height":""}],"twitter_card":"summary_large_image","twitter_misc":{"Dur\u00e9e de lecture estim\u00e9e":"3 minutes"},"schema":{"@context":"https:\/\/schema.org","@graph":[{"@type":"WebPage","@id":"https:\/\/biotechlerncenter.interpharma.ch\/themen\/krebs-neue-medikamente\/2-neue-aera-der-krebsforschung\/","url":"https:\/\/biotechlerncenter.interpharma.ch\/themen\/krebs-neue-medikamente\/2-neue-aera-der-krebsforschung\/","name":"2. Une \u00e8re nouvelle dans la recherche contre le cancer - biotechlerncenter","isPartOf":{"@id":"https:\/\/biotechlerncenter.interpharma.ch\/#website"},"primaryImageOfPage":{"@id":"https:\/\/biotechlerncenter.interpharma.ch\/themen\/krebs-neue-medikamente\/2-neue-aera-der-krebsforschung\/#primaryimage"},"image":{"@id":"https:\/\/biotechlerncenter.interpharma.ch\/themen\/krebs-neue-medikamente\/2-neue-aera-der-krebsforschung\/#primaryimage"},"thumbnailUrl":"http:\/\/biotechlerncenter.interpharma.ch\/wp-content\/uploads\/sites\/4\/2020\/01\/dna_mutation_med_900.jpg","datePublished":"2026-03-12T16:26:37+00:00","dateModified":"2026-03-13T17:27:39+00:00","breadcrumb":{"@id":"https:\/\/biotechlerncenter.interpharma.ch\/themen\/krebs-neue-medikamente\/2-neue-aera-der-krebsforschung\/#breadcrumb"},"inLanguage":"fr-FR","potentialAction":[{"@type":"ReadAction","target":["https:\/\/biotechlerncenter.interpharma.ch\/themen\/krebs-neue-medikamente\/2-neue-aera-der-krebsforschung\/"]}]},{"@type":"ImageObject","inLanguage":"fr-FR","@id":"https:\/\/biotechlerncenter.interpharma.ch\/themen\/krebs-neue-medikamente\/2-neue-aera-der-krebsforschung\/#primaryimage","url":"http:\/\/biotechlerncenter.interpharma.ch\/wp-content\/uploads\/sites\/4\/2020\/01\/dna_mutation_med_900.jpg","contentUrl":"http:\/\/biotechlerncenter.interpharma.ch\/wp-content\/uploads\/sites\/4\/2020\/01\/dna_mutation_med_900.jpg"},{"@type":"BreadcrumbList","@id":"https:\/\/biotechlerncenter.interpharma.ch\/themen\/krebs-neue-medikamente\/2-neue-aera-der-krebsforschung\/#breadcrumb","itemListElement":[{"@type":"ListItem","position":1,"name":"Start","item":"https:\/\/biotechlerncenter.interpharma.ch\/fr\/"},{"@type":"ListItem","position":2,"name":"Sujets","item":"https:\/\/biotechlerncenter.interpharma.ch\/fr\/sujets\/"},{"@type":"ListItem","position":3,"name":"M\u00e9dicaments anti-canc\u00e9reux","item":"https:\/\/biotechlerncenter.interpharma.ch\/fr\/sujets\/medicaments-anti-cancereux\/"},{"@type":"ListItem","position":4,"name":"2. Une \u00e8re nouvelle dans la recherche contre le cancer"}]},{"@type":"WebSite","@id":"https:\/\/biotechlerncenter.interpharma.ch\/#website","url":"https:\/\/biotechlerncenter.interpharma.ch\/","name":"biotechlerncenter","description":"","potentialAction":[{"@type":"SearchAction","target":{"@type":"EntryPoint","urlTemplate":"https:\/\/biotechlerncenter.interpharma.ch\/?s={search_term_string}"},"query-input":{"@type":"PropertyValueSpecification","valueRequired":true,"valueName":"search_term_string"}}],"inLanguage":"fr-FR"}]}},"_links":{"self":[{"href":"https:\/\/biotechlerncenter.interpharma.ch\/fr\/wp-json\/wp\/v2\/pages\/906","targetHints":{"allow":["GET"]}}],"collection":[{"href":"https:\/\/biotechlerncenter.interpharma.ch\/fr\/wp-json\/wp\/v2\/pages"}],"about":[{"href":"https:\/\/biotechlerncenter.interpharma.ch\/fr\/wp-json\/wp\/v2\/types\/page"}],"author":[{"embeddable":true,"href":"https:\/\/biotechlerncenter.interpharma.ch\/fr\/wp-json\/wp\/v2\/users\/1"}],"replies":[{"embeddable":true,"href":"https:\/\/biotechlerncenter.interpharma.ch\/fr\/wp-json\/wp\/v2\/comments?post=906"}],"version-history":[{"count":3,"href":"https:\/\/biotechlerncenter.interpharma.ch\/fr\/wp-json\/wp\/v2\/pages\/906\/revisions"}],"predecessor-version":[{"id":3225,"href":"https:\/\/biotechlerncenter.interpharma.ch\/fr\/wp-json\/wp\/v2\/pages\/906\/revisions\/3225"}],"up":[{"embeddable":true,"href":"https:\/\/biotechlerncenter.interpharma.ch\/fr\/wp-json\/wp\/v2\/pages\/946"}],"wp:attachment":[{"href":"https:\/\/biotechlerncenter.interpharma.ch\/fr\/wp-json\/wp\/v2\/media?parent=906"}],"curies":[{"name":"wp","href":"https:\/\/api.w.org\/{rel}","templated":true}]}}