{"id":902,"date":"2026-03-12T17:26:36","date_gmt":"2026-03-12T16:26:36","guid":{"rendered":"https:\/\/biotechlerncenter.iph-multisite.berta-bewegt.ch\/?page_id=902"},"modified":"2026-03-13T18:27:07","modified_gmt":"2026-03-13T17:27:07","slug":"1-la-nouvelle-generation-de-medicaments-anti-cancereux","status":"publish","type":"page","link":"https:\/\/biotechlerncenter.interpharma.ch\/fr\/sujets\/medicaments-anti-cancereux\/1-la-nouvelle-generation-de-medicaments-anti-cancereux\/","title":{"rendered":"1. La nouvelle g\u00e9n\u00e9ration de m\u00e9dicaments anti-canc\u00e9reux"},"content":{"rendered":"\n<p>En 1971, le pr\u00e9sident des Etats-Unis de l\u2019\u00e9poque, Richard Nixon, a tenu des propos enflamm\u00e9s par lesquels il lan\u00e7ait la guerre contre le cancer (\u00abwar on cancer\u00bb). Depuis 30 ans et plus que le discours de Nixon a \u00e9t\u00e9 prononc\u00e9, des milliards ont \u00e9t\u00e9 investis dans la recherche contre le cancer \u2013 des fonds publics et des fonds priv\u00e9s. Si l&rsquo;on consid\u00e8re les chiffres absolus, il semblerait que la \u00abguerre contre le cancer\u00bb soit toutefois perdue. Selon les statistiques de l&rsquo;Organisation mondiale de la Sant\u00e9, l&rsquo;OMS, le cancer fut diagnostiqu\u00e9 en 2000 sur dix millions d&rsquo;individus \u00e0 l&rsquo;\u00e9chelle mondiale et six millions y succomb\u00e8rent. Jusqu&rsquo;\u00e0 l&rsquo;an 2020, le nombre de patients nouvellement atteints par le cancer pourrait s&rsquo;\u00e9lever \u00e0 15 millions. Les raisons sont diverses: le vieillissement de la population ainsi que les dispositions h\u00e9r\u00e9ditaires, l&rsquo;environnement et le style de vie comme par exemple l&rsquo;augmentation de la consommation de tabac malgr\u00e9 les nombreux programmes de pr\u00e9vention.<\/p>\n\n\n\n<p>La Suisse ne fait pas exception: le cancer se trouve en deuxi\u00e8me position dans la statistique des causes de mortalit\u00e9, derri\u00e8re les maladies cardiovasculaires. La cause de mortalit\u00e9 la plus fr\u00e9quente jusqu&rsquo;\u00e0 75 ans est m\u00eame le cancer. Un cas de d\u00e9c\u00e8s sur quatre est \u00e0 attribuer au cancer, en l&rsquo;an 2002 le nombre de cas s&rsquo;est \u00e9lev\u00e9 \u00e0 15&rsquo;711.<\/p>\n\n\n\n<figure class=\"wp-block-image size-large\"><img decoding=\"async\" src=\"http:\/\/biotechlerncenter.interpharma.ch\/wp-content\/uploads\/sites\/4\/2020\/01\/celldivision_900.jpg\" alt=\"\" class=\"wp-image-3473\"\/><figcaption>Base de toute vie : la division cellulaire (color\u00e9 en bleu : noyau cellulaire)<\/figcaption><\/figure>\n","protected":false},"excerpt":{"rendered":"<p>En 1971, le pr\u00e9sident des Etats-Unis de l\u2019\u00e9poque, Richard Nixon, a tenu des propos enflamm\u00e9s par lesquels il lan\u00e7ait la guerre contre le cancer (\u00abwar on cancer\u00bb). Depuis 30 ans et plus que le discours de Nixon a \u00e9t\u00e9 prononc\u00e9, des milliards ont \u00e9t\u00e9 investis dans la recherche contre le cancer \u2013 des fonds publics [&hellip;]<\/p>\n","protected":false},"author":1,"featured_media":0,"parent":946,"menu_order":0,"comment_status":"closed","ping_status":"closed","template":"page-templates\/unterthema.php","meta":{"_acf_changed":false,"inline_featured_image":false,"footnotes":""},"class_list":["post-902","page","type-page","status-publish","hentry"],"acf":[],"yoast_head":"<!-- This site is optimized with the Yoast SEO Premium plugin v27.2 (Yoast SEO v27.2) - https:\/\/yoast.com\/product\/yoast-seo-premium-wordpress\/ -->\n<title>1. La nouvelle g\u00e9n\u00e9ration de m\u00e9dicaments anti-canc\u00e9reux - biotechlerncenter<\/title>\n<meta name=\"robots\" content=\"index, follow, max-snippet:-1, max-image-preview:large, max-video-preview:-1\" \/>\n<link rel=\"canonical\" href=\"https:\/\/biotechlerncenter.interpharma.ch\/fr\/sujets\/medicaments-anti-cancereux\/1-la-nouvelle-generation-de-medicaments-anti-cancereux\/\" \/>\n<meta property=\"og:locale\" content=\"fr_FR\" \/>\n<meta property=\"og:type\" content=\"article\" \/>\n<meta property=\"og:title\" content=\"1. La nouvelle g\u00e9n\u00e9ration de m\u00e9dicaments anti-canc\u00e9reux\" \/>\n<meta property=\"og:description\" content=\"En 1971, le pr\u00e9sident des Etats-Unis de l\u2019\u00e9poque, Richard Nixon, a tenu des propos enflamm\u00e9s par lesquels il lan\u00e7ait la guerre contre le cancer (\u00abwar on cancer\u00bb). Depuis 30 ans et plus que le discours de Nixon a \u00e9t\u00e9 prononc\u00e9, des milliards ont \u00e9t\u00e9 investis dans la recherche contre le cancer \u2013 des fonds publics [&hellip;]\" \/>\n<meta property=\"og:url\" content=\"https:\/\/biotechlerncenter.interpharma.ch\/fr\/sujets\/medicaments-anti-cancereux\/1-la-nouvelle-generation-de-medicaments-anti-cancereux\/\" \/>\n<meta property=\"og:site_name\" content=\"biotechlerncenter\" \/>\n<meta property=\"article:modified_time\" content=\"2026-03-13T17:27:07+00:00\" \/>\n<meta property=\"og:image\" content=\"http:\/\/biotechlerncenter.interpharma.ch\/wp-content\/uploads\/sites\/4\/2020\/01\/celldivision_900.jpg\" \/>\n<meta name=\"twitter:card\" content=\"summary_large_image\" \/>\n<meta name=\"twitter:label1\" content=\"Dur\u00e9e de lecture estim\u00e9e\" \/>\n\t<meta name=\"twitter:data1\" content=\"2 minutes\" \/>\n<script type=\"application\/ld+json\" class=\"yoast-schema-graph\">{\"@context\":\"https:\/\/schema.org\",\"@graph\":[{\"@type\":\"WebPage\",\"@id\":\"https:\/\/biotechlerncenter.interpharma.ch\/fr\/sujets\/medicaments-anti-cancereux\/1-la-nouvelle-generation-de-medicaments-anti-cancereux\/\",\"url\":\"https:\/\/biotechlerncenter.interpharma.ch\/fr\/sujets\/medicaments-anti-cancereux\/1-la-nouvelle-generation-de-medicaments-anti-cancereux\/\",\"name\":\"1. La nouvelle g\u00e9n\u00e9ration de m\u00e9dicaments anti-canc\u00e9reux - biotechlerncenter\",\"isPartOf\":{\"@id\":\"https:\/\/biotechlerncenter.interpharma.ch\/#website\"},\"primaryImageOfPage\":{\"@id\":\"https:\/\/biotechlerncenter.interpharma.ch\/fr\/sujets\/medicaments-anti-cancereux\/1-la-nouvelle-generation-de-medicaments-anti-cancereux\/#primaryimage\"},\"image\":{\"@id\":\"https:\/\/biotechlerncenter.interpharma.ch\/fr\/sujets\/medicaments-anti-cancereux\/1-la-nouvelle-generation-de-medicaments-anti-cancereux\/#primaryimage\"},\"thumbnailUrl\":\"http:\/\/biotechlerncenter.interpharma.ch\/wp-content\/uploads\/sites\/4\/2020\/01\/celldivision_900.jpg\",\"datePublished\":\"2026-03-12T16:26:36+00:00\",\"dateModified\":\"2026-03-13T17:27:07+00:00\",\"breadcrumb\":{\"@id\":\"https:\/\/biotechlerncenter.interpharma.ch\/fr\/sujets\/medicaments-anti-cancereux\/1-la-nouvelle-generation-de-medicaments-anti-cancereux\/#breadcrumb\"},\"inLanguage\":\"fr-FR\",\"potentialAction\":[{\"@type\":\"ReadAction\",\"target\":[\"https:\/\/biotechlerncenter.interpharma.ch\/fr\/sujets\/medicaments-anti-cancereux\/1-la-nouvelle-generation-de-medicaments-anti-cancereux\/\"]}]},{\"@type\":\"ImageObject\",\"inLanguage\":\"fr-FR\",\"@id\":\"https:\/\/biotechlerncenter.interpharma.ch\/fr\/sujets\/medicaments-anti-cancereux\/1-la-nouvelle-generation-de-medicaments-anti-cancereux\/#primaryimage\",\"url\":\"http:\/\/biotechlerncenter.interpharma.ch\/wp-content\/uploads\/sites\/4\/2020\/01\/celldivision_900.jpg\",\"contentUrl\":\"http:\/\/biotechlerncenter.interpharma.ch\/wp-content\/uploads\/sites\/4\/2020\/01\/celldivision_900.jpg\"},{\"@type\":\"BreadcrumbList\",\"@id\":\"https:\/\/biotechlerncenter.interpharma.ch\/fr\/sujets\/medicaments-anti-cancereux\/1-la-nouvelle-generation-de-medicaments-anti-cancereux\/#breadcrumb\",\"itemListElement\":[{\"@type\":\"ListItem\",\"position\":1,\"name\":\"Start\",\"item\":\"https:\/\/biotechlerncenter.interpharma.ch\/fr\/\"},{\"@type\":\"ListItem\",\"position\":2,\"name\":\"Sujets\",\"item\":\"https:\/\/biotechlerncenter.interpharma.ch\/fr\/sujets\/\"},{\"@type\":\"ListItem\",\"position\":3,\"name\":\"M\u00e9dicaments anti-canc\u00e9reux\",\"item\":\"https:\/\/biotechlerncenter.interpharma.ch\/fr\/sujets\/medicaments-anti-cancereux\/\"},{\"@type\":\"ListItem\",\"position\":4,\"name\":\"1. La nouvelle g\u00e9n\u00e9ration de m\u00e9dicaments anti-canc\u00e9reux\"}]},{\"@type\":\"WebSite\",\"@id\":\"https:\/\/biotechlerncenter.interpharma.ch\/#website\",\"url\":\"https:\/\/biotechlerncenter.interpharma.ch\/\",\"name\":\"biotechlerncenter\",\"description\":\"\",\"potentialAction\":[{\"@type\":\"SearchAction\",\"target\":{\"@type\":\"EntryPoint\",\"urlTemplate\":\"https:\/\/biotechlerncenter.interpharma.ch\/?s={search_term_string}\"},\"query-input\":{\"@type\":\"PropertyValueSpecification\",\"valueRequired\":true,\"valueName\":\"search_term_string\"}}],\"inLanguage\":\"fr-FR\"}]}<\/script>\n<!-- \/ Yoast SEO Premium plugin. -->","yoast_head_json":{"title":"1. La nouvelle g\u00e9n\u00e9ration de m\u00e9dicaments anti-canc\u00e9reux - biotechlerncenter","robots":{"index":"index","follow":"follow","max-snippet":"max-snippet:-1","max-image-preview":"max-image-preview:large","max-video-preview":"max-video-preview:-1"},"canonical":"https:\/\/biotechlerncenter.interpharma.ch\/fr\/sujets\/medicaments-anti-cancereux\/1-la-nouvelle-generation-de-medicaments-anti-cancereux\/","og_locale":"fr_FR","og_type":"article","og_title":"1. La nouvelle g\u00e9n\u00e9ration de m\u00e9dicaments anti-canc\u00e9reux","og_description":"En 1971, le pr\u00e9sident des Etats-Unis de l\u2019\u00e9poque, Richard Nixon, a tenu des propos enflamm\u00e9s par lesquels il lan\u00e7ait la guerre contre le cancer (\u00abwar on cancer\u00bb). Depuis 30 ans et plus que le discours de Nixon a \u00e9t\u00e9 prononc\u00e9, des milliards ont \u00e9t\u00e9 investis dans la recherche contre le cancer \u2013 des fonds publics [&hellip;]","og_url":"https:\/\/biotechlerncenter.interpharma.ch\/fr\/sujets\/medicaments-anti-cancereux\/1-la-nouvelle-generation-de-medicaments-anti-cancereux\/","og_site_name":"biotechlerncenter","article_modified_time":"2026-03-13T17:27:07+00:00","og_image":[{"url":"http:\/\/biotechlerncenter.interpharma.ch\/wp-content\/uploads\/sites\/4\/2020\/01\/celldivision_900.jpg","type":"","width":"","height":""}],"twitter_card":"summary_large_image","twitter_misc":{"Dur\u00e9e de lecture estim\u00e9e":"2 minutes"},"schema":{"@context":"https:\/\/schema.org","@graph":[{"@type":"WebPage","@id":"https:\/\/biotechlerncenter.interpharma.ch\/fr\/sujets\/medicaments-anti-cancereux\/1-la-nouvelle-generation-de-medicaments-anti-cancereux\/","url":"https:\/\/biotechlerncenter.interpharma.ch\/fr\/sujets\/medicaments-anti-cancereux\/1-la-nouvelle-generation-de-medicaments-anti-cancereux\/","name":"1. La nouvelle g\u00e9n\u00e9ration de m\u00e9dicaments anti-canc\u00e9reux - biotechlerncenter","isPartOf":{"@id":"https:\/\/biotechlerncenter.interpharma.ch\/#website"},"primaryImageOfPage":{"@id":"https:\/\/biotechlerncenter.interpharma.ch\/fr\/sujets\/medicaments-anti-cancereux\/1-la-nouvelle-generation-de-medicaments-anti-cancereux\/#primaryimage"},"image":{"@id":"https:\/\/biotechlerncenter.interpharma.ch\/fr\/sujets\/medicaments-anti-cancereux\/1-la-nouvelle-generation-de-medicaments-anti-cancereux\/#primaryimage"},"thumbnailUrl":"http:\/\/biotechlerncenter.interpharma.ch\/wp-content\/uploads\/sites\/4\/2020\/01\/celldivision_900.jpg","datePublished":"2026-03-12T16:26:36+00:00","dateModified":"2026-03-13T17:27:07+00:00","breadcrumb":{"@id":"https:\/\/biotechlerncenter.interpharma.ch\/fr\/sujets\/medicaments-anti-cancereux\/1-la-nouvelle-generation-de-medicaments-anti-cancereux\/#breadcrumb"},"inLanguage":"fr-FR","potentialAction":[{"@type":"ReadAction","target":["https:\/\/biotechlerncenter.interpharma.ch\/fr\/sujets\/medicaments-anti-cancereux\/1-la-nouvelle-generation-de-medicaments-anti-cancereux\/"]}]},{"@type":"ImageObject","inLanguage":"fr-FR","@id":"https:\/\/biotechlerncenter.interpharma.ch\/fr\/sujets\/medicaments-anti-cancereux\/1-la-nouvelle-generation-de-medicaments-anti-cancereux\/#primaryimage","url":"http:\/\/biotechlerncenter.interpharma.ch\/wp-content\/uploads\/sites\/4\/2020\/01\/celldivision_900.jpg","contentUrl":"http:\/\/biotechlerncenter.interpharma.ch\/wp-content\/uploads\/sites\/4\/2020\/01\/celldivision_900.jpg"},{"@type":"BreadcrumbList","@id":"https:\/\/biotechlerncenter.interpharma.ch\/fr\/sujets\/medicaments-anti-cancereux\/1-la-nouvelle-generation-de-medicaments-anti-cancereux\/#breadcrumb","itemListElement":[{"@type":"ListItem","position":1,"name":"Start","item":"https:\/\/biotechlerncenter.interpharma.ch\/fr\/"},{"@type":"ListItem","position":2,"name":"Sujets","item":"https:\/\/biotechlerncenter.interpharma.ch\/fr\/sujets\/"},{"@type":"ListItem","position":3,"name":"M\u00e9dicaments anti-canc\u00e9reux","item":"https:\/\/biotechlerncenter.interpharma.ch\/fr\/sujets\/medicaments-anti-cancereux\/"},{"@type":"ListItem","position":4,"name":"1. La nouvelle g\u00e9n\u00e9ration de m\u00e9dicaments anti-canc\u00e9reux"}]},{"@type":"WebSite","@id":"https:\/\/biotechlerncenter.interpharma.ch\/#website","url":"https:\/\/biotechlerncenter.interpharma.ch\/","name":"biotechlerncenter","description":"","potentialAction":[{"@type":"SearchAction","target":{"@type":"EntryPoint","urlTemplate":"https:\/\/biotechlerncenter.interpharma.ch\/?s={search_term_string}"},"query-input":{"@type":"PropertyValueSpecification","valueRequired":true,"valueName":"search_term_string"}}],"inLanguage":"fr-FR"}]}},"_links":{"self":[{"href":"https:\/\/biotechlerncenter.interpharma.ch\/fr\/wp-json\/wp\/v2\/pages\/902","targetHints":{"allow":["GET"]}}],"collection":[{"href":"https:\/\/biotechlerncenter.interpharma.ch\/fr\/wp-json\/wp\/v2\/pages"}],"about":[{"href":"https:\/\/biotechlerncenter.interpharma.ch\/fr\/wp-json\/wp\/v2\/types\/page"}],"author":[{"embeddable":true,"href":"https:\/\/biotechlerncenter.interpharma.ch\/fr\/wp-json\/wp\/v2\/users\/1"}],"replies":[{"embeddable":true,"href":"https:\/\/biotechlerncenter.interpharma.ch\/fr\/wp-json\/wp\/v2\/comments?post=902"}],"version-history":[{"count":3,"href":"https:\/\/biotechlerncenter.interpharma.ch\/fr\/wp-json\/wp\/v2\/pages\/902\/revisions"}],"predecessor-version":[{"id":3222,"href":"https:\/\/biotechlerncenter.interpharma.ch\/fr\/wp-json\/wp\/v2\/pages\/902\/revisions\/3222"}],"up":[{"embeddable":true,"href":"https:\/\/biotechlerncenter.interpharma.ch\/fr\/wp-json\/wp\/v2\/pages\/946"}],"wp:attachment":[{"href":"https:\/\/biotechlerncenter.interpharma.ch\/fr\/wp-json\/wp\/v2\/media?parent=902"}],"curies":[{"name":"wp","href":"https:\/\/api.w.org\/{rel}","templated":true}]}}