{"id":854,"date":"2026-03-12T17:26:33","date_gmt":"2026-03-12T16:26:33","guid":{"rendered":"https:\/\/biotechlerncenter.iph-multisite.berta-bewegt.ch\/?page_id=854"},"modified":"2026-03-13T18:12:45","modified_gmt":"2026-03-13T17:12:45","slug":"1-un-long-parcours","status":"publish","type":"page","link":"https:\/\/biotechlerncenter.interpharma.ch\/fr\/sujets\/genese-dun-medicament\/1-un-long-parcours\/","title":{"rendered":"1. Un long parcours"},"content":{"rendered":"\n<p>Le d\u00e9veloppement d&rsquo;un nouveau m\u00e9dicament est v\u00e9ritablement une t\u00e2che hercul\u00e9enne: ce sont la plupart du temps des centaines de chercheurs qui y participent. Quant au parcours &#8211; depuis la premi\u00e8re id\u00e9e lumineuse d&rsquo;un chercheur jusqu&rsquo;au m\u00e9dicament pr\u00eat \u00e0 l&#8217;emploi -, il r\u00e9clame en moyenne douze ans et engloutit aujourd&rsquo;hui environ un milliard de francs. Mais le b\u00e9n\u00e9fice est \u00e9galement immense: dans le meilleur des cas, un m\u00e9dicament efficace peut sauver des millions de vie (par exemple la p\u00e9nicilline et d&rsquo;autres antibiotiques, mais aussi les vaccins), et rapporter beaucoup d&rsquo;argent \u00e0 l&rsquo;entreprise. Les m\u00e9dicaments \u00abvedettes\u00bb, encore appel\u00e9s \u00abblockbuster\u00bb, g\u00e9n\u00e8rent un chiffre d&rsquo;affaires de 1 milliard de dollars et plus par an.<\/p>\n\n\n\n<p>A l&rsquo;origine de tout m\u00e9dicament figure une id\u00e9e d&rsquo;une chercheuse ou d&rsquo;un chercheur ou bien encore une d\u00e9couverte faite par hasard. Souvent &#8211; mais de loin pas toujours -, ces id\u00e9es viennent de la recherche fondamentale. Des milliers de chercheurs travaillent dans les universit\u00e9s suisses et dans les entreprises pharmaceutiques pratiquant la recherche \u00e0 \u00e9lucider les processus fondamentaux responsables de la survenue des maladies (recherche). Les chercheurs des entreprises poursuivent le d\u00e9veloppement de ces id\u00e9es et v\u00e9rifient dans la pratique leur aptitude \u00e0 aboutir \u00e0 un m\u00e9dicament (d\u00e9veloppement).<\/p>\n\n\n\n<figure class=\"wp-block-image size-large\"><img decoding=\"async\" src=\"http:\/\/biotechlerncenter.interpharma.ch\/wp-content\/uploads\/sites\/4\/2020\/01\/einstein_idea.jpg\" alt=\"\" class=\"wp-image-3531\"\/><figcaption>A l&rsquo;origine de tout m\u00e9dicament figurent les id\u00e9es d&rsquo;un chercheur.<\/figcaption><\/figure>\n\n\n\n<p>La premi\u00e8re phase du d\u00e9veloppement d&rsquo;un m\u00e9dicament consiste en la d\u00e9couverte d&rsquo;une mol\u00e9cule cible. Une mol\u00e9cule cible est par exemple une prot\u00e9ine dont les chercheurs supposent qu&rsquo;elle est impliqu\u00e9e dans l&rsquo;apparition du cancer. De telles mol\u00e9cules peuvent se r\u00e9v\u00e9ler utiles: si on les bloque ou si on les stimule &#8211; esp\u00e8rent-ils -, on pourra att\u00e9nuer, voire gu\u00e9rir la maladie. L&rsquo;organisme humain est toutefois extr\u00eamement complexe, et de nombreuses mol\u00e9cules diff\u00e9rentes participent au d\u00e9clenchement de la plupart des maladies end\u00e9miques. Aussi est-il rare que le fait de toucher \u00e0 un \u00abrouage\u00bb isol\u00e9 permette de gu\u00e9rir globalement la maladie. Un appui important dans le d\u00e9veloppement des m\u00e9dicaments a \u00e9t\u00e9 apport\u00e9 par le g\u00e9nome humain, connu depuis seulement quelques ann\u00e9es, car les informations g\u00e9n\u00e9tiques obtenues fournissent de nombreuses indications sur les interactions entre les biomol\u00e9cules dans l&rsquo;organisme (voir chapitre&nbsp;&nbsp;<a href=\"https:\/\/biotechlerncenter.interpharma.ch\/fr\/node\/3001\/\" target=\"_blank\" rel=\"noreferrer noopener\">g\u00e9nie g\u00e9n\u00e9tique<\/a>).<\/p>\n\n\n\n<p>Une fois une cible identifi\u00e9e, il s&rsquo;agit de trouver des substances qui vont influer sur son action. Dans ce but, les entreprises pharmaceutiques ont d\u00e9velopp\u00e9 de gigantesques biblioth\u00e8ques qui comportent jusqu&rsquo;\u00e0 deux millions de substances. Ces substances sont mises individuellement en pr\u00e9sence de la cible. Le processus porte le nom de \u00abHigh Throughput Screening\u00bb (screening \u00e0 cadence \u00e9lev\u00e9e) et est assur\u00e9 par des robots. Ces derniers assurent actuellement jusqu&rsquo;\u00e0 200&rsquo;000 tests par jour. Une modification identifiable (par exemple une coloration du m\u00e9lange) indique que la substance s&rsquo;est effectivement fix\u00e9e sur la cible. Les substances qui affichent au minimum une faible action sont analys\u00e9es plus en d\u00e9tail, puis am\u00e9lior\u00e9es en plusieurs \u00e9tapes. Car, la plupart du temps, les substances d&rsquo;origine ne conviennent pas encore comme m\u00e9dicament, par exemple parce qu&rsquo;elles sont trop rapidement d\u00e9grad\u00e9es dans l&rsquo;organisme ou parce qu&rsquo;elles sont trop peu lipophiles. Des programmes informatiques aident aussi aujourd&rsquo;hui \u00e0 s\u00e9lectionner les modifications de substances prometteuses. En moyenne, sur 5&rsquo;000 \u00e0 10&rsquo;000 principes actifs analys\u00e9s au d\u00e9part, seuls 20 font l&rsquo;objet d&rsquo;un d\u00e9veloppement ult\u00e9rieur.<\/p>\n\n\n\n<figure class=\"wp-block-image size-large\"><img decoding=\"async\" src=\"http:\/\/biotechlerncenter.interpharma.ch\/wp-content\/uploads\/sites\/4\/2020\/01\/hochdurchsatzverfahren_900.jpg\" alt=\"\" class=\"wp-image-3534\"\/><figcaption>Recourir au \u00abHigh Throughput Screening\u00bb est n\u00e9cessaire pour trouver des principes actifs.<\/figcaption><\/figure>\n","protected":false},"excerpt":{"rendered":"<p>Le d\u00e9veloppement d&rsquo;un nouveau m\u00e9dicament est v\u00e9ritablement une t\u00e2che hercul\u00e9enne: ce sont la plupart du temps des centaines de chercheurs qui y participent. Quant au parcours &#8211; depuis la premi\u00e8re id\u00e9e lumineuse d&rsquo;un chercheur jusqu&rsquo;au m\u00e9dicament pr\u00eat \u00e0 l&#8217;emploi -, il r\u00e9clame en moyenne douze ans et engloutit aujourd&rsquo;hui environ un milliard de francs. Mais [&hellip;]<\/p>\n","protected":false},"author":1,"featured_media":0,"parent":898,"menu_order":0,"comment_status":"closed","ping_status":"closed","template":"page-templates\/unterthema.php","meta":{"_acf_changed":false,"inline_featured_image":false,"footnotes":""},"class_list":["post-854","page","type-page","status-publish","hentry"],"acf":[],"yoast_head":"<!-- This site is optimized with the Yoast SEO Premium plugin v27.2 (Yoast SEO v27.2) - https:\/\/yoast.com\/product\/yoast-seo-premium-wordpress\/ -->\n<title>1. Un long parcours - biotechlerncenter<\/title>\n<meta name=\"robots\" content=\"index, follow, max-snippet:-1, max-image-preview:large, max-video-preview:-1\" \/>\n<link rel=\"canonical\" href=\"https:\/\/biotechlerncenter.interpharma.ch\/fr\/sujets\/genese-dun-medicament\/1-un-long-parcours\/\" \/>\n<meta property=\"og:locale\" content=\"fr_FR\" \/>\n<meta property=\"og:type\" content=\"article\" \/>\n<meta property=\"og:title\" content=\"1. Un long parcours\" \/>\n<meta property=\"og:description\" content=\"Le d\u00e9veloppement d&rsquo;un nouveau m\u00e9dicament est v\u00e9ritablement une t\u00e2che hercul\u00e9enne: ce sont la plupart du temps des centaines de chercheurs qui y participent. Quant au parcours &#8211; depuis la premi\u00e8re id\u00e9e lumineuse d&rsquo;un chercheur jusqu&rsquo;au m\u00e9dicament pr\u00eat \u00e0 l&#8217;emploi -, il r\u00e9clame en moyenne douze ans et engloutit aujourd&rsquo;hui environ un milliard de francs. Mais [&hellip;]\" \/>\n<meta property=\"og:url\" content=\"https:\/\/biotechlerncenter.interpharma.ch\/fr\/sujets\/genese-dun-medicament\/1-un-long-parcours\/\" \/>\n<meta property=\"og:site_name\" content=\"biotechlerncenter\" \/>\n<meta property=\"article:modified_time\" content=\"2026-03-13T17:12:45+00:00\" \/>\n<meta property=\"og:image\" content=\"http:\/\/biotechlerncenter.interpharma.ch\/wp-content\/uploads\/sites\/4\/2020\/01\/einstein_idea.jpg\" \/>\n<meta name=\"twitter:card\" content=\"summary_large_image\" \/>\n<meta name=\"twitter:label1\" content=\"Dur\u00e9e de lecture estim\u00e9e\" \/>\n\t<meta name=\"twitter:data1\" content=\"4 minutes\" \/>\n<script type=\"application\/ld+json\" class=\"yoast-schema-graph\">{\"@context\":\"https:\/\/schema.org\",\"@graph\":[{\"@type\":\"WebPage\",\"@id\":\"https:\/\/biotechlerncenter.interpharma.ch\/fr\/sujets\/genese-dun-medicament\/1-un-long-parcours\/\",\"url\":\"https:\/\/biotechlerncenter.interpharma.ch\/fr\/sujets\/genese-dun-medicament\/1-un-long-parcours\/\",\"name\":\"1. Un long parcours - biotechlerncenter\",\"isPartOf\":{\"@id\":\"https:\/\/biotechlerncenter.interpharma.ch\/#website\"},\"primaryImageOfPage\":{\"@id\":\"https:\/\/biotechlerncenter.interpharma.ch\/fr\/sujets\/genese-dun-medicament\/1-un-long-parcours\/#primaryimage\"},\"image\":{\"@id\":\"https:\/\/biotechlerncenter.interpharma.ch\/fr\/sujets\/genese-dun-medicament\/1-un-long-parcours\/#primaryimage\"},\"thumbnailUrl\":\"http:\/\/biotechlerncenter.interpharma.ch\/wp-content\/uploads\/sites\/4\/2020\/01\/einstein_idea.jpg\",\"datePublished\":\"2026-03-12T16:26:33+00:00\",\"dateModified\":\"2026-03-13T17:12:45+00:00\",\"breadcrumb\":{\"@id\":\"https:\/\/biotechlerncenter.interpharma.ch\/fr\/sujets\/genese-dun-medicament\/1-un-long-parcours\/#breadcrumb\"},\"inLanguage\":\"fr-FR\",\"potentialAction\":[{\"@type\":\"ReadAction\",\"target\":[\"https:\/\/biotechlerncenter.interpharma.ch\/fr\/sujets\/genese-dun-medicament\/1-un-long-parcours\/\"]}]},{\"@type\":\"ImageObject\",\"inLanguage\":\"fr-FR\",\"@id\":\"https:\/\/biotechlerncenter.interpharma.ch\/fr\/sujets\/genese-dun-medicament\/1-un-long-parcours\/#primaryimage\",\"url\":\"http:\/\/biotechlerncenter.interpharma.ch\/wp-content\/uploads\/sites\/4\/2020\/01\/einstein_idea.jpg\",\"contentUrl\":\"http:\/\/biotechlerncenter.interpharma.ch\/wp-content\/uploads\/sites\/4\/2020\/01\/einstein_idea.jpg\"},{\"@type\":\"BreadcrumbList\",\"@id\":\"https:\/\/biotechlerncenter.interpharma.ch\/fr\/sujets\/genese-dun-medicament\/1-un-long-parcours\/#breadcrumb\",\"itemListElement\":[{\"@type\":\"ListItem\",\"position\":1,\"name\":\"Start\",\"item\":\"https:\/\/biotechlerncenter.interpharma.ch\/fr\/\"},{\"@type\":\"ListItem\",\"position\":2,\"name\":\"Sujets\",\"item\":\"https:\/\/biotechlerncenter.interpharma.ch\/fr\/sujets\/\"},{\"@type\":\"ListItem\",\"position\":3,\"name\":\"Gen\u00e8se d&rsquo;un m\u00e9dicament\",\"item\":\"https:\/\/biotechlerncenter.interpharma.ch\/fr\/sujets\/genese-dun-medicament\/\"},{\"@type\":\"ListItem\",\"position\":4,\"name\":\"1. Un long parcours\"}]},{\"@type\":\"WebSite\",\"@id\":\"https:\/\/biotechlerncenter.interpharma.ch\/#website\",\"url\":\"https:\/\/biotechlerncenter.interpharma.ch\/\",\"name\":\"biotechlerncenter\",\"description\":\"\",\"potentialAction\":[{\"@type\":\"SearchAction\",\"target\":{\"@type\":\"EntryPoint\",\"urlTemplate\":\"https:\/\/biotechlerncenter.interpharma.ch\/?s={search_term_string}\"},\"query-input\":{\"@type\":\"PropertyValueSpecification\",\"valueRequired\":true,\"valueName\":\"search_term_string\"}}],\"inLanguage\":\"fr-FR\"}]}<\/script>\n<!-- \/ Yoast SEO Premium plugin. -->","yoast_head_json":{"title":"1. Un long parcours - biotechlerncenter","robots":{"index":"index","follow":"follow","max-snippet":"max-snippet:-1","max-image-preview":"max-image-preview:large","max-video-preview":"max-video-preview:-1"},"canonical":"https:\/\/biotechlerncenter.interpharma.ch\/fr\/sujets\/genese-dun-medicament\/1-un-long-parcours\/","og_locale":"fr_FR","og_type":"article","og_title":"1. Un long parcours","og_description":"Le d\u00e9veloppement d&rsquo;un nouveau m\u00e9dicament est v\u00e9ritablement une t\u00e2che hercul\u00e9enne: ce sont la plupart du temps des centaines de chercheurs qui y participent. Quant au parcours &#8211; depuis la premi\u00e8re id\u00e9e lumineuse d&rsquo;un chercheur jusqu&rsquo;au m\u00e9dicament pr\u00eat \u00e0 l&#8217;emploi -, il r\u00e9clame en moyenne douze ans et engloutit aujourd&rsquo;hui environ un milliard de francs. Mais [&hellip;]","og_url":"https:\/\/biotechlerncenter.interpharma.ch\/fr\/sujets\/genese-dun-medicament\/1-un-long-parcours\/","og_site_name":"biotechlerncenter","article_modified_time":"2026-03-13T17:12:45+00:00","og_image":[{"url":"http:\/\/biotechlerncenter.interpharma.ch\/wp-content\/uploads\/sites\/4\/2020\/01\/einstein_idea.jpg","type":"","width":"","height":""}],"twitter_card":"summary_large_image","twitter_misc":{"Dur\u00e9e de lecture estim\u00e9e":"4 minutes"},"schema":{"@context":"https:\/\/schema.org","@graph":[{"@type":"WebPage","@id":"https:\/\/biotechlerncenter.interpharma.ch\/fr\/sujets\/genese-dun-medicament\/1-un-long-parcours\/","url":"https:\/\/biotechlerncenter.interpharma.ch\/fr\/sujets\/genese-dun-medicament\/1-un-long-parcours\/","name":"1. Un long parcours - biotechlerncenter","isPartOf":{"@id":"https:\/\/biotechlerncenter.interpharma.ch\/#website"},"primaryImageOfPage":{"@id":"https:\/\/biotechlerncenter.interpharma.ch\/fr\/sujets\/genese-dun-medicament\/1-un-long-parcours\/#primaryimage"},"image":{"@id":"https:\/\/biotechlerncenter.interpharma.ch\/fr\/sujets\/genese-dun-medicament\/1-un-long-parcours\/#primaryimage"},"thumbnailUrl":"http:\/\/biotechlerncenter.interpharma.ch\/wp-content\/uploads\/sites\/4\/2020\/01\/einstein_idea.jpg","datePublished":"2026-03-12T16:26:33+00:00","dateModified":"2026-03-13T17:12:45+00:00","breadcrumb":{"@id":"https:\/\/biotechlerncenter.interpharma.ch\/fr\/sujets\/genese-dun-medicament\/1-un-long-parcours\/#breadcrumb"},"inLanguage":"fr-FR","potentialAction":[{"@type":"ReadAction","target":["https:\/\/biotechlerncenter.interpharma.ch\/fr\/sujets\/genese-dun-medicament\/1-un-long-parcours\/"]}]},{"@type":"ImageObject","inLanguage":"fr-FR","@id":"https:\/\/biotechlerncenter.interpharma.ch\/fr\/sujets\/genese-dun-medicament\/1-un-long-parcours\/#primaryimage","url":"http:\/\/biotechlerncenter.interpharma.ch\/wp-content\/uploads\/sites\/4\/2020\/01\/einstein_idea.jpg","contentUrl":"http:\/\/biotechlerncenter.interpharma.ch\/wp-content\/uploads\/sites\/4\/2020\/01\/einstein_idea.jpg"},{"@type":"BreadcrumbList","@id":"https:\/\/biotechlerncenter.interpharma.ch\/fr\/sujets\/genese-dun-medicament\/1-un-long-parcours\/#breadcrumb","itemListElement":[{"@type":"ListItem","position":1,"name":"Start","item":"https:\/\/biotechlerncenter.interpharma.ch\/fr\/"},{"@type":"ListItem","position":2,"name":"Sujets","item":"https:\/\/biotechlerncenter.interpharma.ch\/fr\/sujets\/"},{"@type":"ListItem","position":3,"name":"Gen\u00e8se d&rsquo;un m\u00e9dicament","item":"https:\/\/biotechlerncenter.interpharma.ch\/fr\/sujets\/genese-dun-medicament\/"},{"@type":"ListItem","position":4,"name":"1. Un long parcours"}]},{"@type":"WebSite","@id":"https:\/\/biotechlerncenter.interpharma.ch\/#website","url":"https:\/\/biotechlerncenter.interpharma.ch\/","name":"biotechlerncenter","description":"","potentialAction":[{"@type":"SearchAction","target":{"@type":"EntryPoint","urlTemplate":"https:\/\/biotechlerncenter.interpharma.ch\/?s={search_term_string}"},"query-input":{"@type":"PropertyValueSpecification","valueRequired":true,"valueName":"search_term_string"}}],"inLanguage":"fr-FR"}]}},"_links":{"self":[{"href":"https:\/\/biotechlerncenter.interpharma.ch\/fr\/wp-json\/wp\/v2\/pages\/854","targetHints":{"allow":["GET"]}}],"collection":[{"href":"https:\/\/biotechlerncenter.interpharma.ch\/fr\/wp-json\/wp\/v2\/pages"}],"about":[{"href":"https:\/\/biotechlerncenter.interpharma.ch\/fr\/wp-json\/wp\/v2\/types\/page"}],"author":[{"embeddable":true,"href":"https:\/\/biotechlerncenter.interpharma.ch\/fr\/wp-json\/wp\/v2\/users\/1"}],"replies":[{"embeddable":true,"href":"https:\/\/biotechlerncenter.interpharma.ch\/fr\/wp-json\/wp\/v2\/comments?post=854"}],"version-history":[{"count":3,"href":"https:\/\/biotechlerncenter.interpharma.ch\/fr\/wp-json\/wp\/v2\/pages\/854\/revisions"}],"predecessor-version":[{"id":3203,"href":"https:\/\/biotechlerncenter.interpharma.ch\/fr\/wp-json\/wp\/v2\/pages\/854\/revisions\/3203"}],"up":[{"embeddable":true,"href":"https:\/\/biotechlerncenter.interpharma.ch\/fr\/wp-json\/wp\/v2\/pages\/898"}],"wp:attachment":[{"href":"https:\/\/biotechlerncenter.interpharma.ch\/fr\/wp-json\/wp\/v2\/media?parent=854"}],"curies":[{"name":"wp","href":"https:\/\/api.w.org\/{rel}","templated":true}]}}