{"id":838,"date":"2026-03-12T17:26:32","date_gmt":"2026-03-12T16:26:32","guid":{"rendered":"https:\/\/biotechlerncenter.iph-multisite.berta-bewegt.ch\/?page_id=838"},"modified":"2026-03-13T17:45:11","modified_gmt":"2026-03-13T16:45:11","slug":"3-ethische-aspekte-zur-pharmakogenomik","status":"publish","type":"page","link":"https:\/\/biotechlerncenter.interpharma.ch\/fr\/sujets\/medecine-personnalisee\/3-ethische-aspekte-zur-pharmakogenomik\/","title":{"rendered":"3. Ethische Aspekte zur Pharmakogenomik"},"content":{"rendered":"\n<h2 class=\"wp-block-heading\"><strong>POUR<\/strong><\/h2>\n\n\n\n<h3 class=\"wp-block-heading\"><strong>S\u00e9curit\u00e9 des m\u00e9dicaments<\/strong><\/h3>\n\n\n\n<p>On est en droit d&rsquo;esp\u00e9rer que la pharmacog\u00e9nomique permettra aux patients de b\u00e9n\u00e9ficier de m\u00e9dicaments mieux adapt\u00e9s \u00e0 leur cas et entra\u00eenant donc moins d&rsquo;effets secondaires. Les patients feraient ainsi mieux confiance aux m\u00e9dicaments. Divers exemples d\u00e9montrent cet effet.<\/p>\n\n\n\n<h3 class=\"wp-block-heading\"><strong>Co\u00fbts<\/strong><\/h3>\n\n\n\n<p>Nombre d&rsquo;experts pensent que le syst\u00e8me de sant\u00e9 b\u00e9n\u00e9ficiera de la pharmacog\u00e9nomique parce que l&rsquo;on ne prescrira plus que des m\u00e9dicaments vraiment efficaces. Cela devrait permettre de faire des \u00e9conomies. Mais ce point est controvers\u00e9. Les opposants disent que la pharmacog\u00e9nomique pourrait faire augmenter les co\u00fbts du syst\u00e8me de sant\u00e9 puisqu&rsquo;il faudra payer les tests diagnostiques.<\/p>\n\n\n\n<h2 class=\"wp-block-heading\"><strong>CONTRE<\/strong><\/h2>\n\n\n\n<h3 class=\"wp-block-heading\"><strong>Gestion des donn\u00e9es g\u00e9n\u00e9tiques<\/strong><\/h3>\n\n\n\n<p>\u00c0 l&rsquo;avenir, nombre de personnes obtiendront en Suisse des renseignements sur leurs g\u00e8nes, par exemple dans le cadre d&rsquo;un traitement. Qui aura acc\u00e8s \u00e0 ces donn\u00e9es? Quelle est l&rsquo;ampleur du risque d&rsquo;usage abusif de ces donn\u00e9es si elles sont accessibles sous forme de banques de donn\u00e9es \u00e9lectroniques?<\/p>\n\n\n\n<h3 class=\"wp-block-heading\"><strong>Probabilit\u00e9s<\/strong><\/h3>\n\n\n\n<p>La pharmacog\u00e9nomique ne peut pas garantir de s\u00e9curit\u00e9 absolue. Elle ne peut que pr\u00e9dire avec une certaine probabilit\u00e9 si un m\u00e9dicament entra\u00eenera ou non des effets ind\u00e9sirables chez une personne pr\u00e9sentant un certain profil g\u00e9n\u00e9tique. Or, la gestion de probabilit\u00e9s peut \u00eatre tr\u00e8s d\u00e9licate.<\/p>\n\n\n\n<h3 class=\"wp-block-heading\"><strong>La pharmacog\u00e9nomique est-elle discriminatoire?<\/strong><\/h3>\n\n\n\n<p>Bien souvent, on reproche \u00e0 la pharmacog\u00e9nomique d&rsquo;\u00eatre discriminatoire. En effet, il se peut qu&rsquo;un test g\u00e9n\u00e9tique ait pour effet qu&rsquo;un patient obtienne un m\u00e9dicament susceptible de lui sauver la vie, et un autre patient non. Est-ce discriminatoire? Est-ce injuste? Que pensez-vous de la position de TA-SWISS (voir ci-dessous)?<\/p>\n\n\n\n<div class=\"wp-block-group has-my-grey-background-color has-background\"><div class=\"wp-block-group__inner-container is-layout-flow wp-block-group-is-layout-flow\">\n<p>\u00abLe reproche de discrimination des minorit\u00e9s g\u00e9n\u00e9tiques au cas o\u00f9 des m\u00e9dicaments de nouvelle g\u00e9n\u00e9ration ne seraient pas produits pour elles est simpliste. Qu&rsquo;un jour il n&rsquo;y ait pas pour certaines maladies de m\u00e9dicaments efficaces adapt\u00e9s \u00e0 des g\u00e9notypes rares alors que ce sera le cas pour la majorit\u00e9 des patients ne peut \u00eatre qualifi\u00e9 avec raison d&rsquo;in\u00e9galit\u00e9 de traitement arbitraire parce que b\u00e9n\u00e9ficier d&rsquo;une th\u00e9rapie op\u00e9rante n&rsquo;est pas un droit moral. En revanche, le devoir moral de favoriser l&rsquo;\u00e9laboration de tels m\u00e9dicaments pour les minorit\u00e9s g\u00e9n\u00e9tiques existe bel et bien. Le meilleur moyen d&rsquo;y satisfaire est de prendre des mesures \u00e9tatiques susceptibles d&rsquo;encourager les pharmaceutiques \u00e0 s&rsquo;investir dans cette entreprise moins rentable pour eux.\u00bb<\/p>\n\n\n\n<p>Source: TA-SWISS, Centre d&rsquo;\u00e9valuation des choix technologiques, Vers des m\u00e9dicaments individualis\u00e9s? R\u00e9sum\u00e9, 2004<\/p>\n<\/div><\/div>\n\n\n\n<h2 class=\"wp-block-heading\"><strong>Des renseignements sur son propre g\u00e9nome &#8211; est-ce que cela vaut le coup?<\/strong><\/h2>\n\n\n\n<p>Depuis quelques ann\u00e9es, diverses entreprises telles que&nbsp;<a href=\"https:\/\/www.23andme.com\/\" target=\"_blank\" rel=\"noreferrer noopener\">23andme<\/a>, font sur Internet une proposition d\u00e9licate: des renseignements sur ses propres g\u00e8nes. Ai-je une probabilit\u00e9 accrue de contracter un cancer? Ou la maladie de Parkinson? Ou un trouble psychique tel que la d\u00e9pression? Diverses entreprises proposent ce genre de prestations, parfois pour plusieurs centaines de dollars.<\/p>\n\n\n\n<p>Nombre d&rsquo;experts sont actuellement sceptiques au sujet de telles offres parce que les connaissances sur l&rsquo;origine de nombreuses maladies sont encore limit\u00e9es. Aimeriez-vous savoir ce que vos g\u00e8nes rec\u00e8lent?<\/p>\n\n\n\n<figure class=\"wp-block-image size-large\"><img decoding=\"async\" src=\"https:\/\/biotechlerncenter.interpharma.ch\/wp-content\/uploads\/sites\/4\/2020\/02\/pharmacogenetic_gerd_altmann_pixelio.de__0-724x1024.jpg\" alt=\"\" class=\"wp-image-4336\"\/><figcaption>Dans le contexte de la m\u00e9decine personnalis\u00e9e, il faut aussi aborder des questions d\u2019\u00e9thique.<br>\u00a9 Gerd Altmann, pixelio<\/figcaption><\/figure>\n","protected":false},"excerpt":{"rendered":"<p>POUR S\u00e9curit\u00e9 des m\u00e9dicaments On est en droit d&rsquo;esp\u00e9rer que la pharmacog\u00e9nomique permettra aux patients de b\u00e9n\u00e9ficier de m\u00e9dicaments mieux adapt\u00e9s \u00e0 leur cas et entra\u00eenant donc moins d&rsquo;effets secondaires. Les patients feraient ainsi mieux confiance aux m\u00e9dicaments. Divers exemples d\u00e9montrent cet effet. Co\u00fbts Nombre d&rsquo;experts pensent que le syst\u00e8me de sant\u00e9 b\u00e9n\u00e9ficiera de la [&hellip;]<\/p>\n","protected":false},"author":1,"featured_media":0,"parent":846,"menu_order":2,"comment_status":"closed","ping_status":"closed","template":"page-templates\/unterthema.php","meta":{"_acf_changed":false,"inline_featured_image":false,"footnotes":""},"class_list":["post-838","page","type-page","status-publish","hentry"],"acf":[],"yoast_head":"<!-- This site is optimized with the Yoast SEO Premium plugin v27.2 (Yoast SEO v27.2) - https:\/\/yoast.com\/product\/yoast-seo-premium-wordpress\/ -->\n<title>3. Ethische Aspekte zur Pharmakogenomik - biotechlerncenter<\/title>\n<meta name=\"robots\" content=\"index, follow, max-snippet:-1, max-image-preview:large, max-video-preview:-1\" \/>\n<link rel=\"canonical\" href=\"https:\/\/biotechlerncenter.interpharma.ch\/themen\/personalisierte-medizin\/3-ethische-aspekte-zur-pharmakogenomik\/\" \/>\n<meta property=\"og:locale\" content=\"fr_FR\" \/>\n<meta property=\"og:type\" content=\"article\" \/>\n<meta property=\"og:title\" content=\"3. Ethische Aspekte zur Pharmakogenomik\" \/>\n<meta property=\"og:description\" content=\"POUR S\u00e9curit\u00e9 des m\u00e9dicaments On est en droit d&rsquo;esp\u00e9rer que la pharmacog\u00e9nomique permettra aux patients de b\u00e9n\u00e9ficier de m\u00e9dicaments mieux adapt\u00e9s \u00e0 leur cas et entra\u00eenant donc moins d&rsquo;effets secondaires. Les patients feraient ainsi mieux confiance aux m\u00e9dicaments. Divers exemples d\u00e9montrent cet effet. Co\u00fbts Nombre d&rsquo;experts pensent que le syst\u00e8me de sant\u00e9 b\u00e9n\u00e9ficiera de la [&hellip;]\" \/>\n<meta property=\"og:url\" content=\"https:\/\/biotechlerncenter.interpharma.ch\/themen\/personalisierte-medizin\/3-ethische-aspekte-zur-pharmakogenomik\/\" \/>\n<meta property=\"og:site_name\" content=\"biotechlerncenter\" \/>\n<meta property=\"article:modified_time\" content=\"2026-03-13T16:45:11+00:00\" \/>\n<meta property=\"og:image\" content=\"https:\/\/biotechlerncenter.interpharma.ch\/wp-content\/uploads\/sites\/4\/2020\/02\/pharmacogenetic_gerd_altmann_pixelio.de__0-724x1024.jpg\" \/>\n<meta name=\"twitter:card\" content=\"summary_large_image\" \/>\n<meta name=\"twitter:label1\" content=\"Dur\u00e9e de lecture estim\u00e9e\" \/>\n\t<meta name=\"twitter:data1\" content=\"3 minutes\" \/>\n<script type=\"application\/ld+json\" class=\"yoast-schema-graph\">{\"@context\":\"https:\/\/schema.org\",\"@graph\":[{\"@type\":\"WebPage\",\"@id\":\"https:\/\/biotechlerncenter.interpharma.ch\/themen\/personalisierte-medizin\/3-ethische-aspekte-zur-pharmakogenomik\/\",\"url\":\"https:\/\/biotechlerncenter.interpharma.ch\/themen\/personalisierte-medizin\/3-ethische-aspekte-zur-pharmakogenomik\/\",\"name\":\"3. Ethische Aspekte zur Pharmakogenomik - biotechlerncenter\",\"isPartOf\":{\"@id\":\"https:\/\/biotechlerncenter.interpharma.ch\/#website\"},\"primaryImageOfPage\":{\"@id\":\"https:\/\/biotechlerncenter.interpharma.ch\/themen\/personalisierte-medizin\/3-ethische-aspekte-zur-pharmakogenomik\/#primaryimage\"},\"image\":{\"@id\":\"https:\/\/biotechlerncenter.interpharma.ch\/themen\/personalisierte-medizin\/3-ethische-aspekte-zur-pharmakogenomik\/#primaryimage\"},\"thumbnailUrl\":\"https:\/\/biotechlerncenter.interpharma.ch\/wp-content\/uploads\/sites\/4\/2020\/02\/pharmacogenetic_gerd_altmann_pixelio.de__0-724x1024.jpg\",\"datePublished\":\"2026-03-12T16:26:32+00:00\",\"dateModified\":\"2026-03-13T16:45:11+00:00\",\"breadcrumb\":{\"@id\":\"https:\/\/biotechlerncenter.interpharma.ch\/themen\/personalisierte-medizin\/3-ethische-aspekte-zur-pharmakogenomik\/#breadcrumb\"},\"inLanguage\":\"fr-FR\",\"potentialAction\":[{\"@type\":\"ReadAction\",\"target\":[\"https:\/\/biotechlerncenter.interpharma.ch\/themen\/personalisierte-medizin\/3-ethische-aspekte-zur-pharmakogenomik\/\"]}]},{\"@type\":\"ImageObject\",\"inLanguage\":\"fr-FR\",\"@id\":\"https:\/\/biotechlerncenter.interpharma.ch\/themen\/personalisierte-medizin\/3-ethische-aspekte-zur-pharmakogenomik\/#primaryimage\",\"url\":\"https:\/\/biotechlerncenter.interpharma.ch\/wp-content\/uploads\/sites\/4\/2020\/02\/pharmacogenetic_gerd_altmann_pixelio.de__0-724x1024.jpg\",\"contentUrl\":\"https:\/\/biotechlerncenter.interpharma.ch\/wp-content\/uploads\/sites\/4\/2020\/02\/pharmacogenetic_gerd_altmann_pixelio.de__0-724x1024.jpg\"},{\"@type\":\"BreadcrumbList\",\"@id\":\"https:\/\/biotechlerncenter.interpharma.ch\/themen\/personalisierte-medizin\/3-ethische-aspekte-zur-pharmakogenomik\/#breadcrumb\",\"itemListElement\":[{\"@type\":\"ListItem\",\"position\":1,\"name\":\"Start\",\"item\":\"https:\/\/biotechlerncenter.interpharma.ch\/fr\/\"},{\"@type\":\"ListItem\",\"position\":2,\"name\":\"Sujets\",\"item\":\"https:\/\/biotechlerncenter.interpharma.ch\/fr\/sujets\/\"},{\"@type\":\"ListItem\",\"position\":3,\"name\":\"M\u00e9decine personnalis\u00e9e\",\"item\":\"https:\/\/biotechlerncenter.interpharma.ch\/fr\/sujets\/medecine-personnalisee\/\"},{\"@type\":\"ListItem\",\"position\":4,\"name\":\"3. Ethische Aspekte zur Pharmakogenomik\"}]},{\"@type\":\"WebSite\",\"@id\":\"https:\/\/biotechlerncenter.interpharma.ch\/#website\",\"url\":\"https:\/\/biotechlerncenter.interpharma.ch\/\",\"name\":\"biotechlerncenter\",\"description\":\"\",\"potentialAction\":[{\"@type\":\"SearchAction\",\"target\":{\"@type\":\"EntryPoint\",\"urlTemplate\":\"https:\/\/biotechlerncenter.interpharma.ch\/?s={search_term_string}\"},\"query-input\":{\"@type\":\"PropertyValueSpecification\",\"valueRequired\":true,\"valueName\":\"search_term_string\"}}],\"inLanguage\":\"fr-FR\"}]}<\/script>\n<!-- \/ Yoast SEO Premium plugin. -->","yoast_head_json":{"title":"3. Ethische Aspekte zur Pharmakogenomik - biotechlerncenter","robots":{"index":"index","follow":"follow","max-snippet":"max-snippet:-1","max-image-preview":"max-image-preview:large","max-video-preview":"max-video-preview:-1"},"canonical":"https:\/\/biotechlerncenter.interpharma.ch\/themen\/personalisierte-medizin\/3-ethische-aspekte-zur-pharmakogenomik\/","og_locale":"fr_FR","og_type":"article","og_title":"3. Ethische Aspekte zur Pharmakogenomik","og_description":"POUR S\u00e9curit\u00e9 des m\u00e9dicaments On est en droit d&rsquo;esp\u00e9rer que la pharmacog\u00e9nomique permettra aux patients de b\u00e9n\u00e9ficier de m\u00e9dicaments mieux adapt\u00e9s \u00e0 leur cas et entra\u00eenant donc moins d&rsquo;effets secondaires. Les patients feraient ainsi mieux confiance aux m\u00e9dicaments. Divers exemples d\u00e9montrent cet effet. Co\u00fbts Nombre d&rsquo;experts pensent que le syst\u00e8me de sant\u00e9 b\u00e9n\u00e9ficiera de la [&hellip;]","og_url":"https:\/\/biotechlerncenter.interpharma.ch\/themen\/personalisierte-medizin\/3-ethische-aspekte-zur-pharmakogenomik\/","og_site_name":"biotechlerncenter","article_modified_time":"2026-03-13T16:45:11+00:00","og_image":[{"url":"https:\/\/biotechlerncenter.interpharma.ch\/wp-content\/uploads\/sites\/4\/2020\/02\/pharmacogenetic_gerd_altmann_pixelio.de__0-724x1024.jpg","type":"","width":"","height":""}],"twitter_card":"summary_large_image","twitter_misc":{"Dur\u00e9e de lecture estim\u00e9e":"3 minutes"},"schema":{"@context":"https:\/\/schema.org","@graph":[{"@type":"WebPage","@id":"https:\/\/biotechlerncenter.interpharma.ch\/themen\/personalisierte-medizin\/3-ethische-aspekte-zur-pharmakogenomik\/","url":"https:\/\/biotechlerncenter.interpharma.ch\/themen\/personalisierte-medizin\/3-ethische-aspekte-zur-pharmakogenomik\/","name":"3. Ethische Aspekte zur Pharmakogenomik - biotechlerncenter","isPartOf":{"@id":"https:\/\/biotechlerncenter.interpharma.ch\/#website"},"primaryImageOfPage":{"@id":"https:\/\/biotechlerncenter.interpharma.ch\/themen\/personalisierte-medizin\/3-ethische-aspekte-zur-pharmakogenomik\/#primaryimage"},"image":{"@id":"https:\/\/biotechlerncenter.interpharma.ch\/themen\/personalisierte-medizin\/3-ethische-aspekte-zur-pharmakogenomik\/#primaryimage"},"thumbnailUrl":"https:\/\/biotechlerncenter.interpharma.ch\/wp-content\/uploads\/sites\/4\/2020\/02\/pharmacogenetic_gerd_altmann_pixelio.de__0-724x1024.jpg","datePublished":"2026-03-12T16:26:32+00:00","dateModified":"2026-03-13T16:45:11+00:00","breadcrumb":{"@id":"https:\/\/biotechlerncenter.interpharma.ch\/themen\/personalisierte-medizin\/3-ethische-aspekte-zur-pharmakogenomik\/#breadcrumb"},"inLanguage":"fr-FR","potentialAction":[{"@type":"ReadAction","target":["https:\/\/biotechlerncenter.interpharma.ch\/themen\/personalisierte-medizin\/3-ethische-aspekte-zur-pharmakogenomik\/"]}]},{"@type":"ImageObject","inLanguage":"fr-FR","@id":"https:\/\/biotechlerncenter.interpharma.ch\/themen\/personalisierte-medizin\/3-ethische-aspekte-zur-pharmakogenomik\/#primaryimage","url":"https:\/\/biotechlerncenter.interpharma.ch\/wp-content\/uploads\/sites\/4\/2020\/02\/pharmacogenetic_gerd_altmann_pixelio.de__0-724x1024.jpg","contentUrl":"https:\/\/biotechlerncenter.interpharma.ch\/wp-content\/uploads\/sites\/4\/2020\/02\/pharmacogenetic_gerd_altmann_pixelio.de__0-724x1024.jpg"},{"@type":"BreadcrumbList","@id":"https:\/\/biotechlerncenter.interpharma.ch\/themen\/personalisierte-medizin\/3-ethische-aspekte-zur-pharmakogenomik\/#breadcrumb","itemListElement":[{"@type":"ListItem","position":1,"name":"Start","item":"https:\/\/biotechlerncenter.interpharma.ch\/fr\/"},{"@type":"ListItem","position":2,"name":"Sujets","item":"https:\/\/biotechlerncenter.interpharma.ch\/fr\/sujets\/"},{"@type":"ListItem","position":3,"name":"M\u00e9decine personnalis\u00e9e","item":"https:\/\/biotechlerncenter.interpharma.ch\/fr\/sujets\/medecine-personnalisee\/"},{"@type":"ListItem","position":4,"name":"3. Ethische Aspekte zur Pharmakogenomik"}]},{"@type":"WebSite","@id":"https:\/\/biotechlerncenter.interpharma.ch\/#website","url":"https:\/\/biotechlerncenter.interpharma.ch\/","name":"biotechlerncenter","description":"","potentialAction":[{"@type":"SearchAction","target":{"@type":"EntryPoint","urlTemplate":"https:\/\/biotechlerncenter.interpharma.ch\/?s={search_term_string}"},"query-input":{"@type":"PropertyValueSpecification","valueRequired":true,"valueName":"search_term_string"}}],"inLanguage":"fr-FR"}]}},"_links":{"self":[{"href":"https:\/\/biotechlerncenter.interpharma.ch\/fr\/wp-json\/wp\/v2\/pages\/838","targetHints":{"allow":["GET"]}}],"collection":[{"href":"https:\/\/biotechlerncenter.interpharma.ch\/fr\/wp-json\/wp\/v2\/pages"}],"about":[{"href":"https:\/\/biotechlerncenter.interpharma.ch\/fr\/wp-json\/wp\/v2\/types\/page"}],"author":[{"embeddable":true,"href":"https:\/\/biotechlerncenter.interpharma.ch\/fr\/wp-json\/wp\/v2\/users\/1"}],"replies":[{"embeddable":true,"href":"https:\/\/biotechlerncenter.interpharma.ch\/fr\/wp-json\/wp\/v2\/comments?post=838"}],"version-history":[{"count":2,"href":"https:\/\/biotechlerncenter.interpharma.ch\/fr\/wp-json\/wp\/v2\/pages\/838\/revisions"}],"predecessor-version":[{"id":3180,"href":"https:\/\/biotechlerncenter.interpharma.ch\/fr\/wp-json\/wp\/v2\/pages\/838\/revisions\/3180"}],"up":[{"embeddable":true,"href":"https:\/\/biotechlerncenter.interpharma.ch\/fr\/wp-json\/wp\/v2\/pages\/846"}],"wp:attachment":[{"href":"https:\/\/biotechlerncenter.interpharma.ch\/fr\/wp-json\/wp\/v2\/media?parent=838"}],"curies":[{"name":"wp","href":"https:\/\/api.w.org\/{rel}","templated":true}]}}