{"id":810,"date":"2026-03-12T17:26:30","date_gmt":"2026-03-12T16:26:30","guid":{"rendered":"https:\/\/biotechlerncenter.iph-multisite.berta-bewegt.ch\/?page_id=810"},"modified":"2026-03-12T17:26:31","modified_gmt":"2026-03-12T16:26:31","slug":"7-aspects-ethiques-etude-des-risques","status":"publish","type":"page","link":"https:\/\/biotechlerncenter.interpharma.ch\/fr\/sujets\/nanomedecine\/7-aspects-ethiques-etude-des-risques\/","title":{"rendered":"7. Aspects \u00e9thiques\/ Etude des risques"},"content":{"rendered":"\n<p>Qu&rsquo;en&nbsp; est-il des risques? Cette question nous entra\u00eene dans une autre th\u00e9matique de la nanom\u00e9decine. Pour qu&rsquo;un traitement soit autoris\u00e9 par les autorit\u00e9s comp\u00e9tentes, celui-ci doit d\u00e9montrer une grande s\u00e9curit\u00e9 d&rsquo;action. Comme la nanom\u00e9decine est bas\u00e9e sur des \u00e9l\u00e9ments constitutifs in\u00e9dits avec lesquels les chercheurs n&rsquo;ont partiellement que peu d&rsquo;exp\u00e9rience, les standards relatifs \u00e0 la s\u00e9curit\u00e9 doivent \u00eatre nouvellement d\u00e9finis. Elle soul\u00e8ve des questions d&rsquo;un nouvel ordre: lorsqu&rsquo;un principe actif connu et autoris\u00e9, l&rsquo;insuline par exemple, se trouve rattach\u00e9&nbsp; \u00e0 une nanoparticule, quelle est la s\u00e9curit\u00e9 de ce principe actif nouvellement d\u00e9fini? Que se passe-t-il exactement avec les nanoparticules dans l&rsquo;organisme? S&rsquo;entreposent-elles dans un organe ou sont-elles \u00e9limin\u00e9es? Provoqueront-elles des pr\u00e9judices qui n&rsquo;appara\u00eetront que dans quelques ann\u00e9es?<\/p>\n\n\n\n<p>Les chercheurs ont entre-temps recueilli quelques informations concernant les risques des nanoparticules. Le fait est que de nombreux individus sont quotidiennement expos\u00e9s aux nanoparticules. Les gaz d&rsquo;\u00e9chappement des moteurs \u00e0 diesel contiennent de nombreuses nanoparticules qui, entre-temps, sont connues pour \u00eatre source de cancer; poussi\u00e8res, fum\u00e9e de feux de chemin\u00e9e ou encore cigarettes, toutes contiennent des nanoparticules. Lorsque ces particules sont inhal\u00e9es, elles p\u00e9n\u00e8trent jusque dans le noyau cellulaire o\u00f9 elles pourraient avoir des interactions avec le patrimoine g\u00e9n\u00e9tique. Par contre, il n&rsquo;est pas encore certain que cela se produise ainsi. D&rsquo;o\u00f9 l&rsquo;importance de faire des recherches tr\u00e8s approfondies sur les m\u00e9dicaments bas\u00e9s sur la nanotechnologie. Il en est de m\u00eame pour tous les principes actifs avant qu&rsquo;ils ne soient autoris\u00e9s \u00e0 \u00eatre mis sur le march\u00e9.<\/p>\n","protected":false},"excerpt":{"rendered":"<p>Qu&rsquo;en&nbsp; est-il des risques? Cette question nous entra\u00eene dans une autre th\u00e9matique de la nanom\u00e9decine. Pour qu&rsquo;un traitement soit autoris\u00e9 par les autorit\u00e9s comp\u00e9tentes, celui-ci doit d\u00e9montrer une grande s\u00e9curit\u00e9 d&rsquo;action. Comme la nanom\u00e9decine est bas\u00e9e sur des \u00e9l\u00e9ments constitutifs in\u00e9dits avec lesquels les chercheurs n&rsquo;ont partiellement que peu d&rsquo;exp\u00e9rience, les standards relatifs \u00e0 la [&hellip;]<\/p>\n","protected":false},"author":1,"featured_media":0,"parent":826,"menu_order":6,"comment_status":"closed","ping_status":"closed","template":"page-templates\/unterthema.php","meta":{"_acf_changed":false,"inline_featured_image":false,"footnotes":""},"class_list":["post-810","page","type-page","status-publish","hentry"],"acf":[],"yoast_head":"<!-- This site is optimized with the Yoast SEO Premium plugin v27.2 (Yoast SEO v27.2) - https:\/\/yoast.com\/product\/yoast-seo-premium-wordpress\/ -->\n<title>7. Aspects \u00e9thiques\/ Etude des risques - biotechlerncenter<\/title>\n<meta name=\"robots\" content=\"index, follow, max-snippet:-1, max-image-preview:large, max-video-preview:-1\" \/>\n<link rel=\"canonical\" href=\"https:\/\/biotechlerncenter.interpharma.ch\/themen\/nanomedizin\/7-ethische-aspekte-risikoforschung\/\" \/>\n<meta property=\"og:locale\" content=\"fr_FR\" \/>\n<meta property=\"og:type\" content=\"article\" \/>\n<meta property=\"og:title\" content=\"7. Aspects \u00e9thiques\/ Etude des risques\" \/>\n<meta property=\"og:description\" content=\"Qu&rsquo;en&nbsp; est-il des risques? Cette question nous entra\u00eene dans une autre th\u00e9matique de la nanom\u00e9decine. Pour qu&rsquo;un traitement soit autoris\u00e9 par les autorit\u00e9s comp\u00e9tentes, celui-ci doit d\u00e9montrer une grande s\u00e9curit\u00e9 d&rsquo;action. Comme la nanom\u00e9decine est bas\u00e9e sur des \u00e9l\u00e9ments constitutifs in\u00e9dits avec lesquels les chercheurs n&rsquo;ont partiellement que peu d&rsquo;exp\u00e9rience, les standards relatifs \u00e0 la [&hellip;]\" \/>\n<meta property=\"og:url\" content=\"https:\/\/biotechlerncenter.interpharma.ch\/themen\/nanomedizin\/7-ethische-aspekte-risikoforschung\/\" \/>\n<meta property=\"og:site_name\" content=\"biotechlerncenter\" \/>\n<meta property=\"article:modified_time\" content=\"2026-03-12T16:26:31+00:00\" \/>\n<meta name=\"twitter:card\" content=\"summary_large_image\" \/>\n<meta name=\"twitter:label1\" content=\"Dur\u00e9e de lecture estim\u00e9e\" \/>\n\t<meta name=\"twitter:data1\" content=\"1 minute\" \/>\n<script type=\"application\/ld+json\" class=\"yoast-schema-graph\">{\"@context\":\"https:\/\/schema.org\",\"@graph\":[{\"@type\":\"WebPage\",\"@id\":\"https:\/\/biotechlerncenter.interpharma.ch\/themen\/nanomedizin\/7-ethische-aspekte-risikoforschung\/\",\"url\":\"https:\/\/biotechlerncenter.interpharma.ch\/themen\/nanomedizin\/7-ethische-aspekte-risikoforschung\/\",\"name\":\"7. Aspects \u00e9thiques\/ Etude des risques - biotechlerncenter\",\"isPartOf\":{\"@id\":\"https:\/\/biotechlerncenter.interpharma.ch\/#website\"},\"datePublished\":\"2026-03-12T16:26:30+00:00\",\"dateModified\":\"2026-03-12T16:26:31+00:00\",\"breadcrumb\":{\"@id\":\"https:\/\/biotechlerncenter.interpharma.ch\/themen\/nanomedizin\/7-ethische-aspekte-risikoforschung\/#breadcrumb\"},\"inLanguage\":\"fr-FR\",\"potentialAction\":[{\"@type\":\"ReadAction\",\"target\":[\"https:\/\/biotechlerncenter.interpharma.ch\/themen\/nanomedizin\/7-ethische-aspekte-risikoforschung\/\"]}]},{\"@type\":\"BreadcrumbList\",\"@id\":\"https:\/\/biotechlerncenter.interpharma.ch\/themen\/nanomedizin\/7-ethische-aspekte-risikoforschung\/#breadcrumb\",\"itemListElement\":[{\"@type\":\"ListItem\",\"position\":1,\"name\":\"Start\",\"item\":\"https:\/\/biotechlerncenter.interpharma.ch\/fr\/\"},{\"@type\":\"ListItem\",\"position\":2,\"name\":\"Sujets\",\"item\":\"https:\/\/biotechlerncenter.interpharma.ch\/fr\/sujets\/\"},{\"@type\":\"ListItem\",\"position\":3,\"name\":\"Nanom\u00e9decine\",\"item\":\"https:\/\/biotechlerncenter.interpharma.ch\/fr\/sujets\/nanomedecine\/\"},{\"@type\":\"ListItem\",\"position\":4,\"name\":\"7. Aspects \u00e9thiques\/ Etude des risques\"}]},{\"@type\":\"WebSite\",\"@id\":\"https:\/\/biotechlerncenter.interpharma.ch\/#website\",\"url\":\"https:\/\/biotechlerncenter.interpharma.ch\/\",\"name\":\"biotechlerncenter\",\"description\":\"\",\"potentialAction\":[{\"@type\":\"SearchAction\",\"target\":{\"@type\":\"EntryPoint\",\"urlTemplate\":\"https:\/\/biotechlerncenter.interpharma.ch\/?s={search_term_string}\"},\"query-input\":{\"@type\":\"PropertyValueSpecification\",\"valueRequired\":true,\"valueName\":\"search_term_string\"}}],\"inLanguage\":\"fr-FR\"}]}<\/script>\n<!-- \/ Yoast SEO Premium plugin. -->","yoast_head_json":{"title":"7. Aspects \u00e9thiques\/ Etude des risques - biotechlerncenter","robots":{"index":"index","follow":"follow","max-snippet":"max-snippet:-1","max-image-preview":"max-image-preview:large","max-video-preview":"max-video-preview:-1"},"canonical":"https:\/\/biotechlerncenter.interpharma.ch\/themen\/nanomedizin\/7-ethische-aspekte-risikoforschung\/","og_locale":"fr_FR","og_type":"article","og_title":"7. Aspects \u00e9thiques\/ Etude des risques","og_description":"Qu&rsquo;en&nbsp; est-il des risques? Cette question nous entra\u00eene dans une autre th\u00e9matique de la nanom\u00e9decine. Pour qu&rsquo;un traitement soit autoris\u00e9 par les autorit\u00e9s comp\u00e9tentes, celui-ci doit d\u00e9montrer une grande s\u00e9curit\u00e9 d&rsquo;action. Comme la nanom\u00e9decine est bas\u00e9e sur des \u00e9l\u00e9ments constitutifs in\u00e9dits avec lesquels les chercheurs n&rsquo;ont partiellement que peu d&rsquo;exp\u00e9rience, les standards relatifs \u00e0 la [&hellip;]","og_url":"https:\/\/biotechlerncenter.interpharma.ch\/themen\/nanomedizin\/7-ethische-aspekte-risikoforschung\/","og_site_name":"biotechlerncenter","article_modified_time":"2026-03-12T16:26:31+00:00","twitter_card":"summary_large_image","twitter_misc":{"Dur\u00e9e de lecture estim\u00e9e":"1 minute"},"schema":{"@context":"https:\/\/schema.org","@graph":[{"@type":"WebPage","@id":"https:\/\/biotechlerncenter.interpharma.ch\/themen\/nanomedizin\/7-ethische-aspekte-risikoforschung\/","url":"https:\/\/biotechlerncenter.interpharma.ch\/themen\/nanomedizin\/7-ethische-aspekte-risikoforschung\/","name":"7. Aspects \u00e9thiques\/ Etude des risques - biotechlerncenter","isPartOf":{"@id":"https:\/\/biotechlerncenter.interpharma.ch\/#website"},"datePublished":"2026-03-12T16:26:30+00:00","dateModified":"2026-03-12T16:26:31+00:00","breadcrumb":{"@id":"https:\/\/biotechlerncenter.interpharma.ch\/themen\/nanomedizin\/7-ethische-aspekte-risikoforschung\/#breadcrumb"},"inLanguage":"fr-FR","potentialAction":[{"@type":"ReadAction","target":["https:\/\/biotechlerncenter.interpharma.ch\/themen\/nanomedizin\/7-ethische-aspekte-risikoforschung\/"]}]},{"@type":"BreadcrumbList","@id":"https:\/\/biotechlerncenter.interpharma.ch\/themen\/nanomedizin\/7-ethische-aspekte-risikoforschung\/#breadcrumb","itemListElement":[{"@type":"ListItem","position":1,"name":"Start","item":"https:\/\/biotechlerncenter.interpharma.ch\/fr\/"},{"@type":"ListItem","position":2,"name":"Sujets","item":"https:\/\/biotechlerncenter.interpharma.ch\/fr\/sujets\/"},{"@type":"ListItem","position":3,"name":"Nanom\u00e9decine","item":"https:\/\/biotechlerncenter.interpharma.ch\/fr\/sujets\/nanomedecine\/"},{"@type":"ListItem","position":4,"name":"7. Aspects \u00e9thiques\/ Etude des risques"}]},{"@type":"WebSite","@id":"https:\/\/biotechlerncenter.interpharma.ch\/#website","url":"https:\/\/biotechlerncenter.interpharma.ch\/","name":"biotechlerncenter","description":"","potentialAction":[{"@type":"SearchAction","target":{"@type":"EntryPoint","urlTemplate":"https:\/\/biotechlerncenter.interpharma.ch\/?s={search_term_string}"},"query-input":{"@type":"PropertyValueSpecification","valueRequired":true,"valueName":"search_term_string"}}],"inLanguage":"fr-FR"}]}},"_links":{"self":[{"href":"https:\/\/biotechlerncenter.interpharma.ch\/fr\/wp-json\/wp\/v2\/pages\/810","targetHints":{"allow":["GET"]}}],"collection":[{"href":"https:\/\/biotechlerncenter.interpharma.ch\/fr\/wp-json\/wp\/v2\/pages"}],"about":[{"href":"https:\/\/biotechlerncenter.interpharma.ch\/fr\/wp-json\/wp\/v2\/types\/page"}],"author":[{"embeddable":true,"href":"https:\/\/biotechlerncenter.interpharma.ch\/fr\/wp-json\/wp\/v2\/users\/1"}],"replies":[{"embeddable":true,"href":"https:\/\/biotechlerncenter.interpharma.ch\/fr\/wp-json\/wp\/v2\/comments?post=810"}],"version-history":[{"count":1,"href":"https:\/\/biotechlerncenter.interpharma.ch\/fr\/wp-json\/wp\/v2\/pages\/810\/revisions"}],"predecessor-version":[{"id":811,"href":"https:\/\/biotechlerncenter.interpharma.ch\/fr\/wp-json\/wp\/v2\/pages\/810\/revisions\/811"}],"up":[{"embeddable":true,"href":"https:\/\/biotechlerncenter.interpharma.ch\/fr\/wp-json\/wp\/v2\/pages\/826"}],"wp:attachment":[{"href":"https:\/\/biotechlerncenter.interpharma.ch\/fr\/wp-json\/wp\/v2\/media?parent=810"}],"curies":[{"name":"wp","href":"https:\/\/api.w.org\/{rel}","templated":true}]}}