{"id":798,"date":"2026-03-12T17:26:30","date_gmt":"2026-03-12T16:26:30","guid":{"rendered":"https:\/\/biotechlerncenter.iph-multisite.berta-bewegt.ch\/?page_id=798"},"modified":"2026-03-13T17:38:42","modified_gmt":"2026-03-13T16:38:42","slug":"4-puces-et-nano-nez-diagnostic-plus-precis-plus-rapide-et-plus-economique","status":"publish","type":"page","link":"https:\/\/biotechlerncenter.interpharma.ch\/fr\/sujets\/nanomedecine\/4-puces-et-nano-nez-diagnostic-plus-precis-plus-rapide-et-plus-economique\/","title":{"rendered":"4. Puces et nano-nez: diagnostic plus pr\u00e9cis, plus rapide et plus \u00e9conomique"},"content":{"rendered":"\n<p>C&rsquo;est essentiellement dans le domaine du diagnostic que l&rsquo;on attend les avanc\u00e9es les plus importantes, dans la cr\u00e9ation d&rsquo;instruments de diagnostic in\u00e9dits par exemple: une seule goutte de sang suffit (plus de tube capillaire) et en l&rsquo;espace de quelques minutes, le m\u00e9decin peut d\u00e9celer, \u00e0 l&rsquo;aide d&rsquo;une puce, si le patient souffre d&rsquo;un infarctus du myocarde, d&rsquo;une infection ou de toute autre maladie grave telle qu&rsquo;un cancer. Il ne s&rsquo;agit l\u00e0 que d&rsquo;une projection dans le futur mais les premiers instruments qui pourraient concr\u00e9tiser au moins une partie de cette vision sont d\u00e9j\u00e0 en voie de d\u00e9veloppement. Comme ces nouveaux instruments utilis\u00e9s dans le diagnostic auront besoin d&rsquo;une plus petite quantit\u00e9 de r\u00e9actifs, les co\u00fbts d&rsquo;analyse seront donc r\u00e9duits. Ces instruments, de format miniature, pourront prendre place dans une poche et ce, non seulement \u00e0 l&rsquo;h\u00f4pital ou dans un cabinet mais \u00e9galement dans des r\u00e9gions plus retir\u00e9es de par le monde. Ces puces pourraient \u00e9galement \u00eatre b\u00e9n\u00e9fiques dans la lutte contre le paludisme en offrant&nbsp; un d\u00e9pistage rapide et \u00e9conomique de la maladie dans les pays les plus pauvres.<\/p>\n\n\n\n<p>Les chercheurs tentent actuellement de d\u00e9velopper de meilleurs nano-nez (voir illustration 2): des instruments de diagnostic qui pourraient d\u00e9celer de fa\u00e7on extr\u00eamement rapide et pr\u00e9cise des quantit\u00e9s infimes d&rsquo;une substance d\u00e9termin\u00e9e et ce, m\u00eame sous forme gazeuse. De tels instruments pourraient \u00eatre utilis\u00e9s \u00e0 des fins diverses comme par exemple dans l&rsquo;examen de l&rsquo;haleine du patient. L&rsquo;haleine fournit de multiples renseignements relatifs \u00e0 d&rsquo;\u00e9ventuelles maladies telles que diab\u00e8te ou dysfonctionnements r\u00e9naux.<\/p>\n\n\n\n<figure class=\"wp-block-image size-large\"><img decoding=\"async\" src=\"https:\/\/biotechlerncenter.interpharma.ch\/wp-content\/uploads\/sites\/4\/2020\/02\/nano-nez.jpg\" alt=\"\" class=\"wp-image-4385\"\/><figcaption>Illustration 2: Comment les nano-nez fonctionnent<br>\u00a9 Interpharma<\/figcaption><\/figure>\n\n\n\n<figure class=\"wp-block-image size-large\"><img decoding=\"async\" src=\"http:\/\/biotechlerncenter.interpharma.ch\/wp-content\/uploads\/sites\/4\/2020\/01\/schematic1_900.jpg\" alt=\"\" class=\"wp-image-3605\"\/><figcaption>D\u00e9pistage nano-m\u00e9canique d&rsquo;antibiotiques dans le but de combattre les bact\u00e9ries r\u00e9sistantes<br>\u00a9 London Centre for Nanotechnology<\/figcaption><\/figure>\n","protected":false},"excerpt":{"rendered":"<p>C&rsquo;est essentiellement dans le domaine du diagnostic que l&rsquo;on attend les avanc\u00e9es les plus importantes, dans la cr\u00e9ation d&rsquo;instruments de diagnostic in\u00e9dits par exemple: une seule goutte de sang suffit (plus de tube capillaire) et en l&rsquo;espace de quelques minutes, le m\u00e9decin peut d\u00e9celer, \u00e0 l&rsquo;aide d&rsquo;une puce, si le patient souffre d&rsquo;un infarctus du [&hellip;]<\/p>\n","protected":false},"author":1,"featured_media":0,"parent":826,"menu_order":3,"comment_status":"closed","ping_status":"closed","template":"page-templates\/unterthema.php","meta":{"_acf_changed":false,"inline_featured_image":false,"footnotes":""},"class_list":["post-798","page","type-page","status-publish","hentry"],"acf":[],"yoast_head":"<!-- This site is optimized with the Yoast SEO Premium plugin v27.2 (Yoast SEO v27.2) - https:\/\/yoast.com\/product\/yoast-seo-premium-wordpress\/ -->\n<title>4. Puces et nano-nez: diagnostic plus pr\u00e9cis, plus rapide et plus \u00e9conomique - biotechlerncenter<\/title>\n<meta name=\"robots\" content=\"index, follow, max-snippet:-1, max-image-preview:large, max-video-preview:-1\" \/>\n<link rel=\"canonical\" href=\"https:\/\/biotechlerncenter.interpharma.ch\/themen\/nanomedizin\/4-chips-und-nano-nasen-genauere-schnellere-und-guenstigere-diagnostik\/\" \/>\n<meta property=\"og:locale\" content=\"fr_FR\" \/>\n<meta property=\"og:type\" content=\"article\" \/>\n<meta property=\"og:title\" content=\"4. Puces et nano-nez: diagnostic plus pr\u00e9cis, plus rapide et plus \u00e9conomique\" \/>\n<meta property=\"og:description\" content=\"C&rsquo;est essentiellement dans le domaine du diagnostic que l&rsquo;on attend les avanc\u00e9es les plus importantes, dans la cr\u00e9ation d&rsquo;instruments de diagnostic in\u00e9dits par exemple: une seule goutte de sang suffit (plus de tube capillaire) et en l&rsquo;espace de quelques minutes, le m\u00e9decin peut d\u00e9celer, \u00e0 l&rsquo;aide d&rsquo;une puce, si le patient souffre d&rsquo;un infarctus du [&hellip;]\" \/>\n<meta property=\"og:url\" content=\"https:\/\/biotechlerncenter.interpharma.ch\/themen\/nanomedizin\/4-chips-und-nano-nasen-genauere-schnellere-und-guenstigere-diagnostik\/\" \/>\n<meta property=\"og:site_name\" content=\"biotechlerncenter\" \/>\n<meta property=\"article:modified_time\" content=\"2026-03-13T16:38:42+00:00\" \/>\n<meta property=\"og:image\" content=\"https:\/\/biotechlerncenter.interpharma.ch\/wp-content\/uploads\/sites\/4\/2020\/02\/nano-nez.jpg\" \/>\n<meta name=\"twitter:card\" content=\"summary_large_image\" \/>\n<meta name=\"twitter:label1\" content=\"Dur\u00e9e de lecture estim\u00e9e\" \/>\n\t<meta name=\"twitter:data1\" content=\"2 minutes\" \/>\n<script type=\"application\/ld+json\" class=\"yoast-schema-graph\">{\"@context\":\"https:\/\/schema.org\",\"@graph\":[{\"@type\":\"WebPage\",\"@id\":\"https:\/\/biotechlerncenter.interpharma.ch\/themen\/nanomedizin\/4-chips-und-nano-nasen-genauere-schnellere-und-guenstigere-diagnostik\/\",\"url\":\"https:\/\/biotechlerncenter.interpharma.ch\/themen\/nanomedizin\/4-chips-und-nano-nasen-genauere-schnellere-und-guenstigere-diagnostik\/\",\"name\":\"4. Puces et nano-nez: diagnostic plus pr\u00e9cis, plus rapide et plus \u00e9conomique - biotechlerncenter\",\"isPartOf\":{\"@id\":\"https:\/\/biotechlerncenter.interpharma.ch\/#website\"},\"primaryImageOfPage\":{\"@id\":\"https:\/\/biotechlerncenter.interpharma.ch\/themen\/nanomedizin\/4-chips-und-nano-nasen-genauere-schnellere-und-guenstigere-diagnostik\/#primaryimage\"},\"image\":{\"@id\":\"https:\/\/biotechlerncenter.interpharma.ch\/themen\/nanomedizin\/4-chips-und-nano-nasen-genauere-schnellere-und-guenstigere-diagnostik\/#primaryimage\"},\"thumbnailUrl\":\"https:\/\/biotechlerncenter.interpharma.ch\/wp-content\/uploads\/sites\/4\/2020\/02\/nano-nez.jpg\",\"datePublished\":\"2026-03-12T16:26:30+00:00\",\"dateModified\":\"2026-03-13T16:38:42+00:00\",\"breadcrumb\":{\"@id\":\"https:\/\/biotechlerncenter.interpharma.ch\/themen\/nanomedizin\/4-chips-und-nano-nasen-genauere-schnellere-und-guenstigere-diagnostik\/#breadcrumb\"},\"inLanguage\":\"fr-FR\",\"potentialAction\":[{\"@type\":\"ReadAction\",\"target\":[\"https:\/\/biotechlerncenter.interpharma.ch\/themen\/nanomedizin\/4-chips-und-nano-nasen-genauere-schnellere-und-guenstigere-diagnostik\/\"]}]},{\"@type\":\"ImageObject\",\"inLanguage\":\"fr-FR\",\"@id\":\"https:\/\/biotechlerncenter.interpharma.ch\/themen\/nanomedizin\/4-chips-und-nano-nasen-genauere-schnellere-und-guenstigere-diagnostik\/#primaryimage\",\"url\":\"https:\/\/biotechlerncenter.interpharma.ch\/wp-content\/uploads\/sites\/4\/2020\/02\/nano-nez.jpg\",\"contentUrl\":\"https:\/\/biotechlerncenter.interpharma.ch\/wp-content\/uploads\/sites\/4\/2020\/02\/nano-nez.jpg\"},{\"@type\":\"BreadcrumbList\",\"@id\":\"https:\/\/biotechlerncenter.interpharma.ch\/themen\/nanomedizin\/4-chips-und-nano-nasen-genauere-schnellere-und-guenstigere-diagnostik\/#breadcrumb\",\"itemListElement\":[{\"@type\":\"ListItem\",\"position\":1,\"name\":\"Start\",\"item\":\"https:\/\/biotechlerncenter.interpharma.ch\/fr\/\"},{\"@type\":\"ListItem\",\"position\":2,\"name\":\"Sujets\",\"item\":\"https:\/\/biotechlerncenter.interpharma.ch\/fr\/sujets\/\"},{\"@type\":\"ListItem\",\"position\":3,\"name\":\"Nanom\u00e9decine\",\"item\":\"https:\/\/biotechlerncenter.interpharma.ch\/fr\/sujets\/nanomedecine\/\"},{\"@type\":\"ListItem\",\"position\":4,\"name\":\"4. Puces et nano-nez: diagnostic plus pr\u00e9cis, plus rapide et plus \u00e9conomique\"}]},{\"@type\":\"WebSite\",\"@id\":\"https:\/\/biotechlerncenter.interpharma.ch\/#website\",\"url\":\"https:\/\/biotechlerncenter.interpharma.ch\/\",\"name\":\"biotechlerncenter\",\"description\":\"\",\"potentialAction\":[{\"@type\":\"SearchAction\",\"target\":{\"@type\":\"EntryPoint\",\"urlTemplate\":\"https:\/\/biotechlerncenter.interpharma.ch\/?s={search_term_string}\"},\"query-input\":{\"@type\":\"PropertyValueSpecification\",\"valueRequired\":true,\"valueName\":\"search_term_string\"}}],\"inLanguage\":\"fr-FR\"}]}<\/script>\n<!-- \/ Yoast SEO Premium plugin. -->","yoast_head_json":{"title":"4. Puces et nano-nez: diagnostic plus pr\u00e9cis, plus rapide et plus \u00e9conomique - biotechlerncenter","robots":{"index":"index","follow":"follow","max-snippet":"max-snippet:-1","max-image-preview":"max-image-preview:large","max-video-preview":"max-video-preview:-1"},"canonical":"https:\/\/biotechlerncenter.interpharma.ch\/themen\/nanomedizin\/4-chips-und-nano-nasen-genauere-schnellere-und-guenstigere-diagnostik\/","og_locale":"fr_FR","og_type":"article","og_title":"4. Puces et nano-nez: diagnostic plus pr\u00e9cis, plus rapide et plus \u00e9conomique","og_description":"C&rsquo;est essentiellement dans le domaine du diagnostic que l&rsquo;on attend les avanc\u00e9es les plus importantes, dans la cr\u00e9ation d&rsquo;instruments de diagnostic in\u00e9dits par exemple: une seule goutte de sang suffit (plus de tube capillaire) et en l&rsquo;espace de quelques minutes, le m\u00e9decin peut d\u00e9celer, \u00e0 l&rsquo;aide d&rsquo;une puce, si le patient souffre d&rsquo;un infarctus du [&hellip;]","og_url":"https:\/\/biotechlerncenter.interpharma.ch\/themen\/nanomedizin\/4-chips-und-nano-nasen-genauere-schnellere-und-guenstigere-diagnostik\/","og_site_name":"biotechlerncenter","article_modified_time":"2026-03-13T16:38:42+00:00","og_image":[{"url":"https:\/\/biotechlerncenter.interpharma.ch\/wp-content\/uploads\/sites\/4\/2020\/02\/nano-nez.jpg","type":"","width":"","height":""}],"twitter_card":"summary_large_image","twitter_misc":{"Dur\u00e9e de lecture estim\u00e9e":"2 minutes"},"schema":{"@context":"https:\/\/schema.org","@graph":[{"@type":"WebPage","@id":"https:\/\/biotechlerncenter.interpharma.ch\/themen\/nanomedizin\/4-chips-und-nano-nasen-genauere-schnellere-und-guenstigere-diagnostik\/","url":"https:\/\/biotechlerncenter.interpharma.ch\/themen\/nanomedizin\/4-chips-und-nano-nasen-genauere-schnellere-und-guenstigere-diagnostik\/","name":"4. Puces et nano-nez: diagnostic plus pr\u00e9cis, plus rapide et plus \u00e9conomique - biotechlerncenter","isPartOf":{"@id":"https:\/\/biotechlerncenter.interpharma.ch\/#website"},"primaryImageOfPage":{"@id":"https:\/\/biotechlerncenter.interpharma.ch\/themen\/nanomedizin\/4-chips-und-nano-nasen-genauere-schnellere-und-guenstigere-diagnostik\/#primaryimage"},"image":{"@id":"https:\/\/biotechlerncenter.interpharma.ch\/themen\/nanomedizin\/4-chips-und-nano-nasen-genauere-schnellere-und-guenstigere-diagnostik\/#primaryimage"},"thumbnailUrl":"https:\/\/biotechlerncenter.interpharma.ch\/wp-content\/uploads\/sites\/4\/2020\/02\/nano-nez.jpg","datePublished":"2026-03-12T16:26:30+00:00","dateModified":"2026-03-13T16:38:42+00:00","breadcrumb":{"@id":"https:\/\/biotechlerncenter.interpharma.ch\/themen\/nanomedizin\/4-chips-und-nano-nasen-genauere-schnellere-und-guenstigere-diagnostik\/#breadcrumb"},"inLanguage":"fr-FR","potentialAction":[{"@type":"ReadAction","target":["https:\/\/biotechlerncenter.interpharma.ch\/themen\/nanomedizin\/4-chips-und-nano-nasen-genauere-schnellere-und-guenstigere-diagnostik\/"]}]},{"@type":"ImageObject","inLanguage":"fr-FR","@id":"https:\/\/biotechlerncenter.interpharma.ch\/themen\/nanomedizin\/4-chips-und-nano-nasen-genauere-schnellere-und-guenstigere-diagnostik\/#primaryimage","url":"https:\/\/biotechlerncenter.interpharma.ch\/wp-content\/uploads\/sites\/4\/2020\/02\/nano-nez.jpg","contentUrl":"https:\/\/biotechlerncenter.interpharma.ch\/wp-content\/uploads\/sites\/4\/2020\/02\/nano-nez.jpg"},{"@type":"BreadcrumbList","@id":"https:\/\/biotechlerncenter.interpharma.ch\/themen\/nanomedizin\/4-chips-und-nano-nasen-genauere-schnellere-und-guenstigere-diagnostik\/#breadcrumb","itemListElement":[{"@type":"ListItem","position":1,"name":"Start","item":"https:\/\/biotechlerncenter.interpharma.ch\/fr\/"},{"@type":"ListItem","position":2,"name":"Sujets","item":"https:\/\/biotechlerncenter.interpharma.ch\/fr\/sujets\/"},{"@type":"ListItem","position":3,"name":"Nanom\u00e9decine","item":"https:\/\/biotechlerncenter.interpharma.ch\/fr\/sujets\/nanomedecine\/"},{"@type":"ListItem","position":4,"name":"4. Puces et nano-nez: diagnostic plus pr\u00e9cis, plus rapide et plus \u00e9conomique"}]},{"@type":"WebSite","@id":"https:\/\/biotechlerncenter.interpharma.ch\/#website","url":"https:\/\/biotechlerncenter.interpharma.ch\/","name":"biotechlerncenter","description":"","potentialAction":[{"@type":"SearchAction","target":{"@type":"EntryPoint","urlTemplate":"https:\/\/biotechlerncenter.interpharma.ch\/?s={search_term_string}"},"query-input":{"@type":"PropertyValueSpecification","valueRequired":true,"valueName":"search_term_string"}}],"inLanguage":"fr-FR"}]}},"_links":{"self":[{"href":"https:\/\/biotechlerncenter.interpharma.ch\/fr\/wp-json\/wp\/v2\/pages\/798","targetHints":{"allow":["GET"]}}],"collection":[{"href":"https:\/\/biotechlerncenter.interpharma.ch\/fr\/wp-json\/wp\/v2\/pages"}],"about":[{"href":"https:\/\/biotechlerncenter.interpharma.ch\/fr\/wp-json\/wp\/v2\/types\/page"}],"author":[{"embeddable":true,"href":"https:\/\/biotechlerncenter.interpharma.ch\/fr\/wp-json\/wp\/v2\/users\/1"}],"replies":[{"embeddable":true,"href":"https:\/\/biotechlerncenter.interpharma.ch\/fr\/wp-json\/wp\/v2\/comments?post=798"}],"version-history":[{"count":3,"href":"https:\/\/biotechlerncenter.interpharma.ch\/fr\/wp-json\/wp\/v2\/pages\/798\/revisions"}],"predecessor-version":[{"id":3166,"href":"https:\/\/biotechlerncenter.interpharma.ch\/fr\/wp-json\/wp\/v2\/pages\/798\/revisions\/3166"}],"up":[{"embeddable":true,"href":"https:\/\/biotechlerncenter.interpharma.ch\/fr\/wp-json\/wp\/v2\/pages\/826"}],"wp:attachment":[{"href":"https:\/\/biotechlerncenter.interpharma.ch\/fr\/wp-json\/wp\/v2\/media?parent=798"}],"curies":[{"name":"wp","href":"https:\/\/api.w.org\/{rel}","templated":true}]}}