{"id":758,"date":"2026-03-12T17:26:27","date_gmt":"2026-03-12T16:26:27","guid":{"rendered":"https:\/\/biotechlerncenter.iph-multisite.berta-bewegt.ch\/?page_id=758"},"modified":"2026-03-13T17:28:43","modified_gmt":"2026-03-13T16:28:43","slug":"5-les-genes-seront-isoles-en-clones-et-les-moutons-seront-clones","status":"publish","type":"page","link":"https:\/\/biotechlerncenter.interpharma.ch\/fr\/sujets\/cloner\/5-les-genes-seront-isoles-en-clones-et-les-moutons-seront-clones\/","title":{"rendered":"5. Les g\u00e8nes seront isol\u00e9s en clones et les moutons seront clon\u00e9s"},"content":{"rendered":"\n<p>Arriv\u00e9s \u00e0 ce stade, nous devons diff\u00e9rencier \u00abl&rsquo;isolement du clone\u00bb et \u00abcloner\u00bb.Les chercheurs crurent pendant longtemps qu&rsquo;il \u00e9tait impossible de cloner des \u00eatres vivants sup\u00e9rieurs et encore moins des mammif\u00e8res. Certes, des chercheurs ont r\u00e9ussi \u00e0 cloner des grenouilles dans les ann\u00e9es 70 mais ils se retrouv\u00e8rent devant un obstacle; ils ne pouvaient cloner que de tr\u00e8s jeunes grenouilles au stade embryonnaire, parce que plus l&rsquo;animal donneur \u00e9tait \u00e2g\u00e9, plus il \u00e9tait difficile de le cloner. Cloner une grenouille adulte tenait de l&rsquo;impossible; le degr\u00e9 de diff\u00e9renciation des cellules en est responsable, telles furent les conclusions unanimes des biologistes de l&rsquo;\u00e9volution.<\/p>\n\n\n\n<p>Les cellules des toutes jeunes grenouilles ne sont pas encore diff\u00e9renci\u00e9es, ce qui signifie qu&rsquo;elles ne sont pas encore sp\u00e9cialis\u00e9es dans une fonction d\u00e9termin\u00e9e. Au cours de leur d\u00e9veloppement, ces cellules vont produire de nombreux types de cellules diff\u00e9rentes (cellules musculaires, cellules cutan\u00e9es etc.). Les fonctions de ces cellules embryonnaires n&rsquo;ont pas encore \u00e9t\u00e9 \u00e9tablies et c&rsquo;est pourquoi ces cellules sont faciles \u00e0 cloner. Par contre, la plupart des cellules des grenouilles adultes sont diff\u00e9renci\u00e9es, elles remplissent une fonction sp\u00e9cifique dans le corps. Le patrimoine g\u00e9n\u00e9tique de ces cellules n&rsquo;est que partiellement actif, de nombreux g\u00e8nes, inutiles \u00e0 ce stade du d\u00e9veloppement, seront d\u00e9connect\u00e9s. Si l&rsquo;on tentait alors, comme lors de tout clonage, d&rsquo;introduire le patrimoine g\u00e9n\u00e9tique de ces \u00abvieilles\u00bb cellules dans un \u0153uf de grenouille dont le noyau cellulaire fut auparavant d\u00e9truit, le patrimoine g\u00e9n\u00e9tique de la \u00abvieille\u00bb cellule ne pourrait pas retourner au stade z\u00e9ro. Les g\u00e8nes resteraient d\u00e9connect\u00e9s et le clonage \u00e9chouerait.<\/p>\n\n\n\n<p><\/p>\n\n\n\n<figure class=\"wp-block-image size-large\"><img decoding=\"async\" src=\"https:\/\/biotechlerncenter.interpharma.ch\/wp-content\/sites\/4\/uploads\/2020\/01\/istock_kerntransplantation_900.jpg\" alt=\"\" class=\"wp-image-3655\"\/><figcaption>Dans un premier temps, l&rsquo;ovule sera \u00e9nucl\u00e9\u00e9 \u00e0 l&rsquo;aide de micro-injection.<br>\u00a9 istockphoto<\/figcaption><\/figure>\n","protected":false},"excerpt":{"rendered":"<p>Arriv\u00e9s \u00e0 ce stade, nous devons diff\u00e9rencier \u00abl&rsquo;isolement du clone\u00bb et \u00abcloner\u00bb.Les chercheurs crurent pendant longtemps qu&rsquo;il \u00e9tait impossible de cloner des \u00eatres vivants sup\u00e9rieurs et encore moins des mammif\u00e8res. Certes, des chercheurs ont r\u00e9ussi \u00e0 cloner des grenouilles dans les ann\u00e9es 70 mais ils se retrouv\u00e8rent devant un obstacle; ils ne pouvaient cloner que [&hellip;]<\/p>\n","protected":false},"author":1,"featured_media":0,"parent":782,"menu_order":4,"comment_status":"closed","ping_status":"closed","template":"page-templates\/unterthema.php","meta":{"_acf_changed":false,"inline_featured_image":false,"footnotes":""},"class_list":["post-758","page","type-page","status-publish","hentry"],"acf":[],"yoast_head":"<!-- This site is optimized with the Yoast SEO Premium plugin v27.2 (Yoast SEO v27.2) - https:\/\/yoast.com\/product\/yoast-seo-premium-wordpress\/ -->\n<title>5. Les g\u00e8nes seront isol\u00e9s en clones et les moutons seront clon\u00e9s - biotechlerncenter<\/title>\n<meta name=\"robots\" content=\"index, follow, max-snippet:-1, max-image-preview:large, max-video-preview:-1\" \/>\n<link rel=\"canonical\" href=\"https:\/\/biotechlerncenter.interpharma.ch\/themen\/klonieren\/5-gene-werden-kloniert-schafe-geklont\/\" \/>\n<meta property=\"og:locale\" content=\"fr_FR\" \/>\n<meta property=\"og:type\" content=\"article\" \/>\n<meta property=\"og:title\" content=\"5. Les g\u00e8nes seront isol\u00e9s en clones et les moutons seront clon\u00e9s\" \/>\n<meta property=\"og:description\" content=\"Arriv\u00e9s \u00e0 ce stade, nous devons diff\u00e9rencier \u00abl&rsquo;isolement du clone\u00bb et \u00abcloner\u00bb.Les chercheurs crurent pendant longtemps qu&rsquo;il \u00e9tait impossible de cloner des \u00eatres vivants sup\u00e9rieurs et encore moins des mammif\u00e8res. Certes, des chercheurs ont r\u00e9ussi \u00e0 cloner des grenouilles dans les ann\u00e9es 70 mais ils se retrouv\u00e8rent devant un obstacle; ils ne pouvaient cloner que [&hellip;]\" \/>\n<meta property=\"og:url\" content=\"https:\/\/biotechlerncenter.interpharma.ch\/themen\/klonieren\/5-gene-werden-kloniert-schafe-geklont\/\" \/>\n<meta property=\"og:site_name\" content=\"biotechlerncenter\" \/>\n<meta property=\"article:modified_time\" content=\"2026-03-13T16:28:43+00:00\" \/>\n<meta property=\"og:image\" content=\"https:\/\/biotechlerncenter.interpharma.ch\/wp-content\/sites\/4\/uploads\/2020\/01\/istock_kerntransplantation_900.jpg\" \/>\n<meta name=\"twitter:card\" content=\"summary_large_image\" \/>\n<meta name=\"twitter:label1\" content=\"Dur\u00e9e de lecture estim\u00e9e\" \/>\n\t<meta name=\"twitter:data1\" content=\"2 minutes\" \/>\n<script type=\"application\/ld+json\" class=\"yoast-schema-graph\">{\"@context\":\"https:\/\/schema.org\",\"@graph\":[{\"@type\":\"WebPage\",\"@id\":\"https:\/\/biotechlerncenter.interpharma.ch\/themen\/klonieren\/5-gene-werden-kloniert-schafe-geklont\/\",\"url\":\"https:\/\/biotechlerncenter.interpharma.ch\/themen\/klonieren\/5-gene-werden-kloniert-schafe-geklont\/\",\"name\":\"5. Les g\u00e8nes seront isol\u00e9s en clones et les moutons seront clon\u00e9s - biotechlerncenter\",\"isPartOf\":{\"@id\":\"https:\/\/biotechlerncenter.interpharma.ch\/#website\"},\"primaryImageOfPage\":{\"@id\":\"https:\/\/biotechlerncenter.interpharma.ch\/themen\/klonieren\/5-gene-werden-kloniert-schafe-geklont\/#primaryimage\"},\"image\":{\"@id\":\"https:\/\/biotechlerncenter.interpharma.ch\/themen\/klonieren\/5-gene-werden-kloniert-schafe-geklont\/#primaryimage\"},\"thumbnailUrl\":\"https:\/\/biotechlerncenter.interpharma.ch\/wp-content\/sites\/4\/uploads\/2020\/01\/istock_kerntransplantation_900.jpg\",\"datePublished\":\"2026-03-12T16:26:27+00:00\",\"dateModified\":\"2026-03-13T16:28:43+00:00\",\"breadcrumb\":{\"@id\":\"https:\/\/biotechlerncenter.interpharma.ch\/themen\/klonieren\/5-gene-werden-kloniert-schafe-geklont\/#breadcrumb\"},\"inLanguage\":\"fr-FR\",\"potentialAction\":[{\"@type\":\"ReadAction\",\"target\":[\"https:\/\/biotechlerncenter.interpharma.ch\/themen\/klonieren\/5-gene-werden-kloniert-schafe-geklont\/\"]}]},{\"@type\":\"ImageObject\",\"inLanguage\":\"fr-FR\",\"@id\":\"https:\/\/biotechlerncenter.interpharma.ch\/themen\/klonieren\/5-gene-werden-kloniert-schafe-geklont\/#primaryimage\",\"url\":\"https:\/\/biotechlerncenter.interpharma.ch\/wp-content\/sites\/4\/uploads\/2020\/01\/istock_kerntransplantation_900.jpg\",\"contentUrl\":\"https:\/\/biotechlerncenter.interpharma.ch\/wp-content\/sites\/4\/uploads\/2020\/01\/istock_kerntransplantation_900.jpg\"},{\"@type\":\"BreadcrumbList\",\"@id\":\"https:\/\/biotechlerncenter.interpharma.ch\/themen\/klonieren\/5-gene-werden-kloniert-schafe-geklont\/#breadcrumb\",\"itemListElement\":[{\"@type\":\"ListItem\",\"position\":1,\"name\":\"Start\",\"item\":\"https:\/\/biotechlerncenter.interpharma.ch\/fr\/\"},{\"@type\":\"ListItem\",\"position\":2,\"name\":\"Sujets\",\"item\":\"https:\/\/biotechlerncenter.interpharma.ch\/fr\/sujets\/\"},{\"@type\":\"ListItem\",\"position\":3,\"name\":\"Cloner\",\"item\":\"https:\/\/biotechlerncenter.interpharma.ch\/fr\/sujets\/cloner\/\"},{\"@type\":\"ListItem\",\"position\":4,\"name\":\"5. Les g\u00e8nes seront isol\u00e9s en clones et les moutons seront clon\u00e9s\"}]},{\"@type\":\"WebSite\",\"@id\":\"https:\/\/biotechlerncenter.interpharma.ch\/#website\",\"url\":\"https:\/\/biotechlerncenter.interpharma.ch\/\",\"name\":\"biotechlerncenter\",\"description\":\"\",\"potentialAction\":[{\"@type\":\"SearchAction\",\"target\":{\"@type\":\"EntryPoint\",\"urlTemplate\":\"https:\/\/biotechlerncenter.interpharma.ch\/?s={search_term_string}\"},\"query-input\":{\"@type\":\"PropertyValueSpecification\",\"valueRequired\":true,\"valueName\":\"search_term_string\"}}],\"inLanguage\":\"fr-FR\"}]}<\/script>\n<!-- \/ Yoast SEO Premium plugin. -->","yoast_head_json":{"title":"5. Les g\u00e8nes seront isol\u00e9s en clones et les moutons seront clon\u00e9s - biotechlerncenter","robots":{"index":"index","follow":"follow","max-snippet":"max-snippet:-1","max-image-preview":"max-image-preview:large","max-video-preview":"max-video-preview:-1"},"canonical":"https:\/\/biotechlerncenter.interpharma.ch\/themen\/klonieren\/5-gene-werden-kloniert-schafe-geklont\/","og_locale":"fr_FR","og_type":"article","og_title":"5. Les g\u00e8nes seront isol\u00e9s en clones et les moutons seront clon\u00e9s","og_description":"Arriv\u00e9s \u00e0 ce stade, nous devons diff\u00e9rencier \u00abl&rsquo;isolement du clone\u00bb et \u00abcloner\u00bb.Les chercheurs crurent pendant longtemps qu&rsquo;il \u00e9tait impossible de cloner des \u00eatres vivants sup\u00e9rieurs et encore moins des mammif\u00e8res. Certes, des chercheurs ont r\u00e9ussi \u00e0 cloner des grenouilles dans les ann\u00e9es 70 mais ils se retrouv\u00e8rent devant un obstacle; ils ne pouvaient cloner que [&hellip;]","og_url":"https:\/\/biotechlerncenter.interpharma.ch\/themen\/klonieren\/5-gene-werden-kloniert-schafe-geklont\/","og_site_name":"biotechlerncenter","article_modified_time":"2026-03-13T16:28:43+00:00","og_image":[{"url":"https:\/\/biotechlerncenter.interpharma.ch\/wp-content\/sites\/4\/uploads\/2020\/01\/istock_kerntransplantation_900.jpg","type":"","width":"","height":""}],"twitter_card":"summary_large_image","twitter_misc":{"Dur\u00e9e de lecture estim\u00e9e":"2 minutes"},"schema":{"@context":"https:\/\/schema.org","@graph":[{"@type":"WebPage","@id":"https:\/\/biotechlerncenter.interpharma.ch\/themen\/klonieren\/5-gene-werden-kloniert-schafe-geklont\/","url":"https:\/\/biotechlerncenter.interpharma.ch\/themen\/klonieren\/5-gene-werden-kloniert-schafe-geklont\/","name":"5. Les g\u00e8nes seront isol\u00e9s en clones et les moutons seront clon\u00e9s - biotechlerncenter","isPartOf":{"@id":"https:\/\/biotechlerncenter.interpharma.ch\/#website"},"primaryImageOfPage":{"@id":"https:\/\/biotechlerncenter.interpharma.ch\/themen\/klonieren\/5-gene-werden-kloniert-schafe-geklont\/#primaryimage"},"image":{"@id":"https:\/\/biotechlerncenter.interpharma.ch\/themen\/klonieren\/5-gene-werden-kloniert-schafe-geklont\/#primaryimage"},"thumbnailUrl":"https:\/\/biotechlerncenter.interpharma.ch\/wp-content\/sites\/4\/uploads\/2020\/01\/istock_kerntransplantation_900.jpg","datePublished":"2026-03-12T16:26:27+00:00","dateModified":"2026-03-13T16:28:43+00:00","breadcrumb":{"@id":"https:\/\/biotechlerncenter.interpharma.ch\/themen\/klonieren\/5-gene-werden-kloniert-schafe-geklont\/#breadcrumb"},"inLanguage":"fr-FR","potentialAction":[{"@type":"ReadAction","target":["https:\/\/biotechlerncenter.interpharma.ch\/themen\/klonieren\/5-gene-werden-kloniert-schafe-geklont\/"]}]},{"@type":"ImageObject","inLanguage":"fr-FR","@id":"https:\/\/biotechlerncenter.interpharma.ch\/themen\/klonieren\/5-gene-werden-kloniert-schafe-geklont\/#primaryimage","url":"https:\/\/biotechlerncenter.interpharma.ch\/wp-content\/sites\/4\/uploads\/2020\/01\/istock_kerntransplantation_900.jpg","contentUrl":"https:\/\/biotechlerncenter.interpharma.ch\/wp-content\/sites\/4\/uploads\/2020\/01\/istock_kerntransplantation_900.jpg"},{"@type":"BreadcrumbList","@id":"https:\/\/biotechlerncenter.interpharma.ch\/themen\/klonieren\/5-gene-werden-kloniert-schafe-geklont\/#breadcrumb","itemListElement":[{"@type":"ListItem","position":1,"name":"Start","item":"https:\/\/biotechlerncenter.interpharma.ch\/fr\/"},{"@type":"ListItem","position":2,"name":"Sujets","item":"https:\/\/biotechlerncenter.interpharma.ch\/fr\/sujets\/"},{"@type":"ListItem","position":3,"name":"Cloner","item":"https:\/\/biotechlerncenter.interpharma.ch\/fr\/sujets\/cloner\/"},{"@type":"ListItem","position":4,"name":"5. Les g\u00e8nes seront isol\u00e9s en clones et les moutons seront clon\u00e9s"}]},{"@type":"WebSite","@id":"https:\/\/biotechlerncenter.interpharma.ch\/#website","url":"https:\/\/biotechlerncenter.interpharma.ch\/","name":"biotechlerncenter","description":"","potentialAction":[{"@type":"SearchAction","target":{"@type":"EntryPoint","urlTemplate":"https:\/\/biotechlerncenter.interpharma.ch\/?s={search_term_string}"},"query-input":{"@type":"PropertyValueSpecification","valueRequired":true,"valueName":"search_term_string"}}],"inLanguage":"fr-FR"}]}},"_links":{"self":[{"href":"https:\/\/biotechlerncenter.interpharma.ch\/fr\/wp-json\/wp\/v2\/pages\/758","targetHints":{"allow":["GET"]}}],"collection":[{"href":"https:\/\/biotechlerncenter.interpharma.ch\/fr\/wp-json\/wp\/v2\/pages"}],"about":[{"href":"https:\/\/biotechlerncenter.interpharma.ch\/fr\/wp-json\/wp\/v2\/types\/page"}],"author":[{"embeddable":true,"href":"https:\/\/biotechlerncenter.interpharma.ch\/fr\/wp-json\/wp\/v2\/users\/1"}],"replies":[{"embeddable":true,"href":"https:\/\/biotechlerncenter.interpharma.ch\/fr\/wp-json\/wp\/v2\/comments?post=758"}],"version-history":[{"count":2,"href":"https:\/\/biotechlerncenter.interpharma.ch\/fr\/wp-json\/wp\/v2\/pages\/758\/revisions"}],"predecessor-version":[{"id":3146,"href":"https:\/\/biotechlerncenter.interpharma.ch\/fr\/wp-json\/wp\/v2\/pages\/758\/revisions\/3146"}],"up":[{"embeddable":true,"href":"https:\/\/biotechlerncenter.interpharma.ch\/fr\/wp-json\/wp\/v2\/pages\/782"}],"wp:attachment":[{"href":"https:\/\/biotechlerncenter.interpharma.ch\/fr\/wp-json\/wp\/v2\/media?parent=758"}],"curies":[{"name":"wp","href":"https:\/\/api.w.org\/{rel}","templated":true}]}}