{"id":722,"date":"2026-03-12T17:26:25","date_gmt":"2026-03-12T16:26:25","guid":{"rendered":"https:\/\/biotechlerncenter.iph-multisite.berta-bewegt.ch\/?page_id=722"},"modified":"2026-03-12T17:26:25","modified_gmt":"2026-03-12T16:26:25","slug":"10-aspects-ethiques-peser-le-pour-et-le-contre","status":"publish","type":"page","link":"https:\/\/biotechlerncenter.interpharma.ch\/fr\/sujets\/genie-genetique\/10-aspects-ethiques-peser-le-pour-et-le-contre\/","title":{"rendered":"10. Aspects \u00e9thiques: peser le pour et le contre"},"content":{"rendered":"\n<p>Puisque d&rsquo;immenses progr\u00e8s ont \u00e9t\u00e9 r\u00e9alis\u00e9s ces vingt derni\u00e8res ann\u00e9es en g\u00e9nie g\u00e9n\u00e9tique, cette technique soul\u00e8ve constamment de nouvelles questions. Est-ce que l&rsquo;homme peut intervenir dans le patrimoine g\u00e9n\u00e9tique des bact\u00e9ries, des levures, des plantes et des animaux? Dans l&rsquo;\u00eatre humain \u00e9galement m\u00eame si le but est d&rsquo;aider les malades? L&rsquo;homme peut-il m\u00eame intervenir dans le patrimoine germinal humain \u00e0 des fins th\u00e9rapeutiques? Comment&nbsp; l&rsquo;Etat g\u00e8re-t-il les donn\u00e9es g\u00e9n\u00e9tiques de ses citoyens? Les caisses-maladie ainsi que les assurances ont-elles le droit de prendre connaissance des donn\u00e9es g\u00e9n\u00e9tiques des individus? Le g\u00e9nie g\u00e9n\u00e9tique peut-il \u00eatre utilis\u00e9 de fa\u00e7on g\u00e9n\u00e9ralis\u00e9e pour mettre la main sur un meurtrier \u00e0 l&rsquo;aide de l&#8217;empreinte digitale g\u00e9n\u00e9tique?<\/p>\n\n\n\n<p>Fondamentalement, pour le g\u00e9nie g\u00e9n\u00e9tique comme pour toute autre technique, il faudra peser le pour et le contre. Quelles chances offre cette technique \u00e0 l&rsquo;individu? Ces chances doivent \u00eatre confront\u00e9es aux risques. Chaque pays doit d\u00e9cider de ce qui est permis et en trouver les limites. Au vu de la progression de la technique, il faudra continuellement peser le pour et le contre.<\/p>\n\n\n\n<p>En Suisse, on assista \u00e0 de nombreux d\u00e9bats dans la population quant au pour et au contre du g\u00e9nie g\u00e9n\u00e9tique lors de la votation de 1998 au sujet de \u00abl&rsquo;initiative pour la protection g\u00e9n\u00e9tique\u00bb. Deux tiers de la population suisse se prononc\u00e8rent \u00e0 l&rsquo;\u00e9poque pour le principe \u00abcontr\u00f4les et non interdictions\u00bb: on devrait contr\u00f4ler le g\u00e9nie g\u00e9n\u00e9tique mais non l&rsquo;interdire. Cette id\u00e9e fondamentale existe encore aujourd&rsquo;hui et se retrouve dans la l\u00e9gislation de la Constitution f\u00e9d\u00e9rale dans l&rsquo;article 119: \u00abL&rsquo;\u00eatre humain doit \u00eatre prot\u00e9g\u00e9 contre les abus en mati\u00e8re de procr\u00e9ation m\u00e9dicalement assist\u00e9e et de g\u00e9nie g\u00e9n\u00e9tique\u00bb. La loi sur le g\u00e9nie g\u00e9n\u00e9tique d\u00e9crit tr\u00e8s pr\u00e9cis\u00e9ment comment manipuler les organismes modifi\u00e9s g\u00e9n\u00e9tiquement. L&rsquo;intervention dans le patrimoine g\u00e9n\u00e9tique humain est \u00e9galement l\u00e9gif\u00e9r\u00e9e. Dans la Constitution f\u00e9d\u00e9rale, il est \u00e9crit: \u00abToute forme de clonage et toute intervention dans le patrimoine g\u00e9n\u00e9tique de gam\u00e8tes et d&#8217;embryons humains sont interdites\u00bb.<\/p>\n\n\n\n<p>Les chances du g\u00e9nie g\u00e9n\u00e9tique \u00abrouge\u00bb sont aujourd&rsquo;hui vues d&rsquo;un meilleur \u0153il que ses risques. De nombreux m\u00e9dicaments utilis\u00e9s de fa\u00e7on concluante sont \u00e0 la base de ce consensus. La population est par contre plus sceptique en ce qui concerne le g\u00e9nie g\u00e9n\u00e9tique \u00abvert\u00bb, modification des plantes par g\u00e9nie g\u00e9n\u00e9tique. Dans ce domaine, les risques sont actuellement pr\u00e9dominants dans les pays europ\u00e9ens. Aux Etats-Unis ainsi que dans plusieurs pays dans le monde, des plantes modifi\u00e9es g\u00e9n\u00e9tiquement sont cultiv\u00e9es et consomm\u00e9es depuis des ann\u00e9es.<\/p>\n","protected":false},"excerpt":{"rendered":"<p>Puisque d&rsquo;immenses progr\u00e8s ont \u00e9t\u00e9 r\u00e9alis\u00e9s ces vingt derni\u00e8res ann\u00e9es en g\u00e9nie g\u00e9n\u00e9tique, cette technique soul\u00e8ve constamment de nouvelles questions. Est-ce que l&rsquo;homme peut intervenir dans le patrimoine g\u00e9n\u00e9tique des bact\u00e9ries, des levures, des plantes et des animaux? Dans l&rsquo;\u00eatre humain \u00e9galement m\u00eame si le but est d&rsquo;aider les malades? L&rsquo;homme peut-il m\u00eame intervenir dans [&hellip;]<\/p>\n","protected":false},"author":1,"featured_media":0,"parent":738,"menu_order":9,"comment_status":"closed","ping_status":"closed","template":"page-templates\/unterthema.php","meta":{"_acf_changed":false,"inline_featured_image":false,"footnotes":""},"class_list":["post-722","page","type-page","status-publish","hentry"],"acf":[],"yoast_head":"<!-- This site is optimized with the Yoast SEO Premium plugin v27.2 (Yoast SEO v27.2) - https:\/\/yoast.com\/product\/yoast-seo-premium-wordpress\/ -->\n<title>10. Aspects \u00e9thiques: peser le pour et le contre - biotechlerncenter<\/title>\n<meta name=\"robots\" content=\"index, follow, max-snippet:-1, max-image-preview:large, max-video-preview:-1\" \/>\n<link rel=\"canonical\" href=\"https:\/\/biotechlerncenter.interpharma.ch\/fr\/sujets\/genie-genetique\/10-aspects-ethiques-peser-le-pour-et-le-contre\/\" \/>\n<meta property=\"og:locale\" content=\"fr_FR\" \/>\n<meta property=\"og:type\" content=\"article\" \/>\n<meta property=\"og:title\" content=\"10. Aspects \u00e9thiques: peser le pour et le contre\" \/>\n<meta property=\"og:description\" content=\"Puisque d&rsquo;immenses progr\u00e8s ont \u00e9t\u00e9 r\u00e9alis\u00e9s ces vingt derni\u00e8res ann\u00e9es en g\u00e9nie g\u00e9n\u00e9tique, cette technique soul\u00e8ve constamment de nouvelles questions. Est-ce que l&rsquo;homme peut intervenir dans le patrimoine g\u00e9n\u00e9tique des bact\u00e9ries, des levures, des plantes et des animaux? Dans l&rsquo;\u00eatre humain \u00e9galement m\u00eame si le but est d&rsquo;aider les malades? L&rsquo;homme peut-il m\u00eame intervenir dans [&hellip;]\" \/>\n<meta property=\"og:url\" content=\"https:\/\/biotechlerncenter.interpharma.ch\/fr\/sujets\/genie-genetique\/10-aspects-ethiques-peser-le-pour-et-le-contre\/\" \/>\n<meta property=\"og:site_name\" content=\"biotechlerncenter\" \/>\n<meta name=\"twitter:card\" content=\"summary_large_image\" \/>\n<meta name=\"twitter:label1\" content=\"Dur\u00e9e de lecture estim\u00e9e\" \/>\n\t<meta name=\"twitter:data1\" content=\"2 minutes\" \/>\n<script type=\"application\/ld+json\" class=\"yoast-schema-graph\">{\"@context\":\"https:\/\/schema.org\",\"@graph\":[{\"@type\":\"WebPage\",\"@id\":\"https:\/\/biotechlerncenter.interpharma.ch\/fr\/sujets\/genie-genetique\/10-aspects-ethiques-peser-le-pour-et-le-contre\/\",\"url\":\"https:\/\/biotechlerncenter.interpharma.ch\/fr\/sujets\/genie-genetique\/10-aspects-ethiques-peser-le-pour-et-le-contre\/\",\"name\":\"10. Aspects \u00e9thiques: peser le pour et le contre - biotechlerncenter\",\"isPartOf\":{\"@id\":\"https:\/\/biotechlerncenter.interpharma.ch\/#website\"},\"datePublished\":\"2026-03-12T16:26:25+00:00\",\"breadcrumb\":{\"@id\":\"https:\/\/biotechlerncenter.interpharma.ch\/fr\/sujets\/genie-genetique\/10-aspects-ethiques-peser-le-pour-et-le-contre\/#breadcrumb\"},\"inLanguage\":\"fr-FR\",\"potentialAction\":[{\"@type\":\"ReadAction\",\"target\":[\"https:\/\/biotechlerncenter.interpharma.ch\/fr\/sujets\/genie-genetique\/10-aspects-ethiques-peser-le-pour-et-le-contre\/\"]}]},{\"@type\":\"BreadcrumbList\",\"@id\":\"https:\/\/biotechlerncenter.interpharma.ch\/fr\/sujets\/genie-genetique\/10-aspects-ethiques-peser-le-pour-et-le-contre\/#breadcrumb\",\"itemListElement\":[{\"@type\":\"ListItem\",\"position\":1,\"name\":\"Start\",\"item\":\"https:\/\/biotechlerncenter.interpharma.ch\/fr\/\"},{\"@type\":\"ListItem\",\"position\":2,\"name\":\"Sujets\",\"item\":\"https:\/\/biotechlerncenter.interpharma.ch\/fr\/sujets\/\"},{\"@type\":\"ListItem\",\"position\":3,\"name\":\"G\u00e9nie g\u00e9n\u00e9tique\",\"item\":\"https:\/\/biotechlerncenter.interpharma.ch\/fr\/sujets\/genie-genetique\/\"},{\"@type\":\"ListItem\",\"position\":4,\"name\":\"10. Aspects \u00e9thiques: peser le pour et le contre\"}]},{\"@type\":\"WebSite\",\"@id\":\"https:\/\/biotechlerncenter.interpharma.ch\/#website\",\"url\":\"https:\/\/biotechlerncenter.interpharma.ch\/\",\"name\":\"biotechlerncenter\",\"description\":\"\",\"potentialAction\":[{\"@type\":\"SearchAction\",\"target\":{\"@type\":\"EntryPoint\",\"urlTemplate\":\"https:\/\/biotechlerncenter.interpharma.ch\/?s={search_term_string}\"},\"query-input\":{\"@type\":\"PropertyValueSpecification\",\"valueRequired\":true,\"valueName\":\"search_term_string\"}}],\"inLanguage\":\"fr-FR\"}]}<\/script>\n<!-- \/ Yoast SEO Premium plugin. -->","yoast_head_json":{"title":"10. Aspects \u00e9thiques: peser le pour et le contre - biotechlerncenter","robots":{"index":"index","follow":"follow","max-snippet":"max-snippet:-1","max-image-preview":"max-image-preview:large","max-video-preview":"max-video-preview:-1"},"canonical":"https:\/\/biotechlerncenter.interpharma.ch\/fr\/sujets\/genie-genetique\/10-aspects-ethiques-peser-le-pour-et-le-contre\/","og_locale":"fr_FR","og_type":"article","og_title":"10. Aspects \u00e9thiques: peser le pour et le contre","og_description":"Puisque d&rsquo;immenses progr\u00e8s ont \u00e9t\u00e9 r\u00e9alis\u00e9s ces vingt derni\u00e8res ann\u00e9es en g\u00e9nie g\u00e9n\u00e9tique, cette technique soul\u00e8ve constamment de nouvelles questions. Est-ce que l&rsquo;homme peut intervenir dans le patrimoine g\u00e9n\u00e9tique des bact\u00e9ries, des levures, des plantes et des animaux? Dans l&rsquo;\u00eatre humain \u00e9galement m\u00eame si le but est d&rsquo;aider les malades? L&rsquo;homme peut-il m\u00eame intervenir dans [&hellip;]","og_url":"https:\/\/biotechlerncenter.interpharma.ch\/fr\/sujets\/genie-genetique\/10-aspects-ethiques-peser-le-pour-et-le-contre\/","og_site_name":"biotechlerncenter","twitter_card":"summary_large_image","twitter_misc":{"Dur\u00e9e de lecture estim\u00e9e":"2 minutes"},"schema":{"@context":"https:\/\/schema.org","@graph":[{"@type":"WebPage","@id":"https:\/\/biotechlerncenter.interpharma.ch\/fr\/sujets\/genie-genetique\/10-aspects-ethiques-peser-le-pour-et-le-contre\/","url":"https:\/\/biotechlerncenter.interpharma.ch\/fr\/sujets\/genie-genetique\/10-aspects-ethiques-peser-le-pour-et-le-contre\/","name":"10. Aspects \u00e9thiques: peser le pour et le contre - biotechlerncenter","isPartOf":{"@id":"https:\/\/biotechlerncenter.interpharma.ch\/#website"},"datePublished":"2026-03-12T16:26:25+00:00","breadcrumb":{"@id":"https:\/\/biotechlerncenter.interpharma.ch\/fr\/sujets\/genie-genetique\/10-aspects-ethiques-peser-le-pour-et-le-contre\/#breadcrumb"},"inLanguage":"fr-FR","potentialAction":[{"@type":"ReadAction","target":["https:\/\/biotechlerncenter.interpharma.ch\/fr\/sujets\/genie-genetique\/10-aspects-ethiques-peser-le-pour-et-le-contre\/"]}]},{"@type":"BreadcrumbList","@id":"https:\/\/biotechlerncenter.interpharma.ch\/fr\/sujets\/genie-genetique\/10-aspects-ethiques-peser-le-pour-et-le-contre\/#breadcrumb","itemListElement":[{"@type":"ListItem","position":1,"name":"Start","item":"https:\/\/biotechlerncenter.interpharma.ch\/fr\/"},{"@type":"ListItem","position":2,"name":"Sujets","item":"https:\/\/biotechlerncenter.interpharma.ch\/fr\/sujets\/"},{"@type":"ListItem","position":3,"name":"G\u00e9nie g\u00e9n\u00e9tique","item":"https:\/\/biotechlerncenter.interpharma.ch\/fr\/sujets\/genie-genetique\/"},{"@type":"ListItem","position":4,"name":"10. Aspects \u00e9thiques: peser le pour et le contre"}]},{"@type":"WebSite","@id":"https:\/\/biotechlerncenter.interpharma.ch\/#website","url":"https:\/\/biotechlerncenter.interpharma.ch\/","name":"biotechlerncenter","description":"","potentialAction":[{"@type":"SearchAction","target":{"@type":"EntryPoint","urlTemplate":"https:\/\/biotechlerncenter.interpharma.ch\/?s={search_term_string}"},"query-input":{"@type":"PropertyValueSpecification","valueRequired":true,"valueName":"search_term_string"}}],"inLanguage":"fr-FR"}]}},"_links":{"self":[{"href":"https:\/\/biotechlerncenter.interpharma.ch\/fr\/wp-json\/wp\/v2\/pages\/722","targetHints":{"allow":["GET"]}}],"collection":[{"href":"https:\/\/biotechlerncenter.interpharma.ch\/fr\/wp-json\/wp\/v2\/pages"}],"about":[{"href":"https:\/\/biotechlerncenter.interpharma.ch\/fr\/wp-json\/wp\/v2\/types\/page"}],"author":[{"embeddable":true,"href":"https:\/\/biotechlerncenter.interpharma.ch\/fr\/wp-json\/wp\/v2\/users\/1"}],"replies":[{"embeddable":true,"href":"https:\/\/biotechlerncenter.interpharma.ch\/fr\/wp-json\/wp\/v2\/comments?post=722"}],"version-history":[{"count":1,"href":"https:\/\/biotechlerncenter.interpharma.ch\/fr\/wp-json\/wp\/v2\/pages\/722\/revisions"}],"predecessor-version":[{"id":723,"href":"https:\/\/biotechlerncenter.interpharma.ch\/fr\/wp-json\/wp\/v2\/pages\/722\/revisions\/723"}],"up":[{"embeddable":true,"href":"https:\/\/biotechlerncenter.interpharma.ch\/fr\/wp-json\/wp\/v2\/pages\/738"}],"wp:attachment":[{"href":"https:\/\/biotechlerncenter.interpharma.ch\/fr\/wp-json\/wp\/v2\/media?parent=722"}],"curies":[{"name":"wp","href":"https:\/\/api.w.org\/{rel}","templated":true}]}}