{"id":714,"date":"2026-03-12T17:26:24","date_gmt":"2026-03-12T16:26:24","guid":{"rendered":"https:\/\/biotechlerncenter.iph-multisite.berta-bewegt.ch\/?page_id=714"},"modified":"2026-03-13T17:18:51","modified_gmt":"2026-03-13T16:18:51","slug":"8-genetique-comment-fonctionne-lheredite","status":"publish","type":"page","link":"https:\/\/biotechlerncenter.interpharma.ch\/fr\/sujets\/genie-genetique\/8-genetique-comment-fonctionne-lheredite\/","title":{"rendered":"8. G\u00e9n\u00e9tique: comment fonctionne l&rsquo;h\u00e9r\u00e9dit\u00e9?"},"content":{"rendered":"\n<p>La g\u00e9n\u00e9tique (l&rsquo;\u00e9tude de l&rsquo;h\u00e9r\u00e9dit\u00e9) est aussi ancienne que la biotechnologie. Une tablette provenant de Babylone, ancienne de plus de 6&rsquo;000 ans, repr\u00e9sente&nbsp; un arbre g\u00e9n\u00e9alogique du cheval, d&rsquo;autres anciens dessins donnent la preuve des essais de croisement effectu\u00e9s sur des palmiers. Gr\u00e2ce aux m\u00e9thodes de culture et de croisement classiques, il en r\u00e9sulta des plantes cultiv\u00e9es et des animaux domestiques comportant de nouvelles particularit\u00e9s tr\u00e8s utiles \u00e0 l&rsquo;\u00eatre humain. Le potentiel \u00e9norme de modifications inh\u00e9rent aux m\u00e9thodes g\u00e9n\u00e9tiques est \u00e9galement d\u00e9montr\u00e9 par la diversit\u00e9 des races de chien issues du loup.<\/p>\n\n\n\n<p>Pendant longtemps, l&rsquo;homme ne comprit pas les m\u00e9canismes de l&rsquo;h\u00e9r\u00e9dit\u00e9. Aristote par exemple croyait que le sperme \u00e9tait du sang purifi\u00e9 et que, de ce fait, le sang \u00e9tait un \u00e9l\u00e9ment de l&rsquo;h\u00e9r\u00e9dit\u00e9. Ce concept a subsist\u00e9 durant de longs si\u00e8cles dans le monde occidental et l&rsquo;expression \u00abde sang bleu\u00bb encore utilis\u00e9e en est la preuve.<\/p>\n\n\n\n<figure class=\"wp-block-image size-large\"><img decoding=\"async\" src=\"http:\/\/biotechlerncenter.interpharma.ch\/wp-content\/uploads\/sites\/4\/2020\/02\/homunculus_wikipedia.gif\" alt=\"\" class=\"wp-image-5397\"\/><figcaption>Homunculus.<br>\u00a9 N. Hartsoecker 1695, Wikipedia<\/figcaption><\/figure>\n","protected":false},"excerpt":{"rendered":"<p>La g\u00e9n\u00e9tique (l&rsquo;\u00e9tude de l&rsquo;h\u00e9r\u00e9dit\u00e9) est aussi ancienne que la biotechnologie. Une tablette provenant de Babylone, ancienne de plus de 6&rsquo;000 ans, repr\u00e9sente&nbsp; un arbre g\u00e9n\u00e9alogique du cheval, d&rsquo;autres anciens dessins donnent la preuve des essais de croisement effectu\u00e9s sur des palmiers. Gr\u00e2ce aux m\u00e9thodes de culture et de croisement classiques, il en r\u00e9sulta des [&hellip;]<\/p>\n","protected":false},"author":1,"featured_media":0,"parent":738,"menu_order":7,"comment_status":"closed","ping_status":"closed","template":"page-templates\/unterthema.php","meta":{"_acf_changed":false,"inline_featured_image":false,"footnotes":""},"class_list":["post-714","page","type-page","status-publish","hentry"],"acf":[],"yoast_head":"<!-- This site is optimized with the Yoast SEO Premium plugin v27.2 (Yoast SEO v27.2) - https:\/\/yoast.com\/product\/yoast-seo-premium-wordpress\/ -->\n<title>8. G\u00e9n\u00e9tique: comment fonctionne l&#039;h\u00e9r\u00e9dit\u00e9? - biotechlerncenter<\/title>\n<meta name=\"robots\" content=\"index, follow, max-snippet:-1, max-image-preview:large, max-video-preview:-1\" \/>\n<link rel=\"canonical\" href=\"https:\/\/biotechlerncenter.interpharma.ch\/fr\/sujets\/genie-genetique\/8-genetique-comment-fonctionne-lheredite\/\" \/>\n<meta property=\"og:locale\" content=\"fr_FR\" \/>\n<meta property=\"og:type\" content=\"article\" \/>\n<meta property=\"og:title\" content=\"8. G\u00e9n\u00e9tique: comment fonctionne l&#039;h\u00e9r\u00e9dit\u00e9?\" \/>\n<meta property=\"og:description\" content=\"La g\u00e9n\u00e9tique (l&rsquo;\u00e9tude de l&rsquo;h\u00e9r\u00e9dit\u00e9) est aussi ancienne que la biotechnologie. Une tablette provenant de Babylone, ancienne de plus de 6&rsquo;000 ans, repr\u00e9sente&nbsp; un arbre g\u00e9n\u00e9alogique du cheval, d&rsquo;autres anciens dessins donnent la preuve des essais de croisement effectu\u00e9s sur des palmiers. Gr\u00e2ce aux m\u00e9thodes de culture et de croisement classiques, il en r\u00e9sulta des [&hellip;]\" \/>\n<meta property=\"og:url\" content=\"https:\/\/biotechlerncenter.interpharma.ch\/fr\/sujets\/genie-genetique\/8-genetique-comment-fonctionne-lheredite\/\" \/>\n<meta property=\"og:site_name\" content=\"biotechlerncenter\" \/>\n<meta property=\"article:modified_time\" content=\"2026-03-13T16:18:51+00:00\" \/>\n<meta property=\"og:image\" content=\"http:\/\/biotechlerncenter.interpharma.ch\/wp-content\/uploads\/sites\/4\/2020\/02\/homunculus_wikipedia.gif\" \/>\n<meta name=\"twitter:card\" content=\"summary_large_image\" \/>\n<meta name=\"twitter:label1\" content=\"Dur\u00e9e de lecture estim\u00e9e\" \/>\n\t<meta name=\"twitter:data1\" content=\"2 minutes\" \/>\n<script type=\"application\/ld+json\" class=\"yoast-schema-graph\">{\"@context\":\"https:\/\/schema.org\",\"@graph\":[{\"@type\":\"WebPage\",\"@id\":\"https:\/\/biotechlerncenter.interpharma.ch\/fr\/sujets\/genie-genetique\/8-genetique-comment-fonctionne-lheredite\/\",\"url\":\"https:\/\/biotechlerncenter.interpharma.ch\/fr\/sujets\/genie-genetique\/8-genetique-comment-fonctionne-lheredite\/\",\"name\":\"8. G\u00e9n\u00e9tique: comment fonctionne l'h\u00e9r\u00e9dit\u00e9? - biotechlerncenter\",\"isPartOf\":{\"@id\":\"https:\/\/biotechlerncenter.interpharma.ch\/#website\"},\"primaryImageOfPage\":{\"@id\":\"https:\/\/biotechlerncenter.interpharma.ch\/fr\/sujets\/genie-genetique\/8-genetique-comment-fonctionne-lheredite\/#primaryimage\"},\"image\":{\"@id\":\"https:\/\/biotechlerncenter.interpharma.ch\/fr\/sujets\/genie-genetique\/8-genetique-comment-fonctionne-lheredite\/#primaryimage\"},\"thumbnailUrl\":\"http:\/\/biotechlerncenter.interpharma.ch\/wp-content\/uploads\/sites\/4\/2020\/02\/homunculus_wikipedia.gif\",\"datePublished\":\"2026-03-12T16:26:24+00:00\",\"dateModified\":\"2026-03-13T16:18:51+00:00\",\"breadcrumb\":{\"@id\":\"https:\/\/biotechlerncenter.interpharma.ch\/fr\/sujets\/genie-genetique\/8-genetique-comment-fonctionne-lheredite\/#breadcrumb\"},\"inLanguage\":\"fr-FR\",\"potentialAction\":[{\"@type\":\"ReadAction\",\"target\":[\"https:\/\/biotechlerncenter.interpharma.ch\/fr\/sujets\/genie-genetique\/8-genetique-comment-fonctionne-lheredite\/\"]}]},{\"@type\":\"ImageObject\",\"inLanguage\":\"fr-FR\",\"@id\":\"https:\/\/biotechlerncenter.interpharma.ch\/fr\/sujets\/genie-genetique\/8-genetique-comment-fonctionne-lheredite\/#primaryimage\",\"url\":\"http:\/\/biotechlerncenter.interpharma.ch\/wp-content\/uploads\/sites\/4\/2020\/02\/homunculus_wikipedia.gif\",\"contentUrl\":\"http:\/\/biotechlerncenter.interpharma.ch\/wp-content\/uploads\/sites\/4\/2020\/02\/homunculus_wikipedia.gif\"},{\"@type\":\"BreadcrumbList\",\"@id\":\"https:\/\/biotechlerncenter.interpharma.ch\/fr\/sujets\/genie-genetique\/8-genetique-comment-fonctionne-lheredite\/#breadcrumb\",\"itemListElement\":[{\"@type\":\"ListItem\",\"position\":1,\"name\":\"Start\",\"item\":\"https:\/\/biotechlerncenter.interpharma.ch\/fr\/\"},{\"@type\":\"ListItem\",\"position\":2,\"name\":\"Sujets\",\"item\":\"https:\/\/biotechlerncenter.interpharma.ch\/fr\/sujets\/\"},{\"@type\":\"ListItem\",\"position\":3,\"name\":\"G\u00e9nie g\u00e9n\u00e9tique\",\"item\":\"https:\/\/biotechlerncenter.interpharma.ch\/fr\/sujets\/genie-genetique\/\"},{\"@type\":\"ListItem\",\"position\":4,\"name\":\"8. G\u00e9n\u00e9tique: comment fonctionne l&rsquo;h\u00e9r\u00e9dit\u00e9?\"}]},{\"@type\":\"WebSite\",\"@id\":\"https:\/\/biotechlerncenter.interpharma.ch\/#website\",\"url\":\"https:\/\/biotechlerncenter.interpharma.ch\/\",\"name\":\"biotechlerncenter\",\"description\":\"\",\"potentialAction\":[{\"@type\":\"SearchAction\",\"target\":{\"@type\":\"EntryPoint\",\"urlTemplate\":\"https:\/\/biotechlerncenter.interpharma.ch\/?s={search_term_string}\"},\"query-input\":{\"@type\":\"PropertyValueSpecification\",\"valueRequired\":true,\"valueName\":\"search_term_string\"}}],\"inLanguage\":\"fr-FR\"}]}<\/script>\n<!-- \/ Yoast SEO Premium plugin. -->","yoast_head_json":{"title":"8. G\u00e9n\u00e9tique: comment fonctionne l'h\u00e9r\u00e9dit\u00e9? - biotechlerncenter","robots":{"index":"index","follow":"follow","max-snippet":"max-snippet:-1","max-image-preview":"max-image-preview:large","max-video-preview":"max-video-preview:-1"},"canonical":"https:\/\/biotechlerncenter.interpharma.ch\/fr\/sujets\/genie-genetique\/8-genetique-comment-fonctionne-lheredite\/","og_locale":"fr_FR","og_type":"article","og_title":"8. G\u00e9n\u00e9tique: comment fonctionne l'h\u00e9r\u00e9dit\u00e9?","og_description":"La g\u00e9n\u00e9tique (l&rsquo;\u00e9tude de l&rsquo;h\u00e9r\u00e9dit\u00e9) est aussi ancienne que la biotechnologie. Une tablette provenant de Babylone, ancienne de plus de 6&rsquo;000 ans, repr\u00e9sente&nbsp; un arbre g\u00e9n\u00e9alogique du cheval, d&rsquo;autres anciens dessins donnent la preuve des essais de croisement effectu\u00e9s sur des palmiers. Gr\u00e2ce aux m\u00e9thodes de culture et de croisement classiques, il en r\u00e9sulta des [&hellip;]","og_url":"https:\/\/biotechlerncenter.interpharma.ch\/fr\/sujets\/genie-genetique\/8-genetique-comment-fonctionne-lheredite\/","og_site_name":"biotechlerncenter","article_modified_time":"2026-03-13T16:18:51+00:00","og_image":[{"url":"http:\/\/biotechlerncenter.interpharma.ch\/wp-content\/uploads\/sites\/4\/2020\/02\/homunculus_wikipedia.gif","type":"","width":"","height":""}],"twitter_card":"summary_large_image","twitter_misc":{"Dur\u00e9e de lecture estim\u00e9e":"2 minutes"},"schema":{"@context":"https:\/\/schema.org","@graph":[{"@type":"WebPage","@id":"https:\/\/biotechlerncenter.interpharma.ch\/fr\/sujets\/genie-genetique\/8-genetique-comment-fonctionne-lheredite\/","url":"https:\/\/biotechlerncenter.interpharma.ch\/fr\/sujets\/genie-genetique\/8-genetique-comment-fonctionne-lheredite\/","name":"8. G\u00e9n\u00e9tique: comment fonctionne l'h\u00e9r\u00e9dit\u00e9? - biotechlerncenter","isPartOf":{"@id":"https:\/\/biotechlerncenter.interpharma.ch\/#website"},"primaryImageOfPage":{"@id":"https:\/\/biotechlerncenter.interpharma.ch\/fr\/sujets\/genie-genetique\/8-genetique-comment-fonctionne-lheredite\/#primaryimage"},"image":{"@id":"https:\/\/biotechlerncenter.interpharma.ch\/fr\/sujets\/genie-genetique\/8-genetique-comment-fonctionne-lheredite\/#primaryimage"},"thumbnailUrl":"http:\/\/biotechlerncenter.interpharma.ch\/wp-content\/uploads\/sites\/4\/2020\/02\/homunculus_wikipedia.gif","datePublished":"2026-03-12T16:26:24+00:00","dateModified":"2026-03-13T16:18:51+00:00","breadcrumb":{"@id":"https:\/\/biotechlerncenter.interpharma.ch\/fr\/sujets\/genie-genetique\/8-genetique-comment-fonctionne-lheredite\/#breadcrumb"},"inLanguage":"fr-FR","potentialAction":[{"@type":"ReadAction","target":["https:\/\/biotechlerncenter.interpharma.ch\/fr\/sujets\/genie-genetique\/8-genetique-comment-fonctionne-lheredite\/"]}]},{"@type":"ImageObject","inLanguage":"fr-FR","@id":"https:\/\/biotechlerncenter.interpharma.ch\/fr\/sujets\/genie-genetique\/8-genetique-comment-fonctionne-lheredite\/#primaryimage","url":"http:\/\/biotechlerncenter.interpharma.ch\/wp-content\/uploads\/sites\/4\/2020\/02\/homunculus_wikipedia.gif","contentUrl":"http:\/\/biotechlerncenter.interpharma.ch\/wp-content\/uploads\/sites\/4\/2020\/02\/homunculus_wikipedia.gif"},{"@type":"BreadcrumbList","@id":"https:\/\/biotechlerncenter.interpharma.ch\/fr\/sujets\/genie-genetique\/8-genetique-comment-fonctionne-lheredite\/#breadcrumb","itemListElement":[{"@type":"ListItem","position":1,"name":"Start","item":"https:\/\/biotechlerncenter.interpharma.ch\/fr\/"},{"@type":"ListItem","position":2,"name":"Sujets","item":"https:\/\/biotechlerncenter.interpharma.ch\/fr\/sujets\/"},{"@type":"ListItem","position":3,"name":"G\u00e9nie g\u00e9n\u00e9tique","item":"https:\/\/biotechlerncenter.interpharma.ch\/fr\/sujets\/genie-genetique\/"},{"@type":"ListItem","position":4,"name":"8. G\u00e9n\u00e9tique: comment fonctionne l&rsquo;h\u00e9r\u00e9dit\u00e9?"}]},{"@type":"WebSite","@id":"https:\/\/biotechlerncenter.interpharma.ch\/#website","url":"https:\/\/biotechlerncenter.interpharma.ch\/","name":"biotechlerncenter","description":"","potentialAction":[{"@type":"SearchAction","target":{"@type":"EntryPoint","urlTemplate":"https:\/\/biotechlerncenter.interpharma.ch\/?s={search_term_string}"},"query-input":{"@type":"PropertyValueSpecification","valueRequired":true,"valueName":"search_term_string"}}],"inLanguage":"fr-FR"}]}},"_links":{"self":[{"href":"https:\/\/biotechlerncenter.interpharma.ch\/fr\/wp-json\/wp\/v2\/pages\/714","targetHints":{"allow":["GET"]}}],"collection":[{"href":"https:\/\/biotechlerncenter.interpharma.ch\/fr\/wp-json\/wp\/v2\/pages"}],"about":[{"href":"https:\/\/biotechlerncenter.interpharma.ch\/fr\/wp-json\/wp\/v2\/types\/page"}],"author":[{"embeddable":true,"href":"https:\/\/biotechlerncenter.interpharma.ch\/fr\/wp-json\/wp\/v2\/users\/1"}],"replies":[{"embeddable":true,"href":"https:\/\/biotechlerncenter.interpharma.ch\/fr\/wp-json\/wp\/v2\/comments?post=714"}],"version-history":[{"count":3,"href":"https:\/\/biotechlerncenter.interpharma.ch\/fr\/wp-json\/wp\/v2\/pages\/714\/revisions"}],"predecessor-version":[{"id":3122,"href":"https:\/\/biotechlerncenter.interpharma.ch\/fr\/wp-json\/wp\/v2\/pages\/714\/revisions\/3122"}],"up":[{"embeddable":true,"href":"https:\/\/biotechlerncenter.interpharma.ch\/fr\/wp-json\/wp\/v2\/pages\/738"}],"wp:attachment":[{"href":"https:\/\/biotechlerncenter.interpharma.ch\/fr\/wp-json\/wp\/v2\/media?parent=714"}],"curies":[{"name":"wp","href":"https:\/\/api.w.org\/{rel}","templated":true}]}}