{"id":710,"date":"2026-03-12T17:26:24","date_gmt":"2026-03-12T16:26:24","guid":{"rendered":"https:\/\/biotechlerncenter.iph-multisite.berta-bewegt.ch\/?page_id=710"},"modified":"2026-03-13T17:18:19","modified_gmt":"2026-03-13T16:18:19","slug":"7-une-technique-biologique-tres-ancienne","status":"publish","type":"page","link":"https:\/\/biotechlerncenter.interpharma.ch\/fr\/sujets\/genie-genetique\/7-une-technique-biologique-tres-ancienne\/","title":{"rendered":"7. Une technique biologique tr\u00e8s ancienne"},"content":{"rendered":"\n<p>La biotechnologie est un terme d\u00e9signant l&rsquo;ensemble des techniques li\u00e9es au g\u00e9nie g\u00e9n\u00e9tique. De nos jours, les deux notions sont tr\u00e8s proches l&rsquo;une de l&rsquo;autre, elles d\u00e9signent souvent la m\u00eame chose\u00a0 et sont souvent confondues. Il n&rsquo;en fut pas toujours ainsi puisque la biotechnologie est bien plus ancienne que le g\u00e9nie g\u00e9n\u00e9tique, celui-ci n&rsquo;existant que depuis quelques dizaines d&rsquo;ann\u00e9es. Depuis plus de 8&rsquo;000 ans, l&rsquo;individu utilise les capacit\u00e9s biologiques des micro-organismes pour fabriquer des denr\u00e9es alimentaires telles que la bi\u00e8re, le vinaigre, le yaourt et le fromage. L&rsquo;homme s&rsquo;est familiaris\u00e9 aux m\u00e9thodes biotechnologiques classiques depuis la nuit des temps. Les peuples de culture ancienne ne connaissaient ni les levures ni les lactobacilles mais ils utilisaient ces minuscules \u00eatres vivants dans le but de conserver et d&rsquo;am\u00e9liorer le go\u00fbt et la consistance de leurs produits alimentaires.<\/p>\n\n\n\n<figure class=\"wp-block-image size-large\"><img decoding=\"async\" src=\"http:\/\/biotechlerncenter.interpharma.ch\/wp-content\/uploads\/sites\/4\/2020\/01\/kaese_pixelio_ute_pelz_900.jpg\" alt=\"\" class=\"wp-image-3730\"\/><figcaption>Nos anc\u00eatres connaissaient d\u00e9j\u00e0 la mani\u00e8re de fabriquer du fromage \u00e0 partir de lait et \u00e0 l&rsquo;aide de micro-organismes.<br>\u00a9 Pixelio, Ute Pelz<\/figcaption><\/figure>\n\n\n\n<p>La tannerie est un exemple particulier de biotechnologie. Le cuir fut autrefois trait\u00e9 \u00e0 l&rsquo;aide d&rsquo;excr\u00e9ments de chien afin de d\u00e9composer les prot\u00e9ines des peaux animales donc de tanner. Nous savons aujourd&rsquo;hui que dans les excr\u00e9ments de chiens, des bact\u00e9ries se multiplient en lib\u00e9rant certains enzymes permettant de stopper le processus de d\u00e9sint\u00e9gration des peaux animales. De nos jours, ces enzymes sont heureusement fabriqu\u00e9s techniquement.<\/p>\n\n\n\n<p>Un exemple plus connu de la biotechnologie est la fabrication de la bi\u00e8re produite \u00e0 l&rsquo;aide de levures de l&rsquo;esp\u00e8ce Saccharomyces. Ce sont des champignons qui contribuent \u00e0 la fermentation en transformant les sucres en alcool et en dioxyde de carbone &#8211; proc\u00e9d\u00e9 toutefois r\u00e9alisable uniquement en l&rsquo;absence d&rsquo;oxyg\u00e8ne. Les Sum\u00e9riens et les Babyloniens connaissaient d\u00e9j\u00e0 la levure pour produire des boissons semblables \u00e0 la bi\u00e8re. Pour la fabrication de yaourt et de fromage en revanche, on utilisa les lactobacilles. Par del\u00e0 les si\u00e8cles, les individus ont am\u00e9lior\u00e9 les propri\u00e9t\u00e9s des levures et des lactobacilles gr\u00e2ce aux m\u00e9thodes de culture et de croisement.<\/p>\n\n\n\n<figure class=\"wp-block-image size-large\"><img decoding=\"async\" src=\"http:\/\/biotechlerncenter.interpharma.ch\/wp-content\/uploads\/sites\/4\/2020\/01\/istock_beer_900-768x1024.jpg\" alt=\"\" class=\"wp-image-3733\"\/><figcaption>La levure transforme le sucre en alcool.<br>\u00a9 istockphoto<\/figcaption><\/figure>\n","protected":false},"excerpt":{"rendered":"<p>La biotechnologie est un terme d\u00e9signant l&rsquo;ensemble des techniques li\u00e9es au g\u00e9nie g\u00e9n\u00e9tique. De nos jours, les deux notions sont tr\u00e8s proches l&rsquo;une de l&rsquo;autre, elles d\u00e9signent souvent la m\u00eame chose\u00a0 et sont souvent confondues. Il n&rsquo;en fut pas toujours ainsi puisque la biotechnologie est bien plus ancienne que le g\u00e9nie g\u00e9n\u00e9tique, celui-ci n&rsquo;existant que [&hellip;]<\/p>\n","protected":false},"author":1,"featured_media":0,"parent":738,"menu_order":6,"comment_status":"closed","ping_status":"closed","template":"page-templates\/unterthema.php","meta":{"_acf_changed":false,"inline_featured_image":false,"footnotes":""},"class_list":["post-710","page","type-page","status-publish","hentry"],"acf":[],"yoast_head":"<!-- This site is optimized with the Yoast SEO Premium plugin v27.2 (Yoast SEO v27.2) - https:\/\/yoast.com\/product\/yoast-seo-premium-wordpress\/ -->\n<title>7. Une technique biologique tr\u00e8s ancienne - biotechlerncenter<\/title>\n<meta name=\"robots\" content=\"index, follow, max-snippet:-1, max-image-preview:large, max-video-preview:-1\" \/>\n<link rel=\"canonical\" href=\"https:\/\/biotechlerncenter.interpharma.ch\/fr\/sujets\/genie-genetique\/7-une-technique-biologique-tres-ancienne\/\" \/>\n<meta property=\"og:locale\" content=\"fr_FR\" \/>\n<meta property=\"og:type\" content=\"article\" \/>\n<meta property=\"og:title\" content=\"7. Une technique biologique tr\u00e8s ancienne\" \/>\n<meta property=\"og:description\" content=\"La biotechnologie est un terme d\u00e9signant l&rsquo;ensemble des techniques li\u00e9es au g\u00e9nie g\u00e9n\u00e9tique. De nos jours, les deux notions sont tr\u00e8s proches l&rsquo;une de l&rsquo;autre, elles d\u00e9signent souvent la m\u00eame chose\u00a0 et sont souvent confondues. Il n&rsquo;en fut pas toujours ainsi puisque la biotechnologie est bien plus ancienne que le g\u00e9nie g\u00e9n\u00e9tique, celui-ci n&rsquo;existant que [&hellip;]\" \/>\n<meta property=\"og:url\" content=\"https:\/\/biotechlerncenter.interpharma.ch\/fr\/sujets\/genie-genetique\/7-une-technique-biologique-tres-ancienne\/\" \/>\n<meta property=\"og:site_name\" content=\"biotechlerncenter\" \/>\n<meta property=\"article:modified_time\" content=\"2026-03-13T16:18:19+00:00\" \/>\n<meta property=\"og:image\" content=\"http:\/\/biotechlerncenter.interpharma.ch\/wp-content\/uploads\/sites\/4\/2020\/01\/kaese_pixelio_ute_pelz_900.jpg\" \/>\n<meta name=\"twitter:card\" content=\"summary_large_image\" \/>\n<meta name=\"twitter:label1\" content=\"Dur\u00e9e de lecture estim\u00e9e\" \/>\n\t<meta name=\"twitter:data1\" content=\"3 minutes\" \/>\n<script type=\"application\/ld+json\" class=\"yoast-schema-graph\">{\"@context\":\"https:\/\/schema.org\",\"@graph\":[{\"@type\":\"WebPage\",\"@id\":\"https:\/\/biotechlerncenter.interpharma.ch\/fr\/sujets\/genie-genetique\/7-une-technique-biologique-tres-ancienne\/\",\"url\":\"https:\/\/biotechlerncenter.interpharma.ch\/fr\/sujets\/genie-genetique\/7-une-technique-biologique-tres-ancienne\/\",\"name\":\"7. Une technique biologique tr\u00e8s ancienne - biotechlerncenter\",\"isPartOf\":{\"@id\":\"https:\/\/biotechlerncenter.interpharma.ch\/#website\"},\"primaryImageOfPage\":{\"@id\":\"https:\/\/biotechlerncenter.interpharma.ch\/fr\/sujets\/genie-genetique\/7-une-technique-biologique-tres-ancienne\/#primaryimage\"},\"image\":{\"@id\":\"https:\/\/biotechlerncenter.interpharma.ch\/fr\/sujets\/genie-genetique\/7-une-technique-biologique-tres-ancienne\/#primaryimage\"},\"thumbnailUrl\":\"http:\/\/biotechlerncenter.interpharma.ch\/wp-content\/uploads\/sites\/4\/2020\/01\/kaese_pixelio_ute_pelz_900.jpg\",\"datePublished\":\"2026-03-12T16:26:24+00:00\",\"dateModified\":\"2026-03-13T16:18:19+00:00\",\"breadcrumb\":{\"@id\":\"https:\/\/biotechlerncenter.interpharma.ch\/fr\/sujets\/genie-genetique\/7-une-technique-biologique-tres-ancienne\/#breadcrumb\"},\"inLanguage\":\"fr-FR\",\"potentialAction\":[{\"@type\":\"ReadAction\",\"target\":[\"https:\/\/biotechlerncenter.interpharma.ch\/fr\/sujets\/genie-genetique\/7-une-technique-biologique-tres-ancienne\/\"]}]},{\"@type\":\"ImageObject\",\"inLanguage\":\"fr-FR\",\"@id\":\"https:\/\/biotechlerncenter.interpharma.ch\/fr\/sujets\/genie-genetique\/7-une-technique-biologique-tres-ancienne\/#primaryimage\",\"url\":\"http:\/\/biotechlerncenter.interpharma.ch\/wp-content\/uploads\/sites\/4\/2020\/01\/kaese_pixelio_ute_pelz_900.jpg\",\"contentUrl\":\"http:\/\/biotechlerncenter.interpharma.ch\/wp-content\/uploads\/sites\/4\/2020\/01\/kaese_pixelio_ute_pelz_900.jpg\"},{\"@type\":\"BreadcrumbList\",\"@id\":\"https:\/\/biotechlerncenter.interpharma.ch\/fr\/sujets\/genie-genetique\/7-une-technique-biologique-tres-ancienne\/#breadcrumb\",\"itemListElement\":[{\"@type\":\"ListItem\",\"position\":1,\"name\":\"Start\",\"item\":\"https:\/\/biotechlerncenter.interpharma.ch\/fr\/\"},{\"@type\":\"ListItem\",\"position\":2,\"name\":\"Sujets\",\"item\":\"https:\/\/biotechlerncenter.interpharma.ch\/fr\/sujets\/\"},{\"@type\":\"ListItem\",\"position\":3,\"name\":\"G\u00e9nie g\u00e9n\u00e9tique\",\"item\":\"https:\/\/biotechlerncenter.interpharma.ch\/fr\/sujets\/genie-genetique\/\"},{\"@type\":\"ListItem\",\"position\":4,\"name\":\"7. Une technique biologique tr\u00e8s ancienne\"}]},{\"@type\":\"WebSite\",\"@id\":\"https:\/\/biotechlerncenter.interpharma.ch\/#website\",\"url\":\"https:\/\/biotechlerncenter.interpharma.ch\/\",\"name\":\"biotechlerncenter\",\"description\":\"\",\"potentialAction\":[{\"@type\":\"SearchAction\",\"target\":{\"@type\":\"EntryPoint\",\"urlTemplate\":\"https:\/\/biotechlerncenter.interpharma.ch\/?s={search_term_string}\"},\"query-input\":{\"@type\":\"PropertyValueSpecification\",\"valueRequired\":true,\"valueName\":\"search_term_string\"}}],\"inLanguage\":\"fr-FR\"}]}<\/script>\n<!-- \/ Yoast SEO Premium plugin. -->","yoast_head_json":{"title":"7. Une technique biologique tr\u00e8s ancienne - biotechlerncenter","robots":{"index":"index","follow":"follow","max-snippet":"max-snippet:-1","max-image-preview":"max-image-preview:large","max-video-preview":"max-video-preview:-1"},"canonical":"https:\/\/biotechlerncenter.interpharma.ch\/fr\/sujets\/genie-genetique\/7-une-technique-biologique-tres-ancienne\/","og_locale":"fr_FR","og_type":"article","og_title":"7. Une technique biologique tr\u00e8s ancienne","og_description":"La biotechnologie est un terme d\u00e9signant l&rsquo;ensemble des techniques li\u00e9es au g\u00e9nie g\u00e9n\u00e9tique. De nos jours, les deux notions sont tr\u00e8s proches l&rsquo;une de l&rsquo;autre, elles d\u00e9signent souvent la m\u00eame chose\u00a0 et sont souvent confondues. Il n&rsquo;en fut pas toujours ainsi puisque la biotechnologie est bien plus ancienne que le g\u00e9nie g\u00e9n\u00e9tique, celui-ci n&rsquo;existant que [&hellip;]","og_url":"https:\/\/biotechlerncenter.interpharma.ch\/fr\/sujets\/genie-genetique\/7-une-technique-biologique-tres-ancienne\/","og_site_name":"biotechlerncenter","article_modified_time":"2026-03-13T16:18:19+00:00","og_image":[{"url":"http:\/\/biotechlerncenter.interpharma.ch\/wp-content\/uploads\/sites\/4\/2020\/01\/kaese_pixelio_ute_pelz_900.jpg","type":"","width":"","height":""}],"twitter_card":"summary_large_image","twitter_misc":{"Dur\u00e9e de lecture estim\u00e9e":"3 minutes"},"schema":{"@context":"https:\/\/schema.org","@graph":[{"@type":"WebPage","@id":"https:\/\/biotechlerncenter.interpharma.ch\/fr\/sujets\/genie-genetique\/7-une-technique-biologique-tres-ancienne\/","url":"https:\/\/biotechlerncenter.interpharma.ch\/fr\/sujets\/genie-genetique\/7-une-technique-biologique-tres-ancienne\/","name":"7. Une technique biologique tr\u00e8s ancienne - biotechlerncenter","isPartOf":{"@id":"https:\/\/biotechlerncenter.interpharma.ch\/#website"},"primaryImageOfPage":{"@id":"https:\/\/biotechlerncenter.interpharma.ch\/fr\/sujets\/genie-genetique\/7-une-technique-biologique-tres-ancienne\/#primaryimage"},"image":{"@id":"https:\/\/biotechlerncenter.interpharma.ch\/fr\/sujets\/genie-genetique\/7-une-technique-biologique-tres-ancienne\/#primaryimage"},"thumbnailUrl":"http:\/\/biotechlerncenter.interpharma.ch\/wp-content\/uploads\/sites\/4\/2020\/01\/kaese_pixelio_ute_pelz_900.jpg","datePublished":"2026-03-12T16:26:24+00:00","dateModified":"2026-03-13T16:18:19+00:00","breadcrumb":{"@id":"https:\/\/biotechlerncenter.interpharma.ch\/fr\/sujets\/genie-genetique\/7-une-technique-biologique-tres-ancienne\/#breadcrumb"},"inLanguage":"fr-FR","potentialAction":[{"@type":"ReadAction","target":["https:\/\/biotechlerncenter.interpharma.ch\/fr\/sujets\/genie-genetique\/7-une-technique-biologique-tres-ancienne\/"]}]},{"@type":"ImageObject","inLanguage":"fr-FR","@id":"https:\/\/biotechlerncenter.interpharma.ch\/fr\/sujets\/genie-genetique\/7-une-technique-biologique-tres-ancienne\/#primaryimage","url":"http:\/\/biotechlerncenter.interpharma.ch\/wp-content\/uploads\/sites\/4\/2020\/01\/kaese_pixelio_ute_pelz_900.jpg","contentUrl":"http:\/\/biotechlerncenter.interpharma.ch\/wp-content\/uploads\/sites\/4\/2020\/01\/kaese_pixelio_ute_pelz_900.jpg"},{"@type":"BreadcrumbList","@id":"https:\/\/biotechlerncenter.interpharma.ch\/fr\/sujets\/genie-genetique\/7-une-technique-biologique-tres-ancienne\/#breadcrumb","itemListElement":[{"@type":"ListItem","position":1,"name":"Start","item":"https:\/\/biotechlerncenter.interpharma.ch\/fr\/"},{"@type":"ListItem","position":2,"name":"Sujets","item":"https:\/\/biotechlerncenter.interpharma.ch\/fr\/sujets\/"},{"@type":"ListItem","position":3,"name":"G\u00e9nie g\u00e9n\u00e9tique","item":"https:\/\/biotechlerncenter.interpharma.ch\/fr\/sujets\/genie-genetique\/"},{"@type":"ListItem","position":4,"name":"7. Une technique biologique tr\u00e8s ancienne"}]},{"@type":"WebSite","@id":"https:\/\/biotechlerncenter.interpharma.ch\/#website","url":"https:\/\/biotechlerncenter.interpharma.ch\/","name":"biotechlerncenter","description":"","potentialAction":[{"@type":"SearchAction","target":{"@type":"EntryPoint","urlTemplate":"https:\/\/biotechlerncenter.interpharma.ch\/?s={search_term_string}"},"query-input":{"@type":"PropertyValueSpecification","valueRequired":true,"valueName":"search_term_string"}}],"inLanguage":"fr-FR"}]}},"_links":{"self":[{"href":"https:\/\/biotechlerncenter.interpharma.ch\/fr\/wp-json\/wp\/v2\/pages\/710","targetHints":{"allow":["GET"]}}],"collection":[{"href":"https:\/\/biotechlerncenter.interpharma.ch\/fr\/wp-json\/wp\/v2\/pages"}],"about":[{"href":"https:\/\/biotechlerncenter.interpharma.ch\/fr\/wp-json\/wp\/v2\/types\/page"}],"author":[{"embeddable":true,"href":"https:\/\/biotechlerncenter.interpharma.ch\/fr\/wp-json\/wp\/v2\/users\/1"}],"replies":[{"embeddable":true,"href":"https:\/\/biotechlerncenter.interpharma.ch\/fr\/wp-json\/wp\/v2\/comments?post=710"}],"version-history":[{"count":3,"href":"https:\/\/biotechlerncenter.interpharma.ch\/fr\/wp-json\/wp\/v2\/pages\/710\/revisions"}],"predecessor-version":[{"id":3119,"href":"https:\/\/biotechlerncenter.interpharma.ch\/fr\/wp-json\/wp\/v2\/pages\/710\/revisions\/3119"}],"up":[{"embeddable":true,"href":"https:\/\/biotechlerncenter.interpharma.ch\/fr\/wp-json\/wp\/v2\/pages\/738"}],"wp:attachment":[{"href":"https:\/\/biotechlerncenter.interpharma.ch\/fr\/wp-json\/wp\/v2\/media?parent=710"}],"curies":[{"name":"wp","href":"https:\/\/api.w.org\/{rel}","templated":true}]}}