{"id":706,"date":"2026-03-12T17:26:24","date_gmt":"2026-03-12T16:26:24","guid":{"rendered":"https:\/\/biotechlerncenter.iph-multisite.berta-bewegt.ch\/?page_id=706"},"modified":"2026-03-13T17:17:40","modified_gmt":"2026-03-13T16:17:40","slug":"6-le-code-genetique-est-universel-il-se-trouve-aussi-bien-sur-letre-humain-que-dans-les-microbes","status":"publish","type":"page","link":"https:\/\/biotechlerncenter.interpharma.ch\/fr\/sujets\/genie-genetique\/6-le-code-genetique-est-universel-il-se-trouve-aussi-bien-sur-letre-humain-que-dans-les-microbes\/","title":{"rendered":"6. Le code g\u00e9n\u00e9tique est universel, il se trouve aussi bien sur l&rsquo;\u00eatre humain que dans les microbes"},"content":{"rendered":"\n<p>Comment la prot\u00e9ine insuline est-elle produite par le g\u00e9nie g\u00e9n\u00e9tique? Fondamentalement, le g\u00e9nie g\u00e9n\u00e9tique fonctionne gr\u00e2ce au fait que tous les \u00eatres vivants, aussi bien un \u00eatre humain, un animal qu&rsquo;une plante, m\u00e9morisent les informations g\u00e9n\u00e9tiques dans les quatre m\u00eames constituants. Le code g\u00e9n\u00e9tique est universel, il se trouve aussi bien sur l&rsquo;\u00eatre humain que dans les microbes. Il existe donc la possibilit\u00e9 d&rsquo;\u00e9changer des g\u00e8nes entre \u00eatres vivants. Les levures par exemple poss\u00e8dent un nombre de g\u00e8nes tellement proches des g\u00e8nes homologues de l&rsquo;individu qu&rsquo;elles peuvent m\u00eame les substituer de fa\u00e7on fonctionnelle dans les cellules humaines. Les chercheurs peuvent m\u00eame parfois \u00e9tudier l&rsquo;effet d&rsquo;un g\u00e8ne responsable d&rsquo;une maladie chez l&rsquo;homme en utilisant son pendant dans la levure.<\/p>\n\n\n\n<p>Lors de la production de l&rsquo;insuline par g\u00e9nie g\u00e9n\u00e9tique, ce sont des bact\u00e9ries qui se chargent de la production de la prot\u00e9ine humaine. Les chercheurs utilisent fr\u00e9quemment la bact\u00e9rie intestinale\u00a0<em>Escherichia coli<\/em>\u00a0(abr\u00e9g\u00e9\u00a0<em>E. coli<\/em>) mais \u00e9galement les levures de boulanger\u00a0<em>Saccharomyces cerevisiae<\/em>\u00a0ainsi que les cellules de hamster.<\/p>\n\n\n\n<figure class=\"wp-block-image size-large\"><img decoding=\"async\" src=\"http:\/\/biotechlerncenter.interpharma.ch\/wp-content\/uploads\/sites\/4\/2020\/01\/193_roche-forschung_900.jpg\" alt=\"\" class=\"wp-image-3739\"\/><figcaption>Production de m\u00e9dicaments<br>\u00a9 Roche<\/figcaption><\/figure>\n\n\n\n<p>L&rsquo;obtention de l&rsquo;insuline est relativement simple : \u00e0 l&rsquo;aide de m\u00e9thodes li\u00e9es au g\u00e9nie g\u00e9n\u00e9tique, le g\u00e8ne insuline fut isol\u00e9 des 30&rsquo;000 g\u00e8nes humains. Le brin d&rsquo;ADN contenant le g\u00e8ne insuline sera int\u00e9gr\u00e9 dans les plasmides qui sont des mol\u00e9cules d&rsquo;ADN circulaires se trouvant dans les bact\u00e9ries. Les bio-techniciens utilisent les plasmides en tant que \u00abtaxis g\u00e9niques\u00bb afin d&rsquo;assimiler le g\u00e8ne d\u00e9sir\u00e9 (dans notre cas l&rsquo;insuline) et de l&rsquo;introduire dans une bact\u00e9rie. Lorsque les bact\u00e9ries se reproduisent, elles ne vont pas seulement produire la prot\u00e9ine n\u00e9cessaire \u00e0 leur reproduction mais \u00e9galement la prot\u00e9ine insuline construite selon le g\u00e8ne nouvellement introduit. L&rsquo;introduction du g\u00e8ne insuline dans un plasmide ainsi que la reproduction par bact\u00e9ries se nomme clonage. Les d\u00e9tails de ce proc\u00e9d\u00e9 seront r\u00e9v\u00e9l\u00e9s dans le prochain chapitre.<\/p>\n\n\n\n<p>Apr\u00e8s la reproduction, l&rsquo;insuline va \u00eatre \u00abr\u00e9colt\u00e9e\u00bb: la paroi cellulaire des bact\u00e9ries<em>&nbsp;E. coli<\/em>&nbsp;sera fendue puis l&rsquo;insuline sera s\u00e9lectionn\u00e9e parmi les diverses prot\u00e9ines. Une telle purification est souvent compliqu\u00e9e et se fait en plusieurs \u00e9tapes. Cependant en l&rsquo;espace de quelques jours, on va pouvoir r\u00e9colter une grande quantit\u00e9 de substance qui ne se trouve que sous forme de trace dans le corps humain. L&rsquo;insuline peut donc \u00eatre appliqu\u00e9e aux diab\u00e9tiques.<br><br>L&rsquo;insuline n&rsquo;est qu&rsquo;un exemple du fonctionnement du g\u00e9nie g\u00e9n\u00e9tique, bien d&rsquo;autres m\u00e9dicaments sont de nos jours fabriqu\u00e9s par cette m\u00e9thode. Depuis la fin des ann\u00e9es 80, la liste des m\u00e9dicaments reposant sur ce principe ne cesse de s&rsquo;accro\u00eetre. En l&rsquo;an 2005, 90 produits fabriqu\u00e9s par le g\u00e9nie g\u00e9n\u00e9tique furent admis en Suisse. Ce sont la plupart du temps des m\u00e9dicaments, mais il y a \u00e9galement des vaccins. Ils sont administr\u00e9s lors de diab\u00e8te,&nbsp; d&rsquo;h\u00e9mophilie ou de nanisme cong\u00e9nital, ils soulagent lors d&rsquo;infarctus du myocarde, lors de maladies infectieuses et soutiennent un traitement canc\u00e9reux. Actuellement, les m\u00e9dicaments arrivant sur le march\u00e9 ont presque tous \u00e9t\u00e9 d\u00e9velopp\u00e9s directement ou indirectement par le g\u00e9nie g\u00e9n\u00e9tique. Lorsque le g\u00e9nie g\u00e9n\u00e9tique est utilis\u00e9 dans le domaine m\u00e9dical, on parle de g\u00e9nie g\u00e9n\u00e9tique \u00abrouge\u00bb. Aujourd&rsquo;hui, la technique est utilis\u00e9e dans plusieurs domaines diff\u00e9rents comme par exemple dans l&rsquo;agriculture afin de fournir de nouvelles propri\u00e9t\u00e9s aux plantes. On&nbsp; parle alors de g\u00e9nie g\u00e9n\u00e9tique \u00abvert\u00bb. Les techniques sont bas\u00e9es sur le m\u00eame principe.<\/p>\n","protected":false},"excerpt":{"rendered":"<p>Comment la prot\u00e9ine insuline est-elle produite par le g\u00e9nie g\u00e9n\u00e9tique? Fondamentalement, le g\u00e9nie g\u00e9n\u00e9tique fonctionne gr\u00e2ce au fait que tous les \u00eatres vivants, aussi bien un \u00eatre humain, un animal qu&rsquo;une plante, m\u00e9morisent les informations g\u00e9n\u00e9tiques dans les quatre m\u00eames constituants. Le code g\u00e9n\u00e9tique est universel, il se trouve aussi bien sur l&rsquo;\u00eatre humain que [&hellip;]<\/p>\n","protected":false},"author":1,"featured_media":0,"parent":738,"menu_order":5,"comment_status":"closed","ping_status":"closed","template":"page-templates\/unterthema.php","meta":{"_acf_changed":false,"inline_featured_image":false,"footnotes":""},"class_list":["post-706","page","type-page","status-publish","hentry"],"acf":[],"yoast_head":"<!-- This site is optimized with the Yoast SEO Premium plugin v27.2 (Yoast SEO v27.2) - https:\/\/yoast.com\/product\/yoast-seo-premium-wordpress\/ -->\n<title>6. Le code g\u00e9n\u00e9tique est universel, il se trouve aussi bien sur l&#039;\u00eatre humain que dans les microbes - biotechlerncenter<\/title>\n<meta name=\"robots\" content=\"index, follow, max-snippet:-1, max-image-preview:large, max-video-preview:-1\" \/>\n<link rel=\"canonical\" href=\"https:\/\/biotechlerncenter.interpharma.ch\/themen\/gentechnik\/6-ob-mensch-oder-mikrobe-der-genetische-code-ist-universell\/\" \/>\n<meta property=\"og:locale\" content=\"fr_FR\" \/>\n<meta property=\"og:type\" content=\"article\" \/>\n<meta property=\"og:title\" content=\"6. Le code g\u00e9n\u00e9tique est universel, il se trouve aussi bien sur l&#039;\u00eatre humain que dans les microbes\" \/>\n<meta property=\"og:description\" content=\"Comment la prot\u00e9ine insuline est-elle produite par le g\u00e9nie g\u00e9n\u00e9tique? Fondamentalement, le g\u00e9nie g\u00e9n\u00e9tique fonctionne gr\u00e2ce au fait que tous les \u00eatres vivants, aussi bien un \u00eatre humain, un animal qu&rsquo;une plante, m\u00e9morisent les informations g\u00e9n\u00e9tiques dans les quatre m\u00eames constituants. Le code g\u00e9n\u00e9tique est universel, il se trouve aussi bien sur l&rsquo;\u00eatre humain que [&hellip;]\" \/>\n<meta property=\"og:url\" content=\"https:\/\/biotechlerncenter.interpharma.ch\/themen\/gentechnik\/6-ob-mensch-oder-mikrobe-der-genetische-code-ist-universell\/\" \/>\n<meta property=\"og:site_name\" content=\"biotechlerncenter\" \/>\n<meta property=\"article:modified_time\" content=\"2026-03-13T16:17:40+00:00\" \/>\n<meta property=\"og:image\" content=\"http:\/\/biotechlerncenter.interpharma.ch\/wp-content\/uploads\/sites\/4\/2020\/01\/193_roche-forschung_900.jpg\" \/>\n<meta name=\"twitter:card\" content=\"summary_large_image\" \/>\n<meta name=\"twitter:label1\" content=\"Dur\u00e9e de lecture estim\u00e9e\" \/>\n\t<meta name=\"twitter:data1\" content=\"4 minutes\" \/>\n<script type=\"application\/ld+json\" class=\"yoast-schema-graph\">{\"@context\":\"https:\/\/schema.org\",\"@graph\":[{\"@type\":\"WebPage\",\"@id\":\"https:\/\/biotechlerncenter.interpharma.ch\/themen\/gentechnik\/6-ob-mensch-oder-mikrobe-der-genetische-code-ist-universell\/\",\"url\":\"https:\/\/biotechlerncenter.interpharma.ch\/themen\/gentechnik\/6-ob-mensch-oder-mikrobe-der-genetische-code-ist-universell\/\",\"name\":\"6. Le code g\u00e9n\u00e9tique est universel, il se trouve aussi bien sur l'\u00eatre humain que dans les microbes - biotechlerncenter\",\"isPartOf\":{\"@id\":\"https:\/\/biotechlerncenter.interpharma.ch\/#website\"},\"primaryImageOfPage\":{\"@id\":\"https:\/\/biotechlerncenter.interpharma.ch\/themen\/gentechnik\/6-ob-mensch-oder-mikrobe-der-genetische-code-ist-universell\/#primaryimage\"},\"image\":{\"@id\":\"https:\/\/biotechlerncenter.interpharma.ch\/themen\/gentechnik\/6-ob-mensch-oder-mikrobe-der-genetische-code-ist-universell\/#primaryimage\"},\"thumbnailUrl\":\"http:\/\/biotechlerncenter.interpharma.ch\/wp-content\/uploads\/sites\/4\/2020\/01\/193_roche-forschung_900.jpg\",\"datePublished\":\"2026-03-12T16:26:24+00:00\",\"dateModified\":\"2026-03-13T16:17:40+00:00\",\"breadcrumb\":{\"@id\":\"https:\/\/biotechlerncenter.interpharma.ch\/themen\/gentechnik\/6-ob-mensch-oder-mikrobe-der-genetische-code-ist-universell\/#breadcrumb\"},\"inLanguage\":\"fr-FR\",\"potentialAction\":[{\"@type\":\"ReadAction\",\"target\":[\"https:\/\/biotechlerncenter.interpharma.ch\/themen\/gentechnik\/6-ob-mensch-oder-mikrobe-der-genetische-code-ist-universell\/\"]}]},{\"@type\":\"ImageObject\",\"inLanguage\":\"fr-FR\",\"@id\":\"https:\/\/biotechlerncenter.interpharma.ch\/themen\/gentechnik\/6-ob-mensch-oder-mikrobe-der-genetische-code-ist-universell\/#primaryimage\",\"url\":\"http:\/\/biotechlerncenter.interpharma.ch\/wp-content\/uploads\/sites\/4\/2020\/01\/193_roche-forschung_900.jpg\",\"contentUrl\":\"http:\/\/biotechlerncenter.interpharma.ch\/wp-content\/uploads\/sites\/4\/2020\/01\/193_roche-forschung_900.jpg\"},{\"@type\":\"BreadcrumbList\",\"@id\":\"https:\/\/biotechlerncenter.interpharma.ch\/themen\/gentechnik\/6-ob-mensch-oder-mikrobe-der-genetische-code-ist-universell\/#breadcrumb\",\"itemListElement\":[{\"@type\":\"ListItem\",\"position\":1,\"name\":\"Start\",\"item\":\"https:\/\/biotechlerncenter.interpharma.ch\/fr\/\"},{\"@type\":\"ListItem\",\"position\":2,\"name\":\"Sujets\",\"item\":\"https:\/\/biotechlerncenter.interpharma.ch\/fr\/sujets\/\"},{\"@type\":\"ListItem\",\"position\":3,\"name\":\"G\u00e9nie g\u00e9n\u00e9tique\",\"item\":\"https:\/\/biotechlerncenter.interpharma.ch\/fr\/sujets\/genie-genetique\/\"},{\"@type\":\"ListItem\",\"position\":4,\"name\":\"6. Le code g\u00e9n\u00e9tique est universel, il se trouve aussi bien sur l&#8217;\u00eatre humain que dans les microbes\"}]},{\"@type\":\"WebSite\",\"@id\":\"https:\/\/biotechlerncenter.interpharma.ch\/#website\",\"url\":\"https:\/\/biotechlerncenter.interpharma.ch\/\",\"name\":\"biotechlerncenter\",\"description\":\"\",\"potentialAction\":[{\"@type\":\"SearchAction\",\"target\":{\"@type\":\"EntryPoint\",\"urlTemplate\":\"https:\/\/biotechlerncenter.interpharma.ch\/?s={search_term_string}\"},\"query-input\":{\"@type\":\"PropertyValueSpecification\",\"valueRequired\":true,\"valueName\":\"search_term_string\"}}],\"inLanguage\":\"fr-FR\"}]}<\/script>\n<!-- \/ Yoast SEO Premium plugin. -->","yoast_head_json":{"title":"6. Le code g\u00e9n\u00e9tique est universel, il se trouve aussi bien sur l'\u00eatre humain que dans les microbes - biotechlerncenter","robots":{"index":"index","follow":"follow","max-snippet":"max-snippet:-1","max-image-preview":"max-image-preview:large","max-video-preview":"max-video-preview:-1"},"canonical":"https:\/\/biotechlerncenter.interpharma.ch\/themen\/gentechnik\/6-ob-mensch-oder-mikrobe-der-genetische-code-ist-universell\/","og_locale":"fr_FR","og_type":"article","og_title":"6. Le code g\u00e9n\u00e9tique est universel, il se trouve aussi bien sur l'\u00eatre humain que dans les microbes","og_description":"Comment la prot\u00e9ine insuline est-elle produite par le g\u00e9nie g\u00e9n\u00e9tique? Fondamentalement, le g\u00e9nie g\u00e9n\u00e9tique fonctionne gr\u00e2ce au fait que tous les \u00eatres vivants, aussi bien un \u00eatre humain, un animal qu&rsquo;une plante, m\u00e9morisent les informations g\u00e9n\u00e9tiques dans les quatre m\u00eames constituants. Le code g\u00e9n\u00e9tique est universel, il se trouve aussi bien sur l&rsquo;\u00eatre humain que [&hellip;]","og_url":"https:\/\/biotechlerncenter.interpharma.ch\/themen\/gentechnik\/6-ob-mensch-oder-mikrobe-der-genetische-code-ist-universell\/","og_site_name":"biotechlerncenter","article_modified_time":"2026-03-13T16:17:40+00:00","og_image":[{"url":"http:\/\/biotechlerncenter.interpharma.ch\/wp-content\/uploads\/sites\/4\/2020\/01\/193_roche-forschung_900.jpg","type":"","width":"","height":""}],"twitter_card":"summary_large_image","twitter_misc":{"Dur\u00e9e de lecture estim\u00e9e":"4 minutes"},"schema":{"@context":"https:\/\/schema.org","@graph":[{"@type":"WebPage","@id":"https:\/\/biotechlerncenter.interpharma.ch\/themen\/gentechnik\/6-ob-mensch-oder-mikrobe-der-genetische-code-ist-universell\/","url":"https:\/\/biotechlerncenter.interpharma.ch\/themen\/gentechnik\/6-ob-mensch-oder-mikrobe-der-genetische-code-ist-universell\/","name":"6. Le code g\u00e9n\u00e9tique est universel, il se trouve aussi bien sur l'\u00eatre humain que dans les microbes - biotechlerncenter","isPartOf":{"@id":"https:\/\/biotechlerncenter.interpharma.ch\/#website"},"primaryImageOfPage":{"@id":"https:\/\/biotechlerncenter.interpharma.ch\/themen\/gentechnik\/6-ob-mensch-oder-mikrobe-der-genetische-code-ist-universell\/#primaryimage"},"image":{"@id":"https:\/\/biotechlerncenter.interpharma.ch\/themen\/gentechnik\/6-ob-mensch-oder-mikrobe-der-genetische-code-ist-universell\/#primaryimage"},"thumbnailUrl":"http:\/\/biotechlerncenter.interpharma.ch\/wp-content\/uploads\/sites\/4\/2020\/01\/193_roche-forschung_900.jpg","datePublished":"2026-03-12T16:26:24+00:00","dateModified":"2026-03-13T16:17:40+00:00","breadcrumb":{"@id":"https:\/\/biotechlerncenter.interpharma.ch\/themen\/gentechnik\/6-ob-mensch-oder-mikrobe-der-genetische-code-ist-universell\/#breadcrumb"},"inLanguage":"fr-FR","potentialAction":[{"@type":"ReadAction","target":["https:\/\/biotechlerncenter.interpharma.ch\/themen\/gentechnik\/6-ob-mensch-oder-mikrobe-der-genetische-code-ist-universell\/"]}]},{"@type":"ImageObject","inLanguage":"fr-FR","@id":"https:\/\/biotechlerncenter.interpharma.ch\/themen\/gentechnik\/6-ob-mensch-oder-mikrobe-der-genetische-code-ist-universell\/#primaryimage","url":"http:\/\/biotechlerncenter.interpharma.ch\/wp-content\/uploads\/sites\/4\/2020\/01\/193_roche-forschung_900.jpg","contentUrl":"http:\/\/biotechlerncenter.interpharma.ch\/wp-content\/uploads\/sites\/4\/2020\/01\/193_roche-forschung_900.jpg"},{"@type":"BreadcrumbList","@id":"https:\/\/biotechlerncenter.interpharma.ch\/themen\/gentechnik\/6-ob-mensch-oder-mikrobe-der-genetische-code-ist-universell\/#breadcrumb","itemListElement":[{"@type":"ListItem","position":1,"name":"Start","item":"https:\/\/biotechlerncenter.interpharma.ch\/fr\/"},{"@type":"ListItem","position":2,"name":"Sujets","item":"https:\/\/biotechlerncenter.interpharma.ch\/fr\/sujets\/"},{"@type":"ListItem","position":3,"name":"G\u00e9nie g\u00e9n\u00e9tique","item":"https:\/\/biotechlerncenter.interpharma.ch\/fr\/sujets\/genie-genetique\/"},{"@type":"ListItem","position":4,"name":"6. Le code g\u00e9n\u00e9tique est universel, il se trouve aussi bien sur l&#8217;\u00eatre humain que dans les microbes"}]},{"@type":"WebSite","@id":"https:\/\/biotechlerncenter.interpharma.ch\/#website","url":"https:\/\/biotechlerncenter.interpharma.ch\/","name":"biotechlerncenter","description":"","potentialAction":[{"@type":"SearchAction","target":{"@type":"EntryPoint","urlTemplate":"https:\/\/biotechlerncenter.interpharma.ch\/?s={search_term_string}"},"query-input":{"@type":"PropertyValueSpecification","valueRequired":true,"valueName":"search_term_string"}}],"inLanguage":"fr-FR"}]}},"_links":{"self":[{"href":"https:\/\/biotechlerncenter.interpharma.ch\/fr\/wp-json\/wp\/v2\/pages\/706","targetHints":{"allow":["GET"]}}],"collection":[{"href":"https:\/\/biotechlerncenter.interpharma.ch\/fr\/wp-json\/wp\/v2\/pages"}],"about":[{"href":"https:\/\/biotechlerncenter.interpharma.ch\/fr\/wp-json\/wp\/v2\/types\/page"}],"author":[{"embeddable":true,"href":"https:\/\/biotechlerncenter.interpharma.ch\/fr\/wp-json\/wp\/v2\/users\/1"}],"replies":[{"embeddable":true,"href":"https:\/\/biotechlerncenter.interpharma.ch\/fr\/wp-json\/wp\/v2\/comments?post=706"}],"version-history":[{"count":3,"href":"https:\/\/biotechlerncenter.interpharma.ch\/fr\/wp-json\/wp\/v2\/pages\/706\/revisions"}],"predecessor-version":[{"id":3115,"href":"https:\/\/biotechlerncenter.interpharma.ch\/fr\/wp-json\/wp\/v2\/pages\/706\/revisions\/3115"}],"up":[{"embeddable":true,"href":"https:\/\/biotechlerncenter.interpharma.ch\/fr\/wp-json\/wp\/v2\/pages\/738"}],"wp:attachment":[{"href":"https:\/\/biotechlerncenter.interpharma.ch\/fr\/wp-json\/wp\/v2\/media?parent=706"}],"curies":[{"name":"wp","href":"https:\/\/api.w.org\/{rel}","templated":true}]}}