{"id":702,"date":"2026-03-12T17:26:23","date_gmt":"2026-03-12T16:26:23","guid":{"rendered":"https:\/\/biotechlerncenter.iph-multisite.berta-bewegt.ch\/?page_id=702"},"modified":"2026-03-13T17:17:14","modified_gmt":"2026-03-13T16:17:14","slug":"5-application-des-connaissances","status":"publish","type":"page","link":"https:\/\/biotechlerncenter.interpharma.ch\/fr\/sujets\/genie-genetique\/5-application-des-connaissances\/","title":{"rendered":"5. Application des connaissances"},"content":{"rendered":"\n<p>L&rsquo;application des connaissances au sujet des g\u00e8nes se nomme g\u00e9nie g\u00e9n\u00e9tique. L&rsquo;exemple suivant facilitera la compr\u00e9hension de ce qu&rsquo;est le g\u00e9nie g\u00e9n\u00e9tique. Chez les diab\u00e9tiques, le corps\u00a0 produit trop peu de prot\u00e9ine insuline, ceux-ci doivent donc s&rsquo;injecter de l&rsquo;insuline presque quotidiennement. Un pas important fut franchi pour les diab\u00e9tiques lorsque, dans les ann\u00e9es 80, l&rsquo;insuline fut produite gr\u00e2ce au g\u00e9nie g\u00e9n\u00e9tique. Jusqu&rsquo;\u00e0 cette \u00e9poque, l&rsquo;insuline provenait de porcs et de bovins. Malgr\u00e9 toutes les mesures de s\u00e9curit\u00e9 prises lors de ce proc\u00e9d\u00e9, le risque de transmission d&rsquo;agents pathog\u00e8nes de l&rsquo;animal donneur \u00e0 l&rsquo;individu \u00e9tait toujours pr\u00e9sent. De temps \u00e0 autre, on assistait \u00e0 des incompatibilit\u00e9s, le corps humain rejetant les prot\u00e9ines \u00e9trang\u00e8res. Le g\u00e9nie g\u00e9n\u00e9tique apporta d&rsquo;autres avantages aux diab\u00e9tiques. C&rsquo;est la premi\u00e8re fois que la production d&rsquo;insuline \u00e9tait en quantit\u00e9 suffisante et que des variantes de prot\u00e9ines \u00e0 dur\u00e9e d&rsquo;action diverse purent \u00eatre d\u00e9velopp\u00e9es. De surcro\u00eet, il fut possible de produire une prot\u00e9ine insulinique correspondant exactement \u00e0 l&rsquo;insuline humaine.<\/p>\n\n\n\n<figure class=\"wp-block-image size-large\"><img decoding=\"async\" src=\"http:\/\/biotechlerncenter.interpharma.ch\/wp-content\/uploads\/sites\/4\/2020\/01\/insulinpen_dmitry_lobanov_fotolia_.jpg\" alt=\"\" class=\"wp-image-3747\"\/><figcaption>Injection d\u2019insuline.<br>\u00a9 Dmitry Lobanov, fotolia.com<\/figcaption><\/figure>\n","protected":false},"excerpt":{"rendered":"<p>L&rsquo;application des connaissances au sujet des g\u00e8nes se nomme g\u00e9nie g\u00e9n\u00e9tique. L&rsquo;exemple suivant facilitera la compr\u00e9hension de ce qu&rsquo;est le g\u00e9nie g\u00e9n\u00e9tique. Chez les diab\u00e9tiques, le corps\u00a0 produit trop peu de prot\u00e9ine insuline, ceux-ci doivent donc s&rsquo;injecter de l&rsquo;insuline presque quotidiennement. Un pas important fut franchi pour les diab\u00e9tiques lorsque, dans les ann\u00e9es 80, l&rsquo;insuline [&hellip;]<\/p>\n","protected":false},"author":1,"featured_media":0,"parent":738,"menu_order":4,"comment_status":"closed","ping_status":"closed","template":"page-templates\/unterthema.php","meta":{"_acf_changed":false,"inline_featured_image":false,"footnotes":""},"class_list":["post-702","page","type-page","status-publish","hentry"],"acf":[],"yoast_head":"<!-- This site is optimized with the Yoast SEO Premium plugin v27.2 (Yoast SEO v27.2) - https:\/\/yoast.com\/product\/yoast-seo-premium-wordpress\/ -->\n<title>5. Application des connaissances - biotechlerncenter<\/title>\n<meta name=\"robots\" content=\"index, follow, max-snippet:-1, max-image-preview:large, max-video-preview:-1\" \/>\n<link rel=\"canonical\" href=\"https:\/\/biotechlerncenter.interpharma.ch\/themen\/gentechnik\/5-wissen-anwenden\/\" \/>\n<meta property=\"og:locale\" content=\"fr_FR\" \/>\n<meta property=\"og:type\" content=\"article\" \/>\n<meta property=\"og:title\" content=\"5. Application des connaissances\" \/>\n<meta property=\"og:description\" content=\"L&rsquo;application des connaissances au sujet des g\u00e8nes se nomme g\u00e9nie g\u00e9n\u00e9tique. L&rsquo;exemple suivant facilitera la compr\u00e9hension de ce qu&rsquo;est le g\u00e9nie g\u00e9n\u00e9tique. Chez les diab\u00e9tiques, le corps\u00a0 produit trop peu de prot\u00e9ine insuline, ceux-ci doivent donc s&rsquo;injecter de l&rsquo;insuline presque quotidiennement. Un pas important fut franchi pour les diab\u00e9tiques lorsque, dans les ann\u00e9es 80, l&rsquo;insuline [&hellip;]\" \/>\n<meta property=\"og:url\" content=\"https:\/\/biotechlerncenter.interpharma.ch\/themen\/gentechnik\/5-wissen-anwenden\/\" \/>\n<meta property=\"og:site_name\" content=\"biotechlerncenter\" \/>\n<meta property=\"article:modified_time\" content=\"2026-03-13T16:17:14+00:00\" \/>\n<meta property=\"og:image\" content=\"http:\/\/biotechlerncenter.interpharma.ch\/wp-content\/uploads\/sites\/4\/2020\/01\/insulinpen_dmitry_lobanov_fotolia_.jpg\" \/>\n<meta name=\"twitter:card\" content=\"summary_large_image\" \/>\n<meta name=\"twitter:label1\" content=\"Dur\u00e9e de lecture estim\u00e9e\" \/>\n\t<meta name=\"twitter:data1\" content=\"2 minutes\" \/>\n<script type=\"application\/ld+json\" class=\"yoast-schema-graph\">{\"@context\":\"https:\/\/schema.org\",\"@graph\":[{\"@type\":\"WebPage\",\"@id\":\"https:\/\/biotechlerncenter.interpharma.ch\/themen\/gentechnik\/5-wissen-anwenden\/\",\"url\":\"https:\/\/biotechlerncenter.interpharma.ch\/themen\/gentechnik\/5-wissen-anwenden\/\",\"name\":\"5. Application des connaissances - biotechlerncenter\",\"isPartOf\":{\"@id\":\"https:\/\/biotechlerncenter.interpharma.ch\/#website\"},\"primaryImageOfPage\":{\"@id\":\"https:\/\/biotechlerncenter.interpharma.ch\/themen\/gentechnik\/5-wissen-anwenden\/#primaryimage\"},\"image\":{\"@id\":\"https:\/\/biotechlerncenter.interpharma.ch\/themen\/gentechnik\/5-wissen-anwenden\/#primaryimage\"},\"thumbnailUrl\":\"http:\/\/biotechlerncenter.interpharma.ch\/wp-content\/uploads\/sites\/4\/2020\/01\/insulinpen_dmitry_lobanov_fotolia_.jpg\",\"datePublished\":\"2026-03-12T16:26:23+00:00\",\"dateModified\":\"2026-03-13T16:17:14+00:00\",\"breadcrumb\":{\"@id\":\"https:\/\/biotechlerncenter.interpharma.ch\/themen\/gentechnik\/5-wissen-anwenden\/#breadcrumb\"},\"inLanguage\":\"fr-FR\",\"potentialAction\":[{\"@type\":\"ReadAction\",\"target\":[\"https:\/\/biotechlerncenter.interpharma.ch\/themen\/gentechnik\/5-wissen-anwenden\/\"]}]},{\"@type\":\"ImageObject\",\"inLanguage\":\"fr-FR\",\"@id\":\"https:\/\/biotechlerncenter.interpharma.ch\/themen\/gentechnik\/5-wissen-anwenden\/#primaryimage\",\"url\":\"http:\/\/biotechlerncenter.interpharma.ch\/wp-content\/uploads\/sites\/4\/2020\/01\/insulinpen_dmitry_lobanov_fotolia_.jpg\",\"contentUrl\":\"http:\/\/biotechlerncenter.interpharma.ch\/wp-content\/uploads\/sites\/4\/2020\/01\/insulinpen_dmitry_lobanov_fotolia_.jpg\"},{\"@type\":\"BreadcrumbList\",\"@id\":\"https:\/\/biotechlerncenter.interpharma.ch\/themen\/gentechnik\/5-wissen-anwenden\/#breadcrumb\",\"itemListElement\":[{\"@type\":\"ListItem\",\"position\":1,\"name\":\"Start\",\"item\":\"https:\/\/biotechlerncenter.interpharma.ch\/fr\/\"},{\"@type\":\"ListItem\",\"position\":2,\"name\":\"Sujets\",\"item\":\"https:\/\/biotechlerncenter.interpharma.ch\/fr\/sujets\/\"},{\"@type\":\"ListItem\",\"position\":3,\"name\":\"G\u00e9nie g\u00e9n\u00e9tique\",\"item\":\"https:\/\/biotechlerncenter.interpharma.ch\/fr\/sujets\/genie-genetique\/\"},{\"@type\":\"ListItem\",\"position\":4,\"name\":\"5. Application des connaissances\"}]},{\"@type\":\"WebSite\",\"@id\":\"https:\/\/biotechlerncenter.interpharma.ch\/#website\",\"url\":\"https:\/\/biotechlerncenter.interpharma.ch\/\",\"name\":\"biotechlerncenter\",\"description\":\"\",\"potentialAction\":[{\"@type\":\"SearchAction\",\"target\":{\"@type\":\"EntryPoint\",\"urlTemplate\":\"https:\/\/biotechlerncenter.interpharma.ch\/?s={search_term_string}\"},\"query-input\":{\"@type\":\"PropertyValueSpecification\",\"valueRequired\":true,\"valueName\":\"search_term_string\"}}],\"inLanguage\":\"fr-FR\"}]}<\/script>\n<!-- \/ Yoast SEO Premium plugin. -->","yoast_head_json":{"title":"5. Application des connaissances - biotechlerncenter","robots":{"index":"index","follow":"follow","max-snippet":"max-snippet:-1","max-image-preview":"max-image-preview:large","max-video-preview":"max-video-preview:-1"},"canonical":"https:\/\/biotechlerncenter.interpharma.ch\/themen\/gentechnik\/5-wissen-anwenden\/","og_locale":"fr_FR","og_type":"article","og_title":"5. Application des connaissances","og_description":"L&rsquo;application des connaissances au sujet des g\u00e8nes se nomme g\u00e9nie g\u00e9n\u00e9tique. L&rsquo;exemple suivant facilitera la compr\u00e9hension de ce qu&rsquo;est le g\u00e9nie g\u00e9n\u00e9tique. Chez les diab\u00e9tiques, le corps\u00a0 produit trop peu de prot\u00e9ine insuline, ceux-ci doivent donc s&rsquo;injecter de l&rsquo;insuline presque quotidiennement. Un pas important fut franchi pour les diab\u00e9tiques lorsque, dans les ann\u00e9es 80, l&rsquo;insuline [&hellip;]","og_url":"https:\/\/biotechlerncenter.interpharma.ch\/themen\/gentechnik\/5-wissen-anwenden\/","og_site_name":"biotechlerncenter","article_modified_time":"2026-03-13T16:17:14+00:00","og_image":[{"url":"http:\/\/biotechlerncenter.interpharma.ch\/wp-content\/uploads\/sites\/4\/2020\/01\/insulinpen_dmitry_lobanov_fotolia_.jpg","type":"","width":"","height":""}],"twitter_card":"summary_large_image","twitter_misc":{"Dur\u00e9e de lecture estim\u00e9e":"2 minutes"},"schema":{"@context":"https:\/\/schema.org","@graph":[{"@type":"WebPage","@id":"https:\/\/biotechlerncenter.interpharma.ch\/themen\/gentechnik\/5-wissen-anwenden\/","url":"https:\/\/biotechlerncenter.interpharma.ch\/themen\/gentechnik\/5-wissen-anwenden\/","name":"5. Application des connaissances - biotechlerncenter","isPartOf":{"@id":"https:\/\/biotechlerncenter.interpharma.ch\/#website"},"primaryImageOfPage":{"@id":"https:\/\/biotechlerncenter.interpharma.ch\/themen\/gentechnik\/5-wissen-anwenden\/#primaryimage"},"image":{"@id":"https:\/\/biotechlerncenter.interpharma.ch\/themen\/gentechnik\/5-wissen-anwenden\/#primaryimage"},"thumbnailUrl":"http:\/\/biotechlerncenter.interpharma.ch\/wp-content\/uploads\/sites\/4\/2020\/01\/insulinpen_dmitry_lobanov_fotolia_.jpg","datePublished":"2026-03-12T16:26:23+00:00","dateModified":"2026-03-13T16:17:14+00:00","breadcrumb":{"@id":"https:\/\/biotechlerncenter.interpharma.ch\/themen\/gentechnik\/5-wissen-anwenden\/#breadcrumb"},"inLanguage":"fr-FR","potentialAction":[{"@type":"ReadAction","target":["https:\/\/biotechlerncenter.interpharma.ch\/themen\/gentechnik\/5-wissen-anwenden\/"]}]},{"@type":"ImageObject","inLanguage":"fr-FR","@id":"https:\/\/biotechlerncenter.interpharma.ch\/themen\/gentechnik\/5-wissen-anwenden\/#primaryimage","url":"http:\/\/biotechlerncenter.interpharma.ch\/wp-content\/uploads\/sites\/4\/2020\/01\/insulinpen_dmitry_lobanov_fotolia_.jpg","contentUrl":"http:\/\/biotechlerncenter.interpharma.ch\/wp-content\/uploads\/sites\/4\/2020\/01\/insulinpen_dmitry_lobanov_fotolia_.jpg"},{"@type":"BreadcrumbList","@id":"https:\/\/biotechlerncenter.interpharma.ch\/themen\/gentechnik\/5-wissen-anwenden\/#breadcrumb","itemListElement":[{"@type":"ListItem","position":1,"name":"Start","item":"https:\/\/biotechlerncenter.interpharma.ch\/fr\/"},{"@type":"ListItem","position":2,"name":"Sujets","item":"https:\/\/biotechlerncenter.interpharma.ch\/fr\/sujets\/"},{"@type":"ListItem","position":3,"name":"G\u00e9nie g\u00e9n\u00e9tique","item":"https:\/\/biotechlerncenter.interpharma.ch\/fr\/sujets\/genie-genetique\/"},{"@type":"ListItem","position":4,"name":"5. Application des connaissances"}]},{"@type":"WebSite","@id":"https:\/\/biotechlerncenter.interpharma.ch\/#website","url":"https:\/\/biotechlerncenter.interpharma.ch\/","name":"biotechlerncenter","description":"","potentialAction":[{"@type":"SearchAction","target":{"@type":"EntryPoint","urlTemplate":"https:\/\/biotechlerncenter.interpharma.ch\/?s={search_term_string}"},"query-input":{"@type":"PropertyValueSpecification","valueRequired":true,"valueName":"search_term_string"}}],"inLanguage":"fr-FR"}]}},"_links":{"self":[{"href":"https:\/\/biotechlerncenter.interpharma.ch\/fr\/wp-json\/wp\/v2\/pages\/702","targetHints":{"allow":["GET"]}}],"collection":[{"href":"https:\/\/biotechlerncenter.interpharma.ch\/fr\/wp-json\/wp\/v2\/pages"}],"about":[{"href":"https:\/\/biotechlerncenter.interpharma.ch\/fr\/wp-json\/wp\/v2\/types\/page"}],"author":[{"embeddable":true,"href":"https:\/\/biotechlerncenter.interpharma.ch\/fr\/wp-json\/wp\/v2\/users\/1"}],"replies":[{"embeddable":true,"href":"https:\/\/biotechlerncenter.interpharma.ch\/fr\/wp-json\/wp\/v2\/comments?post=702"}],"version-history":[{"count":3,"href":"https:\/\/biotechlerncenter.interpharma.ch\/fr\/wp-json\/wp\/v2\/pages\/702\/revisions"}],"predecessor-version":[{"id":3112,"href":"https:\/\/biotechlerncenter.interpharma.ch\/fr\/wp-json\/wp\/v2\/pages\/702\/revisions\/3112"}],"up":[{"embeddable":true,"href":"https:\/\/biotechlerncenter.interpharma.ch\/fr\/wp-json\/wp\/v2\/pages\/738"}],"wp:attachment":[{"href":"https:\/\/biotechlerncenter.interpharma.ch\/fr\/wp-json\/wp\/v2\/media?parent=702"}],"curies":[{"name":"wp","href":"https:\/\/api.w.org\/{rel}","templated":true}]}}