{"id":694,"date":"2026-03-12T17:26:23","date_gmt":"2026-03-12T16:26:23","guid":{"rendered":"https:\/\/biotechlerncenter.iph-multisite.berta-bewegt.ch\/?page_id=694"},"modified":"2026-03-13T17:15:51","modified_gmt":"2026-03-13T16:15:51","slug":"3-dechiffrage-des-elements-de-letre-humain","status":"publish","type":"page","link":"https:\/\/biotechlerncenter.interpharma.ch\/fr\/sujets\/genie-genetique\/3-dechiffrage-des-elements-de-letre-humain\/","title":{"rendered":"3. D\u00e9chiffrage des \u00e9l\u00e9ments de l&rsquo;\u00eatre humain"},"content":{"rendered":"\n<p>Les g\u00e8nes sont des segments sur le brin d&rsquo;ADN qui contiennent l&rsquo;information servant \u00e0 la formation des prot\u00e9ines. Il y a quelques ann\u00e9es, nous pensions que l&rsquo;individu poss\u00e9dait 100&rsquo;000 g\u00e8nes voire plus. Depuis 2003, nous savons toutefois qu&rsquo;il n&rsquo;existe que 28&rsquo;000 g\u00e8nes environ (cf. encadr\u00e9 \u00abLa course aux g\u00e8nes\u00bb). A titre de comparaison: la bact\u00e9rie Escherichia coli se trouvant dans l&rsquo;intestin poss\u00e8de 4&rsquo;500 g\u00e8nes, le n\u00e9matode Caenorhabditis elegans en a quelques 19&rsquo;000. La plante arabette des dames Arabidopsis thaliana en poss\u00e8de 25&rsquo;500, presque autant que l&rsquo;\u00eatre humain. L&rsquo;ensemble des g\u00e8nes forment le g\u00e9nome, l&rsquo;ensemble de tous les g\u00e8nes d&rsquo;un \u00eatre vivant.<\/p>\n\n\n\n<div class=\"wp-block-group has-my-grey-background-color has-background\"><div class=\"wp-block-group__inner-container is-layout-flow wp-block-group-is-layout-flow\">\n<h2 class=\"wp-block-heading\"><strong>La course aux g\u00e8nes<\/strong><\/h2>\n\n\n\n<p>Nous connaissons le nombre de g\u00e8nes de l&rsquo;\u00eatre humain gr\u00e2ce \u00e0 l&rsquo;immense projet de recherche appel\u00e9 \u00abHuman Genome Project\u00bb (HGP). Durant les 30 premi\u00e8res ann\u00e9es du projet, seuls quelques rares chercheurs ont tent\u00e9 de d\u00e9chiffrer les plus de trois milliards d&rsquo;\u00e9l\u00e9ments constituant l&rsquo;individu, par contre vers la fin de ce projet, quelques 2&rsquo;800 chercheurs dans 20 centres de recherche au niveau mondial s&rsquo;y sont adonn\u00e9s. Ceux-ci n&rsquo;ont pas seulement d\u00e9termin\u00e9 le nombre approximatif des g\u00e8nes mais \u00e9galement leur emplacement sur les chromosomes. Le d\u00e9chiffrage du g\u00e9nome humain donna \u00e9galement lieu \u00e0 la course la plus excitante de l&rsquo;histoire scientifique puisque en plus du projet HGP financ\u00e9 publiquement, des chercheurs de l&rsquo;entreprise priv\u00e9e Celera tent\u00e8rent de rendre publique la structure g\u00e9n\u00e9tique. La course se termina de fa\u00e7on ind\u00e9termin\u00e9e: en 2001, les deux institutions ont publi\u00e9 en commun une premi\u00e8re version non compl\u00e8te du g\u00e9nome. Deux ann\u00e9es plus tard suivit une version quasi compl\u00e8te. Il en r\u00e9sulta la suite sp\u00e9cifique des 3,2 milliards de composantes. L&rsquo;ensemble des A, C, T et G rempliraient environ 1&rsquo;000 fois le volume de la Bible.<\/p>\n<\/div><\/div>\n\n\n\n<p>La technique par laquelle les chercheurs d\u00e9terminent la succession des quatre \u00e9l\u00e9ments sur le brin d&rsquo;ADN s&rsquo;appelle s\u00e9quencer. Il y a dix ans, s\u00e9quencer exigeait encore beaucoup de travail. De nos jours, des machines \u00e0 s\u00e9quencer enti\u00e8rement automatis\u00e9es ont pris la rel\u00e8ve et elles peuvent d\u00e9terminer de plus en plus rapidement et de plus en plus pr\u00e9cis\u00e9ment la s\u00e9quence des paires de base.<\/p>\n\n\n\n<figure class=\"wp-block-image size-large\"><img decoding=\"async\" src=\"http:\/\/biotechlerncenter.interpharma.ch\/wp-content\/uploads\/sites\/4\/2020\/01\/istock_000000450171_900.jpg\" alt=\"\" class=\"wp-image-3765\"\/><figcaption>Apr\u00e8s le s\u00e9quen\u00e7age, un chercheur va d\u00e9crypter la suite de A, C, T et G.<\/figcaption><\/figure>\n","protected":false},"excerpt":{"rendered":"<p>Les g\u00e8nes sont des segments sur le brin d&rsquo;ADN qui contiennent l&rsquo;information servant \u00e0 la formation des prot\u00e9ines. Il y a quelques ann\u00e9es, nous pensions que l&rsquo;individu poss\u00e9dait 100&rsquo;000 g\u00e8nes voire plus. Depuis 2003, nous savons toutefois qu&rsquo;il n&rsquo;existe que 28&rsquo;000 g\u00e8nes environ (cf. encadr\u00e9 \u00abLa course aux g\u00e8nes\u00bb). A titre de comparaison: la bact\u00e9rie [&hellip;]<\/p>\n","protected":false},"author":1,"featured_media":0,"parent":738,"menu_order":2,"comment_status":"closed","ping_status":"closed","template":"page-templates\/unterthema.php","meta":{"_acf_changed":false,"inline_featured_image":false,"footnotes":""},"class_list":["post-694","page","type-page","status-publish","hentry"],"acf":[],"yoast_head":"<!-- This site is optimized with the Yoast SEO Premium plugin v27.2 (Yoast SEO v27.2) - https:\/\/yoast.com\/product\/yoast-seo-premium-wordpress\/ -->\n<title>3. D\u00e9chiffrage des \u00e9l\u00e9ments de l&#039;\u00eatre humain - biotechlerncenter<\/title>\n<meta name=\"robots\" content=\"index, follow, max-snippet:-1, max-image-preview:large, max-video-preview:-1\" \/>\n<link rel=\"canonical\" href=\"https:\/\/biotechlerncenter.interpharma.ch\/fr\/sujets\/genie-genetique\/3-dechiffrage-des-elements-de-letre-humain\/\" \/>\n<meta property=\"og:locale\" content=\"fr_FR\" \/>\n<meta property=\"og:type\" content=\"article\" \/>\n<meta property=\"og:title\" content=\"3. D\u00e9chiffrage des \u00e9l\u00e9ments de l&#039;\u00eatre humain\" \/>\n<meta property=\"og:description\" content=\"Les g\u00e8nes sont des segments sur le brin d&rsquo;ADN qui contiennent l&rsquo;information servant \u00e0 la formation des prot\u00e9ines. Il y a quelques ann\u00e9es, nous pensions que l&rsquo;individu poss\u00e9dait 100&rsquo;000 g\u00e8nes voire plus. Depuis 2003, nous savons toutefois qu&rsquo;il n&rsquo;existe que 28&rsquo;000 g\u00e8nes environ (cf. encadr\u00e9 \u00abLa course aux g\u00e8nes\u00bb). A titre de comparaison: la bact\u00e9rie [&hellip;]\" \/>\n<meta property=\"og:url\" content=\"https:\/\/biotechlerncenter.interpharma.ch\/fr\/sujets\/genie-genetique\/3-dechiffrage-des-elements-de-letre-humain\/\" \/>\n<meta property=\"og:site_name\" content=\"biotechlerncenter\" \/>\n<meta property=\"article:modified_time\" content=\"2026-03-13T16:15:51+00:00\" \/>\n<meta property=\"og:image\" content=\"http:\/\/biotechlerncenter.interpharma.ch\/wp-content\/uploads\/sites\/4\/2020\/01\/istock_000000450171_900.jpg\" \/>\n<meta name=\"twitter:card\" content=\"summary_large_image\" \/>\n<meta name=\"twitter:label1\" content=\"Dur\u00e9e de lecture estim\u00e9e\" \/>\n\t<meta name=\"twitter:data1\" content=\"3 minutes\" \/>\n<script type=\"application\/ld+json\" class=\"yoast-schema-graph\">{\"@context\":\"https:\/\/schema.org\",\"@graph\":[{\"@type\":\"WebPage\",\"@id\":\"https:\/\/biotechlerncenter.interpharma.ch\/fr\/sujets\/genie-genetique\/3-dechiffrage-des-elements-de-letre-humain\/\",\"url\":\"https:\/\/biotechlerncenter.interpharma.ch\/fr\/sujets\/genie-genetique\/3-dechiffrage-des-elements-de-letre-humain\/\",\"name\":\"3. D\u00e9chiffrage des \u00e9l\u00e9ments de l'\u00eatre humain - biotechlerncenter\",\"isPartOf\":{\"@id\":\"https:\/\/biotechlerncenter.interpharma.ch\/#website\"},\"primaryImageOfPage\":{\"@id\":\"https:\/\/biotechlerncenter.interpharma.ch\/fr\/sujets\/genie-genetique\/3-dechiffrage-des-elements-de-letre-humain\/#primaryimage\"},\"image\":{\"@id\":\"https:\/\/biotechlerncenter.interpharma.ch\/fr\/sujets\/genie-genetique\/3-dechiffrage-des-elements-de-letre-humain\/#primaryimage\"},\"thumbnailUrl\":\"http:\/\/biotechlerncenter.interpharma.ch\/wp-content\/uploads\/sites\/4\/2020\/01\/istock_000000450171_900.jpg\",\"datePublished\":\"2026-03-12T16:26:23+00:00\",\"dateModified\":\"2026-03-13T16:15:51+00:00\",\"breadcrumb\":{\"@id\":\"https:\/\/biotechlerncenter.interpharma.ch\/fr\/sujets\/genie-genetique\/3-dechiffrage-des-elements-de-letre-humain\/#breadcrumb\"},\"inLanguage\":\"fr-FR\",\"potentialAction\":[{\"@type\":\"ReadAction\",\"target\":[\"https:\/\/biotechlerncenter.interpharma.ch\/fr\/sujets\/genie-genetique\/3-dechiffrage-des-elements-de-letre-humain\/\"]}]},{\"@type\":\"ImageObject\",\"inLanguage\":\"fr-FR\",\"@id\":\"https:\/\/biotechlerncenter.interpharma.ch\/fr\/sujets\/genie-genetique\/3-dechiffrage-des-elements-de-letre-humain\/#primaryimage\",\"url\":\"http:\/\/biotechlerncenter.interpharma.ch\/wp-content\/uploads\/sites\/4\/2020\/01\/istock_000000450171_900.jpg\",\"contentUrl\":\"http:\/\/biotechlerncenter.interpharma.ch\/wp-content\/uploads\/sites\/4\/2020\/01\/istock_000000450171_900.jpg\"},{\"@type\":\"BreadcrumbList\",\"@id\":\"https:\/\/biotechlerncenter.interpharma.ch\/fr\/sujets\/genie-genetique\/3-dechiffrage-des-elements-de-letre-humain\/#breadcrumb\",\"itemListElement\":[{\"@type\":\"ListItem\",\"position\":1,\"name\":\"Start\",\"item\":\"https:\/\/biotechlerncenter.interpharma.ch\/fr\/\"},{\"@type\":\"ListItem\",\"position\":2,\"name\":\"Sujets\",\"item\":\"https:\/\/biotechlerncenter.interpharma.ch\/fr\/sujets\/\"},{\"@type\":\"ListItem\",\"position\":3,\"name\":\"G\u00e9nie g\u00e9n\u00e9tique\",\"item\":\"https:\/\/biotechlerncenter.interpharma.ch\/fr\/sujets\/genie-genetique\/\"},{\"@type\":\"ListItem\",\"position\":4,\"name\":\"3. D\u00e9chiffrage des \u00e9l\u00e9ments de l&rsquo;\u00eatre humain\"}]},{\"@type\":\"WebSite\",\"@id\":\"https:\/\/biotechlerncenter.interpharma.ch\/#website\",\"url\":\"https:\/\/biotechlerncenter.interpharma.ch\/\",\"name\":\"biotechlerncenter\",\"description\":\"\",\"potentialAction\":[{\"@type\":\"SearchAction\",\"target\":{\"@type\":\"EntryPoint\",\"urlTemplate\":\"https:\/\/biotechlerncenter.interpharma.ch\/?s={search_term_string}\"},\"query-input\":{\"@type\":\"PropertyValueSpecification\",\"valueRequired\":true,\"valueName\":\"search_term_string\"}}],\"inLanguage\":\"fr-FR\"}]}<\/script>\n<!-- \/ Yoast SEO Premium plugin. -->","yoast_head_json":{"title":"3. D\u00e9chiffrage des \u00e9l\u00e9ments de l'\u00eatre humain - biotechlerncenter","robots":{"index":"index","follow":"follow","max-snippet":"max-snippet:-1","max-image-preview":"max-image-preview:large","max-video-preview":"max-video-preview:-1"},"canonical":"https:\/\/biotechlerncenter.interpharma.ch\/fr\/sujets\/genie-genetique\/3-dechiffrage-des-elements-de-letre-humain\/","og_locale":"fr_FR","og_type":"article","og_title":"3. D\u00e9chiffrage des \u00e9l\u00e9ments de l'\u00eatre humain","og_description":"Les g\u00e8nes sont des segments sur le brin d&rsquo;ADN qui contiennent l&rsquo;information servant \u00e0 la formation des prot\u00e9ines. Il y a quelques ann\u00e9es, nous pensions que l&rsquo;individu poss\u00e9dait 100&rsquo;000 g\u00e8nes voire plus. Depuis 2003, nous savons toutefois qu&rsquo;il n&rsquo;existe que 28&rsquo;000 g\u00e8nes environ (cf. encadr\u00e9 \u00abLa course aux g\u00e8nes\u00bb). A titre de comparaison: la bact\u00e9rie [&hellip;]","og_url":"https:\/\/biotechlerncenter.interpharma.ch\/fr\/sujets\/genie-genetique\/3-dechiffrage-des-elements-de-letre-humain\/","og_site_name":"biotechlerncenter","article_modified_time":"2026-03-13T16:15:51+00:00","og_image":[{"url":"http:\/\/biotechlerncenter.interpharma.ch\/wp-content\/uploads\/sites\/4\/2020\/01\/istock_000000450171_900.jpg","type":"","width":"","height":""}],"twitter_card":"summary_large_image","twitter_misc":{"Dur\u00e9e de lecture estim\u00e9e":"3 minutes"},"schema":{"@context":"https:\/\/schema.org","@graph":[{"@type":"WebPage","@id":"https:\/\/biotechlerncenter.interpharma.ch\/fr\/sujets\/genie-genetique\/3-dechiffrage-des-elements-de-letre-humain\/","url":"https:\/\/biotechlerncenter.interpharma.ch\/fr\/sujets\/genie-genetique\/3-dechiffrage-des-elements-de-letre-humain\/","name":"3. D\u00e9chiffrage des \u00e9l\u00e9ments de l'\u00eatre humain - biotechlerncenter","isPartOf":{"@id":"https:\/\/biotechlerncenter.interpharma.ch\/#website"},"primaryImageOfPage":{"@id":"https:\/\/biotechlerncenter.interpharma.ch\/fr\/sujets\/genie-genetique\/3-dechiffrage-des-elements-de-letre-humain\/#primaryimage"},"image":{"@id":"https:\/\/biotechlerncenter.interpharma.ch\/fr\/sujets\/genie-genetique\/3-dechiffrage-des-elements-de-letre-humain\/#primaryimage"},"thumbnailUrl":"http:\/\/biotechlerncenter.interpharma.ch\/wp-content\/uploads\/sites\/4\/2020\/01\/istock_000000450171_900.jpg","datePublished":"2026-03-12T16:26:23+00:00","dateModified":"2026-03-13T16:15:51+00:00","breadcrumb":{"@id":"https:\/\/biotechlerncenter.interpharma.ch\/fr\/sujets\/genie-genetique\/3-dechiffrage-des-elements-de-letre-humain\/#breadcrumb"},"inLanguage":"fr-FR","potentialAction":[{"@type":"ReadAction","target":["https:\/\/biotechlerncenter.interpharma.ch\/fr\/sujets\/genie-genetique\/3-dechiffrage-des-elements-de-letre-humain\/"]}]},{"@type":"ImageObject","inLanguage":"fr-FR","@id":"https:\/\/biotechlerncenter.interpharma.ch\/fr\/sujets\/genie-genetique\/3-dechiffrage-des-elements-de-letre-humain\/#primaryimage","url":"http:\/\/biotechlerncenter.interpharma.ch\/wp-content\/uploads\/sites\/4\/2020\/01\/istock_000000450171_900.jpg","contentUrl":"http:\/\/biotechlerncenter.interpharma.ch\/wp-content\/uploads\/sites\/4\/2020\/01\/istock_000000450171_900.jpg"},{"@type":"BreadcrumbList","@id":"https:\/\/biotechlerncenter.interpharma.ch\/fr\/sujets\/genie-genetique\/3-dechiffrage-des-elements-de-letre-humain\/#breadcrumb","itemListElement":[{"@type":"ListItem","position":1,"name":"Start","item":"https:\/\/biotechlerncenter.interpharma.ch\/fr\/"},{"@type":"ListItem","position":2,"name":"Sujets","item":"https:\/\/biotechlerncenter.interpharma.ch\/fr\/sujets\/"},{"@type":"ListItem","position":3,"name":"G\u00e9nie g\u00e9n\u00e9tique","item":"https:\/\/biotechlerncenter.interpharma.ch\/fr\/sujets\/genie-genetique\/"},{"@type":"ListItem","position":4,"name":"3. D\u00e9chiffrage des \u00e9l\u00e9ments de l&rsquo;\u00eatre humain"}]},{"@type":"WebSite","@id":"https:\/\/biotechlerncenter.interpharma.ch\/#website","url":"https:\/\/biotechlerncenter.interpharma.ch\/","name":"biotechlerncenter","description":"","potentialAction":[{"@type":"SearchAction","target":{"@type":"EntryPoint","urlTemplate":"https:\/\/biotechlerncenter.interpharma.ch\/?s={search_term_string}"},"query-input":{"@type":"PropertyValueSpecification","valueRequired":true,"valueName":"search_term_string"}}],"inLanguage":"fr-FR"}]}},"_links":{"self":[{"href":"https:\/\/biotechlerncenter.interpharma.ch\/fr\/wp-json\/wp\/v2\/pages\/694","targetHints":{"allow":["GET"]}}],"collection":[{"href":"https:\/\/biotechlerncenter.interpharma.ch\/fr\/wp-json\/wp\/v2\/pages"}],"about":[{"href":"https:\/\/biotechlerncenter.interpharma.ch\/fr\/wp-json\/wp\/v2\/types\/page"}],"author":[{"embeddable":true,"href":"https:\/\/biotechlerncenter.interpharma.ch\/fr\/wp-json\/wp\/v2\/users\/1"}],"replies":[{"embeddable":true,"href":"https:\/\/biotechlerncenter.interpharma.ch\/fr\/wp-json\/wp\/v2\/comments?post=694"}],"version-history":[{"count":3,"href":"https:\/\/biotechlerncenter.interpharma.ch\/fr\/wp-json\/wp\/v2\/pages\/694\/revisions"}],"predecessor-version":[{"id":3105,"href":"https:\/\/biotechlerncenter.interpharma.ch\/fr\/wp-json\/wp\/v2\/pages\/694\/revisions\/3105"}],"up":[{"embeddable":true,"href":"https:\/\/biotechlerncenter.interpharma.ch\/fr\/wp-json\/wp\/v2\/pages\/738"}],"wp:attachment":[{"href":"https:\/\/biotechlerncenter.interpharma.ch\/fr\/wp-json\/wp\/v2\/media?parent=694"}],"curies":[{"name":"wp","href":"https:\/\/api.w.org\/{rel}","templated":true}]}}