{"id":690,"date":"2026-03-12T17:26:23","date_gmt":"2026-03-12T16:26:23","guid":{"rendered":"https:\/\/biotechlerncenter.iph-multisite.berta-bewegt.ch\/?page_id=690"},"modified":"2026-03-12T17:26:23","modified_gmt":"2026-03-12T16:26:23","slug":"2-un-diametre-de-2-nanometres-seulement-mais-une-longueur-de-deux-metres","status":"publish","type":"page","link":"https:\/\/biotechlerncenter.interpharma.ch\/fr\/sujets\/genie-genetique\/2-un-diametre-de-2-nanometres-seulement-mais-une-longueur-de-deux-metres\/","title":{"rendered":"2. Un diam\u00e8tre de 2 nanom\u00e8tres seulement mais une longueur de deux m\u00e8tres"},"content":{"rendered":"\n<p>Chaque chromosome est compos\u00e9 d&rsquo;un seul brin d&rsquo;ADN long de quelques centim\u00e8tres et de diverses prot\u00e9ines (nomm\u00e9es histones) autour desquelles l&rsquo;ADN est enroul\u00e9 (cf. film: DNA Chromosome Wrapping). L&rsquo;ADN est le mat\u00e9riel, la substance chimique, dont sont faits les g\u00e8nes. ADN signifie&nbsp;<strong>a<\/strong>cide&nbsp;<strong>d<\/strong>\u00e9soxyribo<strong>n<\/strong>ucl\u00e9ique. Si l&rsquo;on mettait les 46 brins d&rsquo;ADN qui sont r\u00e9partis sur les chromosomes d&rsquo;un noyau cellulaire l&rsquo;un derri\u00e8re l&rsquo;autre, le fil ainsi constitu\u00e9 mesurerait 2 m\u00e8tres mais n&rsquo;aurait qu&rsquo;un minuscule diam\u00e8tre de 2 nanom\u00e8tres (10<sup>-9<\/sup>&nbsp;m\u00e8tres).<\/p>\n\n\n\n<figure class=\"wp-block-embed-youtube wp-block-embed is-type-video is-provider-youtube wp-embed-aspect-16-9 wp-has-aspect-ratio\"><div class=\"wp-block-embed__wrapper\">\n<iframe loading=\"lazy\" title=\"L&#039;ADN dans les chromosomes - Interpharma\" width=\"500\" height=\"281\" src=\"https:\/\/www.youtube.com\/embed\/N7PChkZOud4?feature=oembed\" frameborder=\"0\" allow=\"accelerometer; autoplay; clipboard-write; encrypted-media; gyroscope; picture-in-picture; web-share\" referrerpolicy=\"strict-origin-when-cross-origin\" allowfullscreen><\/iframe>\n<\/div><figcaption>La fa\u00e7on dont l&rsquo;ADN va \u00eatre empaquet\u00e9 dans les chromosomes.<\/figcaption><\/figure>\n\n\n\n<p>Lors d&rsquo;une observation plus pr\u00e9cise, nous pouvons remarquer que le brin d&rsquo;ADN est en fait constitu\u00e9 de deux moiti\u00e9s s&rsquo;enroulant l&rsquo;une autour de l&rsquo;autre telle une \u00e9chelle de cordes, on parle ainsi de forme en double h\u00e9lice (cf. la s\u00e9quence du film: DNA unzip). Les cordages forment une sorte de colonne vert\u00e9brale constitu\u00e9e par un phosphate et un sucre: un sucre (d\u00e9soxyribose) et un groupe de phosphate s&rsquo;apparient de fa\u00e7on altern\u00e9e. Mais pour les biologistes, les \u00e9chelons s&rsquo;av\u00e8rent plus int\u00e9ressants: ils sont compos\u00e9s de quatre bases, l&rsquo;ad\u00e9nine, la cytosine, la thymine et la guanine, abr\u00e9g\u00e9es par A, C, T, G. A chaque \u00e9chelon, on va assister \u00e0 un appariement soit de A et de T, soit de C et de G. Les&nbsp; quatre composantes A, T, C et G constituent l&rsquo;alphabet des g\u00e8nes qui est comparable \u00e0 notre alphabet. Notre alphabet est compos\u00e9 de 26 lettres. L&rsquo;alphabet des g\u00e8nes est compos\u00e9 de quatre lettres et traduit l&rsquo;information g\u00e9n\u00e9tique pour former la structure des prot\u00e9ines.<\/p>\n\n\n\n<p>Le brin d&rsquo;ADN est une succession d&rsquo;\u00e9l\u00e9ments A, C, T et G. Le g\u00e8ne de l&rsquo;h\u00e9moglobine commence par exemple par: CCCTGTGGAGCCACACCCTAG&#8230;et contient en tout&nbsp; 43&rsquo;000 \u00e9l\u00e9ments. Depuis 2003, les chercheurs connaissent le nombre total d&rsquo;\u00e9l\u00e9ments qui peuvent prendre place sur le brin d&rsquo;ADN de l&rsquo;\u00eatre humain, long de deux m\u00e8tres: 3,2 milliards d&rsquo;\u00e9l\u00e9ments.<\/p>\n\n\n\n<figure class=\"wp-block-embed-youtube wp-block-embed is-type-video is-provider-youtube wp-embed-aspect-4-3 wp-has-aspect-ratio\"><div class=\"wp-block-embed__wrapper\">\n<iframe loading=\"lazy\" title=\"ADN d\u00e9roul\u00e9 et s\u00e9par\u00e9 en deux brins - Interpharma\" width=\"500\" height=\"375\" src=\"https:\/\/www.youtube.com\/embed\/ua4nTu9S2uo?feature=oembed\" frameborder=\"0\" allow=\"accelerometer; autoplay; clipboard-write; encrypted-media; gyroscope; picture-in-picture; web-share\" referrerpolicy=\"strict-origin-when-cross-origin\" allowfullscreen><\/iframe>\n<\/div><figcaption>L&rsquo;ADN va \u00eatre d\u00e9roul\u00e9 et s\u00e9par\u00e9 en deux brins.<\/figcaption><\/figure>\n\n\n\n<div class=\"wp-block-group has-my-grey-background-color has-background\"><div class=\"wp-block-group__inner-container is-layout-flow wp-block-group-is-layout-flow\">\n<h2 class=\"wp-block-heading\"><strong>ADN inutile ?<\/strong><\/h2>\n\n\n\n<p>L&rsquo;information n&rsquo;est pas contenue dans tous les fragments de l&rsquo;ADN. Il est m\u00eame surprenant de savoir que plus de 95% de l&rsquo;ADN ne contient aucune information. C&rsquo;est pourquoi, cette partie est appel\u00e9e \u00abJunk-DNA\u00bb, d\u00e9chet d&rsquo;ADN. Durant ces derni\u00e8res ann\u00e9es pourtant, les chercheurs ont toujours trouv\u00e9 de nouvelles fonctions pour cet ADN pr\u00e9tendu inutile. Ce sujet n&rsquo;est pas d\u00e9finitivement r\u00e9solu.<\/p>\n<\/div><\/div>\n\n\n\n<p><\/p>\n","protected":false},"excerpt":{"rendered":"<p>Chaque chromosome est compos\u00e9 d&rsquo;un seul brin d&rsquo;ADN long de quelques centim\u00e8tres et de diverses prot\u00e9ines (nomm\u00e9es histones) autour desquelles l&rsquo;ADN est enroul\u00e9 (cf. film: DNA Chromosome Wrapping). L&rsquo;ADN est le mat\u00e9riel, la substance chimique, dont sont faits les g\u00e8nes. ADN signifie&nbsp;acide&nbsp;d\u00e9soxyribonucl\u00e9ique. Si l&rsquo;on mettait les 46 brins d&rsquo;ADN qui sont r\u00e9partis sur les chromosomes [&hellip;]<\/p>\n","protected":false},"author":1,"featured_media":0,"parent":738,"menu_order":1,"comment_status":"closed","ping_status":"closed","template":"page-templates\/unterthema.php","meta":{"_acf_changed":false,"inline_featured_image":false,"footnotes":""},"class_list":["post-690","page","type-page","status-publish","hentry"],"acf":[],"yoast_head":"<!-- This site is optimized with the Yoast SEO Premium plugin v27.2 (Yoast SEO v27.2) - https:\/\/yoast.com\/product\/yoast-seo-premium-wordpress\/ -->\n<title>2. Un diam\u00e8tre de 2 nanom\u00e8tres seulement mais une longueur de deux m\u00e8tres - biotechlerncenter<\/title>\n<meta name=\"robots\" content=\"index, follow, max-snippet:-1, max-image-preview:large, max-video-preview:-1\" \/>\n<link rel=\"canonical\" href=\"https:\/\/biotechlerncenter.interpharma.ch\/fr\/sujets\/genie-genetique\/2-un-diametre-de-2-nanometres-seulement-mais-une-longueur-de-deux-metres\/\" \/>\n<meta property=\"og:locale\" content=\"fr_FR\" \/>\n<meta property=\"og:type\" content=\"article\" \/>\n<meta property=\"og:title\" content=\"2. Un diam\u00e8tre de 2 nanom\u00e8tres seulement mais une longueur de deux m\u00e8tres\" \/>\n<meta property=\"og:description\" content=\"Chaque chromosome est compos\u00e9 d&rsquo;un seul brin d&rsquo;ADN long de quelques centim\u00e8tres et de diverses prot\u00e9ines (nomm\u00e9es histones) autour desquelles l&rsquo;ADN est enroul\u00e9 (cf. film: DNA Chromosome Wrapping). L&rsquo;ADN est le mat\u00e9riel, la substance chimique, dont sont faits les g\u00e8nes. ADN signifie&nbsp;acide&nbsp;d\u00e9soxyribonucl\u00e9ique. Si l&rsquo;on mettait les 46 brins d&rsquo;ADN qui sont r\u00e9partis sur les chromosomes [&hellip;]\" \/>\n<meta property=\"og:url\" content=\"https:\/\/biotechlerncenter.interpharma.ch\/fr\/sujets\/genie-genetique\/2-un-diametre-de-2-nanometres-seulement-mais-une-longueur-de-deux-metres\/\" \/>\n<meta property=\"og:site_name\" content=\"biotechlerncenter\" \/>\n<meta name=\"twitter:card\" content=\"summary_large_image\" \/>\n<meta name=\"twitter:label1\" content=\"Dur\u00e9e de lecture estim\u00e9e\" \/>\n\t<meta name=\"twitter:data1\" content=\"2 minutes\" \/>\n<script type=\"application\/ld+json\" class=\"yoast-schema-graph\">{\"@context\":\"https:\/\/schema.org\",\"@graph\":[{\"@type\":\"WebPage\",\"@id\":\"https:\/\/biotechlerncenter.interpharma.ch\/fr\/sujets\/genie-genetique\/2-un-diametre-de-2-nanometres-seulement-mais-une-longueur-de-deux-metres\/\",\"url\":\"https:\/\/biotechlerncenter.interpharma.ch\/fr\/sujets\/genie-genetique\/2-un-diametre-de-2-nanometres-seulement-mais-une-longueur-de-deux-metres\/\",\"name\":\"2. Un diam\u00e8tre de 2 nanom\u00e8tres seulement mais une longueur de deux m\u00e8tres - biotechlerncenter\",\"isPartOf\":{\"@id\":\"https:\/\/biotechlerncenter.interpharma.ch\/#website\"},\"datePublished\":\"2026-03-12T16:26:23+00:00\",\"breadcrumb\":{\"@id\":\"https:\/\/biotechlerncenter.interpharma.ch\/fr\/sujets\/genie-genetique\/2-un-diametre-de-2-nanometres-seulement-mais-une-longueur-de-deux-metres\/#breadcrumb\"},\"inLanguage\":\"fr-FR\",\"potentialAction\":[{\"@type\":\"ReadAction\",\"target\":[\"https:\/\/biotechlerncenter.interpharma.ch\/fr\/sujets\/genie-genetique\/2-un-diametre-de-2-nanometres-seulement-mais-une-longueur-de-deux-metres\/\"]}]},{\"@type\":\"BreadcrumbList\",\"@id\":\"https:\/\/biotechlerncenter.interpharma.ch\/fr\/sujets\/genie-genetique\/2-un-diametre-de-2-nanometres-seulement-mais-une-longueur-de-deux-metres\/#breadcrumb\",\"itemListElement\":[{\"@type\":\"ListItem\",\"position\":1,\"name\":\"Start\",\"item\":\"https:\/\/biotechlerncenter.interpharma.ch\/fr\/\"},{\"@type\":\"ListItem\",\"position\":2,\"name\":\"Sujets\",\"item\":\"https:\/\/biotechlerncenter.interpharma.ch\/fr\/sujets\/\"},{\"@type\":\"ListItem\",\"position\":3,\"name\":\"G\u00e9nie g\u00e9n\u00e9tique\",\"item\":\"https:\/\/biotechlerncenter.interpharma.ch\/fr\/sujets\/genie-genetique\/\"},{\"@type\":\"ListItem\",\"position\":4,\"name\":\"2. Un diam\u00e8tre de 2 nanom\u00e8tres seulement mais une longueur de deux m\u00e8tres\"}]},{\"@type\":\"WebSite\",\"@id\":\"https:\/\/biotechlerncenter.interpharma.ch\/#website\",\"url\":\"https:\/\/biotechlerncenter.interpharma.ch\/\",\"name\":\"biotechlerncenter\",\"description\":\"\",\"potentialAction\":[{\"@type\":\"SearchAction\",\"target\":{\"@type\":\"EntryPoint\",\"urlTemplate\":\"https:\/\/biotechlerncenter.interpharma.ch\/?s={search_term_string}\"},\"query-input\":{\"@type\":\"PropertyValueSpecification\",\"valueRequired\":true,\"valueName\":\"search_term_string\"}}],\"inLanguage\":\"fr-FR\"}]}<\/script>\n<!-- \/ Yoast SEO Premium plugin. -->","yoast_head_json":{"title":"2. Un diam\u00e8tre de 2 nanom\u00e8tres seulement mais une longueur de deux m\u00e8tres - biotechlerncenter","robots":{"index":"index","follow":"follow","max-snippet":"max-snippet:-1","max-image-preview":"max-image-preview:large","max-video-preview":"max-video-preview:-1"},"canonical":"https:\/\/biotechlerncenter.interpharma.ch\/fr\/sujets\/genie-genetique\/2-un-diametre-de-2-nanometres-seulement-mais-une-longueur-de-deux-metres\/","og_locale":"fr_FR","og_type":"article","og_title":"2. Un diam\u00e8tre de 2 nanom\u00e8tres seulement mais une longueur de deux m\u00e8tres","og_description":"Chaque chromosome est compos\u00e9 d&rsquo;un seul brin d&rsquo;ADN long de quelques centim\u00e8tres et de diverses prot\u00e9ines (nomm\u00e9es histones) autour desquelles l&rsquo;ADN est enroul\u00e9 (cf. film: DNA Chromosome Wrapping). L&rsquo;ADN est le mat\u00e9riel, la substance chimique, dont sont faits les g\u00e8nes. ADN signifie&nbsp;acide&nbsp;d\u00e9soxyribonucl\u00e9ique. Si l&rsquo;on mettait les 46 brins d&rsquo;ADN qui sont r\u00e9partis sur les chromosomes [&hellip;]","og_url":"https:\/\/biotechlerncenter.interpharma.ch\/fr\/sujets\/genie-genetique\/2-un-diametre-de-2-nanometres-seulement-mais-une-longueur-de-deux-metres\/","og_site_name":"biotechlerncenter","twitter_card":"summary_large_image","twitter_misc":{"Dur\u00e9e de lecture estim\u00e9e":"2 minutes"},"schema":{"@context":"https:\/\/schema.org","@graph":[{"@type":"WebPage","@id":"https:\/\/biotechlerncenter.interpharma.ch\/fr\/sujets\/genie-genetique\/2-un-diametre-de-2-nanometres-seulement-mais-une-longueur-de-deux-metres\/","url":"https:\/\/biotechlerncenter.interpharma.ch\/fr\/sujets\/genie-genetique\/2-un-diametre-de-2-nanometres-seulement-mais-une-longueur-de-deux-metres\/","name":"2. Un diam\u00e8tre de 2 nanom\u00e8tres seulement mais une longueur de deux m\u00e8tres - biotechlerncenter","isPartOf":{"@id":"https:\/\/biotechlerncenter.interpharma.ch\/#website"},"datePublished":"2026-03-12T16:26:23+00:00","breadcrumb":{"@id":"https:\/\/biotechlerncenter.interpharma.ch\/fr\/sujets\/genie-genetique\/2-un-diametre-de-2-nanometres-seulement-mais-une-longueur-de-deux-metres\/#breadcrumb"},"inLanguage":"fr-FR","potentialAction":[{"@type":"ReadAction","target":["https:\/\/biotechlerncenter.interpharma.ch\/fr\/sujets\/genie-genetique\/2-un-diametre-de-2-nanometres-seulement-mais-une-longueur-de-deux-metres\/"]}]},{"@type":"BreadcrumbList","@id":"https:\/\/biotechlerncenter.interpharma.ch\/fr\/sujets\/genie-genetique\/2-un-diametre-de-2-nanometres-seulement-mais-une-longueur-de-deux-metres\/#breadcrumb","itemListElement":[{"@type":"ListItem","position":1,"name":"Start","item":"https:\/\/biotechlerncenter.interpharma.ch\/fr\/"},{"@type":"ListItem","position":2,"name":"Sujets","item":"https:\/\/biotechlerncenter.interpharma.ch\/fr\/sujets\/"},{"@type":"ListItem","position":3,"name":"G\u00e9nie g\u00e9n\u00e9tique","item":"https:\/\/biotechlerncenter.interpharma.ch\/fr\/sujets\/genie-genetique\/"},{"@type":"ListItem","position":4,"name":"2. Un diam\u00e8tre de 2 nanom\u00e8tres seulement mais une longueur de deux m\u00e8tres"}]},{"@type":"WebSite","@id":"https:\/\/biotechlerncenter.interpharma.ch\/#website","url":"https:\/\/biotechlerncenter.interpharma.ch\/","name":"biotechlerncenter","description":"","potentialAction":[{"@type":"SearchAction","target":{"@type":"EntryPoint","urlTemplate":"https:\/\/biotechlerncenter.interpharma.ch\/?s={search_term_string}"},"query-input":{"@type":"PropertyValueSpecification","valueRequired":true,"valueName":"search_term_string"}}],"inLanguage":"fr-FR"}]}},"_links":{"self":[{"href":"https:\/\/biotechlerncenter.interpharma.ch\/fr\/wp-json\/wp\/v2\/pages\/690","targetHints":{"allow":["GET"]}}],"collection":[{"href":"https:\/\/biotechlerncenter.interpharma.ch\/fr\/wp-json\/wp\/v2\/pages"}],"about":[{"href":"https:\/\/biotechlerncenter.interpharma.ch\/fr\/wp-json\/wp\/v2\/types\/page"}],"author":[{"embeddable":true,"href":"https:\/\/biotechlerncenter.interpharma.ch\/fr\/wp-json\/wp\/v2\/users\/1"}],"replies":[{"embeddable":true,"href":"https:\/\/biotechlerncenter.interpharma.ch\/fr\/wp-json\/wp\/v2\/comments?post=690"}],"version-history":[{"count":1,"href":"https:\/\/biotechlerncenter.interpharma.ch\/fr\/wp-json\/wp\/v2\/pages\/690\/revisions"}],"predecessor-version":[{"id":691,"href":"https:\/\/biotechlerncenter.interpharma.ch\/fr\/wp-json\/wp\/v2\/pages\/690\/revisions\/691"}],"up":[{"embeddable":true,"href":"https:\/\/biotechlerncenter.interpharma.ch\/fr\/wp-json\/wp\/v2\/pages\/738"}],"wp:attachment":[{"href":"https:\/\/biotechlerncenter.interpharma.ch\/fr\/wp-json\/wp\/v2\/media?parent=690"}],"curies":[{"name":"wp","href":"https:\/\/api.w.org\/{rel}","templated":true}]}}