{"id":672,"date":"2026-03-12T17:26:21","date_gmt":"2026-03-12T16:26:21","guid":{"rendered":"https:\/\/biotechlerncenter.iph-multisite.berta-bewegt.ch\/?page_id=672"},"modified":"2026-03-12T17:26:22","modified_gmt":"2026-03-12T16:26:22","slug":"5-scenario-catastrophe","status":"publish","type":"page","link":"https:\/\/biotechlerncenter.interpharma.ch\/fr\/sujets\/juste-un-virus-a-petits-virus-grands-effets\/5-scenario-catastrophe\/","title":{"rendered":"5. Sc\u00e9nario catastrophe"},"content":{"rendered":"\n<p>Les chercheurs sont toujours inquiets \u00e0 la perspective d\u2019un prochain grand renouvellement de la garde-robe du virus de la grippe. Le pire sc\u00e9nario imaginable serait un nouveau virus de forte l\u00e9talit\u00e9, facilement transmissible d\u2019un \u00eatre humain \u00e0 l\u2019autre. Un tel agent pathog\u00e8ne pourrait avoir des cons\u00e9quences dramatiques que l\u2019on peut s\u2019imaginer ainsi: les gens ne vont plus au cin\u00e9ma ni au restaurant, \u00e9vitent de prendre le tram et le train, les liaisons a\u00e9riennes sont supprim\u00e9es, on ferme les cantines et les jardins d\u2019enfants. Les gens portent des masques et des gants et se tiennent \u00e0 distance d\u2019autrui pour se prot\u00e9ger. Dans les entreprises, jusqu\u2019\u00e0 40% des employ\u00e9s sont absents, soit parce qu\u2019ils sont malades, soit parce qu\u2019ils s\u2019occupent de leur fils ou de leur grand-m\u00e8re malade. Tel pourrait \u00eatre un sc\u00e9nario catastrophe.<\/p>\n\n\n\n<p>Les autorit\u00e9s et de nombreuses entreprises ont donc \u00e9labor\u00e9 des plans en cas de pand\u00e9mie afin d\u2019\u00eatre pr\u00e9par\u00e9es \u00e0 une telle \u00e9ventualit\u00e9. Ces plans pr\u00e9voient diverses mesures \u00e0 prendre en cas de pand\u00e9mie (mesures d\u2019hygi\u00e8ne par exemple). De m\u00eame, les fabricants de vaccins sont toujours sur le qui-vive et pr\u00eats \u00e0 \u00e9laborer rapidement un vaccin en cas d\u2019apparition d\u2019un nouvel agent pathog\u00e8ne. Cependant, ceci prend plusieurs mois\u2026<\/p>\n\n\n\n<p>Personne ne peut pr\u00e9dire si un tel sc\u00e9nario catastrophe va se produire et si oui, quand. Ce qui est s\u00fbr, c\u2019est que ces derni\u00e8res d\u00e9cennies, la recherche a acquis beaucoup de nouvelles connaissances sur le virus et qu\u2019elle peut les utiliser pour le combattre.<\/p>\n\n\n\n<div class=\"wp-block-group has-my-grey-background-color has-background\"><div class=\"wp-block-group__inner-container is-layout-flow wp-block-group-is-layout-flow\">\n<p><strong>Le porc en tant que \u00abmelting-pot\u00bb<\/strong><\/p>\n\n\n\n<p>Le porc peut \u00eatre touch\u00e9 par diff\u00e9rents virus de la grippe, que ce soit par contact avec des oiseaux ou des \u00eatre humains contamin\u00e9s. Les virus qui se multiplient chez le porc peuvent \u00e0 leur tour contaminer des oiseaux ou des \u00eatres humains. C\u2019est pourquoi on dit que le porc joue un r\u00f4le de \u00abmelting-pot\u00bb. De nouveaux types de virus peuvent appara\u00eetre chez lui: si le porc est atteint en m\u00eame temps de plusieurs virus d\u2019origines diff\u00e9rentes, de nouvelles variantes virales peuvent appara\u00eetre par recombinaison (cassure antig\u00e9nique). Ceci est d\u2019autant plus facile que le g\u00e9nome du virus se compose de huit brins d\u2019ARN distincts.<\/p>\n<\/div><\/div>\n","protected":false},"excerpt":{"rendered":"<p>Les chercheurs sont toujours inquiets \u00e0 la perspective d\u2019un prochain grand renouvellement de la garde-robe du virus de la grippe. Le pire sc\u00e9nario imaginable serait un nouveau virus de forte l\u00e9talit\u00e9, facilement transmissible d\u2019un \u00eatre humain \u00e0 l\u2019autre. Un tel agent pathog\u00e8ne pourrait avoir des cons\u00e9quences dramatiques que l\u2019on peut s\u2019imaginer ainsi: les gens ne [&hellip;]<\/p>\n","protected":false},"author":1,"featured_media":0,"parent":686,"menu_order":4,"comment_status":"closed","ping_status":"closed","template":"page-templates\/unterthema.php","meta":{"_acf_changed":false,"inline_featured_image":false,"footnotes":""},"class_list":["post-672","page","type-page","status-publish","hentry"],"acf":[],"yoast_head":"<!-- This site is optimized with the Yoast SEO Premium plugin v27.2 (Yoast SEO v27.2) - https:\/\/yoast.com\/product\/yoast-seo-premium-wordpress\/ -->\n<title>5. Sc\u00e9nario catastrophe - biotechlerncenter<\/title>\n<meta name=\"robots\" content=\"index, follow, max-snippet:-1, max-image-preview:large, max-video-preview:-1\" \/>\n<link rel=\"canonical\" href=\"https:\/\/biotechlerncenter.interpharma.ch\/themen\/vereinfachte-darstellung-des-influenza-virus\/5-worst-case-szenario\/\" \/>\n<meta property=\"og:locale\" content=\"fr_FR\" \/>\n<meta property=\"og:type\" content=\"article\" \/>\n<meta property=\"og:title\" content=\"5. Sc\u00e9nario catastrophe\" \/>\n<meta property=\"og:description\" content=\"Les chercheurs sont toujours inquiets \u00e0 la perspective d\u2019un prochain grand renouvellement de la garde-robe du virus de la grippe. Le pire sc\u00e9nario imaginable serait un nouveau virus de forte l\u00e9talit\u00e9, facilement transmissible d\u2019un \u00eatre humain \u00e0 l\u2019autre. Un tel agent pathog\u00e8ne pourrait avoir des cons\u00e9quences dramatiques que l\u2019on peut s\u2019imaginer ainsi: les gens ne [&hellip;]\" \/>\n<meta property=\"og:url\" content=\"https:\/\/biotechlerncenter.interpharma.ch\/themen\/vereinfachte-darstellung-des-influenza-virus\/5-worst-case-szenario\/\" \/>\n<meta property=\"og:site_name\" content=\"biotechlerncenter\" \/>\n<meta property=\"article:modified_time\" content=\"2026-03-12T16:26:22+00:00\" \/>\n<meta name=\"twitter:card\" content=\"summary_large_image\" \/>\n<meta name=\"twitter:label1\" content=\"Dur\u00e9e de lecture estim\u00e9e\" \/>\n\t<meta name=\"twitter:data1\" content=\"2 minutes\" \/>\n<script type=\"application\/ld+json\" class=\"yoast-schema-graph\">{\"@context\":\"https:\/\/schema.org\",\"@graph\":[{\"@type\":\"WebPage\",\"@id\":\"https:\/\/biotechlerncenter.interpharma.ch\/themen\/vereinfachte-darstellung-des-influenza-virus\/5-worst-case-szenario\/\",\"url\":\"https:\/\/biotechlerncenter.interpharma.ch\/themen\/vereinfachte-darstellung-des-influenza-virus\/5-worst-case-szenario\/\",\"name\":\"5. Sc\u00e9nario catastrophe - biotechlerncenter\",\"isPartOf\":{\"@id\":\"https:\/\/biotechlerncenter.interpharma.ch\/#website\"},\"datePublished\":\"2026-03-12T16:26:21+00:00\",\"dateModified\":\"2026-03-12T16:26:22+00:00\",\"breadcrumb\":{\"@id\":\"https:\/\/biotechlerncenter.interpharma.ch\/themen\/vereinfachte-darstellung-des-influenza-virus\/5-worst-case-szenario\/#breadcrumb\"},\"inLanguage\":\"fr-FR\",\"potentialAction\":[{\"@type\":\"ReadAction\",\"target\":[\"https:\/\/biotechlerncenter.interpharma.ch\/themen\/vereinfachte-darstellung-des-influenza-virus\/5-worst-case-szenario\/\"]}]},{\"@type\":\"BreadcrumbList\",\"@id\":\"https:\/\/biotechlerncenter.interpharma.ch\/themen\/vereinfachte-darstellung-des-influenza-virus\/5-worst-case-szenario\/#breadcrumb\",\"itemListElement\":[{\"@type\":\"ListItem\",\"position\":1,\"name\":\"Start\",\"item\":\"https:\/\/biotechlerncenter.interpharma.ch\/fr\/\"},{\"@type\":\"ListItem\",\"position\":2,\"name\":\"Sujets\",\"item\":\"https:\/\/biotechlerncenter.interpharma.ch\/fr\/sujets\/\"},{\"@type\":\"ListItem\",\"position\":3,\"name\":\"Juste un virus! A petits virus &#8211; grands effets\",\"item\":\"https:\/\/biotechlerncenter.interpharma.ch\/fr\/sujets\/juste-un-virus-a-petits-virus-grands-effets\/\"},{\"@type\":\"ListItem\",\"position\":4,\"name\":\"5. Sc\u00e9nario catastrophe\"}]},{\"@type\":\"WebSite\",\"@id\":\"https:\/\/biotechlerncenter.interpharma.ch\/#website\",\"url\":\"https:\/\/biotechlerncenter.interpharma.ch\/\",\"name\":\"biotechlerncenter\",\"description\":\"\",\"potentialAction\":[{\"@type\":\"SearchAction\",\"target\":{\"@type\":\"EntryPoint\",\"urlTemplate\":\"https:\/\/biotechlerncenter.interpharma.ch\/?s={search_term_string}\"},\"query-input\":{\"@type\":\"PropertyValueSpecification\",\"valueRequired\":true,\"valueName\":\"search_term_string\"}}],\"inLanguage\":\"fr-FR\"}]}<\/script>\n<!-- \/ Yoast SEO Premium plugin. -->","yoast_head_json":{"title":"5. Sc\u00e9nario catastrophe - biotechlerncenter","robots":{"index":"index","follow":"follow","max-snippet":"max-snippet:-1","max-image-preview":"max-image-preview:large","max-video-preview":"max-video-preview:-1"},"canonical":"https:\/\/biotechlerncenter.interpharma.ch\/themen\/vereinfachte-darstellung-des-influenza-virus\/5-worst-case-szenario\/","og_locale":"fr_FR","og_type":"article","og_title":"5. Sc\u00e9nario catastrophe","og_description":"Les chercheurs sont toujours inquiets \u00e0 la perspective d\u2019un prochain grand renouvellement de la garde-robe du virus de la grippe. Le pire sc\u00e9nario imaginable serait un nouveau virus de forte l\u00e9talit\u00e9, facilement transmissible d\u2019un \u00eatre humain \u00e0 l\u2019autre. Un tel agent pathog\u00e8ne pourrait avoir des cons\u00e9quences dramatiques que l\u2019on peut s\u2019imaginer ainsi: les gens ne [&hellip;]","og_url":"https:\/\/biotechlerncenter.interpharma.ch\/themen\/vereinfachte-darstellung-des-influenza-virus\/5-worst-case-szenario\/","og_site_name":"biotechlerncenter","article_modified_time":"2026-03-12T16:26:22+00:00","twitter_card":"summary_large_image","twitter_misc":{"Dur\u00e9e de lecture estim\u00e9e":"2 minutes"},"schema":{"@context":"https:\/\/schema.org","@graph":[{"@type":"WebPage","@id":"https:\/\/biotechlerncenter.interpharma.ch\/themen\/vereinfachte-darstellung-des-influenza-virus\/5-worst-case-szenario\/","url":"https:\/\/biotechlerncenter.interpharma.ch\/themen\/vereinfachte-darstellung-des-influenza-virus\/5-worst-case-szenario\/","name":"5. Sc\u00e9nario catastrophe - biotechlerncenter","isPartOf":{"@id":"https:\/\/biotechlerncenter.interpharma.ch\/#website"},"datePublished":"2026-03-12T16:26:21+00:00","dateModified":"2026-03-12T16:26:22+00:00","breadcrumb":{"@id":"https:\/\/biotechlerncenter.interpharma.ch\/themen\/vereinfachte-darstellung-des-influenza-virus\/5-worst-case-szenario\/#breadcrumb"},"inLanguage":"fr-FR","potentialAction":[{"@type":"ReadAction","target":["https:\/\/biotechlerncenter.interpharma.ch\/themen\/vereinfachte-darstellung-des-influenza-virus\/5-worst-case-szenario\/"]}]},{"@type":"BreadcrumbList","@id":"https:\/\/biotechlerncenter.interpharma.ch\/themen\/vereinfachte-darstellung-des-influenza-virus\/5-worst-case-szenario\/#breadcrumb","itemListElement":[{"@type":"ListItem","position":1,"name":"Start","item":"https:\/\/biotechlerncenter.interpharma.ch\/fr\/"},{"@type":"ListItem","position":2,"name":"Sujets","item":"https:\/\/biotechlerncenter.interpharma.ch\/fr\/sujets\/"},{"@type":"ListItem","position":3,"name":"Juste un virus! A petits virus &#8211; grands effets","item":"https:\/\/biotechlerncenter.interpharma.ch\/fr\/sujets\/juste-un-virus-a-petits-virus-grands-effets\/"},{"@type":"ListItem","position":4,"name":"5. Sc\u00e9nario catastrophe"}]},{"@type":"WebSite","@id":"https:\/\/biotechlerncenter.interpharma.ch\/#website","url":"https:\/\/biotechlerncenter.interpharma.ch\/","name":"biotechlerncenter","description":"","potentialAction":[{"@type":"SearchAction","target":{"@type":"EntryPoint","urlTemplate":"https:\/\/biotechlerncenter.interpharma.ch\/?s={search_term_string}"},"query-input":{"@type":"PropertyValueSpecification","valueRequired":true,"valueName":"search_term_string"}}],"inLanguage":"fr-FR"}]}},"_links":{"self":[{"href":"https:\/\/biotechlerncenter.interpharma.ch\/fr\/wp-json\/wp\/v2\/pages\/672","targetHints":{"allow":["GET"]}}],"collection":[{"href":"https:\/\/biotechlerncenter.interpharma.ch\/fr\/wp-json\/wp\/v2\/pages"}],"about":[{"href":"https:\/\/biotechlerncenter.interpharma.ch\/fr\/wp-json\/wp\/v2\/types\/page"}],"author":[{"embeddable":true,"href":"https:\/\/biotechlerncenter.interpharma.ch\/fr\/wp-json\/wp\/v2\/users\/1"}],"replies":[{"embeddable":true,"href":"https:\/\/biotechlerncenter.interpharma.ch\/fr\/wp-json\/wp\/v2\/comments?post=672"}],"version-history":[{"count":1,"href":"https:\/\/biotechlerncenter.interpharma.ch\/fr\/wp-json\/wp\/v2\/pages\/672\/revisions"}],"predecessor-version":[{"id":673,"href":"https:\/\/biotechlerncenter.interpharma.ch\/fr\/wp-json\/wp\/v2\/pages\/672\/revisions\/673"}],"up":[{"embeddable":true,"href":"https:\/\/biotechlerncenter.interpharma.ch\/fr\/wp-json\/wp\/v2\/pages\/686"}],"wp:attachment":[{"href":"https:\/\/biotechlerncenter.interpharma.ch\/fr\/wp-json\/wp\/v2\/media?parent=672"}],"curies":[{"name":"wp","href":"https:\/\/api.w.org\/{rel}","templated":true}]}}