{"id":660,"date":"2026-03-12T17:26:21","date_gmt":"2026-03-12T16:26:21","guid":{"rendered":"https:\/\/biotechlerncenter.iph-multisite.berta-bewegt.ch\/?page_id=660"},"modified":"2026-03-13T17:10:07","modified_gmt":"2026-03-13T16:10:07","slug":"2-structure-du-virus-grippal","status":"publish","type":"page","link":"https:\/\/biotechlerncenter.interpharma.ch\/fr\/sujets\/juste-un-virus-a-petits-virus-grands-effets\/2-structure-du-virus-grippal\/","title":{"rendered":"2. Structure du virus grippal"},"content":{"rendered":"\n<h2 class=\"wp-block-heading\"><strong>L\u2019enveloppe<\/strong><\/h2>\n\n\n\n<p>Le virus de la grippe est entour\u00e9 d\u2019une membrane mince comme une bulle de savon. La membrane prot\u00e8ge non seulement le g\u00e9nome qu\u2019elle renferme ainsi que les prot\u00e9ines virales, mais elle aide aussi le virus \u00e0 d\u00e9jouer le syst\u00e8me immunitaire de son h\u00f4te et \u00e0 p\u00e9n\u00e9trer dans les cellules de l\u2019organisme. Il n\u2019est donc pas \u00e9tonnant que la plupart des virus vraiment dangereux pour l\u2019\u00eatre humain soient entour\u00e9s d\u2019une membrane.<\/p>\n\n\n\n<h2 class=\"wp-block-heading\"><strong>Les spicules<\/strong><\/h2>\n\n\n\n<p>Deux prot\u00e9ines sont int\u00e9gr\u00e9es \u00e0 la membrane virale et leurs t\u00eates d\u00e9passent de la membrane comme des \u00abpiquants\u00bb appel\u00e9s spicules: l\u2019h\u00e9magglutinine (HA) et la neuraminidase (NA) (pour les spicules, cf. illustration). L\u2019HA aide le virus \u00e0 p\u00e9n\u00e9trer dans les cellules de l\u2019organisme. Cette prot\u00e9ine agit comme une cl\u00e9 qui correspond \u00e0 la serrure (r\u00e9cepteur) de la cellule h\u00f4te. C\u2019est ainsi que le virus acc\u00e8de subrepticement \u00e0 la cellule et peut y mettre en route sa reproduction.<br>L\u2019HA existe sous diff\u00e9rentes formes qui contribuent \u00e0 d\u00e9terminer l\u2019agressivit\u00e9 du type de virus. En effet, normalement, le virus de la grippe s\u2019attaque aux bronches ou aux poumons, mais il existe des souches tr\u00e8s agressives qui s\u2019installent dans d\u2019autres tissus de l\u2019organisme et sont encore plus dangereuses pour l\u2019\u00eatre humain.<br>La NA a une autre fonction: il s\u2019agit d\u2019une enzyme qui permet aux virus n\u00e9oform\u00e9s de quitter la cellule h\u00f4te.<\/p>\n\n\n\n<div class=\"wp-block-group has-my-grey-background-color has-background\"><div class=\"wp-block-group__inner-container is-layout-flow wp-block-group-is-layout-flow\">\n<h2 class=\"wp-block-heading\"><strong>L\u2019HA et la NA connaissent des mutations fr\u00e9quentes!<\/strong><\/h2>\n\n\n\n<p>Les virus de la grippe introduisent aussi dans les cellules h\u00f4tes des ARN polym\u00e9rases sans lesquelles ils ne peuvent se multiplier. Les ARN polym\u00e9rases ne travaillent pas tr\u00e8s soigneusement: au cours de la synth\u00e8se, elles introduisent souvent des bases inappropri\u00e9es. Les ADN polym\u00e9rases ont un m\u00e9canisme de correction qui rem\u00e9die \u00e0 ces erreurs. Mais un tel m\u00e9canisme fait d\u00e9faut dans les ARN polym\u00e9rases de sorte que leur taux d\u2019erreurs est plus \u00e9lev\u00e9. Ceci est la principale raison pour laquelle les virus \u00e0 ARN mutent tr\u00e8s rapidement, de sorte qu\u2019il faut \u00e9laborer chaque ann\u00e9e un nouveau vaccin contre la grippe.<\/p>\n<\/div><\/div>\n\n\n\n<h2 class=\"wp-block-heading\"><strong>Le g\u00e9nome<\/strong><\/h2>\n\n\n\n<p>Le g\u00e9nome contient toutes les informations permettant de produire de nouveaux virus, r\u00e9parties sur huit brins d\u2019ARN distincts. Ces brins permettent de produire jusqu\u2019\u00e0 onze prot\u00e9ines.<\/p>\n\n\n\n<h2 class=\"wp-block-heading\"><strong>Les prot\u00e9ines internes<\/strong><\/h2>\n\n\n\n<p>Les particules virales contiennent aussi des prot\u00e9ines importantes, par exemple le complexe de l\u2019ARN polym\u00e9rase, responsable de la multiplication des brins d\u2019ARN.<\/p>\n\n\n\n<div class=\"wp-block-group has-my-grey-background-color has-background\"><div class=\"wp-block-group__inner-container is-layout-flow wp-block-group-is-layout-flow\">\n<h2 class=\"wp-block-heading\"><strong>D\u00e9signation des virus grippaux<\/strong><\/h2>\n\n\n\n<p>Dans le cas de la grippe A, on conna\u00eet 16 sous-types de HA (de H1 \u00e0 H16) et 9 sous-types de NA (de N1 \u00e0 N9). La grippe A touche surtout les oiseaux mais elle a d\u00e9j\u00e0 \u00e9t\u00e9 mise en \u00e9vidence \u00e9galement chez d\u2019autres esp\u00e8ces animales telles le porc, le cheval, le chat, le phoque ou la baleine. Certains types de grippe ont d\u00e9j\u00e0 \u00e9t\u00e9 identifi\u00e9s chez l\u2019\u00eatre humain, en particulier les virus H1N1, H2N2 et H3N2. La grippe B ne se manifeste par contre que chez l\u2019homme et on n\u2019y distingue pas de sous-types de HA et NA.<\/p>\n\n\n\n<p>La d\u00e9signation des souches de virus (sous-types) est construite de la fa\u00e7on suivante:<\/p>\n\n\n\n<ul class=\"wp-block-list\"><li>Grippe A ou B<\/li><li>Origine (quelle esp\u00e8ce animale? En l\u2019absence de pr\u00e9cision, l\u2019origine est l\u2019homme.)<\/li><li>Lieu de la premi\u00e8re isolation (pays ou ville)<\/li><li>Num\u00e9ro de r\u00e9f\u00e9rence (donn\u00e9 par les laboratoires)<\/li><li>Ann\u00e9e de l\u2019isolation<\/li><li>Sous-type ajout\u00e9 entre parenth\u00e8ses (H N)<\/li><\/ul>\n\n\n\n<p>Exemples:<\/p>\n\n\n\n<ul class=\"wp-block-list\"><li>A\/Suisse\/7729\/98 (H3N2)<\/li><li>A\/porc\/Iowa\/157\/30 (H1N1)<\/li><li>A\/Porto Rico\/8\/34 (H1N1)<\/li><li>B\/Yamagata\/16\/88<\/li><\/ul>\n<\/div><\/div>\n\n\n\n<figure class=\"wp-block-image size-large\"><img decoding=\"async\" src=\"https:\/\/biotechlerncenter.interpharma.ch\/wp-content\/uploads\/sites\/4\/2020\/01\/image007-1024x724.png\" alt=\"\" class=\"wp-image-3806\"\/><figcaption>Structure du virus grippal<\/figcaption><\/figure>\n\n\n\n<figure class=\"wp-block-image size-large\"><img decoding=\"async\" src=\"http:\/\/biotechlerncenter.interpharma.ch\/wp-content\/uploads\/sites\/4\/2020\/01\/image005.png\" alt=\"\" class=\"wp-image-3815\"\/><figcaption>Virus grippal au microscope \u00e9lectronique<br>\u00a9 Norbert Bannert, Lars M\u00f6ller (2007)\/RKI<\/figcaption><\/figure>\n","protected":false},"excerpt":{"rendered":"<p>L\u2019enveloppe Le virus de la grippe est entour\u00e9 d\u2019une membrane mince comme une bulle de savon. La membrane prot\u00e8ge non seulement le g\u00e9nome qu\u2019elle renferme ainsi que les prot\u00e9ines virales, mais elle aide aussi le virus \u00e0 d\u00e9jouer le syst\u00e8me immunitaire de son h\u00f4te et \u00e0 p\u00e9n\u00e9trer dans les cellules de l\u2019organisme. Il n\u2019est donc [&hellip;]<\/p>\n","protected":false},"author":1,"featured_media":0,"parent":686,"menu_order":1,"comment_status":"closed","ping_status":"closed","template":"page-templates\/unterthema.php","meta":{"_acf_changed":false,"inline_featured_image":false,"footnotes":""},"class_list":["post-660","page","type-page","status-publish","hentry"],"acf":[],"yoast_head":"<!-- This site is optimized with the Yoast SEO Premium plugin v27.2 (Yoast SEO v27.2) - https:\/\/yoast.com\/product\/yoast-seo-premium-wordpress\/ -->\n<title>2. Structure du virus grippal - biotechlerncenter<\/title>\n<meta name=\"robots\" content=\"index, follow, max-snippet:-1, max-image-preview:large, max-video-preview:-1\" \/>\n<link rel=\"canonical\" href=\"https:\/\/biotechlerncenter.interpharma.ch\/themen\/vereinfachte-darstellung-des-influenza-virus\/2-aufbau-des-influenza-virus\/\" \/>\n<meta property=\"og:locale\" content=\"fr_FR\" \/>\n<meta property=\"og:type\" content=\"article\" \/>\n<meta property=\"og:title\" content=\"2. Structure du virus grippal\" \/>\n<meta property=\"og:description\" content=\"L\u2019enveloppe Le virus de la grippe est entour\u00e9 d\u2019une membrane mince comme une bulle de savon. La membrane prot\u00e8ge non seulement le g\u00e9nome qu\u2019elle renferme ainsi que les prot\u00e9ines virales, mais elle aide aussi le virus \u00e0 d\u00e9jouer le syst\u00e8me immunitaire de son h\u00f4te et \u00e0 p\u00e9n\u00e9trer dans les cellules de l\u2019organisme. Il n\u2019est donc [&hellip;]\" \/>\n<meta property=\"og:url\" content=\"https:\/\/biotechlerncenter.interpharma.ch\/themen\/vereinfachte-darstellung-des-influenza-virus\/2-aufbau-des-influenza-virus\/\" \/>\n<meta property=\"og:site_name\" content=\"biotechlerncenter\" \/>\n<meta property=\"article:modified_time\" content=\"2026-03-13T16:10:07+00:00\" \/>\n<meta property=\"og:image\" content=\"https:\/\/biotechlerncenter.interpharma.ch\/wp-content\/uploads\/sites\/4\/2020\/01\/image007-1024x724.png\" \/>\n<meta name=\"twitter:card\" content=\"summary_large_image\" \/>\n<meta name=\"twitter:label1\" content=\"Dur\u00e9e de lecture estim\u00e9e\" \/>\n\t<meta name=\"twitter:data1\" content=\"4 minutes\" \/>\n<script type=\"application\/ld+json\" class=\"yoast-schema-graph\">{\"@context\":\"https:\/\/schema.org\",\"@graph\":[{\"@type\":\"WebPage\",\"@id\":\"https:\/\/biotechlerncenter.interpharma.ch\/themen\/vereinfachte-darstellung-des-influenza-virus\/2-aufbau-des-influenza-virus\/\",\"url\":\"https:\/\/biotechlerncenter.interpharma.ch\/themen\/vereinfachte-darstellung-des-influenza-virus\/2-aufbau-des-influenza-virus\/\",\"name\":\"2. Structure du virus grippal - biotechlerncenter\",\"isPartOf\":{\"@id\":\"https:\/\/biotechlerncenter.interpharma.ch\/#website\"},\"primaryImageOfPage\":{\"@id\":\"https:\/\/biotechlerncenter.interpharma.ch\/themen\/vereinfachte-darstellung-des-influenza-virus\/2-aufbau-des-influenza-virus\/#primaryimage\"},\"image\":{\"@id\":\"https:\/\/biotechlerncenter.interpharma.ch\/themen\/vereinfachte-darstellung-des-influenza-virus\/2-aufbau-des-influenza-virus\/#primaryimage\"},\"thumbnailUrl\":\"https:\/\/biotechlerncenter.interpharma.ch\/wp-content\/uploads\/sites\/4\/2020\/01\/image007-1024x724.png\",\"datePublished\":\"2026-03-12T16:26:21+00:00\",\"dateModified\":\"2026-03-13T16:10:07+00:00\",\"breadcrumb\":{\"@id\":\"https:\/\/biotechlerncenter.interpharma.ch\/themen\/vereinfachte-darstellung-des-influenza-virus\/2-aufbau-des-influenza-virus\/#breadcrumb\"},\"inLanguage\":\"fr-FR\",\"potentialAction\":[{\"@type\":\"ReadAction\",\"target\":[\"https:\/\/biotechlerncenter.interpharma.ch\/themen\/vereinfachte-darstellung-des-influenza-virus\/2-aufbau-des-influenza-virus\/\"]}]},{\"@type\":\"ImageObject\",\"inLanguage\":\"fr-FR\",\"@id\":\"https:\/\/biotechlerncenter.interpharma.ch\/themen\/vereinfachte-darstellung-des-influenza-virus\/2-aufbau-des-influenza-virus\/#primaryimage\",\"url\":\"https:\/\/biotechlerncenter.interpharma.ch\/wp-content\/uploads\/sites\/4\/2020\/01\/image007-1024x724.png\",\"contentUrl\":\"https:\/\/biotechlerncenter.interpharma.ch\/wp-content\/uploads\/sites\/4\/2020\/01\/image007-1024x724.png\"},{\"@type\":\"BreadcrumbList\",\"@id\":\"https:\/\/biotechlerncenter.interpharma.ch\/themen\/vereinfachte-darstellung-des-influenza-virus\/2-aufbau-des-influenza-virus\/#breadcrumb\",\"itemListElement\":[{\"@type\":\"ListItem\",\"position\":1,\"name\":\"Start\",\"item\":\"https:\/\/biotechlerncenter.interpharma.ch\/fr\/\"},{\"@type\":\"ListItem\",\"position\":2,\"name\":\"Sujets\",\"item\":\"https:\/\/biotechlerncenter.interpharma.ch\/fr\/sujets\/\"},{\"@type\":\"ListItem\",\"position\":3,\"name\":\"Juste un virus! A petits virus &#8211; grands effets\",\"item\":\"https:\/\/biotechlerncenter.interpharma.ch\/fr\/sujets\/juste-un-virus-a-petits-virus-grands-effets\/\"},{\"@type\":\"ListItem\",\"position\":4,\"name\":\"2. Structure du virus grippal\"}]},{\"@type\":\"WebSite\",\"@id\":\"https:\/\/biotechlerncenter.interpharma.ch\/#website\",\"url\":\"https:\/\/biotechlerncenter.interpharma.ch\/\",\"name\":\"biotechlerncenter\",\"description\":\"\",\"potentialAction\":[{\"@type\":\"SearchAction\",\"target\":{\"@type\":\"EntryPoint\",\"urlTemplate\":\"https:\/\/biotechlerncenter.interpharma.ch\/?s={search_term_string}\"},\"query-input\":{\"@type\":\"PropertyValueSpecification\",\"valueRequired\":true,\"valueName\":\"search_term_string\"}}],\"inLanguage\":\"fr-FR\"}]}<\/script>\n<!-- \/ Yoast SEO Premium plugin. -->","yoast_head_json":{"title":"2. Structure du virus grippal - biotechlerncenter","robots":{"index":"index","follow":"follow","max-snippet":"max-snippet:-1","max-image-preview":"max-image-preview:large","max-video-preview":"max-video-preview:-1"},"canonical":"https:\/\/biotechlerncenter.interpharma.ch\/themen\/vereinfachte-darstellung-des-influenza-virus\/2-aufbau-des-influenza-virus\/","og_locale":"fr_FR","og_type":"article","og_title":"2. Structure du virus grippal","og_description":"L\u2019enveloppe Le virus de la grippe est entour\u00e9 d\u2019une membrane mince comme une bulle de savon. La membrane prot\u00e8ge non seulement le g\u00e9nome qu\u2019elle renferme ainsi que les prot\u00e9ines virales, mais elle aide aussi le virus \u00e0 d\u00e9jouer le syst\u00e8me immunitaire de son h\u00f4te et \u00e0 p\u00e9n\u00e9trer dans les cellules de l\u2019organisme. Il n\u2019est donc [&hellip;]","og_url":"https:\/\/biotechlerncenter.interpharma.ch\/themen\/vereinfachte-darstellung-des-influenza-virus\/2-aufbau-des-influenza-virus\/","og_site_name":"biotechlerncenter","article_modified_time":"2026-03-13T16:10:07+00:00","og_image":[{"url":"https:\/\/biotechlerncenter.interpharma.ch\/wp-content\/uploads\/sites\/4\/2020\/01\/image007-1024x724.png","type":"","width":"","height":""}],"twitter_card":"summary_large_image","twitter_misc":{"Dur\u00e9e de lecture estim\u00e9e":"4 minutes"},"schema":{"@context":"https:\/\/schema.org","@graph":[{"@type":"WebPage","@id":"https:\/\/biotechlerncenter.interpharma.ch\/themen\/vereinfachte-darstellung-des-influenza-virus\/2-aufbau-des-influenza-virus\/","url":"https:\/\/biotechlerncenter.interpharma.ch\/themen\/vereinfachte-darstellung-des-influenza-virus\/2-aufbau-des-influenza-virus\/","name":"2. Structure du virus grippal - biotechlerncenter","isPartOf":{"@id":"https:\/\/biotechlerncenter.interpharma.ch\/#website"},"primaryImageOfPage":{"@id":"https:\/\/biotechlerncenter.interpharma.ch\/themen\/vereinfachte-darstellung-des-influenza-virus\/2-aufbau-des-influenza-virus\/#primaryimage"},"image":{"@id":"https:\/\/biotechlerncenter.interpharma.ch\/themen\/vereinfachte-darstellung-des-influenza-virus\/2-aufbau-des-influenza-virus\/#primaryimage"},"thumbnailUrl":"https:\/\/biotechlerncenter.interpharma.ch\/wp-content\/uploads\/sites\/4\/2020\/01\/image007-1024x724.png","datePublished":"2026-03-12T16:26:21+00:00","dateModified":"2026-03-13T16:10:07+00:00","breadcrumb":{"@id":"https:\/\/biotechlerncenter.interpharma.ch\/themen\/vereinfachte-darstellung-des-influenza-virus\/2-aufbau-des-influenza-virus\/#breadcrumb"},"inLanguage":"fr-FR","potentialAction":[{"@type":"ReadAction","target":["https:\/\/biotechlerncenter.interpharma.ch\/themen\/vereinfachte-darstellung-des-influenza-virus\/2-aufbau-des-influenza-virus\/"]}]},{"@type":"ImageObject","inLanguage":"fr-FR","@id":"https:\/\/biotechlerncenter.interpharma.ch\/themen\/vereinfachte-darstellung-des-influenza-virus\/2-aufbau-des-influenza-virus\/#primaryimage","url":"https:\/\/biotechlerncenter.interpharma.ch\/wp-content\/uploads\/sites\/4\/2020\/01\/image007-1024x724.png","contentUrl":"https:\/\/biotechlerncenter.interpharma.ch\/wp-content\/uploads\/sites\/4\/2020\/01\/image007-1024x724.png"},{"@type":"BreadcrumbList","@id":"https:\/\/biotechlerncenter.interpharma.ch\/themen\/vereinfachte-darstellung-des-influenza-virus\/2-aufbau-des-influenza-virus\/#breadcrumb","itemListElement":[{"@type":"ListItem","position":1,"name":"Start","item":"https:\/\/biotechlerncenter.interpharma.ch\/fr\/"},{"@type":"ListItem","position":2,"name":"Sujets","item":"https:\/\/biotechlerncenter.interpharma.ch\/fr\/sujets\/"},{"@type":"ListItem","position":3,"name":"Juste un virus! A petits virus &#8211; grands effets","item":"https:\/\/biotechlerncenter.interpharma.ch\/fr\/sujets\/juste-un-virus-a-petits-virus-grands-effets\/"},{"@type":"ListItem","position":4,"name":"2. Structure du virus grippal"}]},{"@type":"WebSite","@id":"https:\/\/biotechlerncenter.interpharma.ch\/#website","url":"https:\/\/biotechlerncenter.interpharma.ch\/","name":"biotechlerncenter","description":"","potentialAction":[{"@type":"SearchAction","target":{"@type":"EntryPoint","urlTemplate":"https:\/\/biotechlerncenter.interpharma.ch\/?s={search_term_string}"},"query-input":{"@type":"PropertyValueSpecification","valueRequired":true,"valueName":"search_term_string"}}],"inLanguage":"fr-FR"}]}},"_links":{"self":[{"href":"https:\/\/biotechlerncenter.interpharma.ch\/fr\/wp-json\/wp\/v2\/pages\/660","targetHints":{"allow":["GET"]}}],"collection":[{"href":"https:\/\/biotechlerncenter.interpharma.ch\/fr\/wp-json\/wp\/v2\/pages"}],"about":[{"href":"https:\/\/biotechlerncenter.interpharma.ch\/fr\/wp-json\/wp\/v2\/types\/page"}],"author":[{"embeddable":true,"href":"https:\/\/biotechlerncenter.interpharma.ch\/fr\/wp-json\/wp\/v2\/users\/1"}],"replies":[{"embeddable":true,"href":"https:\/\/biotechlerncenter.interpharma.ch\/fr\/wp-json\/wp\/v2\/comments?post=660"}],"version-history":[{"count":3,"href":"https:\/\/biotechlerncenter.interpharma.ch\/fr\/wp-json\/wp\/v2\/pages\/660\/revisions"}],"predecessor-version":[{"id":3093,"href":"https:\/\/biotechlerncenter.interpharma.ch\/fr\/wp-json\/wp\/v2\/pages\/660\/revisions\/3093"}],"up":[{"embeddable":true,"href":"https:\/\/biotechlerncenter.interpharma.ch\/fr\/wp-json\/wp\/v2\/pages\/686"}],"wp:attachment":[{"href":"https:\/\/biotechlerncenter.interpharma.ch\/fr\/wp-json\/wp\/v2\/media?parent=660"}],"curies":[{"name":"wp","href":"https:\/\/api.w.org\/{rel}","templated":true}]}}