{"id":616,"date":"2026-03-12T17:26:18","date_gmt":"2026-03-12T16:26:18","guid":{"rendered":"https:\/\/biotechlerncenter.iph-multisite.berta-bewegt.ch\/?page_id=616"},"modified":"2026-03-12T17:26:18","modified_gmt":"2026-03-12T16:26:18","slug":"1-que-sont-les-antibiotiques","status":"publish","type":"page","link":"https:\/\/biotechlerncenter.interpharma.ch\/fr\/sujets\/les-antibiotiques-sauvent-des-vies\/1-que-sont-les-antibiotiques\/","title":{"rendered":"1. Que sont les antibiotiques?"},"content":{"rendered":"\n<p>On les trouve sous forme de solutions buvables, de comprim\u00e9s, de gouttes ou de g\u00e9lules et bon nombre d\u2019entre nous en ont d\u00e9j\u00e0 pris lors d\u2019une angine, d\u2019une pneumonie ou d\u2019une otite: les antibiotiques. Les antibiotiques sont le groupe de m\u00e9dicaments le plus prescrit au monde. En Suisse, environ 70 000 doses quotidiennes d\u2019antibiotiques sont vendues chaque jour. M\u00eame quelque 80 ans apr\u00e8s leur d\u00e9couverte, les antibiotiques restent dans le monde entier le tueur de bact\u00e9ries num\u00e9ro un et n\u2019ont pas d\u2019alternatives.<\/p>\n\n\n\n<p>Mais ces derni\u00e8res ann\u00e9es, leur r\u00e9putation en a pris un coup: on les trouve de plus en plus souvent l\u00e0 o\u00f9 ils ne devraient pas \u00eatre, par exemple dans la viande ou le lait. Et de plus en plus souvent, ils n\u2019agissent pas comme ils devraient.<\/p>\n\n\n\n<h2 class=\"wp-block-heading\">Contre les bact\u00e9ries<\/h2>\n\n\n\n<p>Que ce soit la bronchite, la pneumonie, les infections urinaires ou les septic\u00e9mies: en principe, toute maladie caus\u00e9e par des bact\u00e9ries peut \u00eatre combattue par des antibiotiques. Les antibiotiques sont des liaisons chimiques. On les fabrique soit \u00e0 l\u2019aide de micro-organismes (moisissures p. ex.), soit par synth\u00e8se chimique. Nombre d\u2019antibiotiques ont une structure si complexe qu\u2019on ne peut pas les synth\u00e9tiser. On doit aujourd\u2019hui encore les fabriquer \u00e0 partir de micro-organismes.<\/p>\n\n\n\n<p>Le mot \u00abantibiotique\u00bb vient du Grec et signifie \u00abcontre la vie\u00bb. Mais les antibiotiques n\u2019agissent que contre les bact\u00e9ries en bloquant leur multiplication ou en les tuant. Ils sont en quelque sorte des agents de police auxiliaires qui viennent aider les d\u00e9fenses de l\u2019organisme (le syst\u00e8me immunitaire) si celles-ci ne parviennent pas, ou pas assez vite, \u00e0 combattre les bact\u00e9ries.<\/p>\n","protected":false},"excerpt":{"rendered":"<p>On les trouve sous forme de solutions buvables, de comprim\u00e9s, de gouttes ou de g\u00e9lules et bon nombre d\u2019entre nous en ont d\u00e9j\u00e0 pris lors d\u2019une angine, d\u2019une pneumonie ou d\u2019une otite: les antibiotiques. Les antibiotiques sont le groupe de m\u00e9dicaments le plus prescrit au monde. En Suisse, environ 70 000 doses quotidiennes d\u2019antibiotiques sont [&hellip;]<\/p>\n","protected":false},"author":1,"featured_media":0,"parent":1254,"menu_order":0,"comment_status":"closed","ping_status":"closed","template":"page-templates\/unterthema.php","meta":{"_acf_changed":false,"inline_featured_image":false,"footnotes":""},"class_list":["post-616","page","type-page","status-publish","hentry"],"acf":[],"yoast_head":"<!-- This site is optimized with the Yoast SEO Premium plugin v27.2 (Yoast SEO v27.2) - https:\/\/yoast.com\/product\/yoast-seo-premium-wordpress\/ -->\n<title>1. Que sont les antibiotiques? - biotechlerncenter<\/title>\n<meta name=\"robots\" content=\"index, follow, max-snippet:-1, max-image-preview:large, max-video-preview:-1\" \/>\n<link rel=\"canonical\" href=\"https:\/\/biotechlerncenter.interpharma.ch\/fr\/sujets\/les-antibiotiques-sauvent-des-vies\/1-que-sont-les-antibiotiques\/\" \/>\n<meta property=\"og:locale\" content=\"fr_FR\" \/>\n<meta property=\"og:type\" content=\"article\" \/>\n<meta property=\"og:title\" content=\"1. Que sont les antibiotiques?\" \/>\n<meta property=\"og:description\" content=\"On les trouve sous forme de solutions buvables, de comprim\u00e9s, de gouttes ou de g\u00e9lules et bon nombre d\u2019entre nous en ont d\u00e9j\u00e0 pris lors d\u2019une angine, d\u2019une pneumonie ou d\u2019une otite: les antibiotiques. Les antibiotiques sont le groupe de m\u00e9dicaments le plus prescrit au monde. En Suisse, environ 70 000 doses quotidiennes d\u2019antibiotiques sont [&hellip;]\" \/>\n<meta property=\"og:url\" content=\"https:\/\/biotechlerncenter.interpharma.ch\/fr\/sujets\/les-antibiotiques-sauvent-des-vies\/1-que-sont-les-antibiotiques\/\" \/>\n<meta property=\"og:site_name\" content=\"biotechlerncenter\" \/>\n<meta name=\"twitter:card\" content=\"summary_large_image\" \/>\n<meta name=\"twitter:label1\" content=\"Dur\u00e9e de lecture estim\u00e9e\" \/>\n\t<meta name=\"twitter:data1\" content=\"1 minute\" \/>\n<script type=\"application\/ld+json\" class=\"yoast-schema-graph\">{\"@context\":\"https:\/\/schema.org\",\"@graph\":[{\"@type\":\"WebPage\",\"@id\":\"https:\/\/biotechlerncenter.interpharma.ch\/fr\/sujets\/les-antibiotiques-sauvent-des-vies\/1-que-sont-les-antibiotiques\/\",\"url\":\"https:\/\/biotechlerncenter.interpharma.ch\/fr\/sujets\/les-antibiotiques-sauvent-des-vies\/1-que-sont-les-antibiotiques\/\",\"name\":\"1. Que sont les antibiotiques? - biotechlerncenter\",\"isPartOf\":{\"@id\":\"https:\/\/biotechlerncenter.interpharma.ch\/#website\"},\"datePublished\":\"2026-03-12T16:26:18+00:00\",\"breadcrumb\":{\"@id\":\"https:\/\/biotechlerncenter.interpharma.ch\/fr\/sujets\/les-antibiotiques-sauvent-des-vies\/1-que-sont-les-antibiotiques\/#breadcrumb\"},\"inLanguage\":\"fr-FR\",\"potentialAction\":[{\"@type\":\"ReadAction\",\"target\":[\"https:\/\/biotechlerncenter.interpharma.ch\/fr\/sujets\/les-antibiotiques-sauvent-des-vies\/1-que-sont-les-antibiotiques\/\"]}]},{\"@type\":\"BreadcrumbList\",\"@id\":\"https:\/\/biotechlerncenter.interpharma.ch\/fr\/sujets\/les-antibiotiques-sauvent-des-vies\/1-que-sont-les-antibiotiques\/#breadcrumb\",\"itemListElement\":[{\"@type\":\"ListItem\",\"position\":1,\"name\":\"Start\",\"item\":\"https:\/\/biotechlerncenter.interpharma.ch\/fr\/\"},{\"@type\":\"ListItem\",\"position\":2,\"name\":\"Sujets\",\"item\":\"https:\/\/biotechlerncenter.interpharma.ch\/fr\/sujets\/\"},{\"@type\":\"ListItem\",\"position\":3,\"name\":\"Les antibiotiques sauvent des vies\",\"item\":\"https:\/\/biotechlerncenter.interpharma.ch\/fr\/sujets\/les-antibiotiques-sauvent-des-vies\/\"},{\"@type\":\"ListItem\",\"position\":4,\"name\":\"1. Que sont les antibiotiques?\"}]},{\"@type\":\"WebSite\",\"@id\":\"https:\/\/biotechlerncenter.interpharma.ch\/#website\",\"url\":\"https:\/\/biotechlerncenter.interpharma.ch\/\",\"name\":\"biotechlerncenter\",\"description\":\"\",\"potentialAction\":[{\"@type\":\"SearchAction\",\"target\":{\"@type\":\"EntryPoint\",\"urlTemplate\":\"https:\/\/biotechlerncenter.interpharma.ch\/?s={search_term_string}\"},\"query-input\":{\"@type\":\"PropertyValueSpecification\",\"valueRequired\":true,\"valueName\":\"search_term_string\"}}],\"inLanguage\":\"fr-FR\"}]}<\/script>\n<!-- \/ Yoast SEO Premium plugin. -->","yoast_head_json":{"title":"1. Que sont les antibiotiques? - biotechlerncenter","robots":{"index":"index","follow":"follow","max-snippet":"max-snippet:-1","max-image-preview":"max-image-preview:large","max-video-preview":"max-video-preview:-1"},"canonical":"https:\/\/biotechlerncenter.interpharma.ch\/fr\/sujets\/les-antibiotiques-sauvent-des-vies\/1-que-sont-les-antibiotiques\/","og_locale":"fr_FR","og_type":"article","og_title":"1. Que sont les antibiotiques?","og_description":"On les trouve sous forme de solutions buvables, de comprim\u00e9s, de gouttes ou de g\u00e9lules et bon nombre d\u2019entre nous en ont d\u00e9j\u00e0 pris lors d\u2019une angine, d\u2019une pneumonie ou d\u2019une otite: les antibiotiques. Les antibiotiques sont le groupe de m\u00e9dicaments le plus prescrit au monde. En Suisse, environ 70 000 doses quotidiennes d\u2019antibiotiques sont [&hellip;]","og_url":"https:\/\/biotechlerncenter.interpharma.ch\/fr\/sujets\/les-antibiotiques-sauvent-des-vies\/1-que-sont-les-antibiotiques\/","og_site_name":"biotechlerncenter","twitter_card":"summary_large_image","twitter_misc":{"Dur\u00e9e de lecture estim\u00e9e":"1 minute"},"schema":{"@context":"https:\/\/schema.org","@graph":[{"@type":"WebPage","@id":"https:\/\/biotechlerncenter.interpharma.ch\/fr\/sujets\/les-antibiotiques-sauvent-des-vies\/1-que-sont-les-antibiotiques\/","url":"https:\/\/biotechlerncenter.interpharma.ch\/fr\/sujets\/les-antibiotiques-sauvent-des-vies\/1-que-sont-les-antibiotiques\/","name":"1. Que sont les antibiotiques? - biotechlerncenter","isPartOf":{"@id":"https:\/\/biotechlerncenter.interpharma.ch\/#website"},"datePublished":"2026-03-12T16:26:18+00:00","breadcrumb":{"@id":"https:\/\/biotechlerncenter.interpharma.ch\/fr\/sujets\/les-antibiotiques-sauvent-des-vies\/1-que-sont-les-antibiotiques\/#breadcrumb"},"inLanguage":"fr-FR","potentialAction":[{"@type":"ReadAction","target":["https:\/\/biotechlerncenter.interpharma.ch\/fr\/sujets\/les-antibiotiques-sauvent-des-vies\/1-que-sont-les-antibiotiques\/"]}]},{"@type":"BreadcrumbList","@id":"https:\/\/biotechlerncenter.interpharma.ch\/fr\/sujets\/les-antibiotiques-sauvent-des-vies\/1-que-sont-les-antibiotiques\/#breadcrumb","itemListElement":[{"@type":"ListItem","position":1,"name":"Start","item":"https:\/\/biotechlerncenter.interpharma.ch\/fr\/"},{"@type":"ListItem","position":2,"name":"Sujets","item":"https:\/\/biotechlerncenter.interpharma.ch\/fr\/sujets\/"},{"@type":"ListItem","position":3,"name":"Les antibiotiques sauvent des vies","item":"https:\/\/biotechlerncenter.interpharma.ch\/fr\/sujets\/les-antibiotiques-sauvent-des-vies\/"},{"@type":"ListItem","position":4,"name":"1. Que sont les antibiotiques?"}]},{"@type":"WebSite","@id":"https:\/\/biotechlerncenter.interpharma.ch\/#website","url":"https:\/\/biotechlerncenter.interpharma.ch\/","name":"biotechlerncenter","description":"","potentialAction":[{"@type":"SearchAction","target":{"@type":"EntryPoint","urlTemplate":"https:\/\/biotechlerncenter.interpharma.ch\/?s={search_term_string}"},"query-input":{"@type":"PropertyValueSpecification","valueRequired":true,"valueName":"search_term_string"}}],"inLanguage":"fr-FR"}]}},"_links":{"self":[{"href":"https:\/\/biotechlerncenter.interpharma.ch\/fr\/wp-json\/wp\/v2\/pages\/616","targetHints":{"allow":["GET"]}}],"collection":[{"href":"https:\/\/biotechlerncenter.interpharma.ch\/fr\/wp-json\/wp\/v2\/pages"}],"about":[{"href":"https:\/\/biotechlerncenter.interpharma.ch\/fr\/wp-json\/wp\/v2\/types\/page"}],"author":[{"embeddable":true,"href":"https:\/\/biotechlerncenter.interpharma.ch\/fr\/wp-json\/wp\/v2\/users\/1"}],"replies":[{"embeddable":true,"href":"https:\/\/biotechlerncenter.interpharma.ch\/fr\/wp-json\/wp\/v2\/comments?post=616"}],"version-history":[{"count":1,"href":"https:\/\/biotechlerncenter.interpharma.ch\/fr\/wp-json\/wp\/v2\/pages\/616\/revisions"}],"predecessor-version":[{"id":617,"href":"https:\/\/biotechlerncenter.interpharma.ch\/fr\/wp-json\/wp\/v2\/pages\/616\/revisions\/617"}],"up":[{"embeddable":true,"href":"https:\/\/biotechlerncenter.interpharma.ch\/fr\/wp-json\/wp\/v2\/pages\/1254"}],"wp:attachment":[{"href":"https:\/\/biotechlerncenter.interpharma.ch\/fr\/wp-json\/wp\/v2\/media?parent=616"}],"curies":[{"name":"wp","href":"https:\/\/api.w.org\/{rel}","templated":true}]}}