{"id":608,"date":"2026-03-12T17:26:18","date_gmt":"2026-03-12T16:26:18","guid":{"rendered":"https:\/\/biotechlerncenter.iph-multisite.berta-bewegt.ch\/?page_id=608"},"modified":"2026-03-12T17:26:18","modified_gmt":"2026-03-12T16:26:18","slug":"7-espoir-ou-risque","status":"publish","type":"page","link":"https:\/\/biotechlerncenter.interpharma.ch\/fr\/sujets\/therapie-genique-soigner-les-maladies-a-laide-de-genes\/7-espoir-ou-risque\/","title":{"rendered":"7. Espoir ou risque?"},"content":{"rendered":"\n<p>Quel pourrait \u00eatre l\u2019avenir de la th\u00e9rapie g\u00e9nique? Les bienfaits sont faciles \u00e0 saisir: la nouvelle technique Crispr renferme le potentiel de faire avancer beaucoup plus vite la th\u00e9rapie g\u00e9nique de l\u2019avenir. En effet, gr\u00e2ce \u00e0 elle, les scientifiques pourraient modifier l\u2019information g\u00e9n\u00e9tique \u00e0 leur guise, efficacement et avec une grande pr\u00e9cision.<\/p>\n\n\n\n<p>Mais pourrait-il s\u2019agir d\u2019une mal\u00e9diction? En Chine, des chercheurs ont fait des exp\u00e9riences sur des embryons humains et ont essay\u00e9 d\u2019ins\u00e9rer des g\u00e8nes dans la lign\u00e9e germinale pour soigner des maladies. Cela veut dire que ces g\u00e8nes seraient alors transmis de g\u00e9n\u00e9ration en g\u00e9n\u00e9ration. L\u2019avantage d\u2019une telle intervention, si elle fonctionne, serait que non seulement le patient serait gu\u00e9ri, mais aussi ses descendants. Mais c\u2019est l\u00e0 que r\u00e9side aussi le danger: si une erreur se produit, les enfants de la personne ainsi trait\u00e9e seraient eux aussi touch\u00e9s. En Suisse et dans beaucoup d\u2019autres pays, les interventions dans la lign\u00e9e germinale sont consid\u00e9r\u00e9es comme trop risqu\u00e9es et sont donc interdites.<\/p>\n\n\n\n<p>Une autre discussion sur la th\u00e9rapie g\u00e9nique concerne la disponibilit\u00e9 de ces traitements en termes de co\u00fbts: si une th\u00e9rapie g\u00e9nique comme la premi\u00e8re autoris\u00e9e dans l\u2019UE (le Glybera) co\u00fbte au total plus d\u2019un million d\u2019euros pour le traitement d\u2019un patient typique, nos syst\u00e8mes de sant\u00e9 peuvent-ils assumer ces co\u00fbts?<\/p>\n\n\n\n<p>Une autre question en suspens est celle des abus dans le domaine du sport. Cette technique pourrait \u00eatre employ\u00e9e pour transf\u00e9rer aux athl\u00e8tes des g\u00e8nes qui augmentent la force musculaire (dopage g\u00e9n\u00e9tique). Une telle m\u00e9thode serait difficile \u00e0 mettre en \u00e9vidence.<\/p>\n","protected":false},"excerpt":{"rendered":"<p>Quel pourrait \u00eatre l\u2019avenir de la th\u00e9rapie g\u00e9nique? Les bienfaits sont faciles \u00e0 saisir: la nouvelle technique Crispr renferme le potentiel de faire avancer beaucoup plus vite la th\u00e9rapie g\u00e9nique de l\u2019avenir. En effet, gr\u00e2ce \u00e0 elle, les scientifiques pourraient modifier l\u2019information g\u00e9n\u00e9tique \u00e0 leur guise, efficacement et avec une grande pr\u00e9cision. Mais pourrait-il s\u2019agir [&hellip;]<\/p>\n","protected":false},"author":1,"featured_media":0,"parent":612,"menu_order":6,"comment_status":"closed","ping_status":"closed","template":"page-templates\/unterthema.php","meta":{"_acf_changed":false,"inline_featured_image":false,"footnotes":""},"class_list":["post-608","page","type-page","status-publish","hentry"],"acf":[],"yoast_head":"<!-- This site is optimized with the Yoast SEO Premium plugin v27.2 (Yoast SEO v27.2) - https:\/\/yoast.com\/product\/yoast-seo-premium-wordpress\/ -->\n<title>7. Espoir ou risque? - biotechlerncenter<\/title>\n<meta name=\"robots\" content=\"index, follow, max-snippet:-1, max-image-preview:large, max-video-preview:-1\" \/>\n<link rel=\"canonical\" href=\"https:\/\/biotechlerncenter.interpharma.ch\/themen\/gentherapie-krankheiten-mit-genen-behandeln\/7-hoffnung-oder-risiko\/\" \/>\n<meta property=\"og:locale\" content=\"fr_FR\" \/>\n<meta property=\"og:type\" content=\"article\" \/>\n<meta property=\"og:title\" content=\"7. Espoir ou risque?\" \/>\n<meta property=\"og:description\" content=\"Quel pourrait \u00eatre l\u2019avenir de la th\u00e9rapie g\u00e9nique? Les bienfaits sont faciles \u00e0 saisir: la nouvelle technique Crispr renferme le potentiel de faire avancer beaucoup plus vite la th\u00e9rapie g\u00e9nique de l\u2019avenir. En effet, gr\u00e2ce \u00e0 elle, les scientifiques pourraient modifier l\u2019information g\u00e9n\u00e9tique \u00e0 leur guise, efficacement et avec une grande pr\u00e9cision. Mais pourrait-il s\u2019agir [&hellip;]\" \/>\n<meta property=\"og:url\" content=\"https:\/\/biotechlerncenter.interpharma.ch\/themen\/gentherapie-krankheiten-mit-genen-behandeln\/7-hoffnung-oder-risiko\/\" \/>\n<meta property=\"og:site_name\" content=\"biotechlerncenter\" \/>\n<meta name=\"twitter:card\" content=\"summary_large_image\" \/>\n<meta name=\"twitter:label1\" content=\"Dur\u00e9e de lecture estim\u00e9e\" \/>\n\t<meta name=\"twitter:data1\" content=\"2 minutes\" \/>\n<script type=\"application\/ld+json\" class=\"yoast-schema-graph\">{\"@context\":\"https:\/\/schema.org\",\"@graph\":[{\"@type\":\"WebPage\",\"@id\":\"https:\/\/biotechlerncenter.interpharma.ch\/themen\/gentherapie-krankheiten-mit-genen-behandeln\/7-hoffnung-oder-risiko\/\",\"url\":\"https:\/\/biotechlerncenter.interpharma.ch\/themen\/gentherapie-krankheiten-mit-genen-behandeln\/7-hoffnung-oder-risiko\/\",\"name\":\"7. Espoir ou risque? - biotechlerncenter\",\"isPartOf\":{\"@id\":\"https:\/\/biotechlerncenter.interpharma.ch\/#website\"},\"datePublished\":\"2026-03-12T16:26:18+00:00\",\"breadcrumb\":{\"@id\":\"https:\/\/biotechlerncenter.interpharma.ch\/themen\/gentherapie-krankheiten-mit-genen-behandeln\/7-hoffnung-oder-risiko\/#breadcrumb\"},\"inLanguage\":\"fr-FR\",\"potentialAction\":[{\"@type\":\"ReadAction\",\"target\":[\"https:\/\/biotechlerncenter.interpharma.ch\/themen\/gentherapie-krankheiten-mit-genen-behandeln\/7-hoffnung-oder-risiko\/\"]}]},{\"@type\":\"BreadcrumbList\",\"@id\":\"https:\/\/biotechlerncenter.interpharma.ch\/themen\/gentherapie-krankheiten-mit-genen-behandeln\/7-hoffnung-oder-risiko\/#breadcrumb\",\"itemListElement\":[{\"@type\":\"ListItem\",\"position\":1,\"name\":\"Start\",\"item\":\"https:\/\/biotechlerncenter.interpharma.ch\/fr\/\"},{\"@type\":\"ListItem\",\"position\":2,\"name\":\"Sujets\",\"item\":\"https:\/\/biotechlerncenter.interpharma.ch\/fr\/sujets\/\"},{\"@type\":\"ListItem\",\"position\":3,\"name\":\"Th\u00e9rapie g\u00e9nique: soigner les maladies \u00e0 l\u2019aide de g\u00e8nes\",\"item\":\"https:\/\/biotechlerncenter.interpharma.ch\/fr\/sujets\/therapie-genique-soigner-les-maladies-a-laide-de-genes\/\"},{\"@type\":\"ListItem\",\"position\":4,\"name\":\"7. Espoir ou risque?\"}]},{\"@type\":\"WebSite\",\"@id\":\"https:\/\/biotechlerncenter.interpharma.ch\/#website\",\"url\":\"https:\/\/biotechlerncenter.interpharma.ch\/\",\"name\":\"biotechlerncenter\",\"description\":\"\",\"potentialAction\":[{\"@type\":\"SearchAction\",\"target\":{\"@type\":\"EntryPoint\",\"urlTemplate\":\"https:\/\/biotechlerncenter.interpharma.ch\/?s={search_term_string}\"},\"query-input\":{\"@type\":\"PropertyValueSpecification\",\"valueRequired\":true,\"valueName\":\"search_term_string\"}}],\"inLanguage\":\"fr-FR\"}]}<\/script>\n<!-- \/ Yoast SEO Premium plugin. -->","yoast_head_json":{"title":"7. Espoir ou risque? - biotechlerncenter","robots":{"index":"index","follow":"follow","max-snippet":"max-snippet:-1","max-image-preview":"max-image-preview:large","max-video-preview":"max-video-preview:-1"},"canonical":"https:\/\/biotechlerncenter.interpharma.ch\/themen\/gentherapie-krankheiten-mit-genen-behandeln\/7-hoffnung-oder-risiko\/","og_locale":"fr_FR","og_type":"article","og_title":"7. Espoir ou risque?","og_description":"Quel pourrait \u00eatre l\u2019avenir de la th\u00e9rapie g\u00e9nique? Les bienfaits sont faciles \u00e0 saisir: la nouvelle technique Crispr renferme le potentiel de faire avancer beaucoup plus vite la th\u00e9rapie g\u00e9nique de l\u2019avenir. En effet, gr\u00e2ce \u00e0 elle, les scientifiques pourraient modifier l\u2019information g\u00e9n\u00e9tique \u00e0 leur guise, efficacement et avec une grande pr\u00e9cision. Mais pourrait-il s\u2019agir [&hellip;]","og_url":"https:\/\/biotechlerncenter.interpharma.ch\/themen\/gentherapie-krankheiten-mit-genen-behandeln\/7-hoffnung-oder-risiko\/","og_site_name":"biotechlerncenter","twitter_card":"summary_large_image","twitter_misc":{"Dur\u00e9e de lecture estim\u00e9e":"2 minutes"},"schema":{"@context":"https:\/\/schema.org","@graph":[{"@type":"WebPage","@id":"https:\/\/biotechlerncenter.interpharma.ch\/themen\/gentherapie-krankheiten-mit-genen-behandeln\/7-hoffnung-oder-risiko\/","url":"https:\/\/biotechlerncenter.interpharma.ch\/themen\/gentherapie-krankheiten-mit-genen-behandeln\/7-hoffnung-oder-risiko\/","name":"7. Espoir ou risque? - biotechlerncenter","isPartOf":{"@id":"https:\/\/biotechlerncenter.interpharma.ch\/#website"},"datePublished":"2026-03-12T16:26:18+00:00","breadcrumb":{"@id":"https:\/\/biotechlerncenter.interpharma.ch\/themen\/gentherapie-krankheiten-mit-genen-behandeln\/7-hoffnung-oder-risiko\/#breadcrumb"},"inLanguage":"fr-FR","potentialAction":[{"@type":"ReadAction","target":["https:\/\/biotechlerncenter.interpharma.ch\/themen\/gentherapie-krankheiten-mit-genen-behandeln\/7-hoffnung-oder-risiko\/"]}]},{"@type":"BreadcrumbList","@id":"https:\/\/biotechlerncenter.interpharma.ch\/themen\/gentherapie-krankheiten-mit-genen-behandeln\/7-hoffnung-oder-risiko\/#breadcrumb","itemListElement":[{"@type":"ListItem","position":1,"name":"Start","item":"https:\/\/biotechlerncenter.interpharma.ch\/fr\/"},{"@type":"ListItem","position":2,"name":"Sujets","item":"https:\/\/biotechlerncenter.interpharma.ch\/fr\/sujets\/"},{"@type":"ListItem","position":3,"name":"Th\u00e9rapie g\u00e9nique: soigner les maladies \u00e0 l\u2019aide de g\u00e8nes","item":"https:\/\/biotechlerncenter.interpharma.ch\/fr\/sujets\/therapie-genique-soigner-les-maladies-a-laide-de-genes\/"},{"@type":"ListItem","position":4,"name":"7. Espoir ou risque?"}]},{"@type":"WebSite","@id":"https:\/\/biotechlerncenter.interpharma.ch\/#website","url":"https:\/\/biotechlerncenter.interpharma.ch\/","name":"biotechlerncenter","description":"","potentialAction":[{"@type":"SearchAction","target":{"@type":"EntryPoint","urlTemplate":"https:\/\/biotechlerncenter.interpharma.ch\/?s={search_term_string}"},"query-input":{"@type":"PropertyValueSpecification","valueRequired":true,"valueName":"search_term_string"}}],"inLanguage":"fr-FR"}]}},"_links":{"self":[{"href":"https:\/\/biotechlerncenter.interpharma.ch\/fr\/wp-json\/wp\/v2\/pages\/608","targetHints":{"allow":["GET"]}}],"collection":[{"href":"https:\/\/biotechlerncenter.interpharma.ch\/fr\/wp-json\/wp\/v2\/pages"}],"about":[{"href":"https:\/\/biotechlerncenter.interpharma.ch\/fr\/wp-json\/wp\/v2\/types\/page"}],"author":[{"embeddable":true,"href":"https:\/\/biotechlerncenter.interpharma.ch\/fr\/wp-json\/wp\/v2\/users\/1"}],"replies":[{"embeddable":true,"href":"https:\/\/biotechlerncenter.interpharma.ch\/fr\/wp-json\/wp\/v2\/comments?post=608"}],"version-history":[{"count":1,"href":"https:\/\/biotechlerncenter.interpharma.ch\/fr\/wp-json\/wp\/v2\/pages\/608\/revisions"}],"predecessor-version":[{"id":609,"href":"https:\/\/biotechlerncenter.interpharma.ch\/fr\/wp-json\/wp\/v2\/pages\/608\/revisions\/609"}],"up":[{"embeddable":true,"href":"https:\/\/biotechlerncenter.interpharma.ch\/fr\/wp-json\/wp\/v2\/pages\/612"}],"wp:attachment":[{"href":"https:\/\/biotechlerncenter.interpharma.ch\/fr\/wp-json\/wp\/v2\/media?parent=608"}],"curies":[{"name":"wp","href":"https:\/\/api.w.org\/{rel}","templated":true}]}}