{"id":600,"date":"2026-03-12T17:26:17","date_gmt":"2026-03-12T16:26:17","guid":{"rendered":"https:\/\/biotechlerncenter.iph-multisite.berta-bewegt.ch\/?page_id=600"},"modified":"2026-03-12T17:26:17","modified_gmt":"2026-03-12T16:26:17","slug":"5-grandes-etapes-de-la-therapie-genique","status":"publish","type":"page","link":"https:\/\/biotechlerncenter.interpharma.ch\/fr\/sujets\/therapie-genique-soigner-les-maladies-a-laide-de-genes\/5-grandes-etapes-de-la-therapie-genique\/","title":{"rendered":"5. Grandes \u00e9tapes de la th\u00e9rapie g\u00e9nique"},"content":{"rendered":"\n<p>Un regard en arri\u00e8re dans l\u2019histoire de la th\u00e9rapie g\u00e9nique r\u00e9v\u00e8le combien celle-ci est complexe et difficile. Les progr\u00e8s sont lents, mais ils sont l\u00e0.&nbsp;<\/p>\n\n\n\n<p>Dans les ann\u00e9es 1990, aucun autre concept de traitement n\u2019a \u00e9veill\u00e9 autant d\u2019espoirs suivis d\u2019un tel revers. L\u2019euphorie d\u00e9clench\u00e9e par la th\u00e9rapie g\u00e9nique prit fin subitement avec le d\u00e9c\u00e8s d\u2019un patient en 1999. Le d\u00e9veloppement de ce type de traitement ne se remit en route que plus tard.<\/p>\n\n\n\n<p>Principales \u00e9tapes:<br>&#8211; La tentative de m\u00e9decins en 1972 de soigner deux patientes atteintes d\u2019hyperarginin\u00e9mie en leur administrant des papillomavirus fut un \u00e9chec, mais on la consid\u00e8re aujourd\u2019hui comme le premier essai de th\u00e9rapie g\u00e9nique.<br>&#8211; La premi\u00e8re \u00e9tude sur la r\u00e9alisation d\u2019une th\u00e9rapie g\u00e9nique fut autoris\u00e9e officiellement en 1988 par les autorit\u00e9s am\u00e9ricaines.<br>&#8211; La premi\u00e8re th\u00e9rapie g\u00e9nique fut r\u00e9alis\u00e9e en 1990 sur une fillette de quatre ans souffrant d\u2019une grave immunod\u00e9ficience. En raison d\u2019un d\u00e9faut du m\u00e9tabolisme, ses globules blancs mouraient pr\u00e9cocement de sorte que l\u2019enfant \u00e9tait sans d\u00e9fenses face aux infections. Pour soigner la maladie, on isola une copie du g\u00e8ne sain et on l\u2019introduisit dans la cellule. La dur\u00e9e de vie des globules blancs \u00e9quip\u00e9s du nouveau g\u00e8ne \u00e9tant limit\u00e9e, il fallait recommencer r\u00e9guli\u00e8rement la proc\u00e9dure.<br>&#8211; L\u2019intervention de th\u00e9rapie g\u00e9nique sur Jesse Gelsinger, 18 ans, fut mortelle. Le jeune homme \u00e9tait atteint d\u2019une maladie rare, l\u2019OTCD (carence en ornithine transcarbamylase). Son organisme n\u2019\u00e9tait pas en mesure de d\u00e9grader l\u2019ammoniac qui se forme lors de la digestion de prot\u00e9ines. En 1999, il re\u00e7ut par perfusion des ad\u00e9novirus g\u00e9n\u00e9tiquement modifi\u00e9s cens\u00e9s faire entrer une copie saine du g\u00e8ne d\u00e9fectueux dans ses cellules h\u00e9patiques. Mais quelques heures apr\u00e8s la perfusion, son syst\u00e8me immunitaire commen\u00e7a \u00e0 se rebeller contre les ad\u00e9novirus et il mourut quelques jours plus tard. Alarm\u00e9e par cet \u00e9v\u00e9nement tragique, la FDA (autorit\u00e9 am\u00e9ricaine du m\u00e9dicament) stoppa imm\u00e9diatement tous les essais de th\u00e9rapie g\u00e9nique en automne 1999.<br>&#8211; La premi\u00e8re th\u00e9rapie g\u00e9nique couronn\u00e9e de succ\u00e8s durable fut men\u00e9e \u00e0 Paris au d\u00e9but de l\u2019ann\u00e9e 2000. 20 enfants atteints d\u2019une immunod\u00e9ficience grave, d\u2019issue mortelle, furent gu\u00e9ris par th\u00e9rapie g\u00e9nique. Cependant, chez cinq de ces patients, des effets secondaires graves inattendus se manifest\u00e8rent: certaines cellules trait\u00e9es par la th\u00e9rapie g\u00e9nique se multipliaient trop vite, d\u2019o\u00f9 l\u2019apparition d\u2019une forme de leuc\u00e9mie chez ces cinq enfants. Quatre d\u2019entre eux purent \u00eatre soign\u00e9s par chimioth\u00e9rapie, un enfant mourut.<br>&#8211; Steven Howarth souffrait depuis sa naissance d\u2019une maladie des yeux: l\u2019amaurose cong\u00e9nitale de Leber. Les cellules de la r\u00e9tine ne sont alors pas capables de r\u00e9g\u00e9n\u00e9rer le pigment qui sert \u00e0 la vision. En 2009, lorsque les m\u00e9decins lui inject\u00e8rent le g\u00e8ne sain dans la r\u00e9tine, ce jeune britannique de 18 ans \u00e9tait d\u00e9j\u00e0 presque aveugle. Il retrouva presque compl\u00e8tement la vue.<br>&#8211; Le 2 novembre 2012 marque une nouvelle grande \u00e9tape car c\u2019est le jour o\u00f9 l\u2019EMA, l\u2019autorit\u00e9 europ\u00e9enne du m\u00e9dicament, autorisa le Glybera, le premier m\u00e9dicament de th\u00e9rapie g\u00e9nique du monde occidental. Le Glybera est utilis\u00e9 pour soigner une maladie h\u00e9r\u00e9ditaire du m\u00e9tabolisme lipidique dont souffrent environ 200 personnes en Europe. Cependant, son utilit\u00e9 est aussi controvers\u00e9e que son prix, sachant qu\u2019avec un million de dollars, il est consid\u00e9r\u00e9 comme le m\u00e9dicament le plus cher au monde.<br>&#8211; Jusqu\u2019en janvier 2014, environ 2 000 \u00e9tudes de th\u00e9rapie g\u00e9nique avaient \u00e9t\u00e9 autoris\u00e9es ou r\u00e9alis\u00e9es.<\/p>\n\n\n\n<p>Mais en d\u00e9pit de ces progr\u00e8s, la th\u00e9rapie g\u00e9nique n\u2019est pas encore une intervention de routine \u00e0 l\u2019h\u00f4pital. Les relations et processus \u00e0 l\u2019\u0153uvre dans notre g\u00e9nome sont beaucoup trop complexes. Les taxis g\u00e9niques utilis\u00e9s jusqu\u2019\u00e0 pr\u00e9sent ne pr\u00e9sentaient pas toujours la s\u00e9curit\u00e9 requise. Mais comment proc\u00e9der autrement pour amener le g\u00e8ne correcteur dans le g\u00e9nome?<\/p>\n","protected":false},"excerpt":{"rendered":"<p>Un regard en arri\u00e8re dans l\u2019histoire de la th\u00e9rapie g\u00e9nique r\u00e9v\u00e8le combien celle-ci est complexe et difficile. Les progr\u00e8s sont lents, mais ils sont l\u00e0.&nbsp; Dans les ann\u00e9es 1990, aucun autre concept de traitement n\u2019a \u00e9veill\u00e9 autant d\u2019espoirs suivis d\u2019un tel revers. L\u2019euphorie d\u00e9clench\u00e9e par la th\u00e9rapie g\u00e9nique prit fin subitement avec le d\u00e9c\u00e8s d\u2019un [&hellip;]<\/p>\n","protected":false},"author":1,"featured_media":0,"parent":612,"menu_order":4,"comment_status":"closed","ping_status":"closed","template":"page-templates\/unterthema.php","meta":{"_acf_changed":false,"inline_featured_image":false,"footnotes":""},"class_list":["post-600","page","type-page","status-publish","hentry"],"acf":[],"yoast_head":"<!-- This site is optimized with the Yoast SEO Premium plugin v27.2 (Yoast SEO v27.2) - https:\/\/yoast.com\/product\/yoast-seo-premium-wordpress\/ -->\n<title>5. Grandes \u00e9tapes de la th\u00e9rapie g\u00e9nique - biotechlerncenter<\/title>\n<meta name=\"robots\" content=\"index, follow, max-snippet:-1, max-image-preview:large, max-video-preview:-1\" \/>\n<link rel=\"canonical\" href=\"https:\/\/biotechlerncenter.interpharma.ch\/themen\/gentherapie-krankheiten-mit-genen-behandeln\/5-meilensteine-der-gentherapie\/\" \/>\n<meta property=\"og:locale\" content=\"fr_FR\" \/>\n<meta property=\"og:type\" content=\"article\" \/>\n<meta property=\"og:title\" content=\"5. Grandes \u00e9tapes de la th\u00e9rapie g\u00e9nique\" \/>\n<meta property=\"og:description\" content=\"Un regard en arri\u00e8re dans l\u2019histoire de la th\u00e9rapie g\u00e9nique r\u00e9v\u00e8le combien celle-ci est complexe et difficile. Les progr\u00e8s sont lents, mais ils sont l\u00e0.&nbsp; Dans les ann\u00e9es 1990, aucun autre concept de traitement n\u2019a \u00e9veill\u00e9 autant d\u2019espoirs suivis d\u2019un tel revers. L\u2019euphorie d\u00e9clench\u00e9e par la th\u00e9rapie g\u00e9nique prit fin subitement avec le d\u00e9c\u00e8s d\u2019un [&hellip;]\" \/>\n<meta property=\"og:url\" content=\"https:\/\/biotechlerncenter.interpharma.ch\/themen\/gentherapie-krankheiten-mit-genen-behandeln\/5-meilensteine-der-gentherapie\/\" \/>\n<meta property=\"og:site_name\" content=\"biotechlerncenter\" \/>\n<meta name=\"twitter:card\" content=\"summary_large_image\" \/>\n<meta name=\"twitter:label1\" content=\"Dur\u00e9e de lecture estim\u00e9e\" \/>\n\t<meta name=\"twitter:data1\" content=\"4 minutes\" \/>\n<script type=\"application\/ld+json\" class=\"yoast-schema-graph\">{\"@context\":\"https:\/\/schema.org\",\"@graph\":[{\"@type\":\"WebPage\",\"@id\":\"https:\/\/biotechlerncenter.interpharma.ch\/themen\/gentherapie-krankheiten-mit-genen-behandeln\/5-meilensteine-der-gentherapie\/\",\"url\":\"https:\/\/biotechlerncenter.interpharma.ch\/themen\/gentherapie-krankheiten-mit-genen-behandeln\/5-meilensteine-der-gentherapie\/\",\"name\":\"5. Grandes \u00e9tapes de la th\u00e9rapie g\u00e9nique - biotechlerncenter\",\"isPartOf\":{\"@id\":\"https:\/\/biotechlerncenter.interpharma.ch\/#website\"},\"datePublished\":\"2026-03-12T16:26:17+00:00\",\"breadcrumb\":{\"@id\":\"https:\/\/biotechlerncenter.interpharma.ch\/themen\/gentherapie-krankheiten-mit-genen-behandeln\/5-meilensteine-der-gentherapie\/#breadcrumb\"},\"inLanguage\":\"fr-FR\",\"potentialAction\":[{\"@type\":\"ReadAction\",\"target\":[\"https:\/\/biotechlerncenter.interpharma.ch\/themen\/gentherapie-krankheiten-mit-genen-behandeln\/5-meilensteine-der-gentherapie\/\"]}]},{\"@type\":\"BreadcrumbList\",\"@id\":\"https:\/\/biotechlerncenter.interpharma.ch\/themen\/gentherapie-krankheiten-mit-genen-behandeln\/5-meilensteine-der-gentherapie\/#breadcrumb\",\"itemListElement\":[{\"@type\":\"ListItem\",\"position\":1,\"name\":\"Start\",\"item\":\"https:\/\/biotechlerncenter.interpharma.ch\/fr\/\"},{\"@type\":\"ListItem\",\"position\":2,\"name\":\"Sujets\",\"item\":\"https:\/\/biotechlerncenter.interpharma.ch\/fr\/sujets\/\"},{\"@type\":\"ListItem\",\"position\":3,\"name\":\"Th\u00e9rapie g\u00e9nique: soigner les maladies \u00e0 l\u2019aide de g\u00e8nes\",\"item\":\"https:\/\/biotechlerncenter.interpharma.ch\/fr\/sujets\/therapie-genique-soigner-les-maladies-a-laide-de-genes\/\"},{\"@type\":\"ListItem\",\"position\":4,\"name\":\"5. Grandes \u00e9tapes de la th\u00e9rapie g\u00e9nique\"}]},{\"@type\":\"WebSite\",\"@id\":\"https:\/\/biotechlerncenter.interpharma.ch\/#website\",\"url\":\"https:\/\/biotechlerncenter.interpharma.ch\/\",\"name\":\"biotechlerncenter\",\"description\":\"\",\"potentialAction\":[{\"@type\":\"SearchAction\",\"target\":{\"@type\":\"EntryPoint\",\"urlTemplate\":\"https:\/\/biotechlerncenter.interpharma.ch\/?s={search_term_string}\"},\"query-input\":{\"@type\":\"PropertyValueSpecification\",\"valueRequired\":true,\"valueName\":\"search_term_string\"}}],\"inLanguage\":\"fr-FR\"}]}<\/script>\n<!-- \/ Yoast SEO Premium plugin. -->","yoast_head_json":{"title":"5. Grandes \u00e9tapes de la th\u00e9rapie g\u00e9nique - biotechlerncenter","robots":{"index":"index","follow":"follow","max-snippet":"max-snippet:-1","max-image-preview":"max-image-preview:large","max-video-preview":"max-video-preview:-1"},"canonical":"https:\/\/biotechlerncenter.interpharma.ch\/themen\/gentherapie-krankheiten-mit-genen-behandeln\/5-meilensteine-der-gentherapie\/","og_locale":"fr_FR","og_type":"article","og_title":"5. Grandes \u00e9tapes de la th\u00e9rapie g\u00e9nique","og_description":"Un regard en arri\u00e8re dans l\u2019histoire de la th\u00e9rapie g\u00e9nique r\u00e9v\u00e8le combien celle-ci est complexe et difficile. Les progr\u00e8s sont lents, mais ils sont l\u00e0.&nbsp; Dans les ann\u00e9es 1990, aucun autre concept de traitement n\u2019a \u00e9veill\u00e9 autant d\u2019espoirs suivis d\u2019un tel revers. L\u2019euphorie d\u00e9clench\u00e9e par la th\u00e9rapie g\u00e9nique prit fin subitement avec le d\u00e9c\u00e8s d\u2019un [&hellip;]","og_url":"https:\/\/biotechlerncenter.interpharma.ch\/themen\/gentherapie-krankheiten-mit-genen-behandeln\/5-meilensteine-der-gentherapie\/","og_site_name":"biotechlerncenter","twitter_card":"summary_large_image","twitter_misc":{"Dur\u00e9e de lecture estim\u00e9e":"4 minutes"},"schema":{"@context":"https:\/\/schema.org","@graph":[{"@type":"WebPage","@id":"https:\/\/biotechlerncenter.interpharma.ch\/themen\/gentherapie-krankheiten-mit-genen-behandeln\/5-meilensteine-der-gentherapie\/","url":"https:\/\/biotechlerncenter.interpharma.ch\/themen\/gentherapie-krankheiten-mit-genen-behandeln\/5-meilensteine-der-gentherapie\/","name":"5. Grandes \u00e9tapes de la th\u00e9rapie g\u00e9nique - biotechlerncenter","isPartOf":{"@id":"https:\/\/biotechlerncenter.interpharma.ch\/#website"},"datePublished":"2026-03-12T16:26:17+00:00","breadcrumb":{"@id":"https:\/\/biotechlerncenter.interpharma.ch\/themen\/gentherapie-krankheiten-mit-genen-behandeln\/5-meilensteine-der-gentherapie\/#breadcrumb"},"inLanguage":"fr-FR","potentialAction":[{"@type":"ReadAction","target":["https:\/\/biotechlerncenter.interpharma.ch\/themen\/gentherapie-krankheiten-mit-genen-behandeln\/5-meilensteine-der-gentherapie\/"]}]},{"@type":"BreadcrumbList","@id":"https:\/\/biotechlerncenter.interpharma.ch\/themen\/gentherapie-krankheiten-mit-genen-behandeln\/5-meilensteine-der-gentherapie\/#breadcrumb","itemListElement":[{"@type":"ListItem","position":1,"name":"Start","item":"https:\/\/biotechlerncenter.interpharma.ch\/fr\/"},{"@type":"ListItem","position":2,"name":"Sujets","item":"https:\/\/biotechlerncenter.interpharma.ch\/fr\/sujets\/"},{"@type":"ListItem","position":3,"name":"Th\u00e9rapie g\u00e9nique: soigner les maladies \u00e0 l\u2019aide de g\u00e8nes","item":"https:\/\/biotechlerncenter.interpharma.ch\/fr\/sujets\/therapie-genique-soigner-les-maladies-a-laide-de-genes\/"},{"@type":"ListItem","position":4,"name":"5. Grandes \u00e9tapes de la th\u00e9rapie g\u00e9nique"}]},{"@type":"WebSite","@id":"https:\/\/biotechlerncenter.interpharma.ch\/#website","url":"https:\/\/biotechlerncenter.interpharma.ch\/","name":"biotechlerncenter","description":"","potentialAction":[{"@type":"SearchAction","target":{"@type":"EntryPoint","urlTemplate":"https:\/\/biotechlerncenter.interpharma.ch\/?s={search_term_string}"},"query-input":{"@type":"PropertyValueSpecification","valueRequired":true,"valueName":"search_term_string"}}],"inLanguage":"fr-FR"}]}},"_links":{"self":[{"href":"https:\/\/biotechlerncenter.interpharma.ch\/fr\/wp-json\/wp\/v2\/pages\/600","targetHints":{"allow":["GET"]}}],"collection":[{"href":"https:\/\/biotechlerncenter.interpharma.ch\/fr\/wp-json\/wp\/v2\/pages"}],"about":[{"href":"https:\/\/biotechlerncenter.interpharma.ch\/fr\/wp-json\/wp\/v2\/types\/page"}],"author":[{"embeddable":true,"href":"https:\/\/biotechlerncenter.interpharma.ch\/fr\/wp-json\/wp\/v2\/users\/1"}],"replies":[{"embeddable":true,"href":"https:\/\/biotechlerncenter.interpharma.ch\/fr\/wp-json\/wp\/v2\/comments?post=600"}],"version-history":[{"count":1,"href":"https:\/\/biotechlerncenter.interpharma.ch\/fr\/wp-json\/wp\/v2\/pages\/600\/revisions"}],"predecessor-version":[{"id":601,"href":"https:\/\/biotechlerncenter.interpharma.ch\/fr\/wp-json\/wp\/v2\/pages\/600\/revisions\/601"}],"up":[{"embeddable":true,"href":"https:\/\/biotechlerncenter.interpharma.ch\/fr\/wp-json\/wp\/v2\/pages\/612"}],"wp:attachment":[{"href":"https:\/\/biotechlerncenter.interpharma.ch\/fr\/wp-json\/wp\/v2\/media?parent=600"}],"curies":[{"name":"wp","href":"https:\/\/api.w.org\/{rel}","templated":true}]}}