{"id":584,"date":"2026-03-12T17:26:17","date_gmt":"2026-03-12T16:26:17","guid":{"rendered":"https:\/\/biotechlerncenter.iph-multisite.berta-bewegt.ch\/?page_id=584"},"modified":"2026-03-12T17:26:17","modified_gmt":"2026-03-12T16:26:17","slug":"1-comment-les-defauts-genetiques-entrainent-des-maladies","status":"publish","type":"page","link":"https:\/\/biotechlerncenter.interpharma.ch\/fr\/sujets\/therapie-genique-soigner-les-maladies-a-laide-de-genes\/1-comment-les-defauts-genetiques-entrainent-des-maladies\/","title":{"rendered":"1. Comment les d\u00e9fauts g\u00e9n\u00e9tiques entra\u00eenent des maladies"},"content":{"rendered":"\n<p>Les g\u00e8nes sont le mode d\u2019emploi de notre organisme. C\u2019est notre patrimoine g\u00e9n\u00e9tique, l\u2019ADN, qui renferme les informations sur la structure de toutes les prot\u00e9ines (voir le chapitre \u00abG\u00e9nie g\u00e9n\u00e9tique\u00bb). Mais que se passe-t-il si une ligne du code ADN contient des erreurs? Ce sont de telles erreurs g\u00e9n\u00e9tiques qui entra\u00eenent des maladies pouvant, dans le pire des cas, \u00eatre mortelles. M\u00eame chez les personnes en bonne sant\u00e9, les erreurs g\u00e9n\u00e9tiques sont plus fr\u00e9quentes qu\u2019on ne le pense. En effet, on suppose que chez presque chacun, certains g\u00e8nes ne fonctionnent pas ou pas correctement. Le plus souvent, cela passe inaper\u00e7u car la plupart des g\u00e8nes existent en double: une copie h\u00e9rit\u00e9e du p\u00e8re, une de la m\u00e8re. Si une seule copie est atteinte, l\u2019autre g\u00e8ne en bonne sant\u00e9 peut se charger de ses t\u00e2ches. En revanche, si tous deux sont d\u00e9fectueux, cela veut dire par exemple qu\u2019une prot\u00e9ine importante ne sera pas produite ou que des cellules et des tissus ne pourront pas se former correctement. Des maladies dues \u00e0 de tels d\u00e9fauts de g\u00e8nes isol\u00e9s sont par exemple la fibrose kystique (mucoviscidose), l\u2019h\u00e9mophilie ou la dystrophie musculaire. Dans le monde entier, des chercheurs s\u2019attachent \u00e0 d\u00e9velopper des th\u00e9rapies g\u00e9niques afin de gu\u00e9rir des maladies d\u2019origine g\u00e9n\u00e9tique directement l\u00e0 o\u00f9 elles naissent: dans le g\u00e9nome. Il ne s\u2019agit plus de traiter les sympt\u00f4mes, mais de corriger la cause.<\/p>\n","protected":false},"excerpt":{"rendered":"<p>Les g\u00e8nes sont le mode d\u2019emploi de notre organisme. C\u2019est notre patrimoine g\u00e9n\u00e9tique, l\u2019ADN, qui renferme les informations sur la structure de toutes les prot\u00e9ines (voir le chapitre \u00abG\u00e9nie g\u00e9n\u00e9tique\u00bb). Mais que se passe-t-il si une ligne du code ADN contient des erreurs? Ce sont de telles erreurs g\u00e9n\u00e9tiques qui entra\u00eenent des maladies pouvant, dans [&hellip;]<\/p>\n","protected":false},"author":1,"featured_media":0,"parent":612,"menu_order":0,"comment_status":"closed","ping_status":"closed","template":"page-templates\/unterthema.php","meta":{"_acf_changed":false,"inline_featured_image":false,"footnotes":""},"class_list":["post-584","page","type-page","status-publish","hentry"],"acf":[],"yoast_head":"<!-- This site is optimized with the Yoast SEO Premium plugin v27.2 (Yoast SEO v27.2) - https:\/\/yoast.com\/product\/yoast-seo-premium-wordpress\/ -->\n<title>1. Comment les d\u00e9fauts g\u00e9n\u00e9tiques entra\u00eenent des maladies - biotechlerncenter<\/title>\n<meta name=\"robots\" content=\"index, follow, max-snippet:-1, max-image-preview:large, max-video-preview:-1\" \/>\n<link rel=\"canonical\" href=\"https:\/\/biotechlerncenter.interpharma.ch\/fr\/sujets\/therapie-genique-soigner-les-maladies-a-laide-de-genes\/1-comment-les-defauts-genetiques-entrainent-des-maladies\/\" \/>\n<meta property=\"og:locale\" content=\"fr_FR\" \/>\n<meta property=\"og:type\" content=\"article\" \/>\n<meta property=\"og:title\" content=\"1. Comment les d\u00e9fauts g\u00e9n\u00e9tiques entra\u00eenent des maladies\" \/>\n<meta property=\"og:description\" content=\"Les g\u00e8nes sont le mode d\u2019emploi de notre organisme. C\u2019est notre patrimoine g\u00e9n\u00e9tique, l\u2019ADN, qui renferme les informations sur la structure de toutes les prot\u00e9ines (voir le chapitre \u00abG\u00e9nie g\u00e9n\u00e9tique\u00bb). Mais que se passe-t-il si une ligne du code ADN contient des erreurs? Ce sont de telles erreurs g\u00e9n\u00e9tiques qui entra\u00eenent des maladies pouvant, dans [&hellip;]\" \/>\n<meta property=\"og:url\" content=\"https:\/\/biotechlerncenter.interpharma.ch\/fr\/sujets\/therapie-genique-soigner-les-maladies-a-laide-de-genes\/1-comment-les-defauts-genetiques-entrainent-des-maladies\/\" \/>\n<meta property=\"og:site_name\" content=\"biotechlerncenter\" \/>\n<meta name=\"twitter:card\" content=\"summary_large_image\" \/>\n<meta name=\"twitter:label1\" content=\"Dur\u00e9e de lecture estim\u00e9e\" \/>\n\t<meta name=\"twitter:data1\" content=\"1 minute\" \/>\n<script type=\"application\/ld+json\" class=\"yoast-schema-graph\">{\"@context\":\"https:\/\/schema.org\",\"@graph\":[{\"@type\":\"WebPage\",\"@id\":\"https:\/\/biotechlerncenter.interpharma.ch\/fr\/sujets\/therapie-genique-soigner-les-maladies-a-laide-de-genes\/1-comment-les-defauts-genetiques-entrainent-des-maladies\/\",\"url\":\"https:\/\/biotechlerncenter.interpharma.ch\/fr\/sujets\/therapie-genique-soigner-les-maladies-a-laide-de-genes\/1-comment-les-defauts-genetiques-entrainent-des-maladies\/\",\"name\":\"1. Comment les d\u00e9fauts g\u00e9n\u00e9tiques entra\u00eenent des maladies - biotechlerncenter\",\"isPartOf\":{\"@id\":\"https:\/\/biotechlerncenter.interpharma.ch\/#website\"},\"datePublished\":\"2026-03-12T16:26:17+00:00\",\"breadcrumb\":{\"@id\":\"https:\/\/biotechlerncenter.interpharma.ch\/fr\/sujets\/therapie-genique-soigner-les-maladies-a-laide-de-genes\/1-comment-les-defauts-genetiques-entrainent-des-maladies\/#breadcrumb\"},\"inLanguage\":\"fr-FR\",\"potentialAction\":[{\"@type\":\"ReadAction\",\"target\":[\"https:\/\/biotechlerncenter.interpharma.ch\/fr\/sujets\/therapie-genique-soigner-les-maladies-a-laide-de-genes\/1-comment-les-defauts-genetiques-entrainent-des-maladies\/\"]}]},{\"@type\":\"BreadcrumbList\",\"@id\":\"https:\/\/biotechlerncenter.interpharma.ch\/fr\/sujets\/therapie-genique-soigner-les-maladies-a-laide-de-genes\/1-comment-les-defauts-genetiques-entrainent-des-maladies\/#breadcrumb\",\"itemListElement\":[{\"@type\":\"ListItem\",\"position\":1,\"name\":\"Start\",\"item\":\"https:\/\/biotechlerncenter.interpharma.ch\/fr\/\"},{\"@type\":\"ListItem\",\"position\":2,\"name\":\"Sujets\",\"item\":\"https:\/\/biotechlerncenter.interpharma.ch\/fr\/sujets\/\"},{\"@type\":\"ListItem\",\"position\":3,\"name\":\"Th\u00e9rapie g\u00e9nique: soigner les maladies \u00e0 l\u2019aide de g\u00e8nes\",\"item\":\"https:\/\/biotechlerncenter.interpharma.ch\/fr\/sujets\/therapie-genique-soigner-les-maladies-a-laide-de-genes\/\"},{\"@type\":\"ListItem\",\"position\":4,\"name\":\"1. Comment les d\u00e9fauts g\u00e9n\u00e9tiques entra\u00eenent des maladies\"}]},{\"@type\":\"WebSite\",\"@id\":\"https:\/\/biotechlerncenter.interpharma.ch\/#website\",\"url\":\"https:\/\/biotechlerncenter.interpharma.ch\/\",\"name\":\"biotechlerncenter\",\"description\":\"\",\"potentialAction\":[{\"@type\":\"SearchAction\",\"target\":{\"@type\":\"EntryPoint\",\"urlTemplate\":\"https:\/\/biotechlerncenter.interpharma.ch\/?s={search_term_string}\"},\"query-input\":{\"@type\":\"PropertyValueSpecification\",\"valueRequired\":true,\"valueName\":\"search_term_string\"}}],\"inLanguage\":\"fr-FR\"}]}<\/script>\n<!-- \/ Yoast SEO Premium plugin. -->","yoast_head_json":{"title":"1. Comment les d\u00e9fauts g\u00e9n\u00e9tiques entra\u00eenent des maladies - biotechlerncenter","robots":{"index":"index","follow":"follow","max-snippet":"max-snippet:-1","max-image-preview":"max-image-preview:large","max-video-preview":"max-video-preview:-1"},"canonical":"https:\/\/biotechlerncenter.interpharma.ch\/fr\/sujets\/therapie-genique-soigner-les-maladies-a-laide-de-genes\/1-comment-les-defauts-genetiques-entrainent-des-maladies\/","og_locale":"fr_FR","og_type":"article","og_title":"1. Comment les d\u00e9fauts g\u00e9n\u00e9tiques entra\u00eenent des maladies","og_description":"Les g\u00e8nes sont le mode d\u2019emploi de notre organisme. C\u2019est notre patrimoine g\u00e9n\u00e9tique, l\u2019ADN, qui renferme les informations sur la structure de toutes les prot\u00e9ines (voir le chapitre \u00abG\u00e9nie g\u00e9n\u00e9tique\u00bb). Mais que se passe-t-il si une ligne du code ADN contient des erreurs? Ce sont de telles erreurs g\u00e9n\u00e9tiques qui entra\u00eenent des maladies pouvant, dans [&hellip;]","og_url":"https:\/\/biotechlerncenter.interpharma.ch\/fr\/sujets\/therapie-genique-soigner-les-maladies-a-laide-de-genes\/1-comment-les-defauts-genetiques-entrainent-des-maladies\/","og_site_name":"biotechlerncenter","twitter_card":"summary_large_image","twitter_misc":{"Dur\u00e9e de lecture estim\u00e9e":"1 minute"},"schema":{"@context":"https:\/\/schema.org","@graph":[{"@type":"WebPage","@id":"https:\/\/biotechlerncenter.interpharma.ch\/fr\/sujets\/therapie-genique-soigner-les-maladies-a-laide-de-genes\/1-comment-les-defauts-genetiques-entrainent-des-maladies\/","url":"https:\/\/biotechlerncenter.interpharma.ch\/fr\/sujets\/therapie-genique-soigner-les-maladies-a-laide-de-genes\/1-comment-les-defauts-genetiques-entrainent-des-maladies\/","name":"1. Comment les d\u00e9fauts g\u00e9n\u00e9tiques entra\u00eenent des maladies - biotechlerncenter","isPartOf":{"@id":"https:\/\/biotechlerncenter.interpharma.ch\/#website"},"datePublished":"2026-03-12T16:26:17+00:00","breadcrumb":{"@id":"https:\/\/biotechlerncenter.interpharma.ch\/fr\/sujets\/therapie-genique-soigner-les-maladies-a-laide-de-genes\/1-comment-les-defauts-genetiques-entrainent-des-maladies\/#breadcrumb"},"inLanguage":"fr-FR","potentialAction":[{"@type":"ReadAction","target":["https:\/\/biotechlerncenter.interpharma.ch\/fr\/sujets\/therapie-genique-soigner-les-maladies-a-laide-de-genes\/1-comment-les-defauts-genetiques-entrainent-des-maladies\/"]}]},{"@type":"BreadcrumbList","@id":"https:\/\/biotechlerncenter.interpharma.ch\/fr\/sujets\/therapie-genique-soigner-les-maladies-a-laide-de-genes\/1-comment-les-defauts-genetiques-entrainent-des-maladies\/#breadcrumb","itemListElement":[{"@type":"ListItem","position":1,"name":"Start","item":"https:\/\/biotechlerncenter.interpharma.ch\/fr\/"},{"@type":"ListItem","position":2,"name":"Sujets","item":"https:\/\/biotechlerncenter.interpharma.ch\/fr\/sujets\/"},{"@type":"ListItem","position":3,"name":"Th\u00e9rapie g\u00e9nique: soigner les maladies \u00e0 l\u2019aide de g\u00e8nes","item":"https:\/\/biotechlerncenter.interpharma.ch\/fr\/sujets\/therapie-genique-soigner-les-maladies-a-laide-de-genes\/"},{"@type":"ListItem","position":4,"name":"1. Comment les d\u00e9fauts g\u00e9n\u00e9tiques entra\u00eenent des maladies"}]},{"@type":"WebSite","@id":"https:\/\/biotechlerncenter.interpharma.ch\/#website","url":"https:\/\/biotechlerncenter.interpharma.ch\/","name":"biotechlerncenter","description":"","potentialAction":[{"@type":"SearchAction","target":{"@type":"EntryPoint","urlTemplate":"https:\/\/biotechlerncenter.interpharma.ch\/?s={search_term_string}"},"query-input":{"@type":"PropertyValueSpecification","valueRequired":true,"valueName":"search_term_string"}}],"inLanguage":"fr-FR"}]}},"_links":{"self":[{"href":"https:\/\/biotechlerncenter.interpharma.ch\/fr\/wp-json\/wp\/v2\/pages\/584","targetHints":{"allow":["GET"]}}],"collection":[{"href":"https:\/\/biotechlerncenter.interpharma.ch\/fr\/wp-json\/wp\/v2\/pages"}],"about":[{"href":"https:\/\/biotechlerncenter.interpharma.ch\/fr\/wp-json\/wp\/v2\/types\/page"}],"author":[{"embeddable":true,"href":"https:\/\/biotechlerncenter.interpharma.ch\/fr\/wp-json\/wp\/v2\/users\/1"}],"replies":[{"embeddable":true,"href":"https:\/\/biotechlerncenter.interpharma.ch\/fr\/wp-json\/wp\/v2\/comments?post=584"}],"version-history":[{"count":1,"href":"https:\/\/biotechlerncenter.interpharma.ch\/fr\/wp-json\/wp\/v2\/pages\/584\/revisions"}],"predecessor-version":[{"id":585,"href":"https:\/\/biotechlerncenter.interpharma.ch\/fr\/wp-json\/wp\/v2\/pages\/584\/revisions\/585"}],"up":[{"embeddable":true,"href":"https:\/\/biotechlerncenter.interpharma.ch\/fr\/wp-json\/wp\/v2\/pages\/612"}],"wp:attachment":[{"href":"https:\/\/biotechlerncenter.interpharma.ch\/fr\/wp-json\/wp\/v2\/media?parent=584"}],"curies":[{"name":"wp","href":"https:\/\/api.w.org\/{rel}","templated":true}]}}