{"id":572,"date":"2026-03-12T17:26:16","date_gmt":"2026-03-12T16:26:16","guid":{"rendered":"https:\/\/biotechlerncenter.iph-multisite.berta-bewegt.ch\/?page_id=572"},"modified":"2026-03-12T17:26:16","modified_gmt":"2026-03-12T16:26:16","slug":"6-la-recherche-continue","status":"publish","type":"page","link":"https:\/\/biotechlerncenter.interpharma.ch\/fr\/sujets\/hepatite-lorsque-le-foie-souffre-dune-inflammation\/6-la-recherche-continue\/","title":{"rendered":"6. La recherche continue"},"content":{"rendered":"\n<p>Les succ\u00e8s du traitement de l\u2019h\u00e9patite ces derni\u00e8res ann\u00e9es ont donn\u00e9 de l\u2019\u00e9lan \u00e0 la recherche car on continue \u00e0 avoir besoin de nouveaux m\u00e9dicaments, par exemple pour raccourcir la dur\u00e9e du traitement des sous-types de virus difficiles \u00e0 combattre. Plus on a de m\u00e9dicaments diff\u00e9rents contre l\u2019h\u00e9patite C, mieux les m\u00e9decins pourront soigner les diff\u00e9rents patients de mani\u00e8re sp\u00e9cifique. De nombreux nouveaux m\u00e9dicaments sont d\u00e9j\u00e0 \u00e0 un stade avanc\u00e9 de d\u00e9veloppement, certains ne sont pas loin de la mise sur le march\u00e9: dans l\u2019UE, onze substances actives sont actuellement en derni\u00e8re phase de d\u00e9veloppement, la phase III (\u00e9tat en d\u00e9cembre 2016).<\/p>\n\n\n\n<p>En plus de la recherche de nouveaux m\u00e9dicaments, la recherche d\u2019un vaccin, comme on en a d\u00e9j\u00e0 depuis longtemps contre l\u2019h\u00e9patite A et B, est \u00e9galement intensive, dans le but d\u2019emp\u00eacher d\u2019embl\u00e9e l\u2019infection au virus de l\u2019h\u00e9patite C.<\/p>\n","protected":false},"excerpt":{"rendered":"<p>Les succ\u00e8s du traitement de l\u2019h\u00e9patite ces derni\u00e8res ann\u00e9es ont donn\u00e9 de l\u2019\u00e9lan \u00e0 la recherche car on continue \u00e0 avoir besoin de nouveaux m\u00e9dicaments, par exemple pour raccourcir la dur\u00e9e du traitement des sous-types de virus difficiles \u00e0 combattre. Plus on a de m\u00e9dicaments diff\u00e9rents contre l\u2019h\u00e9patite C, mieux les m\u00e9decins pourront soigner les [&hellip;]<\/p>\n","protected":false},"author":1,"featured_media":0,"parent":548,"menu_order":5,"comment_status":"closed","ping_status":"closed","template":"page-templates\/unterthema.php","meta":{"_acf_changed":false,"inline_featured_image":false,"footnotes":""},"class_list":["post-572","page","type-page","status-publish","hentry"],"acf":[],"yoast_head":"<!-- This site is optimized with the Yoast SEO Premium plugin v27.2 (Yoast SEO v27.2) - https:\/\/yoast.com\/product\/yoast-seo-premium-wordpress\/ -->\n<title>6. La recherche continue - biotechlerncenter<\/title>\n<meta name=\"robots\" content=\"index, follow, max-snippet:-1, max-image-preview:large, max-video-preview:-1\" \/>\n<link rel=\"canonical\" href=\"https:\/\/biotechlerncenter.interpharma.ch\/themen\/hepatitis-wenn-sich-die-leber-entzuendet\/6-die-forschung-geht-weiter\/\" \/>\n<meta property=\"og:locale\" content=\"fr_FR\" \/>\n<meta property=\"og:type\" content=\"article\" \/>\n<meta property=\"og:title\" content=\"6. La recherche continue\" \/>\n<meta property=\"og:description\" content=\"Les succ\u00e8s du traitement de l\u2019h\u00e9patite ces derni\u00e8res ann\u00e9es ont donn\u00e9 de l\u2019\u00e9lan \u00e0 la recherche car on continue \u00e0 avoir besoin de nouveaux m\u00e9dicaments, par exemple pour raccourcir la dur\u00e9e du traitement des sous-types de virus difficiles \u00e0 combattre. Plus on a de m\u00e9dicaments diff\u00e9rents contre l\u2019h\u00e9patite C, mieux les m\u00e9decins pourront soigner les [&hellip;]\" \/>\n<meta property=\"og:url\" content=\"https:\/\/biotechlerncenter.interpharma.ch\/themen\/hepatitis-wenn-sich-die-leber-entzuendet\/6-die-forschung-geht-weiter\/\" \/>\n<meta property=\"og:site_name\" content=\"biotechlerncenter\" \/>\n<meta name=\"twitter:card\" content=\"summary_large_image\" \/>\n<meta name=\"twitter:label1\" content=\"Dur\u00e9e de lecture estim\u00e9e\" \/>\n\t<meta name=\"twitter:data1\" content=\"1 minute\" \/>\n<script type=\"application\/ld+json\" class=\"yoast-schema-graph\">{\"@context\":\"https:\/\/schema.org\",\"@graph\":[{\"@type\":\"WebPage\",\"@id\":\"https:\/\/biotechlerncenter.interpharma.ch\/themen\/hepatitis-wenn-sich-die-leber-entzuendet\/6-die-forschung-geht-weiter\/\",\"url\":\"https:\/\/biotechlerncenter.interpharma.ch\/themen\/hepatitis-wenn-sich-die-leber-entzuendet\/6-die-forschung-geht-weiter\/\",\"name\":\"6. La recherche continue - biotechlerncenter\",\"isPartOf\":{\"@id\":\"https:\/\/biotechlerncenter.interpharma.ch\/#website\"},\"datePublished\":\"2026-03-12T16:26:16+00:00\",\"breadcrumb\":{\"@id\":\"https:\/\/biotechlerncenter.interpharma.ch\/themen\/hepatitis-wenn-sich-die-leber-entzuendet\/6-die-forschung-geht-weiter\/#breadcrumb\"},\"inLanguage\":\"fr-FR\",\"potentialAction\":[{\"@type\":\"ReadAction\",\"target\":[\"https:\/\/biotechlerncenter.interpharma.ch\/themen\/hepatitis-wenn-sich-die-leber-entzuendet\/6-die-forschung-geht-weiter\/\"]}]},{\"@type\":\"BreadcrumbList\",\"@id\":\"https:\/\/biotechlerncenter.interpharma.ch\/themen\/hepatitis-wenn-sich-die-leber-entzuendet\/6-die-forschung-geht-weiter\/#breadcrumb\",\"itemListElement\":[{\"@type\":\"ListItem\",\"position\":1,\"name\":\"Start\",\"item\":\"https:\/\/biotechlerncenter.interpharma.ch\/fr\/\"},{\"@type\":\"ListItem\",\"position\":2,\"name\":\"Sujets\",\"item\":\"https:\/\/biotechlerncenter.interpharma.ch\/fr\/sujets\/\"},{\"@type\":\"ListItem\",\"position\":3,\"name\":\"H\u00e9patite: lorsque le foie souffre d\u2019une inflammation\",\"item\":\"https:\/\/biotechlerncenter.interpharma.ch\/fr\/sujets\/hepatite-lorsque-le-foie-souffre-dune-inflammation\/\"},{\"@type\":\"ListItem\",\"position\":4,\"name\":\"6. La recherche continue\"}]},{\"@type\":\"WebSite\",\"@id\":\"https:\/\/biotechlerncenter.interpharma.ch\/#website\",\"url\":\"https:\/\/biotechlerncenter.interpharma.ch\/\",\"name\":\"biotechlerncenter\",\"description\":\"\",\"potentialAction\":[{\"@type\":\"SearchAction\",\"target\":{\"@type\":\"EntryPoint\",\"urlTemplate\":\"https:\/\/biotechlerncenter.interpharma.ch\/?s={search_term_string}\"},\"query-input\":{\"@type\":\"PropertyValueSpecification\",\"valueRequired\":true,\"valueName\":\"search_term_string\"}}],\"inLanguage\":\"fr-FR\"}]}<\/script>\n<!-- \/ Yoast SEO Premium plugin. -->","yoast_head_json":{"title":"6. La recherche continue - biotechlerncenter","robots":{"index":"index","follow":"follow","max-snippet":"max-snippet:-1","max-image-preview":"max-image-preview:large","max-video-preview":"max-video-preview:-1"},"canonical":"https:\/\/biotechlerncenter.interpharma.ch\/themen\/hepatitis-wenn-sich-die-leber-entzuendet\/6-die-forschung-geht-weiter\/","og_locale":"fr_FR","og_type":"article","og_title":"6. La recherche continue","og_description":"Les succ\u00e8s du traitement de l\u2019h\u00e9patite ces derni\u00e8res ann\u00e9es ont donn\u00e9 de l\u2019\u00e9lan \u00e0 la recherche car on continue \u00e0 avoir besoin de nouveaux m\u00e9dicaments, par exemple pour raccourcir la dur\u00e9e du traitement des sous-types de virus difficiles \u00e0 combattre. Plus on a de m\u00e9dicaments diff\u00e9rents contre l\u2019h\u00e9patite C, mieux les m\u00e9decins pourront soigner les [&hellip;]","og_url":"https:\/\/biotechlerncenter.interpharma.ch\/themen\/hepatitis-wenn-sich-die-leber-entzuendet\/6-die-forschung-geht-weiter\/","og_site_name":"biotechlerncenter","twitter_card":"summary_large_image","twitter_misc":{"Dur\u00e9e de lecture estim\u00e9e":"1 minute"},"schema":{"@context":"https:\/\/schema.org","@graph":[{"@type":"WebPage","@id":"https:\/\/biotechlerncenter.interpharma.ch\/themen\/hepatitis-wenn-sich-die-leber-entzuendet\/6-die-forschung-geht-weiter\/","url":"https:\/\/biotechlerncenter.interpharma.ch\/themen\/hepatitis-wenn-sich-die-leber-entzuendet\/6-die-forschung-geht-weiter\/","name":"6. La recherche continue - biotechlerncenter","isPartOf":{"@id":"https:\/\/biotechlerncenter.interpharma.ch\/#website"},"datePublished":"2026-03-12T16:26:16+00:00","breadcrumb":{"@id":"https:\/\/biotechlerncenter.interpharma.ch\/themen\/hepatitis-wenn-sich-die-leber-entzuendet\/6-die-forschung-geht-weiter\/#breadcrumb"},"inLanguage":"fr-FR","potentialAction":[{"@type":"ReadAction","target":["https:\/\/biotechlerncenter.interpharma.ch\/themen\/hepatitis-wenn-sich-die-leber-entzuendet\/6-die-forschung-geht-weiter\/"]}]},{"@type":"BreadcrumbList","@id":"https:\/\/biotechlerncenter.interpharma.ch\/themen\/hepatitis-wenn-sich-die-leber-entzuendet\/6-die-forschung-geht-weiter\/#breadcrumb","itemListElement":[{"@type":"ListItem","position":1,"name":"Start","item":"https:\/\/biotechlerncenter.interpharma.ch\/fr\/"},{"@type":"ListItem","position":2,"name":"Sujets","item":"https:\/\/biotechlerncenter.interpharma.ch\/fr\/sujets\/"},{"@type":"ListItem","position":3,"name":"H\u00e9patite: lorsque le foie souffre d\u2019une inflammation","item":"https:\/\/biotechlerncenter.interpharma.ch\/fr\/sujets\/hepatite-lorsque-le-foie-souffre-dune-inflammation\/"},{"@type":"ListItem","position":4,"name":"6. La recherche continue"}]},{"@type":"WebSite","@id":"https:\/\/biotechlerncenter.interpharma.ch\/#website","url":"https:\/\/biotechlerncenter.interpharma.ch\/","name":"biotechlerncenter","description":"","potentialAction":[{"@type":"SearchAction","target":{"@type":"EntryPoint","urlTemplate":"https:\/\/biotechlerncenter.interpharma.ch\/?s={search_term_string}"},"query-input":{"@type":"PropertyValueSpecification","valueRequired":true,"valueName":"search_term_string"}}],"inLanguage":"fr-FR"}]}},"_links":{"self":[{"href":"https:\/\/biotechlerncenter.interpharma.ch\/fr\/wp-json\/wp\/v2\/pages\/572","targetHints":{"allow":["GET"]}}],"collection":[{"href":"https:\/\/biotechlerncenter.interpharma.ch\/fr\/wp-json\/wp\/v2\/pages"}],"about":[{"href":"https:\/\/biotechlerncenter.interpharma.ch\/fr\/wp-json\/wp\/v2\/types\/page"}],"author":[{"embeddable":true,"href":"https:\/\/biotechlerncenter.interpharma.ch\/fr\/wp-json\/wp\/v2\/users\/1"}],"replies":[{"embeddable":true,"href":"https:\/\/biotechlerncenter.interpharma.ch\/fr\/wp-json\/wp\/v2\/comments?post=572"}],"version-history":[{"count":1,"href":"https:\/\/biotechlerncenter.interpharma.ch\/fr\/wp-json\/wp\/v2\/pages\/572\/revisions"}],"predecessor-version":[{"id":573,"href":"https:\/\/biotechlerncenter.interpharma.ch\/fr\/wp-json\/wp\/v2\/pages\/572\/revisions\/573"}],"up":[{"embeddable":true,"href":"https:\/\/biotechlerncenter.interpharma.ch\/fr\/wp-json\/wp\/v2\/pages\/548"}],"wp:attachment":[{"href":"https:\/\/biotechlerncenter.interpharma.ch\/fr\/wp-json\/wp\/v2\/media?parent=572"}],"curies":[{"name":"wp","href":"https:\/\/api.w.org\/{rel}","templated":true}]}}