{"id":556,"date":"2026-03-12T17:26:15","date_gmt":"2026-03-12T16:26:15","guid":{"rendered":"https:\/\/biotechlerncenter.iph-multisite.berta-bewegt.ch\/?page_id=556"},"modified":"2026-03-12T17:26:15","modified_gmt":"2026-03-12T16:26:15","slug":"2-quest-ce-que-lhepatite","status":"publish","type":"page","link":"https:\/\/biotechlerncenter.interpharma.ch\/fr\/sujets\/hepatite-lorsque-le-foie-souffre-dune-inflammation\/2-quest-ce-que-lhepatite\/","title":{"rendered":"2. Qu\u2019est-ce que l\u2019h\u00e9patite?"},"content":{"rendered":"\n<p>L\u2019h\u00e9patite est une inflammation du foie. Le mot vient du grec \u00abhepar\u00bb (foie) avec la terminaison en \u00abite\u00bb (inflammation). La maladie peut \u00eatre d\u00e9clench\u00e9e par de nombreux facteurs diff\u00e9rents, par exemple des bact\u00e9ries ou une consommation excessive d\u2019alcool. La cause la plus fr\u00e9quente est cependant une infection par un virus de l\u2019h\u00e9patite.<br>Lorsque des virus de l\u2019h\u00e9patite arrivent dans le sang, ils y cherchent le chemin du foie et p\u00e9n\u00e8trent dans ses cellules. L\u2019organisme active alors son syst\u00e8me immunitaire, les cellules immunitaires attaquent les cellules du foie atteintes par le virus, d\u2019o\u00f9 une inflammation du foie.<\/p>\n\n\n\n<p>L\u2019h\u00e9patite est aussi appel\u00e9e famili\u00e8rement jaunisse. Ce nom vient du sympt\u00f4me le plus frappant, mais qui ne se manifeste pas toujours, de l\u2019inflammation du foie: une coloration jaun\u00e2tre de la peau et du blanc de l\u2019\u0153il. Cette coloration appara\u00eet lorsque trop de globules rouges meurent chez les patient-e-s. C\u2019est le foie qui \u00e9limine les globules rouges morts, mais en cas d\u2019h\u00e9patite, il ne parvient plus \u00e0 les \u00e9liminer suffisamment. La bilirubine, pigment jaune produit de cette d\u00e9gradation, est alors produite en exc\u00e8s. Elle se d\u00e9pose dans les tissus et on le voit particuli\u00e8rement bien dans les yeux et sur la peau.<\/p>\n","protected":false},"excerpt":{"rendered":"<p>L\u2019h\u00e9patite est une inflammation du foie. Le mot vient du grec \u00abhepar\u00bb (foie) avec la terminaison en \u00abite\u00bb (inflammation). La maladie peut \u00eatre d\u00e9clench\u00e9e par de nombreux facteurs diff\u00e9rents, par exemple des bact\u00e9ries ou une consommation excessive d\u2019alcool. La cause la plus fr\u00e9quente est cependant une infection par un virus de l\u2019h\u00e9patite.Lorsque des virus de [&hellip;]<\/p>\n","protected":false},"author":1,"featured_media":0,"parent":548,"menu_order":1,"comment_status":"closed","ping_status":"closed","template":"page-templates\/unterthema.php","meta":{"_acf_changed":false,"inline_featured_image":false,"footnotes":""},"class_list":["post-556","page","type-page","status-publish","hentry"],"acf":[],"yoast_head":"<!-- This site is optimized with the Yoast SEO Premium plugin v27.2 (Yoast SEO v27.2) - https:\/\/yoast.com\/product\/yoast-seo-premium-wordpress\/ -->\n<title>2. Qu\u2019est-ce que l\u2019h\u00e9patite? - biotechlerncenter<\/title>\n<meta name=\"robots\" content=\"index, follow, max-snippet:-1, max-image-preview:large, max-video-preview:-1\" \/>\n<link rel=\"canonical\" href=\"https:\/\/biotechlerncenter.interpharma.ch\/themen\/hepatitis-wenn-sich-die-leber-entzuendet\/2-was-ist-hepatitis\/\" \/>\n<meta property=\"og:locale\" content=\"fr_FR\" \/>\n<meta property=\"og:type\" content=\"article\" \/>\n<meta property=\"og:title\" content=\"2. Qu\u2019est-ce que l\u2019h\u00e9patite?\" \/>\n<meta property=\"og:description\" content=\"L\u2019h\u00e9patite est une inflammation du foie. Le mot vient du grec \u00abhepar\u00bb (foie) avec la terminaison en \u00abite\u00bb (inflammation). La maladie peut \u00eatre d\u00e9clench\u00e9e par de nombreux facteurs diff\u00e9rents, par exemple des bact\u00e9ries ou une consommation excessive d\u2019alcool. La cause la plus fr\u00e9quente est cependant une infection par un virus de l\u2019h\u00e9patite.Lorsque des virus de [&hellip;]\" \/>\n<meta property=\"og:url\" content=\"https:\/\/biotechlerncenter.interpharma.ch\/themen\/hepatitis-wenn-sich-die-leber-entzuendet\/2-was-ist-hepatitis\/\" \/>\n<meta property=\"og:site_name\" content=\"biotechlerncenter\" \/>\n<meta name=\"twitter:card\" content=\"summary_large_image\" \/>\n<meta name=\"twitter:label1\" content=\"Dur\u00e9e de lecture estim\u00e9e\" \/>\n\t<meta name=\"twitter:data1\" content=\"1 minute\" \/>\n<script type=\"application\/ld+json\" class=\"yoast-schema-graph\">{\"@context\":\"https:\/\/schema.org\",\"@graph\":[{\"@type\":\"WebPage\",\"@id\":\"https:\/\/biotechlerncenter.interpharma.ch\/themen\/hepatitis-wenn-sich-die-leber-entzuendet\/2-was-ist-hepatitis\/\",\"url\":\"https:\/\/biotechlerncenter.interpharma.ch\/themen\/hepatitis-wenn-sich-die-leber-entzuendet\/2-was-ist-hepatitis\/\",\"name\":\"2. Qu\u2019est-ce que l\u2019h\u00e9patite? - biotechlerncenter\",\"isPartOf\":{\"@id\":\"https:\/\/biotechlerncenter.interpharma.ch\/#website\"},\"datePublished\":\"2026-03-12T16:26:15+00:00\",\"breadcrumb\":{\"@id\":\"https:\/\/biotechlerncenter.interpharma.ch\/themen\/hepatitis-wenn-sich-die-leber-entzuendet\/2-was-ist-hepatitis\/#breadcrumb\"},\"inLanguage\":\"fr-FR\",\"potentialAction\":[{\"@type\":\"ReadAction\",\"target\":[\"https:\/\/biotechlerncenter.interpharma.ch\/themen\/hepatitis-wenn-sich-die-leber-entzuendet\/2-was-ist-hepatitis\/\"]}]},{\"@type\":\"BreadcrumbList\",\"@id\":\"https:\/\/biotechlerncenter.interpharma.ch\/themen\/hepatitis-wenn-sich-die-leber-entzuendet\/2-was-ist-hepatitis\/#breadcrumb\",\"itemListElement\":[{\"@type\":\"ListItem\",\"position\":1,\"name\":\"Start\",\"item\":\"https:\/\/biotechlerncenter.interpharma.ch\/fr\/\"},{\"@type\":\"ListItem\",\"position\":2,\"name\":\"Sujets\",\"item\":\"https:\/\/biotechlerncenter.interpharma.ch\/fr\/sujets\/\"},{\"@type\":\"ListItem\",\"position\":3,\"name\":\"H\u00e9patite: lorsque le foie souffre d\u2019une inflammation\",\"item\":\"https:\/\/biotechlerncenter.interpharma.ch\/fr\/sujets\/hepatite-lorsque-le-foie-souffre-dune-inflammation\/\"},{\"@type\":\"ListItem\",\"position\":4,\"name\":\"2. Qu\u2019est-ce que l\u2019h\u00e9patite?\"}]},{\"@type\":\"WebSite\",\"@id\":\"https:\/\/biotechlerncenter.interpharma.ch\/#website\",\"url\":\"https:\/\/biotechlerncenter.interpharma.ch\/\",\"name\":\"biotechlerncenter\",\"description\":\"\",\"potentialAction\":[{\"@type\":\"SearchAction\",\"target\":{\"@type\":\"EntryPoint\",\"urlTemplate\":\"https:\/\/biotechlerncenter.interpharma.ch\/?s={search_term_string}\"},\"query-input\":{\"@type\":\"PropertyValueSpecification\",\"valueRequired\":true,\"valueName\":\"search_term_string\"}}],\"inLanguage\":\"fr-FR\"}]}<\/script>\n<!-- \/ Yoast SEO Premium plugin. -->","yoast_head_json":{"title":"2. Qu\u2019est-ce que l\u2019h\u00e9patite? - biotechlerncenter","robots":{"index":"index","follow":"follow","max-snippet":"max-snippet:-1","max-image-preview":"max-image-preview:large","max-video-preview":"max-video-preview:-1"},"canonical":"https:\/\/biotechlerncenter.interpharma.ch\/themen\/hepatitis-wenn-sich-die-leber-entzuendet\/2-was-ist-hepatitis\/","og_locale":"fr_FR","og_type":"article","og_title":"2. Qu\u2019est-ce que l\u2019h\u00e9patite?","og_description":"L\u2019h\u00e9patite est une inflammation du foie. Le mot vient du grec \u00abhepar\u00bb (foie) avec la terminaison en \u00abite\u00bb (inflammation). La maladie peut \u00eatre d\u00e9clench\u00e9e par de nombreux facteurs diff\u00e9rents, par exemple des bact\u00e9ries ou une consommation excessive d\u2019alcool. La cause la plus fr\u00e9quente est cependant une infection par un virus de l\u2019h\u00e9patite.Lorsque des virus de [&hellip;]","og_url":"https:\/\/biotechlerncenter.interpharma.ch\/themen\/hepatitis-wenn-sich-die-leber-entzuendet\/2-was-ist-hepatitis\/","og_site_name":"biotechlerncenter","twitter_card":"summary_large_image","twitter_misc":{"Dur\u00e9e de lecture estim\u00e9e":"1 minute"},"schema":{"@context":"https:\/\/schema.org","@graph":[{"@type":"WebPage","@id":"https:\/\/biotechlerncenter.interpharma.ch\/themen\/hepatitis-wenn-sich-die-leber-entzuendet\/2-was-ist-hepatitis\/","url":"https:\/\/biotechlerncenter.interpharma.ch\/themen\/hepatitis-wenn-sich-die-leber-entzuendet\/2-was-ist-hepatitis\/","name":"2. Qu\u2019est-ce que l\u2019h\u00e9patite? - biotechlerncenter","isPartOf":{"@id":"https:\/\/biotechlerncenter.interpharma.ch\/#website"},"datePublished":"2026-03-12T16:26:15+00:00","breadcrumb":{"@id":"https:\/\/biotechlerncenter.interpharma.ch\/themen\/hepatitis-wenn-sich-die-leber-entzuendet\/2-was-ist-hepatitis\/#breadcrumb"},"inLanguage":"fr-FR","potentialAction":[{"@type":"ReadAction","target":["https:\/\/biotechlerncenter.interpharma.ch\/themen\/hepatitis-wenn-sich-die-leber-entzuendet\/2-was-ist-hepatitis\/"]}]},{"@type":"BreadcrumbList","@id":"https:\/\/biotechlerncenter.interpharma.ch\/themen\/hepatitis-wenn-sich-die-leber-entzuendet\/2-was-ist-hepatitis\/#breadcrumb","itemListElement":[{"@type":"ListItem","position":1,"name":"Start","item":"https:\/\/biotechlerncenter.interpharma.ch\/fr\/"},{"@type":"ListItem","position":2,"name":"Sujets","item":"https:\/\/biotechlerncenter.interpharma.ch\/fr\/sujets\/"},{"@type":"ListItem","position":3,"name":"H\u00e9patite: lorsque le foie souffre d\u2019une inflammation","item":"https:\/\/biotechlerncenter.interpharma.ch\/fr\/sujets\/hepatite-lorsque-le-foie-souffre-dune-inflammation\/"},{"@type":"ListItem","position":4,"name":"2. Qu\u2019est-ce que l\u2019h\u00e9patite?"}]},{"@type":"WebSite","@id":"https:\/\/biotechlerncenter.interpharma.ch\/#website","url":"https:\/\/biotechlerncenter.interpharma.ch\/","name":"biotechlerncenter","description":"","potentialAction":[{"@type":"SearchAction","target":{"@type":"EntryPoint","urlTemplate":"https:\/\/biotechlerncenter.interpharma.ch\/?s={search_term_string}"},"query-input":{"@type":"PropertyValueSpecification","valueRequired":true,"valueName":"search_term_string"}}],"inLanguage":"fr-FR"}]}},"_links":{"self":[{"href":"https:\/\/biotechlerncenter.interpharma.ch\/fr\/wp-json\/wp\/v2\/pages\/556","targetHints":{"allow":["GET"]}}],"collection":[{"href":"https:\/\/biotechlerncenter.interpharma.ch\/fr\/wp-json\/wp\/v2\/pages"}],"about":[{"href":"https:\/\/biotechlerncenter.interpharma.ch\/fr\/wp-json\/wp\/v2\/types\/page"}],"author":[{"embeddable":true,"href":"https:\/\/biotechlerncenter.interpharma.ch\/fr\/wp-json\/wp\/v2\/users\/1"}],"replies":[{"embeddable":true,"href":"https:\/\/biotechlerncenter.interpharma.ch\/fr\/wp-json\/wp\/v2\/comments?post=556"}],"version-history":[{"count":1,"href":"https:\/\/biotechlerncenter.interpharma.ch\/fr\/wp-json\/wp\/v2\/pages\/556\/revisions"}],"predecessor-version":[{"id":557,"href":"https:\/\/biotechlerncenter.interpharma.ch\/fr\/wp-json\/wp\/v2\/pages\/556\/revisions\/557"}],"up":[{"embeddable":true,"href":"https:\/\/biotechlerncenter.interpharma.ch\/fr\/wp-json\/wp\/v2\/pages\/548"}],"wp:attachment":[{"href":"https:\/\/biotechlerncenter.interpharma.ch\/fr\/wp-json\/wp\/v2\/media?parent=556"}],"curies":[{"name":"wp","href":"https:\/\/api.w.org\/{rel}","templated":true}]}}