{"id":524,"date":"2026-03-12T17:26:13","date_gmt":"2026-03-12T16:26:13","guid":{"rendered":"https:\/\/biotechlerncenter.iph-multisite.berta-bewegt.ch\/?page_id=524"},"modified":"2026-03-13T18:21:36","modified_gmt":"2026-03-13T17:21:36","slug":"3-avantages-dagents-biopharmaceutiques","status":"publish","type":"page","link":"https:\/\/biotechlerncenter.interpharma.ch\/fr\/sujets\/production-de-medicaments\/3-avantages-dagents-biopharmaceutiques\/","title":{"rendered":"3. Avantages d&rsquo;agents biopharmaceutiques"},"content":{"rendered":"\n<p>Malheureusement, ces diff\u00e9rentes \u00e9tapes ne se passent pas toujours sans probl\u00e8me. En mati\u00e8re de bioproduction, les chercheurs luttent constamment contre les impuret\u00e9s pr\u00e9sentes dans les fermenteurs &#8211; par exemple les r\u00e9trovirus qui sont introduits dans les fermenteurs en m\u00eame temps que la lign\u00e9e cellulaire. Il est difficile d&rsquo;\u00e9liminer les virus, car ils sont tr\u00e8s petits et ne peuvent pas \u00eatre \u00e9cart\u00e9s par filtration. Les bact\u00e9ries et les champignons peuvent \u00e9galement susciter des probl\u00e8mes dans les fermenteurs. Ces cas sont certes tr\u00e8s rares, mais ils ont de graves cons\u00e9quences, car il faut alors \u00e9liminer tout le contenu du fermenteur.<\/p>\n\n\n\n<figure class=\"wp-block-image size-large\"><img decoding=\"async\" src=\"http:\/\/biotechlerncenter.interpharma.ch\/wp-content\/uploads\/sites\/4\/2020\/02\/roche_aufreinigungstank_900.jpg\" alt=\"\" class=\"wp-image-4273\"\/><figcaption>Chercheur contr\u00f4lant une cuve de fermentation.<br>\u00a9 Roche<\/figcaption><\/figure>\n\n\n\n<p>Pour produire des agents biopharmaceutiques, les chercheurs travaillent avec des lign\u00e9es cellulaires standardis\u00e9es toujours identiques, qui sont disponibles dans le monde entier. Celles-ci pr\u00e9sentent l&rsquo;avantage d&rsquo;avoir \u00e9t\u00e9 bien \u00e9tudi\u00e9es. Les lign\u00e9es cellulaires de<em>&nbsp;E.coli<\/em>&nbsp;sont m\u00eame les \u00eatres vivants les mieux \u00e9tudi\u00e9s dans le domaine des sciences naturelles. Si les chercheurs buttent sur des difficult\u00e9s lors de la production, ils peuvent recourir \u00e0 un gigantesque arsenal de documentation.<\/p>\n\n\n\n<p>Si les chercheurs ont modifi\u00e9 une lign\u00e9e cellulaire de mani\u00e8re \u00e0 produire la prot\u00e9ine souhait\u00e9e en quantit\u00e9 satisfaisante, ces cellules sont jalousement prot\u00e9g\u00e9es comme secret industriel, car elles sont l&rsquo;aboutissement d&rsquo;un travail consid\u00e9rable. On peut les conserver sur une longue p\u00e9riode \u00e0 moins 196 degr\u00e9s Celsius dans de l&rsquo;azote liquide. La plupart du temps, les entreprises constituent une banque de collection \u00e0 laquelle elles peuvent recourir en cas de besoin.<\/p>\n\n\n\n<p>Par ailleurs, pour produire des agents biopharmaceutiques, les scientifiques peuvent faire appel non seulement \u00e0 des micro-organismes et \u00e0 des cellules de mammif\u00e8res, mais \u00e9galement \u00e0 des plantes. Au cours de ces 20 derni\u00e8res ann\u00e9es, le potentiel de diff\u00e9rentes plantes pour produire des prot\u00e9ines biopharmaceutiques a \u00e9t\u00e9 spectaculairement d\u00e9montr\u00e9: plus de 20 vari\u00e9t\u00e9s de plantes diff\u00e9rentes ont permis de produire plus de 100 prot\u00e9ines diff\u00e9rentes de complexit\u00e9 variable. Aucun produit biopharmaceutique fabriqu\u00e9 \u00e0 partir de plantes n&rsquo;a toutefois encore \u00e9t\u00e9 commercialis\u00e9.<\/p>\n\n\n\n<div class=\"wp-block-group has-my-grey-background-color has-background\"><div class=\"wp-block-group__inner-container is-layout-flow wp-block-group-is-layout-flow\">\n<h2 class=\"wp-block-heading\"><strong>Une ch\u00e8vre g\u00e9n\u00e9tiquement modifi\u00e9e produit un principe actif<\/strong><\/h2>\n\n\n\n<p>A l&rsquo;\u00e9t\u00e9 2006 a \u00e9t\u00e9 pour la premi\u00e8re fois homologu\u00e9 en Europe un principe actif qui est produit par une ch\u00e8vre. Il s&rsquo;agit en l&rsquo;occurrence d&rsquo;une antithrombine humaine, administr\u00e9e aux patients qui souffrent d&rsquo;un d\u00e9ficit h\u00e9r\u00e9ditaire en antithrombine. Ce principe actif pr\u00e9vient la formation de caillots sanguins.<\/p>\n<\/div><\/div>\n\n\n\n<p>La production d&rsquo;agents biopharmaceutiques est complexe, co\u00fbteuse et comporte \u00e9galement des risques. A cela vient s&rsquo;ajouter que &#8211; du fait de la sensibilit\u00e9 de leur structure &#8211; ces principes actifs ne peuvent \u00eatre administr\u00e9s aux patients qu&rsquo;\u00e0 l&rsquo;aide d&rsquo;une seringue. Ils ne peuvent \u00eatre pris sous la forme plus maniable de comprim\u00e9s.<\/p>\n\n\n\n<p>La production d&rsquo;agents biopharmaceutiques se justifie n\u00e9anmoins parce que ces m\u00e9dicaments pr\u00e9sentent certains avantages par rapport aux m\u00e9dicaments classiques: leur action est par exemple tr\u00e8s sp\u00e9cifique dans l&rsquo;organisme, en ce sens qu&rsquo;ils r\u00e9agissent exclusivement avec la mol\u00e9cule cible. Leur m\u00e9canisme d&rsquo;action est plus proche de la situation naturelle, ce qui r\u00e9duit le risque de survenue d&rsquo;effets ind\u00e9sirables.<\/p>\n\n\n\n<p>Ces avantages des produits biopharmaceutiques sont \u00e9galement synonymes d&rsquo;un avantage \u00e9conomique. Au cours de ces derni\u00e8res ann\u00e9es, les co\u00fbts de recherche et de d\u00e9veloppement d&rsquo;un nouveau m\u00e9dicament n&rsquo;ont cess\u00e9 d&rsquo;augmenter et se situent d\u00e9sormais \u00e0 pr\u00e8s d&rsquo;un milliard de francs. La plupart des principes actifs qui sont test\u00e9s ne franchissent pas le cap de la commercialisation. Sur 10&rsquo;000 substances en moyenne test\u00e9es en laboratoire, une seule parvient jusqu&rsquo;\u00e0 la pharmacie ou l&rsquo;h\u00f4pital. A cet \u00e9gard, les produits biopharmaceutiques s&rsquo;en tirent mieux : 25 pour cent des agents biopharmaceutiques qui passent avec succ\u00e8s les phases cliniques I \u00e0 III obtiennent leur autorisation de mise sur le march\u00e9. Chez les m\u00e9dicaments classiques, la proportion est de six pour cent.<\/p>\n\n\n\n<p>Ces derni\u00e8res ann\u00e9es, de plus en plus de produits biopharmaceutiques sont arriv\u00e9s sur le march\u00e9. Ils repr\u00e9sentent aujourd&rsquo;hui quelque cinq pour cent du march\u00e9 pharmaceutique mondial. Selon des estimations optimistes, ce chiffre pourrait passer \u00e0 15 pour cent en 2050.<\/p>\n\n\n\n<div class=\"wp-block-group has-my-grey-background-color has-background\"><div class=\"wp-block-group__inner-container is-layout-flow wp-block-group-is-layout-flow\">\n<h2 class=\"wp-block-heading\"><strong>M\u00e9dicaments produits par g\u00e9nie g\u00e9n\u00e9tique<\/strong><\/h2>\n\n\n\n<p>Outre l&rsquo;insuline, de nombreux autres m\u00e9dicaments sont aujourd&rsquo;hui produits par g\u00e9nie g\u00e9n\u00e9tique. Par exemple, l&rsquo;hGH, une hormone de croissance. Cette hormone vient en aide aux enfants qui souffrent d&rsquo;une forme de nanisme (hypopituitarisme), due \u00e0 un apport insuffisant de cette hormone.<br>Autre produit: le TPA, ou activateur tissulaire du plasminog\u00e8ne. Cette prot\u00e9ine aide \u00e0 dissoudre les caillots sanguins et r\u00e9duit le risque ult\u00e9rieur d&rsquo;infarctus du myocarde lorsqu&rsquo;il est administr\u00e9 peu de temps apr\u00e8s le premier infarctus.<br>Autre exemple: une petite prot\u00e9ine imite une prot\u00e9ine r\u00e9ceptrice \u00e0 laquelle se lie le virus du sida quand il contamine des globules blancs du sang. Au lieu de cela, le virus se lie aux mol\u00e9cules du principe actif et se trouve donc emp\u00each\u00e9 d&rsquo;infecter les cellules sanguines (inhibiteur de fusion). De m\u00eame, chez une partie des femmes ne parvenant pas \u00e0 r\u00e9aliser leur d\u00e9sir d&rsquo;enfant, la biotechnologie peut apporter son aide: la FSH (hormone folliculostimulante) est aujourd&rsquo;hui fabriqu\u00e9e par g\u00e9nie g\u00e9n\u00e9tique.<br>Parmi d&rsquo;autres produits, on citera: l\u2019interf\u00e9ron alpha (actif contre la leuc\u00e9mie \u00e0 tricholeucocytes, l&rsquo;h\u00e9patite B et le cancer du rein), l\u2019interf\u00e9ron b\u00eata (infections virales et scl\u00e9rose en plaques), l&rsquo;interf\u00e9ron gamma (hypern\u00e9phrome &#8211; une forme de cancer du rein &#8211; et polyarthrite rhumato\u00efde), l&rsquo;interleukine 2 (sida, cancer, polyarthrite rhumato\u00efde), le facteur de n\u00e9crose tumorale (cancer, infections virales), l&rsquo;EPO (an\u00e9mie, dopage), le facteur VIII (h\u00e9mophilie), la prot\u00e9ine G (maladies auto-immunes). Certains vaccins sont aujourd&rsquo;hui \u00e9galement produits par g\u00e9nie g\u00e9n\u00e9tique (par exemple contre l&rsquo;h\u00e9patite B) ainsi que tous les m\u00e9dicaments fond\u00e9s sur des anticorps, comme l&rsquo;Herceptin (voir chapitre Anticorps monoclonaux).<\/p>\n<\/div><\/div>\n\n\n\n<figure class=\"wp-block-image size-large\"><img decoding=\"async\" src=\"http:\/\/biotechlerncenter.interpharma.ch\/wp-content\/uploads\/sites\/4\/2020\/02\/istock_kapseln_900.jpg\" alt=\"\" class=\"wp-image-4276\"\/><figcaption>En 2005, 90 principes actifs produits par g\u00e9nie g\u00e9n\u00e9tique \u00e9taient autoris\u00e9s en Suisse.<br>\u00a9 istockphoto<\/figcaption><\/figure>\n","protected":false},"excerpt":{"rendered":"<p>Malheureusement, ces diff\u00e9rentes \u00e9tapes ne se passent pas toujours sans probl\u00e8me. En mati\u00e8re de bioproduction, les chercheurs luttent constamment contre les impuret\u00e9s pr\u00e9sentes dans les fermenteurs &#8211; par exemple les r\u00e9trovirus qui sont introduits dans les fermenteurs en m\u00eame temps que la lign\u00e9e cellulaire. Il est difficile d&rsquo;\u00e9liminer les virus, car ils sont tr\u00e8s petits [&hellip;]<\/p>\n","protected":false},"author":1,"featured_media":0,"parent":850,"menu_order":2,"comment_status":"closed","ping_status":"closed","template":"page-templates\/unterthema.php","meta":{"_acf_changed":false,"inline_featured_image":false,"footnotes":""},"class_list":["post-524","page","type-page","status-publish","hentry"],"acf":[],"yoast_head":"<!-- This site is optimized with the Yoast SEO Premium plugin v27.2 (Yoast SEO v27.2) - https:\/\/yoast.com\/product\/yoast-seo-premium-wordpress\/ -->\n<title>3. Avantages d&#039;agents biopharmaceutiques - biotechlerncenter<\/title>\n<meta name=\"robots\" content=\"index, follow, max-snippet:-1, max-image-preview:large, max-video-preview:-1\" \/>\n<link rel=\"canonical\" href=\"https:\/\/biotechlerncenter.interpharma.ch\/themen\/herstellung-von-medikamenten\/3-vorteile-von-biopharmazeutika\/\" \/>\n<meta property=\"og:locale\" content=\"fr_FR\" \/>\n<meta property=\"og:type\" content=\"article\" \/>\n<meta property=\"og:title\" content=\"3. Avantages d&#039;agents biopharmaceutiques\" \/>\n<meta property=\"og:description\" content=\"Malheureusement, ces diff\u00e9rentes \u00e9tapes ne se passent pas toujours sans probl\u00e8me. En mati\u00e8re de bioproduction, les chercheurs luttent constamment contre les impuret\u00e9s pr\u00e9sentes dans les fermenteurs &#8211; par exemple les r\u00e9trovirus qui sont introduits dans les fermenteurs en m\u00eame temps que la lign\u00e9e cellulaire. Il est difficile d&rsquo;\u00e9liminer les virus, car ils sont tr\u00e8s petits [&hellip;]\" \/>\n<meta property=\"og:url\" content=\"https:\/\/biotechlerncenter.interpharma.ch\/themen\/herstellung-von-medikamenten\/3-vorteile-von-biopharmazeutika\/\" \/>\n<meta property=\"og:site_name\" content=\"biotechlerncenter\" \/>\n<meta property=\"article:modified_time\" content=\"2026-03-13T17:21:36+00:00\" \/>\n<meta property=\"og:image\" content=\"http:\/\/biotechlerncenter.interpharma.ch\/wp-content\/uploads\/sites\/4\/2020\/02\/roche_aufreinigungstank_900.jpg\" \/>\n<meta name=\"twitter:card\" content=\"summary_large_image\" \/>\n<meta name=\"twitter:label1\" content=\"Dur\u00e9e de lecture estim\u00e9e\" \/>\n\t<meta name=\"twitter:data1\" content=\"6 minutes\" \/>\n<script type=\"application\/ld+json\" class=\"yoast-schema-graph\">{\"@context\":\"https:\/\/schema.org\",\"@graph\":[{\"@type\":\"WebPage\",\"@id\":\"https:\/\/biotechlerncenter.interpharma.ch\/themen\/herstellung-von-medikamenten\/3-vorteile-von-biopharmazeutika\/\",\"url\":\"https:\/\/biotechlerncenter.interpharma.ch\/themen\/herstellung-von-medikamenten\/3-vorteile-von-biopharmazeutika\/\",\"name\":\"3. Avantages d'agents biopharmaceutiques - biotechlerncenter\",\"isPartOf\":{\"@id\":\"https:\/\/biotechlerncenter.interpharma.ch\/#website\"},\"primaryImageOfPage\":{\"@id\":\"https:\/\/biotechlerncenter.interpharma.ch\/themen\/herstellung-von-medikamenten\/3-vorteile-von-biopharmazeutika\/#primaryimage\"},\"image\":{\"@id\":\"https:\/\/biotechlerncenter.interpharma.ch\/themen\/herstellung-von-medikamenten\/3-vorteile-von-biopharmazeutika\/#primaryimage\"},\"thumbnailUrl\":\"http:\/\/biotechlerncenter.interpharma.ch\/wp-content\/uploads\/sites\/4\/2020\/02\/roche_aufreinigungstank_900.jpg\",\"datePublished\":\"2026-03-12T16:26:13+00:00\",\"dateModified\":\"2026-03-13T17:21:36+00:00\",\"breadcrumb\":{\"@id\":\"https:\/\/biotechlerncenter.interpharma.ch\/themen\/herstellung-von-medikamenten\/3-vorteile-von-biopharmazeutika\/#breadcrumb\"},\"inLanguage\":\"fr-FR\",\"potentialAction\":[{\"@type\":\"ReadAction\",\"target\":[\"https:\/\/biotechlerncenter.interpharma.ch\/themen\/herstellung-von-medikamenten\/3-vorteile-von-biopharmazeutika\/\"]}]},{\"@type\":\"ImageObject\",\"inLanguage\":\"fr-FR\",\"@id\":\"https:\/\/biotechlerncenter.interpharma.ch\/themen\/herstellung-von-medikamenten\/3-vorteile-von-biopharmazeutika\/#primaryimage\",\"url\":\"http:\/\/biotechlerncenter.interpharma.ch\/wp-content\/uploads\/sites\/4\/2020\/02\/roche_aufreinigungstank_900.jpg\",\"contentUrl\":\"http:\/\/biotechlerncenter.interpharma.ch\/wp-content\/uploads\/sites\/4\/2020\/02\/roche_aufreinigungstank_900.jpg\"},{\"@type\":\"BreadcrumbList\",\"@id\":\"https:\/\/biotechlerncenter.interpharma.ch\/themen\/herstellung-von-medikamenten\/3-vorteile-von-biopharmazeutika\/#breadcrumb\",\"itemListElement\":[{\"@type\":\"ListItem\",\"position\":1,\"name\":\"Start\",\"item\":\"https:\/\/biotechlerncenter.interpharma.ch\/fr\/\"},{\"@type\":\"ListItem\",\"position\":2,\"name\":\"Sujets\",\"item\":\"https:\/\/biotechlerncenter.interpharma.ch\/fr\/sujets\/\"},{\"@type\":\"ListItem\",\"position\":3,\"name\":\"Production de m\u00e9dicaments\",\"item\":\"https:\/\/biotechlerncenter.interpharma.ch\/fr\/sujets\/production-de-medicaments\/\"},{\"@type\":\"ListItem\",\"position\":4,\"name\":\"3. Avantages d&#8217;agents biopharmaceutiques\"}]},{\"@type\":\"WebSite\",\"@id\":\"https:\/\/biotechlerncenter.interpharma.ch\/#website\",\"url\":\"https:\/\/biotechlerncenter.interpharma.ch\/\",\"name\":\"biotechlerncenter\",\"description\":\"\",\"potentialAction\":[{\"@type\":\"SearchAction\",\"target\":{\"@type\":\"EntryPoint\",\"urlTemplate\":\"https:\/\/biotechlerncenter.interpharma.ch\/?s={search_term_string}\"},\"query-input\":{\"@type\":\"PropertyValueSpecification\",\"valueRequired\":true,\"valueName\":\"search_term_string\"}}],\"inLanguage\":\"fr-FR\"}]}<\/script>\n<!-- \/ Yoast SEO Premium plugin. -->","yoast_head_json":{"title":"3. Avantages d'agents biopharmaceutiques - biotechlerncenter","robots":{"index":"index","follow":"follow","max-snippet":"max-snippet:-1","max-image-preview":"max-image-preview:large","max-video-preview":"max-video-preview:-1"},"canonical":"https:\/\/biotechlerncenter.interpharma.ch\/themen\/herstellung-von-medikamenten\/3-vorteile-von-biopharmazeutika\/","og_locale":"fr_FR","og_type":"article","og_title":"3. Avantages d'agents biopharmaceutiques","og_description":"Malheureusement, ces diff\u00e9rentes \u00e9tapes ne se passent pas toujours sans probl\u00e8me. En mati\u00e8re de bioproduction, les chercheurs luttent constamment contre les impuret\u00e9s pr\u00e9sentes dans les fermenteurs &#8211; par exemple les r\u00e9trovirus qui sont introduits dans les fermenteurs en m\u00eame temps que la lign\u00e9e cellulaire. Il est difficile d&rsquo;\u00e9liminer les virus, car ils sont tr\u00e8s petits [&hellip;]","og_url":"https:\/\/biotechlerncenter.interpharma.ch\/themen\/herstellung-von-medikamenten\/3-vorteile-von-biopharmazeutika\/","og_site_name":"biotechlerncenter","article_modified_time":"2026-03-13T17:21:36+00:00","og_image":[{"url":"http:\/\/biotechlerncenter.interpharma.ch\/wp-content\/uploads\/sites\/4\/2020\/02\/roche_aufreinigungstank_900.jpg","type":"","width":"","height":""}],"twitter_card":"summary_large_image","twitter_misc":{"Dur\u00e9e de lecture estim\u00e9e":"6 minutes"},"schema":{"@context":"https:\/\/schema.org","@graph":[{"@type":"WebPage","@id":"https:\/\/biotechlerncenter.interpharma.ch\/themen\/herstellung-von-medikamenten\/3-vorteile-von-biopharmazeutika\/","url":"https:\/\/biotechlerncenter.interpharma.ch\/themen\/herstellung-von-medikamenten\/3-vorteile-von-biopharmazeutika\/","name":"3. Avantages d'agents biopharmaceutiques - biotechlerncenter","isPartOf":{"@id":"https:\/\/biotechlerncenter.interpharma.ch\/#website"},"primaryImageOfPage":{"@id":"https:\/\/biotechlerncenter.interpharma.ch\/themen\/herstellung-von-medikamenten\/3-vorteile-von-biopharmazeutika\/#primaryimage"},"image":{"@id":"https:\/\/biotechlerncenter.interpharma.ch\/themen\/herstellung-von-medikamenten\/3-vorteile-von-biopharmazeutika\/#primaryimage"},"thumbnailUrl":"http:\/\/biotechlerncenter.interpharma.ch\/wp-content\/uploads\/sites\/4\/2020\/02\/roche_aufreinigungstank_900.jpg","datePublished":"2026-03-12T16:26:13+00:00","dateModified":"2026-03-13T17:21:36+00:00","breadcrumb":{"@id":"https:\/\/biotechlerncenter.interpharma.ch\/themen\/herstellung-von-medikamenten\/3-vorteile-von-biopharmazeutika\/#breadcrumb"},"inLanguage":"fr-FR","potentialAction":[{"@type":"ReadAction","target":["https:\/\/biotechlerncenter.interpharma.ch\/themen\/herstellung-von-medikamenten\/3-vorteile-von-biopharmazeutika\/"]}]},{"@type":"ImageObject","inLanguage":"fr-FR","@id":"https:\/\/biotechlerncenter.interpharma.ch\/themen\/herstellung-von-medikamenten\/3-vorteile-von-biopharmazeutika\/#primaryimage","url":"http:\/\/biotechlerncenter.interpharma.ch\/wp-content\/uploads\/sites\/4\/2020\/02\/roche_aufreinigungstank_900.jpg","contentUrl":"http:\/\/biotechlerncenter.interpharma.ch\/wp-content\/uploads\/sites\/4\/2020\/02\/roche_aufreinigungstank_900.jpg"},{"@type":"BreadcrumbList","@id":"https:\/\/biotechlerncenter.interpharma.ch\/themen\/herstellung-von-medikamenten\/3-vorteile-von-biopharmazeutika\/#breadcrumb","itemListElement":[{"@type":"ListItem","position":1,"name":"Start","item":"https:\/\/biotechlerncenter.interpharma.ch\/fr\/"},{"@type":"ListItem","position":2,"name":"Sujets","item":"https:\/\/biotechlerncenter.interpharma.ch\/fr\/sujets\/"},{"@type":"ListItem","position":3,"name":"Production de m\u00e9dicaments","item":"https:\/\/biotechlerncenter.interpharma.ch\/fr\/sujets\/production-de-medicaments\/"},{"@type":"ListItem","position":4,"name":"3. Avantages d&#8217;agents biopharmaceutiques"}]},{"@type":"WebSite","@id":"https:\/\/biotechlerncenter.interpharma.ch\/#website","url":"https:\/\/biotechlerncenter.interpharma.ch\/","name":"biotechlerncenter","description":"","potentialAction":[{"@type":"SearchAction","target":{"@type":"EntryPoint","urlTemplate":"https:\/\/biotechlerncenter.interpharma.ch\/?s={search_term_string}"},"query-input":{"@type":"PropertyValueSpecification","valueRequired":true,"valueName":"search_term_string"}}],"inLanguage":"fr-FR"}]}},"_links":{"self":[{"href":"https:\/\/biotechlerncenter.interpharma.ch\/fr\/wp-json\/wp\/v2\/pages\/524","targetHints":{"allow":["GET"]}}],"collection":[{"href":"https:\/\/biotechlerncenter.interpharma.ch\/fr\/wp-json\/wp\/v2\/pages"}],"about":[{"href":"https:\/\/biotechlerncenter.interpharma.ch\/fr\/wp-json\/wp\/v2\/types\/page"}],"author":[{"embeddable":true,"href":"https:\/\/biotechlerncenter.interpharma.ch\/fr\/wp-json\/wp\/v2\/users\/1"}],"replies":[{"embeddable":true,"href":"https:\/\/biotechlerncenter.interpharma.ch\/fr\/wp-json\/wp\/v2\/comments?post=524"}],"version-history":[{"count":3,"href":"https:\/\/biotechlerncenter.interpharma.ch\/fr\/wp-json\/wp\/v2\/pages\/524\/revisions"}],"predecessor-version":[{"id":3192,"href":"https:\/\/biotechlerncenter.interpharma.ch\/fr\/wp-json\/wp\/v2\/pages\/524\/revisions\/3192"}],"up":[{"embeddable":true,"href":"https:\/\/biotechlerncenter.interpharma.ch\/fr\/wp-json\/wp\/v2\/pages\/850"}],"wp:attachment":[{"href":"https:\/\/biotechlerncenter.interpharma.ch\/fr\/wp-json\/wp\/v2\/media?parent=524"}],"curies":[{"name":"wp","href":"https:\/\/api.w.org\/{rel}","templated":true}]}}