{"id":516,"date":"2026-03-12T17:26:12","date_gmt":"2026-03-12T16:26:12","guid":{"rendered":"https:\/\/biotechlerncenter.iph-multisite.berta-bewegt.ch\/?page_id=516"},"modified":"2026-03-12T17:26:12","modified_gmt":"2026-03-12T16:26:12","slug":"1-utiliser-les-grands-moyens","status":"publish","type":"page","link":"https:\/\/biotechlerncenter.interpharma.ch\/fr\/sujets\/production-de-medicaments\/1-utiliser-les-grands-moyens\/","title":{"rendered":"1. Utiliser les grands moyens"},"content":{"rendered":"\n<p>Ce chapitre traite des probl\u00e8mes auxquels sont confront\u00e9s les chercheurs lorsqu&rsquo;ils veulent fabriquer des produits biopharmaceutiques \u00e0 l&rsquo;\u00e9chelle industrielle dans le but de les commercialiser. Les produits biopharmaceutiques sont des m\u00e9dicaments qui sont produits avec l&rsquo;aide de la biotechnologie. Il s&rsquo;agit soit de prot\u00e9ines, soit d&rsquo;ADN, soit encore d&rsquo;ARN. La premi\u00e8re substance de ce type &#8211; une insuline humaine recombinante &#8211; a \u00e9t\u00e9 homologu\u00e9e en 1982. Aujourd&rsquo;hui, on fabrique de plus en plus de m\u00e9dicaments par voie biotechnologique.<\/p>\n\n\n\n<p>Si nous voulons mettre des produits biopharmaceutiques \u00e0 la disposition de milliers et de milliers de patients, il nous en faut des quantit\u00e9s importantes. Si un nouveau produit biopharmaceutique arrive sur le march\u00e9, on doit la plupart du temps construire une grande installation avec de gigantesques r\u00e9servoirs en acier (fermenteurs) sp\u00e9cialement pour sa production. On cultive dans ces fermenteurs les cellules qui produisent le principe actif. La diff\u00e9rence entre le laboratoire et la grande installation peut \u00eatre compar\u00e9e avec Jamie Oliver, selon qu\u2019il cuisine pour 4 personnes ou pour 4&rsquo;000&rsquo;000.<\/p>\n\n\n\n<p>Ce chapitre repose sur le savoir tir\u00e9 du chapitre sur le clonage: nous y avons clon\u00e9 le g\u00e8ne de l&rsquo;insuline au moyen de bact\u00e9ries&nbsp;<em>Escherichia coli (E.coli)<\/em>. Maintenant, nous voudrions produire de l&rsquo;insuline \u00e0 grande \u00e9chelle. Pour cela, nous devons d&rsquo;abord avoir quelques connaissances sur les prot\u00e9ines: celles-ci ont une structure complexe et sont difficiles \u00e0 produire. Les prot\u00e9ines sont de taille relativement grande, car elles peuvent \u00eatre constitu\u00e9es de plusieurs centaines d&rsquo;acides amin\u00e9s. Elles sont sensibles et r\u00e9agissent tr\u00e8s vite aux changements ext\u00e9rieurs de temp\u00e9rature, de concentration de sel ou de pH. Pour fonctionner de mani\u00e8re optimale, elles r\u00e9clament les m\u00eames conditions que celles qu&rsquo;elles trouvent dans leur environnement naturel au sein de l&rsquo;organisme &#8211; autrement dit, par exemple, une temp\u00e9rature d&rsquo;environ 36 degr\u00e9s. Si la temp\u00e9rature est trop \u00e9lev\u00e9e, elles se d\u00e9plient, c&rsquo;est-\u00e0-dire qu&rsquo;elles perdent leur structure tridimensionnelle et ne peuvent plus travailler.<\/p>\n\n\n\n<div class=\"wp-block-group has-my-grey-background-color has-background\"><div class=\"wp-block-group__inner-container is-layout-flow wp-block-group-is-layout-flow\">\n<h2 class=\"wp-block-heading\"><strong>Comment les prot\u00e9ines d\u00e9ploient-elles leur action?<\/strong><\/h2>\n\n\n\n<p>De nombreuses prot\u00e9ines utilis\u00e9es comme m\u00e9dicaments se fixent \u00e0 un r\u00e9cepteur de la cellule selon le principe de la cl\u00e9 et de la serrure. Car, de mani\u00e8re g\u00e9n\u00e9rale, les prot\u00e9ines ne peuvent pas traverser la paroi cellulaire pour p\u00e9n\u00e9trer \u00e0 l&rsquo;int\u00e9rieur de la cellule; elles sont trop grosses pour cela. C&rsquo;est pourquoi elles doivent d\u00e9ployer leur action sur la cellule \u00e0 partir de l&rsquo;ext\u00e9rieur par l&rsquo;interm\u00e9diaire des r\u00e9cepteurs. Les r\u00e9cepteurs sont \u00e9galement des prot\u00e9ines, qui sont situ\u00e9es sur l&rsquo;enveloppe externe des cellules et qui agissent comme des antennes: Elles captent les signaux de l&rsquo;ext\u00e9rieur et peuvent d\u00e9clencher une r\u00e9ponse \u00e0 l&rsquo;int\u00e9rieur de la cellule. Le principe de la cl\u00e9 et de la serrure signifie qu&rsquo;une prot\u00e9ine ne peut tr\u00e8s sp\u00e9cifiquement se lier qu&rsquo;\u00e0 un r\u00e9cepteur bien d\u00e9fini. Ce principe est si sp\u00e9cifique qu&rsquo;un mauvais acide amin\u00e9 peut inactiver la prot\u00e9ine en tant que principe actif.<\/p>\n\n\n\n<h2 class=\"wp-block-heading\"><strong>Pourquoi ne peut-on pas tout simplement reconstituer les prot\u00e9ines en \u00e9prouvette?<\/strong><\/h2>\n\n\n\n<p>Le plus simple serait pourtant de reconstituer les prot\u00e9ines en \u00e9prouvette, tout comme on peut, par exemple, reconstituer des fragments d&rsquo;ADN. Mais ce n&rsquo;est pour l&rsquo;instant pas encore possible. Le probl\u00e8me vient de la structure des prot\u00e9ines: les prot\u00e9ines ne peuvent en effet travailler efficacement que lorsqu&rsquo;elles adoptent la structure tridimensionnelle qui convient &#8211; un processus qui porte le nom de pliage. Dans l&rsquo;organisme vivant, diff\u00e9rentes enzymes veillent \u00e0 ce que ce processus se d\u00e9roule correctement en plusieurs \u00e9tapes. Le pliage des prot\u00e9ines est \u00e0 ce point complexe que les chercheurs ne sont toujours pas parvenus \u00e0 imiter la nature et \u00e0 r\u00e9p\u00e9ter le pliage en \u00e9prouvette. C&rsquo;est pourquoi les chercheurs doivent continuer \u00e0 recourir aux animaux de laboratoire, aux micro-organismes ou \u00e0 des cellules animales ou v\u00e9g\u00e9tales sp\u00e9cifiques.<\/p>\n<\/div><\/div>\n","protected":false},"excerpt":{"rendered":"<p>Ce chapitre traite des probl\u00e8mes auxquels sont confront\u00e9s les chercheurs lorsqu&rsquo;ils veulent fabriquer des produits biopharmaceutiques \u00e0 l&rsquo;\u00e9chelle industrielle dans le but de les commercialiser. Les produits biopharmaceutiques sont des m\u00e9dicaments qui sont produits avec l&rsquo;aide de la biotechnologie. Il s&rsquo;agit soit de prot\u00e9ines, soit d&rsquo;ADN, soit encore d&rsquo;ARN. La premi\u00e8re substance de ce type [&hellip;]<\/p>\n","protected":false},"author":1,"featured_media":0,"parent":850,"menu_order":0,"comment_status":"closed","ping_status":"closed","template":"page-templates\/unterthema.php","meta":{"_acf_changed":false,"inline_featured_image":false,"footnotes":""},"class_list":["post-516","page","type-page","status-publish","hentry"],"acf":[],"yoast_head":"<!-- This site is optimized with the Yoast SEO Premium plugin v27.2 (Yoast SEO v27.2) - https:\/\/yoast.com\/product\/yoast-seo-premium-wordpress\/ -->\n<title>1. Utiliser les grands moyens - biotechlerncenter<\/title>\n<meta name=\"robots\" content=\"index, follow, max-snippet:-1, max-image-preview:large, max-video-preview:-1\" \/>\n<link rel=\"canonical\" href=\"https:\/\/biotechlerncenter.interpharma.ch\/fr\/sujets\/production-de-medicaments\/1-utiliser-les-grands-moyens\/\" \/>\n<meta property=\"og:locale\" content=\"fr_FR\" \/>\n<meta property=\"og:type\" content=\"article\" \/>\n<meta property=\"og:title\" content=\"1. Utiliser les grands moyens\" \/>\n<meta property=\"og:description\" content=\"Ce chapitre traite des probl\u00e8mes auxquels sont confront\u00e9s les chercheurs lorsqu&rsquo;ils veulent fabriquer des produits biopharmaceutiques \u00e0 l&rsquo;\u00e9chelle industrielle dans le but de les commercialiser. Les produits biopharmaceutiques sont des m\u00e9dicaments qui sont produits avec l&rsquo;aide de la biotechnologie. Il s&rsquo;agit soit de prot\u00e9ines, soit d&rsquo;ADN, soit encore d&rsquo;ARN. La premi\u00e8re substance de ce type [&hellip;]\" \/>\n<meta property=\"og:url\" content=\"https:\/\/biotechlerncenter.interpharma.ch\/fr\/sujets\/production-de-medicaments\/1-utiliser-les-grands-moyens\/\" \/>\n<meta property=\"og:site_name\" content=\"biotechlerncenter\" \/>\n<meta name=\"twitter:card\" content=\"summary_large_image\" \/>\n<meta name=\"twitter:label1\" content=\"Dur\u00e9e de lecture estim\u00e9e\" \/>\n\t<meta name=\"twitter:data1\" content=\"3 minutes\" \/>\n<script type=\"application\/ld+json\" class=\"yoast-schema-graph\">{\"@context\":\"https:\/\/schema.org\",\"@graph\":[{\"@type\":\"WebPage\",\"@id\":\"https:\/\/biotechlerncenter.interpharma.ch\/fr\/sujets\/production-de-medicaments\/1-utiliser-les-grands-moyens\/\",\"url\":\"https:\/\/biotechlerncenter.interpharma.ch\/fr\/sujets\/production-de-medicaments\/1-utiliser-les-grands-moyens\/\",\"name\":\"1. Utiliser les grands moyens - biotechlerncenter\",\"isPartOf\":{\"@id\":\"https:\/\/biotechlerncenter.interpharma.ch\/#website\"},\"datePublished\":\"2026-03-12T16:26:12+00:00\",\"breadcrumb\":{\"@id\":\"https:\/\/biotechlerncenter.interpharma.ch\/fr\/sujets\/production-de-medicaments\/1-utiliser-les-grands-moyens\/#breadcrumb\"},\"inLanguage\":\"fr-FR\",\"potentialAction\":[{\"@type\":\"ReadAction\",\"target\":[\"https:\/\/biotechlerncenter.interpharma.ch\/fr\/sujets\/production-de-medicaments\/1-utiliser-les-grands-moyens\/\"]}]},{\"@type\":\"BreadcrumbList\",\"@id\":\"https:\/\/biotechlerncenter.interpharma.ch\/fr\/sujets\/production-de-medicaments\/1-utiliser-les-grands-moyens\/#breadcrumb\",\"itemListElement\":[{\"@type\":\"ListItem\",\"position\":1,\"name\":\"Start\",\"item\":\"https:\/\/biotechlerncenter.interpharma.ch\/fr\/\"},{\"@type\":\"ListItem\",\"position\":2,\"name\":\"Sujets\",\"item\":\"https:\/\/biotechlerncenter.interpharma.ch\/fr\/sujets\/\"},{\"@type\":\"ListItem\",\"position\":3,\"name\":\"Production de m\u00e9dicaments\",\"item\":\"https:\/\/biotechlerncenter.interpharma.ch\/fr\/sujets\/production-de-medicaments\/\"},{\"@type\":\"ListItem\",\"position\":4,\"name\":\"1. Utiliser les grands moyens\"}]},{\"@type\":\"WebSite\",\"@id\":\"https:\/\/biotechlerncenter.interpharma.ch\/#website\",\"url\":\"https:\/\/biotechlerncenter.interpharma.ch\/\",\"name\":\"biotechlerncenter\",\"description\":\"\",\"potentialAction\":[{\"@type\":\"SearchAction\",\"target\":{\"@type\":\"EntryPoint\",\"urlTemplate\":\"https:\/\/biotechlerncenter.interpharma.ch\/?s={search_term_string}\"},\"query-input\":{\"@type\":\"PropertyValueSpecification\",\"valueRequired\":true,\"valueName\":\"search_term_string\"}}],\"inLanguage\":\"fr-FR\"}]}<\/script>\n<!-- \/ Yoast SEO Premium plugin. -->","yoast_head_json":{"title":"1. Utiliser les grands moyens - biotechlerncenter","robots":{"index":"index","follow":"follow","max-snippet":"max-snippet:-1","max-image-preview":"max-image-preview:large","max-video-preview":"max-video-preview:-1"},"canonical":"https:\/\/biotechlerncenter.interpharma.ch\/fr\/sujets\/production-de-medicaments\/1-utiliser-les-grands-moyens\/","og_locale":"fr_FR","og_type":"article","og_title":"1. Utiliser les grands moyens","og_description":"Ce chapitre traite des probl\u00e8mes auxquels sont confront\u00e9s les chercheurs lorsqu&rsquo;ils veulent fabriquer des produits biopharmaceutiques \u00e0 l&rsquo;\u00e9chelle industrielle dans le but de les commercialiser. Les produits biopharmaceutiques sont des m\u00e9dicaments qui sont produits avec l&rsquo;aide de la biotechnologie. Il s&rsquo;agit soit de prot\u00e9ines, soit d&rsquo;ADN, soit encore d&rsquo;ARN. La premi\u00e8re substance de ce type [&hellip;]","og_url":"https:\/\/biotechlerncenter.interpharma.ch\/fr\/sujets\/production-de-medicaments\/1-utiliser-les-grands-moyens\/","og_site_name":"biotechlerncenter","twitter_card":"summary_large_image","twitter_misc":{"Dur\u00e9e de lecture estim\u00e9e":"3 minutes"},"schema":{"@context":"https:\/\/schema.org","@graph":[{"@type":"WebPage","@id":"https:\/\/biotechlerncenter.interpharma.ch\/fr\/sujets\/production-de-medicaments\/1-utiliser-les-grands-moyens\/","url":"https:\/\/biotechlerncenter.interpharma.ch\/fr\/sujets\/production-de-medicaments\/1-utiliser-les-grands-moyens\/","name":"1. Utiliser les grands moyens - biotechlerncenter","isPartOf":{"@id":"https:\/\/biotechlerncenter.interpharma.ch\/#website"},"datePublished":"2026-03-12T16:26:12+00:00","breadcrumb":{"@id":"https:\/\/biotechlerncenter.interpharma.ch\/fr\/sujets\/production-de-medicaments\/1-utiliser-les-grands-moyens\/#breadcrumb"},"inLanguage":"fr-FR","potentialAction":[{"@type":"ReadAction","target":["https:\/\/biotechlerncenter.interpharma.ch\/fr\/sujets\/production-de-medicaments\/1-utiliser-les-grands-moyens\/"]}]},{"@type":"BreadcrumbList","@id":"https:\/\/biotechlerncenter.interpharma.ch\/fr\/sujets\/production-de-medicaments\/1-utiliser-les-grands-moyens\/#breadcrumb","itemListElement":[{"@type":"ListItem","position":1,"name":"Start","item":"https:\/\/biotechlerncenter.interpharma.ch\/fr\/"},{"@type":"ListItem","position":2,"name":"Sujets","item":"https:\/\/biotechlerncenter.interpharma.ch\/fr\/sujets\/"},{"@type":"ListItem","position":3,"name":"Production de m\u00e9dicaments","item":"https:\/\/biotechlerncenter.interpharma.ch\/fr\/sujets\/production-de-medicaments\/"},{"@type":"ListItem","position":4,"name":"1. Utiliser les grands moyens"}]},{"@type":"WebSite","@id":"https:\/\/biotechlerncenter.interpharma.ch\/#website","url":"https:\/\/biotechlerncenter.interpharma.ch\/","name":"biotechlerncenter","description":"","potentialAction":[{"@type":"SearchAction","target":{"@type":"EntryPoint","urlTemplate":"https:\/\/biotechlerncenter.interpharma.ch\/?s={search_term_string}"},"query-input":{"@type":"PropertyValueSpecification","valueRequired":true,"valueName":"search_term_string"}}],"inLanguage":"fr-FR"}]}},"_links":{"self":[{"href":"https:\/\/biotechlerncenter.interpharma.ch\/fr\/wp-json\/wp\/v2\/pages\/516","targetHints":{"allow":["GET"]}}],"collection":[{"href":"https:\/\/biotechlerncenter.interpharma.ch\/fr\/wp-json\/wp\/v2\/pages"}],"about":[{"href":"https:\/\/biotechlerncenter.interpharma.ch\/fr\/wp-json\/wp\/v2\/types\/page"}],"author":[{"embeddable":true,"href":"https:\/\/biotechlerncenter.interpharma.ch\/fr\/wp-json\/wp\/v2\/users\/1"}],"replies":[{"embeddable":true,"href":"https:\/\/biotechlerncenter.interpharma.ch\/fr\/wp-json\/wp\/v2\/comments?post=516"}],"version-history":[{"count":1,"href":"https:\/\/biotechlerncenter.interpharma.ch\/fr\/wp-json\/wp\/v2\/pages\/516\/revisions"}],"predecessor-version":[{"id":517,"href":"https:\/\/biotechlerncenter.interpharma.ch\/fr\/wp-json\/wp\/v2\/pages\/516\/revisions\/517"}],"up":[{"embeddable":true,"href":"https:\/\/biotechlerncenter.interpharma.ch\/fr\/wp-json\/wp\/v2\/pages\/850"}],"wp:attachment":[{"href":"https:\/\/biotechlerncenter.interpharma.ch\/fr\/wp-json\/wp\/v2\/media?parent=516"}],"curies":[{"name":"wp","href":"https:\/\/api.w.org\/{rel}","templated":true}]}}