{"id":470,"date":"2026-03-12T17:26:11","date_gmt":"2026-03-12T16:26:11","guid":{"rendered":"https:\/\/biotechlerncenter.iph-multisite.berta-bewegt.ch\/?page_id=470"},"modified":"2026-03-13T16:39:07","modified_gmt":"2026-03-13T15:39:07","slug":"5-a-la-recherche-de-vaccins-de-tests-et-de-traitements","status":"publish","type":"page","link":"https:\/\/biotechlerncenter.interpharma.ch\/fr\/sujets\/corona-ein-virus-veraendert-die-welt\/5-a-la-recherche-de-vaccins-de-tests-et-de-traitements\/","title":{"rendered":"5. \u00c0 la recherche de vaccins, de tests et de traitements"},"content":{"rendered":"\n<p>Depuis l\u2019apparition de la COVID-19 en\nChine, des scientifiques du monde entier \u00e9tudient sans rel\u00e2che le coronavirus\npour essayer de d\u00e9velopper des vaccins et traitements. La recherche se\nconcentre fondamentalement sur trois domaines: vaccination, d\u00e9pistage et\ntraitement.<\/p>\n\n\n\n<p><strong>Vaccination<\/strong><\/p>\n\n\n\n<p>De mani\u00e8re g\u00e9n\u00e9rale, le d\u00e9veloppement d\u2019un\nvaccin dure une dizaine d\u2019ann\u00e9es. M\u00eame si la recherche fait actuellement tout\npour acc\u00e9l\u00e9rer le processus, cela va probablement durer au moins un an ou un an\net demi. Dans le monde entier, des groupes pharmaceutiques, entreprises\nindividuelles et groupes de recherche travaillent sur plus de 150 projets\ndiff\u00e9rents visant \u00e0 d\u00e9velopper un vaccin contre le coronavirus. Mais il ne\nsuffit pas de trouver un vaccin, il faut aussi le produire en quantit\u00e9 suffisante.\nDans le cas du coronavirus, le d\u00e9fi est de taille, car il s\u2019agit de vacciner\ndes milliards d\u2019individus.<\/p>\n\n\n\n<p>La recherche d\u2019un vaccin contre la COVID-19\nse concentre surtout sur les types de vaccins suivants:<\/p>\n\n\n\n<ul class=\"post wp-block-list\"><li>Vaccin inactiv\u00e9<\/li><li>Vaccin pr\u00e9sent\u00e9 par des virus\nvecteurs<\/li><li>Vaccin g\u00e9n\u00e9tique<\/li><li>Vaccin prot\u00e9ique<\/li><\/ul>\n\n\n\n<p><strong>Vaccin inactiv\u00e9<\/strong><\/p>\n\n\n\n<p>Les vaccins inactiv\u00e9s sont les grands classiques. En font partie les vaccins contre la grippe, le t\u00e9tanos et l\u2019h\u00e9patite&nbsp;B. Le virus est d\u2019abord multipli\u00e9, puis inactiv\u00e9 (tu\u00e9), par exemple en soumettant les particules de virus \u00e0 la chaleur pour les rendre inoffensives. Le virus ne peut alors plus se multiplier, mais le syst\u00e8me immunitaire de la personne vaccin\u00e9e r\u00e9agit aux particules de virus et produit des anticorps.<\/p>\n\n\n\n<figure class=\"wp-block-image size-large\"><img decoding=\"async\" src=\"https:\/\/biotechlerncenter.interpharma.ch\/wp-content\/uploads\/sites\/4\/2020\/12\/corona_virus_figure6.png\" alt=\"\" class=\"wp-image-6939\"\/><\/figure>\n\n\n\n<p><strong>Vaccin pr\u00e9sent\u00e9 par des virus vecteurs <\/strong><\/p>\n\n\n\n<p>Pour ce vaccin, on utilise un virus inoffensif comme vecteur: il s\u2019agit d\u2019emballer du mat\u00e9riel g\u00e9n\u00e9tique, par exemple une fraction de la prot\u00e9ine de spicule, dans un virus pour l\u2019administrer. Cette m\u00e9thode a d\u00e9j\u00e0 permis de d\u00e9velopper des vaccins contre la maladie \u00e0 virus \u00c9bola et le MERS. Dans ce cas \u00e9galement, l\u2019organisme r\u00e9agit par la production d\u2019anticorps. La production dure un peu plus longtemps, mais la r\u00e9ponse immunitaire de l\u2019organisme est relativement forte.<\/p>\n\n\n\n<figure class=\"wp-block-image size-large\"><img decoding=\"async\" src=\"https:\/\/biotechlerncenter.interpharma.ch\/wp-content\/uploads\/sites\/4\/2020\/12\/corona_virus_figure7.png\" alt=\"\" class=\"wp-image-6941\"\/><\/figure>\n\n\n\n<p><strong>Vaccins g\u00e9n\u00e9tiques (ADN et ARNm)<\/strong><\/p>\n\n\n\n<p>Ces vaccins ne se basent pas sur le virus ou des fractions de virus, mais utilisent le plan de construction d\u2019une prot\u00e9ine pr\u00e9cise, par exemple la prot\u00e9ine S (ADN ou ARNm). Ces vaccins peuvent \u00eatre produits rapidement en grande quantit\u00e9. Mais le probl\u00e8me est qu\u2019aucun vaccin de ce type n\u2019a encore \u00e9t\u00e9 autoris\u00e9 jusqu\u2019\u00e0 pr\u00e9sent. Pour plus d\u2019informations \u00e0 ce sujet, voir le chapitre Vaccination.<\/p>\n\n\n\n<p><strong>Vaccins prot\u00e9iques<\/strong><\/p>\n\n\n\n<p>Les vaccins de ce type utilisent directement certaines prot\u00e9ines du coronavirus (par exemple la prot\u00e9ine de spicule). On administre la prot\u00e9ine pour d\u00e9clencher une r\u00e9ponse immunitaire. D\u2019autres essayent de fabriquer des particules de virus vides, une enveloppe virale sans ARN. Sans ARN, le virus ne peut pas se multiplier.<\/p>\n\n\n\n<figure class=\"wp-block-image size-large\"><img decoding=\"async\" src=\"https:\/\/biotechlerncenter.interpharma.ch\/wp-content\/uploads\/sites\/4\/2020\/12\/corona_virus_figure8.png\" alt=\"\" class=\"wp-image-6943\"\/><\/figure>\n\n\n\n<p><strong>Diagnostic<\/strong><\/p>\n\n\n\n<p>On entend par diagnostic toutes les mesures\npermettant d\u2019identifier une maladie. Dans le cas de la COVID-19, il s\u2019agit de\nreconna\u00eetre les individus atteints de la maladie. C\u2019est tr\u00e8s important pour\n\u00e9viter que les personnes infect\u00e9es n&rsquo;en contaminent d\u2019autres. <\/p>\n\n\n\n<p>Il existe actuellement plusieurs tests. De\nnombreux tests de d\u00e9pistage du coronavirus se basent sur un processus appel\u00e9\nPCR (<em>Polymerase Chain Reaction<\/em> \u2013 amplification en cha\u00eene par\npolym\u00e9rase): il s\u2019agit d\u2019une m\u00e9thode \u00e9tablie pour multiplier un fragment pr\u00e9cis\nd\u2019ADN ou d\u2019ARN. Cela permet de d\u00e9terminer si un \u00e9chantillon sanguin contient de\nl\u2019ARN de coronavirus. D\u2019autres tests se basent sur la mise en \u00e9vidence des\nanticorps: il s\u2019agit de substances qui se lient aux anticorps et mettent ainsi\nen \u00e9vidence si un individu a d\u00e9velopp\u00e9 des anticorps contre le virus ou non.<\/p>\n\n\n\n<p>Quel que soit le test, sa fiabilit\u00e9, sa\nrapidit\u00e9 \u00e0 fournir un r\u00e9sultat et ses co\u00fbts sont des \u00e9l\u00e9ments d\u00e9cisifs. \u00c0 cet\n\u00e9gard, les chercheuses et chercheurs et les entreprises pharmaceutiques ont\naccompli de grands progr\u00e8s en peu de temps, de sorte qu\u2019un d\u00e9pistage \u00e0 grande\n\u00e9chelle est devenu de plus en plus simple et bon march\u00e9.<\/p>\n\n\n\n<p><strong>Traitement<\/strong><\/p>\n\n\n\n<p>Il n\u2019existe pas \u00e0 ce jour de\ntraitement sp\u00e9cifique de la COVID-19. Dans le monde entier, des hautes \u00e9coles,\ndes entreprises de biotechnologie et des laboratoires pharmaceutiques\ntravaillent actuellement au d\u00e9veloppement d\u2019un traitement efficace contre la\nCOVID-19. La recherche se focalise ente autres sur des m\u00e9dicaments d\u00e9j\u00e0\nautoris\u00e9s contre d\u2019autres maladies, susceptibles d\u2019agir contre la COVID-19.\nC\u2019est ainsi qu\u2019on se penche sur les m\u00e9dicaments antiviraux contre le VIH et la\ngrippe. Dans le cadre d\u2019essais cliniques, une substance active d\u00e9velopp\u00e9e \u00e0\nl\u2019origine contre le virus \u00c9bola a montr\u00e9, dans une certaine mesure, des effets\npositifs dans le traitement des patients atteints de COVID-19, par exemple en\nacc\u00e9l\u00e9rant le r\u00e9tablissement des patient-e-s connaissant une \u00e9volution s\u00e9v\u00e8re\nde la maladie. Cette substance active a ensuite \u00e9t\u00e9 autoris\u00e9e aux \u00c9tats-Unis,\nau Japon et dans l\u2019Union europ\u00e9enne. Une substance active contre le paludisme\nn\u2019a en revanche pas eu l\u2019efficacit\u00e9 esp\u00e9r\u00e9e contre la COVID-19.<\/p>\n\n\n\n<p>On suppose que le plasma sanguin de\npatient-e-s ayant surmont\u00e9 la maladie pourrait avoir un effet positif, car il\ncontient des anticorps contre le Sars-CoV-2. Mais pour le moment (ao\u00fbt 2020),\non ne sait pas encore dans quelle mesure administrer du plasma sanguin est\nefficace. Les r\u00e9sultats obtenus jusqu\u2019\u00e0 pr\u00e9sent ne laissent esp\u00e9rer qu\u2019un l\u00e9ger\neffet. En outre, on ne peut pas produire de quantit\u00e9s illimit\u00e9es de plasma\nsanguin, car il est obtenu \u00e0 partir de dons de sang. Pour contourner ce probl\u00e8me,\ndes groupes de recherche visent \u00e0 fabriquer de tels anticorps par des m\u00e9thodes\nbiotechnologiques.<\/p>\n\n\n\n<p>La recherche porte d\u2019autre part sur\ndes substances actives enti\u00e8rement nouvelles. Il est possible de d\u00e9velopper des\nsubstances visant sp\u00e9cifiquement le Sars-CoV-2, mais ce d\u00e9veloppement dure des\nann\u00e9es, parfois des dizaines d\u2019ann\u00e9es. <\/p>\n\n\n\n<p>\u00c0 part les m\u00e9dicaments qui s\u2019attaquent au\nvirus, on pourrait aussi tirer b\u00e9n\u00e9fice de m\u00e9dicaments contre les sympt\u00f4mes. Il\npeut s\u2019agir par exemple d\u2019immunomodulateurs qui affaiblissent la r\u00e9action\nimmunitaire de l\u2019organisme. L\u00e0 aussi, d\u2019innombrables projets sont en cours. On\npeut aussi envisager d\u2019utiliser des m\u00e9dicaments destin\u00e9s aux personnes\natteintes d\u2019affections pulmonaires, afin de r\u00e9duire les l\u00e9sions pulmonaires\ncaus\u00e9es par le virus. Enfin, les efforts de perfectionnement des respirateurs\nse poursuivent pour am\u00e9liorer les traitements intensifs.<\/p>\n","protected":false},"excerpt":{"rendered":"<p>Depuis l\u2019apparition de la COVID-19 en Chine, des scientifiques du monde entier \u00e9tudient sans rel\u00e2che le coronavirus pour essayer de d\u00e9velopper des vaccins et traitements. La recherche se concentre fondamentalement sur trois domaines: vaccination, d\u00e9pistage et traitement. Vaccination De mani\u00e8re g\u00e9n\u00e9rale, le d\u00e9veloppement d\u2019un vaccin dure une dizaine d\u2019ann\u00e9es. M\u00eame si la recherche fait actuellement [&hellip;]<\/p>\n","protected":false},"author":1,"featured_media":0,"parent":490,"menu_order":4,"comment_status":"closed","ping_status":"closed","template":"page-templates\/unterthema.php","meta":{"_acf_changed":false,"inline_featured_image":false,"footnotes":""},"class_list":["post-470","page","type-page","status-publish","hentry"],"acf":[],"yoast_head":"<!-- This site is optimized with the Yoast SEO Premium plugin v27.2 (Yoast SEO v27.2) - https:\/\/yoast.com\/product\/yoast-seo-premium-wordpress\/ -->\n<title>5. \u00c0 la recherche de vaccins, de tests et de traitements - biotechlerncenter<\/title>\n<meta name=\"robots\" content=\"index, follow, max-snippet:-1, max-image-preview:large, max-video-preview:-1\" \/>\n<link rel=\"canonical\" href=\"https:\/\/biotechlerncenter.interpharma.ch\/themen\/corona-ein-virus-veraendert-die-welt\/auf-der-suche-nach-impstoffen-tests-therapien\/\" \/>\n<meta property=\"og:locale\" content=\"fr_FR\" \/>\n<meta property=\"og:type\" content=\"article\" \/>\n<meta property=\"og:title\" content=\"5. \u00c0 la recherche de vaccins, de tests et de traitements\" \/>\n<meta property=\"og:description\" content=\"Depuis l\u2019apparition de la COVID-19 en Chine, des scientifiques du monde entier \u00e9tudient sans rel\u00e2che le coronavirus pour essayer de d\u00e9velopper des vaccins et traitements. La recherche se concentre fondamentalement sur trois domaines: vaccination, d\u00e9pistage et traitement. Vaccination De mani\u00e8re g\u00e9n\u00e9rale, le d\u00e9veloppement d\u2019un vaccin dure une dizaine d\u2019ann\u00e9es. M\u00eame si la recherche fait actuellement [&hellip;]\" \/>\n<meta property=\"og:url\" content=\"https:\/\/biotechlerncenter.interpharma.ch\/themen\/corona-ein-virus-veraendert-die-welt\/auf-der-suche-nach-impstoffen-tests-therapien\/\" \/>\n<meta property=\"og:site_name\" content=\"biotechlerncenter\" \/>\n<meta property=\"article:modified_time\" content=\"2026-03-13T15:39:07+00:00\" \/>\n<meta property=\"og:image\" content=\"https:\/\/biotechlerncenter.interpharma.ch\/wp-content\/uploads\/sites\/4\/2020\/12\/corona_virus_figure6.png\" \/>\n<meta name=\"twitter:card\" content=\"summary_large_image\" \/>\n<meta name=\"twitter:label1\" content=\"Dur\u00e9e de lecture estim\u00e9e\" \/>\n\t<meta name=\"twitter:data1\" content=\"7 minutes\" \/>\n<script type=\"application\/ld+json\" class=\"yoast-schema-graph\">{\"@context\":\"https:\/\/schema.org\",\"@graph\":[{\"@type\":\"WebPage\",\"@id\":\"https:\/\/biotechlerncenter.interpharma.ch\/themen\/corona-ein-virus-veraendert-die-welt\/auf-der-suche-nach-impstoffen-tests-therapien\/\",\"url\":\"https:\/\/biotechlerncenter.interpharma.ch\/themen\/corona-ein-virus-veraendert-die-welt\/auf-der-suche-nach-impstoffen-tests-therapien\/\",\"name\":\"5. \u00c0 la recherche de vaccins, de tests et de traitements - biotechlerncenter\",\"isPartOf\":{\"@id\":\"https:\/\/biotechlerncenter.interpharma.ch\/#website\"},\"primaryImageOfPage\":{\"@id\":\"https:\/\/biotechlerncenter.interpharma.ch\/themen\/corona-ein-virus-veraendert-die-welt\/auf-der-suche-nach-impstoffen-tests-therapien\/#primaryimage\"},\"image\":{\"@id\":\"https:\/\/biotechlerncenter.interpharma.ch\/themen\/corona-ein-virus-veraendert-die-welt\/auf-der-suche-nach-impstoffen-tests-therapien\/#primaryimage\"},\"thumbnailUrl\":\"https:\/\/biotechlerncenter.interpharma.ch\/wp-content\/uploads\/sites\/4\/2020\/12\/corona_virus_figure6.png\",\"datePublished\":\"2026-03-12T16:26:11+00:00\",\"dateModified\":\"2026-03-13T15:39:07+00:00\",\"breadcrumb\":{\"@id\":\"https:\/\/biotechlerncenter.interpharma.ch\/themen\/corona-ein-virus-veraendert-die-welt\/auf-der-suche-nach-impstoffen-tests-therapien\/#breadcrumb\"},\"inLanguage\":\"fr-FR\",\"potentialAction\":[{\"@type\":\"ReadAction\",\"target\":[\"https:\/\/biotechlerncenter.interpharma.ch\/themen\/corona-ein-virus-veraendert-die-welt\/auf-der-suche-nach-impstoffen-tests-therapien\/\"]}]},{\"@type\":\"ImageObject\",\"inLanguage\":\"fr-FR\",\"@id\":\"https:\/\/biotechlerncenter.interpharma.ch\/themen\/corona-ein-virus-veraendert-die-welt\/auf-der-suche-nach-impstoffen-tests-therapien\/#primaryimage\",\"url\":\"https:\/\/biotechlerncenter.interpharma.ch\/wp-content\/uploads\/sites\/4\/2020\/12\/corona_virus_figure6.png\",\"contentUrl\":\"https:\/\/biotechlerncenter.interpharma.ch\/wp-content\/uploads\/sites\/4\/2020\/12\/corona_virus_figure6.png\"},{\"@type\":\"BreadcrumbList\",\"@id\":\"https:\/\/biotechlerncenter.interpharma.ch\/themen\/corona-ein-virus-veraendert-die-welt\/auf-der-suche-nach-impstoffen-tests-therapien\/#breadcrumb\",\"itemListElement\":[{\"@type\":\"ListItem\",\"position\":1,\"name\":\"Start\",\"item\":\"https:\/\/biotechlerncenter.interpharma.ch\/fr\/\"},{\"@type\":\"ListItem\",\"position\":2,\"name\":\"Sujets\",\"item\":\"https:\/\/biotechlerncenter.interpharma.ch\/fr\/sujets\/\"},{\"@type\":\"ListItem\",\"position\":3,\"name\":\"Coronavirus : un virus change la face du monde\",\"item\":\"https:\/\/biotechlerncenter.interpharma.ch\/themen\/corona-ein-virus-veraendert-die-welt\/\"},{\"@type\":\"ListItem\",\"position\":4,\"name\":\"5. \u00c0 la recherche de vaccins, de tests et de traitements\"}]},{\"@type\":\"WebSite\",\"@id\":\"https:\/\/biotechlerncenter.interpharma.ch\/#website\",\"url\":\"https:\/\/biotechlerncenter.interpharma.ch\/\",\"name\":\"biotechlerncenter\",\"description\":\"\",\"potentialAction\":[{\"@type\":\"SearchAction\",\"target\":{\"@type\":\"EntryPoint\",\"urlTemplate\":\"https:\/\/biotechlerncenter.interpharma.ch\/?s={search_term_string}\"},\"query-input\":{\"@type\":\"PropertyValueSpecification\",\"valueRequired\":true,\"valueName\":\"search_term_string\"}}],\"inLanguage\":\"fr-FR\"}]}<\/script>\n<!-- \/ Yoast SEO Premium plugin. -->","yoast_head_json":{"title":"5. \u00c0 la recherche de vaccins, de tests et de traitements - biotechlerncenter","robots":{"index":"index","follow":"follow","max-snippet":"max-snippet:-1","max-image-preview":"max-image-preview:large","max-video-preview":"max-video-preview:-1"},"canonical":"https:\/\/biotechlerncenter.interpharma.ch\/themen\/corona-ein-virus-veraendert-die-welt\/auf-der-suche-nach-impstoffen-tests-therapien\/","og_locale":"fr_FR","og_type":"article","og_title":"5. \u00c0 la recherche de vaccins, de tests et de traitements","og_description":"Depuis l\u2019apparition de la COVID-19 en Chine, des scientifiques du monde entier \u00e9tudient sans rel\u00e2che le coronavirus pour essayer de d\u00e9velopper des vaccins et traitements. La recherche se concentre fondamentalement sur trois domaines: vaccination, d\u00e9pistage et traitement. Vaccination De mani\u00e8re g\u00e9n\u00e9rale, le d\u00e9veloppement d\u2019un vaccin dure une dizaine d\u2019ann\u00e9es. M\u00eame si la recherche fait actuellement [&hellip;]","og_url":"https:\/\/biotechlerncenter.interpharma.ch\/themen\/corona-ein-virus-veraendert-die-welt\/auf-der-suche-nach-impstoffen-tests-therapien\/","og_site_name":"biotechlerncenter","article_modified_time":"2026-03-13T15:39:07+00:00","og_image":[{"url":"https:\/\/biotechlerncenter.interpharma.ch\/wp-content\/uploads\/sites\/4\/2020\/12\/corona_virus_figure6.png","type":"","width":"","height":""}],"twitter_card":"summary_large_image","twitter_misc":{"Dur\u00e9e de lecture estim\u00e9e":"7 minutes"},"schema":{"@context":"https:\/\/schema.org","@graph":[{"@type":"WebPage","@id":"https:\/\/biotechlerncenter.interpharma.ch\/themen\/corona-ein-virus-veraendert-die-welt\/auf-der-suche-nach-impstoffen-tests-therapien\/","url":"https:\/\/biotechlerncenter.interpharma.ch\/themen\/corona-ein-virus-veraendert-die-welt\/auf-der-suche-nach-impstoffen-tests-therapien\/","name":"5. \u00c0 la recherche de vaccins, de tests et de traitements - biotechlerncenter","isPartOf":{"@id":"https:\/\/biotechlerncenter.interpharma.ch\/#website"},"primaryImageOfPage":{"@id":"https:\/\/biotechlerncenter.interpharma.ch\/themen\/corona-ein-virus-veraendert-die-welt\/auf-der-suche-nach-impstoffen-tests-therapien\/#primaryimage"},"image":{"@id":"https:\/\/biotechlerncenter.interpharma.ch\/themen\/corona-ein-virus-veraendert-die-welt\/auf-der-suche-nach-impstoffen-tests-therapien\/#primaryimage"},"thumbnailUrl":"https:\/\/biotechlerncenter.interpharma.ch\/wp-content\/uploads\/sites\/4\/2020\/12\/corona_virus_figure6.png","datePublished":"2026-03-12T16:26:11+00:00","dateModified":"2026-03-13T15:39:07+00:00","breadcrumb":{"@id":"https:\/\/biotechlerncenter.interpharma.ch\/themen\/corona-ein-virus-veraendert-die-welt\/auf-der-suche-nach-impstoffen-tests-therapien\/#breadcrumb"},"inLanguage":"fr-FR","potentialAction":[{"@type":"ReadAction","target":["https:\/\/biotechlerncenter.interpharma.ch\/themen\/corona-ein-virus-veraendert-die-welt\/auf-der-suche-nach-impstoffen-tests-therapien\/"]}]},{"@type":"ImageObject","inLanguage":"fr-FR","@id":"https:\/\/biotechlerncenter.interpharma.ch\/themen\/corona-ein-virus-veraendert-die-welt\/auf-der-suche-nach-impstoffen-tests-therapien\/#primaryimage","url":"https:\/\/biotechlerncenter.interpharma.ch\/wp-content\/uploads\/sites\/4\/2020\/12\/corona_virus_figure6.png","contentUrl":"https:\/\/biotechlerncenter.interpharma.ch\/wp-content\/uploads\/sites\/4\/2020\/12\/corona_virus_figure6.png"},{"@type":"BreadcrumbList","@id":"https:\/\/biotechlerncenter.interpharma.ch\/themen\/corona-ein-virus-veraendert-die-welt\/auf-der-suche-nach-impstoffen-tests-therapien\/#breadcrumb","itemListElement":[{"@type":"ListItem","position":1,"name":"Start","item":"https:\/\/biotechlerncenter.interpharma.ch\/fr\/"},{"@type":"ListItem","position":2,"name":"Sujets","item":"https:\/\/biotechlerncenter.interpharma.ch\/fr\/sujets\/"},{"@type":"ListItem","position":3,"name":"Coronavirus : un virus change la face du monde","item":"https:\/\/biotechlerncenter.interpharma.ch\/themen\/corona-ein-virus-veraendert-die-welt\/"},{"@type":"ListItem","position":4,"name":"5. \u00c0 la recherche de vaccins, de tests et de traitements"}]},{"@type":"WebSite","@id":"https:\/\/biotechlerncenter.interpharma.ch\/#website","url":"https:\/\/biotechlerncenter.interpharma.ch\/","name":"biotechlerncenter","description":"","potentialAction":[{"@type":"SearchAction","target":{"@type":"EntryPoint","urlTemplate":"https:\/\/biotechlerncenter.interpharma.ch\/?s={search_term_string}"},"query-input":{"@type":"PropertyValueSpecification","valueRequired":true,"valueName":"search_term_string"}}],"inLanguage":"fr-FR"}]}},"_links":{"self":[{"href":"https:\/\/biotechlerncenter.interpharma.ch\/fr\/wp-json\/wp\/v2\/pages\/470","targetHints":{"allow":["GET"]}}],"collection":[{"href":"https:\/\/biotechlerncenter.interpharma.ch\/fr\/wp-json\/wp\/v2\/pages"}],"about":[{"href":"https:\/\/biotechlerncenter.interpharma.ch\/fr\/wp-json\/wp\/v2\/types\/page"}],"author":[{"embeddable":true,"href":"https:\/\/biotechlerncenter.interpharma.ch\/fr\/wp-json\/wp\/v2\/users\/1"}],"replies":[{"embeddable":true,"href":"https:\/\/biotechlerncenter.interpharma.ch\/fr\/wp-json\/wp\/v2\/comments?post=470"}],"version-history":[{"count":2,"href":"https:\/\/biotechlerncenter.interpharma.ch\/fr\/wp-json\/wp\/v2\/pages\/470\/revisions"}],"predecessor-version":[{"id":3047,"href":"https:\/\/biotechlerncenter.interpharma.ch\/fr\/wp-json\/wp\/v2\/pages\/470\/revisions\/3047"}],"up":[{"embeddable":true,"href":"https:\/\/biotechlerncenter.interpharma.ch\/fr\/wp-json\/wp\/v2\/pages\/490"}],"wp:attachment":[{"href":"https:\/\/biotechlerncenter.interpharma.ch\/fr\/wp-json\/wp\/v2\/media?parent=470"}],"curies":[{"name":"wp","href":"https:\/\/api.w.org\/{rel}","templated":true}]}}