{"id":438,"date":"2026-03-12T17:26:10","date_gmt":"2026-03-12T16:26:10","guid":{"rendered":"https:\/\/biotechlerncenter.iph-multisite.berta-bewegt.ch\/?page_id=438"},"modified":"2026-03-13T16:25:36","modified_gmt":"2026-03-13T15:25:36","slug":"2-pourquoi-la-sante-est-elle-differente-entre-hommes-et-femmes","status":"publish","type":"page","link":"https:\/\/biotechlerncenter.interpharma.ch\/fr\/sujets\/medecine-et-genre-de-limportance-de-la-question-du-sexe\/2-pourquoi-la-sante-est-elle-differente-entre-hommes-et-femmes\/","title":{"rendered":"2. Pourquoi la sant\u00e9 est-elle diff\u00e9rente entre hommes et femmes?"},"content":{"rendered":"\n<h2 class=\"wp-block-heading\"><strong><strong>Le sexe biologique<\/strong><\/strong><\/h2>\n\n\n\n<p>Hommes et femmes ont des diff\u00e9rences biologiques diverses, par exemple:<\/p>\n\n\n\n<ul class=\"wp-block-list\">\n<li>Morphologie<\/li>\n\n\n\n<li>Taille<\/li>\n\n\n\n<li>Hormones sexuelles<\/li>\n\n\n\n<li>Structure cellulaire<\/li>\n<\/ul>\n\n\n\n<p>Tout commence par les chromosomes sexuels: la femme a deux chromosomes X, l\u2019homme un chromosome X et un chromosome Y. Un chromosome X porte plus d\u2019un millier de g\u00e8nes, tandis qu\u2019un chromosome Y en porte moins d\u2019une centaine. Les femmes ont ainsi l\u2019avantage que leur deuxi\u00e8me chromosome X peut parfois compenser une maladie h\u00e9r\u00e9ditaire. C\u2019est la raison pour laquelle les hommes sont plus souvent atteints de maladies h\u00e9r\u00e9ditaires.<\/p>\n\n\n\n<p>Le syst\u00e8me immunitaire de l\u2019homme est plus faible, car l\u2019hormone sexuelle testost\u00e9rone freine la croissance des cellules immunitaires. C\u2019est pourquoi les hommes contractent plus souvent des infections, souvent plus graves, et r\u00e9pondent souvent moins bien aux vaccins. Des \u00e9tudes prouvent aussi que les hommes sont plus vuln\u00e9rables aux infections bact\u00e9riennes, fongiques et virales.<\/p>\n\n\n\n<p>Au contraire, chez la femme, l\u2019hormone sexuelle f\u00e9minine \u0153strog\u00e8ne favorise la multiplication des cellules immunitaires. Cet avantage hormonal est perdu apr\u00e8s la m\u00e9nopause, car l\u2019organisme f\u00e9minin produit alors moins d\u2019\u0153strog\u00e8nes.<\/p>\n\n\n\n<p>La diff\u00e9rence de structure des cellules influence en outre la part de masse graisseuse et musculaire ainsi que le fonctionnement du c\u0153ur et de la circulation sanguine, du syst\u00e8me immunitaire et de l\u2019appareil digestif, ainsi que la mani\u00e8re dont les m\u00e9dicaments sont absorb\u00e9s et d\u00e9grad\u00e9s dans l\u2019organisme, de sorte que les hommes ont souvent besoin d\u2019un dosage de m\u00e9dicaments plus \u00e9lev\u00e9 que les femmes.<\/p>\n\n\n\n<h2 class=\"wp-block-heading\"><strong><strong>Diff\u00e9rence de l\u2019action des m\u00e9dicaments entre les sexes<\/strong><\/strong><\/h2>\n\n\n\n<p>Les r\u00e9actions aux m\u00e9dicaments sont aussi tr\u00e8s diff\u00e9rentes: les hommes sont moiti\u00e9 moins souvent concern\u00e9s par des effets secondaires ind\u00e9sirables. Leur volume sanguin \u00e9tant plus grand, leurs organes sont mieux irrigu\u00e9s et les m\u00e9dicaments agissent souvent mieux et plus rapidement. Les normes appliqu\u00e9es aux taux sanguins sont \u00e9galement diff\u00e9rentes pour les hommes et les femmes. Aujourd\u2019hui encore, la recherche se base le plus souvent sur l\u2019organisme masculin, de sorte que la prise de m\u00e9dicaments est globalement moins s\u00fbre et moins efficace chez la femme que chez l\u2019homme. Diverses caract\u00e9ristiques physiologiques de la femme influencent l\u2019effet des m\u00e9dicaments:<\/p>\n\n\n\n<ul class=\"wp-block-list\">\n<li>Le <em>cycle menstruel<\/em> a une influence sur l\u2019absorption et la liaison du m\u00e9dicament.<\/li>\n\n\n\n<li>Un <em>taux d\u2019\u0153strog\u00e8nes<\/em> \u00e9lev\u00e9 chez la femme peut accro\u00eetre l\u2019effet d\u2019un m\u00e9dicament, mais aussi acc\u00e9l\u00e9rer sa d\u00e9gradation dans l\u2019organisme.<\/li>\n\n\n\n<li>Le <em>cycle digestif<\/em> est plus long chez la femme que chez l\u2019homme, de sorte qu\u2019elle absorbe une plus grande quantit\u00e9 des substances ing\u00e9r\u00e9es.<\/li>\n\n\n\n<li>En moyenne, les femmes ont un <em>taux de masse grasse<\/em> sup\u00e9rieur \u00e0 celui des hommes, de sorte que leur corps stocke mieux les m\u00e9dicaments liposolubles que le corps masculin.<\/li>\n\n\n\n<li>De m\u00eame, la d\u00e9gradation dans le foie dure souvent plus longtemps chez la femme.<\/li>\n<\/ul>\n\n\n\n<div class=\"wp-block-group has-my-grey-background-color has-background\"><div class=\"wp-block-group__inner-container is-layout-constrained wp-block-group-is-layout-constrained\">\n<h2 class=\"wp-block-heading\"><strong>Quel effet le sexe a-t-il sur la prise de m\u00e9dicaments?<\/strong><\/h2>\n\n\n\n<ul class=\"wp-block-list\">\n<li>L\u2019Aspirine: agit mieux chez l\u2019homme que chez la femme en pr\u00e9vention de l\u2019infarctus du myocarde et de l\u2019attaque c\u00e9r\u00e9brale.<\/li>\n\n\n\n<li>Les antidouleurs (analg\u00e9siques): les hommes ont besoin d\u2019une plus forte dose que les femmes.<\/li>\n\n\n\n<li>Les traitements antiviraux et les vaccins: les femmes d\u00e9veloppent souvent des r\u00e9actions de d\u00e9fense plus fortes, mais aussi plus d\u2019effets secondaires que les hommes.<\/li>\n\n\n\n<li>Les traitements du cancer: femmes et hommes y r\u00e9agissent souvent tr\u00e8s diff\u00e9remment.<\/li>\n<\/ul>\n<\/div><\/div>\n\n\n\n<p><\/p>\n\n\n\n<div class=\"wp-block-group has-my-grey-background-color has-background\"><div class=\"wp-block-group__inner-container is-layout-constrained wp-block-group-is-layout-constrained\">\n<h2 class=\"wp-block-heading\"><strong><strong>Diff\u00e9rences face au Covid-19<\/strong><\/strong><\/h2>\n\n\n\n<ul class=\"wp-block-list\">\n<li>Les hommes meurent plus souvent du Covid-19 et ont des sympt\u00f4mes plus graves.<\/li>\n\n\n\n<li>Apr\u00e8s avoir eu le Covid-19, les femmes souffrent plus souvent de sympt\u00f4mes au long cours.<\/li>\n\n\n\n<li>Le vaccin contre le Covid-19 peut avoir un effet sur le cycle de la femme.<\/li>\n<\/ul>\n<\/div><\/div>\n\n\n\n<p><\/p>\n\n\n\n<h2 class=\"wp-block-heading\"><strong><strong>Le sexe social ou genre<\/strong><\/strong><\/h2>\n\n\n\n<p>Dans de nombreuses maladies, en plus du sexe biologique, le sexe social ou genre (de l\u2019anglais: <em>gender<\/em>) joue aussi un r\u00f4le important. On entend par sexe social par exemple des comportements qui diff\u00e8rent entre hommes et femmes. Ceux-ci peuvent avoir une influence directe sur la sant\u00e9.<\/p>\n\n\n\n<p>Quelques exemples: les femmes ont une alimentation plus \u00e9quilibr\u00e9e et consomment plus souvent des aliments sains comme les fruits et l\u00e9gumes ainsi que de l\u2019eau plut\u00f4t que des boissons malsaines. Par contre, la pression sociale de minceur peut conduire les femmes \u00e0 avoir une image n\u00e9gative de leur corps, car l\u2019id\u00e9al de beaut\u00e9 actuel semble inaccessible. C\u2019est pourquoi les troubles du comportement alimentaire touchent le plus souvent des femmes (jeunes).<\/p>\n\n\n\n<p>Les hommes sont plus actifs physiquement, mais prennent aussi plus de risques que les femmes et m\u00e8nent le plus souvent une vie moins saine: ils sont plus souvent fumeurs, boivent plus d\u2019alcool et consomment plus de drogues. Ils sont ainsi plus souvent concern\u00e9s par l\u2019abus et la d\u00e9pendance \u00e0 des substances. Il n\u2019est donc pas \u00e9tonnant que les femmes aient une esp\u00e9rance de vie plus longue.<\/p>\n\n\n\n<p>S\u2019agissant des comportements addictifs, le sexe joue \u00e9galement un r\u00f4le, donc pour les jeux d\u2019argent, les jeux vid\u00e9o ou l\u2019utilisation des m\u00e9dias sociaux. On estime qu\u2019au total, hommes et femmes sont concern\u00e9s \u00e0 \u00e9galit\u00e9 par les comportements addictifs, mais ils sont de types diff\u00e9rents: les femmes ont plut\u00f4t une pr\u00e9sence excessive sur les m\u00e9dias sociaux tandis que les hommes s\u2019adonnent plut\u00f4t aux jeux en ligne. L\u2019\u00e9valuation du risque de d\u00e9pendance varie \u00e9galement: les parents sont moins inquiets de l\u2019utilisation excessive des m\u00e9dias sociaux par les jeunes filles que de la pratique excessive des jeux en ligne par les jeunes gar\u00e7ons, plus souvent envoy\u00e9s en th\u00e9rapie.<\/p>\n\n\n\n<p>Il y a aussi des diff\u00e9rences de perception des sympt\u00f4mes et de recherche d\u2019aide. Les hommes font moins attention aux signaux que leur envoie leur organisme et parlent plus rarement de leurs sentiments. Les femmes sont plus sensibles \u00e0 leur sant\u00e9 et plus dispos\u00e9es \u00e0 consulter. De ce fait, les maladies psychiques sont moins souvent diagnostiqu\u00e9es chez les hommes, ainsi la d\u00e9pression est-elle souvent reconnue trop tard chez eux (graphique 2).<\/p>\n\n\n\n<figure class=\"wp-block-image size-large\"><img decoding=\"async\" src=\"https:\/\/biotechlerncenter.interpharma.ch\/wp-content\/uploads\/sites\/4\/2023\/04\/230307_G2-Depression_F-1024x755.jpg\" alt=\"\" class=\"wp-image-7201\"\/><\/figure>\n\n\n\n<p><\/p>\n","protected":false},"excerpt":{"rendered":"<p>Le sexe biologique Hommes et femmes ont des diff\u00e9rences biologiques diverses, par exemple: Tout commence par les chromosomes sexuels: la femme a deux chromosomes X, l\u2019homme un chromosome X et un chromosome Y. Un chromosome X porte plus d\u2019un millier de g\u00e8nes, tandis qu\u2019un chromosome Y en porte moins d\u2019une centaine. Les femmes ont ainsi [&hellip;]<\/p>\n","protected":false},"author":1,"featured_media":0,"parent":1268,"menu_order":1,"comment_status":"closed","ping_status":"closed","template":"page-templates\/unterthema.php","meta":{"_acf_changed":false,"inline_featured_image":false,"footnotes":""},"class_list":["post-438","page","type-page","status-publish","hentry"],"acf":[],"yoast_head":"<!-- This site is optimized with the Yoast SEO Premium plugin v27.2 (Yoast SEO v27.2) - https:\/\/yoast.com\/product\/yoast-seo-premium-wordpress\/ -->\n<title>2. Pourquoi la sant\u00e9 est-elle diff\u00e9rente entre hommes et femmes? - biotechlerncenter<\/title>\n<meta name=\"robots\" content=\"index, follow, max-snippet:-1, max-image-preview:large, max-video-preview:-1\" \/>\n<link rel=\"canonical\" href=\"https:\/\/biotechlerncenter.interpharma.ch\/themen\/gendermedizin-warum-die-frage-nach-dem-geschlecht-wichtig-ist\/2-warum-unterscheidet-sich-die-gesundheit-bei-frauen-und-maennern\/\" \/>\n<meta property=\"og:locale\" content=\"fr_FR\" \/>\n<meta property=\"og:type\" content=\"article\" \/>\n<meta property=\"og:title\" content=\"2. Pourquoi la sant\u00e9 est-elle diff\u00e9rente entre hommes et femmes?\" \/>\n<meta property=\"og:description\" content=\"Le sexe biologique Hommes et femmes ont des diff\u00e9rences biologiques diverses, par exemple: Tout commence par les chromosomes sexuels: la femme a deux chromosomes X, l\u2019homme un chromosome X et un chromosome Y. Un chromosome X porte plus d\u2019un millier de g\u00e8nes, tandis qu\u2019un chromosome Y en porte moins d\u2019une centaine. Les femmes ont ainsi [&hellip;]\" \/>\n<meta property=\"og:url\" content=\"https:\/\/biotechlerncenter.interpharma.ch\/themen\/gendermedizin-warum-die-frage-nach-dem-geschlecht-wichtig-ist\/2-warum-unterscheidet-sich-die-gesundheit-bei-frauen-und-maennern\/\" \/>\n<meta property=\"og:site_name\" content=\"biotechlerncenter\" \/>\n<meta property=\"article:modified_time\" content=\"2026-03-13T15:25:36+00:00\" \/>\n<meta property=\"og:image\" content=\"https:\/\/biotechlerncenter.interpharma.ch\/wp-content\/uploads\/sites\/4\/2023\/04\/230307_G2-Depression_F-1024x755.jpg\" \/>\n<meta name=\"twitter:card\" content=\"summary_large_image\" \/>\n<meta name=\"twitter:label1\" content=\"Dur\u00e9e de lecture estim\u00e9e\" \/>\n\t<meta name=\"twitter:data1\" content=\"6 minutes\" \/>\n<script type=\"application\/ld+json\" class=\"yoast-schema-graph\">{\"@context\":\"https:\/\/schema.org\",\"@graph\":[{\"@type\":\"WebPage\",\"@id\":\"https:\/\/biotechlerncenter.interpharma.ch\/themen\/gendermedizin-warum-die-frage-nach-dem-geschlecht-wichtig-ist\/2-warum-unterscheidet-sich-die-gesundheit-bei-frauen-und-maennern\/\",\"url\":\"https:\/\/biotechlerncenter.interpharma.ch\/themen\/gendermedizin-warum-die-frage-nach-dem-geschlecht-wichtig-ist\/2-warum-unterscheidet-sich-die-gesundheit-bei-frauen-und-maennern\/\",\"name\":\"2. Pourquoi la sant\u00e9 est-elle diff\u00e9rente entre hommes et femmes? - biotechlerncenter\",\"isPartOf\":{\"@id\":\"https:\/\/biotechlerncenter.interpharma.ch\/#website\"},\"primaryImageOfPage\":{\"@id\":\"https:\/\/biotechlerncenter.interpharma.ch\/themen\/gendermedizin-warum-die-frage-nach-dem-geschlecht-wichtig-ist\/2-warum-unterscheidet-sich-die-gesundheit-bei-frauen-und-maennern\/#primaryimage\"},\"image\":{\"@id\":\"https:\/\/biotechlerncenter.interpharma.ch\/themen\/gendermedizin-warum-die-frage-nach-dem-geschlecht-wichtig-ist\/2-warum-unterscheidet-sich-die-gesundheit-bei-frauen-und-maennern\/#primaryimage\"},\"thumbnailUrl\":\"https:\/\/biotechlerncenter.interpharma.ch\/wp-content\/uploads\/sites\/4\/2023\/04\/230307_G2-Depression_F-1024x755.jpg\",\"datePublished\":\"2026-03-12T16:26:10+00:00\",\"dateModified\":\"2026-03-13T15:25:36+00:00\",\"breadcrumb\":{\"@id\":\"https:\/\/biotechlerncenter.interpharma.ch\/themen\/gendermedizin-warum-die-frage-nach-dem-geschlecht-wichtig-ist\/2-warum-unterscheidet-sich-die-gesundheit-bei-frauen-und-maennern\/#breadcrumb\"},\"inLanguage\":\"fr-FR\",\"potentialAction\":[{\"@type\":\"ReadAction\",\"target\":[\"https:\/\/biotechlerncenter.interpharma.ch\/themen\/gendermedizin-warum-die-frage-nach-dem-geschlecht-wichtig-ist\/2-warum-unterscheidet-sich-die-gesundheit-bei-frauen-und-maennern\/\"]}]},{\"@type\":\"ImageObject\",\"inLanguage\":\"fr-FR\",\"@id\":\"https:\/\/biotechlerncenter.interpharma.ch\/themen\/gendermedizin-warum-die-frage-nach-dem-geschlecht-wichtig-ist\/2-warum-unterscheidet-sich-die-gesundheit-bei-frauen-und-maennern\/#primaryimage\",\"url\":\"https:\/\/biotechlerncenter.interpharma.ch\/wp-content\/uploads\/sites\/4\/2023\/04\/230307_G2-Depression_F-1024x755.jpg\",\"contentUrl\":\"https:\/\/biotechlerncenter.interpharma.ch\/wp-content\/uploads\/sites\/4\/2023\/04\/230307_G2-Depression_F-1024x755.jpg\"},{\"@type\":\"BreadcrumbList\",\"@id\":\"https:\/\/biotechlerncenter.interpharma.ch\/themen\/gendermedizin-warum-die-frage-nach-dem-geschlecht-wichtig-ist\/2-warum-unterscheidet-sich-die-gesundheit-bei-frauen-und-maennern\/#breadcrumb\",\"itemListElement\":[{\"@type\":\"ListItem\",\"position\":1,\"name\":\"Start\",\"item\":\"https:\/\/biotechlerncenter.interpharma.ch\/fr\/\"},{\"@type\":\"ListItem\",\"position\":2,\"name\":\"Sujets\",\"item\":\"https:\/\/biotechlerncenter.interpharma.ch\/fr\/sujets\/\"},{\"@type\":\"ListItem\",\"position\":3,\"name\":\"M\u00e9decine et genre: de l\u2019importance de la question du sexe\",\"item\":\"https:\/\/biotechlerncenter.interpharma.ch\/fr\/sujets\/medecine-et-genre-de-limportance-de-la-question-du-sexe\/\"},{\"@type\":\"ListItem\",\"position\":4,\"name\":\"2. Pourquoi la sant\u00e9 est-elle diff\u00e9rente entre hommes et femmes?\"}]},{\"@type\":\"WebSite\",\"@id\":\"https:\/\/biotechlerncenter.interpharma.ch\/#website\",\"url\":\"https:\/\/biotechlerncenter.interpharma.ch\/\",\"name\":\"biotechlerncenter\",\"description\":\"\",\"potentialAction\":[{\"@type\":\"SearchAction\",\"target\":{\"@type\":\"EntryPoint\",\"urlTemplate\":\"https:\/\/biotechlerncenter.interpharma.ch\/?s={search_term_string}\"},\"query-input\":{\"@type\":\"PropertyValueSpecification\",\"valueRequired\":true,\"valueName\":\"search_term_string\"}}],\"inLanguage\":\"fr-FR\"}]}<\/script>\n<!-- \/ Yoast SEO Premium plugin. -->","yoast_head_json":{"title":"2. Pourquoi la sant\u00e9 est-elle diff\u00e9rente entre hommes et femmes? - biotechlerncenter","robots":{"index":"index","follow":"follow","max-snippet":"max-snippet:-1","max-image-preview":"max-image-preview:large","max-video-preview":"max-video-preview:-1"},"canonical":"https:\/\/biotechlerncenter.interpharma.ch\/themen\/gendermedizin-warum-die-frage-nach-dem-geschlecht-wichtig-ist\/2-warum-unterscheidet-sich-die-gesundheit-bei-frauen-und-maennern\/","og_locale":"fr_FR","og_type":"article","og_title":"2. Pourquoi la sant\u00e9 est-elle diff\u00e9rente entre hommes et femmes?","og_description":"Le sexe biologique Hommes et femmes ont des diff\u00e9rences biologiques diverses, par exemple: Tout commence par les chromosomes sexuels: la femme a deux chromosomes X, l\u2019homme un chromosome X et un chromosome Y. Un chromosome X porte plus d\u2019un millier de g\u00e8nes, tandis qu\u2019un chromosome Y en porte moins d\u2019une centaine. Les femmes ont ainsi [&hellip;]","og_url":"https:\/\/biotechlerncenter.interpharma.ch\/themen\/gendermedizin-warum-die-frage-nach-dem-geschlecht-wichtig-ist\/2-warum-unterscheidet-sich-die-gesundheit-bei-frauen-und-maennern\/","og_site_name":"biotechlerncenter","article_modified_time":"2026-03-13T15:25:36+00:00","og_image":[{"url":"https:\/\/biotechlerncenter.interpharma.ch\/wp-content\/uploads\/sites\/4\/2023\/04\/230307_G2-Depression_F-1024x755.jpg","type":"","width":"","height":""}],"twitter_card":"summary_large_image","twitter_misc":{"Dur\u00e9e de lecture estim\u00e9e":"6 minutes"},"schema":{"@context":"https:\/\/schema.org","@graph":[{"@type":"WebPage","@id":"https:\/\/biotechlerncenter.interpharma.ch\/themen\/gendermedizin-warum-die-frage-nach-dem-geschlecht-wichtig-ist\/2-warum-unterscheidet-sich-die-gesundheit-bei-frauen-und-maennern\/","url":"https:\/\/biotechlerncenter.interpharma.ch\/themen\/gendermedizin-warum-die-frage-nach-dem-geschlecht-wichtig-ist\/2-warum-unterscheidet-sich-die-gesundheit-bei-frauen-und-maennern\/","name":"2. Pourquoi la sant\u00e9 est-elle diff\u00e9rente entre hommes et femmes? - biotechlerncenter","isPartOf":{"@id":"https:\/\/biotechlerncenter.interpharma.ch\/#website"},"primaryImageOfPage":{"@id":"https:\/\/biotechlerncenter.interpharma.ch\/themen\/gendermedizin-warum-die-frage-nach-dem-geschlecht-wichtig-ist\/2-warum-unterscheidet-sich-die-gesundheit-bei-frauen-und-maennern\/#primaryimage"},"image":{"@id":"https:\/\/biotechlerncenter.interpharma.ch\/themen\/gendermedizin-warum-die-frage-nach-dem-geschlecht-wichtig-ist\/2-warum-unterscheidet-sich-die-gesundheit-bei-frauen-und-maennern\/#primaryimage"},"thumbnailUrl":"https:\/\/biotechlerncenter.interpharma.ch\/wp-content\/uploads\/sites\/4\/2023\/04\/230307_G2-Depression_F-1024x755.jpg","datePublished":"2026-03-12T16:26:10+00:00","dateModified":"2026-03-13T15:25:36+00:00","breadcrumb":{"@id":"https:\/\/biotechlerncenter.interpharma.ch\/themen\/gendermedizin-warum-die-frage-nach-dem-geschlecht-wichtig-ist\/2-warum-unterscheidet-sich-die-gesundheit-bei-frauen-und-maennern\/#breadcrumb"},"inLanguage":"fr-FR","potentialAction":[{"@type":"ReadAction","target":["https:\/\/biotechlerncenter.interpharma.ch\/themen\/gendermedizin-warum-die-frage-nach-dem-geschlecht-wichtig-ist\/2-warum-unterscheidet-sich-die-gesundheit-bei-frauen-und-maennern\/"]}]},{"@type":"ImageObject","inLanguage":"fr-FR","@id":"https:\/\/biotechlerncenter.interpharma.ch\/themen\/gendermedizin-warum-die-frage-nach-dem-geschlecht-wichtig-ist\/2-warum-unterscheidet-sich-die-gesundheit-bei-frauen-und-maennern\/#primaryimage","url":"https:\/\/biotechlerncenter.interpharma.ch\/wp-content\/uploads\/sites\/4\/2023\/04\/230307_G2-Depression_F-1024x755.jpg","contentUrl":"https:\/\/biotechlerncenter.interpharma.ch\/wp-content\/uploads\/sites\/4\/2023\/04\/230307_G2-Depression_F-1024x755.jpg"},{"@type":"BreadcrumbList","@id":"https:\/\/biotechlerncenter.interpharma.ch\/themen\/gendermedizin-warum-die-frage-nach-dem-geschlecht-wichtig-ist\/2-warum-unterscheidet-sich-die-gesundheit-bei-frauen-und-maennern\/#breadcrumb","itemListElement":[{"@type":"ListItem","position":1,"name":"Start","item":"https:\/\/biotechlerncenter.interpharma.ch\/fr\/"},{"@type":"ListItem","position":2,"name":"Sujets","item":"https:\/\/biotechlerncenter.interpharma.ch\/fr\/sujets\/"},{"@type":"ListItem","position":3,"name":"M\u00e9decine et genre: de l\u2019importance de la question du sexe","item":"https:\/\/biotechlerncenter.interpharma.ch\/fr\/sujets\/medecine-et-genre-de-limportance-de-la-question-du-sexe\/"},{"@type":"ListItem","position":4,"name":"2. Pourquoi la sant\u00e9 est-elle diff\u00e9rente entre hommes et femmes?"}]},{"@type":"WebSite","@id":"https:\/\/biotechlerncenter.interpharma.ch\/#website","url":"https:\/\/biotechlerncenter.interpharma.ch\/","name":"biotechlerncenter","description":"","potentialAction":[{"@type":"SearchAction","target":{"@type":"EntryPoint","urlTemplate":"https:\/\/biotechlerncenter.interpharma.ch\/?s={search_term_string}"},"query-input":{"@type":"PropertyValueSpecification","valueRequired":true,"valueName":"search_term_string"}}],"inLanguage":"fr-FR"}]}},"_links":{"self":[{"href":"https:\/\/biotechlerncenter.interpharma.ch\/fr\/wp-json\/wp\/v2\/pages\/438","targetHints":{"allow":["GET"]}}],"collection":[{"href":"https:\/\/biotechlerncenter.interpharma.ch\/fr\/wp-json\/wp\/v2\/pages"}],"about":[{"href":"https:\/\/biotechlerncenter.interpharma.ch\/fr\/wp-json\/wp\/v2\/types\/page"}],"author":[{"embeddable":true,"href":"https:\/\/biotechlerncenter.interpharma.ch\/fr\/wp-json\/wp\/v2\/users\/1"}],"replies":[{"embeddable":true,"href":"https:\/\/biotechlerncenter.interpharma.ch\/fr\/wp-json\/wp\/v2\/comments?post=438"}],"version-history":[{"count":2,"href":"https:\/\/biotechlerncenter.interpharma.ch\/fr\/wp-json\/wp\/v2\/pages\/438\/revisions"}],"predecessor-version":[{"id":3029,"href":"https:\/\/biotechlerncenter.interpharma.ch\/fr\/wp-json\/wp\/v2\/pages\/438\/revisions\/3029"}],"up":[{"embeddable":true,"href":"https:\/\/biotechlerncenter.interpharma.ch\/fr\/wp-json\/wp\/v2\/pages\/1268"}],"wp:attachment":[{"href":"https:\/\/biotechlerncenter.interpharma.ch\/fr\/wp-json\/wp\/v2\/media?parent=438"}],"curies":[{"name":"wp","href":"https:\/\/api.w.org\/{rel}","templated":true}]}}