{"id":426,"date":"2026-03-12T17:26:09","date_gmt":"2026-03-12T16:26:09","guid":{"rendered":"https:\/\/biotechlerncenter.iph-multisite.berta-bewegt.ch\/?page_id=426"},"modified":"2026-03-12T17:26:09","modified_gmt":"2026-03-12T16:26:09","slug":"5-conclusion","status":"publish","type":"page","link":"https:\/\/biotechlerncenter.interpharma.ch\/fr\/sujets\/medecine-et-genre-de-limportance-de-la-question-du-sexe\/5-conclusion\/","title":{"rendered":"5. Conclusion"},"content":{"rendered":"\n<p>La prise en compte des diff\u00e9rences entre hommes et femmes est essentielle pour soigner la personne de mani\u00e8re ad\u00e9quate. Appel\u00e9e \u00abm\u00e9decine de genre\u00bb ou \u00abm\u00e9decine genr\u00e9e\u00bb, cette perspective est en plein essor, tant \u00e0 l\u2019\u00e9chelon politique que dans l\u2019enseignement et la recherche, ainsi que dans l\u2019industrie. Les d\u00e9couvertes ont permis de mieux comprendre les maladies et sympt\u00f4mes affectant les femmes et ont rendu leur traitement plus efficace et plus s\u00fbr. Mais ces connaissances contribuent aussi \u00e0 am\u00e9liorer le traitement m\u00e9dical et la prise en charge des hommes. La m\u00e9decine de genre est une \u00e9tape importante dans la direction d\u2019une m\u00e9decine ad\u00e9quate pour les deux sexes, r\u00e9pondant aux besoins et maladies sp\u00e9cifiques de l\u2019un et l\u2019autre sexe.<\/p>\n\n\n\n<p><\/p>\n","protected":false},"excerpt":{"rendered":"<p>La prise en compte des diff\u00e9rences entre hommes et femmes est essentielle pour soigner la personne de mani\u00e8re ad\u00e9quate. Appel\u00e9e \u00abm\u00e9decine de genre\u00bb ou \u00abm\u00e9decine genr\u00e9e\u00bb, cette perspective est en plein essor, tant \u00e0 l\u2019\u00e9chelon politique que dans l\u2019enseignement et la recherche, ainsi que dans l\u2019industrie. Les d\u00e9couvertes ont permis de mieux comprendre les maladies [&hellip;]<\/p>\n","protected":false},"author":1,"featured_media":0,"parent":1268,"menu_order":4,"comment_status":"closed","ping_status":"closed","template":"page-templates\/unterthema.php","meta":{"_acf_changed":false,"inline_featured_image":false,"footnotes":""},"class_list":["post-426","page","type-page","status-publish","hentry"],"acf":[],"yoast_head":"<!-- This site is optimized with the Yoast SEO Premium plugin v27.2 (Yoast SEO v27.2) - https:\/\/yoast.com\/product\/yoast-seo-premium-wordpress\/ -->\n<title>5. Conclusion - biotechlerncenter<\/title>\n<meta name=\"robots\" content=\"index, follow, max-snippet:-1, max-image-preview:large, max-video-preview:-1\" \/>\n<link rel=\"canonical\" href=\"https:\/\/biotechlerncenter.interpharma.ch\/themen\/gendermedizin-warum-die-frage-nach-dem-geschlecht-wichtig-ist\/5-abschluss\/\" \/>\n<meta property=\"og:locale\" content=\"fr_FR\" \/>\n<meta property=\"og:type\" content=\"article\" \/>\n<meta property=\"og:title\" content=\"5. Conclusion\" \/>\n<meta property=\"og:description\" content=\"La prise en compte des diff\u00e9rences entre hommes et femmes est essentielle pour soigner la personne de mani\u00e8re ad\u00e9quate. Appel\u00e9e \u00abm\u00e9decine de genre\u00bb ou \u00abm\u00e9decine genr\u00e9e\u00bb, cette perspective est en plein essor, tant \u00e0 l\u2019\u00e9chelon politique que dans l\u2019enseignement et la recherche, ainsi que dans l\u2019industrie. Les d\u00e9couvertes ont permis de mieux comprendre les maladies [&hellip;]\" \/>\n<meta property=\"og:url\" content=\"https:\/\/biotechlerncenter.interpharma.ch\/themen\/gendermedizin-warum-die-frage-nach-dem-geschlecht-wichtig-ist\/5-abschluss\/\" \/>\n<meta property=\"og:site_name\" content=\"biotechlerncenter\" \/>\n<meta name=\"twitter:card\" content=\"summary_large_image\" \/>\n<meta name=\"twitter:label1\" content=\"Dur\u00e9e de lecture estim\u00e9e\" \/>\n\t<meta name=\"twitter:data1\" content=\"1 minute\" \/>\n<script type=\"application\/ld+json\" class=\"yoast-schema-graph\">{\"@context\":\"https:\/\/schema.org\",\"@graph\":[{\"@type\":\"WebPage\",\"@id\":\"https:\/\/biotechlerncenter.interpharma.ch\/themen\/gendermedizin-warum-die-frage-nach-dem-geschlecht-wichtig-ist\/5-abschluss\/\",\"url\":\"https:\/\/biotechlerncenter.interpharma.ch\/themen\/gendermedizin-warum-die-frage-nach-dem-geschlecht-wichtig-ist\/5-abschluss\/\",\"name\":\"5. Conclusion - biotechlerncenter\",\"isPartOf\":{\"@id\":\"https:\/\/biotechlerncenter.interpharma.ch\/#website\"},\"datePublished\":\"2026-03-12T16:26:09+00:00\",\"breadcrumb\":{\"@id\":\"https:\/\/biotechlerncenter.interpharma.ch\/themen\/gendermedizin-warum-die-frage-nach-dem-geschlecht-wichtig-ist\/5-abschluss\/#breadcrumb\"},\"inLanguage\":\"fr-FR\",\"potentialAction\":[{\"@type\":\"ReadAction\",\"target\":[\"https:\/\/biotechlerncenter.interpharma.ch\/themen\/gendermedizin-warum-die-frage-nach-dem-geschlecht-wichtig-ist\/5-abschluss\/\"]}]},{\"@type\":\"BreadcrumbList\",\"@id\":\"https:\/\/biotechlerncenter.interpharma.ch\/themen\/gendermedizin-warum-die-frage-nach-dem-geschlecht-wichtig-ist\/5-abschluss\/#breadcrumb\",\"itemListElement\":[{\"@type\":\"ListItem\",\"position\":1,\"name\":\"Start\",\"item\":\"https:\/\/biotechlerncenter.interpharma.ch\/fr\/\"},{\"@type\":\"ListItem\",\"position\":2,\"name\":\"Sujets\",\"item\":\"https:\/\/biotechlerncenter.interpharma.ch\/fr\/sujets\/\"},{\"@type\":\"ListItem\",\"position\":3,\"name\":\"M\u00e9decine et genre: de l\u2019importance de la question du sexe\",\"item\":\"https:\/\/biotechlerncenter.interpharma.ch\/fr\/sujets\/medecine-et-genre-de-limportance-de-la-question-du-sexe\/\"},{\"@type\":\"ListItem\",\"position\":4,\"name\":\"5. Conclusion\"}]},{\"@type\":\"WebSite\",\"@id\":\"https:\/\/biotechlerncenter.interpharma.ch\/#website\",\"url\":\"https:\/\/biotechlerncenter.interpharma.ch\/\",\"name\":\"biotechlerncenter\",\"description\":\"\",\"potentialAction\":[{\"@type\":\"SearchAction\",\"target\":{\"@type\":\"EntryPoint\",\"urlTemplate\":\"https:\/\/biotechlerncenter.interpharma.ch\/?s={search_term_string}\"},\"query-input\":{\"@type\":\"PropertyValueSpecification\",\"valueRequired\":true,\"valueName\":\"search_term_string\"}}],\"inLanguage\":\"fr-FR\"}]}<\/script>\n<!-- \/ Yoast SEO Premium plugin. -->","yoast_head_json":{"title":"5. Conclusion - biotechlerncenter","robots":{"index":"index","follow":"follow","max-snippet":"max-snippet:-1","max-image-preview":"max-image-preview:large","max-video-preview":"max-video-preview:-1"},"canonical":"https:\/\/biotechlerncenter.interpharma.ch\/themen\/gendermedizin-warum-die-frage-nach-dem-geschlecht-wichtig-ist\/5-abschluss\/","og_locale":"fr_FR","og_type":"article","og_title":"5. Conclusion","og_description":"La prise en compte des diff\u00e9rences entre hommes et femmes est essentielle pour soigner la personne de mani\u00e8re ad\u00e9quate. Appel\u00e9e \u00abm\u00e9decine de genre\u00bb ou \u00abm\u00e9decine genr\u00e9e\u00bb, cette perspective est en plein essor, tant \u00e0 l\u2019\u00e9chelon politique que dans l\u2019enseignement et la recherche, ainsi que dans l\u2019industrie. Les d\u00e9couvertes ont permis de mieux comprendre les maladies [&hellip;]","og_url":"https:\/\/biotechlerncenter.interpharma.ch\/themen\/gendermedizin-warum-die-frage-nach-dem-geschlecht-wichtig-ist\/5-abschluss\/","og_site_name":"biotechlerncenter","twitter_card":"summary_large_image","twitter_misc":{"Dur\u00e9e de lecture estim\u00e9e":"1 minute"},"schema":{"@context":"https:\/\/schema.org","@graph":[{"@type":"WebPage","@id":"https:\/\/biotechlerncenter.interpharma.ch\/themen\/gendermedizin-warum-die-frage-nach-dem-geschlecht-wichtig-ist\/5-abschluss\/","url":"https:\/\/biotechlerncenter.interpharma.ch\/themen\/gendermedizin-warum-die-frage-nach-dem-geschlecht-wichtig-ist\/5-abschluss\/","name":"5. Conclusion - biotechlerncenter","isPartOf":{"@id":"https:\/\/biotechlerncenter.interpharma.ch\/#website"},"datePublished":"2026-03-12T16:26:09+00:00","breadcrumb":{"@id":"https:\/\/biotechlerncenter.interpharma.ch\/themen\/gendermedizin-warum-die-frage-nach-dem-geschlecht-wichtig-ist\/5-abschluss\/#breadcrumb"},"inLanguage":"fr-FR","potentialAction":[{"@type":"ReadAction","target":["https:\/\/biotechlerncenter.interpharma.ch\/themen\/gendermedizin-warum-die-frage-nach-dem-geschlecht-wichtig-ist\/5-abschluss\/"]}]},{"@type":"BreadcrumbList","@id":"https:\/\/biotechlerncenter.interpharma.ch\/themen\/gendermedizin-warum-die-frage-nach-dem-geschlecht-wichtig-ist\/5-abschluss\/#breadcrumb","itemListElement":[{"@type":"ListItem","position":1,"name":"Start","item":"https:\/\/biotechlerncenter.interpharma.ch\/fr\/"},{"@type":"ListItem","position":2,"name":"Sujets","item":"https:\/\/biotechlerncenter.interpharma.ch\/fr\/sujets\/"},{"@type":"ListItem","position":3,"name":"M\u00e9decine et genre: de l\u2019importance de la question du sexe","item":"https:\/\/biotechlerncenter.interpharma.ch\/fr\/sujets\/medecine-et-genre-de-limportance-de-la-question-du-sexe\/"},{"@type":"ListItem","position":4,"name":"5. Conclusion"}]},{"@type":"WebSite","@id":"https:\/\/biotechlerncenter.interpharma.ch\/#website","url":"https:\/\/biotechlerncenter.interpharma.ch\/","name":"biotechlerncenter","description":"","potentialAction":[{"@type":"SearchAction","target":{"@type":"EntryPoint","urlTemplate":"https:\/\/biotechlerncenter.interpharma.ch\/?s={search_term_string}"},"query-input":{"@type":"PropertyValueSpecification","valueRequired":true,"valueName":"search_term_string"}}],"inLanguage":"fr-FR"}]}},"_links":{"self":[{"href":"https:\/\/biotechlerncenter.interpharma.ch\/fr\/wp-json\/wp\/v2\/pages\/426","targetHints":{"allow":["GET"]}}],"collection":[{"href":"https:\/\/biotechlerncenter.interpharma.ch\/fr\/wp-json\/wp\/v2\/pages"}],"about":[{"href":"https:\/\/biotechlerncenter.interpharma.ch\/fr\/wp-json\/wp\/v2\/types\/page"}],"author":[{"embeddable":true,"href":"https:\/\/biotechlerncenter.interpharma.ch\/fr\/wp-json\/wp\/v2\/users\/1"}],"replies":[{"embeddable":true,"href":"https:\/\/biotechlerncenter.interpharma.ch\/fr\/wp-json\/wp\/v2\/comments?post=426"}],"version-history":[{"count":1,"href":"https:\/\/biotechlerncenter.interpharma.ch\/fr\/wp-json\/wp\/v2\/pages\/426\/revisions"}],"predecessor-version":[{"id":427,"href":"https:\/\/biotechlerncenter.interpharma.ch\/fr\/wp-json\/wp\/v2\/pages\/426\/revisions\/427"}],"up":[{"embeddable":true,"href":"https:\/\/biotechlerncenter.interpharma.ch\/fr\/wp-json\/wp\/v2\/pages\/1268"}],"wp:attachment":[{"href":"https:\/\/biotechlerncenter.interpharma.ch\/fr\/wp-json\/wp\/v2\/media?parent=426"}],"curies":[{"name":"wp","href":"https:\/\/api.w.org\/{rel}","templated":true}]}}