{"id":398,"date":"2026-03-12T17:26:07","date_gmt":"2026-03-12T16:26:07","guid":{"rendered":"https:\/\/biotechlerncenter.iph-multisite.berta-bewegt.ch\/?page_id=398"},"modified":"2026-03-12T17:26:08","modified_gmt":"2026-03-12T16:26:08","slug":"medikamentose-ansaetze","status":"publish","type":"page","link":"https:\/\/biotechlerncenter.interpharma.ch\/fr\/sujets\/psychische-gesundheit-jugendliche-schweiz\/medikamentose-ansaetze\/","title":{"rendered":"4. Approches m\u00e9dicamenteuses"},"content":{"rendered":"\n<p><em>Si les approches d\u00e9crites au chapitre 3 n\u2019am\u00e9liorent pas la situation, il est possible d\u2019employer des m\u00e9dicaments. Jusqu\u2019\u00e0 pr\u00e9sent, tr\u00e8s peu de substances actives sont autoris\u00e9es en Suisse pour les enfants et les adolescent-e-s contre les troubles psychiques, par exemple le TDAH.<\/em><\/p>\n\n\n\n<p>En r\u00e8gle g\u00e9n\u00e9rale, les traitements m\u00e9dicamenteux ne sont propos\u00e9s aux jeunes atteint-e-s de troubles psychiques que si les approches non-m\u00e9dicamenteuses comme la psychoth\u00e9rapie ne suffisent pas ou en combinaison avec ces approches. Le choix des m\u00e9dicaments d\u00e9pend du diagnostic sp\u00e9cifique, du degr\u00e9 de gravit\u00e9 de la maladie ainsi que de l\u2019\u00e2ge de la personne.<\/p>\n\n\n\n<p><strong>Stimulants contre le TDAH<\/strong><br>Le trouble du d\u00e9ficit de l\u2019attention avec ou sans hyperactivit\u00e9 (TDAH) est un trouble neurobiologique du d\u00e9veloppement qui se traduit par une inattention et\/ou hyperactivit\u00e9 et impulsivit\u00e9 des personnes touch\u00e9es. Il existe diverses approches qui aident \u00e0 g\u00e9rer le TDAH: th\u00e9rapie comportementale, interventions psychoth\u00e9rapeutiques ou psychosociales, traitement m\u00e9dicamenteux. C\u2019est le plus souvent une combinaison de ces approches, adapt\u00e9e individuellement en fonction des sympt\u00f4mes, qui permet de venir en aide \u00e0 l\u2019enfant ou \u00e0 l\u2019adolescent-e. Il est possible de prescrire le m\u00e9thylph\u00e9nidate aux enfants \u00e0 partir de six ans. Cette substance active aide le cerveau \u00e0 mieux utiliser certaines substances messag\u00e8res, en particulier la dopamine, ce qui aide \u00e0 distinguer ce qui est important de ce qui ne l\u2019est pas et \u00e0 mieux se concentrer sur des choses pr\u00e9cises. Le m\u00e9dicament ne gu\u00e9rit pas le TDAH mais, dans certains cas, facilite grandement la vie de tous les jours, par exemple scolaire.<\/p>\n\n\n\n<p><strong>Traitement m\u00e9dicamenteux de la d\u00e9pression<\/strong><br>En raison des obstacles de taille \u00e0 l\u2019autorisation pour ce groupe d\u2019\u00e2ge, il n\u2019y a actuellement aucun antid\u00e9presseur autoris\u00e9 en Suisse pour les enfants et les adolescent-e-s atteint-e-s de d\u00e9pressions. Cependant, certains produits peuvent \u00eatre prescrits hors \u00e9tiquette, c\u2019est-\u00e0-dire en dehors de l\u2019autorisation officielle. Les m\u00e9decins traitant-e-s d\u00e9cident parfois, sur la base du degr\u00e9 de gravit\u00e9 des sympt\u00f4mes et d\u2019autres facteurs, de prescrire malgr\u00e9 tout un tel m\u00e9dicament sous surveillance m\u00e9dicale. De m\u00eame que contre la d\u00e9pression, il n\u2019y a en Suisse aucun m\u00e9dicament autoris\u00e9 pour les enfants ou les adolescent-e-s contre les troubles anxieux et la schizophr\u00e9nie, de sorte que seule une prescription hors \u00e9tiquette est possible.<\/p>\n\n\n\n<p>En cas de d\u00e9pression, on emploie par exemple souvent hors \u00e9tiquette certains inhibiteurs s\u00e9lectifs de la recapture de la s\u00e9rotonine (ISRS). Ceux-ci agissent chez l\u2019enfant et l\u2019adolescent-e comme chez l\u2019adulte en accroissant la disponibilit\u00e9 de s\u00e9rotonine dans le cerveau. La s\u00e9rotonine est une substance messag\u00e8re dite \u00abdu plaisir\u00bb qui est fortement li\u00e9e \u00e0 l\u2019humeur, l\u2019\u00e9nergie et l\u2019\u00e9quilibre \u00e9motionnel. Les SSRI ont pour effet de prolonger l\u2019effet de la s\u00e9rotonine dans le cerveau, ce qui am\u00e9liore peu \u00e0 peu l\u2019humeur. Il faut cependant le plus souvent plusieurs semaines avant que l\u2019effet se fasse sentir, par exemple par moins de tristesse ou de d\u00e9sespoir, plus d\u2019\u00e9nergie, un meilleur sommeil, plus d\u2019app\u00e9tit ou une meilleure concentration.<\/p>\n","protected":false},"excerpt":{"rendered":"<p>Si les approches d\u00e9crites au chapitre 3 n\u2019am\u00e9liorent pas la situation, il est possible d\u2019employer des m\u00e9dicaments. Jusqu\u2019\u00e0 pr\u00e9sent, tr\u00e8s peu de substances actives sont autoris\u00e9es en Suisse pour les enfants et les adolescent-e-s contre les troubles psychiques, par exemple le TDAH. En r\u00e8gle g\u00e9n\u00e9rale, les traitements m\u00e9dicamenteux ne sont propos\u00e9s aux jeunes atteint-e-s de [&hellip;]<\/p>\n","protected":false},"author":1,"featured_media":0,"parent":378,"menu_order":3,"comment_status":"closed","ping_status":"closed","template":"page-templates\/unterthema.php","meta":{"_acf_changed":false,"inline_featured_image":false,"footnotes":""},"class_list":["post-398","page","type-page","status-publish","hentry"],"acf":[],"yoast_head":"<!-- This site is optimized with the Yoast SEO Premium plugin v27.2 (Yoast SEO v27.2) - https:\/\/yoast.com\/product\/yoast-seo-premium-wordpress\/ -->\n<title>4. Approches m\u00e9dicamenteuses - biotechlerncenter<\/title>\n<meta name=\"robots\" content=\"index, follow, max-snippet:-1, max-image-preview:large, max-video-preview:-1\" \/>\n<link rel=\"canonical\" href=\"https:\/\/biotechlerncenter.interpharma.ch\/themen\/psychische-gesundheit-jugendliche-schweiz\/medikamentoese-ansaetze\/\" \/>\n<meta property=\"og:locale\" content=\"fr_FR\" \/>\n<meta property=\"og:type\" content=\"article\" \/>\n<meta property=\"og:title\" content=\"4. Approches m\u00e9dicamenteuses\" \/>\n<meta property=\"og:description\" content=\"Si les approches d\u00e9crites au chapitre 3 n\u2019am\u00e9liorent pas la situation, il est possible d\u2019employer des m\u00e9dicaments. Jusqu\u2019\u00e0 pr\u00e9sent, tr\u00e8s peu de substances actives sont autoris\u00e9es en Suisse pour les enfants et les adolescent-e-s contre les troubles psychiques, par exemple le TDAH. En r\u00e8gle g\u00e9n\u00e9rale, les traitements m\u00e9dicamenteux ne sont propos\u00e9s aux jeunes atteint-e-s de [&hellip;]\" \/>\n<meta property=\"og:url\" content=\"https:\/\/biotechlerncenter.interpharma.ch\/themen\/psychische-gesundheit-jugendliche-schweiz\/medikamentoese-ansaetze\/\" \/>\n<meta property=\"og:site_name\" content=\"biotechlerncenter\" \/>\n<meta property=\"article:modified_time\" content=\"2026-03-12T16:26:08+00:00\" \/>\n<meta name=\"twitter:card\" content=\"summary_large_image\" \/>\n<meta name=\"twitter:label1\" content=\"Dur\u00e9e de lecture estim\u00e9e\" \/>\n\t<meta name=\"twitter:data1\" content=\"3 minutes\" \/>\n<script type=\"application\/ld+json\" class=\"yoast-schema-graph\">{\"@context\":\"https:\/\/schema.org\",\"@graph\":[{\"@type\":\"WebPage\",\"@id\":\"https:\/\/biotechlerncenter.interpharma.ch\/themen\/psychische-gesundheit-jugendliche-schweiz\/medikamentoese-ansaetze\/\",\"url\":\"https:\/\/biotechlerncenter.interpharma.ch\/themen\/psychische-gesundheit-jugendliche-schweiz\/medikamentoese-ansaetze\/\",\"name\":\"4. Approches m\u00e9dicamenteuses - biotechlerncenter\",\"isPartOf\":{\"@id\":\"https:\/\/biotechlerncenter.interpharma.ch\/#website\"},\"datePublished\":\"2026-03-12T16:26:07+00:00\",\"dateModified\":\"2026-03-12T16:26:08+00:00\",\"breadcrumb\":{\"@id\":\"https:\/\/biotechlerncenter.interpharma.ch\/themen\/psychische-gesundheit-jugendliche-schweiz\/medikamentoese-ansaetze\/#breadcrumb\"},\"inLanguage\":\"fr-FR\",\"potentialAction\":[{\"@type\":\"ReadAction\",\"target\":[\"https:\/\/biotechlerncenter.interpharma.ch\/themen\/psychische-gesundheit-jugendliche-schweiz\/medikamentoese-ansaetze\/\"]}]},{\"@type\":\"BreadcrumbList\",\"@id\":\"https:\/\/biotechlerncenter.interpharma.ch\/themen\/psychische-gesundheit-jugendliche-schweiz\/medikamentoese-ansaetze\/#breadcrumb\",\"itemListElement\":[{\"@type\":\"ListItem\",\"position\":1,\"name\":\"Start\",\"item\":\"https:\/\/biotechlerncenter.interpharma.ch\/fr\/\"},{\"@type\":\"ListItem\",\"position\":2,\"name\":\"Sujets\",\"item\":\"https:\/\/biotechlerncenter.interpharma.ch\/fr\/sujets\/\"},{\"@type\":\"ListItem\",\"position\":3,\"name\":\"Entre les \u00abj\u2019aime\u00bb et la pression \u00e0 la performance: sant\u00e9 psychique des jeunes en Suisse\",\"item\":\"https:\/\/biotechlerncenter.interpharma.ch\/fr\/sujets\/psychische-gesundheit-jugendliche-schweiz\/\"},{\"@type\":\"ListItem\",\"position\":4,\"name\":\"4. Approches m\u00e9dicamenteuses\"}]},{\"@type\":\"WebSite\",\"@id\":\"https:\/\/biotechlerncenter.interpharma.ch\/#website\",\"url\":\"https:\/\/biotechlerncenter.interpharma.ch\/\",\"name\":\"biotechlerncenter\",\"description\":\"\",\"potentialAction\":[{\"@type\":\"SearchAction\",\"target\":{\"@type\":\"EntryPoint\",\"urlTemplate\":\"https:\/\/biotechlerncenter.interpharma.ch\/?s={search_term_string}\"},\"query-input\":{\"@type\":\"PropertyValueSpecification\",\"valueRequired\":true,\"valueName\":\"search_term_string\"}}],\"inLanguage\":\"fr-FR\"}]}<\/script>\n<!-- \/ Yoast SEO Premium plugin. -->","yoast_head_json":{"title":"4. Approches m\u00e9dicamenteuses - biotechlerncenter","robots":{"index":"index","follow":"follow","max-snippet":"max-snippet:-1","max-image-preview":"max-image-preview:large","max-video-preview":"max-video-preview:-1"},"canonical":"https:\/\/biotechlerncenter.interpharma.ch\/themen\/psychische-gesundheit-jugendliche-schweiz\/medikamentoese-ansaetze\/","og_locale":"fr_FR","og_type":"article","og_title":"4. Approches m\u00e9dicamenteuses","og_description":"Si les approches d\u00e9crites au chapitre 3 n\u2019am\u00e9liorent pas la situation, il est possible d\u2019employer des m\u00e9dicaments. Jusqu\u2019\u00e0 pr\u00e9sent, tr\u00e8s peu de substances actives sont autoris\u00e9es en Suisse pour les enfants et les adolescent-e-s contre les troubles psychiques, par exemple le TDAH. En r\u00e8gle g\u00e9n\u00e9rale, les traitements m\u00e9dicamenteux ne sont propos\u00e9s aux jeunes atteint-e-s de [&hellip;]","og_url":"https:\/\/biotechlerncenter.interpharma.ch\/themen\/psychische-gesundheit-jugendliche-schweiz\/medikamentoese-ansaetze\/","og_site_name":"biotechlerncenter","article_modified_time":"2026-03-12T16:26:08+00:00","twitter_card":"summary_large_image","twitter_misc":{"Dur\u00e9e de lecture estim\u00e9e":"3 minutes"},"schema":{"@context":"https:\/\/schema.org","@graph":[{"@type":"WebPage","@id":"https:\/\/biotechlerncenter.interpharma.ch\/themen\/psychische-gesundheit-jugendliche-schweiz\/medikamentoese-ansaetze\/","url":"https:\/\/biotechlerncenter.interpharma.ch\/themen\/psychische-gesundheit-jugendliche-schweiz\/medikamentoese-ansaetze\/","name":"4. Approches m\u00e9dicamenteuses - biotechlerncenter","isPartOf":{"@id":"https:\/\/biotechlerncenter.interpharma.ch\/#website"},"datePublished":"2026-03-12T16:26:07+00:00","dateModified":"2026-03-12T16:26:08+00:00","breadcrumb":{"@id":"https:\/\/biotechlerncenter.interpharma.ch\/themen\/psychische-gesundheit-jugendliche-schweiz\/medikamentoese-ansaetze\/#breadcrumb"},"inLanguage":"fr-FR","potentialAction":[{"@type":"ReadAction","target":["https:\/\/biotechlerncenter.interpharma.ch\/themen\/psychische-gesundheit-jugendliche-schweiz\/medikamentoese-ansaetze\/"]}]},{"@type":"BreadcrumbList","@id":"https:\/\/biotechlerncenter.interpharma.ch\/themen\/psychische-gesundheit-jugendliche-schweiz\/medikamentoese-ansaetze\/#breadcrumb","itemListElement":[{"@type":"ListItem","position":1,"name":"Start","item":"https:\/\/biotechlerncenter.interpharma.ch\/fr\/"},{"@type":"ListItem","position":2,"name":"Sujets","item":"https:\/\/biotechlerncenter.interpharma.ch\/fr\/sujets\/"},{"@type":"ListItem","position":3,"name":"Entre les \u00abj\u2019aime\u00bb et la pression \u00e0 la performance: sant\u00e9 psychique des jeunes en Suisse","item":"https:\/\/biotechlerncenter.interpharma.ch\/fr\/sujets\/psychische-gesundheit-jugendliche-schweiz\/"},{"@type":"ListItem","position":4,"name":"4. Approches m\u00e9dicamenteuses"}]},{"@type":"WebSite","@id":"https:\/\/biotechlerncenter.interpharma.ch\/#website","url":"https:\/\/biotechlerncenter.interpharma.ch\/","name":"biotechlerncenter","description":"","potentialAction":[{"@type":"SearchAction","target":{"@type":"EntryPoint","urlTemplate":"https:\/\/biotechlerncenter.interpharma.ch\/?s={search_term_string}"},"query-input":{"@type":"PropertyValueSpecification","valueRequired":true,"valueName":"search_term_string"}}],"inLanguage":"fr-FR"}]}},"_links":{"self":[{"href":"https:\/\/biotechlerncenter.interpharma.ch\/fr\/wp-json\/wp\/v2\/pages\/398","targetHints":{"allow":["GET"]}}],"collection":[{"href":"https:\/\/biotechlerncenter.interpharma.ch\/fr\/wp-json\/wp\/v2\/pages"}],"about":[{"href":"https:\/\/biotechlerncenter.interpharma.ch\/fr\/wp-json\/wp\/v2\/types\/page"}],"author":[{"embeddable":true,"href":"https:\/\/biotechlerncenter.interpharma.ch\/fr\/wp-json\/wp\/v2\/users\/1"}],"replies":[{"embeddable":true,"href":"https:\/\/biotechlerncenter.interpharma.ch\/fr\/wp-json\/wp\/v2\/comments?post=398"}],"version-history":[{"count":1,"href":"https:\/\/biotechlerncenter.interpharma.ch\/fr\/wp-json\/wp\/v2\/pages\/398\/revisions"}],"predecessor-version":[{"id":399,"href":"https:\/\/biotechlerncenter.interpharma.ch\/fr\/wp-json\/wp\/v2\/pages\/398\/revisions\/399"}],"up":[{"embeddable":true,"href":"https:\/\/biotechlerncenter.interpharma.ch\/fr\/wp-json\/wp\/v2\/pages\/378"}],"wp:attachment":[{"href":"https:\/\/biotechlerncenter.interpharma.ch\/fr\/wp-json\/wp\/v2\/media?parent=398"}],"curies":[{"name":"wp","href":"https:\/\/api.w.org\/{rel}","templated":true}]}}