{"id":3183,"date":"2026-03-13T13:33:21","date_gmt":"2026-03-13T12:33:21","guid":{"rendered":"https:\/\/biotechlerncenter.iph-multisite.berta-bewegt.ch\/sujets\/medecine-personnalisee\/links\/"},"modified":"2026-03-13T17:51:17","modified_gmt":"2026-03-13T16:51:17","slug":"liens","status":"publish","type":"page","link":"https:\/\/biotechlerncenter.interpharma.ch\/fr\/sujets\/medecine-personnalisee\/liens\/","title":{"rendered":"Liens"},"content":{"rendered":"\n<p>Tableau des biomarqueurs g\u00e9nomiques pour des m\u00e9dicaments autoris\u00e9s:<br><a href=\"http:\/\/www.fda.gov\/Drugs\/ScienceResearch\/ResearchAreas\/Pharmacogenetics\/ucm083378.htm\" target=\"_blank\" rel=\"noreferrer noopener\">www.fda.gov\/Drugs\/ScienceResearch\/ResearchAreas\/Pharmacogenetics\/ucm083378.htm<\/a><\/p>\n\n\n\n<p>L&rsquo;entreprise 23andMe propose sur son site Internet un certain nombre de documents int\u00e9ressants pour les \u00e9coles:<br><a href=\"https:\/\/www.23andme.com\/gen101\/\" target=\"_blank\" rel=\"noreferrer noopener\">www.23andme.com\/gen101<\/a><\/p>\n\n\n\n<p>Dolan DNA Learning Center (Cold Spring Harbor Laboratory): Your genes, your health:<br><a href=\"http:\/\/www.ygyh.org\/\" target=\"_blank\" rel=\"noreferrer noopener\">www.ygyh.org\/<\/a><\/p>\n\n\n\n<p>DNA interactive<br><a href=\"http:\/\/www.dnai.org\/d\/index.html\" target=\"_blank\" rel=\"noreferrer noopener\">http:\/\/www.dnai.org\/d\/index.html<\/a>&nbsp;(\u00abGenes and Medicine\u00bb, puis \u00abgenetic profiling\u00bb)<\/p>\n\n\n\n<p>Aper\u00e7u d\u00e9taill\u00e9 au sujet des SNP et des effets de m\u00e9dicaments: Pharmacogenomics Knowledge Base<br><a href=\"http:\/\/www.pharmgkb.org\/index.jsp\" target=\"_blank\" rel=\"noreferrer noopener\">www.pharmgkb.org\/index.jsp<\/a><\/p>\n\n\n\n<p><a href=\"http:\/\/www.diezelle.ch\/fr\/index.php\" target=\"_blank\" rel=\"noreferrer noopener\" aria-label=\" (\u00f6ffnet in neuem Tab)\">La Cellule<\/a>, maquette d\u2019une cellule humaine agrandie 300 000 fois<\/p>\n","protected":false},"excerpt":{"rendered":"<p>Tableau des biomarqueurs g\u00e9nomiques pour des m\u00e9dicaments autoris\u00e9s:www.fda.gov\/Drugs\/ScienceResearch\/ResearchAreas\/Pharmacogenetics\/ucm083378.htm L&rsquo;entreprise 23andMe propose sur son site Internet un certain nombre de documents int\u00e9ressants pour les \u00e9coles:www.23andme.com\/gen101 Dolan DNA Learning Center (Cold Spring Harbor Laboratory): Your genes, your health:www.ygyh.org\/ DNA interactivehttp:\/\/www.dnai.org\/d\/index.html&nbsp;(\u00abGenes and Medicine\u00bb, puis \u00abgenetic profiling\u00bb) Aper\u00e7u d\u00e9taill\u00e9 au sujet des SNP et des effets de m\u00e9dicaments: Pharmacogenomics [&hellip;]<\/p>\n","protected":false},"author":1,"featured_media":0,"parent":846,"menu_order":6,"comment_status":"closed","ping_status":"closed","template":"page-templates\/unterthema.php","meta":{"_acf_changed":false,"inline_featured_image":false,"footnotes":""},"class_list":["post-3183","page","type-page","status-publish","hentry"],"acf":[],"yoast_head":"<!-- This site is optimized with the Yoast SEO Premium plugin v27.2 (Yoast SEO v27.2) - https:\/\/yoast.com\/product\/yoast-seo-premium-wordpress\/ -->\n<title>Liens - biotechlerncenter<\/title>\n<meta name=\"robots\" content=\"index, follow, max-snippet:-1, max-image-preview:large, max-video-preview:-1\" \/>\n<link rel=\"canonical\" href=\"https:\/\/biotechlerncenter.interpharma.ch\/themen\/personalisierte-medizin\/links\/\" \/>\n<meta property=\"og:locale\" content=\"fr_FR\" \/>\n<meta property=\"og:type\" content=\"article\" \/>\n<meta property=\"og:title\" content=\"Liens\" \/>\n<meta property=\"og:description\" content=\"Tableau des biomarqueurs g\u00e9nomiques pour des m\u00e9dicaments autoris\u00e9s:www.fda.gov\/Drugs\/ScienceResearch\/ResearchAreas\/Pharmacogenetics\/ucm083378.htm L&rsquo;entreprise 23andMe propose sur son site Internet un certain nombre de documents int\u00e9ressants pour les \u00e9coles:www.23andme.com\/gen101 Dolan DNA Learning Center (Cold Spring Harbor Laboratory): Your genes, your health:www.ygyh.org\/ DNA interactivehttp:\/\/www.dnai.org\/d\/index.html&nbsp;(\u00abGenes and Medicine\u00bb, puis \u00abgenetic profiling\u00bb) Aper\u00e7u d\u00e9taill\u00e9 au sujet des SNP et des effets de m\u00e9dicaments: Pharmacogenomics [&hellip;]\" \/>\n<meta property=\"og:url\" content=\"https:\/\/biotechlerncenter.interpharma.ch\/themen\/personalisierte-medizin\/links\/\" \/>\n<meta property=\"og:site_name\" content=\"biotechlerncenter\" \/>\n<meta property=\"article:modified_time\" content=\"2026-03-13T16:51:17+00:00\" \/>\n<meta name=\"twitter:card\" content=\"summary_large_image\" \/>\n<meta name=\"twitter:label1\" content=\"Dur\u00e9e de lecture estim\u00e9e\" \/>\n\t<meta name=\"twitter:data1\" content=\"1 minute\" \/>\n<script type=\"application\/ld+json\" class=\"yoast-schema-graph\">{\"@context\":\"https:\/\/schema.org\",\"@graph\":[{\"@type\":\"WebPage\",\"@id\":\"https:\/\/biotechlerncenter.interpharma.ch\/themen\/personalisierte-medizin\/links\/\",\"url\":\"https:\/\/biotechlerncenter.interpharma.ch\/themen\/personalisierte-medizin\/links\/\",\"name\":\"Liens - biotechlerncenter\",\"isPartOf\":{\"@id\":\"https:\/\/biotechlerncenter.interpharma.ch\/#website\"},\"datePublished\":\"2026-03-13T12:33:21+00:00\",\"dateModified\":\"2026-03-13T16:51:17+00:00\",\"breadcrumb\":{\"@id\":\"https:\/\/biotechlerncenter.interpharma.ch\/themen\/personalisierte-medizin\/links\/#breadcrumb\"},\"inLanguage\":\"fr-FR\",\"potentialAction\":[{\"@type\":\"ReadAction\",\"target\":[\"https:\/\/biotechlerncenter.interpharma.ch\/themen\/personalisierte-medizin\/links\/\"]}]},{\"@type\":\"BreadcrumbList\",\"@id\":\"https:\/\/biotechlerncenter.interpharma.ch\/themen\/personalisierte-medizin\/links\/#breadcrumb\",\"itemListElement\":[{\"@type\":\"ListItem\",\"position\":1,\"name\":\"Start\",\"item\":\"https:\/\/biotechlerncenter.interpharma.ch\/fr\/\"},{\"@type\":\"ListItem\",\"position\":2,\"name\":\"Sujets\",\"item\":\"https:\/\/biotechlerncenter.interpharma.ch\/fr\/sujets\/\"},{\"@type\":\"ListItem\",\"position\":3,\"name\":\"M\u00e9decine personnalis\u00e9e\",\"item\":\"https:\/\/biotechlerncenter.interpharma.ch\/fr\/sujets\/medecine-personnalisee\/\"},{\"@type\":\"ListItem\",\"position\":4,\"name\":\"Liens\"}]},{\"@type\":\"WebSite\",\"@id\":\"https:\/\/biotechlerncenter.interpharma.ch\/#website\",\"url\":\"https:\/\/biotechlerncenter.interpharma.ch\/\",\"name\":\"biotechlerncenter\",\"description\":\"\",\"potentialAction\":[{\"@type\":\"SearchAction\",\"target\":{\"@type\":\"EntryPoint\",\"urlTemplate\":\"https:\/\/biotechlerncenter.interpharma.ch\/?s={search_term_string}\"},\"query-input\":{\"@type\":\"PropertyValueSpecification\",\"valueRequired\":true,\"valueName\":\"search_term_string\"}}],\"inLanguage\":\"fr-FR\"}]}<\/script>\n<!-- \/ Yoast SEO Premium plugin. -->","yoast_head_json":{"title":"Liens - biotechlerncenter","robots":{"index":"index","follow":"follow","max-snippet":"max-snippet:-1","max-image-preview":"max-image-preview:large","max-video-preview":"max-video-preview:-1"},"canonical":"https:\/\/biotechlerncenter.interpharma.ch\/themen\/personalisierte-medizin\/links\/","og_locale":"fr_FR","og_type":"article","og_title":"Liens","og_description":"Tableau des biomarqueurs g\u00e9nomiques pour des m\u00e9dicaments autoris\u00e9s:www.fda.gov\/Drugs\/ScienceResearch\/ResearchAreas\/Pharmacogenetics\/ucm083378.htm L&rsquo;entreprise 23andMe propose sur son site Internet un certain nombre de documents int\u00e9ressants pour les \u00e9coles:www.23andme.com\/gen101 Dolan DNA Learning Center (Cold Spring Harbor Laboratory): Your genes, your health:www.ygyh.org\/ DNA interactivehttp:\/\/www.dnai.org\/d\/index.html&nbsp;(\u00abGenes and Medicine\u00bb, puis \u00abgenetic profiling\u00bb) Aper\u00e7u d\u00e9taill\u00e9 au sujet des SNP et des effets de m\u00e9dicaments: Pharmacogenomics [&hellip;]","og_url":"https:\/\/biotechlerncenter.interpharma.ch\/themen\/personalisierte-medizin\/links\/","og_site_name":"biotechlerncenter","article_modified_time":"2026-03-13T16:51:17+00:00","twitter_card":"summary_large_image","twitter_misc":{"Dur\u00e9e de lecture estim\u00e9e":"1 minute"},"schema":{"@context":"https:\/\/schema.org","@graph":[{"@type":"WebPage","@id":"https:\/\/biotechlerncenter.interpharma.ch\/themen\/personalisierte-medizin\/links\/","url":"https:\/\/biotechlerncenter.interpharma.ch\/themen\/personalisierte-medizin\/links\/","name":"Liens - biotechlerncenter","isPartOf":{"@id":"https:\/\/biotechlerncenter.interpharma.ch\/#website"},"datePublished":"2026-03-13T12:33:21+00:00","dateModified":"2026-03-13T16:51:17+00:00","breadcrumb":{"@id":"https:\/\/biotechlerncenter.interpharma.ch\/themen\/personalisierte-medizin\/links\/#breadcrumb"},"inLanguage":"fr-FR","potentialAction":[{"@type":"ReadAction","target":["https:\/\/biotechlerncenter.interpharma.ch\/themen\/personalisierte-medizin\/links\/"]}]},{"@type":"BreadcrumbList","@id":"https:\/\/biotechlerncenter.interpharma.ch\/themen\/personalisierte-medizin\/links\/#breadcrumb","itemListElement":[{"@type":"ListItem","position":1,"name":"Start","item":"https:\/\/biotechlerncenter.interpharma.ch\/fr\/"},{"@type":"ListItem","position":2,"name":"Sujets","item":"https:\/\/biotechlerncenter.interpharma.ch\/fr\/sujets\/"},{"@type":"ListItem","position":3,"name":"M\u00e9decine personnalis\u00e9e","item":"https:\/\/biotechlerncenter.interpharma.ch\/fr\/sujets\/medecine-personnalisee\/"},{"@type":"ListItem","position":4,"name":"Liens"}]},{"@type":"WebSite","@id":"https:\/\/biotechlerncenter.interpharma.ch\/#website","url":"https:\/\/biotechlerncenter.interpharma.ch\/","name":"biotechlerncenter","description":"","potentialAction":[{"@type":"SearchAction","target":{"@type":"EntryPoint","urlTemplate":"https:\/\/biotechlerncenter.interpharma.ch\/?s={search_term_string}"},"query-input":{"@type":"PropertyValueSpecification","valueRequired":true,"valueName":"search_term_string"}}],"inLanguage":"fr-FR"}]}},"_links":{"self":[{"href":"https:\/\/biotechlerncenter.interpharma.ch\/fr\/wp-json\/wp\/v2\/pages\/3183","targetHints":{"allow":["GET"]}}],"collection":[{"href":"https:\/\/biotechlerncenter.interpharma.ch\/fr\/wp-json\/wp\/v2\/pages"}],"about":[{"href":"https:\/\/biotechlerncenter.interpharma.ch\/fr\/wp-json\/wp\/v2\/types\/page"}],"author":[{"embeddable":true,"href":"https:\/\/biotechlerncenter.interpharma.ch\/fr\/wp-json\/wp\/v2\/users\/1"}],"replies":[{"embeddable":true,"href":"https:\/\/biotechlerncenter.interpharma.ch\/fr\/wp-json\/wp\/v2\/comments?post=3183"}],"version-history":[{"count":1,"href":"https:\/\/biotechlerncenter.interpharma.ch\/fr\/wp-json\/wp\/v2\/pages\/3183\/revisions"}],"predecessor-version":[{"id":3187,"href":"https:\/\/biotechlerncenter.interpharma.ch\/fr\/wp-json\/wp\/v2\/pages\/3183\/revisions\/3187"}],"up":[{"embeddable":true,"href":"https:\/\/biotechlerncenter.interpharma.ch\/fr\/wp-json\/wp\/v2\/pages\/846"}],"wp:attachment":[{"href":"https:\/\/biotechlerncenter.interpharma.ch\/fr\/wp-json\/wp\/v2\/media?parent=3183"}],"curies":[{"name":"wp","href":"https:\/\/api.w.org\/{rel}","templated":true}]}}