{"id":3072,"date":"2026-03-13T12:09:28","date_gmt":"2026-03-13T11:09:28","guid":{"rendered":"https:\/\/biotechlerncenter.iph-multisite.berta-bewegt.ch\/sujets\/therapie-genique-soigner-les-maladies-a-laide-de-genes\/arbeitsblatt\/"},"modified":"2026-03-13T17:01:43","modified_gmt":"2026-03-13T16:01:43","slug":"documents-de-travail","status":"publish","type":"page","link":"https:\/\/biotechlerncenter.interpharma.ch\/fr\/sujets\/therapie-genique-soigner-les-maladies-a-laide-de-genes\/documents-de-travail\/","title":{"rendered":"Documents de travail"},"content":{"rendered":"\n<p>Vid\u00e9o: le film montre un patient rendu presque aveugle par une maladie h\u00e9r\u00e9ditaire et comment la th\u00e9rapie g\u00e9nique a pu am\u00e9liorer sa vision.<br><a href=\"https:\/\/www.youtube.com\/watch?v=lArKQhdbn84\">https:\/\/www.youtube.com\/watch?v=lArKQhdbn84<\/a><\/p>\n\n\n\n<p>Film sur la th\u00e9rapie g\u00e9nique<br><a href=\"http:\/\/www.gene-abc.ch\/fr\/le-genie-genetique-en-medecine\/traiter-les-maladies-grace-aux-genes\/\">http:\/\/www.gene-abc.ch\/fr\/le-genie-genetique-en-medecine\/traiter-les-maladies-grace-aux-genes\/<br><\/a>Exercice: regardez le film en groupes. Dans votre groupe, inventez un quiz comportant cinq questions. \u00c9changez les questions avec l\u2019autre groupe. Qui peut r\u00e9pondre aux questions de l\u2019autre groupe?<\/p>\n\n\n\n<p>Un film impressionnant sur un patient atteint d\u2019une leuc\u00e9mie et une nouvelle forme de th\u00e9rapie g\u00e9nique (en allemand).<br><a href=\"https:\/\/www.ardmediathek.de\/ard\/player\/Y3JpZDovL3N3ci5kZS8xNTEzNTUyNA\/blut-kostbares-blut?start=1329.00&amp;ende=1773.20\" target=\"_blank\" rel=\"noreferrer noopener\" label=\" (\u00f6ffnet in neuem Tab)\">SWR Odysso: Gentherapie gegen Leuk\u00e4mie (2015)<\/a><\/p>\n\n\n\n<h2 class=\"wp-block-heading\">Autres documents<\/h2>\n\n\n\n<p>Novartis live (magazine des collaborateurs de Novartis, en allemand): Ganz pers\u00f6nlich: Fortschritte in der Zell- und Gentherapie k\u00f6nnten die Praxis der Medizin ver\u00e4ndern, 8-9\/15<\/p>\n\n\n\n<p><a href=\"http:\/\/www.nzz.ch\/wissenschaft\/medizin\/ein-neues-werkzeug-beschleunigt-die-forschung-1.18432046\">http:\/\/www.nzz.ch\/wissenschaft\/medizin\/ein-neues-werkzeug-beschleunigt-die-forschung-1.18432046<\/a><\/p>\n","protected":false},"excerpt":{"rendered":"<p>Vid\u00e9o: le film montre un patient rendu presque aveugle par une maladie h\u00e9r\u00e9ditaire et comment la th\u00e9rapie g\u00e9nique a pu am\u00e9liorer sa vision.https:\/\/www.youtube.com\/watch?v=lArKQhdbn84 Film sur la th\u00e9rapie g\u00e9niquehttp:\/\/www.gene-abc.ch\/fr\/le-genie-genetique-en-medecine\/traiter-les-maladies-grace-aux-genes\/Exercice: regardez le film en groupes. Dans votre groupe, inventez un quiz comportant cinq questions. \u00c9changez les questions avec l\u2019autre groupe. Qui peut r\u00e9pondre aux questions de l\u2019autre [&hellip;]<\/p>\n","protected":false},"author":1,"featured_media":0,"parent":612,"menu_order":7,"comment_status":"closed","ping_status":"closed","template":"page-templates\/unterthema.php","meta":{"_acf_changed":false,"inline_featured_image":false,"footnotes":""},"class_list":["post-3072","page","type-page","status-publish","hentry"],"acf":[],"yoast_head":"<!-- This site is optimized with the Yoast SEO Premium plugin v27.2 (Yoast SEO v27.2) - https:\/\/yoast.com\/product\/yoast-seo-premium-wordpress\/ -->\n<title>Documents de travail - biotechlerncenter<\/title>\n<meta name=\"robots\" content=\"index, follow, max-snippet:-1, max-image-preview:large, max-video-preview:-1\" \/>\n<link rel=\"canonical\" href=\"https:\/\/biotechlerncenter.interpharma.ch\/themen\/gentherapie-krankheiten-mit-genen-behandeln\/arbeitsblatt\/\" \/>\n<meta property=\"og:locale\" content=\"fr_FR\" \/>\n<meta property=\"og:type\" content=\"article\" \/>\n<meta property=\"og:title\" content=\"Documents de travail\" \/>\n<meta property=\"og:description\" content=\"Vid\u00e9o: le film montre un patient rendu presque aveugle par une maladie h\u00e9r\u00e9ditaire et comment la th\u00e9rapie g\u00e9nique a pu am\u00e9liorer sa vision.https:\/\/www.youtube.com\/watch?v=lArKQhdbn84 Film sur la th\u00e9rapie g\u00e9niquehttp:\/\/www.gene-abc.ch\/fr\/le-genie-genetique-en-medecine\/traiter-les-maladies-grace-aux-genes\/Exercice: regardez le film en groupes. Dans votre groupe, inventez un quiz comportant cinq questions. \u00c9changez les questions avec l\u2019autre groupe. Qui peut r\u00e9pondre aux questions de l\u2019autre [&hellip;]\" \/>\n<meta property=\"og:url\" content=\"https:\/\/biotechlerncenter.interpharma.ch\/themen\/gentherapie-krankheiten-mit-genen-behandeln\/arbeitsblatt\/\" \/>\n<meta property=\"og:site_name\" content=\"biotechlerncenter\" \/>\n<meta property=\"article:modified_time\" content=\"2026-03-13T16:01:43+00:00\" \/>\n<meta name=\"twitter:card\" content=\"summary_large_image\" \/>\n<meta name=\"twitter:label1\" content=\"Dur\u00e9e de lecture estim\u00e9e\" \/>\n\t<meta name=\"twitter:data1\" content=\"1 minute\" \/>\n<script type=\"application\/ld+json\" class=\"yoast-schema-graph\">{\"@context\":\"https:\/\/schema.org\",\"@graph\":[{\"@type\":\"WebPage\",\"@id\":\"https:\/\/biotechlerncenter.interpharma.ch\/themen\/gentherapie-krankheiten-mit-genen-behandeln\/arbeitsblatt\/\",\"url\":\"https:\/\/biotechlerncenter.interpharma.ch\/themen\/gentherapie-krankheiten-mit-genen-behandeln\/arbeitsblatt\/\",\"name\":\"Documents de travail - biotechlerncenter\",\"isPartOf\":{\"@id\":\"https:\/\/biotechlerncenter.interpharma.ch\/#website\"},\"datePublished\":\"2026-03-13T11:09:28+00:00\",\"dateModified\":\"2026-03-13T16:01:43+00:00\",\"breadcrumb\":{\"@id\":\"https:\/\/biotechlerncenter.interpharma.ch\/themen\/gentherapie-krankheiten-mit-genen-behandeln\/arbeitsblatt\/#breadcrumb\"},\"inLanguage\":\"fr-FR\",\"potentialAction\":[{\"@type\":\"ReadAction\",\"target\":[\"https:\/\/biotechlerncenter.interpharma.ch\/themen\/gentherapie-krankheiten-mit-genen-behandeln\/arbeitsblatt\/\"]}]},{\"@type\":\"BreadcrumbList\",\"@id\":\"https:\/\/biotechlerncenter.interpharma.ch\/themen\/gentherapie-krankheiten-mit-genen-behandeln\/arbeitsblatt\/#breadcrumb\",\"itemListElement\":[{\"@type\":\"ListItem\",\"position\":1,\"name\":\"Start\",\"item\":\"https:\/\/biotechlerncenter.interpharma.ch\/fr\/\"},{\"@type\":\"ListItem\",\"position\":2,\"name\":\"Sujets\",\"item\":\"https:\/\/biotechlerncenter.interpharma.ch\/fr\/sujets\/\"},{\"@type\":\"ListItem\",\"position\":3,\"name\":\"Th\u00e9rapie g\u00e9nique: soigner les maladies \u00e0 l\u2019aide de g\u00e8nes\",\"item\":\"https:\/\/biotechlerncenter.interpharma.ch\/fr\/sujets\/therapie-genique-soigner-les-maladies-a-laide-de-genes\/\"},{\"@type\":\"ListItem\",\"position\":4,\"name\":\"Documents de travail\"}]},{\"@type\":\"WebSite\",\"@id\":\"https:\/\/biotechlerncenter.interpharma.ch\/#website\",\"url\":\"https:\/\/biotechlerncenter.interpharma.ch\/\",\"name\":\"biotechlerncenter\",\"description\":\"\",\"potentialAction\":[{\"@type\":\"SearchAction\",\"target\":{\"@type\":\"EntryPoint\",\"urlTemplate\":\"https:\/\/biotechlerncenter.interpharma.ch\/?s={search_term_string}\"},\"query-input\":{\"@type\":\"PropertyValueSpecification\",\"valueRequired\":true,\"valueName\":\"search_term_string\"}}],\"inLanguage\":\"fr-FR\"}]}<\/script>\n<!-- \/ Yoast SEO Premium plugin. -->","yoast_head_json":{"title":"Documents de travail - biotechlerncenter","robots":{"index":"index","follow":"follow","max-snippet":"max-snippet:-1","max-image-preview":"max-image-preview:large","max-video-preview":"max-video-preview:-1"},"canonical":"https:\/\/biotechlerncenter.interpharma.ch\/themen\/gentherapie-krankheiten-mit-genen-behandeln\/arbeitsblatt\/","og_locale":"fr_FR","og_type":"article","og_title":"Documents de travail","og_description":"Vid\u00e9o: le film montre un patient rendu presque aveugle par une maladie h\u00e9r\u00e9ditaire et comment la th\u00e9rapie g\u00e9nique a pu am\u00e9liorer sa vision.https:\/\/www.youtube.com\/watch?v=lArKQhdbn84 Film sur la th\u00e9rapie g\u00e9niquehttp:\/\/www.gene-abc.ch\/fr\/le-genie-genetique-en-medecine\/traiter-les-maladies-grace-aux-genes\/Exercice: regardez le film en groupes. Dans votre groupe, inventez un quiz comportant cinq questions. \u00c9changez les questions avec l\u2019autre groupe. Qui peut r\u00e9pondre aux questions de l\u2019autre [&hellip;]","og_url":"https:\/\/biotechlerncenter.interpharma.ch\/themen\/gentherapie-krankheiten-mit-genen-behandeln\/arbeitsblatt\/","og_site_name":"biotechlerncenter","article_modified_time":"2026-03-13T16:01:43+00:00","twitter_card":"summary_large_image","twitter_misc":{"Dur\u00e9e de lecture estim\u00e9e":"1 minute"},"schema":{"@context":"https:\/\/schema.org","@graph":[{"@type":"WebPage","@id":"https:\/\/biotechlerncenter.interpharma.ch\/themen\/gentherapie-krankheiten-mit-genen-behandeln\/arbeitsblatt\/","url":"https:\/\/biotechlerncenter.interpharma.ch\/themen\/gentherapie-krankheiten-mit-genen-behandeln\/arbeitsblatt\/","name":"Documents de travail - biotechlerncenter","isPartOf":{"@id":"https:\/\/biotechlerncenter.interpharma.ch\/#website"},"datePublished":"2026-03-13T11:09:28+00:00","dateModified":"2026-03-13T16:01:43+00:00","breadcrumb":{"@id":"https:\/\/biotechlerncenter.interpharma.ch\/themen\/gentherapie-krankheiten-mit-genen-behandeln\/arbeitsblatt\/#breadcrumb"},"inLanguage":"fr-FR","potentialAction":[{"@type":"ReadAction","target":["https:\/\/biotechlerncenter.interpharma.ch\/themen\/gentherapie-krankheiten-mit-genen-behandeln\/arbeitsblatt\/"]}]},{"@type":"BreadcrumbList","@id":"https:\/\/biotechlerncenter.interpharma.ch\/themen\/gentherapie-krankheiten-mit-genen-behandeln\/arbeitsblatt\/#breadcrumb","itemListElement":[{"@type":"ListItem","position":1,"name":"Start","item":"https:\/\/biotechlerncenter.interpharma.ch\/fr\/"},{"@type":"ListItem","position":2,"name":"Sujets","item":"https:\/\/biotechlerncenter.interpharma.ch\/fr\/sujets\/"},{"@type":"ListItem","position":3,"name":"Th\u00e9rapie g\u00e9nique: soigner les maladies \u00e0 l\u2019aide de g\u00e8nes","item":"https:\/\/biotechlerncenter.interpharma.ch\/fr\/sujets\/therapie-genique-soigner-les-maladies-a-laide-de-genes\/"},{"@type":"ListItem","position":4,"name":"Documents de travail"}]},{"@type":"WebSite","@id":"https:\/\/biotechlerncenter.interpharma.ch\/#website","url":"https:\/\/biotechlerncenter.interpharma.ch\/","name":"biotechlerncenter","description":"","potentialAction":[{"@type":"SearchAction","target":{"@type":"EntryPoint","urlTemplate":"https:\/\/biotechlerncenter.interpharma.ch\/?s={search_term_string}"},"query-input":{"@type":"PropertyValueSpecification","valueRequired":true,"valueName":"search_term_string"}}],"inLanguage":"fr-FR"}]}},"_links":{"self":[{"href":"https:\/\/biotechlerncenter.interpharma.ch\/fr\/wp-json\/wp\/v2\/pages\/3072","targetHints":{"allow":["GET"]}}],"collection":[{"href":"https:\/\/biotechlerncenter.interpharma.ch\/fr\/wp-json\/wp\/v2\/pages"}],"about":[{"href":"https:\/\/biotechlerncenter.interpharma.ch\/fr\/wp-json\/wp\/v2\/types\/page"}],"author":[{"embeddable":true,"href":"https:\/\/biotechlerncenter.interpharma.ch\/fr\/wp-json\/wp\/v2\/users\/1"}],"replies":[{"embeddable":true,"href":"https:\/\/biotechlerncenter.interpharma.ch\/fr\/wp-json\/wp\/v2\/comments?post=3072"}],"version-history":[{"count":1,"href":"https:\/\/biotechlerncenter.interpharma.ch\/fr\/wp-json\/wp\/v2\/pages\/3072\/revisions"}],"predecessor-version":[{"id":3073,"href":"https:\/\/biotechlerncenter.interpharma.ch\/fr\/wp-json\/wp\/v2\/pages\/3072\/revisions\/3073"}],"up":[{"embeddable":true,"href":"https:\/\/biotechlerncenter.interpharma.ch\/fr\/wp-json\/wp\/v2\/pages\/612"}],"wp:attachment":[{"href":"https:\/\/biotechlerncenter.interpharma.ch\/fr\/wp-json\/wp\/v2\/media?parent=3072"}],"curies":[{"name":"wp","href":"https:\/\/api.w.org\/{rel}","templated":true}]}}