{"id":2962,"date":"2026-03-13T15:29:55","date_gmt":"2026-03-13T14:29:55","guid":{"rendered":"https:\/\/biotechlerncenter.iph-multisite.berta-bewegt.ch\/?page_id=2962"},"modified":"2026-03-13T19:18:08","modified_gmt":"2026-03-13T18:18:08","slug":"documents","status":"publish","type":"page","link":"https:\/\/biotechlerncenter.interpharma.ch\/fr\/sujets\/vaccination\/documents\/","title":{"rendered":"Documents"},"content":{"rendered":"\n<h2 class=\"wp-block-heading\"><strong>Articles de la baz<\/strong><\/h2>\n\n\n\n<p><a href=\"https:\/\/biotechlerncenter.interpharma.ch\/wp-content\/uploads\/sites\/4\/2020\/02\/baz_grippe-1.pdf\" target=\"_blank\" rel=\"noreferrer noopener\">Doit-on se faire vacciner contre la grippe? \/ Soll man sich gegen Grippe impfen lassen? (T\u00e9l\u00e9charger)<\/a><\/p>\n\n\n\n<p>Le vaccin contre la grippe est conseill\u00e9 pour les personnes \u00e0 risque \/ F\u00fcr Risikopersonen wird die Grippeimpfung empfohlen<br>Des voix critiques remettent en question leur efficacit\u00e9 \/ Kritische Stimmen stellen deren Wirkung in Frage.<br>Manuel Battegay vs. Anita Petek-Dimmer<br>baz, 21. octobre 2006<\/p>\n\n\n\n<p><a href=\"https:\/\/biotechlerncenter.interpharma.ch\/wp-content\/uploads\/sites\/4\/2020\/02\/baz_masern-1.pdf\" target=\"_blank\" rel=\"noreferrer noopener\">Les enfants doivent-ils \u00eatre vaccin\u00e9s contre la rougeole? \/ Sollen Kinder gegen Masern geimpft werden? (T\u00e9l\u00e9charger)<\/a><\/p>\n\n\n\n<p>Dominik Schorr vs. Peter Mattmann<br>baz, 26. avril 2008<\/p>\n\n\n\n<h2 class=\"wp-block-heading\"><strong>Article dans la Sonntagszeitung<\/strong><\/h2>\n\n\n\n<p><a href=\"https:\/\/biotechlerncenter.interpharma.ch\/wp-content\/uploads\/sites\/4\/2020\/02\/sz_080824-1.pdf\" target=\"_blank\" rel=\"noreferrer noopener\">Seuls quelques Suisses al\u00e9maniques restent r\u00e9fractaires aux vaccinations (T\u00e9l\u00e9charger)<\/a><\/p>\n\n\n\n<p>Professeur Claire-Anne Siegrist au sujet de la rougeole, des tiques et des vaccinations sur les b\u00e9b\u00e9s.<br>Sonntagszeitung, 24. ao\u00fbt 2008<\/p>\n\n\n\n<h2 class=\"wp-block-heading\"><strong>Plan de vaccination<\/strong><\/h2>\n\n\n\n<p>&#8211; Plan suisse de vaccination<br>(\u00e0 commander aupr\u00e8s de l&rsquo;Office f\u00e9d\u00e9ral de la sant\u00e9 publique,&nbsp;<a href=\"https:\/\/www.bag.admin.ch\/bag\/fr\/home.html\" target=\"_blank\" rel=\"noreferrer noopener\" aria-label=\" (\u00f6ffnet in neuem Tab)\">www.bag.admin.ch<\/a>)<\/p>\n\n\n\n<p>&#8211; Arguments pour la vaccination: vacciner les enfants? Oui! Pourquoi?<br>(\u00e0 commander aupr\u00e8s de l&rsquo;Office f\u00e9d\u00e9ral de la sant\u00e9 publique,&nbsp;<a href=\"https:\/\/www.bag.admin.ch\/bag\/fr\/home.html\" target=\"_blank\" rel=\"noreferrer noopener\" aria-label=\" (\u00f6ffnet in neuem Tab)\">www.bag.admin.ch<\/a>)<\/p>\n\n\n\n<p>&#8211; Critique de la vaccination<br>Ouvrage sp\u00e9cialis\u00e9: Vaccination &#8211; informations pour un choix personnalis\u00e9.<br>(\u00e0 commander aupr\u00e8s du Groupe m\u00e9dical de r\u00e9flexions sur les vaccins, CP 110, CH-1010 Lausanne 10 ; co\u00fbt CHF 12)<\/p>\n\n\n\n<h2 class=\"wp-block-heading\"><strong>DVD: vaccinations<\/strong><\/h2>\n\n\n\n<p>DVD: les vaccinations &#8211; un atout pour la sant\u00e9 (\u00e0 commander aupr\u00e8s de l&rsquo;Office f\u00e9d\u00e9ral de la sant\u00e9 publique au prix de CHF 20.&#8211;&nbsp;<a rel=\"noreferrer noopener\" href=\"https:\/\/www.bag.admin.ch\/bag\/fr\/home.html\" target=\"_blank\">www.bag.admin.ch<\/a>)<\/p>\n\n\n\n<h2 class=\"wp-block-heading\"><strong>Visite guid\u00e9e au mus\u00e9e<\/strong><\/h2>\n\n\n\n<p>Visite guid\u00e9e au Mus\u00e9e d&rsquo;Histoire de la M\u00e9decine, Universit\u00e9 de Zurich (annonce n\u00e9cessaire, possibilit\u00e9 de visite guid\u00e9e sur le th\u00e8me des vaccinations)<\/p>\n","protected":false},"excerpt":{"rendered":"<p>Articles de la baz Doit-on se faire vacciner contre la grippe? \/ Soll man sich gegen Grippe impfen lassen? (T\u00e9l\u00e9charger) Le vaccin contre la grippe est conseill\u00e9 pour les personnes \u00e0 risque \/ F\u00fcr Risikopersonen wird die Grippeimpfung empfohlenDes voix critiques remettent en question leur efficacit\u00e9 \/ Kritische Stimmen stellen deren Wirkung in Frage.Manuel Battegay [&hellip;]<\/p>\n","protected":false},"author":1,"featured_media":0,"parent":1206,"menu_order":8,"comment_status":"closed","ping_status":"closed","template":"page-templates\/unterthema.php","meta":{"_acf_changed":false,"inline_featured_image":false,"footnotes":""},"class_list":["post-2962","page","type-page","status-publish","hentry"],"acf":[],"yoast_head":"<!-- This site is optimized with the Yoast SEO Premium plugin v27.2 (Yoast SEO v27.2) - https:\/\/yoast.com\/product\/yoast-seo-premium-wordpress\/ -->\n<title>Documents - biotechlerncenter<\/title>\n<meta name=\"robots\" content=\"index, follow, max-snippet:-1, max-image-preview:large, max-video-preview:-1\" \/>\n<link rel=\"canonical\" href=\"https:\/\/biotechlerncenter.interpharma.ch\/themen\/impfen-selbstverteidigung-fuer-das-immunsystem\/arbeitsblatt\/\" \/>\n<meta property=\"og:locale\" content=\"fr_FR\" \/>\n<meta property=\"og:type\" content=\"article\" \/>\n<meta property=\"og:title\" content=\"Documents\" \/>\n<meta property=\"og:description\" content=\"Articles de la baz Doit-on se faire vacciner contre la grippe? \/ Soll man sich gegen Grippe impfen lassen? (T\u00e9l\u00e9charger) Le vaccin contre la grippe est conseill\u00e9 pour les personnes \u00e0 risque \/ F\u00fcr Risikopersonen wird die Grippeimpfung empfohlenDes voix critiques remettent en question leur efficacit\u00e9 \/ Kritische Stimmen stellen deren Wirkung in Frage.Manuel Battegay [&hellip;]\" \/>\n<meta property=\"og:url\" content=\"https:\/\/biotechlerncenter.interpharma.ch\/themen\/impfen-selbstverteidigung-fuer-das-immunsystem\/arbeitsblatt\/\" \/>\n<meta property=\"og:site_name\" content=\"biotechlerncenter\" \/>\n<meta property=\"article:modified_time\" content=\"2026-03-13T18:18:08+00:00\" \/>\n<meta name=\"twitter:card\" content=\"summary_large_image\" \/>\n<meta name=\"twitter:label1\" content=\"Dur\u00e9e de lecture estim\u00e9e\" \/>\n\t<meta name=\"twitter:data1\" content=\"2 minutes\" \/>\n<script type=\"application\/ld+json\" class=\"yoast-schema-graph\">{\"@context\":\"https:\/\/schema.org\",\"@graph\":[{\"@type\":\"WebPage\",\"@id\":\"https:\/\/biotechlerncenter.interpharma.ch\/themen\/impfen-selbstverteidigung-fuer-das-immunsystem\/arbeitsblatt\/\",\"url\":\"https:\/\/biotechlerncenter.interpharma.ch\/themen\/impfen-selbstverteidigung-fuer-das-immunsystem\/arbeitsblatt\/\",\"name\":\"Documents - biotechlerncenter\",\"isPartOf\":{\"@id\":\"https:\/\/biotechlerncenter.interpharma.ch\/#website\"},\"datePublished\":\"2026-03-13T14:29:55+00:00\",\"dateModified\":\"2026-03-13T18:18:08+00:00\",\"breadcrumb\":{\"@id\":\"https:\/\/biotechlerncenter.interpharma.ch\/themen\/impfen-selbstverteidigung-fuer-das-immunsystem\/arbeitsblatt\/#breadcrumb\"},\"inLanguage\":\"fr-FR\",\"potentialAction\":[{\"@type\":\"ReadAction\",\"target\":[\"https:\/\/biotechlerncenter.interpharma.ch\/themen\/impfen-selbstverteidigung-fuer-das-immunsystem\/arbeitsblatt\/\"]}]},{\"@type\":\"BreadcrumbList\",\"@id\":\"https:\/\/biotechlerncenter.interpharma.ch\/themen\/impfen-selbstverteidigung-fuer-das-immunsystem\/arbeitsblatt\/#breadcrumb\",\"itemListElement\":[{\"@type\":\"ListItem\",\"position\":1,\"name\":\"Start\",\"item\":\"https:\/\/biotechlerncenter.interpharma.ch\/fr\/\"},{\"@type\":\"ListItem\",\"position\":2,\"name\":\"Sujets\",\"item\":\"https:\/\/biotechlerncenter.interpharma.ch\/fr\/sujets\/\"},{\"@type\":\"ListItem\",\"position\":3,\"name\":\"Vaccination\",\"item\":\"https:\/\/biotechlerncenter.interpharma.ch\/fr\/sujets\/vaccination\/\"},{\"@type\":\"ListItem\",\"position\":4,\"name\":\"Documents\"}]},{\"@type\":\"WebSite\",\"@id\":\"https:\/\/biotechlerncenter.interpharma.ch\/#website\",\"url\":\"https:\/\/biotechlerncenter.interpharma.ch\/\",\"name\":\"biotechlerncenter\",\"description\":\"\",\"potentialAction\":[{\"@type\":\"SearchAction\",\"target\":{\"@type\":\"EntryPoint\",\"urlTemplate\":\"https:\/\/biotechlerncenter.interpharma.ch\/?s={search_term_string}\"},\"query-input\":{\"@type\":\"PropertyValueSpecification\",\"valueRequired\":true,\"valueName\":\"search_term_string\"}}],\"inLanguage\":\"fr-FR\"}]}<\/script>\n<!-- \/ Yoast SEO Premium plugin. -->","yoast_head_json":{"title":"Documents - biotechlerncenter","robots":{"index":"index","follow":"follow","max-snippet":"max-snippet:-1","max-image-preview":"max-image-preview:large","max-video-preview":"max-video-preview:-1"},"canonical":"https:\/\/biotechlerncenter.interpharma.ch\/themen\/impfen-selbstverteidigung-fuer-das-immunsystem\/arbeitsblatt\/","og_locale":"fr_FR","og_type":"article","og_title":"Documents","og_description":"Articles de la baz Doit-on se faire vacciner contre la grippe? \/ Soll man sich gegen Grippe impfen lassen? (T\u00e9l\u00e9charger) Le vaccin contre la grippe est conseill\u00e9 pour les personnes \u00e0 risque \/ F\u00fcr Risikopersonen wird die Grippeimpfung empfohlenDes voix critiques remettent en question leur efficacit\u00e9 \/ Kritische Stimmen stellen deren Wirkung in Frage.Manuel Battegay [&hellip;]","og_url":"https:\/\/biotechlerncenter.interpharma.ch\/themen\/impfen-selbstverteidigung-fuer-das-immunsystem\/arbeitsblatt\/","og_site_name":"biotechlerncenter","article_modified_time":"2026-03-13T18:18:08+00:00","twitter_card":"summary_large_image","twitter_misc":{"Dur\u00e9e de lecture estim\u00e9e":"2 minutes"},"schema":{"@context":"https:\/\/schema.org","@graph":[{"@type":"WebPage","@id":"https:\/\/biotechlerncenter.interpharma.ch\/themen\/impfen-selbstverteidigung-fuer-das-immunsystem\/arbeitsblatt\/","url":"https:\/\/biotechlerncenter.interpharma.ch\/themen\/impfen-selbstverteidigung-fuer-das-immunsystem\/arbeitsblatt\/","name":"Documents - biotechlerncenter","isPartOf":{"@id":"https:\/\/biotechlerncenter.interpharma.ch\/#website"},"datePublished":"2026-03-13T14:29:55+00:00","dateModified":"2026-03-13T18:18:08+00:00","breadcrumb":{"@id":"https:\/\/biotechlerncenter.interpharma.ch\/themen\/impfen-selbstverteidigung-fuer-das-immunsystem\/arbeitsblatt\/#breadcrumb"},"inLanguage":"fr-FR","potentialAction":[{"@type":"ReadAction","target":["https:\/\/biotechlerncenter.interpharma.ch\/themen\/impfen-selbstverteidigung-fuer-das-immunsystem\/arbeitsblatt\/"]}]},{"@type":"BreadcrumbList","@id":"https:\/\/biotechlerncenter.interpharma.ch\/themen\/impfen-selbstverteidigung-fuer-das-immunsystem\/arbeitsblatt\/#breadcrumb","itemListElement":[{"@type":"ListItem","position":1,"name":"Start","item":"https:\/\/biotechlerncenter.interpharma.ch\/fr\/"},{"@type":"ListItem","position":2,"name":"Sujets","item":"https:\/\/biotechlerncenter.interpharma.ch\/fr\/sujets\/"},{"@type":"ListItem","position":3,"name":"Vaccination","item":"https:\/\/biotechlerncenter.interpharma.ch\/fr\/sujets\/vaccination\/"},{"@type":"ListItem","position":4,"name":"Documents"}]},{"@type":"WebSite","@id":"https:\/\/biotechlerncenter.interpharma.ch\/#website","url":"https:\/\/biotechlerncenter.interpharma.ch\/","name":"biotechlerncenter","description":"","potentialAction":[{"@type":"SearchAction","target":{"@type":"EntryPoint","urlTemplate":"https:\/\/biotechlerncenter.interpharma.ch\/?s={search_term_string}"},"query-input":{"@type":"PropertyValueSpecification","valueRequired":true,"valueName":"search_term_string"}}],"inLanguage":"fr-FR"}]}},"_links":{"self":[{"href":"https:\/\/biotechlerncenter.interpharma.ch\/fr\/wp-json\/wp\/v2\/pages\/2962","targetHints":{"allow":["GET"]}}],"collection":[{"href":"https:\/\/biotechlerncenter.interpharma.ch\/fr\/wp-json\/wp\/v2\/pages"}],"about":[{"href":"https:\/\/biotechlerncenter.interpharma.ch\/fr\/wp-json\/wp\/v2\/types\/page"}],"author":[{"embeddable":true,"href":"https:\/\/biotechlerncenter.interpharma.ch\/fr\/wp-json\/wp\/v2\/users\/1"}],"replies":[{"embeddable":true,"href":"https:\/\/biotechlerncenter.interpharma.ch\/fr\/wp-json\/wp\/v2\/comments?post=2962"}],"version-history":[{"count":2,"href":"https:\/\/biotechlerncenter.interpharma.ch\/fr\/wp-json\/wp\/v2\/pages\/2962\/revisions"}],"predecessor-version":[{"id":3337,"href":"https:\/\/biotechlerncenter.interpharma.ch\/fr\/wp-json\/wp\/v2\/pages\/2962\/revisions\/3337"}],"up":[{"embeddable":true,"href":"https:\/\/biotechlerncenter.interpharma.ch\/fr\/wp-json\/wp\/v2\/pages\/1206"}],"wp:attachment":[{"href":"https:\/\/biotechlerncenter.interpharma.ch\/fr\/wp-json\/wp\/v2\/media?parent=2962"}],"curies":[{"name":"wp","href":"https:\/\/api.w.org\/{rel}","templated":true}]}}