{"id":2922,"date":"2026-03-13T14:59:50","date_gmt":"2026-03-13T13:59:50","guid":{"rendered":"https:\/\/biotechlerncenter.iph-multisite.berta-bewegt.ch\/?page_id=2922"},"modified":"2026-03-13T19:04:49","modified_gmt":"2026-03-13T18:04:49","slug":"liens","status":"publish","type":"page","link":"https:\/\/biotechlerncenter.interpharma.ch\/fr\/sujets\/experimentation-animale\/liens\/","title":{"rendered":"Liens"},"content":{"rendered":"\n<h2 class=\"wp-block-heading\"><strong>Pour l\u2019exp\u00e9rimentation animale<\/strong><\/h2>\n\n\n\n<p><a href=\"http:\/\/www.interpharma.ch\/fr\" target=\"_blank\" rel=\"noreferrer noopener\">Interpharma<\/a><br>Diverses&nbsp;<a href=\"http:\/\/www.interpharma.ch\/fr\/thema\/publications\" target=\"_blank\" rel=\"noreferrer noopener\">brochures<\/a>&nbsp;sont disponibles sur commande.<\/p>\n\n\n\n<h2 class=\"wp-block-heading\"><strong>Contre l\u2019exp\u00e9rimentation animale<\/strong><\/h2>\n\n\n\n<p><a href=\"http:\/\/www.animalfree-research.org\/\" target=\"_blank\" rel=\"noreferrer noopener\">Animalfree Research<\/a><\/p>\n\n\n\n<p><a href=\"http:\/\/www.protection-animaux.com\/\" target=\"_blank\" rel=\"noreferrer noopener\">Protection Suisse des Animaux<\/a><\/p>\n\n\n\n<h2 class=\"wp-block-heading\"><strong>Autres liens<\/strong><\/h2>\n\n\n\n<p>M\u00e9thodes de substitution \u00e0 l\u2019exp\u00e9rimentation animale:&nbsp;<a rel=\"noreferrer noopener\" href=\"http:\/\/www.forschung3r.ch\/fr\/news\/index.html\" target=\"_blank\">Recherche 3R<\/a><\/p>\n\n\n\n<p><a href=\"http:\/\/www.interpharma.ch\/fr\/recherche\/2462-charte-pour-la-protection-des-animaux\" target=\"_blank\" rel=\"noreferrer noopener\" aria-label=\" (\u00f6ffnet in neuem Tab)\">Charte pour la protection des animaux<\/a><\/p>\n\n\n\n<p><a href=\"http:\/\/www.admin.ch\/ch\/f\/ff\/2006\/317.pdf\" target=\"_blank\" rel=\"noreferrer noopener\">Loi f\u00e9d\u00e9rale sur la protection des animaux<\/a><\/p>\n\n\n\n<p><a href=\"http:\/\/www.admin.ch\/ch\/f\/rs\/4\/455.1.fr.pdf\" target=\"_blank\" rel=\"noreferrer noopener\">Ordonnance sur la protection des animaux<\/a><\/p>\n\n\n\n<p><a href=\"http:\/\/www.diezelle.ch\/fr\/index.php\" target=\"_blank\" rel=\"noreferrer noopener\" aria-label=\" (\u00f6ffnet in neuem Tab)\">La Cellule<\/a>, maquette d\u2019une cellule humaine agrandie 300 000 fois<\/p>\n","protected":false},"excerpt":{"rendered":"<p>Pour l\u2019exp\u00e9rimentation animale InterpharmaDiverses&nbsp;brochures&nbsp;sont disponibles sur commande. Contre l\u2019exp\u00e9rimentation animale Animalfree Research Protection Suisse des Animaux Autres liens M\u00e9thodes de substitution \u00e0 l\u2019exp\u00e9rimentation animale:&nbsp;Recherche 3R Charte pour la protection des animaux Loi f\u00e9d\u00e9rale sur la protection des animaux Ordonnance sur la protection des animaux La Cellule, maquette d\u2019une cellule humaine agrandie 300 000 fois<\/p>\n","protected":false},"author":1,"featured_media":0,"parent":1122,"menu_order":13,"comment_status":"closed","ping_status":"closed","template":"page-templates\/unterthema.php","meta":{"_acf_changed":false,"inline_featured_image":false,"footnotes":""},"class_list":["post-2922","page","type-page","status-publish","hentry"],"acf":[],"yoast_head":"<!-- This site is optimized with the Yoast SEO Premium plugin v27.2 (Yoast SEO v27.2) - https:\/\/yoast.com\/product\/yoast-seo-premium-wordpress\/ -->\n<title>Liens - biotechlerncenter<\/title>\n<meta name=\"robots\" content=\"index, follow, max-snippet:-1, max-image-preview:large, max-video-preview:-1\" \/>\n<link rel=\"canonical\" href=\"https:\/\/biotechlerncenter.interpharma.ch\/themen\/tierversuche-das-grosse-dilemma\/links\/\" \/>\n<meta property=\"og:locale\" content=\"fr_FR\" \/>\n<meta property=\"og:type\" content=\"article\" \/>\n<meta property=\"og:title\" content=\"Liens\" \/>\n<meta property=\"og:description\" content=\"Pour l\u2019exp\u00e9rimentation animale InterpharmaDiverses&nbsp;brochures&nbsp;sont disponibles sur commande. Contre l\u2019exp\u00e9rimentation animale Animalfree Research Protection Suisse des Animaux Autres liens M\u00e9thodes de substitution \u00e0 l\u2019exp\u00e9rimentation animale:&nbsp;Recherche 3R Charte pour la protection des animaux Loi f\u00e9d\u00e9rale sur la protection des animaux Ordonnance sur la protection des animaux La Cellule, maquette d\u2019une cellule humaine agrandie 300 000 fois\" \/>\n<meta property=\"og:url\" content=\"https:\/\/biotechlerncenter.interpharma.ch\/themen\/tierversuche-das-grosse-dilemma\/links\/\" \/>\n<meta property=\"og:site_name\" content=\"biotechlerncenter\" \/>\n<meta property=\"article:modified_time\" content=\"2026-03-13T18:04:49+00:00\" \/>\n<meta name=\"twitter:card\" content=\"summary_large_image\" \/>\n<meta name=\"twitter:label1\" content=\"Dur\u00e9e de lecture estim\u00e9e\" \/>\n\t<meta name=\"twitter:data1\" content=\"1 minute\" \/>\n<script type=\"application\/ld+json\" class=\"yoast-schema-graph\">{\"@context\":\"https:\/\/schema.org\",\"@graph\":[{\"@type\":\"WebPage\",\"@id\":\"https:\/\/biotechlerncenter.interpharma.ch\/themen\/tierversuche-das-grosse-dilemma\/links\/\",\"url\":\"https:\/\/biotechlerncenter.interpharma.ch\/themen\/tierversuche-das-grosse-dilemma\/links\/\",\"name\":\"Liens - biotechlerncenter\",\"isPartOf\":{\"@id\":\"https:\/\/biotechlerncenter.interpharma.ch\/#website\"},\"datePublished\":\"2026-03-13T13:59:50+00:00\",\"dateModified\":\"2026-03-13T18:04:49+00:00\",\"breadcrumb\":{\"@id\":\"https:\/\/biotechlerncenter.interpharma.ch\/themen\/tierversuche-das-grosse-dilemma\/links\/#breadcrumb\"},\"inLanguage\":\"fr-FR\",\"potentialAction\":[{\"@type\":\"ReadAction\",\"target\":[\"https:\/\/biotechlerncenter.interpharma.ch\/themen\/tierversuche-das-grosse-dilemma\/links\/\"]}]},{\"@type\":\"BreadcrumbList\",\"@id\":\"https:\/\/biotechlerncenter.interpharma.ch\/themen\/tierversuche-das-grosse-dilemma\/links\/#breadcrumb\",\"itemListElement\":[{\"@type\":\"ListItem\",\"position\":1,\"name\":\"Start\",\"item\":\"https:\/\/biotechlerncenter.interpharma.ch\/fr\/\"},{\"@type\":\"ListItem\",\"position\":2,\"name\":\"Sujets\",\"item\":\"https:\/\/biotechlerncenter.interpharma.ch\/fr\/sujets\/\"},{\"@type\":\"ListItem\",\"position\":3,\"name\":\"Exp\u00e9rimentation animale\",\"item\":\"https:\/\/biotechlerncenter.interpharma.ch\/fr\/sujets\/experimentation-animale\/\"},{\"@type\":\"ListItem\",\"position\":4,\"name\":\"Liens\"}]},{\"@type\":\"WebSite\",\"@id\":\"https:\/\/biotechlerncenter.interpharma.ch\/#website\",\"url\":\"https:\/\/biotechlerncenter.interpharma.ch\/\",\"name\":\"biotechlerncenter\",\"description\":\"\",\"potentialAction\":[{\"@type\":\"SearchAction\",\"target\":{\"@type\":\"EntryPoint\",\"urlTemplate\":\"https:\/\/biotechlerncenter.interpharma.ch\/?s={search_term_string}\"},\"query-input\":{\"@type\":\"PropertyValueSpecification\",\"valueRequired\":true,\"valueName\":\"search_term_string\"}}],\"inLanguage\":\"fr-FR\"}]}<\/script>\n<!-- \/ Yoast SEO Premium plugin. -->","yoast_head_json":{"title":"Liens - biotechlerncenter","robots":{"index":"index","follow":"follow","max-snippet":"max-snippet:-1","max-image-preview":"max-image-preview:large","max-video-preview":"max-video-preview:-1"},"canonical":"https:\/\/biotechlerncenter.interpharma.ch\/themen\/tierversuche-das-grosse-dilemma\/links\/","og_locale":"fr_FR","og_type":"article","og_title":"Liens","og_description":"Pour l\u2019exp\u00e9rimentation animale InterpharmaDiverses&nbsp;brochures&nbsp;sont disponibles sur commande. Contre l\u2019exp\u00e9rimentation animale Animalfree Research Protection Suisse des Animaux Autres liens M\u00e9thodes de substitution \u00e0 l\u2019exp\u00e9rimentation animale:&nbsp;Recherche 3R Charte pour la protection des animaux Loi f\u00e9d\u00e9rale sur la protection des animaux Ordonnance sur la protection des animaux La Cellule, maquette d\u2019une cellule humaine agrandie 300 000 fois","og_url":"https:\/\/biotechlerncenter.interpharma.ch\/themen\/tierversuche-das-grosse-dilemma\/links\/","og_site_name":"biotechlerncenter","article_modified_time":"2026-03-13T18:04:49+00:00","twitter_card":"summary_large_image","twitter_misc":{"Dur\u00e9e de lecture estim\u00e9e":"1 minute"},"schema":{"@context":"https:\/\/schema.org","@graph":[{"@type":"WebPage","@id":"https:\/\/biotechlerncenter.interpharma.ch\/themen\/tierversuche-das-grosse-dilemma\/links\/","url":"https:\/\/biotechlerncenter.interpharma.ch\/themen\/tierversuche-das-grosse-dilemma\/links\/","name":"Liens - biotechlerncenter","isPartOf":{"@id":"https:\/\/biotechlerncenter.interpharma.ch\/#website"},"datePublished":"2026-03-13T13:59:50+00:00","dateModified":"2026-03-13T18:04:49+00:00","breadcrumb":{"@id":"https:\/\/biotechlerncenter.interpharma.ch\/themen\/tierversuche-das-grosse-dilemma\/links\/#breadcrumb"},"inLanguage":"fr-FR","potentialAction":[{"@type":"ReadAction","target":["https:\/\/biotechlerncenter.interpharma.ch\/themen\/tierversuche-das-grosse-dilemma\/links\/"]}]},{"@type":"BreadcrumbList","@id":"https:\/\/biotechlerncenter.interpharma.ch\/themen\/tierversuche-das-grosse-dilemma\/links\/#breadcrumb","itemListElement":[{"@type":"ListItem","position":1,"name":"Start","item":"https:\/\/biotechlerncenter.interpharma.ch\/fr\/"},{"@type":"ListItem","position":2,"name":"Sujets","item":"https:\/\/biotechlerncenter.interpharma.ch\/fr\/sujets\/"},{"@type":"ListItem","position":3,"name":"Exp\u00e9rimentation animale","item":"https:\/\/biotechlerncenter.interpharma.ch\/fr\/sujets\/experimentation-animale\/"},{"@type":"ListItem","position":4,"name":"Liens"}]},{"@type":"WebSite","@id":"https:\/\/biotechlerncenter.interpharma.ch\/#website","url":"https:\/\/biotechlerncenter.interpharma.ch\/","name":"biotechlerncenter","description":"","potentialAction":[{"@type":"SearchAction","target":{"@type":"EntryPoint","urlTemplate":"https:\/\/biotechlerncenter.interpharma.ch\/?s={search_term_string}"},"query-input":{"@type":"PropertyValueSpecification","valueRequired":true,"valueName":"search_term_string"}}],"inLanguage":"fr-FR"}]}},"_links":{"self":[{"href":"https:\/\/biotechlerncenter.interpharma.ch\/fr\/wp-json\/wp\/v2\/pages\/2922","targetHints":{"allow":["GET"]}}],"collection":[{"href":"https:\/\/biotechlerncenter.interpharma.ch\/fr\/wp-json\/wp\/v2\/pages"}],"about":[{"href":"https:\/\/biotechlerncenter.interpharma.ch\/fr\/wp-json\/wp\/v2\/types\/page"}],"author":[{"embeddable":true,"href":"https:\/\/biotechlerncenter.interpharma.ch\/fr\/wp-json\/wp\/v2\/users\/1"}],"replies":[{"embeddable":true,"href":"https:\/\/biotechlerncenter.interpharma.ch\/fr\/wp-json\/wp\/v2\/comments?post=2922"}],"version-history":[{"count":2,"href":"https:\/\/biotechlerncenter.interpharma.ch\/fr\/wp-json\/wp\/v2\/pages\/2922\/revisions"}],"predecessor-version":[{"id":3298,"href":"https:\/\/biotechlerncenter.interpharma.ch\/fr\/wp-json\/wp\/v2\/pages\/2922\/revisions\/3298"}],"up":[{"embeddable":true,"href":"https:\/\/biotechlerncenter.interpharma.ch\/fr\/wp-json\/wp\/v2\/pages\/1122"}],"wp:attachment":[{"href":"https:\/\/biotechlerncenter.interpharma.ch\/fr\/wp-json\/wp\/v2\/media?parent=2922"}],"curies":[{"name":"wp","href":"https:\/\/api.w.org\/{rel}","templated":true}]}}