{"id":2918,"date":"2026-03-13T14:58:42","date_gmt":"2026-03-13T13:58:42","guid":{"rendered":"https:\/\/biotechlerncenter.iph-multisite.berta-bewegt.ch\/?page_id=2918"},"modified":"2026-03-13T19:03:55","modified_gmt":"2026-03-13T18:03:55","slug":"documents","status":"publish","type":"page","link":"https:\/\/biotechlerncenter.interpharma.ch\/fr\/sujets\/experimentation-animale\/documents\/","title":{"rendered":"Documents"},"content":{"rendered":"\n<h2 class=\"wp-block-heading\">Dans quels domaines recourt-on \u00e0 des animaux?<\/h2>\n\n\n\n<p>Recherche fondamentale biologique et m\u00e9dicale: 32%<br>D\u00e9couverte, d\u00e9veloppement et contr\u00f4le de qualit\u00e9 en m\u00e9decine: 53%<br>Protection de l&rsquo;\u00eatre humain, de l&rsquo;animal et de l&rsquo;environnement par des \u00e9tudes toxicologiques: 11%<br>Diagnostic m\u00e9dical: 0,4%<br>Enseignement et formation: 0,9%<\/p>\n\n\n\n<p><a href=\"https:\/\/biotechlerncenter.interpharma.ch\/wp-content\/uploads\/sites\/4\/2020\/02\/folie_1-1.pdf\" target=\"_blank\" rel=\"noreferrer noopener\">Processus de l&rsquo;autorisation des exp\u00e9riences sur animaux (T\u00e9lecharger)<\/a><\/p>\n\n\n\n<p><a href=\"http:\/\/tv-statistik.ch\/fr\/statistique-simples\/index.php\" target=\"_blank\" rel=\"noreferrer noopener\">Statistique de l&rsquo;exp\u00e9rimentation animale<\/a><\/p>\n","protected":false},"excerpt":{"rendered":"<p>Dans quels domaines recourt-on \u00e0 des animaux? Recherche fondamentale biologique et m\u00e9dicale: 32%D\u00e9couverte, d\u00e9veloppement et contr\u00f4le de qualit\u00e9 en m\u00e9decine: 53%Protection de l&rsquo;\u00eatre humain, de l&rsquo;animal et de l&rsquo;environnement par des \u00e9tudes toxicologiques: 11%Diagnostic m\u00e9dical: 0,4%Enseignement et formation: 0,9% Processus de l&rsquo;autorisation des exp\u00e9riences sur animaux (T\u00e9lecharger) Statistique de l&rsquo;exp\u00e9rimentation animale<\/p>\n","protected":false},"author":1,"featured_media":0,"parent":1122,"menu_order":12,"comment_status":"closed","ping_status":"closed","template":"page-templates\/unterthema.php","meta":{"_acf_changed":false,"inline_featured_image":false,"footnotes":""},"class_list":["post-2918","page","type-page","status-publish","hentry"],"acf":[],"yoast_head":"<!-- This site is optimized with the Yoast SEO Premium plugin v27.2 (Yoast SEO v27.2) - https:\/\/yoast.com\/product\/yoast-seo-premium-wordpress\/ -->\n<title>Documents - biotechlerncenter<\/title>\n<meta name=\"robots\" content=\"index, follow, max-snippet:-1, max-image-preview:large, max-video-preview:-1\" \/>\n<link rel=\"canonical\" href=\"https:\/\/biotechlerncenter.interpharma.ch\/themen\/tierversuche-das-grosse-dilemma\/dokumente\/\" \/>\n<meta property=\"og:locale\" content=\"fr_FR\" \/>\n<meta property=\"og:type\" content=\"article\" \/>\n<meta property=\"og:title\" content=\"Documents\" \/>\n<meta property=\"og:description\" content=\"Dans quels domaines recourt-on \u00e0 des animaux? Recherche fondamentale biologique et m\u00e9dicale: 32%D\u00e9couverte, d\u00e9veloppement et contr\u00f4le de qualit\u00e9 en m\u00e9decine: 53%Protection de l&rsquo;\u00eatre humain, de l&rsquo;animal et de l&rsquo;environnement par des \u00e9tudes toxicologiques: 11%Diagnostic m\u00e9dical: 0,4%Enseignement et formation: 0,9% Processus de l&rsquo;autorisation des exp\u00e9riences sur animaux (T\u00e9lecharger) Statistique de l&rsquo;exp\u00e9rimentation animale\" \/>\n<meta property=\"og:url\" content=\"https:\/\/biotechlerncenter.interpharma.ch\/themen\/tierversuche-das-grosse-dilemma\/dokumente\/\" \/>\n<meta property=\"og:site_name\" content=\"biotechlerncenter\" \/>\n<meta property=\"article:modified_time\" content=\"2026-03-13T18:03:55+00:00\" \/>\n<meta name=\"twitter:card\" content=\"summary_large_image\" \/>\n<meta name=\"twitter:label1\" content=\"Dur\u00e9e de lecture estim\u00e9e\" \/>\n\t<meta name=\"twitter:data1\" content=\"1 minute\" \/>\n<script type=\"application\/ld+json\" class=\"yoast-schema-graph\">{\"@context\":\"https:\/\/schema.org\",\"@graph\":[{\"@type\":\"WebPage\",\"@id\":\"https:\/\/biotechlerncenter.interpharma.ch\/themen\/tierversuche-das-grosse-dilemma\/dokumente\/\",\"url\":\"https:\/\/biotechlerncenter.interpharma.ch\/themen\/tierversuche-das-grosse-dilemma\/dokumente\/\",\"name\":\"Documents - biotechlerncenter\",\"isPartOf\":{\"@id\":\"https:\/\/biotechlerncenter.interpharma.ch\/#website\"},\"datePublished\":\"2026-03-13T13:58:42+00:00\",\"dateModified\":\"2026-03-13T18:03:55+00:00\",\"breadcrumb\":{\"@id\":\"https:\/\/biotechlerncenter.interpharma.ch\/themen\/tierversuche-das-grosse-dilemma\/dokumente\/#breadcrumb\"},\"inLanguage\":\"fr-FR\",\"potentialAction\":[{\"@type\":\"ReadAction\",\"target\":[\"https:\/\/biotechlerncenter.interpharma.ch\/themen\/tierversuche-das-grosse-dilemma\/dokumente\/\"]}]},{\"@type\":\"BreadcrumbList\",\"@id\":\"https:\/\/biotechlerncenter.interpharma.ch\/themen\/tierversuche-das-grosse-dilemma\/dokumente\/#breadcrumb\",\"itemListElement\":[{\"@type\":\"ListItem\",\"position\":1,\"name\":\"Start\",\"item\":\"https:\/\/biotechlerncenter.interpharma.ch\/fr\/\"},{\"@type\":\"ListItem\",\"position\":2,\"name\":\"Sujets\",\"item\":\"https:\/\/biotechlerncenter.interpharma.ch\/fr\/sujets\/\"},{\"@type\":\"ListItem\",\"position\":3,\"name\":\"Exp\u00e9rimentation animale\",\"item\":\"https:\/\/biotechlerncenter.interpharma.ch\/fr\/sujets\/experimentation-animale\/\"},{\"@type\":\"ListItem\",\"position\":4,\"name\":\"Documents\"}]},{\"@type\":\"WebSite\",\"@id\":\"https:\/\/biotechlerncenter.interpharma.ch\/#website\",\"url\":\"https:\/\/biotechlerncenter.interpharma.ch\/\",\"name\":\"biotechlerncenter\",\"description\":\"\",\"potentialAction\":[{\"@type\":\"SearchAction\",\"target\":{\"@type\":\"EntryPoint\",\"urlTemplate\":\"https:\/\/biotechlerncenter.interpharma.ch\/?s={search_term_string}\"},\"query-input\":{\"@type\":\"PropertyValueSpecification\",\"valueRequired\":true,\"valueName\":\"search_term_string\"}}],\"inLanguage\":\"fr-FR\"}]}<\/script>\n<!-- \/ Yoast SEO Premium plugin. -->","yoast_head_json":{"title":"Documents - biotechlerncenter","robots":{"index":"index","follow":"follow","max-snippet":"max-snippet:-1","max-image-preview":"max-image-preview:large","max-video-preview":"max-video-preview:-1"},"canonical":"https:\/\/biotechlerncenter.interpharma.ch\/themen\/tierversuche-das-grosse-dilemma\/dokumente\/","og_locale":"fr_FR","og_type":"article","og_title":"Documents","og_description":"Dans quels domaines recourt-on \u00e0 des animaux? Recherche fondamentale biologique et m\u00e9dicale: 32%D\u00e9couverte, d\u00e9veloppement et contr\u00f4le de qualit\u00e9 en m\u00e9decine: 53%Protection de l&rsquo;\u00eatre humain, de l&rsquo;animal et de l&rsquo;environnement par des \u00e9tudes toxicologiques: 11%Diagnostic m\u00e9dical: 0,4%Enseignement et formation: 0,9% Processus de l&rsquo;autorisation des exp\u00e9riences sur animaux (T\u00e9lecharger) Statistique de l&rsquo;exp\u00e9rimentation animale","og_url":"https:\/\/biotechlerncenter.interpharma.ch\/themen\/tierversuche-das-grosse-dilemma\/dokumente\/","og_site_name":"biotechlerncenter","article_modified_time":"2026-03-13T18:03:55+00:00","twitter_card":"summary_large_image","twitter_misc":{"Dur\u00e9e de lecture estim\u00e9e":"1 minute"},"schema":{"@context":"https:\/\/schema.org","@graph":[{"@type":"WebPage","@id":"https:\/\/biotechlerncenter.interpharma.ch\/themen\/tierversuche-das-grosse-dilemma\/dokumente\/","url":"https:\/\/biotechlerncenter.interpharma.ch\/themen\/tierversuche-das-grosse-dilemma\/dokumente\/","name":"Documents - biotechlerncenter","isPartOf":{"@id":"https:\/\/biotechlerncenter.interpharma.ch\/#website"},"datePublished":"2026-03-13T13:58:42+00:00","dateModified":"2026-03-13T18:03:55+00:00","breadcrumb":{"@id":"https:\/\/biotechlerncenter.interpharma.ch\/themen\/tierversuche-das-grosse-dilemma\/dokumente\/#breadcrumb"},"inLanguage":"fr-FR","potentialAction":[{"@type":"ReadAction","target":["https:\/\/biotechlerncenter.interpharma.ch\/themen\/tierversuche-das-grosse-dilemma\/dokumente\/"]}]},{"@type":"BreadcrumbList","@id":"https:\/\/biotechlerncenter.interpharma.ch\/themen\/tierversuche-das-grosse-dilemma\/dokumente\/#breadcrumb","itemListElement":[{"@type":"ListItem","position":1,"name":"Start","item":"https:\/\/biotechlerncenter.interpharma.ch\/fr\/"},{"@type":"ListItem","position":2,"name":"Sujets","item":"https:\/\/biotechlerncenter.interpharma.ch\/fr\/sujets\/"},{"@type":"ListItem","position":3,"name":"Exp\u00e9rimentation animale","item":"https:\/\/biotechlerncenter.interpharma.ch\/fr\/sujets\/experimentation-animale\/"},{"@type":"ListItem","position":4,"name":"Documents"}]},{"@type":"WebSite","@id":"https:\/\/biotechlerncenter.interpharma.ch\/#website","url":"https:\/\/biotechlerncenter.interpharma.ch\/","name":"biotechlerncenter","description":"","potentialAction":[{"@type":"SearchAction","target":{"@type":"EntryPoint","urlTemplate":"https:\/\/biotechlerncenter.interpharma.ch\/?s={search_term_string}"},"query-input":{"@type":"PropertyValueSpecification","valueRequired":true,"valueName":"search_term_string"}}],"inLanguage":"fr-FR"}]}},"_links":{"self":[{"href":"https:\/\/biotechlerncenter.interpharma.ch\/fr\/wp-json\/wp\/v2\/pages\/2918","targetHints":{"allow":["GET"]}}],"collection":[{"href":"https:\/\/biotechlerncenter.interpharma.ch\/fr\/wp-json\/wp\/v2\/pages"}],"about":[{"href":"https:\/\/biotechlerncenter.interpharma.ch\/fr\/wp-json\/wp\/v2\/types\/page"}],"author":[{"embeddable":true,"href":"https:\/\/biotechlerncenter.interpharma.ch\/fr\/wp-json\/wp\/v2\/users\/1"}],"replies":[{"embeddable":true,"href":"https:\/\/biotechlerncenter.interpharma.ch\/fr\/wp-json\/wp\/v2\/comments?post=2918"}],"version-history":[{"count":2,"href":"https:\/\/biotechlerncenter.interpharma.ch\/fr\/wp-json\/wp\/v2\/pages\/2918\/revisions"}],"predecessor-version":[{"id":3297,"href":"https:\/\/biotechlerncenter.interpharma.ch\/fr\/wp-json\/wp\/v2\/pages\/2918\/revisions\/3297"}],"up":[{"embeddable":true,"href":"https:\/\/biotechlerncenter.interpharma.ch\/fr\/wp-json\/wp\/v2\/pages\/1122"}],"wp:attachment":[{"href":"https:\/\/biotechlerncenter.interpharma.ch\/fr\/wp-json\/wp\/v2\/media?parent=2918"}],"curies":[{"name":"wp","href":"https:\/\/api.w.org\/{rel}","templated":true}]}}