{"id":2894,"date":"2026-03-13T14:48:10","date_gmt":"2026-03-13T13:48:10","guid":{"rendered":"https:\/\/biotechlerncenter.iph-multisite.berta-bewegt.ch\/?page_id=2894"},"modified":"2026-03-13T18:52:15","modified_gmt":"2026-03-13T17:52:15","slug":"document-de-travail","status":"publish","type":"page","link":"https:\/\/biotechlerncenter.interpharma.ch\/fr\/sujets\/cellules-souches\/document-de-travail\/","title":{"rendered":"Document de travail"},"content":{"rendered":"\n<div class=\"wp-block-group has-my-grey-background-color has-background\"><div class=\"wp-block-group__inner-container is-layout-flow wp-block-group-is-layout-flow\">\n<h2 class=\"wp-block-heading\">Questions de compr\u00e9hension du texte<\/h2>\n\n\n\n<ul class=\"wp-block-list\"><li>Pourquoi une cellule souche embryonnaire isol\u00e9e ne peut-elle pas se d\u00e9velopper en embryon?<br>(R\u00e9ponse: les cellules souches embryonnaires sont pluripotentes, tous les tissus d&rsquo;un individu humain peuvent en \u00eatre issus mais pas un organisme complet.)<\/li><li>Comment se diff\u00e9rencient les cellules souches embryonnaires des cellules souches adultes?<br>(R\u00e9ponse: les cellules souches embryonnaires ont un plus grand potentiel, tous les tissus de l&rsquo;individu peuvent en \u00eatre issus. Les cellules souches adultes ne peuvent former qu&rsquo;une seule sorte de tissu. Toutefois la recherche sur les cellules souches adultes n&rsquo;est \u00e9thiquement pas controvers\u00e9e.)<\/li><\/ul>\n<\/div><\/div>\n\n\n\n<h2 class=\"wp-block-heading\"><strong>Questions relatives \u00e0 l&rsquo;\u00e9thique<\/strong><\/h2>\n\n\n\n<ul class=\"wp-block-list\"><li>L&#8217;embryon est-il d\u00e9j\u00e0 un \u00eatre humain \u00e0 part enti\u00e8re?<\/li><li>Si oui, quelles cons\u00e9quences en r\u00e9sulterait-il par exemple lors d&rsquo;un avortement ou de la contraception \u00e0 l&rsquo;aide du st\u00e9rilet?<\/li><li>A partir de quel moment un \u00eatre humain est-il un \u00eatre humain? Quand la vie commence-t-elle?<\/li><li>A partir de quand l&#8217;embryon a-t-il des droits?<\/li><li>Au cas o\u00f9 la protection de l&#8217;embryon n&rsquo;est pas absolue, avec quel avantage peut-on le mettre en balance?<\/li><li>Avec le fait que l\u2019\u00eatre humain pourrait un jour profiter de la recherche?<\/li><li>Cette mise en balance ne doit-elle \u00eatre possible que pour certaines maladies tr\u00e8s graves?<\/li><li>Que va-t-il se passer lorsque les chercheurs vont effectivement trouver le moyen de gu\u00e9rir le diab\u00e8te \u00e0 l&rsquo;aide des cellules souches? Pourrions-nous \u00e9galement utiliser ces m\u00e9dicaments m\u00eame s&rsquo;ils sont bas\u00e9s sur une technique interdite chez nous?<\/li><\/ul>\n","protected":false},"excerpt":{"rendered":"<p>Questions de compr\u00e9hension du texte Pourquoi une cellule souche embryonnaire isol\u00e9e ne peut-elle pas se d\u00e9velopper en embryon?(R\u00e9ponse: les cellules souches embryonnaires sont pluripotentes, tous les tissus d&rsquo;un individu humain peuvent en \u00eatre issus mais pas un organisme complet.) Comment se diff\u00e9rencient les cellules souches embryonnaires des cellules souches adultes?(R\u00e9ponse: les cellules souches embryonnaires ont [&hellip;]<\/p>\n","protected":false},"author":1,"featured_media":0,"parent":1062,"menu_order":8,"comment_status":"closed","ping_status":"closed","template":"page-templates\/unterthema.php","meta":{"_acf_changed":false,"inline_featured_image":false,"footnotes":""},"class_list":["post-2894","page","type-page","status-publish","hentry"],"acf":[],"yoast_head":"<!-- This site is optimized with the Yoast SEO Premium plugin v27.2 (Yoast SEO v27.2) - https:\/\/yoast.com\/product\/yoast-seo-premium-wordpress\/ -->\n<title>Document de travail - biotechlerncenter<\/title>\n<meta name=\"robots\" content=\"index, follow, max-snippet:-1, max-image-preview:large, max-video-preview:-1\" \/>\n<link rel=\"canonical\" href=\"https:\/\/biotechlerncenter.interpharma.ch\/themen\/das-grosse-potenzial-der-stammzellen\/arbeitsblatt\/\" \/>\n<meta property=\"og:locale\" content=\"fr_FR\" \/>\n<meta property=\"og:type\" content=\"article\" \/>\n<meta property=\"og:title\" content=\"Document de travail\" \/>\n<meta property=\"og:description\" content=\"Questions de compr\u00e9hension du texte Pourquoi une cellule souche embryonnaire isol\u00e9e ne peut-elle pas se d\u00e9velopper en embryon?(R\u00e9ponse: les cellules souches embryonnaires sont pluripotentes, tous les tissus d&rsquo;un individu humain peuvent en \u00eatre issus mais pas un organisme complet.) Comment se diff\u00e9rencient les cellules souches embryonnaires des cellules souches adultes?(R\u00e9ponse: les cellules souches embryonnaires ont [&hellip;]\" \/>\n<meta property=\"og:url\" content=\"https:\/\/biotechlerncenter.interpharma.ch\/themen\/das-grosse-potenzial-der-stammzellen\/arbeitsblatt\/\" \/>\n<meta property=\"og:site_name\" content=\"biotechlerncenter\" \/>\n<meta property=\"article:modified_time\" content=\"2026-03-13T17:52:15+00:00\" \/>\n<meta name=\"twitter:card\" content=\"summary_large_image\" \/>\n<meta name=\"twitter:label1\" content=\"Dur\u00e9e de lecture estim\u00e9e\" \/>\n\t<meta name=\"twitter:data1\" content=\"2 minutes\" \/>\n<script type=\"application\/ld+json\" class=\"yoast-schema-graph\">{\"@context\":\"https:\/\/schema.org\",\"@graph\":[{\"@type\":\"WebPage\",\"@id\":\"https:\/\/biotechlerncenter.interpharma.ch\/themen\/das-grosse-potenzial-der-stammzellen\/arbeitsblatt\/\",\"url\":\"https:\/\/biotechlerncenter.interpharma.ch\/themen\/das-grosse-potenzial-der-stammzellen\/arbeitsblatt\/\",\"name\":\"Document de travail - biotechlerncenter\",\"isPartOf\":{\"@id\":\"https:\/\/biotechlerncenter.interpharma.ch\/#website\"},\"datePublished\":\"2026-03-13T13:48:10+00:00\",\"dateModified\":\"2026-03-13T17:52:15+00:00\",\"breadcrumb\":{\"@id\":\"https:\/\/biotechlerncenter.interpharma.ch\/themen\/das-grosse-potenzial-der-stammzellen\/arbeitsblatt\/#breadcrumb\"},\"inLanguage\":\"fr-FR\",\"potentialAction\":[{\"@type\":\"ReadAction\",\"target\":[\"https:\/\/biotechlerncenter.interpharma.ch\/themen\/das-grosse-potenzial-der-stammzellen\/arbeitsblatt\/\"]}]},{\"@type\":\"BreadcrumbList\",\"@id\":\"https:\/\/biotechlerncenter.interpharma.ch\/themen\/das-grosse-potenzial-der-stammzellen\/arbeitsblatt\/#breadcrumb\",\"itemListElement\":[{\"@type\":\"ListItem\",\"position\":1,\"name\":\"Start\",\"item\":\"https:\/\/biotechlerncenter.interpharma.ch\/fr\/\"},{\"@type\":\"ListItem\",\"position\":2,\"name\":\"Sujets\",\"item\":\"https:\/\/biotechlerncenter.interpharma.ch\/fr\/sujets\/\"},{\"@type\":\"ListItem\",\"position\":3,\"name\":\"Cellules souches\",\"item\":\"https:\/\/biotechlerncenter.interpharma.ch\/fr\/sujets\/cellules-souches\/\"},{\"@type\":\"ListItem\",\"position\":4,\"name\":\"Document de travail\"}]},{\"@type\":\"WebSite\",\"@id\":\"https:\/\/biotechlerncenter.interpharma.ch\/#website\",\"url\":\"https:\/\/biotechlerncenter.interpharma.ch\/\",\"name\":\"biotechlerncenter\",\"description\":\"\",\"potentialAction\":[{\"@type\":\"SearchAction\",\"target\":{\"@type\":\"EntryPoint\",\"urlTemplate\":\"https:\/\/biotechlerncenter.interpharma.ch\/?s={search_term_string}\"},\"query-input\":{\"@type\":\"PropertyValueSpecification\",\"valueRequired\":true,\"valueName\":\"search_term_string\"}}],\"inLanguage\":\"fr-FR\"}]}<\/script>\n<!-- \/ Yoast SEO Premium plugin. -->","yoast_head_json":{"title":"Document de travail - biotechlerncenter","robots":{"index":"index","follow":"follow","max-snippet":"max-snippet:-1","max-image-preview":"max-image-preview:large","max-video-preview":"max-video-preview:-1"},"canonical":"https:\/\/biotechlerncenter.interpharma.ch\/themen\/das-grosse-potenzial-der-stammzellen\/arbeitsblatt\/","og_locale":"fr_FR","og_type":"article","og_title":"Document de travail","og_description":"Questions de compr\u00e9hension du texte Pourquoi une cellule souche embryonnaire isol\u00e9e ne peut-elle pas se d\u00e9velopper en embryon?(R\u00e9ponse: les cellules souches embryonnaires sont pluripotentes, tous les tissus d&rsquo;un individu humain peuvent en \u00eatre issus mais pas un organisme complet.) Comment se diff\u00e9rencient les cellules souches embryonnaires des cellules souches adultes?(R\u00e9ponse: les cellules souches embryonnaires ont [&hellip;]","og_url":"https:\/\/biotechlerncenter.interpharma.ch\/themen\/das-grosse-potenzial-der-stammzellen\/arbeitsblatt\/","og_site_name":"biotechlerncenter","article_modified_time":"2026-03-13T17:52:15+00:00","twitter_card":"summary_large_image","twitter_misc":{"Dur\u00e9e de lecture estim\u00e9e":"2 minutes"},"schema":{"@context":"https:\/\/schema.org","@graph":[{"@type":"WebPage","@id":"https:\/\/biotechlerncenter.interpharma.ch\/themen\/das-grosse-potenzial-der-stammzellen\/arbeitsblatt\/","url":"https:\/\/biotechlerncenter.interpharma.ch\/themen\/das-grosse-potenzial-der-stammzellen\/arbeitsblatt\/","name":"Document de travail - biotechlerncenter","isPartOf":{"@id":"https:\/\/biotechlerncenter.interpharma.ch\/#website"},"datePublished":"2026-03-13T13:48:10+00:00","dateModified":"2026-03-13T17:52:15+00:00","breadcrumb":{"@id":"https:\/\/biotechlerncenter.interpharma.ch\/themen\/das-grosse-potenzial-der-stammzellen\/arbeitsblatt\/#breadcrumb"},"inLanguage":"fr-FR","potentialAction":[{"@type":"ReadAction","target":["https:\/\/biotechlerncenter.interpharma.ch\/themen\/das-grosse-potenzial-der-stammzellen\/arbeitsblatt\/"]}]},{"@type":"BreadcrumbList","@id":"https:\/\/biotechlerncenter.interpharma.ch\/themen\/das-grosse-potenzial-der-stammzellen\/arbeitsblatt\/#breadcrumb","itemListElement":[{"@type":"ListItem","position":1,"name":"Start","item":"https:\/\/biotechlerncenter.interpharma.ch\/fr\/"},{"@type":"ListItem","position":2,"name":"Sujets","item":"https:\/\/biotechlerncenter.interpharma.ch\/fr\/sujets\/"},{"@type":"ListItem","position":3,"name":"Cellules souches","item":"https:\/\/biotechlerncenter.interpharma.ch\/fr\/sujets\/cellules-souches\/"},{"@type":"ListItem","position":4,"name":"Document de travail"}]},{"@type":"WebSite","@id":"https:\/\/biotechlerncenter.interpharma.ch\/#website","url":"https:\/\/biotechlerncenter.interpharma.ch\/","name":"biotechlerncenter","description":"","potentialAction":[{"@type":"SearchAction","target":{"@type":"EntryPoint","urlTemplate":"https:\/\/biotechlerncenter.interpharma.ch\/?s={search_term_string}"},"query-input":{"@type":"PropertyValueSpecification","valueRequired":true,"valueName":"search_term_string"}}],"inLanguage":"fr-FR"}]}},"_links":{"self":[{"href":"https:\/\/biotechlerncenter.interpharma.ch\/fr\/wp-json\/wp\/v2\/pages\/2894","targetHints":{"allow":["GET"]}}],"collection":[{"href":"https:\/\/biotechlerncenter.interpharma.ch\/fr\/wp-json\/wp\/v2\/pages"}],"about":[{"href":"https:\/\/biotechlerncenter.interpharma.ch\/fr\/wp-json\/wp\/v2\/types\/page"}],"author":[{"embeddable":true,"href":"https:\/\/biotechlerncenter.interpharma.ch\/fr\/wp-json\/wp\/v2\/users\/1"}],"replies":[{"embeddable":true,"href":"https:\/\/biotechlerncenter.interpharma.ch\/fr\/wp-json\/wp\/v2\/comments?post=2894"}],"version-history":[{"count":2,"href":"https:\/\/biotechlerncenter.interpharma.ch\/fr\/wp-json\/wp\/v2\/pages\/2894\/revisions"}],"predecessor-version":[{"id":3282,"href":"https:\/\/biotechlerncenter.interpharma.ch\/fr\/wp-json\/wp\/v2\/pages\/2894\/revisions\/3282"}],"up":[{"embeddable":true,"href":"https:\/\/biotechlerncenter.interpharma.ch\/fr\/wp-json\/wp\/v2\/pages\/1062"}],"wp:attachment":[{"href":"https:\/\/biotechlerncenter.interpharma.ch\/fr\/wp-json\/wp\/v2\/media?parent=2894"}],"curies":[{"name":"wp","href":"https:\/\/api.w.org\/{rel}","templated":true}]}}