{"id":2890,"date":"2026-03-13T14:47:06","date_gmt":"2026-03-13T13:47:06","guid":{"rendered":"https:\/\/biotechlerncenter.iph-multisite.berta-bewegt.ch\/?page_id=2890"},"modified":"2026-03-13T18:58:10","modified_gmt":"2026-03-13T17:58:10","slug":"documents","status":"publish","type":"page","link":"https:\/\/biotechlerncenter.interpharma.ch\/fr\/sujets\/cellules-souches\/documents\/","title":{"rendered":"Documents"},"content":{"rendered":"\n<h2 class=\"wp-block-heading\">La question du sang du cordon ombilical<\/h2>\n\n\n\n<p>D\u00e9sormais, on peut recueillir \u00e0 la naissance les cellules souches du nouveau-n\u00e9 et les congeler. Ces cellules pourraient en effet se r\u00e9v\u00e9ler utiles par la suite si l&rsquo;enfant tombait malade. Conserveriez-vous les cellules souches du sang ombilical de votre enfant? Vous trouverez&nbsp;<a href=\"http:\/\/www.swissmom.ch\/anzeige.php?docname=INTERVIEWSURBEK\" target=\"_blank\" rel=\"noreferrer noopener\">ici<\/a>&nbsp;des informations sur le sujet.<\/p>\n\n\n\n<h2 class=\"wp-block-heading\">La situation juridique en Suisse<\/h2>\n\n\n\n<h3 class=\"wp-block-heading\"><strong>Constitution f\u00e9d\u00e9rale<\/strong><\/h3>\n\n\n\n<p><a rel=\"noreferrer noopener\" href=\"http:\/\/www.admin.ch\/ch\/f\/rs\/101\/a119.html\" target=\"_blank\">L&rsquo;article 119<\/a>&nbsp;r\u00e9glemente la procr\u00e9ation m\u00e9dicalement assist\u00e9e et le g\u00e9nie g\u00e9n\u00e9tique dans le domaine humain. Toutes les formes de clonage et les interventions sur le g\u00e9nome de cellules germinales humaines sont illicites. La f\u00e9condation artificielle ne doit pas \u00eatre utilis\u00e9e \u00e0 des fins de recherche. Ne peuvent \u00eatre d\u00e9velopp\u00e9s jusqu&rsquo;au stade d&#8217;embryons que le nombre d&rsquo;ovules humains pouvant \u00eatre implant\u00e9s chez une femme.<\/p>\n\n\n\n<h3 class=\"wp-block-heading\"><strong>Loi sur la procr\u00e9ation m\u00e9dicalement assist\u00e9e<\/strong><\/h3>\n\n\n\n<p>La&nbsp;loi sur la procr\u00e9ation m\u00e9dicalement&nbsp;&nbsp;assist\u00e9e comporte les dispositions importantes relatives \u00e0 la recherche sur des embryons humains. Elle interdit la production d&#8217;embryons \u00e0 des fins de recherche, l&rsquo;obtention de cellules in vitro \u00e0 partir d&rsquo;un embryon, le clonage et l&rsquo;intervention sur le g\u00e9nome d&#8217;embryons.<\/p>\n\n\n\n<p><a href=\"https:\/\/biotechlerncenter.interpharma.ch\/wp-content\/uploads\/sites\/4\/2020\/02\/810.11.fr_.pdf\" target=\"_blank\" rel=\"noreferrer noopener\">loi sur la procr\u00e9ation m\u00e9dicalement (T\u00e9l\u00e9charger)<\/a><\/p>\n\n\n\n<h3 class=\"wp-block-heading\"><strong>Loi relative \u00e0 la recherche sur les cellules souches<\/strong><\/h3>\n\n\n\n<p>La&nbsp;LRCS&nbsp;stipule dans quelles conditions les cellules souches embryonnaires humaines peuvent \u00eatre obtenues \u00e0 partir d&#8217;embryons surnum\u00e9raires, et utilis\u00e9es \u00e0 des fins de recherche.<\/p>\n\n\n\n<p><a href=\"https:\/\/biotechlerncenter.interpharma.ch\/wp-content\/uploads\/sites\/4\/2020\/02\/810.31.fr_.pdf\" target=\"_blank\" rel=\"noreferrer noopener\">LRCS (T\u00e9l\u00e9charger)<\/a><\/p>\n\n\n\n<h2 class=\"wp-block-heading\"><strong>Informations compl\u00e9mentaires<\/strong><\/h2>\n\n\n\n<p>S\u00e9lection d&rsquo;articles de la NZZ dans le \u00abNZZ-Fokus\u00bb (dossier concentr\u00e9 de la NZZ) sur les \u00abcellules souches\u00bb (n\u00b0 21, 2004). Commander sous :&nbsp;<a href=\"mailto:fokus.bestellung@nzz.ch\" target=\"_blank\" rel=\"noreferrer noopener\" aria-label=\" (\u00f6ffnet in neuem Tab)\">fokus.bestellung@nzz.ch<\/a><\/p>\n\n\n\n<p><a href=\"http:\/\/www.srf.ch\/wissen?docid=10600&amp;navpath=ent\" target=\"_blank\" rel=\"noreferrer noopener\">Science-et-cit\u00e9<\/a><\/p>\n\n\n\n<p>Teneur de la loi relative \u00e0 la recherche sur les cellules souches, LCRS<\/p>\n","protected":false},"excerpt":{"rendered":"<p>La question du sang du cordon ombilical D\u00e9sormais, on peut recueillir \u00e0 la naissance les cellules souches du nouveau-n\u00e9 et les congeler. Ces cellules pourraient en effet se r\u00e9v\u00e9ler utiles par la suite si l&rsquo;enfant tombait malade. Conserveriez-vous les cellules souches du sang ombilical de votre enfant? Vous trouverez&nbsp;ici&nbsp;des informations sur le sujet. La situation [&hellip;]<\/p>\n","protected":false},"author":1,"featured_media":0,"parent":1062,"menu_order":9,"comment_status":"closed","ping_status":"closed","template":"page-templates\/unterthema.php","meta":{"_acf_changed":false,"inline_featured_image":false,"footnotes":""},"class_list":["post-2890","page","type-page","status-publish","hentry"],"acf":[],"yoast_head":"<!-- This site is optimized with the Yoast SEO Premium plugin v27.2 (Yoast SEO v27.2) - https:\/\/yoast.com\/product\/yoast-seo-premium-wordpress\/ -->\n<title>Documents - biotechlerncenter<\/title>\n<meta name=\"robots\" content=\"index, follow, max-snippet:-1, max-image-preview:large, max-video-preview:-1\" \/>\n<link rel=\"canonical\" href=\"https:\/\/biotechlerncenter.interpharma.ch\/themen\/das-grosse-potenzial-der-stammzellen\/dokumente\/\" \/>\n<meta property=\"og:locale\" content=\"fr_FR\" \/>\n<meta property=\"og:type\" content=\"article\" \/>\n<meta property=\"og:title\" content=\"Documents\" \/>\n<meta property=\"og:description\" content=\"La question du sang du cordon ombilical D\u00e9sormais, on peut recueillir \u00e0 la naissance les cellules souches du nouveau-n\u00e9 et les congeler. Ces cellules pourraient en effet se r\u00e9v\u00e9ler utiles par la suite si l&rsquo;enfant tombait malade. Conserveriez-vous les cellules souches du sang ombilical de votre enfant? Vous trouverez&nbsp;ici&nbsp;des informations sur le sujet. La situation [&hellip;]\" \/>\n<meta property=\"og:url\" content=\"https:\/\/biotechlerncenter.interpharma.ch\/themen\/das-grosse-potenzial-der-stammzellen\/dokumente\/\" \/>\n<meta property=\"og:site_name\" content=\"biotechlerncenter\" \/>\n<meta property=\"article:modified_time\" content=\"2026-03-13T17:58:10+00:00\" \/>\n<meta name=\"twitter:card\" content=\"summary_large_image\" \/>\n<meta name=\"twitter:label1\" content=\"Dur\u00e9e de lecture estim\u00e9e\" \/>\n\t<meta name=\"twitter:data1\" content=\"2 minutes\" \/>\n<script type=\"application\/ld+json\" class=\"yoast-schema-graph\">{\"@context\":\"https:\/\/schema.org\",\"@graph\":[{\"@type\":\"WebPage\",\"@id\":\"https:\/\/biotechlerncenter.interpharma.ch\/themen\/das-grosse-potenzial-der-stammzellen\/dokumente\/\",\"url\":\"https:\/\/biotechlerncenter.interpharma.ch\/themen\/das-grosse-potenzial-der-stammzellen\/dokumente\/\",\"name\":\"Documents - biotechlerncenter\",\"isPartOf\":{\"@id\":\"https:\/\/biotechlerncenter.interpharma.ch\/#website\"},\"datePublished\":\"2026-03-13T13:47:06+00:00\",\"dateModified\":\"2026-03-13T17:58:10+00:00\",\"breadcrumb\":{\"@id\":\"https:\/\/biotechlerncenter.interpharma.ch\/themen\/das-grosse-potenzial-der-stammzellen\/dokumente\/#breadcrumb\"},\"inLanguage\":\"fr-FR\",\"potentialAction\":[{\"@type\":\"ReadAction\",\"target\":[\"https:\/\/biotechlerncenter.interpharma.ch\/themen\/das-grosse-potenzial-der-stammzellen\/dokumente\/\"]}]},{\"@type\":\"BreadcrumbList\",\"@id\":\"https:\/\/biotechlerncenter.interpharma.ch\/themen\/das-grosse-potenzial-der-stammzellen\/dokumente\/#breadcrumb\",\"itemListElement\":[{\"@type\":\"ListItem\",\"position\":1,\"name\":\"Start\",\"item\":\"https:\/\/biotechlerncenter.interpharma.ch\/fr\/\"},{\"@type\":\"ListItem\",\"position\":2,\"name\":\"Sujets\",\"item\":\"https:\/\/biotechlerncenter.interpharma.ch\/fr\/sujets\/\"},{\"@type\":\"ListItem\",\"position\":3,\"name\":\"Cellules souches\",\"item\":\"https:\/\/biotechlerncenter.interpharma.ch\/fr\/sujets\/cellules-souches\/\"},{\"@type\":\"ListItem\",\"position\":4,\"name\":\"Documents\"}]},{\"@type\":\"WebSite\",\"@id\":\"https:\/\/biotechlerncenter.interpharma.ch\/#website\",\"url\":\"https:\/\/biotechlerncenter.interpharma.ch\/\",\"name\":\"biotechlerncenter\",\"description\":\"\",\"potentialAction\":[{\"@type\":\"SearchAction\",\"target\":{\"@type\":\"EntryPoint\",\"urlTemplate\":\"https:\/\/biotechlerncenter.interpharma.ch\/?s={search_term_string}\"},\"query-input\":{\"@type\":\"PropertyValueSpecification\",\"valueRequired\":true,\"valueName\":\"search_term_string\"}}],\"inLanguage\":\"fr-FR\"}]}<\/script>\n<!-- \/ Yoast SEO Premium plugin. -->","yoast_head_json":{"title":"Documents - biotechlerncenter","robots":{"index":"index","follow":"follow","max-snippet":"max-snippet:-1","max-image-preview":"max-image-preview:large","max-video-preview":"max-video-preview:-1"},"canonical":"https:\/\/biotechlerncenter.interpharma.ch\/themen\/das-grosse-potenzial-der-stammzellen\/dokumente\/","og_locale":"fr_FR","og_type":"article","og_title":"Documents","og_description":"La question du sang du cordon ombilical D\u00e9sormais, on peut recueillir \u00e0 la naissance les cellules souches du nouveau-n\u00e9 et les congeler. Ces cellules pourraient en effet se r\u00e9v\u00e9ler utiles par la suite si l&rsquo;enfant tombait malade. Conserveriez-vous les cellules souches du sang ombilical de votre enfant? Vous trouverez&nbsp;ici&nbsp;des informations sur le sujet. La situation [&hellip;]","og_url":"https:\/\/biotechlerncenter.interpharma.ch\/themen\/das-grosse-potenzial-der-stammzellen\/dokumente\/","og_site_name":"biotechlerncenter","article_modified_time":"2026-03-13T17:58:10+00:00","twitter_card":"summary_large_image","twitter_misc":{"Dur\u00e9e de lecture estim\u00e9e":"2 minutes"},"schema":{"@context":"https:\/\/schema.org","@graph":[{"@type":"WebPage","@id":"https:\/\/biotechlerncenter.interpharma.ch\/themen\/das-grosse-potenzial-der-stammzellen\/dokumente\/","url":"https:\/\/biotechlerncenter.interpharma.ch\/themen\/das-grosse-potenzial-der-stammzellen\/dokumente\/","name":"Documents - biotechlerncenter","isPartOf":{"@id":"https:\/\/biotechlerncenter.interpharma.ch\/#website"},"datePublished":"2026-03-13T13:47:06+00:00","dateModified":"2026-03-13T17:58:10+00:00","breadcrumb":{"@id":"https:\/\/biotechlerncenter.interpharma.ch\/themen\/das-grosse-potenzial-der-stammzellen\/dokumente\/#breadcrumb"},"inLanguage":"fr-FR","potentialAction":[{"@type":"ReadAction","target":["https:\/\/biotechlerncenter.interpharma.ch\/themen\/das-grosse-potenzial-der-stammzellen\/dokumente\/"]}]},{"@type":"BreadcrumbList","@id":"https:\/\/biotechlerncenter.interpharma.ch\/themen\/das-grosse-potenzial-der-stammzellen\/dokumente\/#breadcrumb","itemListElement":[{"@type":"ListItem","position":1,"name":"Start","item":"https:\/\/biotechlerncenter.interpharma.ch\/fr\/"},{"@type":"ListItem","position":2,"name":"Sujets","item":"https:\/\/biotechlerncenter.interpharma.ch\/fr\/sujets\/"},{"@type":"ListItem","position":3,"name":"Cellules souches","item":"https:\/\/biotechlerncenter.interpharma.ch\/fr\/sujets\/cellules-souches\/"},{"@type":"ListItem","position":4,"name":"Documents"}]},{"@type":"WebSite","@id":"https:\/\/biotechlerncenter.interpharma.ch\/#website","url":"https:\/\/biotechlerncenter.interpharma.ch\/","name":"biotechlerncenter","description":"","potentialAction":[{"@type":"SearchAction","target":{"@type":"EntryPoint","urlTemplate":"https:\/\/biotechlerncenter.interpharma.ch\/?s={search_term_string}"},"query-input":{"@type":"PropertyValueSpecification","valueRequired":true,"valueName":"search_term_string"}}],"inLanguage":"fr-FR"}]}},"_links":{"self":[{"href":"https:\/\/biotechlerncenter.interpharma.ch\/fr\/wp-json\/wp\/v2\/pages\/2890","targetHints":{"allow":["GET"]}}],"collection":[{"href":"https:\/\/biotechlerncenter.interpharma.ch\/fr\/wp-json\/wp\/v2\/pages"}],"about":[{"href":"https:\/\/biotechlerncenter.interpharma.ch\/fr\/wp-json\/wp\/v2\/types\/page"}],"author":[{"embeddable":true,"href":"https:\/\/biotechlerncenter.interpharma.ch\/fr\/wp-json\/wp\/v2\/users\/1"}],"replies":[{"embeddable":true,"href":"https:\/\/biotechlerncenter.interpharma.ch\/fr\/wp-json\/wp\/v2\/comments?post=2890"}],"version-history":[{"count":4,"href":"https:\/\/biotechlerncenter.interpharma.ch\/fr\/wp-json\/wp\/v2\/pages\/2890\/revisions"}],"predecessor-version":[{"id":3288,"href":"https:\/\/biotechlerncenter.interpharma.ch\/fr\/wp-json\/wp\/v2\/pages\/2890\/revisions\/3288"}],"up":[{"embeddable":true,"href":"https:\/\/biotechlerncenter.interpharma.ch\/fr\/wp-json\/wp\/v2\/pages\/1062"}],"wp:attachment":[{"href":"https:\/\/biotechlerncenter.interpharma.ch\/fr\/wp-json\/wp\/v2\/media?parent=2890"}],"curies":[{"name":"wp","href":"https:\/\/api.w.org\/{rel}","templated":true}]}}