{"id":2854,"date":"2026-03-13T14:13:54","date_gmt":"2026-03-13T13:13:54","guid":{"rendered":"https:\/\/biotechlerncenter.iph-multisite.berta-bewegt.ch\/?page_id=2854"},"modified":"2026-03-13T18:41:08","modified_gmt":"2026-03-13T17:41:08","slug":"dokuments","status":"publish","type":"page","link":"https:\/\/biotechlerncenter.interpharma.ch\/fr\/sujets\/anticorps\/dokuments\/","title":{"rendered":"Dokuments"},"content":{"rendered":"\n<h2 class=\"wp-block-heading\"><strong>M\u00e9decine personnalis\u00e9e<\/strong><\/h2>\n\n\n\n<p>Vous trouverez&nbsp;<a rel=\"noreferrer noopener\" href=\"http:\/\/learn.genetics.utah.edu\/\" target=\"_blank\">ici<\/a>. plus d&rsquo;informations sur la m\u00e9decine personnalis\u00e9e. Lisez \u00e9galement \u00e0 cet \u00e9gard l&rsquo;article de la baz \u00abPersonalisierte Medizin\u00bb (M\u00e9decine personnalis\u00e9e) ainsi que l&rsquo;\u00e9tude&nbsp;<a rel=\"noreferrer noopener\" href=\"hhttps:\/\/biotechlerncenter.interpharma.ch\/wp-content\/uploads\/sites\/4\/2020\/02\/2004_48a_kf_pharmakogen_d_2-4_0_0.pdf\" target=\"_blank\">MTA-Swiss<\/a>:&nbsp;\u00abM\u00e9dicaments individualis\u00e9s &#8211; espoirs et mythes\u00bb.<\/p>\n\n\n\n<p><a href=\"https:\/\/biotechlerncenter.interpharma.ch\/wp-content\/uploads\/sites\/4\/2020\/02\/2004_48a_kf_pharmakogen_d_2-4_0_0.pdf\" target=\"_blank\" rel=\"noreferrer noopener\">M\u00e9dicaments individualis\u00e9s &#8211; espoirs et mythes (Format PDF)<\/a><\/p>\n\n\n\n<h2 class=\"wp-block-heading\"><strong>Franz B. Humer: \u00ab\u00a0Biotechnologie hat mit viel Gesp\u00fcr zu tun\u00a0\u00bb (Franz B. Humer: la biotechnologie a beaucoup \u00e0 voir avec le flair)<\/strong><\/h2>\n\n\n\n<p>Basler Zeitung vom 24.06.2006<\/p>\n\n\n\n<p><a href=\"https:\/\/biotechlerncenter.interpharma.ch\/wp-content\/uploads\/sites\/4\/2020\/02\/humer_biotechnologie.pdf\" target=\"_blank\" rel=\"noreferrer noopener\">humer_biotechnologie (Format PDF)<\/a><\/p>\n\n\n\n<h2 class=\"wp-block-heading\"><strong>Die \u00ab\u00a0Pillen nach Mass\u00a0\u00bb erregen jetzt schon Besorgnis (Les \u00abm\u00e9dicaments sur mesure\u00bb suscitent d\u00e9j\u00e0 des pr\u00e9occupations<\/strong>)<\/h2>\n\n\n\n<p>Basler Zeitung vom 12.06.2004<\/p>\n\n\n\n<p><a href=\"https:\/\/biotechlerncenter.interpharma.ch\/wp-content\/uploads\/sites\/4\/2020\/02\/personalisierte_medizin.pdf\" target=\"_blank\" rel=\"noreferrer noopener\">Format PDF<\/a><\/p>\n","protected":false},"excerpt":{"rendered":"<p>M\u00e9decine personnalis\u00e9e Vous trouverez&nbsp;ici. plus d&rsquo;informations sur la m\u00e9decine personnalis\u00e9e. Lisez \u00e9galement \u00e0 cet \u00e9gard l&rsquo;article de la baz \u00abPersonalisierte Medizin\u00bb (M\u00e9decine personnalis\u00e9e) ainsi que l&rsquo;\u00e9tude&nbsp;MTA-Swiss:&nbsp;\u00abM\u00e9dicaments individualis\u00e9s &#8211; espoirs et mythes\u00bb. M\u00e9dicaments individualis\u00e9s &#8211; espoirs et mythes (Format PDF) Franz B. Humer: \u00ab\u00a0Biotechnologie hat mit viel Gesp\u00fcr zu tun\u00a0\u00bb (Franz B. Humer: la biotechnologie a [&hellip;]<\/p>\n","protected":false},"author":1,"featured_media":0,"parent":982,"menu_order":6,"comment_status":"closed","ping_status":"closed","template":"page-templates\/unterthema.php","meta":{"_acf_changed":false,"inline_featured_image":false,"footnotes":""},"class_list":["post-2854","page","type-page","status-publish","hentry"],"acf":[],"yoast_head":"<!-- This site is optimized with the Yoast SEO Premium plugin v27.2 (Yoast SEO v27.2) - https:\/\/yoast.com\/product\/yoast-seo-premium-wordpress\/ -->\n<title>Dokuments - biotechlerncenter<\/title>\n<meta name=\"robots\" content=\"index, follow, max-snippet:-1, max-image-preview:large, max-video-preview:-1\" \/>\n<link rel=\"canonical\" href=\"https:\/\/biotechlerncenter.interpharma.ch\/themen\/monoklonale-antikoerper\/dokumente\/\" \/>\n<meta property=\"og:locale\" content=\"fr_FR\" \/>\n<meta property=\"og:type\" content=\"article\" \/>\n<meta property=\"og:title\" content=\"Dokuments\" \/>\n<meta property=\"og:description\" content=\"M\u00e9decine personnalis\u00e9e Vous trouverez&nbsp;ici. plus d&rsquo;informations sur la m\u00e9decine personnalis\u00e9e. Lisez \u00e9galement \u00e0 cet \u00e9gard l&rsquo;article de la baz \u00abPersonalisierte Medizin\u00bb (M\u00e9decine personnalis\u00e9e) ainsi que l&rsquo;\u00e9tude&nbsp;MTA-Swiss:&nbsp;\u00abM\u00e9dicaments individualis\u00e9s &#8211; espoirs et mythes\u00bb. M\u00e9dicaments individualis\u00e9s &#8211; espoirs et mythes (Format PDF) Franz B. Humer: \u00ab\u00a0Biotechnologie hat mit viel Gesp\u00fcr zu tun\u00a0\u00bb (Franz B. Humer: la biotechnologie a [&hellip;]\" \/>\n<meta property=\"og:url\" content=\"https:\/\/biotechlerncenter.interpharma.ch\/themen\/monoklonale-antikoerper\/dokumente\/\" \/>\n<meta property=\"og:site_name\" content=\"biotechlerncenter\" \/>\n<meta property=\"article:modified_time\" content=\"2026-03-13T17:41:08+00:00\" \/>\n<meta name=\"twitter:card\" content=\"summary_large_image\" \/>\n<meta name=\"twitter:label1\" content=\"Dur\u00e9e de lecture estim\u00e9e\" \/>\n\t<meta name=\"twitter:data1\" content=\"1 minute\" \/>\n<script type=\"application\/ld+json\" class=\"yoast-schema-graph\">{\"@context\":\"https:\/\/schema.org\",\"@graph\":[{\"@type\":\"WebPage\",\"@id\":\"https:\/\/biotechlerncenter.interpharma.ch\/themen\/monoklonale-antikoerper\/dokumente\/\",\"url\":\"https:\/\/biotechlerncenter.interpharma.ch\/themen\/monoklonale-antikoerper\/dokumente\/\",\"name\":\"Dokuments - biotechlerncenter\",\"isPartOf\":{\"@id\":\"https:\/\/biotechlerncenter.interpharma.ch\/#website\"},\"datePublished\":\"2026-03-13T13:13:54+00:00\",\"dateModified\":\"2026-03-13T17:41:08+00:00\",\"breadcrumb\":{\"@id\":\"https:\/\/biotechlerncenter.interpharma.ch\/themen\/monoklonale-antikoerper\/dokumente\/#breadcrumb\"},\"inLanguage\":\"fr-FR\",\"potentialAction\":[{\"@type\":\"ReadAction\",\"target\":[\"https:\/\/biotechlerncenter.interpharma.ch\/themen\/monoklonale-antikoerper\/dokumente\/\"]}]},{\"@type\":\"BreadcrumbList\",\"@id\":\"https:\/\/biotechlerncenter.interpharma.ch\/themen\/monoklonale-antikoerper\/dokumente\/#breadcrumb\",\"itemListElement\":[{\"@type\":\"ListItem\",\"position\":1,\"name\":\"Start\",\"item\":\"https:\/\/biotechlerncenter.interpharma.ch\/fr\/\"},{\"@type\":\"ListItem\",\"position\":2,\"name\":\"Sujets\",\"item\":\"https:\/\/biotechlerncenter.interpharma.ch\/fr\/sujets\/\"},{\"@type\":\"ListItem\",\"position\":3,\"name\":\"Anticorps\",\"item\":\"https:\/\/biotechlerncenter.interpharma.ch\/fr\/sujets\/anticorps\/\"},{\"@type\":\"ListItem\",\"position\":4,\"name\":\"Dokuments\"}]},{\"@type\":\"WebSite\",\"@id\":\"https:\/\/biotechlerncenter.interpharma.ch\/#website\",\"url\":\"https:\/\/biotechlerncenter.interpharma.ch\/\",\"name\":\"biotechlerncenter\",\"description\":\"\",\"potentialAction\":[{\"@type\":\"SearchAction\",\"target\":{\"@type\":\"EntryPoint\",\"urlTemplate\":\"https:\/\/biotechlerncenter.interpharma.ch\/?s={search_term_string}\"},\"query-input\":{\"@type\":\"PropertyValueSpecification\",\"valueRequired\":true,\"valueName\":\"search_term_string\"}}],\"inLanguage\":\"fr-FR\"}]}<\/script>\n<!-- \/ Yoast SEO Premium plugin. -->","yoast_head_json":{"title":"Dokuments - biotechlerncenter","robots":{"index":"index","follow":"follow","max-snippet":"max-snippet:-1","max-image-preview":"max-image-preview:large","max-video-preview":"max-video-preview:-1"},"canonical":"https:\/\/biotechlerncenter.interpharma.ch\/themen\/monoklonale-antikoerper\/dokumente\/","og_locale":"fr_FR","og_type":"article","og_title":"Dokuments","og_description":"M\u00e9decine personnalis\u00e9e Vous trouverez&nbsp;ici. plus d&rsquo;informations sur la m\u00e9decine personnalis\u00e9e. Lisez \u00e9galement \u00e0 cet \u00e9gard l&rsquo;article de la baz \u00abPersonalisierte Medizin\u00bb (M\u00e9decine personnalis\u00e9e) ainsi que l&rsquo;\u00e9tude&nbsp;MTA-Swiss:&nbsp;\u00abM\u00e9dicaments individualis\u00e9s &#8211; espoirs et mythes\u00bb. M\u00e9dicaments individualis\u00e9s &#8211; espoirs et mythes (Format PDF) Franz B. Humer: \u00ab\u00a0Biotechnologie hat mit viel Gesp\u00fcr zu tun\u00a0\u00bb (Franz B. Humer: la biotechnologie a [&hellip;]","og_url":"https:\/\/biotechlerncenter.interpharma.ch\/themen\/monoklonale-antikoerper\/dokumente\/","og_site_name":"biotechlerncenter","article_modified_time":"2026-03-13T17:41:08+00:00","twitter_card":"summary_large_image","twitter_misc":{"Dur\u00e9e de lecture estim\u00e9e":"1 minute"},"schema":{"@context":"https:\/\/schema.org","@graph":[{"@type":"WebPage","@id":"https:\/\/biotechlerncenter.interpharma.ch\/themen\/monoklonale-antikoerper\/dokumente\/","url":"https:\/\/biotechlerncenter.interpharma.ch\/themen\/monoklonale-antikoerper\/dokumente\/","name":"Dokuments - biotechlerncenter","isPartOf":{"@id":"https:\/\/biotechlerncenter.interpharma.ch\/#website"},"datePublished":"2026-03-13T13:13:54+00:00","dateModified":"2026-03-13T17:41:08+00:00","breadcrumb":{"@id":"https:\/\/biotechlerncenter.interpharma.ch\/themen\/monoklonale-antikoerper\/dokumente\/#breadcrumb"},"inLanguage":"fr-FR","potentialAction":[{"@type":"ReadAction","target":["https:\/\/biotechlerncenter.interpharma.ch\/themen\/monoklonale-antikoerper\/dokumente\/"]}]},{"@type":"BreadcrumbList","@id":"https:\/\/biotechlerncenter.interpharma.ch\/themen\/monoklonale-antikoerper\/dokumente\/#breadcrumb","itemListElement":[{"@type":"ListItem","position":1,"name":"Start","item":"https:\/\/biotechlerncenter.interpharma.ch\/fr\/"},{"@type":"ListItem","position":2,"name":"Sujets","item":"https:\/\/biotechlerncenter.interpharma.ch\/fr\/sujets\/"},{"@type":"ListItem","position":3,"name":"Anticorps","item":"https:\/\/biotechlerncenter.interpharma.ch\/fr\/sujets\/anticorps\/"},{"@type":"ListItem","position":4,"name":"Dokuments"}]},{"@type":"WebSite","@id":"https:\/\/biotechlerncenter.interpharma.ch\/#website","url":"https:\/\/biotechlerncenter.interpharma.ch\/","name":"biotechlerncenter","description":"","potentialAction":[{"@type":"SearchAction","target":{"@type":"EntryPoint","urlTemplate":"https:\/\/biotechlerncenter.interpharma.ch\/?s={search_term_string}"},"query-input":{"@type":"PropertyValueSpecification","valueRequired":true,"valueName":"search_term_string"}}],"inLanguage":"fr-FR"}]}},"_links":{"self":[{"href":"https:\/\/biotechlerncenter.interpharma.ch\/fr\/wp-json\/wp\/v2\/pages\/2854","targetHints":{"allow":["GET"]}}],"collection":[{"href":"https:\/\/biotechlerncenter.interpharma.ch\/fr\/wp-json\/wp\/v2\/pages"}],"about":[{"href":"https:\/\/biotechlerncenter.interpharma.ch\/fr\/wp-json\/wp\/v2\/types\/page"}],"author":[{"embeddable":true,"href":"https:\/\/biotechlerncenter.interpharma.ch\/fr\/wp-json\/wp\/v2\/users\/1"}],"replies":[{"embeddable":true,"href":"https:\/\/biotechlerncenter.interpharma.ch\/fr\/wp-json\/wp\/v2\/comments?post=2854"}],"version-history":[{"count":2,"href":"https:\/\/biotechlerncenter.interpharma.ch\/fr\/wp-json\/wp\/v2\/pages\/2854\/revisions"}],"predecessor-version":[{"id":3253,"href":"https:\/\/biotechlerncenter.interpharma.ch\/fr\/wp-json\/wp\/v2\/pages\/2854\/revisions\/3253"}],"up":[{"embeddable":true,"href":"https:\/\/biotechlerncenter.interpharma.ch\/fr\/wp-json\/wp\/v2\/pages\/982"}],"wp:attachment":[{"href":"https:\/\/biotechlerncenter.interpharma.ch\/fr\/wp-json\/wp\/v2\/media?parent=2854"}],"curies":[{"name":"wp","href":"https:\/\/api.w.org\/{rel}","templated":true}]}}