{"id":2850,"date":"2026-03-13T14:11:00","date_gmt":"2026-03-13T13:11:00","guid":{"rendered":"https:\/\/biotechlerncenter.iph-multisite.berta-bewegt.ch\/?page_id=2850"},"modified":"2026-03-13T18:37:14","modified_gmt":"2026-03-13T17:37:14","slug":"document-de-travail","status":"publish","type":"page","link":"https:\/\/biotechlerncenter.interpharma.ch\/fr\/sujets\/anticorps\/document-de-travail\/","title":{"rendered":"Document de travail"},"content":{"rendered":"\n<div class=\"wp-block-group has-my-grey-background-color has-background\"><div class=\"wp-block-group__inner-container is-layout-flow wp-block-group-is-layout-flow\">\n<h2 class=\"wp-block-heading\"><strong>Questions relatives \u00e0 la compr\u00e9hension du texte :<\/strong><\/h2>\n\n\n\n<ul class=\"wp-block-list\"><li>Les anticorps sont une arme tir\u00e9e de l&rsquo;arsenal que poss\u00e8de l&rsquo;organisme pour se prot\u00e9ger contre des agresseurs, tels que des bact\u00e9ries ou des virus. Essayez de trouver de quelles autres possibilit\u00e9s dispose encore notre organisme par ailleurs. (R\u00e9ponse:&nbsp;<a href=\"http:\/\/fr.wikipedia.org\/wiki\/Syst%C3%A8me_immunitaire\" target=\"_blank\" rel=\"noreferrer noopener\">Wikipedia<\/a>)&nbsp;<\/li><li>Comment fonctionnent les anticorps? (R\u00e9ponse:&nbsp;<a href=\"http:\/\/fr.wikipedia.org\/wiki\/Syst%C3%A8me_immunitaire\" target=\"_blank\" rel=\"noreferrer noopener\">Wikipedia<\/a>)&nbsp;<\/li><li>Comment produit-on des anticorps monoclonaux? (R\u00e9ponse:&nbsp;<a href=\"http:\/\/fr.wikipedia.org\/wiki\/Anticorps_monoclonaux\" target=\"_blank\" rel=\"noreferrer noopener\">Wikipedia<\/a>)<\/li><li>Pourquoi recourt-on en particulier aux anticorps pour combattre diff\u00e9rentes formes de cancer? (R\u00e9ponse: tout traitement anticanc\u00e9reux a pour objectif d&rsquo;\u00e9liminer dans la mesure du possible les cellules touch\u00e9es par le cancer, tout en suscitant cependant le moins d&rsquo;effets ind\u00e9sirables possibles. Or, les anticorps monoclonaux remplissent ces deux exigences.)<\/li><li>Quelles sont les autres m\u00e9thodes qui permettent de traiter le cancer? (R\u00e9ponse:&nbsp;<a href=\"http:\/\/fr.wikipedia.org\/wiki\/Cancer\" target=\"_blank\" rel=\"noreferrer noopener\">Wikipedia<\/a>)&nbsp;<\/li><li>Comment se forme le cancer du sein? (R\u00e9spone:&nbsp;<a href=\"http:\/\/fr.wikipedia.org\/wiki\/Cancer_du_sein\" target=\"_blank\" rel=\"noreferrer noopener\">Wikipedia<\/a>)<\/li><\/ul>\n<\/div><\/div>\n","protected":false},"excerpt":{"rendered":"<p>Questions relatives \u00e0 la compr\u00e9hension du texte : Les anticorps sont une arme tir\u00e9e de l&rsquo;arsenal que poss\u00e8de l&rsquo;organisme pour se prot\u00e9ger contre des agresseurs, tels que des bact\u00e9ries ou des virus. Essayez de trouver de quelles autres possibilit\u00e9s dispose encore notre organisme par ailleurs. (R\u00e9ponse:&nbsp;Wikipedia)&nbsp; Comment fonctionnent les anticorps? (R\u00e9ponse:&nbsp;Wikipedia)&nbsp; Comment produit-on des anticorps [&hellip;]<\/p>\n","protected":false},"author":1,"featured_media":0,"parent":982,"menu_order":5,"comment_status":"closed","ping_status":"closed","template":"page-templates\/unterthema.php","meta":{"_acf_changed":false,"inline_featured_image":false,"footnotes":""},"class_list":["post-2850","page","type-page","status-publish","hentry"],"acf":[],"yoast_head":"<!-- This site is optimized with the Yoast SEO Premium plugin v27.2 (Yoast SEO v27.2) - https:\/\/yoast.com\/product\/yoast-seo-premium-wordpress\/ -->\n<title>Document de travail - biotechlerncenter<\/title>\n<meta name=\"robots\" content=\"index, follow, max-snippet:-1, max-image-preview:large, max-video-preview:-1\" \/>\n<link rel=\"canonical\" href=\"https:\/\/biotechlerncenter.interpharma.ch\/themen\/monoklonale-antikoerper\/arbeitsblatt\/\" \/>\n<meta property=\"og:locale\" content=\"fr_FR\" \/>\n<meta property=\"og:type\" content=\"article\" \/>\n<meta property=\"og:title\" content=\"Document de travail\" \/>\n<meta property=\"og:description\" content=\"Questions relatives \u00e0 la compr\u00e9hension du texte : Les anticorps sont une arme tir\u00e9e de l&rsquo;arsenal que poss\u00e8de l&rsquo;organisme pour se prot\u00e9ger contre des agresseurs, tels que des bact\u00e9ries ou des virus. Essayez de trouver de quelles autres possibilit\u00e9s dispose encore notre organisme par ailleurs. (R\u00e9ponse:&nbsp;Wikipedia)&nbsp; Comment fonctionnent les anticorps? (R\u00e9ponse:&nbsp;Wikipedia)&nbsp; Comment produit-on des anticorps [&hellip;]\" \/>\n<meta property=\"og:url\" content=\"https:\/\/biotechlerncenter.interpharma.ch\/themen\/monoklonale-antikoerper\/arbeitsblatt\/\" \/>\n<meta property=\"og:site_name\" content=\"biotechlerncenter\" \/>\n<meta property=\"article:modified_time\" content=\"2026-03-13T17:37:14+00:00\" \/>\n<meta name=\"twitter:card\" content=\"summary_large_image\" \/>\n<meta name=\"twitter:label1\" content=\"Dur\u00e9e de lecture estim\u00e9e\" \/>\n\t<meta name=\"twitter:data1\" content=\"1 minute\" \/>\n<script type=\"application\/ld+json\" class=\"yoast-schema-graph\">{\"@context\":\"https:\/\/schema.org\",\"@graph\":[{\"@type\":\"WebPage\",\"@id\":\"https:\/\/biotechlerncenter.interpharma.ch\/themen\/monoklonale-antikoerper\/arbeitsblatt\/\",\"url\":\"https:\/\/biotechlerncenter.interpharma.ch\/themen\/monoklonale-antikoerper\/arbeitsblatt\/\",\"name\":\"Document de travail - biotechlerncenter\",\"isPartOf\":{\"@id\":\"https:\/\/biotechlerncenter.interpharma.ch\/#website\"},\"datePublished\":\"2026-03-13T13:11:00+00:00\",\"dateModified\":\"2026-03-13T17:37:14+00:00\",\"breadcrumb\":{\"@id\":\"https:\/\/biotechlerncenter.interpharma.ch\/themen\/monoklonale-antikoerper\/arbeitsblatt\/#breadcrumb\"},\"inLanguage\":\"fr-FR\",\"potentialAction\":[{\"@type\":\"ReadAction\",\"target\":[\"https:\/\/biotechlerncenter.interpharma.ch\/themen\/monoklonale-antikoerper\/arbeitsblatt\/\"]}]},{\"@type\":\"BreadcrumbList\",\"@id\":\"https:\/\/biotechlerncenter.interpharma.ch\/themen\/monoklonale-antikoerper\/arbeitsblatt\/#breadcrumb\",\"itemListElement\":[{\"@type\":\"ListItem\",\"position\":1,\"name\":\"Start\",\"item\":\"https:\/\/biotechlerncenter.interpharma.ch\/fr\/\"},{\"@type\":\"ListItem\",\"position\":2,\"name\":\"Sujets\",\"item\":\"https:\/\/biotechlerncenter.interpharma.ch\/fr\/sujets\/\"},{\"@type\":\"ListItem\",\"position\":3,\"name\":\"Anticorps\",\"item\":\"https:\/\/biotechlerncenter.interpharma.ch\/fr\/sujets\/anticorps\/\"},{\"@type\":\"ListItem\",\"position\":4,\"name\":\"Document de travail\"}]},{\"@type\":\"WebSite\",\"@id\":\"https:\/\/biotechlerncenter.interpharma.ch\/#website\",\"url\":\"https:\/\/biotechlerncenter.interpharma.ch\/\",\"name\":\"biotechlerncenter\",\"description\":\"\",\"potentialAction\":[{\"@type\":\"SearchAction\",\"target\":{\"@type\":\"EntryPoint\",\"urlTemplate\":\"https:\/\/biotechlerncenter.interpharma.ch\/?s={search_term_string}\"},\"query-input\":{\"@type\":\"PropertyValueSpecification\",\"valueRequired\":true,\"valueName\":\"search_term_string\"}}],\"inLanguage\":\"fr-FR\"}]}<\/script>\n<!-- \/ Yoast SEO Premium plugin. -->","yoast_head_json":{"title":"Document de travail - biotechlerncenter","robots":{"index":"index","follow":"follow","max-snippet":"max-snippet:-1","max-image-preview":"max-image-preview:large","max-video-preview":"max-video-preview:-1"},"canonical":"https:\/\/biotechlerncenter.interpharma.ch\/themen\/monoklonale-antikoerper\/arbeitsblatt\/","og_locale":"fr_FR","og_type":"article","og_title":"Document de travail","og_description":"Questions relatives \u00e0 la compr\u00e9hension du texte : Les anticorps sont une arme tir\u00e9e de l&rsquo;arsenal que poss\u00e8de l&rsquo;organisme pour se prot\u00e9ger contre des agresseurs, tels que des bact\u00e9ries ou des virus. Essayez de trouver de quelles autres possibilit\u00e9s dispose encore notre organisme par ailleurs. (R\u00e9ponse:&nbsp;Wikipedia)&nbsp; Comment fonctionnent les anticorps? (R\u00e9ponse:&nbsp;Wikipedia)&nbsp; Comment produit-on des anticorps [&hellip;]","og_url":"https:\/\/biotechlerncenter.interpharma.ch\/themen\/monoklonale-antikoerper\/arbeitsblatt\/","og_site_name":"biotechlerncenter","article_modified_time":"2026-03-13T17:37:14+00:00","twitter_card":"summary_large_image","twitter_misc":{"Dur\u00e9e de lecture estim\u00e9e":"1 minute"},"schema":{"@context":"https:\/\/schema.org","@graph":[{"@type":"WebPage","@id":"https:\/\/biotechlerncenter.interpharma.ch\/themen\/monoklonale-antikoerper\/arbeitsblatt\/","url":"https:\/\/biotechlerncenter.interpharma.ch\/themen\/monoklonale-antikoerper\/arbeitsblatt\/","name":"Document de travail - biotechlerncenter","isPartOf":{"@id":"https:\/\/biotechlerncenter.interpharma.ch\/#website"},"datePublished":"2026-03-13T13:11:00+00:00","dateModified":"2026-03-13T17:37:14+00:00","breadcrumb":{"@id":"https:\/\/biotechlerncenter.interpharma.ch\/themen\/monoklonale-antikoerper\/arbeitsblatt\/#breadcrumb"},"inLanguage":"fr-FR","potentialAction":[{"@type":"ReadAction","target":["https:\/\/biotechlerncenter.interpharma.ch\/themen\/monoklonale-antikoerper\/arbeitsblatt\/"]}]},{"@type":"BreadcrumbList","@id":"https:\/\/biotechlerncenter.interpharma.ch\/themen\/monoklonale-antikoerper\/arbeitsblatt\/#breadcrumb","itemListElement":[{"@type":"ListItem","position":1,"name":"Start","item":"https:\/\/biotechlerncenter.interpharma.ch\/fr\/"},{"@type":"ListItem","position":2,"name":"Sujets","item":"https:\/\/biotechlerncenter.interpharma.ch\/fr\/sujets\/"},{"@type":"ListItem","position":3,"name":"Anticorps","item":"https:\/\/biotechlerncenter.interpharma.ch\/fr\/sujets\/anticorps\/"},{"@type":"ListItem","position":4,"name":"Document de travail"}]},{"@type":"WebSite","@id":"https:\/\/biotechlerncenter.interpharma.ch\/#website","url":"https:\/\/biotechlerncenter.interpharma.ch\/","name":"biotechlerncenter","description":"","potentialAction":[{"@type":"SearchAction","target":{"@type":"EntryPoint","urlTemplate":"https:\/\/biotechlerncenter.interpharma.ch\/?s={search_term_string}"},"query-input":{"@type":"PropertyValueSpecification","valueRequired":true,"valueName":"search_term_string"}}],"inLanguage":"fr-FR"}]}},"_links":{"self":[{"href":"https:\/\/biotechlerncenter.interpharma.ch\/fr\/wp-json\/wp\/v2\/pages\/2850","targetHints":{"allow":["GET"]}}],"collection":[{"href":"https:\/\/biotechlerncenter.interpharma.ch\/fr\/wp-json\/wp\/v2\/pages"}],"about":[{"href":"https:\/\/biotechlerncenter.interpharma.ch\/fr\/wp-json\/wp\/v2\/types\/page"}],"author":[{"embeddable":true,"href":"https:\/\/biotechlerncenter.interpharma.ch\/fr\/wp-json\/wp\/v2\/users\/1"}],"replies":[{"embeddable":true,"href":"https:\/\/biotechlerncenter.interpharma.ch\/fr\/wp-json\/wp\/v2\/comments?post=2850"}],"version-history":[{"count":2,"href":"https:\/\/biotechlerncenter.interpharma.ch\/fr\/wp-json\/wp\/v2\/pages\/2850\/revisions"}],"predecessor-version":[{"id":3251,"href":"https:\/\/biotechlerncenter.interpharma.ch\/fr\/wp-json\/wp\/v2\/pages\/2850\/revisions\/3251"}],"up":[{"embeddable":true,"href":"https:\/\/biotechlerncenter.interpharma.ch\/fr\/wp-json\/wp\/v2\/pages\/982"}],"wp:attachment":[{"href":"https:\/\/biotechlerncenter.interpharma.ch\/fr\/wp-json\/wp\/v2\/media?parent=2850"}],"curies":[{"name":"wp","href":"https:\/\/api.w.org\/{rel}","templated":true}]}}