{"id":2833,"date":"2026-03-13T14:03:19","date_gmt":"2026-03-13T13:03:19","guid":{"rendered":"https:\/\/biotechlerncenter.iph-multisite.berta-bewegt.ch\/?page_id=2833"},"modified":"2026-03-13T18:30:25","modified_gmt":"2026-03-13T17:30:25","slug":"document-de-travail","status":"publish","type":"page","link":"https:\/\/biotechlerncenter.interpharma.ch\/fr\/sujets\/medicaments-anti-cancereux\/document-de-travail\/","title":{"rendered":"Document de travail"},"content":{"rendered":"\n<div class=\"wp-block-group has-my-grey-background-color has-background\"><div class=\"wp-block-group__inner-container is-layout-flow wp-block-group-is-layout-flow\">\n<h2 class=\"wp-block-heading\"><strong>Questions relatives \u00e0 la compr\u00e9hension du texte:<\/strong><\/h2>\n\n\n\n<ul class=\"wp-block-list\"><li>Combien de types de cancer diff\u00e9rents les m\u00e9decins distinguent-ils?<br>(R\u00e9ponse: on d\u00e9nombre aujourd&rsquo;hui plus de 300 types de cancer.)<\/li><li>Quelles formes de traitement ont-elles \u00e9t\u00e9 d\u00e9velopp\u00e9es avant tout dans le premier \u00e2ge d&rsquo;or de la recherche sur le cancer, au cours des ann\u00e9es 70? (R\u00e9ponse: la plupart des traitements d\u00e9velopp\u00e9s dans les ann\u00e9es 70 s&rsquo;attaquent aux cellules \u00e0 division rapide.)<\/li><li>En quoi ces traitements se diff\u00e9rencient-ils des nouveaux types de traitement? (R\u00e9ponse: dans l&rsquo;id\u00e9al, les nouveaux m\u00e9dicaments anti-canc\u00e9reux rep\u00e8rent la diff\u00e9rence entre une cellule en division et une cellule canc\u00e9reuse.)<\/li><\/ul>\n<\/div><\/div>\n\n\n\n<h2 class=\"wp-block-heading\"><strong>Groupes de travail<\/strong><\/h2>\n\n\n\n<p>Con\u00e7ois un poster r\u00e9sumant les principaux faits concernant les types de cancer suivants: cancer du sein, cancer du c\u00f4lon, cancer de la peau, cancer du poumon. Ce faisant, traite avant tout la question: que peut-on faire pour que le cancer n&rsquo;apparaisse pas? Vous trouverez des informations sur cette question aupr\u00e8s de&nbsp;<a rel=\"noreferrer noopener\" href=\"http:\/\/www.krebsliga.ch\/de\/index.cfm\" target=\"_blank\">Swisscancer<\/a>&nbsp;(pr\u00e9vention), de&nbsp;<a rel=\"noreferrer noopener\" href=\"http:\/\/www.who.int\/topics\/cancer\/fr\/index.html\" target=\"_blank\">l&rsquo;OMS<\/a>&nbsp;et de la Conf\u00e9d\u00e9ration.<\/p>\n\n\n\n<h3 class=\"wp-block-heading\">Exp\u00e9rience non-fumeur<\/h3>\n\n\n\n<p>Participation \u00e0&nbsp;<a href=\"http:\/\/www.at-schweiz.ch\/de\/startseite\/experiment-nichtrauchen.html\" target=\"_blank\" rel=\"noreferrer noopener\">l&rsquo;Exp\u00e9rience non-fumeur<\/a><\/p>\n\n\n\n<h3 class=\"wp-block-heading\">Cancer et cycle cellulaire<\/h3>\n\n\n\n<p>Quand le cancer appara\u00eet, les cellules se divisent de mani\u00e8re incontr\u00f4l\u00e9e; autrement dit, l&rsquo;organisme a perdu le contr\u00f4le du cycle cellulaire. Le&nbsp;<a href=\"http:\/\/www.nobelprize.org\/educational\/medicine\/2001\/cellcycle.html\" target=\"_blank\" rel=\"noreferrer noopener\">jeu du cycle&nbsp;<\/a><a href=\"http:\/\/www.nobelprize.org\/educational\/medicine\/2001\/cellcycle.html\" target=\"_blank\" rel=\"noreferrer noopener\">cellulaire<\/a>&nbsp;montre de mani\u00e8re ludique comment se d\u00e9roule ce cycle.<\/p>\n\n\n\n<h3 class=\"wp-block-heading\">Diagnostic\/ \u00abpuces g\u00e9n\u00e9tiques\u00bb<\/h3>\n\n\n\n<p>Fabriquer une&nbsp;<a href=\"http:\/\/learn.genetics.utah.edu\/content\/labs\/microarray\/\" target=\"_blank\" rel=\"noreferrer noopener\">puce g\u00e9n\u00e9tique sur l&rsquo;ordinateur<\/a>&nbsp;\u00e0 partir d&rsquo;un clic de souris<\/p>\n\n\n\n<p>Vous trouverez plus d&rsquo;informations sur les puces g\u00e9n\u00e9tiques aupr\u00e8s de la soci\u00e9t\u00e9&nbsp;&nbsp;<a href=\"http:\/\/www.affymetrix.com\/support\/learning\/training_tutorials\/index.affx\" target=\"_blank\" rel=\"noreferrer noopener\">Affymetrix<\/a>, l&rsquo;un des premiers fabricants mondiaux de puces g\u00e9n\u00e9tiques.<\/p>\n\n\n\n<h3 class=\"wp-block-heading\"><strong>Excursion<\/strong><\/h3>\n\n\n\n<p>Visite de&nbsp;<a href=\"http:\/\/www.isrec.ch\/\" target=\"_blank\" rel=\"noreferrer noopener\">l&rsquo;Isrec<\/a>, l&rsquo;Institut suisse de recherche exp\u00e9rimentale sur le cancer, \u00e0 Epalinges, pr\u00e8s de Lausanne.<\/p>\n","protected":false},"excerpt":{"rendered":"<p>Questions relatives \u00e0 la compr\u00e9hension du texte: Combien de types de cancer diff\u00e9rents les m\u00e9decins distinguent-ils?(R\u00e9ponse: on d\u00e9nombre aujourd&rsquo;hui plus de 300 types de cancer.) Quelles formes de traitement ont-elles \u00e9t\u00e9 d\u00e9velopp\u00e9es avant tout dans le premier \u00e2ge d&rsquo;or de la recherche sur le cancer, au cours des ann\u00e9es 70? (R\u00e9ponse: la plupart des traitements [&hellip;]<\/p>\n","protected":false},"author":1,"featured_media":0,"parent":946,"menu_order":8,"comment_status":"closed","ping_status":"closed","template":"page-templates\/unterthema.php","meta":{"_acf_changed":false,"inline_featured_image":false,"footnotes":""},"class_list":["post-2833","page","type-page","status-publish","hentry"],"acf":[],"yoast_head":"<!-- This site is optimized with the Yoast SEO Premium plugin v27.2 (Yoast SEO v27.2) - https:\/\/yoast.com\/product\/yoast-seo-premium-wordpress\/ -->\n<title>Document de travail - biotechlerncenter<\/title>\n<meta name=\"robots\" content=\"index, follow, max-snippet:-1, max-image-preview:large, max-video-preview:-1\" \/>\n<link rel=\"canonical\" href=\"https:\/\/biotechlerncenter.interpharma.ch\/themen\/krebs-neue-medikamente\/arbeitsblatt\/\" \/>\n<meta property=\"og:locale\" content=\"fr_FR\" \/>\n<meta property=\"og:type\" content=\"article\" \/>\n<meta property=\"og:title\" content=\"Document de travail\" \/>\n<meta property=\"og:description\" content=\"Questions relatives \u00e0 la compr\u00e9hension du texte: Combien de types de cancer diff\u00e9rents les m\u00e9decins distinguent-ils?(R\u00e9ponse: on d\u00e9nombre aujourd&rsquo;hui plus de 300 types de cancer.) Quelles formes de traitement ont-elles \u00e9t\u00e9 d\u00e9velopp\u00e9es avant tout dans le premier \u00e2ge d&rsquo;or de la recherche sur le cancer, au cours des ann\u00e9es 70? (R\u00e9ponse: la plupart des traitements [&hellip;]\" \/>\n<meta property=\"og:url\" content=\"https:\/\/biotechlerncenter.interpharma.ch\/themen\/krebs-neue-medikamente\/arbeitsblatt\/\" \/>\n<meta property=\"og:site_name\" content=\"biotechlerncenter\" \/>\n<meta property=\"article:modified_time\" content=\"2026-03-13T17:30:25+00:00\" \/>\n<meta name=\"twitter:card\" content=\"summary_large_image\" \/>\n<meta name=\"twitter:label1\" content=\"Dur\u00e9e de lecture estim\u00e9e\" \/>\n\t<meta name=\"twitter:data1\" content=\"2 minutes\" \/>\n<script type=\"application\/ld+json\" class=\"yoast-schema-graph\">{\"@context\":\"https:\/\/schema.org\",\"@graph\":[{\"@type\":\"WebPage\",\"@id\":\"https:\/\/biotechlerncenter.interpharma.ch\/themen\/krebs-neue-medikamente\/arbeitsblatt\/\",\"url\":\"https:\/\/biotechlerncenter.interpharma.ch\/themen\/krebs-neue-medikamente\/arbeitsblatt\/\",\"name\":\"Document de travail - biotechlerncenter\",\"isPartOf\":{\"@id\":\"https:\/\/biotechlerncenter.interpharma.ch\/#website\"},\"datePublished\":\"2026-03-13T13:03:19+00:00\",\"dateModified\":\"2026-03-13T17:30:25+00:00\",\"breadcrumb\":{\"@id\":\"https:\/\/biotechlerncenter.interpharma.ch\/themen\/krebs-neue-medikamente\/arbeitsblatt\/#breadcrumb\"},\"inLanguage\":\"fr-FR\",\"potentialAction\":[{\"@type\":\"ReadAction\",\"target\":[\"https:\/\/biotechlerncenter.interpharma.ch\/themen\/krebs-neue-medikamente\/arbeitsblatt\/\"]}]},{\"@type\":\"BreadcrumbList\",\"@id\":\"https:\/\/biotechlerncenter.interpharma.ch\/themen\/krebs-neue-medikamente\/arbeitsblatt\/#breadcrumb\",\"itemListElement\":[{\"@type\":\"ListItem\",\"position\":1,\"name\":\"Start\",\"item\":\"https:\/\/biotechlerncenter.interpharma.ch\/fr\/\"},{\"@type\":\"ListItem\",\"position\":2,\"name\":\"Sujets\",\"item\":\"https:\/\/biotechlerncenter.interpharma.ch\/fr\/sujets\/\"},{\"@type\":\"ListItem\",\"position\":3,\"name\":\"M\u00e9dicaments anti-canc\u00e9reux\",\"item\":\"https:\/\/biotechlerncenter.interpharma.ch\/fr\/sujets\/medicaments-anti-cancereux\/\"},{\"@type\":\"ListItem\",\"position\":4,\"name\":\"Document de travail\"}]},{\"@type\":\"WebSite\",\"@id\":\"https:\/\/biotechlerncenter.interpharma.ch\/#website\",\"url\":\"https:\/\/biotechlerncenter.interpharma.ch\/\",\"name\":\"biotechlerncenter\",\"description\":\"\",\"potentialAction\":[{\"@type\":\"SearchAction\",\"target\":{\"@type\":\"EntryPoint\",\"urlTemplate\":\"https:\/\/biotechlerncenter.interpharma.ch\/?s={search_term_string}\"},\"query-input\":{\"@type\":\"PropertyValueSpecification\",\"valueRequired\":true,\"valueName\":\"search_term_string\"}}],\"inLanguage\":\"fr-FR\"}]}<\/script>\n<!-- \/ Yoast SEO Premium plugin. -->","yoast_head_json":{"title":"Document de travail - biotechlerncenter","robots":{"index":"index","follow":"follow","max-snippet":"max-snippet:-1","max-image-preview":"max-image-preview:large","max-video-preview":"max-video-preview:-1"},"canonical":"https:\/\/biotechlerncenter.interpharma.ch\/themen\/krebs-neue-medikamente\/arbeitsblatt\/","og_locale":"fr_FR","og_type":"article","og_title":"Document de travail","og_description":"Questions relatives \u00e0 la compr\u00e9hension du texte: Combien de types de cancer diff\u00e9rents les m\u00e9decins distinguent-ils?(R\u00e9ponse: on d\u00e9nombre aujourd&rsquo;hui plus de 300 types de cancer.) Quelles formes de traitement ont-elles \u00e9t\u00e9 d\u00e9velopp\u00e9es avant tout dans le premier \u00e2ge d&rsquo;or de la recherche sur le cancer, au cours des ann\u00e9es 70? (R\u00e9ponse: la plupart des traitements [&hellip;]","og_url":"https:\/\/biotechlerncenter.interpharma.ch\/themen\/krebs-neue-medikamente\/arbeitsblatt\/","og_site_name":"biotechlerncenter","article_modified_time":"2026-03-13T17:30:25+00:00","twitter_card":"summary_large_image","twitter_misc":{"Dur\u00e9e de lecture estim\u00e9e":"2 minutes"},"schema":{"@context":"https:\/\/schema.org","@graph":[{"@type":"WebPage","@id":"https:\/\/biotechlerncenter.interpharma.ch\/themen\/krebs-neue-medikamente\/arbeitsblatt\/","url":"https:\/\/biotechlerncenter.interpharma.ch\/themen\/krebs-neue-medikamente\/arbeitsblatt\/","name":"Document de travail - biotechlerncenter","isPartOf":{"@id":"https:\/\/biotechlerncenter.interpharma.ch\/#website"},"datePublished":"2026-03-13T13:03:19+00:00","dateModified":"2026-03-13T17:30:25+00:00","breadcrumb":{"@id":"https:\/\/biotechlerncenter.interpharma.ch\/themen\/krebs-neue-medikamente\/arbeitsblatt\/#breadcrumb"},"inLanguage":"fr-FR","potentialAction":[{"@type":"ReadAction","target":["https:\/\/biotechlerncenter.interpharma.ch\/themen\/krebs-neue-medikamente\/arbeitsblatt\/"]}]},{"@type":"BreadcrumbList","@id":"https:\/\/biotechlerncenter.interpharma.ch\/themen\/krebs-neue-medikamente\/arbeitsblatt\/#breadcrumb","itemListElement":[{"@type":"ListItem","position":1,"name":"Start","item":"https:\/\/biotechlerncenter.interpharma.ch\/fr\/"},{"@type":"ListItem","position":2,"name":"Sujets","item":"https:\/\/biotechlerncenter.interpharma.ch\/fr\/sujets\/"},{"@type":"ListItem","position":3,"name":"M\u00e9dicaments anti-canc\u00e9reux","item":"https:\/\/biotechlerncenter.interpharma.ch\/fr\/sujets\/medicaments-anti-cancereux\/"},{"@type":"ListItem","position":4,"name":"Document de travail"}]},{"@type":"WebSite","@id":"https:\/\/biotechlerncenter.interpharma.ch\/#website","url":"https:\/\/biotechlerncenter.interpharma.ch\/","name":"biotechlerncenter","description":"","potentialAction":[{"@type":"SearchAction","target":{"@type":"EntryPoint","urlTemplate":"https:\/\/biotechlerncenter.interpharma.ch\/?s={search_term_string}"},"query-input":{"@type":"PropertyValueSpecification","valueRequired":true,"valueName":"search_term_string"}}],"inLanguage":"fr-FR"}]}},"_links":{"self":[{"href":"https:\/\/biotechlerncenter.interpharma.ch\/fr\/wp-json\/wp\/v2\/pages\/2833","targetHints":{"allow":["GET"]}}],"collection":[{"href":"https:\/\/biotechlerncenter.interpharma.ch\/fr\/wp-json\/wp\/v2\/pages"}],"about":[{"href":"https:\/\/biotechlerncenter.interpharma.ch\/fr\/wp-json\/wp\/v2\/types\/page"}],"author":[{"embeddable":true,"href":"https:\/\/biotechlerncenter.interpharma.ch\/fr\/wp-json\/wp\/v2\/users\/1"}],"replies":[{"embeddable":true,"href":"https:\/\/biotechlerncenter.interpharma.ch\/fr\/wp-json\/wp\/v2\/comments?post=2833"}],"version-history":[{"count":2,"href":"https:\/\/biotechlerncenter.interpharma.ch\/fr\/wp-json\/wp\/v2\/pages\/2833\/revisions"}],"predecessor-version":[{"id":3232,"href":"https:\/\/biotechlerncenter.interpharma.ch\/fr\/wp-json\/wp\/v2\/pages\/2833\/revisions\/3232"}],"up":[{"embeddable":true,"href":"https:\/\/biotechlerncenter.interpharma.ch\/fr\/wp-json\/wp\/v2\/pages\/946"}],"wp:attachment":[{"href":"https:\/\/biotechlerncenter.interpharma.ch\/fr\/wp-json\/wp\/v2\/media?parent=2833"}],"curies":[{"name":"wp","href":"https:\/\/api.w.org\/{rel}","templated":true}]}}