{"id":2782,"date":"2026-03-13T13:36:09","date_gmt":"2026-03-13T12:36:09","guid":{"rendered":"https:\/\/biotechlerncenter.iph-multisite.berta-bewegt.ch\/?page_id=2782"},"modified":"2026-03-13T17:54:24","modified_gmt":"2026-03-13T16:54:24","slug":"document-de-travail","status":"publish","type":"page","link":"https:\/\/biotechlerncenter.interpharma.ch\/fr\/sujets\/production-de-medicaments\/document-de-travail\/","title":{"rendered":"Document de travail"},"content":{"rendered":"\n<div class=\"wp-block-group has-my-grey-background-color has-background\"><div class=\"wp-block-group__inner-container is-layout-flow wp-block-group-is-layout-flow\">\n<h2 class=\"wp-block-heading\"><strong>Questions relatives \u00e0 la compr\u00e9hension du texte<\/strong><\/h2>\n\n\n\n<ul class=\"wp-block-list\"><li>L&rsquo;expression d&rsquo;un g\u00e8ne humain clon\u00e9 dans une cellule bact\u00e9rienne pr\u00e9sente de nombreuses difficult\u00e9s. Pourquoi?<br>(R\u00e9ponse : la cellule bact\u00e9rienne est incapable de lire et de traiter correctement les g\u00e8nes humains, car ceux-ci se composent d&rsquo;\u00abintrons\u00bb et d&rsquo;\u00abexons\u00bb, alors que l&rsquo;ADN bact\u00e9rien est lin\u00e9aire. Les introns sont des domaines &#8211; sur le filament d&rsquo;ADN &#8211; qui ne contiennent pas d&rsquo;information g\u00e9n\u00e9tique. Avant la phase de transcription, les introns sont supprim\u00e9s dans les cellules humaines, tandis que les exons sont mis bout \u00e0 bout et transcrits en une prot\u00e9ine).<\/li><li>Quelles sont les quatre \u00e9tapes par lesquelles il faut passer lors de la production d&rsquo;agents biopharmaceutiques?<br>(R\u00e9ponse: voir Graphique 3.2&nbsp;chapitre 2)<\/li><li>Quels avantages et quels inconv\u00e9nients pr\u00e9sentent les produits biopharmaceutiques?<br>(R\u00e9ponse: les produits biopharmaceutiques ont par exemple une action tr\u00e8s sp\u00e9cifique et entra\u00eenent de ce fait moins d&rsquo;effets ind\u00e9sirables. Leur emploi est s\u00fbr, mais leur production est complexe. Ils sont donc souvent chers.)<\/li><li>Quel est le principe de la cl\u00e9 et de la serrure? Donne deux exemples.<br>(R\u00e9ponse: antig\u00e8ne-anticorps, ligand-r\u00e9cepteur)<\/li><\/ul>\n<\/div><\/div>\n\n\n\n<h2 class=\"wp-block-heading\"><strong>Exercice de calcul<\/strong><\/h2>\n\n\n\n<p>Les cellules de&nbsp;<em>E.coli<\/em>&nbsp;se divisent toutes les 20 minutes. Dans des conditions id\u00e9ales, une seule et unique cellule peut donc produire 4,7 x 10<sup>21<\/sup>&nbsp;descendants en l&rsquo;espace de 24 heures. En revanche, les cellules de mammif\u00e8res ne se divisent en moyenne qu&rsquo;une fois par 24 heures. Combien de ces cellules peuvent-elles donc na\u00eetre dans des conditions id\u00e9ales en l&rsquo;espace de deux semaines?<\/p>\n\n\n\n<h2 class=\"wp-block-heading\"><strong>Invitation \u00e0 des visites guid\u00e9es<\/strong><\/h2>\n\n\n\n<p>En 2007, il est possible de participer \u00e0 B\u00e2le \u00e0 des visites guid\u00e9es de la nouvelle installation de production de l&rsquo;Avastin. L&rsquo;Avastin est un produit biopharmaceutique utilis\u00e9 dans le traitement du cancer du c\u00f4lon. Pour plus d&rsquo;informations: contacter le Service Roche des visiteurs au 061 688 11 11.<br>&nbsp;<\/p>\n","protected":false},"excerpt":{"rendered":"<p>Questions relatives \u00e0 la compr\u00e9hension du texte L&rsquo;expression d&rsquo;un g\u00e8ne humain clon\u00e9 dans une cellule bact\u00e9rienne pr\u00e9sente de nombreuses difficult\u00e9s. Pourquoi?(R\u00e9ponse : la cellule bact\u00e9rienne est incapable de lire et de traiter correctement les g\u00e8nes humains, car ceux-ci se composent d&rsquo;\u00abintrons\u00bb et d&rsquo;\u00abexons\u00bb, alors que l&rsquo;ADN bact\u00e9rien est lin\u00e9aire. Les introns sont des domaines &#8211; [&hellip;]<\/p>\n","protected":false},"author":1,"featured_media":0,"parent":850,"menu_order":4,"comment_status":"closed","ping_status":"closed","template":"page-templates\/unterthema.php","meta":{"_acf_changed":false,"inline_featured_image":false,"footnotes":""},"class_list":["post-2782","page","type-page","status-publish","hentry"],"acf":[],"yoast_head":"<!-- This site is optimized with the Yoast SEO Premium plugin v27.2 (Yoast SEO v27.2) - https:\/\/yoast.com\/product\/yoast-seo-premium-wordpress\/ -->\n<title>Document de travail - biotechlerncenter<\/title>\n<meta name=\"robots\" content=\"index, follow, max-snippet:-1, max-image-preview:large, max-video-preview:-1\" \/>\n<link rel=\"canonical\" href=\"https:\/\/biotechlerncenter.interpharma.ch\/themen\/herstellung-von-medikamenten\/arbeitsblatt\/\" \/>\n<meta property=\"og:locale\" content=\"fr_FR\" \/>\n<meta property=\"og:type\" content=\"article\" \/>\n<meta property=\"og:title\" content=\"Document de travail\" \/>\n<meta property=\"og:description\" content=\"Questions relatives \u00e0 la compr\u00e9hension du texte L&rsquo;expression d&rsquo;un g\u00e8ne humain clon\u00e9 dans une cellule bact\u00e9rienne pr\u00e9sente de nombreuses difficult\u00e9s. Pourquoi?(R\u00e9ponse : la cellule bact\u00e9rienne est incapable de lire et de traiter correctement les g\u00e8nes humains, car ceux-ci se composent d&rsquo;\u00abintrons\u00bb et d&rsquo;\u00abexons\u00bb, alors que l&rsquo;ADN bact\u00e9rien est lin\u00e9aire. Les introns sont des domaines &#8211; [&hellip;]\" \/>\n<meta property=\"og:url\" content=\"https:\/\/biotechlerncenter.interpharma.ch\/themen\/herstellung-von-medikamenten\/arbeitsblatt\/\" \/>\n<meta property=\"og:site_name\" content=\"biotechlerncenter\" \/>\n<meta property=\"article:modified_time\" content=\"2026-03-13T16:54:24+00:00\" \/>\n<meta name=\"twitter:card\" content=\"summary_large_image\" \/>\n<meta name=\"twitter:label1\" content=\"Dur\u00e9e de lecture estim\u00e9e\" \/>\n\t<meta name=\"twitter:data1\" content=\"2 minutes\" \/>\n<script type=\"application\/ld+json\" class=\"yoast-schema-graph\">{\"@context\":\"https:\/\/schema.org\",\"@graph\":[{\"@type\":\"WebPage\",\"@id\":\"https:\/\/biotechlerncenter.interpharma.ch\/themen\/herstellung-von-medikamenten\/arbeitsblatt\/\",\"url\":\"https:\/\/biotechlerncenter.interpharma.ch\/themen\/herstellung-von-medikamenten\/arbeitsblatt\/\",\"name\":\"Document de travail - biotechlerncenter\",\"isPartOf\":{\"@id\":\"https:\/\/biotechlerncenter.interpharma.ch\/#website\"},\"datePublished\":\"2026-03-13T12:36:09+00:00\",\"dateModified\":\"2026-03-13T16:54:24+00:00\",\"breadcrumb\":{\"@id\":\"https:\/\/biotechlerncenter.interpharma.ch\/themen\/herstellung-von-medikamenten\/arbeitsblatt\/#breadcrumb\"},\"inLanguage\":\"fr-FR\",\"potentialAction\":[{\"@type\":\"ReadAction\",\"target\":[\"https:\/\/biotechlerncenter.interpharma.ch\/themen\/herstellung-von-medikamenten\/arbeitsblatt\/\"]}]},{\"@type\":\"BreadcrumbList\",\"@id\":\"https:\/\/biotechlerncenter.interpharma.ch\/themen\/herstellung-von-medikamenten\/arbeitsblatt\/#breadcrumb\",\"itemListElement\":[{\"@type\":\"ListItem\",\"position\":1,\"name\":\"Start\",\"item\":\"https:\/\/biotechlerncenter.interpharma.ch\/fr\/\"},{\"@type\":\"ListItem\",\"position\":2,\"name\":\"Sujets\",\"item\":\"https:\/\/biotechlerncenter.interpharma.ch\/fr\/sujets\/\"},{\"@type\":\"ListItem\",\"position\":3,\"name\":\"Production de m\u00e9dicaments\",\"item\":\"https:\/\/biotechlerncenter.interpharma.ch\/fr\/sujets\/production-de-medicaments\/\"},{\"@type\":\"ListItem\",\"position\":4,\"name\":\"Document de travail\"}]},{\"@type\":\"WebSite\",\"@id\":\"https:\/\/biotechlerncenter.interpharma.ch\/#website\",\"url\":\"https:\/\/biotechlerncenter.interpharma.ch\/\",\"name\":\"biotechlerncenter\",\"description\":\"\",\"potentialAction\":[{\"@type\":\"SearchAction\",\"target\":{\"@type\":\"EntryPoint\",\"urlTemplate\":\"https:\/\/biotechlerncenter.interpharma.ch\/?s={search_term_string}\"},\"query-input\":{\"@type\":\"PropertyValueSpecification\",\"valueRequired\":true,\"valueName\":\"search_term_string\"}}],\"inLanguage\":\"fr-FR\"}]}<\/script>\n<!-- \/ Yoast SEO Premium plugin. -->","yoast_head_json":{"title":"Document de travail - biotechlerncenter","robots":{"index":"index","follow":"follow","max-snippet":"max-snippet:-1","max-image-preview":"max-image-preview:large","max-video-preview":"max-video-preview:-1"},"canonical":"https:\/\/biotechlerncenter.interpharma.ch\/themen\/herstellung-von-medikamenten\/arbeitsblatt\/","og_locale":"fr_FR","og_type":"article","og_title":"Document de travail","og_description":"Questions relatives \u00e0 la compr\u00e9hension du texte L&rsquo;expression d&rsquo;un g\u00e8ne humain clon\u00e9 dans une cellule bact\u00e9rienne pr\u00e9sente de nombreuses difficult\u00e9s. Pourquoi?(R\u00e9ponse : la cellule bact\u00e9rienne est incapable de lire et de traiter correctement les g\u00e8nes humains, car ceux-ci se composent d&rsquo;\u00abintrons\u00bb et d&rsquo;\u00abexons\u00bb, alors que l&rsquo;ADN bact\u00e9rien est lin\u00e9aire. Les introns sont des domaines &#8211; [&hellip;]","og_url":"https:\/\/biotechlerncenter.interpharma.ch\/themen\/herstellung-von-medikamenten\/arbeitsblatt\/","og_site_name":"biotechlerncenter","article_modified_time":"2026-03-13T16:54:24+00:00","twitter_card":"summary_large_image","twitter_misc":{"Dur\u00e9e de lecture estim\u00e9e":"2 minutes"},"schema":{"@context":"https:\/\/schema.org","@graph":[{"@type":"WebPage","@id":"https:\/\/biotechlerncenter.interpharma.ch\/themen\/herstellung-von-medikamenten\/arbeitsblatt\/","url":"https:\/\/biotechlerncenter.interpharma.ch\/themen\/herstellung-von-medikamenten\/arbeitsblatt\/","name":"Document de travail - biotechlerncenter","isPartOf":{"@id":"https:\/\/biotechlerncenter.interpharma.ch\/#website"},"datePublished":"2026-03-13T12:36:09+00:00","dateModified":"2026-03-13T16:54:24+00:00","breadcrumb":{"@id":"https:\/\/biotechlerncenter.interpharma.ch\/themen\/herstellung-von-medikamenten\/arbeitsblatt\/#breadcrumb"},"inLanguage":"fr-FR","potentialAction":[{"@type":"ReadAction","target":["https:\/\/biotechlerncenter.interpharma.ch\/themen\/herstellung-von-medikamenten\/arbeitsblatt\/"]}]},{"@type":"BreadcrumbList","@id":"https:\/\/biotechlerncenter.interpharma.ch\/themen\/herstellung-von-medikamenten\/arbeitsblatt\/#breadcrumb","itemListElement":[{"@type":"ListItem","position":1,"name":"Start","item":"https:\/\/biotechlerncenter.interpharma.ch\/fr\/"},{"@type":"ListItem","position":2,"name":"Sujets","item":"https:\/\/biotechlerncenter.interpharma.ch\/fr\/sujets\/"},{"@type":"ListItem","position":3,"name":"Production de m\u00e9dicaments","item":"https:\/\/biotechlerncenter.interpharma.ch\/fr\/sujets\/production-de-medicaments\/"},{"@type":"ListItem","position":4,"name":"Document de travail"}]},{"@type":"WebSite","@id":"https:\/\/biotechlerncenter.interpharma.ch\/#website","url":"https:\/\/biotechlerncenter.interpharma.ch\/","name":"biotechlerncenter","description":"","potentialAction":[{"@type":"SearchAction","target":{"@type":"EntryPoint","urlTemplate":"https:\/\/biotechlerncenter.interpharma.ch\/?s={search_term_string}"},"query-input":{"@type":"PropertyValueSpecification","valueRequired":true,"valueName":"search_term_string"}}],"inLanguage":"fr-FR"}]}},"_links":{"self":[{"href":"https:\/\/biotechlerncenter.interpharma.ch\/fr\/wp-json\/wp\/v2\/pages\/2782","targetHints":{"allow":["GET"]}}],"collection":[{"href":"https:\/\/biotechlerncenter.interpharma.ch\/fr\/wp-json\/wp\/v2\/pages"}],"about":[{"href":"https:\/\/biotechlerncenter.interpharma.ch\/fr\/wp-json\/wp\/v2\/types\/page"}],"author":[{"embeddable":true,"href":"https:\/\/biotechlerncenter.interpharma.ch\/fr\/wp-json\/wp\/v2\/users\/1"}],"replies":[{"embeddable":true,"href":"https:\/\/biotechlerncenter.interpharma.ch\/fr\/wp-json\/wp\/v2\/comments?post=2782"}],"version-history":[{"count":2,"href":"https:\/\/biotechlerncenter.interpharma.ch\/fr\/wp-json\/wp\/v2\/pages\/2782\/revisions"}],"predecessor-version":[{"id":3196,"href":"https:\/\/biotechlerncenter.interpharma.ch\/fr\/wp-json\/wp\/v2\/pages\/2782\/revisions\/3196"}],"up":[{"embeddable":true,"href":"https:\/\/biotechlerncenter.interpharma.ch\/fr\/wp-json\/wp\/v2\/pages\/850"}],"wp:attachment":[{"href":"https:\/\/biotechlerncenter.interpharma.ch\/fr\/wp-json\/wp\/v2\/media?parent=2782"}],"curies":[{"name":"wp","href":"https:\/\/api.w.org\/{rel}","templated":true}]}}