{"id":2764,"date":"2026-03-13T13:23:45","date_gmt":"2026-03-13T12:23:45","guid":{"rendered":"https:\/\/biotechlerncenter.iph-multisite.berta-bewegt.ch\/?page_id=2764"},"modified":"2026-03-13T17:42:15","modified_gmt":"2026-03-13T16:42:15","slug":"documents","status":"publish","type":"page","link":"https:\/\/biotechlerncenter.interpharma.ch\/fr\/sujets\/nanomedecine\/documents\/","title":{"rendered":"Documents"},"content":{"rendered":"\n<h2 class=\"wp-block-heading\"><strong>Un regard dans le monde du nanom\u00e8tre: <\/strong><\/h2>\n\n\n\n<p><strong>visite guid\u00e9e dans le Swiss Nanoscience Institute ou&nbsp; atelier \u00e0 l&rsquo;\u00e9cole<\/strong><\/p>\n\n\n\n<p>Sur quels projets \u00ab\u00a0nano\u00a0\u00bb travaillent les m\u00e9decins et comment devient-on nano-physicien? Les experts du Swiss Nanoscience Institute \u00e0 B\u00e2le proposent une visite guid\u00e9e de l&rsquo;institut, une conf\u00e9rence d&rsquo;introduction ainsi qu&rsquo;une visite. Un atelier organis\u00e9 dans vos salles de classe est \u00e9galement envisageable:<\/p>\n\n\n\n<p><a href=\"http:\/\/www.nanoscience.ch\/\" target=\"_blank\" rel=\"noreferrer noopener\" aria-label=\" (\u00f6ffnet in neuem Tab)\">Swiss Nanoscience Institute<\/a><\/p>\n\n\n\n<p>Le Swiss Nanoscience Institute a en outre publi\u00e9 une brochure au titre suivant: \u00a0\u00bb Les nanotechnologies &#8211; en quoi me concernent-elles? Recherches au Swiss Nanoscience Institut\u00a0\u00bb (f\u00e9vrier 2011). La brochure explique en 64 pages et de fa\u00e7on abordable les diff\u00e9rents domaines de recherche (des informations concernent \u00e9galement la nanom\u00e9decine). Brochure en allemand. A commander \u00e0: Swiss Nanoscience Institute, Klingelbergstrasse 82, 4056 B\u00e2le, T\u00e9l. 061 267 12 38.<\/p>\n\n\n\n<h2 class=\"wp-block-heading\"><strong>La nanom\u00e9decine dans le cadre d&rsquo;un TecDay<\/strong><\/h2>\n\n\n\n<p>Le TecDay offre l&rsquo;opportunit\u00e9 \u00e0 une \u00e9cole de se pencher une journ\u00e9e enti\u00e8re sur les sciences naturelles et la technique. Dans le cadre de cette journ\u00e9e, il existe \u00e9galement la possibilit\u00e9 de choisir le module nanom\u00e9decine: \u00ab\u00a0La nanom\u00e9decine &#8211; diabolique ou miraculeuse?\u00a0\u00bb. Il s&rsquo;agit l\u00e0 de questions relatives \u00e0 l&rsquo;\u00e9thique en nanom\u00e9decine: jusqu&rsquo;o\u00f9 peuvent aller les m\u00e9decins pour sauver des vies? Est-ce que les co\u00fbts doivent jouer un r\u00f4le dans un traitement m\u00e9dical? Si oui, quelle importance ont-ils?&nbsp; Le module s&rsquo;adresse aux jeunes de 12 \u00e0 18 ans et dure 90 minutes environ (expos\u00e9 et discussion en petits groupes inclus).<\/p>\n\n\n\n<h2 class=\"wp-block-heading\"><strong>Brochure: \u00abLa nanotechnologie est-elle durable?\u00bb<\/strong><\/h2>\n\n\n\n<p>Une brochure de 12 pages \u00e9dit\u00e9e par les \u00ab\u00a0Acad\u00e9mies des sciences de Suisse\u00a0\u00bb au sujet de la durabilit\u00e9, des risques et des chances de la nanotechnologie (d\u00e9cembre 2010).<\/p>\n\n\n\n<p><a href=\"https:\/\/biotechlerncenter.interpharma.ch\/wp-content\/uploads\/sites\/4\/2020\/02\/nano_nachhaltigkeit.pdf\" target=\"_blank\" rel=\"noreferrer noopener\">Acad\u00e9mies des sciences de Suisse (Format PDF)<\/a><\/p>\n\n\n\n<p><\/p>\n","protected":false},"excerpt":{"rendered":"<p>Un regard dans le monde du nanom\u00e8tre: visite guid\u00e9e dans le Swiss Nanoscience Institute ou&nbsp; atelier \u00e0 l&rsquo;\u00e9cole Sur quels projets \u00ab\u00a0nano\u00a0\u00bb travaillent les m\u00e9decins et comment devient-on nano-physicien? Les experts du Swiss Nanoscience Institute \u00e0 B\u00e2le proposent une visite guid\u00e9e de l&rsquo;institut, une conf\u00e9rence d&rsquo;introduction ainsi qu&rsquo;une visite. Un atelier organis\u00e9 dans vos salles [&hellip;]<\/p>\n","protected":false},"author":1,"featured_media":0,"parent":826,"menu_order":8,"comment_status":"closed","ping_status":"closed","template":"page-templates\/unterthema.php","meta":{"_acf_changed":false,"inline_featured_image":false,"footnotes":""},"class_list":["post-2764","page","type-page","status-publish","hentry"],"acf":[],"yoast_head":"<!-- This site is optimized with the Yoast SEO Premium plugin v27.2 (Yoast SEO v27.2) - https:\/\/yoast.com\/product\/yoast-seo-premium-wordpress\/ -->\n<title>Documents - biotechlerncenter<\/title>\n<meta name=\"robots\" content=\"index, follow, max-snippet:-1, max-image-preview:large, max-video-preview:-1\" \/>\n<link rel=\"canonical\" href=\"https:\/\/biotechlerncenter.interpharma.ch\/themen\/nanomedizin\/dokumente\/\" \/>\n<meta property=\"og:locale\" content=\"fr_FR\" \/>\n<meta property=\"og:type\" content=\"article\" \/>\n<meta property=\"og:title\" content=\"Documents\" \/>\n<meta property=\"og:description\" content=\"Un regard dans le monde du nanom\u00e8tre: visite guid\u00e9e dans le Swiss Nanoscience Institute ou&nbsp; atelier \u00e0 l&rsquo;\u00e9cole Sur quels projets \u00ab\u00a0nano\u00a0\u00bb travaillent les m\u00e9decins et comment devient-on nano-physicien? Les experts du Swiss Nanoscience Institute \u00e0 B\u00e2le proposent une visite guid\u00e9e de l&rsquo;institut, une conf\u00e9rence d&rsquo;introduction ainsi qu&rsquo;une visite. Un atelier organis\u00e9 dans vos salles [&hellip;]\" \/>\n<meta property=\"og:url\" content=\"https:\/\/biotechlerncenter.interpharma.ch\/themen\/nanomedizin\/dokumente\/\" \/>\n<meta property=\"og:site_name\" content=\"biotechlerncenter\" \/>\n<meta property=\"article:modified_time\" content=\"2026-03-13T16:42:15+00:00\" \/>\n<meta name=\"twitter:card\" content=\"summary_large_image\" \/>\n<meta name=\"twitter:label1\" content=\"Dur\u00e9e de lecture estim\u00e9e\" \/>\n\t<meta name=\"twitter:data1\" content=\"2 minutes\" \/>\n<script type=\"application\/ld+json\" class=\"yoast-schema-graph\">{\"@context\":\"https:\/\/schema.org\",\"@graph\":[{\"@type\":\"WebPage\",\"@id\":\"https:\/\/biotechlerncenter.interpharma.ch\/themen\/nanomedizin\/dokumente\/\",\"url\":\"https:\/\/biotechlerncenter.interpharma.ch\/themen\/nanomedizin\/dokumente\/\",\"name\":\"Documents - biotechlerncenter\",\"isPartOf\":{\"@id\":\"https:\/\/biotechlerncenter.interpharma.ch\/#website\"},\"datePublished\":\"2026-03-13T12:23:45+00:00\",\"dateModified\":\"2026-03-13T16:42:15+00:00\",\"breadcrumb\":{\"@id\":\"https:\/\/biotechlerncenter.interpharma.ch\/themen\/nanomedizin\/dokumente\/#breadcrumb\"},\"inLanguage\":\"fr-FR\",\"potentialAction\":[{\"@type\":\"ReadAction\",\"target\":[\"https:\/\/biotechlerncenter.interpharma.ch\/themen\/nanomedizin\/dokumente\/\"]}]},{\"@type\":\"BreadcrumbList\",\"@id\":\"https:\/\/biotechlerncenter.interpharma.ch\/themen\/nanomedizin\/dokumente\/#breadcrumb\",\"itemListElement\":[{\"@type\":\"ListItem\",\"position\":1,\"name\":\"Start\",\"item\":\"https:\/\/biotechlerncenter.interpharma.ch\/fr\/\"},{\"@type\":\"ListItem\",\"position\":2,\"name\":\"Sujets\",\"item\":\"https:\/\/biotechlerncenter.interpharma.ch\/fr\/sujets\/\"},{\"@type\":\"ListItem\",\"position\":3,\"name\":\"Nanom\u00e9decine\",\"item\":\"https:\/\/biotechlerncenter.interpharma.ch\/fr\/sujets\/nanomedecine\/\"},{\"@type\":\"ListItem\",\"position\":4,\"name\":\"Documents\"}]},{\"@type\":\"WebSite\",\"@id\":\"https:\/\/biotechlerncenter.interpharma.ch\/#website\",\"url\":\"https:\/\/biotechlerncenter.interpharma.ch\/\",\"name\":\"biotechlerncenter\",\"description\":\"\",\"potentialAction\":[{\"@type\":\"SearchAction\",\"target\":{\"@type\":\"EntryPoint\",\"urlTemplate\":\"https:\/\/biotechlerncenter.interpharma.ch\/?s={search_term_string}\"},\"query-input\":{\"@type\":\"PropertyValueSpecification\",\"valueRequired\":true,\"valueName\":\"search_term_string\"}}],\"inLanguage\":\"fr-FR\"}]}<\/script>\n<!-- \/ Yoast SEO Premium plugin. -->","yoast_head_json":{"title":"Documents - biotechlerncenter","robots":{"index":"index","follow":"follow","max-snippet":"max-snippet:-1","max-image-preview":"max-image-preview:large","max-video-preview":"max-video-preview:-1"},"canonical":"https:\/\/biotechlerncenter.interpharma.ch\/themen\/nanomedizin\/dokumente\/","og_locale":"fr_FR","og_type":"article","og_title":"Documents","og_description":"Un regard dans le monde du nanom\u00e8tre: visite guid\u00e9e dans le Swiss Nanoscience Institute ou&nbsp; atelier \u00e0 l&rsquo;\u00e9cole Sur quels projets \u00ab\u00a0nano\u00a0\u00bb travaillent les m\u00e9decins et comment devient-on nano-physicien? Les experts du Swiss Nanoscience Institute \u00e0 B\u00e2le proposent une visite guid\u00e9e de l&rsquo;institut, une conf\u00e9rence d&rsquo;introduction ainsi qu&rsquo;une visite. Un atelier organis\u00e9 dans vos salles [&hellip;]","og_url":"https:\/\/biotechlerncenter.interpharma.ch\/themen\/nanomedizin\/dokumente\/","og_site_name":"biotechlerncenter","article_modified_time":"2026-03-13T16:42:15+00:00","twitter_card":"summary_large_image","twitter_misc":{"Dur\u00e9e de lecture estim\u00e9e":"2 minutes"},"schema":{"@context":"https:\/\/schema.org","@graph":[{"@type":"WebPage","@id":"https:\/\/biotechlerncenter.interpharma.ch\/themen\/nanomedizin\/dokumente\/","url":"https:\/\/biotechlerncenter.interpharma.ch\/themen\/nanomedizin\/dokumente\/","name":"Documents - biotechlerncenter","isPartOf":{"@id":"https:\/\/biotechlerncenter.interpharma.ch\/#website"},"datePublished":"2026-03-13T12:23:45+00:00","dateModified":"2026-03-13T16:42:15+00:00","breadcrumb":{"@id":"https:\/\/biotechlerncenter.interpharma.ch\/themen\/nanomedizin\/dokumente\/#breadcrumb"},"inLanguage":"fr-FR","potentialAction":[{"@type":"ReadAction","target":["https:\/\/biotechlerncenter.interpharma.ch\/themen\/nanomedizin\/dokumente\/"]}]},{"@type":"BreadcrumbList","@id":"https:\/\/biotechlerncenter.interpharma.ch\/themen\/nanomedizin\/dokumente\/#breadcrumb","itemListElement":[{"@type":"ListItem","position":1,"name":"Start","item":"https:\/\/biotechlerncenter.interpharma.ch\/fr\/"},{"@type":"ListItem","position":2,"name":"Sujets","item":"https:\/\/biotechlerncenter.interpharma.ch\/fr\/sujets\/"},{"@type":"ListItem","position":3,"name":"Nanom\u00e9decine","item":"https:\/\/biotechlerncenter.interpharma.ch\/fr\/sujets\/nanomedecine\/"},{"@type":"ListItem","position":4,"name":"Documents"}]},{"@type":"WebSite","@id":"https:\/\/biotechlerncenter.interpharma.ch\/#website","url":"https:\/\/biotechlerncenter.interpharma.ch\/","name":"biotechlerncenter","description":"","potentialAction":[{"@type":"SearchAction","target":{"@type":"EntryPoint","urlTemplate":"https:\/\/biotechlerncenter.interpharma.ch\/?s={search_term_string}"},"query-input":{"@type":"PropertyValueSpecification","valueRequired":true,"valueName":"search_term_string"}}],"inLanguage":"fr-FR"}]}},"_links":{"self":[{"href":"https:\/\/biotechlerncenter.interpharma.ch\/fr\/wp-json\/wp\/v2\/pages\/2764","targetHints":{"allow":["GET"]}}],"collection":[{"href":"https:\/\/biotechlerncenter.interpharma.ch\/fr\/wp-json\/wp\/v2\/pages"}],"about":[{"href":"https:\/\/biotechlerncenter.interpharma.ch\/fr\/wp-json\/wp\/v2\/types\/page"}],"author":[{"embeddable":true,"href":"https:\/\/biotechlerncenter.interpharma.ch\/fr\/wp-json\/wp\/v2\/users\/1"}],"replies":[{"embeddable":true,"href":"https:\/\/biotechlerncenter.interpharma.ch\/fr\/wp-json\/wp\/v2\/comments?post=2764"}],"version-history":[{"count":4,"href":"https:\/\/biotechlerncenter.interpharma.ch\/fr\/wp-json\/wp\/v2\/pages\/2764\/revisions"}],"predecessor-version":[{"id":3171,"href":"https:\/\/biotechlerncenter.interpharma.ch\/fr\/wp-json\/wp\/v2\/pages\/2764\/revisions\/3171"}],"up":[{"embeddable":true,"href":"https:\/\/biotechlerncenter.interpharma.ch\/fr\/wp-json\/wp\/v2\/pages\/826"}],"wp:attachment":[{"href":"https:\/\/biotechlerncenter.interpharma.ch\/fr\/wp-json\/wp\/v2\/media?parent=2764"}],"curies":[{"name":"wp","href":"https:\/\/api.w.org\/{rel}","templated":true}]}}