{"id":2741,"date":"2026-03-13T13:14:40","date_gmt":"2026-03-13T12:14:40","guid":{"rendered":"https:\/\/biotechlerncenter.iph-multisite.berta-bewegt.ch\/?page_id=2741"},"modified":"2026-03-13T17:35:44","modified_gmt":"2026-03-13T16:35:44","slug":"documents","status":"publish","type":"page","link":"https:\/\/biotechlerncenter.interpharma.ch\/fr\/sujets\/cloner\/documents\/","title":{"rendered":"Documents"},"content":{"rendered":"\n<h2 class=\"wp-block-heading\"><strong>Katzenjammer bei den Tier-Klonern&nbsp;<\/strong><\/h2>\n\n\n\n<p><strong>(Lamentations chez les sp\u00e9cialistes du clonage animal)<\/strong> Article de la \u00abBasler Zeitung\u00bb du 16.05.2003<\/p>\n\n\n\n<p><a href=\"https:\/\/biotechlerncenter.interpharma.ch\/wp-content\/uploads\/sites\/4\/2020\/02\/katzenjammer_baz.pdf\" target=\"_blank\" rel=\"noreferrer noopener\">Format PDF<\/a><\/p>\n\n\n\n<h3 class=\"wp-block-heading\"><strong>Die Tr\u00e4ume der Kloner haben sich nicht realisiert&nbsp;<\/strong><\/h3>\n\n\n\n<p><strong>(Les r\u00eaves des cloneurs ne se sont pas r\u00e9alis\u00e9s)<\/strong> Article de la \u00abBasler Zeitung\u00bb du 05.07.2006<\/p>\n\n\n\n<p><a href=\"https:\/\/biotechlerncenter.interpharma.ch\/wp-content\/uploads\/sites\/4\/2020\/02\/klontraeume_baz.pdf\" target=\"_blank\" rel=\"noreferrer noopener\">Format PDF<\/a><\/p>\n\n\n\n<p>Apr\u00e8s lecture des deux articles de la \u00abbaz\u00bb- \u00abKatzenjammer\u00bb et \u00abKlontr\u00e4ume\u00bb -, les questions suivantes peuvent par exemple \u00eatre discut\u00e9es:<\/p>\n\n\n\n<ul class=\"wp-block-list\">\n<li>Quels sont les risques du clonage?<\/li>\n\n\n\n<li>Est-il judicieux de sauver par le clonage des animaux menac\u00e9s de disparition?<\/li>\n\n\n\n<li>Les chats clon\u00e9s n&rsquo;ont g\u00e9n\u00e9ralement pas le m\u00eame pelage que l&rsquo;animal d&rsquo;origine? Pour quelle raison?<\/li>\n<\/ul>\n","protected":false},"excerpt":{"rendered":"<p>Katzenjammer bei den Tier-Klonern&nbsp; (Lamentations chez les sp\u00e9cialistes du clonage animal) Article de la \u00abBasler Zeitung\u00bb du 16.05.2003 Format PDF Die Tr\u00e4ume der Kloner haben sich nicht realisiert&nbsp; (Les r\u00eaves des cloneurs ne se sont pas r\u00e9alis\u00e9s) Article de la \u00abBasler Zeitung\u00bb du 05.07.2006 Format PDF Apr\u00e8s lecture des deux articles de la \u00abbaz\u00bb- \u00abKatzenjammer\u00bb [&hellip;]<\/p>\n","protected":false},"author":1,"featured_media":0,"parent":782,"menu_order":8,"comment_status":"closed","ping_status":"closed","template":"page-templates\/unterthema.php","meta":{"_acf_changed":false,"inline_featured_image":false,"footnotes":""},"class_list":["post-2741","page","type-page","status-publish","hentry"],"acf":[],"yoast_head":"<!-- This site is optimized with the Yoast SEO Premium plugin v27.2 (Yoast SEO v27.2) - https:\/\/yoast.com\/product\/yoast-seo-premium-wordpress\/ -->\n<title>Documents - biotechlerncenter<\/title>\n<meta name=\"robots\" content=\"index, follow, max-snippet:-1, max-image-preview:large, max-video-preview:-1\" \/>\n<link rel=\"canonical\" href=\"https:\/\/biotechlerncenter.interpharma.ch\/themen\/klonieren\/dokumente\/\" \/>\n<meta property=\"og:locale\" content=\"fr_FR\" \/>\n<meta property=\"og:type\" content=\"article\" \/>\n<meta property=\"og:title\" content=\"Documents\" \/>\n<meta property=\"og:description\" content=\"Katzenjammer bei den Tier-Klonern&nbsp; (Lamentations chez les sp\u00e9cialistes du clonage animal) Article de la \u00abBasler Zeitung\u00bb du 16.05.2003 Format PDF Die Tr\u00e4ume der Kloner haben sich nicht realisiert&nbsp; (Les r\u00eaves des cloneurs ne se sont pas r\u00e9alis\u00e9s) Article de la \u00abBasler Zeitung\u00bb du 05.07.2006 Format PDF Apr\u00e8s lecture des deux articles de la \u00abbaz\u00bb- \u00abKatzenjammer\u00bb [&hellip;]\" \/>\n<meta property=\"og:url\" content=\"https:\/\/biotechlerncenter.interpharma.ch\/themen\/klonieren\/dokumente\/\" \/>\n<meta property=\"og:site_name\" content=\"biotechlerncenter\" \/>\n<meta property=\"article:modified_time\" content=\"2026-03-13T16:35:44+00:00\" \/>\n<meta name=\"twitter:card\" content=\"summary_large_image\" \/>\n<meta name=\"twitter:label1\" content=\"Dur\u00e9e de lecture estim\u00e9e\" \/>\n\t<meta name=\"twitter:data1\" content=\"1 minute\" \/>\n<script type=\"application\/ld+json\" class=\"yoast-schema-graph\">{\"@context\":\"https:\/\/schema.org\",\"@graph\":[{\"@type\":\"WebPage\",\"@id\":\"https:\/\/biotechlerncenter.interpharma.ch\/themen\/klonieren\/dokumente\/\",\"url\":\"https:\/\/biotechlerncenter.interpharma.ch\/themen\/klonieren\/dokumente\/\",\"name\":\"Documents - biotechlerncenter\",\"isPartOf\":{\"@id\":\"https:\/\/biotechlerncenter.interpharma.ch\/#website\"},\"datePublished\":\"2026-03-13T12:14:40+00:00\",\"dateModified\":\"2026-03-13T16:35:44+00:00\",\"breadcrumb\":{\"@id\":\"https:\/\/biotechlerncenter.interpharma.ch\/themen\/klonieren\/dokumente\/#breadcrumb\"},\"inLanguage\":\"fr-FR\",\"potentialAction\":[{\"@type\":\"ReadAction\",\"target\":[\"https:\/\/biotechlerncenter.interpharma.ch\/themen\/klonieren\/dokumente\/\"]}]},{\"@type\":\"BreadcrumbList\",\"@id\":\"https:\/\/biotechlerncenter.interpharma.ch\/themen\/klonieren\/dokumente\/#breadcrumb\",\"itemListElement\":[{\"@type\":\"ListItem\",\"position\":1,\"name\":\"Start\",\"item\":\"https:\/\/biotechlerncenter.interpharma.ch\/fr\/\"},{\"@type\":\"ListItem\",\"position\":2,\"name\":\"Sujets\",\"item\":\"https:\/\/biotechlerncenter.interpharma.ch\/fr\/sujets\/\"},{\"@type\":\"ListItem\",\"position\":3,\"name\":\"Cloner\",\"item\":\"https:\/\/biotechlerncenter.interpharma.ch\/fr\/sujets\/cloner\/\"},{\"@type\":\"ListItem\",\"position\":4,\"name\":\"Documents\"}]},{\"@type\":\"WebSite\",\"@id\":\"https:\/\/biotechlerncenter.interpharma.ch\/#website\",\"url\":\"https:\/\/biotechlerncenter.interpharma.ch\/\",\"name\":\"biotechlerncenter\",\"description\":\"\",\"potentialAction\":[{\"@type\":\"SearchAction\",\"target\":{\"@type\":\"EntryPoint\",\"urlTemplate\":\"https:\/\/biotechlerncenter.interpharma.ch\/?s={search_term_string}\"},\"query-input\":{\"@type\":\"PropertyValueSpecification\",\"valueRequired\":true,\"valueName\":\"search_term_string\"}}],\"inLanguage\":\"fr-FR\"}]}<\/script>\n<!-- \/ Yoast SEO Premium plugin. -->","yoast_head_json":{"title":"Documents - biotechlerncenter","robots":{"index":"index","follow":"follow","max-snippet":"max-snippet:-1","max-image-preview":"max-image-preview:large","max-video-preview":"max-video-preview:-1"},"canonical":"https:\/\/biotechlerncenter.interpharma.ch\/themen\/klonieren\/dokumente\/","og_locale":"fr_FR","og_type":"article","og_title":"Documents","og_description":"Katzenjammer bei den Tier-Klonern&nbsp; (Lamentations chez les sp\u00e9cialistes du clonage animal) Article de la \u00abBasler Zeitung\u00bb du 16.05.2003 Format PDF Die Tr\u00e4ume der Kloner haben sich nicht realisiert&nbsp; (Les r\u00eaves des cloneurs ne se sont pas r\u00e9alis\u00e9s) Article de la \u00abBasler Zeitung\u00bb du 05.07.2006 Format PDF Apr\u00e8s lecture des deux articles de la \u00abbaz\u00bb- \u00abKatzenjammer\u00bb [&hellip;]","og_url":"https:\/\/biotechlerncenter.interpharma.ch\/themen\/klonieren\/dokumente\/","og_site_name":"biotechlerncenter","article_modified_time":"2026-03-13T16:35:44+00:00","twitter_card":"summary_large_image","twitter_misc":{"Dur\u00e9e de lecture estim\u00e9e":"1 minute"},"schema":{"@context":"https:\/\/schema.org","@graph":[{"@type":"WebPage","@id":"https:\/\/biotechlerncenter.interpharma.ch\/themen\/klonieren\/dokumente\/","url":"https:\/\/biotechlerncenter.interpharma.ch\/themen\/klonieren\/dokumente\/","name":"Documents - biotechlerncenter","isPartOf":{"@id":"https:\/\/biotechlerncenter.interpharma.ch\/#website"},"datePublished":"2026-03-13T12:14:40+00:00","dateModified":"2026-03-13T16:35:44+00:00","breadcrumb":{"@id":"https:\/\/biotechlerncenter.interpharma.ch\/themen\/klonieren\/dokumente\/#breadcrumb"},"inLanguage":"fr-FR","potentialAction":[{"@type":"ReadAction","target":["https:\/\/biotechlerncenter.interpharma.ch\/themen\/klonieren\/dokumente\/"]}]},{"@type":"BreadcrumbList","@id":"https:\/\/biotechlerncenter.interpharma.ch\/themen\/klonieren\/dokumente\/#breadcrumb","itemListElement":[{"@type":"ListItem","position":1,"name":"Start","item":"https:\/\/biotechlerncenter.interpharma.ch\/fr\/"},{"@type":"ListItem","position":2,"name":"Sujets","item":"https:\/\/biotechlerncenter.interpharma.ch\/fr\/sujets\/"},{"@type":"ListItem","position":3,"name":"Cloner","item":"https:\/\/biotechlerncenter.interpharma.ch\/fr\/sujets\/cloner\/"},{"@type":"ListItem","position":4,"name":"Documents"}]},{"@type":"WebSite","@id":"https:\/\/biotechlerncenter.interpharma.ch\/#website","url":"https:\/\/biotechlerncenter.interpharma.ch\/","name":"biotechlerncenter","description":"","potentialAction":[{"@type":"SearchAction","target":{"@type":"EntryPoint","urlTemplate":"https:\/\/biotechlerncenter.interpharma.ch\/?s={search_term_string}"},"query-input":{"@type":"PropertyValueSpecification","valueRequired":true,"valueName":"search_term_string"}}],"inLanguage":"fr-FR"}]}},"_links":{"self":[{"href":"https:\/\/biotechlerncenter.interpharma.ch\/fr\/wp-json\/wp\/v2\/pages\/2741","targetHints":{"allow":["GET"]}}],"collection":[{"href":"https:\/\/biotechlerncenter.interpharma.ch\/fr\/wp-json\/wp\/v2\/pages"}],"about":[{"href":"https:\/\/biotechlerncenter.interpharma.ch\/fr\/wp-json\/wp\/v2\/types\/page"}],"author":[{"embeddable":true,"href":"https:\/\/biotechlerncenter.interpharma.ch\/fr\/wp-json\/wp\/v2\/users\/1"}],"replies":[{"embeddable":true,"href":"https:\/\/biotechlerncenter.interpharma.ch\/fr\/wp-json\/wp\/v2\/comments?post=2741"}],"version-history":[{"count":3,"href":"https:\/\/biotechlerncenter.interpharma.ch\/fr\/wp-json\/wp\/v2\/pages\/2741\/revisions"}],"predecessor-version":[{"id":3154,"href":"https:\/\/biotechlerncenter.interpharma.ch\/fr\/wp-json\/wp\/v2\/pages\/2741\/revisions\/3154"}],"up":[{"embeddable":true,"href":"https:\/\/biotechlerncenter.interpharma.ch\/fr\/wp-json\/wp\/v2\/pages\/782"}],"wp:attachment":[{"href":"https:\/\/biotechlerncenter.interpharma.ch\/fr\/wp-json\/wp\/v2\/media?parent=2741"}],"curies":[{"name":"wp","href":"https:\/\/api.w.org\/{rel}","templated":true}]}}