{"id":2736,"date":"2026-03-13T13:11:37","date_gmt":"2026-03-13T12:11:37","guid":{"rendered":"https:\/\/biotechlerncenter.iph-multisite.berta-bewegt.ch\/?page_id=2736"},"modified":"2026-03-13T17:30:08","modified_gmt":"2026-03-13T16:30:08","slug":"document-de-travail","status":"publish","type":"page","link":"https:\/\/biotechlerncenter.interpharma.ch\/fr\/sujets\/cloner\/document-de-travail\/","title":{"rendered":"Document de travail"},"content":{"rendered":"\n<div class=\"wp-block-group has-my-grey-background-color has-background\"><div class=\"wp-block-group__inner-container is-layout-flow wp-block-group-is-layout-flow\">\n<h2 class=\"wp-block-heading\"><strong>Questions relatives \u00e0 la compr\u00e9hension du texte:<\/strong><\/h2>\n\n\n\n<p>Comment fonctionnent les enzymes de restriction? (R\u00e9ponse: voir&nbsp;Illustration 2.1)<br>Pourquoi constituent-elles des instruments si importants de la biologie mol\u00e9culaire ? (R\u00e9ponse: c&rsquo;est seulement la d\u00e9couverte des enzymes de restriction qui a permis la naissance du g\u00e9nie g\u00e9n\u00e9tique. Elles permettent en effet de recombiner entre eux des fragments de g\u00e8nes.)<br>Qui les a d\u00e9couvertes? (R\u00e9ponse: Werner Arber)<\/p>\n\n\n\n<p><a href=\"http:\/\/www.fhcrc.org\/en\/education-training.html\" target=\"_blank\" rel=\"noreferrer noopener\">Animation sur le mode de fonctionnement de l&rsquo;enzyme de restriction EcoRV<\/a><\/p>\n\n\n\n<p>Animation sur les enzymes de restriction sous&nbsp;<a href=\"http:\/\/www.dnai.org\/\" target=\"_blank\" rel=\"noreferrer noopener\">dnainteractive<\/a>&nbsp;(sous \u00abmanipulation\u00bb, \u00abtechniques\u00bb, \u00abcutting&amp;pasting\u00bb)<\/p>\n\n\n\n<p><a href=\"http:\/\/www.sumanasinc.com\/webcontent\/animations\/content\/plasmidcloning.html\" target=\"_blank\" rel=\"noreferrer noopener\">Animation sur le clonage des g\u00e8nes<\/a><br>(Source: Lodish, et al., Molecular Cell Biology, Fifth Edition)<br><\/p>\n<\/div><\/div>\n\n\n\n<h2 class=\"wp-block-heading\">Expos\u00e9s<\/h2>\n\n\n\n<h3 class=\"wp-block-heading\">Le diab\u00e8te chez les adolescents<\/h3>\n\n\n\n<p>Le diab\u00e8te est de plus en plus r\u00e9pandu, y compris chez les adolescents. L&rsquo;une des principales causes de cette \u00e9volution r\u00e9side dans l&rsquo;ob\u00e9sit\u00e9, souvent la cons\u00e9quence d&rsquo;une mauvaise alimentation, trop peu diversifi\u00e9e. C&rsquo;est pourquoi un groupe se consacre au th\u00e8me du diab\u00e8te chez les adolescents (apparition, chiffres, pr\u00e9vention). Un autre groupe se penche sur les avantages et les inconv\u00e9nients qu&rsquo;a occasionn\u00e9s aux patients la fabrication de l&rsquo;insuline par g\u00e9nie g\u00e9n\u00e9tique.<\/p>\n\n\n\n<h3 class=\"wp-block-heading\">Plus<\/h3>\n\n\n\n<p><a href=\"http:\/\/learn.genetics.utah.edu\/content\/tech\/cloning\/\" target=\"_blank\" rel=\"noreferrer noopener\">Cloner par clic de souris<\/a><\/p>\n\n\n\n<p><a href=\"http:\/\/www.dnai.org\/b\/index.html\" target=\"_blank\" rel=\"noreferrer noopener\">Module didactique interactif<\/a>&nbsp;(production) sur la fabrication de l&rsquo;insuline: Quels obstacles les chercheurs ont-ils d\u00fb surmonter pour fabriquer de l&rsquo;insuline par g\u00e9nie g\u00e9n\u00e9tique?<\/p>\n","protected":false},"excerpt":{"rendered":"<p>Questions relatives \u00e0 la compr\u00e9hension du texte: Comment fonctionnent les enzymes de restriction? (R\u00e9ponse: voir&nbsp;Illustration 2.1)Pourquoi constituent-elles des instruments si importants de la biologie mol\u00e9culaire ? (R\u00e9ponse: c&rsquo;est seulement la d\u00e9couverte des enzymes de restriction qui a permis la naissance du g\u00e9nie g\u00e9n\u00e9tique. Elles permettent en effet de recombiner entre eux des fragments de g\u00e8nes.)Qui [&hellip;]<\/p>\n","protected":false},"author":1,"featured_media":0,"parent":782,"menu_order":7,"comment_status":"closed","ping_status":"closed","template":"page-templates\/unterthema.php","meta":{"_acf_changed":false,"inline_featured_image":false,"footnotes":""},"class_list":["post-2736","page","type-page","status-publish","hentry"],"acf":[],"yoast_head":"<!-- This site is optimized with the Yoast SEO Premium plugin v27.2 (Yoast SEO v27.2) - https:\/\/yoast.com\/product\/yoast-seo-premium-wordpress\/ -->\n<title>Document de travail - biotechlerncenter<\/title>\n<meta name=\"robots\" content=\"index, follow, max-snippet:-1, max-image-preview:large, max-video-preview:-1\" \/>\n<link rel=\"canonical\" href=\"https:\/\/biotechlerncenter.interpharma.ch\/themen\/klonieren\/arbeitsblatt\/\" \/>\n<meta property=\"og:locale\" content=\"fr_FR\" \/>\n<meta property=\"og:type\" content=\"article\" \/>\n<meta property=\"og:title\" content=\"Document de travail\" \/>\n<meta property=\"og:description\" content=\"Questions relatives \u00e0 la compr\u00e9hension du texte: Comment fonctionnent les enzymes de restriction? (R\u00e9ponse: voir&nbsp;Illustration 2.1)Pourquoi constituent-elles des instruments si importants de la biologie mol\u00e9culaire ? (R\u00e9ponse: c&rsquo;est seulement la d\u00e9couverte des enzymes de restriction qui a permis la naissance du g\u00e9nie g\u00e9n\u00e9tique. Elles permettent en effet de recombiner entre eux des fragments de g\u00e8nes.)Qui [&hellip;]\" \/>\n<meta property=\"og:url\" content=\"https:\/\/biotechlerncenter.interpharma.ch\/themen\/klonieren\/arbeitsblatt\/\" \/>\n<meta property=\"og:site_name\" content=\"biotechlerncenter\" \/>\n<meta property=\"article:modified_time\" content=\"2026-03-13T16:30:08+00:00\" \/>\n<meta name=\"twitter:card\" content=\"summary_large_image\" \/>\n<meta name=\"twitter:label1\" content=\"Dur\u00e9e de lecture estim\u00e9e\" \/>\n\t<meta name=\"twitter:data1\" content=\"2 minutes\" \/>\n<script type=\"application\/ld+json\" class=\"yoast-schema-graph\">{\"@context\":\"https:\/\/schema.org\",\"@graph\":[{\"@type\":\"WebPage\",\"@id\":\"https:\/\/biotechlerncenter.interpharma.ch\/themen\/klonieren\/arbeitsblatt\/\",\"url\":\"https:\/\/biotechlerncenter.interpharma.ch\/themen\/klonieren\/arbeitsblatt\/\",\"name\":\"Document de travail - biotechlerncenter\",\"isPartOf\":{\"@id\":\"https:\/\/biotechlerncenter.interpharma.ch\/#website\"},\"datePublished\":\"2026-03-13T12:11:37+00:00\",\"dateModified\":\"2026-03-13T16:30:08+00:00\",\"breadcrumb\":{\"@id\":\"https:\/\/biotechlerncenter.interpharma.ch\/themen\/klonieren\/arbeitsblatt\/#breadcrumb\"},\"inLanguage\":\"fr-FR\",\"potentialAction\":[{\"@type\":\"ReadAction\",\"target\":[\"https:\/\/biotechlerncenter.interpharma.ch\/themen\/klonieren\/arbeitsblatt\/\"]}]},{\"@type\":\"BreadcrumbList\",\"@id\":\"https:\/\/biotechlerncenter.interpharma.ch\/themen\/klonieren\/arbeitsblatt\/#breadcrumb\",\"itemListElement\":[{\"@type\":\"ListItem\",\"position\":1,\"name\":\"Start\",\"item\":\"https:\/\/biotechlerncenter.interpharma.ch\/fr\/\"},{\"@type\":\"ListItem\",\"position\":2,\"name\":\"Sujets\",\"item\":\"https:\/\/biotechlerncenter.interpharma.ch\/fr\/sujets\/\"},{\"@type\":\"ListItem\",\"position\":3,\"name\":\"Cloner\",\"item\":\"https:\/\/biotechlerncenter.interpharma.ch\/fr\/sujets\/cloner\/\"},{\"@type\":\"ListItem\",\"position\":4,\"name\":\"Document de travail\"}]},{\"@type\":\"WebSite\",\"@id\":\"https:\/\/biotechlerncenter.interpharma.ch\/#website\",\"url\":\"https:\/\/biotechlerncenter.interpharma.ch\/\",\"name\":\"biotechlerncenter\",\"description\":\"\",\"potentialAction\":[{\"@type\":\"SearchAction\",\"target\":{\"@type\":\"EntryPoint\",\"urlTemplate\":\"https:\/\/biotechlerncenter.interpharma.ch\/?s={search_term_string}\"},\"query-input\":{\"@type\":\"PropertyValueSpecification\",\"valueRequired\":true,\"valueName\":\"search_term_string\"}}],\"inLanguage\":\"fr-FR\"}]}<\/script>\n<!-- \/ Yoast SEO Premium plugin. -->","yoast_head_json":{"title":"Document de travail - biotechlerncenter","robots":{"index":"index","follow":"follow","max-snippet":"max-snippet:-1","max-image-preview":"max-image-preview:large","max-video-preview":"max-video-preview:-1"},"canonical":"https:\/\/biotechlerncenter.interpharma.ch\/themen\/klonieren\/arbeitsblatt\/","og_locale":"fr_FR","og_type":"article","og_title":"Document de travail","og_description":"Questions relatives \u00e0 la compr\u00e9hension du texte: Comment fonctionnent les enzymes de restriction? (R\u00e9ponse: voir&nbsp;Illustration 2.1)Pourquoi constituent-elles des instruments si importants de la biologie mol\u00e9culaire ? (R\u00e9ponse: c&rsquo;est seulement la d\u00e9couverte des enzymes de restriction qui a permis la naissance du g\u00e9nie g\u00e9n\u00e9tique. Elles permettent en effet de recombiner entre eux des fragments de g\u00e8nes.)Qui [&hellip;]","og_url":"https:\/\/biotechlerncenter.interpharma.ch\/themen\/klonieren\/arbeitsblatt\/","og_site_name":"biotechlerncenter","article_modified_time":"2026-03-13T16:30:08+00:00","twitter_card":"summary_large_image","twitter_misc":{"Dur\u00e9e de lecture estim\u00e9e":"2 minutes"},"schema":{"@context":"https:\/\/schema.org","@graph":[{"@type":"WebPage","@id":"https:\/\/biotechlerncenter.interpharma.ch\/themen\/klonieren\/arbeitsblatt\/","url":"https:\/\/biotechlerncenter.interpharma.ch\/themen\/klonieren\/arbeitsblatt\/","name":"Document de travail - biotechlerncenter","isPartOf":{"@id":"https:\/\/biotechlerncenter.interpharma.ch\/#website"},"datePublished":"2026-03-13T12:11:37+00:00","dateModified":"2026-03-13T16:30:08+00:00","breadcrumb":{"@id":"https:\/\/biotechlerncenter.interpharma.ch\/themen\/klonieren\/arbeitsblatt\/#breadcrumb"},"inLanguage":"fr-FR","potentialAction":[{"@type":"ReadAction","target":["https:\/\/biotechlerncenter.interpharma.ch\/themen\/klonieren\/arbeitsblatt\/"]}]},{"@type":"BreadcrumbList","@id":"https:\/\/biotechlerncenter.interpharma.ch\/themen\/klonieren\/arbeitsblatt\/#breadcrumb","itemListElement":[{"@type":"ListItem","position":1,"name":"Start","item":"https:\/\/biotechlerncenter.interpharma.ch\/fr\/"},{"@type":"ListItem","position":2,"name":"Sujets","item":"https:\/\/biotechlerncenter.interpharma.ch\/fr\/sujets\/"},{"@type":"ListItem","position":3,"name":"Cloner","item":"https:\/\/biotechlerncenter.interpharma.ch\/fr\/sujets\/cloner\/"},{"@type":"ListItem","position":4,"name":"Document de travail"}]},{"@type":"WebSite","@id":"https:\/\/biotechlerncenter.interpharma.ch\/#website","url":"https:\/\/biotechlerncenter.interpharma.ch\/","name":"biotechlerncenter","description":"","potentialAction":[{"@type":"SearchAction","target":{"@type":"EntryPoint","urlTemplate":"https:\/\/biotechlerncenter.interpharma.ch\/?s={search_term_string}"},"query-input":{"@type":"PropertyValueSpecification","valueRequired":true,"valueName":"search_term_string"}}],"inLanguage":"fr-FR"}]}},"_links":{"self":[{"href":"https:\/\/biotechlerncenter.interpharma.ch\/fr\/wp-json\/wp\/v2\/pages\/2736","targetHints":{"allow":["GET"]}}],"collection":[{"href":"https:\/\/biotechlerncenter.interpharma.ch\/fr\/wp-json\/wp\/v2\/pages"}],"about":[{"href":"https:\/\/biotechlerncenter.interpharma.ch\/fr\/wp-json\/wp\/v2\/types\/page"}],"author":[{"embeddable":true,"href":"https:\/\/biotechlerncenter.interpharma.ch\/fr\/wp-json\/wp\/v2\/users\/1"}],"replies":[{"embeddable":true,"href":"https:\/\/biotechlerncenter.interpharma.ch\/fr\/wp-json\/wp\/v2\/comments?post=2736"}],"version-history":[{"count":2,"href":"https:\/\/biotechlerncenter.interpharma.ch\/fr\/wp-json\/wp\/v2\/pages\/2736\/revisions"}],"predecessor-version":[{"id":3151,"href":"https:\/\/biotechlerncenter.interpharma.ch\/fr\/wp-json\/wp\/v2\/pages\/2736\/revisions\/3151"}],"up":[{"embeddable":true,"href":"https:\/\/biotechlerncenter.interpharma.ch\/fr\/wp-json\/wp\/v2\/pages\/782"}],"wp:attachment":[{"href":"https:\/\/biotechlerncenter.interpharma.ch\/fr\/wp-json\/wp\/v2\/media?parent=2736"}],"curies":[{"name":"wp","href":"https:\/\/api.w.org\/{rel}","templated":true}]}}